{"id":9041,"date":"2022-02-11T13:37:40","date_gmt":"2022-02-11T18:37:40","guid":{"rendered":"https:\/\/nueva.umecit.edu.pa\/?page_id=9041"},"modified":"2023-10-10T10:53:32","modified_gmt":"2023-10-10T15:53:32","slug":"admisiones","status":"publish","type":"page","link":"https:\/\/umecit.edu.pa\/en\/admisiones\/","title":{"rendered":"Admissions"},"content":{"rendered":"<div data-elementor-type=\"wp-page\" data-elementor-id=\"9041\" class=\"elementor elementor-9041\" data-elementor-post-type=\"page\">\n\t\t\t\t\t\t<section class=\"elementor-section elementor-top-section elementor-element elementor-element-8a4d777 elementor-section-boxed elementor-section-height-default elementor-section-height-default row-top\" data-id=\"8a4d777\" data-element_type=\"section\" data-e-type=\"section\" data-settings=\"{&quot;background_background&quot;:&quot;classic&quot;}\">\n\t\t\t\t\t\t<div class=\"elementor-container elementor-column-gap-default\">\n\t\t\t\t\t<div class=\"elementor-column elementor-col-50 elementor-top-column elementor-element elementor-element-1177529 order-xxl-1 order-xl-1 order-2 column-style-top\" data-id=\"1177529\" data-element_type=\"column\" data-e-type=\"column\">\n\t\t\t<div class=\"elementor-widget-wrap elementor-element-populated\">\n\t\t\t\t\t\t<div class=\"elementor-element elementor-element-e5c5836 elementor-widget elementor-widget-heading\" data-id=\"e5c5836\" data-element_type=\"widget\" data-e-type=\"widget\" data-widget_type=\"heading.default\">\n\t\t\t\t<div class=\"elementor-widget-container\">\n\t\t\t\t\t<h2 class=\"elementor-heading-title elementor-size-default\">UMECIT Admissions<\/h2>\t\t\t\t<\/div>\n\t\t\t\t<\/div>\n\t\t\t\t<div class=\"elementor-element elementor-element-9eeda56 elementor-widget elementor-widget-heading\" data-id=\"9eeda56\" data-element_type=\"widget\" data-e-type=\"widget\" data-widget_type=\"heading.default\">\n\t\t\t\t<div class=\"elementor-widget-container\">\n\t\t\t\t\t<h1 class=\"elementor-heading-title elementor-size-default\">Find Out <\/h1>\t\t\t\t<\/div>\n\t\t\t\t<\/div>\n\t\t\t\t<div class=\"elementor-element elementor-element-4712235 elementor-widget elementor-widget-text-editor\" data-id=\"4712235\" data-element_type=\"widget\" data-e-type=\"widget\" data-widget_type=\"text-editor.default\">\n\t\t\t\t<div class=\"elementor-widget-container\">\n\t\t\t\t\t\t\t\t\tAt UMECIT we have 6 faculties with more than 100 university degrees in Panama, Colombia, Ecuador, Chile and the United States so that you can be the professional you have always wanted to be. <strong>\n<\/br>We have open enrollment with modalities:<\/strong>\t\t\t\t\t\t\t\t<\/div>\n\t\t\t\t<\/div>\n\t\t\t\t<section class=\"elementor-section elementor-inner-section elementor-element elementor-element-29667ae elementor-section-boxed elementor-section-height-default elementor-section-height-default row-top\" data-id=\"29667ae\" data-element_type=\"section\" data-e-type=\"section\">\n\t\t\t\t\t\t<div class=\"elementor-container elementor-column-gap-default\">\n\t\t\t\t\t<div class=\"elementor-column elementor-col-50 elementor-inner-column elementor-element elementor-element-92b465e column-style-top\" data-id=\"92b465e\" data-element_type=\"column\" data-e-type=\"column\">\n\t\t\t<div class=\"elementor-widget-wrap elementor-element-populated\">\n\t\t\t\t\t\t<div class=\"elementor-element elementor-element-71c8d79 elementor-position-inline-start icon-box-left elementor-view-default elementor-mobile-position-block-start elementor-widget elementor-widget-icon-box\" data-id=\"71c8d79\" data-element_type=\"widget\" data-e-type=\"widget\" data-widget_type=\"icon-box.default\">\n\t\t\t\t<div class=\"elementor-widget-container\">\n\t\t\t\t\t\t\t<div class=\"elementor-icon-box-wrapper\">\n\n\t\t\t\t\t\t<div class=\"elementor-icon-box-icon\">\n\t\t\t\t<span  class=\"elementor-icon\">\n\t\t\t\t<i aria-hidden=\"true\" class=\"flaticon-education\"><\/i>\t\t\t\t<\/span>\n\t\t\t<\/div>\n\t\t\t\n\t\t\t\t\t\t<div class=\"elementor-icon-box-content\">\n\n\t\t\t\t\t\t\t\t\t<h3 class=\"elementor-icon-box-title\">\n\t\t\t\t\t\t<span  >\n\t\t\t\t\t\t\tVirtual, semi face-to-face, and face-to-face\t\t\t\t\t\t<\/span>\n\t\t\t\t\t<\/h3>\n\t\t\t\t\n\t\t\t\t\n\t\t\t<\/div>\n\t\t\t\n\t\t<\/div>\n\t\t\t\t\t\t<\/div>\n\t\t\t\t<\/div>\n\t\t\t\t\t<\/div>\n\t\t<\/div>\n\t\t\t\t<div class=\"elementor-column elementor-col-50 elementor-inner-column elementor-element elementor-element-e1f3940 column-style-top\" data-id=\"e1f3940\" data-element_type=\"column\" data-e-type=\"column\">\n\t\t\t<div class=\"elementor-widget-wrap elementor-element-populated\">\n\t\t\t\t\t\t<div class=\"elementor-element elementor-element-d284168 elementor-position-inline-start icon-box-left elementor-view-default elementor-mobile-position-block-start elementor-widget elementor-widget-icon-box\" data-id=\"d284168\" data-element_type=\"widget\" data-e-type=\"widget\" data-widget_type=\"icon-box.default\">\n\t\t\t\t<div class=\"elementor-widget-container\">\n\t\t\t\t\t\t\t<div class=\"elementor-icon-box-wrapper\">\n\n\t\t\t\t\t\t<div class=\"elementor-icon-box-icon\">\n\t\t\t\t<span  class=\"elementor-icon\">\n\t\t\t\t<i aria-hidden=\"true\" class=\"flaticon-training\"><\/i>\t\t\t\t<\/span>\n\t\t\t<\/div>\n\t\t\t\n\t\t\t\t\t\t<div class=\"elementor-icon-box-content\">\n\n\t\t\t\t\t\t\t\t\t<h3 class=\"elementor-icon-box-title\">\n\t\t\t\t\t\t<span  >\n\t\t\t\t\t\t\tWe are leaders in Panama in virtual education.\t\t\t\t\t\t<\/span>\n\t\t\t\t\t<\/h3>\n\t\t\t\t\n\t\t\t\t\n\t\t\t<\/div>\n\t\t\t\n\t\t<\/div>\n\t\t\t\t\t\t<\/div>\n\t\t\t\t<\/div>\n\t\t\t\t\t<\/div>\n\t\t<\/div>\n\t\t\t\t\t<\/div>\n\t\t<\/section>\n\t\t\t\t<div class=\"elementor-element elementor-element-2e8af71 elementor-widget elementor-widget-text-editor\" data-id=\"2e8af71\" data-element_type=\"widget\" data-e-type=\"widget\" data-widget_type=\"text-editor.default\">\n\t\t\t\t<div class=\"elementor-widget-container\">\n\t\t\t\t\t\t\t\t\t<p>We are a University that provides training of human talent with values, business mentality and investigative spirit to the entire community, we have implemented academic programs relevant to the needs of the globalized world and the knowledge society; where the articulation of the substantive functions of teaching, research and extension are the pillars of humanistic, scientific and technological development.<\/p>\t\t\t\t\t\t\t\t<\/div>\n\t\t\t\t<\/div>\n\t\t\t\t\t<\/div>\n\t\t<\/div>\n\t\t\t\t<div class=\"elementor-column elementor-col-50 elementor-top-column elementor-element elementor-element-cf5060a order-xxl-2 order-xl-2 order-1 column-style-top\" data-id=\"cf5060a\" data-element_type=\"column\" data-e-type=\"column\">\n\t\t\t<div class=\"elementor-widget-wrap elementor-element-populated\">\n\t\t\t\t\t\t<div class=\"elementor-element elementor-element-5f06a9b elementor-widget elementor-widget-gva-image-content\" data-id=\"5f06a9b\" data-element_type=\"widget\" data-e-type=\"widget\" data-widget_type=\"gva-image-content.default\">\n\t\t\t\t<div class=\"elementor-widget-container\">\n\t\t\t\t\t<div class=\"gva-element-gva-image-content gva-element\">\t\t\r\n\t  \r\n\t \r\n\t  \r\n\r\n\t\r\n\t<div class=\"clearfix gsc-image-content skin-v4\">\r\n\t  \r\n\t  \t\t <div class=\"image\">\r\n\t\t \t<div class=\"image-inner\">\r\n\t\t\t\t\t\t  <a href=\"#\">\r\n\t\t\t <img decoding=\"async\" src=\"http:\/\/umecit.edu.pa\/wp-content\/uploads\/2022\/02\/Foto-1.jpg\" alt=\"\" \/>\t\t  <\/a>\r\n\t\t    \r\n\t\t\t<\/div>\r\n\t\t\t<div class=\"line-color\"><\/div>\r\n\t\t <\/div>\r\n\t  \r\n\t  \t\t <div class=\"image-second\">\r\n\t\t\t<div class=\"image-second-inner\">\r\n\t\t\t  \t\t  <a href=\"#\">\r\n\t\t\t <img decoding=\"async\" src=\"http:\/\/umecit.edu.pa\/wp-content\/uploads\/2022\/02\/Foto-2-2.jpg\" alt=\"\" \/>\t\t  <\/a>\r\n\t\t    \r\n\t\t\t<\/div>  \r\n\t\t <\/div>\r\n\t  \r\n\t<\/div>\r\n \r\n\r\n  \r\n\r\n \r\n\r\n <\/div>\t\t\t\t<\/div>\n\t\t\t\t<\/div>\n\t\t\t\t\t<\/div>\n\t\t<\/div>\n\t\t\t\t\t<\/div>\n\t\t<\/section>\n\t\t\t\t<section class=\"elementor-section elementor-top-section elementor-element elementor-element-015a336 elementor-section-boxed elementor-section-height-default elementor-section-height-default row-top\" data-id=\"015a336\" data-element_type=\"section\" data-e-type=\"section\" data-settings=\"{&quot;background_background&quot;:&quot;classic&quot;}\">\n\t\t\t\t\t\t<div class=\"elementor-container elementor-column-gap-default\">\n\t\t\t\t\t<div class=\"elementor-column elementor-col-100 elementor-top-column elementor-element elementor-element-95a2110 column-style-top\" data-id=\"95a2110\" data-element_type=\"column\" data-e-type=\"column\">\n\t\t\t<div class=\"elementor-widget-wrap elementor-element-populated\">\n\t\t\t\t\t\t<section class=\"elementor-section elementor-inner-section elementor-element elementor-element-9a41161 elementor-section-boxed elementor-section-height-default elementor-section-height-default row-top\" data-id=\"9a41161\" data-element_type=\"section\" data-e-type=\"section\">\n\t\t\t\t\t\t<div class=\"elementor-container elementor-column-gap-default\">\n\t\t\t\t\t<div class=\"elementor-column elementor-col-100 elementor-inner-column elementor-element elementor-element-6460f0d column-style-top\" data-id=\"6460f0d\" data-element_type=\"column\" data-e-type=\"column\">\n\t\t\t<div class=\"elementor-widget-wrap elementor-element-populated\">\n\t\t\t\t\t\t<div class=\"elementor-element elementor-element-7a55b90 elementor-widget elementor-widget-gva-heading-block\" data-id=\"7a55b90\" data-element_type=\"widget\" data-e-type=\"widget\" data-widget_type=\"gva-heading-block.default\">\n\t\t\t\t<div class=\"elementor-widget-container\">\n\t\t\t\t\t<div class=\"gva-element-gva-heading-block gva-element\">   <div class=\"align-left style-1 widget gsc-heading box-align-left auto-responsive\">\r\n      <div class=\"content-inner\">\r\n         \r\n                  \r\n                     <div class=\"sub-title\"><span>UMECIT Admissions<\/span><\/div>\r\n           \r\n         \r\n                     <h2 class=\"title\">\r\n               <span>Our Faculties<\/span>\r\n            <\/h2>\r\n                              <div class=\"title-desc\">Universities accredited by the National Council for University Evaluation and Accreditation of Panama\n<\/div>\r\n         \r\n         \r\n      <\/div>\r\n   <\/div>\r\n<\/div>\t\t\t\t<\/div>\n\t\t\t\t<\/div>\n\t\t\t\t\t<\/div>\n\t\t<\/div>\n\t\t\t\t\t<\/div>\n\t\t<\/section>\n\t\t\t\t<div class=\"elementor-element elementor-element-b97e73d elementor-widget elementor-widget-gva-course-banner-group\" data-id=\"b97e73d\" data-element_type=\"widget\" data-e-type=\"widget\" data-widget_type=\"gva-course-banner-group.default\">\n\t\t\t\t<div class=\"elementor-widget-container\">\n\t\t\t\t\t<div class=\"gva-element-gva-course-banner-group gva-element\">\r\n<div class=\"gsc-course-banner-group layout-carousel style-1\">\r\n   <div class=\"init-carousel-owl owl-carousel\" data-items=\"4\" data-items_lg=\"4\" data-items_md=\"4\" data-items_sm=\"4\" data-items_xs=\"4\" data-items_xx=\"1\" data-loop=\"1\" data-speed=\"800\" data-auto_play=\"1\" data-auto_play_speed=\"800\" data-auto_play_timeout=\"3000\" data-auto_play_hover=\"1\" data-navigation=\"1\" data-pagination=\"0\" data-mouse_drag=\"1\" data-touch_drag=\"1\" >\r\n      \r\n<div class=\"item banner-group-item\">\r\n   <div class=\"banner-item-content\">\r\n      \r\n               <div class=\"banner-image\">\r\n            <img decoding=\"async\" src=\"https:\/\/umecit.edu.pa\/wp-content\/uploads\/2022\/08\/F-Ciencias-de-la-Salud.jpg\" alt=\"Ciencias de la Salud\" \/>\r\n         <\/div>\r\n      \r\n      <div class=\"banner-content\">\r\n                  <div class=\"clearfix\"><\/div>\r\n                     <h3 class=\"title\">Health Sciences<\/h3>\r\n               <\/div>\r\n\r\n      <a class=\"link-term-overlay\" href=\"https:\/\/umecit.edu.pa\/en\/grado-licenciaturas\/facultad-de-ciencias-de-la-salud\/\"><\/a>               \r\n   <\/div>\r\n<\/div>\r\n<div class=\"item banner-group-item\">\r\n   <div class=\"banner-item-content\">\r\n      \r\n               <div class=\"banner-image\">\r\n            <img decoding=\"async\" src=\"https:\/\/umecit.edu.pa\/wp-content\/uploads\/2022\/08\/F-Ciencias-Economicas-y-Administrativas.jpg\" alt=\"Ciencias Econ\u00f3micas y Administrativas\" \/>\r\n         <\/div>\r\n      \r\n      <div class=\"banner-content\">\r\n                  <div class=\"clearfix\"><\/div>\r\n                     <h3 class=\"title\">Economic and Administrative Sciences<\/h3>\r\n               <\/div>\r\n\r\n      <a class=\"link-term-overlay\" href=\"https:\/\/umecit.edu.pa\/en\/grado-licenciaturas\/facultad-de-ciencias-economicas-y-administrativas\/\"><\/a>               \r\n   <\/div>\r\n<\/div>\r\n<div class=\"item banner-group-item\">\r\n   <div class=\"banner-item-content\">\r\n      \r\n               <div class=\"banner-image\">\r\n            <img decoding=\"async\" src=\"https:\/\/umecit.edu.pa\/wp-content\/uploads\/2022\/08\/F-Derecho-y-Ciencias-Forenses.jpg\" alt=\"Derecho y Ciencias Forenses\" \/>\r\n         <\/div>\r\n      \r\n      <div class=\"banner-content\">\r\n                  <div class=\"clearfix\"><\/div>\r\n                     <h3 class=\"title\">Law and Forensic Sciences<\/h3>\r\n               <\/div>\r\n\r\n      <a class=\"link-term-overlay\" href=\"https:\/\/umecit.edu.pa\/en\/grado-licenciaturas\/facultad-de-derecho-y-ciencias-forenses\/\"><\/a>               \r\n   <\/div>\r\n<\/div>\r\n<div class=\"item banner-group-item\">\r\n   <div class=\"banner-item-content\">\r\n      \r\n               <div class=\"banner-image\">\r\n            <img decoding=\"async\" src=\"https:\/\/umecit.edu.pa\/wp-content\/uploads\/2022\/08\/F-Humanidades-y-Ciencias-de-la-Educacion.jpg\" alt=\"Humanidades y Ciencias de la Educaci\u00f3n\" \/>\r\n         <\/div>\r\n      \r\n      <div class=\"banner-content\">\r\n                  <div class=\"clearfix\"><\/div>\r\n                     <h3 class=\"title\">Humanities and Educational Sciences<\/h3>\r\n               <\/div>\r\n\r\n      <a class=\"link-term-overlay\" href=\"https:\/\/umecit.edu.pa\/en\/grado-licenciaturas\/facultad-de-humanidades-y-ciencias-de-la-educacion\/\"><\/a>               \r\n   <\/div>\r\n<\/div>\r\n<div class=\"item banner-group-item\">\r\n   <div class=\"banner-item-content\">\r\n      \r\n               <div class=\"banner-image\">\r\n            <img decoding=\"async\" src=\"https:\/\/umecit.edu.pa\/wp-content\/uploads\/2022\/08\/F-Tecnologia-construccion-y-medioambiente.jpg\" alt=\"Tecnolog\u00eda, Construcci\u00f3n y Medio Ambiente\" \/>\r\n         <\/div>\r\n      \r\n      <div class=\"banner-content\">\r\n                  <div class=\"clearfix\"><\/div>\r\n                     <h3 class=\"title\">Technology, Construction, and Environment<\/h3>\r\n               <\/div>\r\n\r\n      <a class=\"link-term-overlay\" href=\"https:\/\/umecit.edu.pa\/en\/grado-licenciaturas\/facultad-de-tecnologia-construccion-y-medio-ambiente\/\"><\/a>               \r\n   <\/div>\r\n<\/div>\r\n<div class=\"item banner-group-item\">\r\n   <div class=\"banner-item-content\">\r\n      \r\n               <div class=\"banner-image\">\r\n            <img decoding=\"async\" src=\"https:\/\/umecit.edu.pa\/wp-content\/uploads\/2022\/08\/F-Ciencias-Nauticas.jpg\" alt=\"Ciencias N\u00e1uticas\" \/>\r\n         <\/div>\r\n      \r\n      <div class=\"banner-content\">\r\n                  <div class=\"clearfix\"><\/div>\r\n                     <h3 class=\"title\">Nautical Sciences<\/h3>\r\n               <\/div>\r\n\r\n      <a class=\"link-term-overlay\" href=\"https:\/\/umecit.edu.pa\/en\/grado-licenciaturas\/facultad-de-ciencias-nauticas\/\"><\/a>               \r\n   <\/div>\r\n<\/div>   <\/div>\r\n<\/div>\r\n<\/div>\t\t\t\t<\/div>\n\t\t\t\t<\/div>\n\t\t\t\t\t<\/div>\n\t\t<\/div>\n\t\t\t\t\t<\/div>\n\t\t<\/section>\n\t\t\t\t<\/div>","protected":false},"excerpt":{"rendered":"<p>Admisiones UMECIT Inf\u00f3rmate En UMECIT tenemos 6 facultades con m\u00e1s de 100 carreras universitarias en Panam\u00e1, Colombia, Ecuador, Chile y Estados Unidos para que puedas ser el profesional que siempre has querido ser. Tenemos Matr\u00edculas abiertas con modalidades: Virtual, semipresencial y presencial Somos l\u00edderes en Panam\u00e1 en educaci\u00f3n virtual. Somos una Universidad que brinda formaci\u00f3n [&hellip;]<\/p>\n","protected":false},"author":695,"featured_media":31582,"parent":0,"menu_order":0,"comment_status":"closed","ping_status":"closed","template":"","meta":{"footnotes":""},"class_list":["post-9041","page","type-page","status-publish","has-post-thumbnail","hentry"],"yoast_head":"<!-- This site is optimized with the Yoast SEO plugin v27.1.1 - https:\/\/yoast.com\/product\/yoast-seo-wordpress\/ -->\n<title>Admisiones UMECIT Universidad Panam\u00e1<\/title>\n<meta name=\"description\" content=\"Admisiones UMECIT, programas acad\u00e9micos pertinentes a las necesidades del mundo globalizado y la sociedad del conocimiento\" \/>\n<meta name=\"robots\" content=\"index, follow, max-snippet:-1, max-image-preview:large, max-video-preview:-1\" \/>\n<link rel=\"canonical\" href=\"https:\/\/umecit.edu.pa\/en\/admisiones\/\" \/>\n<meta property=\"og:locale\" content=\"en_US\" \/>\n<meta property=\"og:type\" content=\"article\" \/>\n<meta property=\"og:title\" content=\"Admisiones UMECIT Universidad Panam\u00e1\" \/>\n<meta property=\"og:description\" content=\"Admisiones UMECIT, programas acad\u00e9micos pertinentes a las necesidades del mundo globalizado y la sociedad del conocimiento\" \/>\n<meta property=\"og:url\" content=\"https:\/\/umecit.edu.pa\/en\/admisiones\/\" \/>\n<meta property=\"og:site_name\" content=\"Umecit - Universidad en Panam\u00e1\" \/>\n<meta property=\"article:publisher\" content=\"https:\/\/www.facebook.com\/umecitpanama\/\" \/>\n<meta property=\"article:modified_time\" content=\"2023-10-10T15:53:32+00:00\" \/>\n<meta property=\"og:image\" content=\"https:\/\/umecit.edu.pa\/wp-content\/uploads\/2022\/08\/F-Informate.jpg\" \/>\n\t<meta property=\"og:image:width\" content=\"500\" \/>\n\t<meta property=\"og:image:height\" content=\"370\" \/>\n\t<meta property=\"og:image:type\" content=\"image\/jpeg\" \/>\n<meta name=\"twitter:card\" content=\"summary_large_image\" \/>\n<meta name=\"twitter:site\" content=\"@umecitpanama\" \/>\n<meta name=\"twitter:label1\" content=\"Est. reading time\" \/>\n\t<meta name=\"twitter:data1\" content=\"5 minutes\" \/>\n<script type=\"application\/ld+json\" class=\"yoast-schema-graph\">{\"@context\":\"https:\/\/schema.org\",\"@graph\":[{\"@type\":\"WebPage\",\"@id\":\"https:\/\/umecit.edu.pa\/admisiones\/\",\"url\":\"https:\/\/umecit.edu.pa\/admisiones\/\",\"name\":\"Admisiones UMECIT Universidad Panam\u00e1\",\"isPartOf\":{\"@id\":\"https:\/\/umecit.edu.pa\/#website\"},\"primaryImageOfPage\":{\"@id\":\"https:\/\/umecit.edu.pa\/admisiones\/#primaryimage\"},\"image\":{\"@id\":\"https:\/\/umecit.edu.pa\/admisiones\/#primaryimage\"},\"thumbnailUrl\":\"https:\/\/umecit.edu.pa\/wp-content\/uploads\/2022\/08\/F-Informate.jpg\",\"datePublished\":\"2022-02-11T18:37:40+00:00\",\"dateModified\":\"2023-10-10T15:53:32+00:00\",\"description\":\"Admisiones UMECIT, programas acad\u00e9micos pertinentes a las necesidades del mundo globalizado y la sociedad del conocimiento\",\"breadcrumb\":{\"@id\":\"https:\/\/umecit.edu.pa\/admisiones\/#breadcrumb\"},\"inLanguage\":\"en-US\",\"potentialAction\":[{\"@type\":\"ReadAction\",\"target\":[\"https:\/\/umecit.edu.pa\/admisiones\/\"]}]},{\"@type\":\"ImageObject\",\"inLanguage\":\"en-US\",\"@id\":\"https:\/\/umecit.edu.pa\/admisiones\/#primaryimage\",\"url\":\"https:\/\/umecit.edu.pa\/wp-content\/uploads\/2022\/08\/F-Informate.jpg\",\"contentUrl\":\"https:\/\/umecit.edu.pa\/wp-content\/uploads\/2022\/08\/F-Informate.jpg\",\"width\":500,\"height\":370,\"caption\":\"Admisiones UMECIT Universidad Panam\u00e1\"},{\"@type\":\"BreadcrumbList\",\"@id\":\"https:\/\/umecit.edu.pa\/admisiones\/#breadcrumb\",\"itemListElement\":[{\"@type\":\"ListItem\",\"position\":1,\"name\":\"Portada\",\"item\":\"https:\/\/umecit.edu.pa\/\"},{\"@type\":\"ListItem\",\"position\":2,\"name\":\"Admisiones\"}]},{\"@type\":\"WebSite\",\"@id\":\"https:\/\/umecit.edu.pa\/#website\",\"url\":\"https:\/\/umecit.edu.pa\/\",\"name\":\"Umecit - Universidad en Panam\u00e1\",\"description\":\"Universidad Metropolitana de Educaci\u00f3n, Ciencia y Tecnolog\u00eda\",\"publisher\":{\"@id\":\"https:\/\/umecit.edu.pa\/#organization\"},\"potentialAction\":[{\"@type\":\"SearchAction\",\"target\":{\"@type\":\"EntryPoint\",\"urlTemplate\":\"https:\/\/umecit.edu.pa\/?s={search_term_string}\"},\"query-input\":{\"@type\":\"PropertyValueSpecification\",\"valueRequired\":true,\"valueName\":\"search_term_string\"}}],\"inLanguage\":\"en-US\"},{\"@type\":\"Organization\",\"@id\":\"https:\/\/umecit.edu.pa\/#organization\",\"name\":\"Umecit - Universidad en Panam\u00e1\",\"url\":\"https:\/\/umecit.edu.pa\/\",\"logo\":{\"@type\":\"ImageObject\",\"inLanguage\":\"en-US\",\"@id\":\"https:\/\/umecit.edu.pa\/#\/schema\/logo\/image\/\",\"url\":\"https:\/\/umecit.edu.pa\/wp-content\/uploads\/2022\/06\/panama-7.jpg\",\"contentUrl\":\"https:\/\/umecit.edu.pa\/wp-content\/uploads\/2022\/06\/panama-7.jpg\",\"width\":1200,\"height\":800,\"caption\":\"Umecit - Universidad en Panam\u00e1\"},\"image\":{\"@id\":\"https:\/\/umecit.edu.pa\/#\/schema\/logo\/image\/\"},\"sameAs\":[\"https:\/\/www.facebook.com\/umecitpanama\/\",\"https:\/\/x.com\/umecitpanama\",\"https:\/\/www.tiktok.com\/@umecit\",\"https:\/\/www.instagram.com\/umecit\/\",\"https:\/\/www.youtube.com\/channel\/UCP9iXFXi4p_EW_p9p6lprhg\"]}]}<\/script>\n<!-- \/ Yoast SEO plugin. -->","yoast_head_json":{"title":"UMECIT Admissions University of Panama","description":"UMECIT Admissions, academic programs relevant to the needs of the globalized world and the knowledge society","robots":{"index":"index","follow":"follow","max-snippet":"max-snippet:-1","max-image-preview":"max-image-preview:large","max-video-preview":"max-video-preview:-1"},"canonical":"https:\/\/umecit.edu.pa\/en\/admisiones\/","og_locale":"en_US","og_type":"article","og_title":"Admisiones UMECIT Universidad Panam\u00e1","og_description":"Admisiones UMECIT, programas acad\u00e9micos pertinentes a las necesidades del mundo globalizado y la sociedad del conocimiento","og_url":"https:\/\/umecit.edu.pa\/en\/admisiones\/","og_site_name":"Umecit - Universidad en Panam\u00e1","article_publisher":"https:\/\/www.facebook.com\/umecitpanama\/","article_modified_time":"2023-10-10T15:53:32+00:00","og_image":[{"width":500,"height":370,"url":"https:\/\/umecit.edu.pa\/wp-content\/uploads\/2022\/08\/F-Informate.jpg","type":"image\/jpeg"}],"twitter_card":"summary_large_image","twitter_site":"@umecitpanama","twitter_misc":{"Est. reading time":"5 minutes"},"schema":{"@context":"https:\/\/schema.org","@graph":[{"@type":"WebPage","@id":"https:\/\/umecit.edu.pa\/admisiones\/","url":"https:\/\/umecit.edu.pa\/admisiones\/","name":"UMECIT Admissions University of Panama","isPartOf":{"@id":"https:\/\/umecit.edu.pa\/#website"},"primaryImageOfPage":{"@id":"https:\/\/umecit.edu.pa\/admisiones\/#primaryimage"},"image":{"@id":"https:\/\/umecit.edu.pa\/admisiones\/#primaryimage"},"thumbnailUrl":"https:\/\/umecit.edu.pa\/wp-content\/uploads\/2022\/08\/F-Informate.jpg","datePublished":"2022-02-11T18:37:40+00:00","dateModified":"2023-10-10T15:53:32+00:00","description":"UMECIT Admissions, academic programs relevant to the needs of the globalized world and the knowledge society","breadcrumb":{"@id":"https:\/\/umecit.edu.pa\/admisiones\/#breadcrumb"},"inLanguage":"en-US","potentialAction":[{"@type":"ReadAction","target":["https:\/\/umecit.edu.pa\/admisiones\/"]}]},{"@type":"ImageObject","inLanguage":"en-US","@id":"https:\/\/umecit.edu.pa\/admisiones\/#primaryimage","url":"https:\/\/umecit.edu.pa\/wp-content\/uploads\/2022\/08\/F-Informate.jpg","contentUrl":"https:\/\/umecit.edu.pa\/wp-content\/uploads\/2022\/08\/F-Informate.jpg","width":500,"height":370,"caption":"Admisiones UMECIT Universidad Panam\u00e1"},{"@type":"BreadcrumbList","@id":"https:\/\/umecit.edu.pa\/admisiones\/#breadcrumb","itemListElement":[{"@type":"ListItem","position":1,"name":"Portada","item":"https:\/\/umecit.edu.pa\/"},{"@type":"ListItem","position":2,"name":"Admisiones"}]},{"@type":"WebSite","@id":"https:\/\/umecit.edu.pa\/#website","url":"https:\/\/umecit.edu.pa\/","name":"Umecit - University in Panama","description":"Metropolitan University of Education, Science and Technology","publisher":{"@id":"https:\/\/umecit.edu.pa\/#organization"},"potentialAction":[{"@type":"SearchAction","target":{"@type":"EntryPoint","urlTemplate":"https:\/\/umecit.edu.pa\/?s={search_term_string}"},"query-input":{"@type":"PropertyValueSpecification","valueRequired":true,"valueName":"search_term_string"}}],"inLanguage":"en-US"},{"@type":"Organization","@id":"https:\/\/umecit.edu.pa\/#organization","name":"Umecit - University in Panama","url":"https:\/\/umecit.edu.pa\/","logo":{"@type":"ImageObject","inLanguage":"en-US","@id":"https:\/\/umecit.edu.pa\/#\/schema\/logo\/image\/","url":"https:\/\/umecit.edu.pa\/wp-content\/uploads\/2022\/06\/panama-7.jpg","contentUrl":"https:\/\/umecit.edu.pa\/wp-content\/uploads\/2022\/06\/panama-7.jpg","width":1200,"height":800,"caption":"Umecit - Universidad en Panam\u00e1"},"image":{"@id":"https:\/\/umecit.edu.pa\/#\/schema\/logo\/image\/"},"sameAs":["https:\/\/www.facebook.com\/umecitpanama\/","https:\/\/x.com\/umecitpanama","https:\/\/www.tiktok.com\/@umecit","https:\/\/www.instagram.com\/umecit\/","https:\/\/www.youtube.com\/channel\/UCP9iXFXi4p_EW_p9p6lprhg"]}]}},"_links":{"self":[{"href":"https:\/\/umecit.edu.pa\/en\/wp-json\/wp\/v2\/pages\/9041","targetHints":{"allow":["GET"]}}],"collection":[{"href":"https:\/\/umecit.edu.pa\/en\/wp-json\/wp\/v2\/pages"}],"about":[{"href":"https:\/\/umecit.edu.pa\/en\/wp-json\/wp\/v2\/types\/page"}],"author":[{"embeddable":true,"href":"https:\/\/umecit.edu.pa\/en\/wp-json\/wp\/v2\/users\/695"}],"replies":[{"embeddable":true,"href":"https:\/\/umecit.edu.pa\/en\/wp-json\/wp\/v2\/comments?post=9041"}],"version-history":[{"count":0,"href":"https:\/\/umecit.edu.pa\/en\/wp-json\/wp\/v2\/pages\/9041\/revisions"}],"wp:featuredmedia":[{"embeddable":true,"href":"https:\/\/umecit.edu.pa\/en\/wp-json\/wp\/v2\/media\/31582"}],"wp:attachment":[{"href":"https:\/\/umecit.edu.pa\/en\/wp-json\/wp\/v2\/media?parent=9041"}],"curies":[{"name":"wp","href":"https:\/\/api.w.org\/{rel}","templated":true}]}}