{"id":8647,"date":"2022-02-09T18:52:38","date_gmt":"2022-02-09T23:52:38","guid":{"rendered":"https:\/\/nueva.umecit.edu.pa\/?page_id=8647"},"modified":"2024-09-12T20:16:54","modified_gmt":"2024-09-13T01:16:54","slug":"maestrias-postgrados","status":"publish","type":"page","link":"https:\/\/umecit.edu.pa\/en\/maestrias-postgrados\/","title":{"rendered":"Postgraduate"},"content":{"rendered":"<div data-elementor-type=\"wp-page\" data-elementor-id=\"8647\" class=\"elementor elementor-8647\" data-elementor-post-type=\"page\">\n\t\t\t\t\t\t<section class=\"elementor-section elementor-top-section elementor-element elementor-element-2e0181a elementor-section-boxed elementor-section-height-default elementor-section-height-default row-top\" data-id=\"2e0181a\" data-element_type=\"section\" data-e-type=\"section\">\n\t\t\t\t\t\t<div class=\"elementor-container elementor-column-gap-default\">\n\t\t\t\t\t<div class=\"elementor-column elementor-col-100 elementor-top-column elementor-element elementor-element-4406029 column-style-top\" data-id=\"4406029\" data-element_type=\"column\" data-e-type=\"column\">\n\t\t\t<div class=\"elementor-widget-wrap elementor-element-populated\">\n\t\t\t\t\t\t<div class=\"elementor-element elementor-element-7e01a15 elementor-widget elementor-widget-heading\" data-id=\"7e01a15\" data-element_type=\"widget\" data-e-type=\"widget\" data-widget_type=\"heading.default\">\n\t\t\t\t<div class=\"elementor-widget-container\">\n\t\t\t\t\t<h1 class=\"elementor-heading-title elementor-size-default\">Postgraduate Programs<\/h1>\t\t\t\t<\/div>\n\t\t\t\t<\/div>\n\t\t\t\t<div class=\"elementor-element elementor-element-a5c0255 elementor-widget elementor-widget-heading\" data-id=\"a5c0255\" data-element_type=\"widget\" data-e-type=\"widget\" data-widget_type=\"heading.default\">\n\t\t\t\t<div class=\"elementor-widget-container\">\n\t\t\t\t\t<h2 class=\"elementor-heading-title elementor-size-default\">Our Faculties<\/h2>\t\t\t\t<\/div>\n\t\t\t\t<\/div>\n\t\t\t\t<div class=\"elementor-element elementor-element-e4fdd97 elementor-widget elementor-widget-text-editor\" data-id=\"e4fdd97\" data-element_type=\"widget\" data-e-type=\"widget\" data-widget_type=\"text-editor.default\">\n\t\t\t\t<div class=\"elementor-widget-container\">\n\t\t\t\t\t\t\t\t\t<p>The Postgraduate Programs at UMECIT in Panama strengthen the knowledge and experience of professionals. We have Postgraduate and Master's Degrees of the highest labor demand. Approved nationally and regionally.<\/p>\t\t\t\t\t\t\t\t<\/div>\n\t\t\t\t<\/div>\n\t\t\t\t<div class=\"elementor-element elementor-element-4cf1161 elementor-widget elementor-widget-gva-course-banner-group\" data-id=\"4cf1161\" data-element_type=\"widget\" data-e-type=\"widget\" data-widget_type=\"gva-course-banner-group.default\">\n\t\t\t\t<div class=\"elementor-widget-container\">\n\t\t\t\t\t<div class=\"gva-element-gva-course-banner-group gva-element\">\r\n<div class=\"gsc-course-banner-group layout-grid style-1\">\r\n   <div class=\"lg-block-grid-3 md-block-grid-3 sm-block-grid-2 xs-block-grid-1 xx-block-grid-1\">\r\n      \r\n<div class=\"item banner-group-item\">\r\n   <div class=\"banner-item-content\">\r\n      \r\n               <div class=\"banner-image\">\r\n            <img decoding=\"async\" src=\"https:\/\/umecit.edu.pa\/wp-content\/uploads\/2022\/08\/F-Postgrados-facultad-ciencias-economicas-y-administrativas.jpg\" alt=\"Ciencias Econ\u00f3micas y Administrativas\" \/>\r\n         <\/div>\r\n      \r\n      <div class=\"banner-content\">\r\n                  <div class=\"clearfix\"><\/div>\r\n                     <h3 class=\"title\">Economic and Administrative Sciences<\/h3>\r\n               <\/div>\r\n\r\n      <a class=\"link-term-overlay\" href=\"https:\/\/umecit.edu.pa\/en\/maestrias-postgrados\/ciencias-economicas-y-administrativas\/\"><\/a>               \r\n   <\/div>\r\n<\/div>\r\n<div class=\"item banner-group-item\">\r\n   <div class=\"banner-item-content\">\r\n      \r\n               <div class=\"banner-image\">\r\n            <img decoding=\"async\" src=\"https:\/\/umecit.edu.pa\/wp-content\/uploads\/2022\/08\/F-Postgrados-Facultad-de-derecho-y-ciencias-forenses.jpg\" alt=\"Derecho y Ciencias Forenses\" \/>\r\n         <\/div>\r\n      \r\n      <div class=\"banner-content\">\r\n                  <div class=\"clearfix\"><\/div>\r\n                     <h3 class=\"title\">Law and Forensic Sciences<\/h3>\r\n               <\/div>\r\n\r\n      <a class=\"link-term-overlay\" href=\"https:\/\/umecit.edu.pa\/en\/maestrias-postgrados\/derecho-y-ciencias-forenses\/\"><\/a>               \r\n   <\/div>\r\n<\/div>\r\n<div class=\"item banner-group-item\">\r\n   <div class=\"banner-item-content\">\r\n      \r\n               <div class=\"banner-image\">\r\n            <img decoding=\"async\" src=\"https:\/\/umecit.edu.pa\/wp-content\/uploads\/2022\/08\/F-Postgrados-facultad-Humanidades-y-Ciencias-de-la-Educacion.jpg\" alt=\"Humanidades y Ciencias de la Educaci\u00f3n\" \/>\r\n         <\/div>\r\n      \r\n      <div class=\"banner-content\">\r\n                  <div class=\"clearfix\"><\/div>\r\n                     <h3 class=\"title\">Humanities and Educational Sciences<\/h3>\r\n               <\/div>\r\n\r\n      <a class=\"link-term-overlay\" href=\"https:\/\/umecit.edu.pa\/en\/maestrias-postgrados\/humanidades-y-ciencias-de-la-educacion\/\"><\/a>               \r\n   <\/div>\r\n<\/div>\r\n<div class=\"item banner-group-item\">\r\n   <div class=\"banner-item-content\">\r\n      \r\n               <div class=\"banner-image\">\r\n            <img decoding=\"async\" src=\"https:\/\/umecit.edu.pa\/wp-content\/uploads\/2022\/08\/F-Postgrados-Facultad-ciencias-nauticas.jpg\" alt=\"Ciencias N\u00e1uticas\" \/>\r\n         <\/div>\r\n      \r\n      <div class=\"banner-content\">\r\n                  <div class=\"clearfix\"><\/div>\r\n                     <h3 class=\"title\">Nautical Sciences<\/h3>\r\n               <\/div>\r\n\r\n      <a class=\"link-term-overlay\" href=\"https:\/\/umecit.edu.pa\/en\/maestrias-postgrados\/ciencias-nauticas\/\"><\/a>               \r\n   <\/div>\r\n<\/div>\r\n<div class=\"item banner-group-item\">\r\n   <div class=\"banner-item-content\">\r\n      \r\n               <div class=\"banner-image\">\r\n            <img decoding=\"async\" src=\"https:\/\/umecit.edu.pa\/wp-content\/uploads\/2022\/08\/F-Postgrados-Ciencias-de-la-Salud.jpg\" alt=\"Ciencias de la Salud \" \/>\r\n         <\/div>\r\n      \r\n      <div class=\"banner-content\">\r\n                  <div class=\"clearfix\"><\/div>\r\n                     <h3 class=\"title\">Health Sciences <\/h3>\r\n               <\/div>\r\n\r\n      <a class=\"link-term-overlay\" href=\"https:\/\/umecit.edu.pa\/en\/maestrias-postgrados\/ciencias-de-la-salud\/\"><\/a>               \r\n   <\/div>\r\n<\/div>\r\n<div class=\"item banner-group-item\">\r\n   <div class=\"banner-item-content\">\r\n      \r\n               <div class=\"banner-image\">\r\n            <img decoding=\"async\" src=\"https:\/\/umecit.edu.pa\/wp-content\/uploads\/2022\/08\/F-Postgrados-facultad-tecnologia-contruccion-y-mediambiente.jpg\" alt=\"Tecnolog\u00eda, Construcci\u00f3n y Medio Ambiente\" \/>\r\n         <\/div>\r\n      \r\n      <div class=\"banner-content\">\r\n                  <div class=\"clearfix\"><\/div>\r\n                     <h3 class=\"title\">Technology, Construction, and Environment<\/h3>\r\n               <\/div>\r\n\r\n      <a class=\"link-term-overlay\" href=\"https:\/\/umecit.edu.pa\/en\/maestrias-postgrados\/tecnologia-construccion-y-medio-ambiente\/\"><\/a>               \r\n   <\/div>\r\n<\/div>   <\/div>   \r\n<\/div>\r\n<\/div>\t\t\t\t<\/div>\n\t\t\t\t<\/div>\n\t\t\t\t\t<\/div>\n\t\t<\/div>\n\t\t\t\t\t<\/div>\n\t\t<\/section>\n\t\t\t\t<section class=\"elementor-section elementor-top-section elementor-element elementor-element-e3f48e8 elementor-section-boxed elementor-section-height-default elementor-section-height-default row-top\" data-id=\"e3f48e8\" data-element_type=\"section\" data-e-type=\"section\">\n\t\t\t\t\t\t<div class=\"elementor-container elementor-column-gap-default\">\n\t\t\t\t\t<div class=\"elementor-column elementor-col-50 elementor-top-column elementor-element elementor-element-9dd2ebf column-style-top\" data-id=\"9dd2ebf\" data-element_type=\"column\" data-e-type=\"column\">\n\t\t\t<div class=\"elementor-widget-wrap elementor-element-populated\">\n\t\t\t\t\t\t<div class=\"elementor-element elementor-element-c4d00fd elementor-widget elementor-widget-text-editor\" data-id=\"c4d00fd\" data-element_type=\"widget\" data-e-type=\"widget\" data-widget_type=\"text-editor.default\">\n\t\t\t\t<div class=\"elementor-widget-container\">\n\t\t\t\t\t\t\t\t\t<p>The Metropolitan University of Education, Science and Technology offers through various <strong>Specialization, Master's Degree and Doctorate programs<\/strong>, duly approved, academic spaces for the development of knowledge and the training of skills and professional experience in various areas of knowledge, in accordance with the demands of the region and the world.<\/p><p>The Postgraduate, Masters and Doctorate Coordinations are responsible for directing, coordinating and supervising the marketing, research, extension and teaching activities of the postgraduate educational programs at the University, under the leadership of the Research and Postgraduate Department.<\/p><p>The programs are developed from curricular contents that respond to the demands of the current labor market and the rapid changes in the world, with the support of a highly qualified national and international faculty.<\/p>\t\t\t\t\t\t\t\t<\/div>\n\t\t\t\t<\/div>\n\t\t\t\t\t<\/div>\n\t\t<\/div>\n\t\t\t\t<div class=\"elementor-column elementor-col-50 elementor-top-column elementor-element elementor-element-0ca6daf column-style-top\" data-id=\"0ca6daf\" data-element_type=\"column\" data-e-type=\"column\">\n\t\t\t<div class=\"elementor-widget-wrap elementor-element-populated\">\n\t\t\t\t\t\t<div class=\"elementor-element elementor-element-72faf17 elementor-widget elementor-widget-text-editor\" data-id=\"72faf17\" data-element_type=\"widget\" data-e-type=\"widget\" data-widget_type=\"text-editor.default\">\n\t\t\t\t<div class=\"elementor-widget-container\">\n\t\t\t\t\t\t\t\t\t<p>In the same way, there are state-of-the-art technological platforms, which develop curricular contents for the transfer of knowledge. These academic tools seek to promote the self-management of knowledge and the development of skills based on knowing, doing, being and living together.<\/p><p>The curricular designs of the Postgraduate level careers are oriented to the development of professional competences where the academic is articulated with the generation of knowledge based on innovation, methodological freedom, flexibility and educational quality.<\/p><p>Consequently, the development of scientific capacities, the generation of academic-investigative products, the dissemination and transfer of knowledge, as well as the development of research that feeds the lines of institutional research, as guiding axes of scientific production, are encouraged. with the interests of the university, the country and the world.<\/p>\t\t\t\t\t\t\t\t<\/div>\n\t\t\t\t<\/div>\n\t\t\t\t\t<\/div>\n\t\t<\/div>\n\t\t\t\t\t<\/div>\n\t\t<\/section>\n\t\t\t\t<section class=\"elementor-section elementor-top-section elementor-element elementor-element-7ed5eaa elementor-section-boxed elementor-section-height-default elementor-section-height-default row-top\" data-id=\"7ed5eaa\" data-element_type=\"section\" data-e-type=\"section\" data-settings=\"{&quot;background_background&quot;:&quot;classic&quot;}\">\n\t\t\t\t\t\t\t<div class=\"elementor-background-overlay\"><\/div>\n\t\t\t\t\t\t\t<div class=\"elementor-container elementor-column-gap-default\">\n\t\t\t\t\t<div class=\"elementor-column elementor-col-100 elementor-top-column elementor-element elementor-element-8960747 column-style-top\" data-id=\"8960747\" data-element_type=\"column\" data-e-type=\"column\" data-settings=\"{&quot;background_background&quot;:&quot;classic&quot;}\">\n\t\t\t<div class=\"elementor-widget-wrap elementor-element-populated\">\n\t\t\t\t\t\t<section class=\"elementor-section elementor-inner-section elementor-element elementor-element-7c8d311 elementor-section-boxed elementor-section-height-default elementor-section-height-default\" data-id=\"7c8d311\" data-element_type=\"section\" data-e-type=\"section\" data-settings=\"{&quot;background_background&quot;:&quot;classic&quot;}\">\n\t\t\t\t\t\t<div class=\"elementor-container elementor-column-gap-default\">\n\t\t\t\t\t<div class=\"elementor-column elementor-col-50 elementor-inner-column elementor-element elementor-element-c0f7926 column-style-top\" data-id=\"c0f7926\" data-element_type=\"column\" data-e-type=\"column\">\n\t\t\t<div class=\"elementor-widget-wrap elementor-element-populated\">\n\t\t\t\t\t\t<div class=\"elementor-element elementor-element-eaafaaa elementor-widget elementor-widget-heading\" data-id=\"eaafaaa\" data-element_type=\"widget\" data-e-type=\"widget\" data-widget_type=\"heading.default\">\n\t\t\t\t<div class=\"elementor-widget-container\">\n\t\t\t\t\t<h2 class=\"elementor-heading-title elementor-size-default\">Meet Our<\/br>\n<strong>Faculty Directory Doctorates<\/strong><\/h2>\t\t\t\t<\/div>\n\t\t\t\t<\/div>\n\t\t\t\t\t<\/div>\n\t\t<\/div>\n\t\t\t\t<div class=\"elementor-column elementor-col-50 elementor-inner-column elementor-element elementor-element-57ea16f column-style-top\" data-id=\"57ea16f\" data-element_type=\"column\" data-e-type=\"column\">\n\t\t\t<div class=\"elementor-widget-wrap elementor-element-populated\">\n\t\t\t\t\t\t<div class=\"elementor-element elementor-element-e1c174b elementor-widget__width-auto elementor-widget elementor-widget-html\" data-id=\"e1c174b\" data-element_type=\"widget\" data-e-type=\"widget\" data-widget_type=\"html.default\">\n\t\t\t\t<div class=\"elementor-widget-container\">\n\t\t\t\t\t<a class=\"btn-theme\" href=\"https:\/\/umecit.edu.pa\/en\/direccion-de-investigacion-innovacion-y-postgrado\/tabla-profesoral-doctorado\/\" target=\"_blank\">\n    View directory\n<\/a>\t\t\t\t<\/div>\n\t\t\t\t<\/div>\n\t\t\t\t\t<\/div>\n\t\t<\/div>\n\t\t\t\t\t<\/div>\n\t\t<\/section>\n\t\t\t\t\t<\/div>\n\t\t<\/div>\n\t\t\t\t\t<\/div>\n\t\t<\/section>\n\t\t\t\t<\/div>","protected":false},"excerpt":{"rendered":"<p>Programas de Postgrados Nuestras Facultades Los Postgrados en la UMECIT en Panam\u00e1 afianzan el conocimiento y experiencia de los profesionales. Contamos con Postgrados y Maestr\u00edas de la m\u00e1s alta demanda laboral. Aprobados a nivel nacional y regional. Ciencias Econ\u00f3micas y Administrativas Derecho y Ciencias Forenses Humanidades y Ciencias de la Educaci\u00f3n Ciencias N\u00e1uticas Ciencias de [&hellip;]<\/p>\n","protected":false},"author":695,"featured_media":31384,"parent":0,"menu_order":0,"comment_status":"closed","ping_status":"closed","template":"","meta":{"footnotes":""},"class_list":["post-8647","page","type-page","status-publish","has-post-thumbnail","hentry"],"yoast_head":"<!-- This site is optimized with the Yoast SEO plugin v27.1.1 - https:\/\/yoast.com\/product\/yoast-seo-wordpress\/ -->\n<title>Postgrados y Maestr\u00edas | UMECIT Universidad Panam\u00e1<\/title>\n<meta name=\"description\" content=\"Postgrados y Maestr\u00edas, contamos con Postgrados y Maestr\u00edas de la m\u00e1s alta demanda laboral. Aprobados a nivel nacional y regional.\" \/>\n<meta name=\"robots\" content=\"index, follow, max-snippet:-1, max-image-preview:large, max-video-preview:-1\" \/>\n<link rel=\"canonical\" href=\"https:\/\/umecit.edu.pa\/en\/maestrias-postgrados\/\" \/>\n<meta property=\"og:locale\" content=\"en_US\" \/>\n<meta property=\"og:type\" content=\"article\" \/>\n<meta property=\"og:title\" content=\"Postgrados y Maestr\u00edas | UMECIT Universidad Panam\u00e1\" \/>\n<meta property=\"og:description\" content=\"Postgrados y Maestr\u00edas, contamos con Postgrados y Maestr\u00edas de la m\u00e1s alta demanda laboral. Aprobados a nivel nacional y regional.\" \/>\n<meta property=\"og:url\" content=\"https:\/\/umecit.edu.pa\/en\/maestrias-postgrados\/\" \/>\n<meta property=\"og:site_name\" content=\"Umecit - Universidad en Panam\u00e1\" \/>\n<meta property=\"article:publisher\" content=\"https:\/\/www.facebook.com\/umecitpanama\/\" \/>\n<meta property=\"article:modified_time\" content=\"2024-09-13T01:16:54+00:00\" \/>\n<meta property=\"og:image\" content=\"https:\/\/umecit.edu.pa\/wp-content\/uploads\/2022\/08\/F-Postgrados-y-Maestri\u0301as.jpg\" \/>\n\t<meta property=\"og:image:width\" content=\"500\" \/>\n\t<meta property=\"og:image:height\" content=\"370\" \/>\n\t<meta property=\"og:image:type\" content=\"image\/jpeg\" \/>\n<meta name=\"twitter:card\" content=\"summary_large_image\" \/>\n<meta name=\"twitter:site\" content=\"@umecitpanama\" \/>\n<meta name=\"twitter:label1\" content=\"Est. reading time\" \/>\n\t<meta name=\"twitter:data1\" content=\"3 minutes\" \/>\n<script type=\"application\/ld+json\" class=\"yoast-schema-graph\">{\"@context\":\"https:\/\/schema.org\",\"@graph\":[{\"@type\":\"WebPage\",\"@id\":\"https:\/\/umecit.edu.pa\/maestrias-postgrados\/\",\"url\":\"https:\/\/umecit.edu.pa\/maestrias-postgrados\/\",\"name\":\"Postgrados y Maestr\u00edas | UMECIT Universidad Panam\u00e1\",\"isPartOf\":{\"@id\":\"https:\/\/umecit.edu.pa\/en\/#website\"},\"primaryImageOfPage\":{\"@id\":\"https:\/\/umecit.edu.pa\/maestrias-postgrados\/#primaryimage\"},\"image\":{\"@id\":\"https:\/\/umecit.edu.pa\/maestrias-postgrados\/#primaryimage\"},\"thumbnailUrl\":\"https:\/\/umecit.edu.pa\/wp-content\/uploads\/2022\/08\/F-Postgrados-y-Maestri\u0301as.jpg\",\"datePublished\":\"2022-02-09T23:52:38+00:00\",\"dateModified\":\"2024-09-13T01:16:54+00:00\",\"description\":\"Postgrados y Maestr\u00edas, contamos con Postgrados y Maestr\u00edas de la m\u00e1s alta demanda laboral. Aprobados a nivel nacional y regional.\",\"breadcrumb\":{\"@id\":\"https:\/\/umecit.edu.pa\/maestrias-postgrados\/#breadcrumb\"},\"inLanguage\":\"en-US\",\"potentialAction\":[{\"@type\":\"ReadAction\",\"target\":[\"https:\/\/umecit.edu.pa\/maestrias-postgrados\/\"]}]},{\"@type\":\"ImageObject\",\"inLanguage\":\"en-US\",\"@id\":\"https:\/\/umecit.edu.pa\/maestrias-postgrados\/#primaryimage\",\"url\":\"https:\/\/umecit.edu.pa\/wp-content\/uploads\/2022\/08\/F-Postgrados-y-Maestri\u0301as.jpg\",\"contentUrl\":\"https:\/\/umecit.edu.pa\/wp-content\/uploads\/2022\/08\/F-Postgrados-y-Maestri\u0301as.jpg\",\"width\":500,\"height\":370,\"caption\":\"Postgrados y Maestr\u00edas\"},{\"@type\":\"BreadcrumbList\",\"@id\":\"https:\/\/umecit.edu.pa\/maestrias-postgrados\/#breadcrumb\",\"itemListElement\":[{\"@type\":\"ListItem\",\"position\":1,\"name\":\"Portada\",\"item\":\"https:\/\/umecit.edu.pa\/en\/\"},{\"@type\":\"ListItem\",\"position\":2,\"name\":\"Postgrados\"}]},{\"@type\":\"WebSite\",\"@id\":\"https:\/\/umecit.edu.pa\/en\/#website\",\"url\":\"https:\/\/umecit.edu.pa\/en\/\",\"name\":\"Umecit - Universidad en Panam\u00e1\",\"description\":\"Universidad Metropolitana de Educaci\u00f3n, Ciencia y Tecnolog\u00eda\",\"publisher\":{\"@id\":\"https:\/\/umecit.edu.pa\/en\/#organization\"},\"potentialAction\":[{\"@type\":\"SearchAction\",\"target\":{\"@type\":\"EntryPoint\",\"urlTemplate\":\"https:\/\/umecit.edu.pa\/en\/?s={search_term_string}\"},\"query-input\":{\"@type\":\"PropertyValueSpecification\",\"valueRequired\":true,\"valueName\":\"search_term_string\"}}],\"inLanguage\":\"en-US\"},{\"@type\":\"Organization\",\"@id\":\"https:\/\/umecit.edu.pa\/en\/#organization\",\"name\":\"Umecit - Universidad en Panam\u00e1\",\"url\":\"https:\/\/umecit.edu.pa\/en\/\",\"logo\":{\"@type\":\"ImageObject\",\"inLanguage\":\"en-US\",\"@id\":\"https:\/\/umecit.edu.pa\/en\/#\/schema\/logo\/image\/\",\"url\":\"https:\/\/umecit.edu.pa\/wp-content\/uploads\/2022\/06\/panama-7.jpg\",\"contentUrl\":\"https:\/\/umecit.edu.pa\/wp-content\/uploads\/2022\/06\/panama-7.jpg\",\"width\":1200,\"height\":800,\"caption\":\"Umecit - Universidad en Panam\u00e1\"},\"image\":{\"@id\":\"https:\/\/umecit.edu.pa\/en\/#\/schema\/logo\/image\/\"},\"sameAs\":[\"https:\/\/www.facebook.com\/umecitpanama\/\",\"https:\/\/x.com\/umecitpanama\",\"https:\/\/www.tiktok.com\/@umecit\",\"https:\/\/www.instagram.com\/umecit\/\",\"https:\/\/www.youtube.com\/channel\/UCP9iXFXi4p_EW_p9p6lprhg\"]}]}<\/script>\n<!-- \/ Yoast SEO plugin. -->","yoast_head_json":{"title":"Postgraduate and Master&#039;s Degrees | UMECIT University of Panama","description":"Postgraduate and Master&#039;s Degrees: We offer highly sought-after postgraduate and master&#039;s degrees. Approved nationally and regionally.","robots":{"index":"index","follow":"follow","max-snippet":"max-snippet:-1","max-image-preview":"max-image-preview:large","max-video-preview":"max-video-preview:-1"},"canonical":"https:\/\/umecit.edu.pa\/en\/maestrias-postgrados\/","og_locale":"en_US","og_type":"article","og_title":"Postgrados y Maestr\u00edas | UMECIT Universidad Panam\u00e1","og_description":"Postgrados y Maestr\u00edas, contamos con Postgrados y Maestr\u00edas de la m\u00e1s alta demanda laboral. Aprobados a nivel nacional y regional.","og_url":"https:\/\/umecit.edu.pa\/en\/maestrias-postgrados\/","og_site_name":"Umecit - Universidad en Panam\u00e1","article_publisher":"https:\/\/www.facebook.com\/umecitpanama\/","article_modified_time":"2024-09-13T01:16:54+00:00","og_image":[{"width":500,"height":370,"url":"https:\/\/umecit.edu.pa\/wp-content\/uploads\/2022\/08\/F-Postgrados-y-Maestri\u0301as.jpg","type":"image\/jpeg"}],"twitter_card":"summary_large_image","twitter_site":"@umecitpanama","twitter_misc":{"Est. reading time":"3 minutes"},"schema":{"@context":"https:\/\/schema.org","@graph":[{"@type":"WebPage","@id":"https:\/\/umecit.edu.pa\/maestrias-postgrados\/","url":"https:\/\/umecit.edu.pa\/maestrias-postgrados\/","name":"Postgraduate and Master&#039;s Degrees | UMECIT University of Panama","isPartOf":{"@id":"https:\/\/umecit.edu.pa\/en\/#website"},"primaryImageOfPage":{"@id":"https:\/\/umecit.edu.pa\/maestrias-postgrados\/#primaryimage"},"image":{"@id":"https:\/\/umecit.edu.pa\/maestrias-postgrados\/#primaryimage"},"thumbnailUrl":"https:\/\/umecit.edu.pa\/wp-content\/uploads\/2022\/08\/F-Postgrados-y-Maestri\u0301as.jpg","datePublished":"2022-02-09T23:52:38+00:00","dateModified":"2024-09-13T01:16:54+00:00","description":"Postgraduate and Master&#039;s Degrees: We offer highly sought-after postgraduate and master&#039;s degrees. Approved nationally and regionally.","breadcrumb":{"@id":"https:\/\/umecit.edu.pa\/maestrias-postgrados\/#breadcrumb"},"inLanguage":"en-US","potentialAction":[{"@type":"ReadAction","target":["https:\/\/umecit.edu.pa\/maestrias-postgrados\/"]}]},{"@type":"ImageObject","inLanguage":"en-US","@id":"https:\/\/umecit.edu.pa\/maestrias-postgrados\/#primaryimage","url":"https:\/\/umecit.edu.pa\/wp-content\/uploads\/2022\/08\/F-Postgrados-y-Maestri\u0301as.jpg","contentUrl":"https:\/\/umecit.edu.pa\/wp-content\/uploads\/2022\/08\/F-Postgrados-y-Maestri\u0301as.jpg","width":500,"height":370,"caption":"Postgrados y Maestr\u00edas"},{"@type":"BreadcrumbList","@id":"https:\/\/umecit.edu.pa\/maestrias-postgrados\/#breadcrumb","itemListElement":[{"@type":"ListItem","position":1,"name":"Portada","item":"https:\/\/umecit.edu.pa\/en\/"},{"@type":"ListItem","position":2,"name":"Postgrados"}]},{"@type":"WebSite","@id":"https:\/\/umecit.edu.pa\/en\/#website","url":"https:\/\/umecit.edu.pa\/en\/","name":"Umecit - University in Panama","description":"Metropolitan University of Education, Science and Technology","publisher":{"@id":"https:\/\/umecit.edu.pa\/en\/#organization"},"potentialAction":[{"@type":"SearchAction","target":{"@type":"EntryPoint","urlTemplate":"https:\/\/umecit.edu.pa\/en\/?s={search_term_string}"},"query-input":{"@type":"PropertyValueSpecification","valueRequired":true,"valueName":"search_term_string"}}],"inLanguage":"en-US"},{"@type":"Organization","@id":"https:\/\/umecit.edu.pa\/en\/#organization","name":"Umecit - University in Panama","url":"https:\/\/umecit.edu.pa\/en\/","logo":{"@type":"ImageObject","inLanguage":"en-US","@id":"https:\/\/umecit.edu.pa\/en\/#\/schema\/logo\/image\/","url":"https:\/\/umecit.edu.pa\/wp-content\/uploads\/2022\/06\/panama-7.jpg","contentUrl":"https:\/\/umecit.edu.pa\/wp-content\/uploads\/2022\/06\/panama-7.jpg","width":1200,"height":800,"caption":"Umecit - Universidad en Panam\u00e1"},"image":{"@id":"https:\/\/umecit.edu.pa\/en\/#\/schema\/logo\/image\/"},"sameAs":["https:\/\/www.facebook.com\/umecitpanama\/","https:\/\/x.com\/umecitpanama","https:\/\/www.tiktok.com\/@umecit","https:\/\/www.instagram.com\/umecit\/","https:\/\/www.youtube.com\/channel\/UCP9iXFXi4p_EW_p9p6lprhg"]}]}},"_links":{"self":[{"href":"https:\/\/umecit.edu.pa\/en\/wp-json\/wp\/v2\/pages\/8647","targetHints":{"allow":["GET"]}}],"collection":[{"href":"https:\/\/umecit.edu.pa\/en\/wp-json\/wp\/v2\/pages"}],"about":[{"href":"https:\/\/umecit.edu.pa\/en\/wp-json\/wp\/v2\/types\/page"}],"author":[{"embeddable":true,"href":"https:\/\/umecit.edu.pa\/en\/wp-json\/wp\/v2\/users\/695"}],"replies":[{"embeddable":true,"href":"https:\/\/umecit.edu.pa\/en\/wp-json\/wp\/v2\/comments?post=8647"}],"version-history":[{"count":0,"href":"https:\/\/umecit.edu.pa\/en\/wp-json\/wp\/v2\/pages\/8647\/revisions"}],"wp:featuredmedia":[{"embeddable":true,"href":"https:\/\/umecit.edu.pa\/en\/wp-json\/wp\/v2\/media\/31384"}],"wp:attachment":[{"href":"https:\/\/umecit.edu.pa\/en\/wp-json\/wp\/v2\/media?parent=8647"}],"curies":[{"name":"wp","href":"https:\/\/api.w.org\/{rel}","templated":true}]}}