{"id":81058,"date":"2023-07-17T17:19:05","date_gmt":"2023-07-17T22:19:05","guid":{"rendered":"https:\/\/umecit.edu.pa\/?page_id=81058"},"modified":"2023-08-23T15:43:58","modified_gmt":"2023-08-23T20:43:58","slug":"direccion-de-tecnologia","status":"publish","type":"page","link":"https:\/\/umecit.edu.pa\/en\/direccion-de-tecnologia\/","title":{"rendered":"Technology Directorate"},"content":{"rendered":"<div data-elementor-type=\"wp-page\" data-elementor-id=\"81058\" class=\"elementor elementor-81058\" data-elementor-post-type=\"page\">\n\t\t\t\t\t\t<section class=\"elementor-section elementor-top-section elementor-element elementor-element-cd20180 elementor-section-boxed elementor-section-height-default elementor-section-height-default row-top\" data-id=\"cd20180\" data-element_type=\"section\" data-e-type=\"section\" data-settings=\"{&quot;background_background&quot;:&quot;classic&quot;}\">\n\t\t\t\t\t\t<div class=\"elementor-container elementor-column-gap-default\">\n\t\t\t\t\t<div class=\"elementor-column elementor-col-50 elementor-top-column elementor-element elementor-element-112e054 column-style-top\" data-id=\"112e054\" data-element_type=\"column\" data-e-type=\"column\">\n\t\t\t<div class=\"elementor-widget-wrap elementor-element-populated\">\n\t\t\t\t\t\t<div class=\"elementor-element elementor-element-aa4dbfb elementor-widget elementor-widget-heading\" data-id=\"aa4dbfb\" data-element_type=\"widget\" data-e-type=\"widget\" data-widget_type=\"heading.default\">\n\t\t\t\t<div class=\"elementor-widget-container\">\n\t\t\t\t\t<h2 class=\"elementor-heading-title elementor-size-default\">Directorate of<\/h2>\t\t\t\t<\/div>\n\t\t\t\t<\/div>\n\t\t\t\t<div class=\"elementor-element elementor-element-36b353d elementor-widget elementor-widget-heading\" data-id=\"36b353d\" data-element_type=\"widget\" data-e-type=\"widget\" data-widget_type=\"heading.default\">\n\t\t\t\t<div class=\"elementor-widget-container\">\n\t\t\t\t\t<h1 class=\"elementor-heading-title elementor-size-default\">Technology<\/h1>\t\t\t\t<\/div>\n\t\t\t\t<\/div>\n\t\t\t\t<div class=\"elementor-element elementor-element-e3f4ca4 elementor-widget elementor-widget-text-editor\" data-id=\"e3f4ca4\" data-element_type=\"widget\" data-e-type=\"widget\" data-widget_type=\"text-editor.default\">\n\t\t\t\t<div class=\"elementor-widget-container\">\n\t\t\t\t\t\t\t\t\t<p>The Department of Technology is of vital importance to achieve the mission of training human talent with values, a business mentality and an investigative spirit. It is the area responsible for network infrastructure, technological equipment, cybersecurity and cloud services, all with the aim of facilitating academic programs adapted to a globalized world. In addition, it provides training in technology and technical support, which contributes to the humanistic, scientific, and technological development of the university community.<\/p><p>He firmly supports the vision of turning UMECIT into a dynamic university that automates academic and administrative processes, becoming an Electronic University with a quality management system. The goal is for technology to enhance the human experience and become an integral part of college life.<\/p><p>Looking to the future, it is hoped that UMECIT uses technology not only as a tool, but also as an essential element in the educational experience. Technology is intended to facilitate teaching and learning, promote innovative research, improve administrative efficiency, and ultimately help the University fulfill its mission of educating tomorrow&#039;s leaders.<\/p><p>The Technology Department strives to ensure that technology is a key factor in achieving UMECIT&#039;s academic and administrative goals. It seeks to integrate seamlessly so that the university community fully benefits from its capabilities and can enjoy a continuous and enriching educational experience.<\/p>\t\t\t\t\t\t\t\t<\/div>\n\t\t\t\t<\/div>\n\t\t\t\t<section class=\"elementor-section elementor-inner-section elementor-element elementor-element-13b07bb elementor-section-boxed elementor-section-height-default elementor-section-height-default row-top\" data-id=\"13b07bb\" data-element_type=\"section\" data-e-type=\"section\">\n\t\t\t\t\t\t<div class=\"elementor-container elementor-column-gap-default\">\n\t\t\t\t\t<div class=\"elementor-column elementor-col-50 elementor-inner-column elementor-element elementor-element-556b6e7 column-style-top\" data-id=\"556b6e7\" data-element_type=\"column\" data-e-type=\"column\">\n\t\t\t<div class=\"elementor-widget-wrap\">\n\t\t\t\t\t\t\t<\/div>\n\t\t<\/div>\n\t\t\t\t<div class=\"elementor-column elementor-col-50 elementor-inner-column elementor-element elementor-element-27837cb column-style-top\" data-id=\"27837cb\" data-element_type=\"column\" data-e-type=\"column\">\n\t\t\t<div class=\"elementor-widget-wrap\">\n\t\t\t\t\t\t\t<\/div>\n\t\t<\/div>\n\t\t\t\t\t<\/div>\n\t\t<\/section>\n\t\t\t\t\t<\/div>\n\t\t<\/div>\n\t\t\t\t<div class=\"elementor-column elementor-col-50 elementor-top-column elementor-element elementor-element-4be8df2 column-style-top\" data-id=\"4be8df2\" data-element_type=\"column\" data-e-type=\"column\">\n\t\t\t<div class=\"elementor-widget-wrap elementor-element-populated\">\n\t\t\t\t\t\t<div class=\"elementor-element elementor-element-c518b3d elementor-widget elementor-widget-gva-image-content\" data-id=\"c518b3d\" data-element_type=\"widget\" data-e-type=\"widget\" data-widget_type=\"gva-image-content.default\">\n\t\t\t\t<div class=\"elementor-widget-container\">\n\t\t\t\t\t<div class=\"gva-element-gva-image-content gva-element\">\t\t\r\n\t  \r\n\t \r\n\t  \r\n\r\n\t\r\n \r\n\r\n  \r\n\r\n \r\n\r\n  <div class=\"clearfix gsc-image-content skin-v7\">\r\n\t \t\t<div class=\"image\">\r\n\t\t\t <img fetchpriority=\"high\" decoding=\"async\" width=\"800\" height=\"1000\" src=\"https:\/\/umecit.edu.pa\/wp-content\/uploads\/2023\/07\/Alexander-Sanabria.jpg\" class=\"attachment-full size-full wp-image-81062\" alt=\"\" srcset=\"https:\/\/umecit.edu.pa\/wp-content\/uploads\/2023\/07\/Alexander-Sanabria.jpg 800w, https:\/\/umecit.edu.pa\/wp-content\/uploads\/2023\/07\/Alexander-Sanabria-768x960.jpg 768w, https:\/\/umecit.edu.pa\/wp-content\/uploads\/2023\/07\/Alexander-Sanabria-10x12.jpg 10w\" sizes=\"(max-width: 800px) 100vw, 800px\" \/>\t\t<\/div>\r\n\t \t <div class=\"box-content\">\r\n\t\t\t\t\t<h2 class=\"title\">\r\n\t\t\t\tAlexander Sanabria\t\t\t<\/h2>\r\n\t\t\t\t<div class=\"desc\">CTO<\/div>\r\n\t\t\t <\/div>  \r\n  <\/div>\r\n <\/div>\t\t\t\t<\/div>\n\t\t\t\t<\/div>\n\t\t\t\t<div class=\"elementor-element elementor-element-1bde474 elementor-view-stacked elementor-position-inline-start icon-box-left elementor-mobile-position-inline-start elementor-shape-circle elementor-widget elementor-widget-icon-box\" data-id=\"1bde474\" data-element_type=\"widget\" data-e-type=\"widget\" data-widget_type=\"icon-box.default\">\n\t\t\t\t<div class=\"elementor-widget-container\">\n\t\t\t\t\t\t\t<div class=\"elementor-icon-box-wrapper\">\n\n\t\t\t\t\t\t<div class=\"elementor-icon-box-icon\">\n\t\t\t\t<span  class=\"elementor-icon\">\n\t\t\t\t<i aria-hidden=\"true\" class=\"las la-map-marker\"><\/i>\t\t\t\t<\/span>\n\t\t\t<\/div>\n\t\t\t\n\t\t\t\t\t\t<div class=\"elementor-icon-box-content\">\n\n\t\t\t\t\t\t\t\t\t<h3 class=\"elementor-icon-box-title\">\n\t\t\t\t\t\t<span  >\n\t\t\t\t\t\t\tLocation\t\t\t\t\t\t<\/span>\n\t\t\t\t\t<\/h3>\n\t\t\t\t\n\t\t\t\t\t\t\t\t\t<p class=\"elementor-icon-box-description\">\n\t\t\t\t\t\tFundadores Building, Sim\u00f3n Bol\u00edvar Ave., Bella Vista Township, Panama City\t\t\t\t\t<\/p>\n\t\t\t\t\n\t\t\t<\/div>\n\t\t\t\n\t\t<\/div>\n\t\t\t\t\t\t<\/div>\n\t\t\t\t<\/div>\n\t\t\t\t<div class=\"elementor-element elementor-element-f9dcca9 elementor-view-stacked elementor-position-inline-start icon-box-left elementor-mobile-position-inline-start elementor-shape-circle elementor-widget elementor-widget-icon-box\" data-id=\"f9dcca9\" data-element_type=\"widget\" data-e-type=\"widget\" data-widget_type=\"icon-box.default\">\n\t\t\t\t<div class=\"elementor-widget-container\">\n\t\t\t\t\t\t\t<div class=\"elementor-icon-box-wrapper\">\n\n\t\t\t\t\t\t<div class=\"elementor-icon-box-icon\">\n\t\t\t\t<a href=\"mailto:%20direccionfinanciera@umecit.edu.pa\" class=\"elementor-icon\" tabindex=\"-1\" aria-label=\"E-mail:\">\n\t\t\t\t<i aria-hidden=\"true\" class=\"flaticon-mail-send\"><\/i>\t\t\t\t<\/a>\n\t\t\t<\/div>\n\t\t\t\n\t\t\t\t\t\t<div class=\"elementor-icon-box-content\">\n\n\t\t\t\t\t\t\t\t\t<h3 class=\"elementor-icon-box-title\">\n\t\t\t\t\t\t<a href=\"mailto:%20direccionfinanciera@umecit.edu.pa\" >\n\t\t\t\t\t\t\tE-mail:\t\t\t\t\t\t<\/a>\n\t\t\t\t\t<\/h3>\n\t\t\t\t\n\t\t\t\t\t\t\t\t\t<p class=\"elementor-icon-box-description\">\n\t\t\t\t\t\tadministrador@umecit.edu.pa\n\t\t\t\t\t<\/p>\n\t\t\t\t\n\t\t\t<\/div>\n\t\t\t\n\t\t<\/div>\n\t\t\t\t\t\t<\/div>\n\t\t\t\t<\/div>\n\t\t\t\t<div class=\"elementor-element elementor-element-95280cf elementor-view-stacked elementor-position-inline-start icon-box-left elementor-mobile-position-inline-start elementor-hidden-desktop elementor-hidden-tablet elementor-hidden-mobile elementor-shape-circle elementor-widget elementor-widget-icon-box\" data-id=\"95280cf\" data-element_type=\"widget\" data-e-type=\"widget\" data-widget_type=\"icon-box.default\">\n\t\t\t\t<div class=\"elementor-widget-container\">\n\t\t\t\t\t\t\t<div class=\"elementor-icon-box-wrapper\">\n\n\t\t\t\t\t\t<div class=\"elementor-icon-box-icon\">\n\t\t\t\t<span  class=\"elementor-icon\">\n\t\t\t\t<i aria-hidden=\"true\" class=\"las la-map-marker\"><\/i>\t\t\t\t<\/span>\n\t\t\t<\/div>\n\t\t\t\n\t\t\t\t\t\t<div class=\"elementor-icon-box-content\">\n\n\t\t\t\t\t\t\t\t\t<h3 class=\"elementor-icon-box-title\">\n\t\t\t\t\t\t<span  >\n\t\t\t\t\t\t\tLocation\t\t\t\t\t\t<\/span>\n\t\t\t\t\t<\/h3>\n\t\t\t\t\n\t\t\t\t\t\t\t\t\t<p class=\"elementor-icon-box-description\">\n\t\t\t\t\t\tEusebio A. Morales street, in front of the Martin Fierro Restaurant\n\n\t\t\t\t\t<\/p>\n\t\t\t\t\n\t\t\t<\/div>\n\t\t\t\n\t\t<\/div>\n\t\t\t\t\t\t<\/div>\n\t\t\t\t<\/div>\n\t\t\t\t\t<\/div>\n\t\t<\/div>\n\t\t\t\t\t<\/div>\n\t\t<\/section>\n\t\t\t\t<\/div>","protected":false},"excerpt":{"rendered":"<p>Direcci\u00f3n de Tecnolog\u00eda El Departamento de Tecnolog\u00eda es de vital importancia para alcanzar la misi\u00f3n de formar talento humano con valores, mentalidad empresarial y esp\u00edritu investigativo. Es el \u00e1rea responsable de la infraestructura de red, los equipos tecnol\u00f3gicos, la ciberseguridad y los servicios en la nube, todo ello con el objetivo de facilitar programas acad\u00e9micos [&hellip;]<\/p>\n","protected":false},"author":695,"featured_media":81069,"parent":0,"menu_order":0,"comment_status":"closed","ping_status":"closed","template":"","meta":{"footnotes":""},"class_list":["post-81058","page","type-page","status-publish","has-post-thumbnail","hentry"],"yoast_head":"<!-- This site is optimized with the Yoast SEO plugin v27.1.1 - https:\/\/yoast.com\/product\/yoast-seo-wordpress\/ -->\n<title>Direcci\u00f3n Tecnolog\u00eda | UMECIT<\/title>\n<meta name=\"description\" content=\"El Departamento de Tecnolog\u00eda es de vital importancia para alcanzar la misi\u00f3n de formar talento humano con valores, mentalidad empresarial y esp\u00edritu investigativo. Es el \u00e1rea responsable de la infraestructura de red, los equipos tecnol\u00f3gicos, la ciberseguridad y los servicios en la nube, todo ello con el objetivo de facilitar programas acad\u00e9micos adaptados a un mundo globalizado. Adem\u00e1s, brinda capacitaci\u00f3n en tecnolog\u00eda y soporte t\u00e9cnico, lo que contribuye al desarrollo human\u00edstico, cient\u00edfico y tecnol\u00f3gico de la comunidad universitaria.\" \/>\n<meta name=\"robots\" content=\"index, follow, max-snippet:-1, max-image-preview:large, max-video-preview:-1\" \/>\n<link rel=\"canonical\" href=\"https:\/\/umecit.edu.pa\/en\/direccion-de-tecnologia\/\" \/>\n<meta property=\"og:locale\" content=\"en_US\" \/>\n<meta property=\"og:type\" content=\"article\" \/>\n<meta property=\"og:title\" content=\"Direcci\u00f3n Tecnolog\u00eda | UMECIT\" \/>\n<meta property=\"og:description\" content=\"El Departamento de Tecnolog\u00eda es de vital importancia para alcanzar la misi\u00f3n de formar talento humano con valores, mentalidad empresarial y esp\u00edritu investigativo. Es el \u00e1rea responsable de la infraestructura de red, los equipos tecnol\u00f3gicos, la ciberseguridad y los servicios en la nube, todo ello con el objetivo de facilitar programas acad\u00e9micos adaptados a un mundo globalizado. Adem\u00e1s, brinda capacitaci\u00f3n en tecnolog\u00eda y soporte t\u00e9cnico, lo que contribuye al desarrollo human\u00edstico, cient\u00edfico y tecnol\u00f3gico de la comunidad universitaria.\" \/>\n<meta property=\"og:url\" content=\"https:\/\/umecit.edu.pa\/en\/direccion-de-tecnologia\/\" \/>\n<meta property=\"og:site_name\" content=\"Umecit - Universidad en Panam\u00e1\" \/>\n<meta property=\"article:publisher\" content=\"https:\/\/www.facebook.com\/umecitpanama\/\" \/>\n<meta property=\"article:modified_time\" content=\"2023-08-23T20:43:58+00:00\" \/>\n<meta property=\"og:image\" content=\"https:\/\/umecit.edu.pa\/wp-content\/uploads\/2023\/07\/F-Direccio\u0301n-tecnologia.jpg\" \/>\n\t<meta property=\"og:image:width\" content=\"500\" \/>\n\t<meta property=\"og:image:height\" content=\"370\" \/>\n\t<meta property=\"og:image:type\" content=\"image\/jpeg\" \/>\n<meta name=\"twitter:card\" content=\"summary_large_image\" \/>\n<meta name=\"twitter:site\" content=\"@umecitpanama\" \/>\n<meta name=\"twitter:label1\" content=\"Est. reading time\" \/>\n\t<meta name=\"twitter:data1\" content=\"2 minutes\" \/>\n<script type=\"application\/ld+json\" class=\"yoast-schema-graph\">{\"@context\":\"https:\/\/schema.org\",\"@graph\":[{\"@type\":\"WebPage\",\"@id\":\"https:\/\/umecit.edu.pa\/direccion-de-tecnologia\/\",\"url\":\"https:\/\/umecit.edu.pa\/direccion-de-tecnologia\/\",\"name\":\"Direcci\u00f3n Tecnolog\u00eda | UMECIT\",\"isPartOf\":{\"@id\":\"https:\/\/umecit.edu.pa\/#website\"},\"primaryImageOfPage\":{\"@id\":\"https:\/\/umecit.edu.pa\/direccion-de-tecnologia\/#primaryimage\"},\"image\":{\"@id\":\"https:\/\/umecit.edu.pa\/direccion-de-tecnologia\/#primaryimage\"},\"thumbnailUrl\":\"https:\/\/umecit.edu.pa\/wp-content\/uploads\/2023\/07\/F-Direccio\u0301n-tecnologia.jpg\",\"datePublished\":\"2023-07-17T22:19:05+00:00\",\"dateModified\":\"2023-08-23T20:43:58+00:00\",\"description\":\"El Departamento de Tecnolog\u00eda es de vital importancia para alcanzar la misi\u00f3n de formar talento humano con valores, mentalidad empresarial y esp\u00edritu investigativo. Es el \u00e1rea responsable de la infraestructura de red, los equipos tecnol\u00f3gicos, la ciberseguridad y los servicios en la nube, todo ello con el objetivo de facilitar programas acad\u00e9micos adaptados a un mundo globalizado. Adem\u00e1s, brinda capacitaci\u00f3n en tecnolog\u00eda y soporte t\u00e9cnico, lo que contribuye al desarrollo human\u00edstico, cient\u00edfico y tecnol\u00f3gico de la comunidad universitaria.\",\"breadcrumb\":{\"@id\":\"https:\/\/umecit.edu.pa\/direccion-de-tecnologia\/#breadcrumb\"},\"inLanguage\":\"en-US\",\"potentialAction\":[{\"@type\":\"ReadAction\",\"target\":[\"https:\/\/umecit.edu.pa\/direccion-de-tecnologia\/\"]}]},{\"@type\":\"ImageObject\",\"inLanguage\":\"en-US\",\"@id\":\"https:\/\/umecit.edu.pa\/direccion-de-tecnologia\/#primaryimage\",\"url\":\"https:\/\/umecit.edu.pa\/wp-content\/uploads\/2023\/07\/F-Direccio\u0301n-tecnologia.jpg\",\"contentUrl\":\"https:\/\/umecit.edu.pa\/wp-content\/uploads\/2023\/07\/F-Direccio\u0301n-tecnologia.jpg\",\"width\":500,\"height\":370},{\"@type\":\"BreadcrumbList\",\"@id\":\"https:\/\/umecit.edu.pa\/direccion-de-tecnologia\/#breadcrumb\",\"itemListElement\":[{\"@type\":\"ListItem\",\"position\":1,\"name\":\"Portada\",\"item\":\"https:\/\/umecit.edu.pa\/\"},{\"@type\":\"ListItem\",\"position\":2,\"name\":\"Direcci\u00f3n de Tecnolog\u00eda\"}]},{\"@type\":\"WebSite\",\"@id\":\"https:\/\/umecit.edu.pa\/#website\",\"url\":\"https:\/\/umecit.edu.pa\/\",\"name\":\"Umecit - Universidad en Panam\u00e1\",\"description\":\"Universidad Metropolitana de Educaci\u00f3n, Ciencia y Tecnolog\u00eda\",\"publisher\":{\"@id\":\"https:\/\/umecit.edu.pa\/#organization\"},\"potentialAction\":[{\"@type\":\"SearchAction\",\"target\":{\"@type\":\"EntryPoint\",\"urlTemplate\":\"https:\/\/umecit.edu.pa\/?s={search_term_string}\"},\"query-input\":{\"@type\":\"PropertyValueSpecification\",\"valueRequired\":true,\"valueName\":\"search_term_string\"}}],\"inLanguage\":\"en-US\"},{\"@type\":\"Organization\",\"@id\":\"https:\/\/umecit.edu.pa\/#organization\",\"name\":\"Umecit - Universidad en Panam\u00e1\",\"url\":\"https:\/\/umecit.edu.pa\/\",\"logo\":{\"@type\":\"ImageObject\",\"inLanguage\":\"en-US\",\"@id\":\"https:\/\/umecit.edu.pa\/#\/schema\/logo\/image\/\",\"url\":\"https:\/\/umecit.edu.pa\/wp-content\/uploads\/2022\/06\/panama-7.jpg\",\"contentUrl\":\"https:\/\/umecit.edu.pa\/wp-content\/uploads\/2022\/06\/panama-7.jpg\",\"width\":1200,\"height\":800,\"caption\":\"Umecit - Universidad en Panam\u00e1\"},\"image\":{\"@id\":\"https:\/\/umecit.edu.pa\/#\/schema\/logo\/image\/\"},\"sameAs\":[\"https:\/\/www.facebook.com\/umecitpanama\/\",\"https:\/\/x.com\/umecitpanama\",\"https:\/\/www.tiktok.com\/@umecit\",\"https:\/\/www.instagram.com\/umecit\/\",\"https:\/\/www.youtube.com\/channel\/UCP9iXFXi4p_EW_p9p6lprhg\"]}]}<\/script>\n<!-- \/ Yoast SEO plugin. -->","yoast_head_json":{"title":"Technology Department | UMECIT","description":"The Department of Technology is of vital importance to achieve the mission of training human talent with values, a business mentality and an investigative spirit. It is the area responsible for network infrastructure, technological equipment, cybersecurity and cloud services, all with the aim of facilitating academic programs adapted to a globalized world. In addition, it provides training in technology and technical support, which contributes to the humanistic, scientific, and technological development of the university community.","robots":{"index":"index","follow":"follow","max-snippet":"max-snippet:-1","max-image-preview":"max-image-preview:large","max-video-preview":"max-video-preview:-1"},"canonical":"https:\/\/umecit.edu.pa\/en\/direccion-de-tecnologia\/","og_locale":"en_US","og_type":"article","og_title":"Direcci\u00f3n Tecnolog\u00eda | UMECIT","og_description":"El Departamento de Tecnolog\u00eda es de vital importancia para alcanzar la misi\u00f3n de formar talento humano con valores, mentalidad empresarial y esp\u00edritu investigativo. Es el \u00e1rea responsable de la infraestructura de red, los equipos tecnol\u00f3gicos, la ciberseguridad y los servicios en la nube, todo ello con el objetivo de facilitar programas acad\u00e9micos adaptados a un mundo globalizado. Adem\u00e1s, brinda capacitaci\u00f3n en tecnolog\u00eda y soporte t\u00e9cnico, lo que contribuye al desarrollo human\u00edstico, cient\u00edfico y tecnol\u00f3gico de la comunidad universitaria.","og_url":"https:\/\/umecit.edu.pa\/en\/direccion-de-tecnologia\/","og_site_name":"Umecit - Universidad en Panam\u00e1","article_publisher":"https:\/\/www.facebook.com\/umecitpanama\/","article_modified_time":"2023-08-23T20:43:58+00:00","og_image":[{"width":500,"height":370,"url":"https:\/\/umecit.edu.pa\/wp-content\/uploads\/2023\/07\/F-Direccio\u0301n-tecnologia.jpg","type":"image\/jpeg"}],"twitter_card":"summary_large_image","twitter_site":"@umecitpanama","twitter_misc":{"Est. reading time":"2 minutes"},"schema":{"@context":"https:\/\/schema.org","@graph":[{"@type":"WebPage","@id":"https:\/\/umecit.edu.pa\/direccion-de-tecnologia\/","url":"https:\/\/umecit.edu.pa\/direccion-de-tecnologia\/","name":"Technology Department | UMECIT","isPartOf":{"@id":"https:\/\/umecit.edu.pa\/#website"},"primaryImageOfPage":{"@id":"https:\/\/umecit.edu.pa\/direccion-de-tecnologia\/#primaryimage"},"image":{"@id":"https:\/\/umecit.edu.pa\/direccion-de-tecnologia\/#primaryimage"},"thumbnailUrl":"https:\/\/umecit.edu.pa\/wp-content\/uploads\/2023\/07\/F-Direccio\u0301n-tecnologia.jpg","datePublished":"2023-07-17T22:19:05+00:00","dateModified":"2023-08-23T20:43:58+00:00","description":"The Department of Technology is of vital importance to achieve the mission of training human talent with values, a business mentality and an investigative spirit. It is the area responsible for network infrastructure, technological equipment, cybersecurity and cloud services, all with the aim of facilitating academic programs adapted to a globalized world. In addition, it provides training in technology and technical support, which contributes to the humanistic, scientific, and technological development of the university community.","breadcrumb":{"@id":"https:\/\/umecit.edu.pa\/direccion-de-tecnologia\/#breadcrumb"},"inLanguage":"en-US","potentialAction":[{"@type":"ReadAction","target":["https:\/\/umecit.edu.pa\/direccion-de-tecnologia\/"]}]},{"@type":"ImageObject","inLanguage":"en-US","@id":"https:\/\/umecit.edu.pa\/direccion-de-tecnologia\/#primaryimage","url":"https:\/\/umecit.edu.pa\/wp-content\/uploads\/2023\/07\/F-Direccio\u0301n-tecnologia.jpg","contentUrl":"https:\/\/umecit.edu.pa\/wp-content\/uploads\/2023\/07\/F-Direccio\u0301n-tecnologia.jpg","width":500,"height":370},{"@type":"BreadcrumbList","@id":"https:\/\/umecit.edu.pa\/direccion-de-tecnologia\/#breadcrumb","itemListElement":[{"@type":"ListItem","position":1,"name":"Portada","item":"https:\/\/umecit.edu.pa\/"},{"@type":"ListItem","position":2,"name":"Direcci\u00f3n de Tecnolog\u00eda"}]},{"@type":"WebSite","@id":"https:\/\/umecit.edu.pa\/#website","url":"https:\/\/umecit.edu.pa\/","name":"Umecit - University in Panama","description":"Metropolitan University of Education, Science and Technology","publisher":{"@id":"https:\/\/umecit.edu.pa\/#organization"},"potentialAction":[{"@type":"SearchAction","target":{"@type":"EntryPoint","urlTemplate":"https:\/\/umecit.edu.pa\/?s={search_term_string}"},"query-input":{"@type":"PropertyValueSpecification","valueRequired":true,"valueName":"search_term_string"}}],"inLanguage":"en-US"},{"@type":"Organization","@id":"https:\/\/umecit.edu.pa\/#organization","name":"Umecit - University in Panama","url":"https:\/\/umecit.edu.pa\/","logo":{"@type":"ImageObject","inLanguage":"en-US","@id":"https:\/\/umecit.edu.pa\/#\/schema\/logo\/image\/","url":"https:\/\/umecit.edu.pa\/wp-content\/uploads\/2022\/06\/panama-7.jpg","contentUrl":"https:\/\/umecit.edu.pa\/wp-content\/uploads\/2022\/06\/panama-7.jpg","width":1200,"height":800,"caption":"Umecit - Universidad en Panam\u00e1"},"image":{"@id":"https:\/\/umecit.edu.pa\/#\/schema\/logo\/image\/"},"sameAs":["https:\/\/www.facebook.com\/umecitpanama\/","https:\/\/x.com\/umecitpanama","https:\/\/www.tiktok.com\/@umecit","https:\/\/www.instagram.com\/umecit\/","https:\/\/www.youtube.com\/channel\/UCP9iXFXi4p_EW_p9p6lprhg"]}]}},"_links":{"self":[{"href":"https:\/\/umecit.edu.pa\/en\/wp-json\/wp\/v2\/pages\/81058","targetHints":{"allow":["GET"]}}],"collection":[{"href":"https:\/\/umecit.edu.pa\/en\/wp-json\/wp\/v2\/pages"}],"about":[{"href":"https:\/\/umecit.edu.pa\/en\/wp-json\/wp\/v2\/types\/page"}],"author":[{"embeddable":true,"href":"https:\/\/umecit.edu.pa\/en\/wp-json\/wp\/v2\/users\/695"}],"replies":[{"embeddable":true,"href":"https:\/\/umecit.edu.pa\/en\/wp-json\/wp\/v2\/comments?post=81058"}],"version-history":[{"count":0,"href":"https:\/\/umecit.edu.pa\/en\/wp-json\/wp\/v2\/pages\/81058\/revisions"}],"wp:featuredmedia":[{"embeddable":true,"href":"https:\/\/umecit.edu.pa\/en\/wp-json\/wp\/v2\/media\/81069"}],"wp:attachment":[{"href":"https:\/\/umecit.edu.pa\/en\/wp-json\/wp\/v2\/media?parent=81058"}],"curies":[{"name":"wp","href":"https:\/\/api.w.org\/{rel}","templated":true}]}}