{"id":79839,"date":"2023-07-10T18:07:00","date_gmt":"2023-07-10T23:07:00","guid":{"rendered":"https:\/\/umecit.edu.pa\/?page_id=79839"},"modified":"2023-07-11T16:31:04","modified_gmt":"2023-07-11T21:31:04","slug":"derechos-y-deberes","status":"publish","type":"page","link":"https:\/\/umecit.edu.pa\/en\/programa-de-bienestar\/derechos-y-deberes\/","title":{"rendered":"Rights and duties"},"content":{"rendered":"<div data-elementor-type=\"wp-page\" data-elementor-id=\"79839\" class=\"elementor elementor-79839\" data-elementor-post-type=\"page\">\n\t\t\t\t\t\t<section class=\"elementor-section elementor-top-section elementor-element elementor-element-b2db10e elementor-section-boxed elementor-section-height-default elementor-section-height-default row-top\" data-id=\"b2db10e\" data-element_type=\"section\" data-e-type=\"section\">\n\t\t\t\t\t\t<div class=\"elementor-container elementor-column-gap-default\">\n\t\t\t\t\t<div class=\"elementor-column elementor-col-100 elementor-top-column elementor-element elementor-element-51fe5f3 column-style-top\" data-id=\"51fe5f3\" data-element_type=\"column\" data-e-type=\"column\">\n\t\t\t<div class=\"elementor-widget-wrap elementor-element-populated\">\n\t\t\t\t\t\t<section class=\"elementor-section elementor-inner-section elementor-element elementor-element-7490bdd elementor-section-boxed elementor-section-height-default elementor-section-height-default row-top\" data-id=\"7490bdd\" data-element_type=\"section\" data-e-type=\"section\">\n\t\t\t\t\t\t<div class=\"elementor-container elementor-column-gap-default\">\n\t\t\t\t\t<div class=\"elementor-column elementor-col-50 elementor-inner-column elementor-element elementor-element-5b72b40 column-style-top\" data-id=\"5b72b40\" data-element_type=\"column\" data-e-type=\"column\">\n\t\t\t<div class=\"elementor-widget-wrap elementor-element-populated\">\n\t\t\t\t\t\t<div class=\"elementor-element elementor-element-0db4425 elementor-widget elementor-widget-heading\" data-id=\"0db4425\" data-element_type=\"widget\" data-e-type=\"widget\" data-widget_type=\"heading.default\">\n\t\t\t\t<div class=\"elementor-widget-container\">\n\t\t\t\t\t<h1 class=\"elementor-heading-title elementor-size-default\">Rights and duties<\/h1>\t\t\t\t<\/div>\n\t\t\t\t<\/div>\n\t\t\t\t<div class=\"elementor-element elementor-element-b2de31d elementor-widget elementor-widget-text-editor\" data-id=\"b2de31d\" data-element_type=\"widget\" data-e-type=\"widget\" data-widget_type=\"text-editor.default\">\n\t\t\t\t<div class=\"elementor-widget-container\">\n\t\t\t\t\t\t\t\t\t<p><b>Article 16:<\/b><span style=\"font-weight: 400;\"> Are <\/span><b>rights<\/b><span style=\"font-weight: 400;\"> of the students of the Metropolitan University of Education, Science and Technology \u201cUMECIT\u201d:<\/span><span style=\"font-family: var(--zilom-font-sans-serif); font-size: 1rem;\">Receive professional training of quality and excellence as part of your constitutional right.\u00a0\u00a0<\/span><\/p><ol type=\"a\"><li style=\"font-weight: 400;\" aria-level=\"1\"><span style=\"font-weight: 400;\">Respect the free development of personality and thought.\u00a0<\/span><\/li><li style=\"font-weight: 400;\" aria-level=\"1\"><span style=\"font-weight: 400;\">Be respected as part of the university community.\u00a0<\/span><\/li><li style=\"font-weight: 400;\" aria-level=\"1\"><span style=\"font-weight: 400;\">Have access to the institutional information system that corresponds to the regulations that govern the university.\u00a0<\/span><\/li><li style=\"font-weight: 400;\" aria-level=\"1\"><span style=\"font-weight: 400;\">Form and be part of university life.\u00a0<\/span><\/li><li style=\"font-weight: 400;\" aria-level=\"1\"><span style=\"font-weight: 400;\">Make good use of the University&#039;s resources and services, both academic and\u00a0<\/span>Welfare university.<\/li><li style=\"font-weight: 400;\" aria-level=\"1\"><span style=\"font-weight: 400;\">Be listened to, assisted and guided by those who have the management and teaching responsibility of the university.\u00a0<\/span><\/li><li style=\"font-weight: 400;\" aria-level=\"1\"><span style=\"font-weight: 400;\">Participate in events, meetings and curricular and extracurricular academic activities that are part of the academic development of the study plan.\u00a0<\/span><\/li><li style=\"font-weight: 400;\" aria-level=\"1\"><span style=\"font-weight: 400;\">Submit written requests and complaints to the competent university authority. <\/span><\/li><\/ol><p>\u00a0<\/p>\t\t\t\t\t\t\t\t<\/div>\n\t\t\t\t<\/div>\n\t\t\t\t\t<\/div>\n\t\t<\/div>\n\t\t\t\t<div class=\"elementor-column elementor-col-50 elementor-inner-column elementor-element elementor-element-ea1903a column-style-top\" data-id=\"ea1903a\" data-element_type=\"column\" data-e-type=\"column\">\n\t\t\t<div class=\"elementor-widget-wrap elementor-element-populated\">\n\t\t\t\t\t\t<div class=\"elementor-element elementor-element-09f82e7 elementor-widget elementor-widget-image\" data-id=\"09f82e7\" data-element_type=\"widget\" data-e-type=\"widget\" data-widget_type=\"image.default\">\n\t\t\t\t<div class=\"elementor-widget-container\">\n\t\t\t\t\t\t\t\t\t\t\t\t\t\t\t<img fetchpriority=\"high\" decoding=\"async\" width=\"600\" height=\"680\" src=\"https:\/\/umecit.edu.pa\/wp-content\/uploads\/2023\/07\/corte-martillo-libros-juicio-concepto-ley2-600x680.jpg\" class=\"attachment-zilom_medium size-zilom_medium wp-image-79858\" alt=\"Derechos y deberes\" \/>\t\t\t\t\t\t\t\t\t\t\t\t\t\t\t<\/div>\n\t\t\t\t<\/div>\n\t\t\t\t\t<\/div>\n\t\t<\/div>\n\t\t\t\t\t<\/div>\n\t\t<\/section>\n\t\t\t\t<div class=\"elementor-element elementor-element-c63f63e elementor-widget elementor-widget-text-editor\" data-id=\"c63f63e\" data-element_type=\"widget\" data-e-type=\"widget\" data-widget_type=\"text-editor.default\">\n\t\t\t\t<div class=\"elementor-widget-container\">\n\t\t\t\t\t\t\t\t\t<b>Article 17:<\/b><span style=\"font-weight: 400;\"> Are <\/span><b>homework<\/b><span style=\"font-weight: 400;\"> of the students of the Metropolitan University of Education, Science and Technology \u201cUMECIT\u201d:\u00a0<\/span>\n<ol type=\"a\"> \n \t<li style=\"font-weight: 400;\" aria-level=\"1\"><span style=\"font-weight: 400;\">Know the Student Regulations and comply with them.\u00a0\u00a0<\/span><\/li>\n \t<li style=\"font-weight: 400;\" aria-level=\"1\"><span style=\"font-weight: 400;\">Respect all members of the university community.\u00a0<\/span><\/li>\n \t<li style=\"font-weight: 400;\" aria-level=\"1\"><span style=\"font-weight: 400;\">Maintain and increase the dignity, ethics and prestige of the University.\u00a0<\/span><\/li>\n \t<li style=\"font-weight: 400;\" aria-level=\"1\"><span style=\"font-weight: 400;\">Respect the free expression of ideas, doctrines and beliefs of both your colleagues and other members of the institution.\u00a0<\/span><\/li>\n \t<li style=\"font-weight: 400;\" aria-level=\"1\"><span style=\"font-weight: 400;\">Know and comply with the university rules contained in the statutes and regulations.\u00a0<\/span><\/li>\n \t<li style=\"font-weight: 400;\" aria-level=\"1\"><span style=\"font-weight: 400;\">Comply with the financial obligations acquired in the contract for the provision of educational services.\u00a0<\/span><\/li>\n \t<li style=\"font-weight: 400;\" aria-level=\"1\"><span style=\"font-weight: 400;\">Know and stay informed of your academic status.\u00a0<\/span><\/li>\n \t<li style=\"font-weight: 400;\" aria-level=\"1\"><span style=\"font-weight: 400;\">Demonstrate excellent conduct, attached to the universal principles of morality and good customs inside and outside the university campus.\u00a0<\/span><\/li>\n \t<li style=\"font-weight: 400;\" aria-level=\"1\"><span style=\"font-weight: 400;\">Participate in the different social, scientific, cultural and recreational activities programmed by the Institution.\u00a0<\/span><\/li>\n \t<li style=\"font-weight: 400;\" aria-level=\"1\"><span style=\"font-weight: 400;\">Comply with attendance at classes and other activities related to academic work, in accordance with article 29 of these regulations.\u00a0<\/span><\/li>\n \t<li style=\"font-weight: 400;\" aria-level=\"1\"><span style=\"font-weight: 400;\">Contribute to the conservation of the physical plant and the good management of virtual platforms, as well as the use of the resources that are part of the tangible and intangible assets of the University and that are at its service (furniture and fixtures, computer equipment, audiovisual equipment, laboratories, teaching material and loan and\/or use of University Welfare) and take responsibility for any damage intentionally caused.\u00a0<\/span><\/li>\n \t<li style=\"font-weight: 400;\" aria-level=\"1\"><span style=\"font-weight: 400;\">Take care of personal belongings, since the institution is not responsible for them, and return those that do not belong to you to the university&#039;s administrative staff to manage their return.\u00a0<\/span><\/li>\n \t<li style=\"font-weight: 400;\" aria-level=\"1\"><span style=\"font-weight: 400;\">Do not appear at the Institution while intoxicated or under the influence of narcotics or intoxicating drugs.\u00a0\u00a0<\/span><\/li>\n \t<li style=\"font-weight: 400;\" aria-level=\"1\"><span style=\"font-weight: 400;\">Do not ingest, sell or distribute narcotics or intoxicating drugs within university facilities.\u00a0\u00a0<\/span><\/li>\n \t<li style=\"font-weight: 400;\" aria-level=\"1\"><span style=\"font-weight: 400;\">Refrain from entering restricted areas without proper authorization.\u00a0<\/span><\/li>\n \t<li style=\"font-weight: 400;\" aria-level=\"1\"><span style=\"font-weight: 400;\">Take care of your correct personal presentation in accordance with the requirements of the professional profile for which you are trained in all modalities (face-to-face, blended and virtual). See protocol for entering classes in any modality and academic program.\u00a0\u00a0\u00a0<\/span><\/li>\n \t<li style=\"font-weight: 400;\" aria-level=\"1\"><span style=\"font-weight: 400;\">For safety reasons, the use of sunglasses, caps and hats is prohibited within the university facilities, except for a health situation.\u00a0<\/span><\/li>\n \t<li style=\"font-weight: 400;\" aria-level=\"1\"><span style=\"font-weight: 400;\">Use cell phones in silent mode when the teacher starts the class or activity.\u00a0<\/span><\/li>\n \t<li style=\"font-weight: 400;\" aria-level=\"1\"><span style=\"font-weight: 400;\">Do not consume food and drinks inside the classrooms (in-person, blended modalities).\u00a0\u00a0\u00a0\u00a0\u00a0\u00a0\u00a0\u00a0\u00a0\u00a0\u00a0\u00a0\u00a0\u00a0\u00a0\u00a0\u00a0<\/span><\/li>\n \t<li style=\"font-weight: 400;\" aria-level=\"1\"><span style=\"font-weight: 400;\">Completely eliminate violent activities and foul language.\u00a0\u00a0<\/span><\/li>\n \t<li style=\"font-weight: 400;\" aria-level=\"1\"><span style=\"font-weight: 400;\">Carry out tests and assignments related to the development of the subjects honestly and without fraud.\u00a0<\/span><\/li>\n \t<li style=\"font-weight: 400;\" aria-level=\"1\"><span style=\"font-weight: 400;\">Formally notify your withdrawal to the person in charge of refunds and withdrawals of the Institution, or to the Directorate of Virtual Education in the case of being a student of this modality. If you do not do so, the contract continues its course, and therefore, the financial obligation acquired and accepted.\u00a0<\/span><\/li>\n \t<li style=\"font-weight: 400;\" aria-level=\"1\"><span style=\"font-weight: 400;\">Pay the annual group accident insurance during the time you are pursuing your degree. (Only for students residing in the Republic of Panama).\u00a0<\/span><\/li>\n \t<li style=\"font-weight: 400;\" aria-level=\"1\"><span style=\"font-weight: 400;\">The student is obliged to use Information and Communication Technologies (ICT), together with the virtual platforms established by the University.\u00a0<\/span><\/li>\n \t<li style=\"font-weight: 400;\" aria-level=\"1\"><span style=\"font-weight: 400;\">Complete the preparatory courses designed for your academic program if necessary.\u00a0<\/span><\/li>\n \t<li style=\"font-weight: 400;\" aria-level=\"1\"><span style=\"font-weight: 400;\">Do not carry weapons of any kind within university facilities.\u00a0\u00a0<\/span><\/li>\n \t<li style=\"font-weight: 400;\" aria-level=\"1\"><span style=\"font-weight: 400;\">Be aware of the platforms, social networks and university website, since these are ideal means of notification of the various university activities and stages.\u00a0<\/span><\/li>\n<\/ol>\n<span style=\"font-weight: 400;\">\u00a0<\/span> <span style=\"font-weight: 400;\">\u00a0<\/span>\n\n<span style=\"font-weight: 400;\">\u00a0<\/span>\n\nThe assistance to the new admission is designed to provide accompaniment and orientation to the new student of the institution. It is sought that the student recognizes the services, the offer, the benefits, among other aspects that promote equal study opportunities within the UMECIT.\t\t\t\t\t\t\t\t<\/div>\n\t\t\t\t<\/div>\n\t\t\t\t\t<\/div>\n\t\t<\/div>\n\t\t\t\t\t<\/div>\n\t\t<\/section>\n\t\t\t\t<\/div>","protected":false},"excerpt":{"rendered":"<p>Derechos y Deberes Art\u00edculo 16: Son derechos de los estudiantes de la Universidad Metropolitana de Educaci\u00f3n, Ciencia y Tecnolog\u00eda \u201cUMECIT\u201d:Recibir formaci\u00f3n profesional de calidad y excelencia como parte de su derecho constitucional.\u00a0\u00a0 Respetar el libre desarrollo de la personalidad y del pensamiento.\u00a0 Ser respetado como parte de la comunidad universitaria.\u00a0 Tener acceso al sistema de [&hellip;]<\/p>\n","protected":false},"author":695,"featured_media":79908,"parent":13850,"menu_order":0,"comment_status":"closed","ping_status":"closed","template":"","meta":{"footnotes":""},"class_list":["post-79839","page","type-page","status-publish","has-post-thumbnail","hentry"],"yoast_head":"<!-- This site is optimized with the Yoast SEO plugin v27.1.1 - https:\/\/yoast.com\/product\/yoast-seo-wordpress\/ -->\n<title>Derechos y Deberes<\/title>\n<meta name=\"description\" content=\"Son derechos de los estudiantes de la Universidad Metropolitana de Educaci\u00f3n, Ciencia y Tecnolog\u00eda \u201cUMECIT\u201d\" \/>\n<meta name=\"robots\" content=\"index, follow, max-snippet:-1, max-image-preview:large, max-video-preview:-1\" \/>\n<link rel=\"canonical\" href=\"https:\/\/umecit.edu.pa\/en\/programa-de-bienestar\/derechos-y-deberes\/\" \/>\n<meta property=\"og:locale\" content=\"en_US\" \/>\n<meta property=\"og:type\" content=\"article\" \/>\n<meta property=\"og:title\" content=\"Derechos y Deberes\" \/>\n<meta property=\"og:description\" content=\"Son derechos de los estudiantes de la Universidad Metropolitana de Educaci\u00f3n, Ciencia y Tecnolog\u00eda \u201cUMECIT\u201d\" \/>\n<meta property=\"og:url\" content=\"https:\/\/umecit.edu.pa\/en\/programa-de-bienestar\/derechos-y-deberes\/\" \/>\n<meta property=\"og:site_name\" content=\"Umecit - Universidad en Panam\u00e1\" \/>\n<meta property=\"article:publisher\" content=\"https:\/\/www.facebook.com\/umecitpanama\/\" \/>\n<meta property=\"article:modified_time\" content=\"2023-07-11T21:31:04+00:00\" \/>\n<meta property=\"og:image\" content=\"https:\/\/umecit.edu.pa\/wp-content\/uploads\/2023\/07\/corte-martillo-libros-juicio-concepto-ley2-1.jpg\" \/>\n\t<meta property=\"og:image:width\" content=\"876\" \/>\n\t<meta property=\"og:image:height\" content=\"1313\" \/>\n\t<meta property=\"og:image:type\" content=\"image\/jpeg\" \/>\n<meta name=\"twitter:card\" content=\"summary_large_image\" \/>\n<meta name=\"twitter:site\" content=\"@umecitpanama\" \/>\n<meta name=\"twitter:label1\" content=\"Est. reading time\" \/>\n\t<meta name=\"twitter:data1\" content=\"4 minutes\" \/>\n<script type=\"application\/ld+json\" class=\"yoast-schema-graph\">{\"@context\":\"https:\/\/schema.org\",\"@graph\":[{\"@type\":\"WebPage\",\"@id\":\"https:\/\/umecit.edu.pa\/en\/programa-de-bienestar\/derechos-y-deberes\/\",\"url\":\"https:\/\/umecit.edu.pa\/en\/programa-de-bienestar\/derechos-y-deberes\/\",\"name\":\"Derechos y Deberes\",\"isPartOf\":{\"@id\":\"https:\/\/umecit.edu.pa\/#website\"},\"primaryImageOfPage\":{\"@id\":\"https:\/\/umecit.edu.pa\/en\/programa-de-bienestar\/derechos-y-deberes\/#primaryimage\"},\"image\":{\"@id\":\"https:\/\/umecit.edu.pa\/en\/programa-de-bienestar\/derechos-y-deberes\/#primaryimage\"},\"thumbnailUrl\":\"https:\/\/umecit.edu.pa\/wp-content\/uploads\/2023\/07\/corte-martillo-libros-juicio-concepto-ley2-1.jpg\",\"datePublished\":\"2023-07-10T23:07:00+00:00\",\"dateModified\":\"2023-07-11T21:31:04+00:00\",\"description\":\"Son derechos de los estudiantes de la Universidad Metropolitana de Educaci\u00f3n, Ciencia y Tecnolog\u00eda \u201cUMECIT\u201d\",\"breadcrumb\":{\"@id\":\"https:\/\/umecit.edu.pa\/en\/programa-de-bienestar\/derechos-y-deberes\/#breadcrumb\"},\"inLanguage\":\"en-US\",\"potentialAction\":[{\"@type\":\"ReadAction\",\"target\":[\"https:\/\/umecit.edu.pa\/en\/programa-de-bienestar\/derechos-y-deberes\/\"]}]},{\"@type\":\"ImageObject\",\"inLanguage\":\"en-US\",\"@id\":\"https:\/\/umecit.edu.pa\/en\/programa-de-bienestar\/derechos-y-deberes\/#primaryimage\",\"url\":\"https:\/\/umecit.edu.pa\/wp-content\/uploads\/2023\/07\/corte-martillo-libros-juicio-concepto-ley2-1.jpg\",\"contentUrl\":\"https:\/\/umecit.edu.pa\/wp-content\/uploads\/2023\/07\/corte-martillo-libros-juicio-concepto-ley2-1.jpg\",\"width\":876,\"height\":1313},{\"@type\":\"BreadcrumbList\",\"@id\":\"https:\/\/umecit.edu.pa\/en\/programa-de-bienestar\/derechos-y-deberes\/#breadcrumb\",\"itemListElement\":[{\"@type\":\"ListItem\",\"position\":1,\"name\":\"Portada\",\"item\":\"https:\/\/umecit.edu.pa\/\"},{\"@type\":\"ListItem\",\"position\":2,\"name\":\"Programa de Bienestar\",\"item\":\"https:\/\/umecit.edu.pa\/en\/programa-de-bienestar\/\"},{\"@type\":\"ListItem\",\"position\":3,\"name\":\"Derechos y Deberes\"}]},{\"@type\":\"WebSite\",\"@id\":\"https:\/\/umecit.edu.pa\/#website\",\"url\":\"https:\/\/umecit.edu.pa\/\",\"name\":\"Umecit - Universidad en Panam\u00e1\",\"description\":\"Universidad Metropolitana de Educaci\u00f3n, Ciencia y Tecnolog\u00eda\",\"publisher\":{\"@id\":\"https:\/\/umecit.edu.pa\/#organization\"},\"potentialAction\":[{\"@type\":\"SearchAction\",\"target\":{\"@type\":\"EntryPoint\",\"urlTemplate\":\"https:\/\/umecit.edu.pa\/?s={search_term_string}\"},\"query-input\":{\"@type\":\"PropertyValueSpecification\",\"valueRequired\":true,\"valueName\":\"search_term_string\"}}],\"inLanguage\":\"en-US\"},{\"@type\":\"Organization\",\"@id\":\"https:\/\/umecit.edu.pa\/#organization\",\"name\":\"Umecit - Universidad en Panam\u00e1\",\"url\":\"https:\/\/umecit.edu.pa\/\",\"logo\":{\"@type\":\"ImageObject\",\"inLanguage\":\"en-US\",\"@id\":\"https:\/\/umecit.edu.pa\/#\/schema\/logo\/image\/\",\"url\":\"https:\/\/umecit.edu.pa\/wp-content\/uploads\/2022\/06\/panama-7.jpg\",\"contentUrl\":\"https:\/\/umecit.edu.pa\/wp-content\/uploads\/2022\/06\/panama-7.jpg\",\"width\":1200,\"height\":800,\"caption\":\"Umecit - Universidad en Panam\u00e1\"},\"image\":{\"@id\":\"https:\/\/umecit.edu.pa\/#\/schema\/logo\/image\/\"},\"sameAs\":[\"https:\/\/www.facebook.com\/umecitpanama\/\",\"https:\/\/x.com\/umecitpanama\",\"https:\/\/www.tiktok.com\/@umecit\",\"https:\/\/www.instagram.com\/umecit\/\",\"https:\/\/www.youtube.com\/channel\/UCP9iXFXi4p_EW_p9p6lprhg\"]}]}<\/script>\n<!-- \/ Yoast SEO plugin. -->","yoast_head_json":{"title":"Rights and duties","description":"These are the rights of students of the Metropolitan University of Education, Science and Technology \u201cUMECIT\u201d","robots":{"index":"index","follow":"follow","max-snippet":"max-snippet:-1","max-image-preview":"max-image-preview:large","max-video-preview":"max-video-preview:-1"},"canonical":"https:\/\/umecit.edu.pa\/en\/programa-de-bienestar\/derechos-y-deberes\/","og_locale":"en_US","og_type":"article","og_title":"Derechos y Deberes","og_description":"Son derechos de los estudiantes de la Universidad Metropolitana de Educaci\u00f3n, Ciencia y Tecnolog\u00eda \u201cUMECIT\u201d","og_url":"https:\/\/umecit.edu.pa\/en\/programa-de-bienestar\/derechos-y-deberes\/","og_site_name":"Umecit - Universidad en Panam\u00e1","article_publisher":"https:\/\/www.facebook.com\/umecitpanama\/","article_modified_time":"2023-07-11T21:31:04+00:00","og_image":[{"width":876,"height":1313,"url":"https:\/\/umecit.edu.pa\/wp-content\/uploads\/2023\/07\/corte-martillo-libros-juicio-concepto-ley2-1.jpg","type":"image\/jpeg"}],"twitter_card":"summary_large_image","twitter_site":"@umecitpanama","twitter_misc":{"Est. reading time":"4 minutes"},"schema":{"@context":"https:\/\/schema.org","@graph":[{"@type":"WebPage","@id":"https:\/\/umecit.edu.pa\/en\/programa-de-bienestar\/derechos-y-deberes\/","url":"https:\/\/umecit.edu.pa\/en\/programa-de-bienestar\/derechos-y-deberes\/","name":"Rights and duties","isPartOf":{"@id":"https:\/\/umecit.edu.pa\/#website"},"primaryImageOfPage":{"@id":"https:\/\/umecit.edu.pa\/en\/programa-de-bienestar\/derechos-y-deberes\/#primaryimage"},"image":{"@id":"https:\/\/umecit.edu.pa\/en\/programa-de-bienestar\/derechos-y-deberes\/#primaryimage"},"thumbnailUrl":"https:\/\/umecit.edu.pa\/wp-content\/uploads\/2023\/07\/corte-martillo-libros-juicio-concepto-ley2-1.jpg","datePublished":"2023-07-10T23:07:00+00:00","dateModified":"2023-07-11T21:31:04+00:00","description":"These are the rights of students of the Metropolitan University of Education, Science and Technology \u201cUMECIT\u201d","breadcrumb":{"@id":"https:\/\/umecit.edu.pa\/en\/programa-de-bienestar\/derechos-y-deberes\/#breadcrumb"},"inLanguage":"en-US","potentialAction":[{"@type":"ReadAction","target":["https:\/\/umecit.edu.pa\/en\/programa-de-bienestar\/derechos-y-deberes\/"]}]},{"@type":"ImageObject","inLanguage":"en-US","@id":"https:\/\/umecit.edu.pa\/en\/programa-de-bienestar\/derechos-y-deberes\/#primaryimage","url":"https:\/\/umecit.edu.pa\/wp-content\/uploads\/2023\/07\/corte-martillo-libros-juicio-concepto-ley2-1.jpg","contentUrl":"https:\/\/umecit.edu.pa\/wp-content\/uploads\/2023\/07\/corte-martillo-libros-juicio-concepto-ley2-1.jpg","width":876,"height":1313},{"@type":"BreadcrumbList","@id":"https:\/\/umecit.edu.pa\/en\/programa-de-bienestar\/derechos-y-deberes\/#breadcrumb","itemListElement":[{"@type":"ListItem","position":1,"name":"Portada","item":"https:\/\/umecit.edu.pa\/"},{"@type":"ListItem","position":2,"name":"Programa de Bienestar","item":"https:\/\/umecit.edu.pa\/en\/programa-de-bienestar\/"},{"@type":"ListItem","position":3,"name":"Derechos y Deberes"}]},{"@type":"WebSite","@id":"https:\/\/umecit.edu.pa\/#website","url":"https:\/\/umecit.edu.pa\/","name":"Umecit - University in Panama","description":"Metropolitan University of Education, Science and Technology","publisher":{"@id":"https:\/\/umecit.edu.pa\/#organization"},"potentialAction":[{"@type":"SearchAction","target":{"@type":"EntryPoint","urlTemplate":"https:\/\/umecit.edu.pa\/?s={search_term_string}"},"query-input":{"@type":"PropertyValueSpecification","valueRequired":true,"valueName":"search_term_string"}}],"inLanguage":"en-US"},{"@type":"Organization","@id":"https:\/\/umecit.edu.pa\/#organization","name":"Umecit - University in Panama","url":"https:\/\/umecit.edu.pa\/","logo":{"@type":"ImageObject","inLanguage":"en-US","@id":"https:\/\/umecit.edu.pa\/#\/schema\/logo\/image\/","url":"https:\/\/umecit.edu.pa\/wp-content\/uploads\/2022\/06\/panama-7.jpg","contentUrl":"https:\/\/umecit.edu.pa\/wp-content\/uploads\/2022\/06\/panama-7.jpg","width":1200,"height":800,"caption":"Umecit - Universidad en Panam\u00e1"},"image":{"@id":"https:\/\/umecit.edu.pa\/#\/schema\/logo\/image\/"},"sameAs":["https:\/\/www.facebook.com\/umecitpanama\/","https:\/\/x.com\/umecitpanama","https:\/\/www.tiktok.com\/@umecit","https:\/\/www.instagram.com\/umecit\/","https:\/\/www.youtube.com\/channel\/UCP9iXFXi4p_EW_p9p6lprhg"]}]}},"_links":{"self":[{"href":"https:\/\/umecit.edu.pa\/en\/wp-json\/wp\/v2\/pages\/79839","targetHints":{"allow":["GET"]}}],"collection":[{"href":"https:\/\/umecit.edu.pa\/en\/wp-json\/wp\/v2\/pages"}],"about":[{"href":"https:\/\/umecit.edu.pa\/en\/wp-json\/wp\/v2\/types\/page"}],"author":[{"embeddable":true,"href":"https:\/\/umecit.edu.pa\/en\/wp-json\/wp\/v2\/users\/695"}],"replies":[{"embeddable":true,"href":"https:\/\/umecit.edu.pa\/en\/wp-json\/wp\/v2\/comments?post=79839"}],"version-history":[{"count":0,"href":"https:\/\/umecit.edu.pa\/en\/wp-json\/wp\/v2\/pages\/79839\/revisions"}],"up":[{"embeddable":true,"href":"https:\/\/umecit.edu.pa\/en\/wp-json\/wp\/v2\/pages\/13850"}],"wp:featuredmedia":[{"embeddable":true,"href":"https:\/\/umecit.edu.pa\/en\/wp-json\/wp\/v2\/media\/79908"}],"wp:attachment":[{"href":"https:\/\/umecit.edu.pa\/en\/wp-json\/wp\/v2\/media?parent=79839"}],"curies":[{"name":"wp","href":"https:\/\/api.w.org\/{rel}","templated":true}]}}