{"id":40602,"date":"2022-11-28T17:58:53","date_gmt":"2022-11-28T22:58:53","guid":{"rendered":"https:\/\/umecit.edu.pa\/?page_id=40602"},"modified":"2023-05-08T15:47:46","modified_gmt":"2023-05-08T20:47:46","slug":"matricula-permanencia","status":"publish","type":"page","link":"https:\/\/umecit.edu.pa\/en\/ticket\/matricula-permanencia\/","title":{"rendered":"Enrollment \u2013 Permanence"},"content":{"rendered":"<div data-elementor-type=\"wp-page\" data-elementor-id=\"40602\" class=\"elementor elementor-40602\" data-elementor-post-type=\"page\">\n\t\t\t\t\t\t<section class=\"elementor-section elementor-top-section elementor-element elementor-element-53cd23f elementor-section-stretched elementor-section-boxed elementor-section-height-default elementor-section-height-default row-top\" data-id=\"53cd23f\" data-element_type=\"section\" data-e-type=\"section\" data-settings=\"{&quot;stretch_section&quot;:&quot;section-stretched&quot;,&quot;background_background&quot;:&quot;classic&quot;}\">\n\t\t\t\t\t\t<div class=\"elementor-container elementor-column-gap-default\">\n\t\t\t\t\t<div class=\"elementor-column elementor-col-100 elementor-top-column elementor-element elementor-element-ba70a2f column-style-top\" data-id=\"ba70a2f\" data-element_type=\"column\" data-e-type=\"column\">\n\t\t\t<div class=\"elementor-widget-wrap elementor-element-populated\">\n\t\t\t\t\t\t<div class=\"elementor-element elementor-element-0e5539c elementor-hidden-mobile elementor-widget elementor-widget-gva-navigation-menu\" data-id=\"0e5539c\" data-element_type=\"widget\" data-e-type=\"widget\" data-widget_type=\"gva-navigation-menu.default\">\n\t\t\t\t<div class=\"elementor-widget-container\">\n\t\t\t\t\t<div class=\"gva-element-gva-navigation-menu gva-element\">   <div class=\"gva-navigation-menu  menu-align-center\">\r\n      <div class=\"menu-ticket-container\"><ul id=\"menu-ukx3\" class=\"gva-nav-menu gva-main-menu\"><li id=\"menu-item-57465\" class=\"menu-item menu-item-type-post_type menu-item-object-page menu-item-57465\"><a href=\"https:\/\/umecit.edu.pa\/en\/ticket\/plataformas\/\" onclick=\"return true\"><span class=\"menu-title\">platforms<\/span><\/a><\/li>\n<li id=\"menu-item-57468\" class=\"menu-item menu-item-type-post_type menu-item-object-page menu-item-57468\"><a href=\"https:\/\/umecit.edu.pa\/en\/ticket\/matricula-matricula\/\" onclick=\"return true\"><span class=\"menu-title\">Tuition<\/span><\/a><\/li>\n<li id=\"menu-item-57466\" class=\"menu-item menu-item-type-post_type menu-item-object-page menu-item-57466\"><a href=\"https:\/\/umecit.edu.pa\/en\/ticket\/matricula-retiro\/\" onclick=\"return true\"><span class=\"menu-title\">Withdrawal<\/span><\/a><\/li>\n<li id=\"menu-item-57467\" class=\"menu-item menu-item-type-post_type menu-item-object-page menu-item-57467\"><a href=\"https:\/\/umecit.edu.pa\/en\/ticket\/matricula-permanencia\/\" onclick=\"return true\"><span class=\"menu-title\">Permanence<\/span><\/a><\/li>\n<li id=\"menu-item-57469\" class=\"menu-item menu-item-type-post_type menu-item-object-page menu-item-57469\"><a href=\"https:\/\/umecit.edu.pa\/en\/ticket\/grados\/\" onclick=\"return true\"><span class=\"menu-title\">Degrees<\/span><\/a><\/li>\n<li id=\"menu-item-57472\" class=\"menu-item menu-item-type-post_type menu-item-object-page menu-item-57472\"><a href=\"https:\/\/umecit.edu.pa\/en\/ticket\/academicos-notas\/\" onclick=\"return true\"><span class=\"menu-title\">Grades<\/span><\/a><\/li>\n<li id=\"menu-item-57470\" class=\"menu-item menu-item-type-post_type menu-item-object-page menu-item-57470\"><a href=\"https:\/\/umecit.edu.pa\/en\/ticket\/financieros\/\" onclick=\"return true\"><span class=\"menu-title\">financial<\/span><\/a><\/li>\n<li id=\"menu-item-57471\" class=\"menu-item menu-item-type-post_type menu-item-object-page menu-item-57471\"><a href=\"https:\/\/umecit.edu.pa\/en\/ticket\/certificaciones-estudiantiles\/\" onclick=\"return true\"><span class=\"menu-title\">Student Certifications<\/span><\/a><\/li>\n<\/ul><\/div>   <\/div><\/div>\t\t\t\t<\/div>\n\t\t\t\t<\/div>\n\t\t\t\t\t<\/div>\n\t\t<\/div>\n\t\t\t\t\t<\/div>\n\t\t<\/section>\n\t\t\t\t<section class=\"elementor-section elementor-top-section elementor-element elementor-element-7f9a5c9 elementor-section-boxed elementor-section-height-default elementor-section-height-default row-top\" data-id=\"7f9a5c9\" data-element_type=\"section\" data-e-type=\"section\" data-settings=\"{&quot;background_background&quot;:&quot;classic&quot;}\">\n\t\t\t\t\t\t<div class=\"elementor-container elementor-column-gap-default\">\n\t\t\t\t\t<div class=\"elementor-column elementor-col-100 elementor-top-column elementor-element elementor-element-190f44f column-style-top\" data-id=\"190f44f\" data-element_type=\"column\" data-e-type=\"column\">\n\t\t\t<div class=\"elementor-widget-wrap elementor-element-populated\">\n\t\t\t\t\t\t<section class=\"elementor-section elementor-inner-section elementor-element elementor-element-19cf4fb elementor-section-boxed elementor-section-height-default elementor-section-height-default row-top\" data-id=\"19cf4fb\" data-element_type=\"section\" data-e-type=\"section\">\n\t\t\t\t\t\t<div class=\"elementor-container elementor-column-gap-default\">\n\t\t\t\t\t<div class=\"elementor-column elementor-col-50 elementor-inner-column elementor-element elementor-element-fef056f column-style-top\" data-id=\"fef056f\" data-element_type=\"column\" data-e-type=\"column\" data-settings=\"{&quot;background_background&quot;:&quot;classic&quot;}\">\n\t\t\t<div class=\"elementor-widget-wrap elementor-element-populated\">\n\t\t\t\t\t\t<div class=\"elementor-element elementor-element-886b97e elementor-widget elementor-widget-heading\" data-id=\"886b97e\" data-element_type=\"widget\" data-e-type=\"widget\" data-widget_type=\"heading.default\">\n\t\t\t\t<div class=\"elementor-widget-container\">\n\t\t\t\t\t<h2 class=\"elementor-heading-title elementor-size-default\">Umecit solves your concerns<\/h2>\t\t\t\t<\/div>\n\t\t\t\t<\/div>\n\t\t\t\t<div class=\"elementor-element elementor-element-bb2a261 elementor-widget elementor-widget-heading\" data-id=\"bb2a261\" data-element_type=\"widget\" data-e-type=\"widget\" data-widget_type=\"heading.default\">\n\t\t\t\t<div class=\"elementor-widget-container\">\n\t\t\t\t\t<h1 class=\"elementor-heading-title elementor-size-default\">Enrollment - Permanence<\/h1>\t\t\t\t<\/div>\n\t\t\t\t<\/div>\n\t\t\t\t<div class=\"elementor-element elementor-element-a504d6e elementor-view-stacked elementor-position-inline-start icon-box-left elementor-mobile-position-inline-start elementor-shape-circle elementor-widget elementor-widget-icon-box\" data-id=\"a504d6e\" data-element_type=\"widget\" data-e-type=\"widget\" data-widget_type=\"icon-box.default\">\n\t\t\t\t<div class=\"elementor-widget-container\">\n\t\t\t\t\t\t\t<div class=\"elementor-icon-box-wrapper\">\n\n\t\t\t\t\t\t<div class=\"elementor-icon-box-icon\">\n\t\t\t\t<span  class=\"elementor-icon\">\n\t\t\t\t<i aria-hidden=\"true\" class=\"flaticon-exam\"><\/i>\t\t\t\t<\/span>\n\t\t\t<\/div>\n\t\t\t\n\t\t\t\t\t\t<div class=\"elementor-icon-box-content\">\n\n\t\t\t\t\t\t\t\t\t<h3 class=\"elementor-icon-box-title\">\n\t\t\t\t\t\t<span  >\n\t\t\t\t\t\t\tfill out this form\t\t\t\t\t\t<\/span>\n\t\t\t\t\t<\/h3>\n\t\t\t\t\n\t\t\t\t\t\t\t\t\t<p class=\"elementor-icon-box-description\">\n\t\t\t\t\t\twith your request and you will receive a confirmation email with the ticket number for follow-up with the area in charge.\n\n\t\t\t\t\t<\/p>\n\t\t\t\t\n\t\t\t<\/div>\n\t\t\t\n\t\t<\/div>\n\t\t\t\t\t\t<\/div>\n\t\t\t\t<\/div>\n\t\t\t\t<div class=\"elementor-element elementor-element-bee3b07 elementor-view-stacked elementor-position-inline-start icon-box-left elementor-mobile-position-inline-start elementor-shape-circle elementor-widget elementor-widget-icon-box\" data-id=\"bee3b07\" data-element_type=\"widget\" data-e-type=\"widget\" data-widget_type=\"icon-box.default\">\n\t\t\t\t<div class=\"elementor-widget-container\">\n\t\t\t\t\t\t\t<div class=\"elementor-icon-box-wrapper\">\n\n\t\t\t\t\t\t<div class=\"elementor-icon-box-icon\">\n\t\t\t\t<span  class=\"elementor-icon\">\n\t\t\t\t<i aria-hidden=\"true\" class=\"flaticon-checklist\"><\/i>\t\t\t\t<\/span>\n\t\t\t<\/div>\n\t\t\t\n\t\t\t\t\t\t<div class=\"elementor-icon-box-content\">\n\n\t\t\t\t\t\t\t\t\t<h3 class=\"elementor-icon-box-title\">\n\t\t\t\t\t\t<span  >\n\t\t\t\t\t\t\tDo not forget to fill in all the fields\t\t\t\t\t\t<\/span>\n\t\t\t\t\t<\/h3>\n\t\t\t\t\n\t\t\t\t\t\t\t\t\t<p class=\"elementor-icon-box-description\">\n\t\t\t\t\t\tWith accurate and updated information to expedite the care process of our CASU University Care and Service Center team\n\t\t\t\t\t<\/p>\n\t\t\t\t\n\t\t\t<\/div>\n\t\t\t\n\t\t<\/div>\n\t\t\t\t\t\t<\/div>\n\t\t\t\t<\/div>\n\t\t\t\t<div class=\"elementor-element elementor-element-97596ff elementor-widget elementor-widget-gva-image-content\" data-id=\"97596ff\" data-element_type=\"widget\" data-e-type=\"widget\" data-widget_type=\"gva-image-content.default\">\n\t\t\t\t<div class=\"elementor-widget-container\">\n\t\t\t\t\t<div class=\"gva-element-gva-image-content gva-element\">\t\t\r\n\t  \r\n\t \r\n\t  \r\n\r\n\t\r\n\t<div class=\"clearfix gsc-image-content skin-v4\">\r\n\t  \r\n\t  \t\t <div class=\"image\">\r\n\t\t \t<div class=\"image-inner\">\r\n\t\t\t\t\t\t  <a href=\"#\">\r\n\t\t\t <img decoding=\"async\" src=\"http:\/\/umecit.edu.pa\/wp-content\/uploads\/2022\/08\/F-crm.jpg\" alt=\"\" \/>\t\t  <\/a>\r\n\t\t    \r\n\t\t\t<\/div>\r\n\t\t\t<div class=\"line-color\"><\/div>\r\n\t\t <\/div>\r\n\t  \r\n\t  \t\t <div class=\"image-second\">\r\n\t\t\t<div class=\"image-second-inner\">\r\n\t\t\t  \t\t  <a href=\"#\">\r\n\t\t\t <img decoding=\"async\" src=\"http:\/\/umecit.edu.pa\/wp-content\/uploads\/2022\/08\/F-Pqr2-2.jpg\" alt=\"\" \/>\t\t  <\/a>\r\n\t\t    \r\n\t\t\t<\/div>  \r\n\t\t <\/div>\r\n\t  \r\n\t<\/div>\r\n \r\n\r\n  \r\n\r\n \r\n\r\n <\/div>\t\t\t\t<\/div>\n\t\t\t\t<\/div>\n\t\t\t\t\t<\/div>\n\t\t<\/div>\n\t\t\t\t<div class=\"elementor-column elementor-col-50 elementor-inner-column elementor-element elementor-element-363bbce column-style-top\" data-id=\"363bbce\" data-element_type=\"column\" data-e-type=\"column\" data-settings=\"{&quot;background_background&quot;:&quot;classic&quot;}\">\n\t\t\t<div class=\"elementor-widget-wrap elementor-element-populated\">\n\t\t\t\t\t\t<div class=\"elementor-element elementor-element-cb032a0 elementor-widget elementor-widget-gva-heading-block\" data-id=\"cb032a0\" data-element_type=\"widget\" data-e-type=\"widget\" data-widget_type=\"gva-heading-block.default\">\n\t\t\t\t<div class=\"elementor-widget-container\">\n\t\t\t\t\t<div class=\"gva-element-gva-heading-block gva-element\">   <div class=\"align-left style-1 widget gsc-heading box-align-left auto-responsive\">\r\n      <div class=\"content-inner\">\r\n         \r\n                  \r\n                     <div class=\"sub-title\"><span>Ticket System<\/span><\/div>\r\n           \r\n         \r\n                     <h2 class=\"title\">\r\n               <span>fill out this form <\/span>\r\n            <\/h2>\r\n                  \r\n         \r\n      <\/div>\r\n   <\/div>\r\n<\/div>\t\t\t\t<\/div>\n\t\t\t\t<\/div>\n\t\t\t\t<div class=\"elementor-element elementor-element-3d746e8 elementor-widget elementor-widget-html\" data-id=\"3d746e8\" data-element_type=\"widget\" data-e-type=\"widget\" data-widget_type=\"html.default\">\n\t\t\t\t<div class=\"elementor-widget-container\">\n\t\t\t\t\t<div class=\"datacrm_webforms\" style=\"height: 1050px;\" data-webformidentificator=\"https:\/\/server8.datacrm.la\/datacrm\/umecit\/index.php?module=WForms&view=PublicLink&uniqueId=MTY2OTMyNzAzNy40MzAy\"><script src=\"https:\/\/integraciones.datacrm.la\/datacrm\/iframewebforms\/libraryiframe.min.js\"><\/script><\/div>\t\t\t\t<\/div>\n\t\t\t\t<\/div>\n\t\t\t\t\t<\/div>\n\t\t<\/div>\n\t\t\t\t\t<\/div>\n\t\t<\/section>\n\t\t\t\t\t<\/div>\n\t\t<\/div>\n\t\t\t\t\t<\/div>\n\t\t<\/section>\n\t\t\t\t<\/div>","protected":false},"excerpt":{"rendered":"<p>Plataformas Matr\u00edcula Retiro Permanencia Grados Notas Financieros Certificaciones Estudiantiles Umecit resuelve tus inquietudes Matr\u00edcula &#8211; Permanencia Llena este formulario con tu requerimiento y recibir\u00e1s un correo de confirmaci\u00f3n con el n\u00famero del ticket para seguimiento con el \u00e1rea encargada. No olvides completar todos los campos Con la informaci\u00f3n precisa y actualizada para agilizar el proceso [&hellip;]<\/p>\n","protected":false},"author":695,"featured_media":0,"parent":39968,"menu_order":0,"comment_status":"closed","ping_status":"closed","template":"","meta":{"footnotes":""},"class_list":["post-40602","page","type-page","status-publish","hentry"],"yoast_head":"<!-- This site is optimized with the Yoast SEO plugin v27.1.1 - https:\/\/yoast.com\/product\/yoast-seo-wordpress\/ -->\n<title>Matr\u00edcula - Permanencia - Umecit - Universidad en Panam\u00e1<\/title>\n<meta name=\"robots\" content=\"index, follow, max-snippet:-1, max-image-preview:large, max-video-preview:-1\" \/>\n<link rel=\"canonical\" href=\"https:\/\/umecit.edu.pa\/en\/ticket\/matricula-permanencia\/\" \/>\n<meta property=\"og:locale\" content=\"en_US\" \/>\n<meta property=\"og:type\" content=\"article\" \/>\n<meta property=\"og:title\" content=\"Matr\u00edcula - Permanencia - Umecit - Universidad en Panam\u00e1\" \/>\n<meta property=\"og:description\" content=\"Plataformas Matr\u00edcula Retiro Permanencia Grados Notas Financieros Certificaciones Estudiantiles Umecit resuelve tus inquietudes Matr\u00edcula &#8211; Permanencia Llena este formulario con tu requerimiento y recibir\u00e1s un correo de confirmaci\u00f3n con el n\u00famero del ticket para seguimiento con el \u00e1rea encargada. No olvides completar todos los campos Con la informaci\u00f3n precisa y actualizada para agilizar el proceso [&hellip;]\" \/>\n<meta property=\"og:url\" content=\"https:\/\/umecit.edu.pa\/en\/ticket\/matricula-permanencia\/\" \/>\n<meta property=\"og:site_name\" content=\"Umecit - Universidad en Panam\u00e1\" \/>\n<meta property=\"article:publisher\" content=\"https:\/\/www.facebook.com\/umecitpanama\/\" \/>\n<meta property=\"article:modified_time\" content=\"2023-05-08T20:47:46+00:00\" \/>\n<meta property=\"og:image\" content=\"http:\/\/umecit.edu.pa\/wp-content\/uploads\/2022\/08\/F-crm.jpg\" \/>\n<meta name=\"twitter:card\" content=\"summary_large_image\" \/>\n<meta name=\"twitter:site\" content=\"@umecitpanama\" \/>\n<meta name=\"twitter:label1\" content=\"Est. reading time\" \/>\n\t<meta name=\"twitter:data1\" content=\"1 minute\" \/>\n<script type=\"application\/ld+json\" class=\"yoast-schema-graph\">{\"@context\":\"https:\/\/schema.org\",\"@graph\":[{\"@type\":\"WebPage\",\"@id\":\"https:\/\/umecit.edu.pa\/ticket\/matricula-permanencia\/\",\"url\":\"https:\/\/umecit.edu.pa\/ticket\/matricula-permanencia\/\",\"name\":\"Matr\u00edcula - Permanencia - Umecit - Universidad en Panam\u00e1\",\"isPartOf\":{\"@id\":\"https:\/\/umecit.edu.pa\/#website\"},\"primaryImageOfPage\":{\"@id\":\"https:\/\/umecit.edu.pa\/ticket\/matricula-permanencia\/#primaryimage\"},\"image\":{\"@id\":\"https:\/\/umecit.edu.pa\/ticket\/matricula-permanencia\/#primaryimage\"},\"thumbnailUrl\":\"http:\/\/umecit.edu.pa\/wp-content\/uploads\/2022\/08\/F-crm.jpg\",\"datePublished\":\"2022-11-28T22:58:53+00:00\",\"dateModified\":\"2023-05-08T20:47:46+00:00\",\"breadcrumb\":{\"@id\":\"https:\/\/umecit.edu.pa\/ticket\/matricula-permanencia\/#breadcrumb\"},\"inLanguage\":\"en-US\",\"potentialAction\":[{\"@type\":\"ReadAction\",\"target\":[\"https:\/\/umecit.edu.pa\/ticket\/matricula-permanencia\/\"]}]},{\"@type\":\"ImageObject\",\"inLanguage\":\"en-US\",\"@id\":\"https:\/\/umecit.edu.pa\/ticket\/matricula-permanencia\/#primaryimage\",\"url\":\"http:\/\/umecit.edu.pa\/wp-content\/uploads\/2022\/08\/F-crm.jpg\",\"contentUrl\":\"http:\/\/umecit.edu.pa\/wp-content\/uploads\/2022\/08\/F-crm.jpg\"},{\"@type\":\"BreadcrumbList\",\"@id\":\"https:\/\/umecit.edu.pa\/ticket\/matricula-permanencia\/#breadcrumb\",\"itemListElement\":[{\"@type\":\"ListItem\",\"position\":1,\"name\":\"Portada\",\"item\":\"https:\/\/umecit.edu.pa\/\"},{\"@type\":\"ListItem\",\"position\":2,\"name\":\"Ticket\",\"item\":\"https:\/\/umecit.edu.pa\/ticket\/\"},{\"@type\":\"ListItem\",\"position\":3,\"name\":\"Matr\u00edcula &#8211; Permanencia\"}]},{\"@type\":\"WebSite\",\"@id\":\"https:\/\/umecit.edu.pa\/#website\",\"url\":\"https:\/\/umecit.edu.pa\/\",\"name\":\"Umecit - Universidad en Panam\u00e1\",\"description\":\"Universidad Metropolitana de Educaci\u00f3n, Ciencia y Tecnolog\u00eda\",\"publisher\":{\"@id\":\"https:\/\/umecit.edu.pa\/#organization\"},\"potentialAction\":[{\"@type\":\"SearchAction\",\"target\":{\"@type\":\"EntryPoint\",\"urlTemplate\":\"https:\/\/umecit.edu.pa\/?s={search_term_string}\"},\"query-input\":{\"@type\":\"PropertyValueSpecification\",\"valueRequired\":true,\"valueName\":\"search_term_string\"}}],\"inLanguage\":\"en-US\"},{\"@type\":\"Organization\",\"@id\":\"https:\/\/umecit.edu.pa\/#organization\",\"name\":\"Umecit - Universidad en Panam\u00e1\",\"url\":\"https:\/\/umecit.edu.pa\/\",\"logo\":{\"@type\":\"ImageObject\",\"inLanguage\":\"en-US\",\"@id\":\"https:\/\/umecit.edu.pa\/#\/schema\/logo\/image\/\",\"url\":\"https:\/\/umecit.edu.pa\/wp-content\/uploads\/2022\/06\/panama-7.jpg\",\"contentUrl\":\"https:\/\/umecit.edu.pa\/wp-content\/uploads\/2022\/06\/panama-7.jpg\",\"width\":1200,\"height\":800,\"caption\":\"Umecit - Universidad en Panam\u00e1\"},\"image\":{\"@id\":\"https:\/\/umecit.edu.pa\/#\/schema\/logo\/image\/\"},\"sameAs\":[\"https:\/\/www.facebook.com\/umecitpanama\/\",\"https:\/\/x.com\/umecitpanama\",\"https:\/\/www.tiktok.com\/@umecit\",\"https:\/\/www.instagram.com\/umecit\/\",\"https:\/\/www.youtube.com\/channel\/UCP9iXFXi4p_EW_p9p6lprhg\"]}]}<\/script>\n<!-- \/ Yoast SEO plugin. -->","yoast_head_json":{"title":"Enrollment - Permanence - Umecit - University in Panama","robots":{"index":"index","follow":"follow","max-snippet":"max-snippet:-1","max-image-preview":"max-image-preview:large","max-video-preview":"max-video-preview:-1"},"canonical":"https:\/\/umecit.edu.pa\/en\/ticket\/matricula-permanencia\/","og_locale":"en_US","og_type":"article","og_title":"Matr\u00edcula - Permanencia - Umecit - Universidad en Panam\u00e1","og_description":"Plataformas Matr\u00edcula Retiro Permanencia Grados Notas Financieros Certificaciones Estudiantiles Umecit resuelve tus inquietudes Matr\u00edcula &#8211; Permanencia Llena este formulario con tu requerimiento y recibir\u00e1s un correo de confirmaci\u00f3n con el n\u00famero del ticket para seguimiento con el \u00e1rea encargada. No olvides completar todos los campos Con la informaci\u00f3n precisa y actualizada para agilizar el proceso [&hellip;]","og_url":"https:\/\/umecit.edu.pa\/en\/ticket\/matricula-permanencia\/","og_site_name":"Umecit - Universidad en Panam\u00e1","article_publisher":"https:\/\/www.facebook.com\/umecitpanama\/","article_modified_time":"2023-05-08T20:47:46+00:00","og_image":[{"url":"http:\/\/umecit.edu.pa\/wp-content\/uploads\/2022\/08\/F-crm.jpg","type":"","width":"","height":""}],"twitter_card":"summary_large_image","twitter_site":"@umecitpanama","twitter_misc":{"Est. reading time":"1 minute"},"schema":{"@context":"https:\/\/schema.org","@graph":[{"@type":"WebPage","@id":"https:\/\/umecit.edu.pa\/ticket\/matricula-permanencia\/","url":"https:\/\/umecit.edu.pa\/ticket\/matricula-permanencia\/","name":"Enrollment - Permanence - Umecit - University in Panama","isPartOf":{"@id":"https:\/\/umecit.edu.pa\/#website"},"primaryImageOfPage":{"@id":"https:\/\/umecit.edu.pa\/ticket\/matricula-permanencia\/#primaryimage"},"image":{"@id":"https:\/\/umecit.edu.pa\/ticket\/matricula-permanencia\/#primaryimage"},"thumbnailUrl":"http:\/\/umecit.edu.pa\/wp-content\/uploads\/2022\/08\/F-crm.jpg","datePublished":"2022-11-28T22:58:53+00:00","dateModified":"2023-05-08T20:47:46+00:00","breadcrumb":{"@id":"https:\/\/umecit.edu.pa\/ticket\/matricula-permanencia\/#breadcrumb"},"inLanguage":"en-US","potentialAction":[{"@type":"ReadAction","target":["https:\/\/umecit.edu.pa\/ticket\/matricula-permanencia\/"]}]},{"@type":"ImageObject","inLanguage":"en-US","@id":"https:\/\/umecit.edu.pa\/ticket\/matricula-permanencia\/#primaryimage","url":"http:\/\/umecit.edu.pa\/wp-content\/uploads\/2022\/08\/F-crm.jpg","contentUrl":"http:\/\/umecit.edu.pa\/wp-content\/uploads\/2022\/08\/F-crm.jpg"},{"@type":"BreadcrumbList","@id":"https:\/\/umecit.edu.pa\/ticket\/matricula-permanencia\/#breadcrumb","itemListElement":[{"@type":"ListItem","position":1,"name":"Portada","item":"https:\/\/umecit.edu.pa\/"},{"@type":"ListItem","position":2,"name":"Ticket","item":"https:\/\/umecit.edu.pa\/ticket\/"},{"@type":"ListItem","position":3,"name":"Matr\u00edcula &#8211; Permanencia"}]},{"@type":"WebSite","@id":"https:\/\/umecit.edu.pa\/#website","url":"https:\/\/umecit.edu.pa\/","name":"Umecit - University in Panama","description":"Metropolitan University of Education, Science and Technology","publisher":{"@id":"https:\/\/umecit.edu.pa\/#organization"},"potentialAction":[{"@type":"SearchAction","target":{"@type":"EntryPoint","urlTemplate":"https:\/\/umecit.edu.pa\/?s={search_term_string}"},"query-input":{"@type":"PropertyValueSpecification","valueRequired":true,"valueName":"search_term_string"}}],"inLanguage":"en-US"},{"@type":"Organization","@id":"https:\/\/umecit.edu.pa\/#organization","name":"Umecit - University in Panama","url":"https:\/\/umecit.edu.pa\/","logo":{"@type":"ImageObject","inLanguage":"en-US","@id":"https:\/\/umecit.edu.pa\/#\/schema\/logo\/image\/","url":"https:\/\/umecit.edu.pa\/wp-content\/uploads\/2022\/06\/panama-7.jpg","contentUrl":"https:\/\/umecit.edu.pa\/wp-content\/uploads\/2022\/06\/panama-7.jpg","width":1200,"height":800,"caption":"Umecit - Universidad en Panam\u00e1"},"image":{"@id":"https:\/\/umecit.edu.pa\/#\/schema\/logo\/image\/"},"sameAs":["https:\/\/www.facebook.com\/umecitpanama\/","https:\/\/x.com\/umecitpanama","https:\/\/www.tiktok.com\/@umecit","https:\/\/www.instagram.com\/umecit\/","https:\/\/www.youtube.com\/channel\/UCP9iXFXi4p_EW_p9p6lprhg"]}]}},"_links":{"self":[{"href":"https:\/\/umecit.edu.pa\/en\/wp-json\/wp\/v2\/pages\/40602","targetHints":{"allow":["GET"]}}],"collection":[{"href":"https:\/\/umecit.edu.pa\/en\/wp-json\/wp\/v2\/pages"}],"about":[{"href":"https:\/\/umecit.edu.pa\/en\/wp-json\/wp\/v2\/types\/page"}],"author":[{"embeddable":true,"href":"https:\/\/umecit.edu.pa\/en\/wp-json\/wp\/v2\/users\/695"}],"replies":[{"embeddable":true,"href":"https:\/\/umecit.edu.pa\/en\/wp-json\/wp\/v2\/comments?post=40602"}],"version-history":[{"count":0,"href":"https:\/\/umecit.edu.pa\/en\/wp-json\/wp\/v2\/pages\/40602\/revisions"}],"up":[{"embeddable":true,"href":"https:\/\/umecit.edu.pa\/en\/wp-json\/wp\/v2\/pages\/39968"}],"wp:attachment":[{"href":"https:\/\/umecit.edu.pa\/en\/wp-json\/wp\/v2\/media?parent=40602"}],"curies":[{"name":"wp","href":"https:\/\/api.w.org\/{rel}","templated":true}]}}