{"id":34963,"date":"2022-10-25T15:26:21","date_gmt":"2022-10-25T20:26:21","guid":{"rendered":"https:\/\/nueva.umecit.edu.pa\/?page_id=34963"},"modified":"2024-11-25T11:54:29","modified_gmt":"2024-11-25T16:54:29","slug":"convenios-especificos-internacional","status":"publish","type":"page","link":"https:\/\/umecit.edu.pa\/en\/admisiones\/convenios-especificos-internacional\/","title":{"rendered":"International Specific Agreements"},"content":{"rendered":"<div data-elementor-type=\"wp-page\" data-elementor-id=\"34963\" class=\"elementor elementor-34963\" data-elementor-post-type=\"page\">\n\t\t\t\t\t\t<section class=\"elementor-section elementor-top-section elementor-element elementor-element-ead74bb elementor-section-boxed elementor-section-height-default elementor-section-height-default row-top\" data-id=\"ead74bb\" data-element_type=\"section\" data-e-type=\"section\" data-settings=\"{&quot;background_background&quot;:&quot;classic&quot;}\">\n\t\t\t\t\t\t<div class=\"elementor-container elementor-column-gap-default\">\n\t\t\t\t\t<div class=\"elementor-column elementor-col-100 elementor-top-column elementor-element elementor-element-43ce68b column-style-top\" data-id=\"43ce68b\" data-element_type=\"column\" data-e-type=\"column\">\n\t\t\t<div class=\"elementor-widget-wrap elementor-element-populated\">\n\t\t\t\t\t\t<section class=\"elementor-section elementor-inner-section elementor-element elementor-element-3bf24b2 elementor-section-boxed elementor-section-height-default elementor-section-height-default row-top\" data-id=\"3bf24b2\" data-element_type=\"section\" data-e-type=\"section\">\n\t\t\t\t\t\t<div class=\"elementor-container elementor-column-gap-default\">\n\t\t\t\t\t<div class=\"elementor-column elementor-col-50 elementor-inner-column elementor-element elementor-element-3afcdc8 column-style-top\" data-id=\"3afcdc8\" data-element_type=\"column\" data-e-type=\"column\">\n\t\t\t<div class=\"elementor-widget-wrap elementor-element-populated\">\n\t\t\t\t\t\t<div class=\"elementor-element elementor-element-b781f96 elementor-widget elementor-widget-heading\" data-id=\"b781f96\" data-element_type=\"widget\" data-e-type=\"widget\" data-widget_type=\"heading.default\">\n\t\t\t\t<div class=\"elementor-widget-container\">\n\t\t\t\t\t<h2 class=\"elementor-heading-title elementor-size-default\">Admissions<\/h2>\t\t\t\t<\/div>\n\t\t\t\t<\/div>\n\t\t\t\t<div class=\"elementor-element elementor-element-7b932fe elementor-widget elementor-widget-heading\" data-id=\"7b932fe\" data-element_type=\"widget\" data-e-type=\"widget\" data-widget_type=\"heading.default\">\n\t\t\t\t<div class=\"elementor-widget-container\">\n\t\t\t\t\t<h2 class=\"elementor-heading-title elementor-size-default\">Agreements<\/h2>\t\t\t\t<\/div>\n\t\t\t\t<\/div>\n\t\t\t\t\t<\/div>\n\t\t<\/div>\n\t\t\t\t<div class=\"elementor-column elementor-col-50 elementor-inner-column elementor-element elementor-element-ffff526 column-style-top\" data-id=\"ffff526\" data-element_type=\"column\" data-e-type=\"column\">\n\t\t\t<div class=\"elementor-widget-wrap\">\n\t\t\t\t\t\t\t<\/div>\n\t\t<\/div>\n\t\t\t\t\t<\/div>\n\t\t<\/section>\n\t\t\t\t<section class=\"elementor-section elementor-inner-section elementor-element elementor-element-2c509b5 elementor-section-boxed elementor-section-height-default elementor-section-height-default row-top\" data-id=\"2c509b5\" data-element_type=\"section\" data-e-type=\"section\">\n\t\t\t\t\t\t<div class=\"elementor-container elementor-column-gap-default\">\n\t\t\t\t\t<div class=\"elementor-column elementor-col-50 elementor-inner-column elementor-element elementor-element-6e5d0f7 column-style-top\" data-id=\"6e5d0f7\" data-element_type=\"column\" data-e-type=\"column\">\n\t\t\t<div class=\"elementor-widget-wrap elementor-element-populated\">\n\t\t\t\t\t\t<div class=\"elementor-element elementor-element-556c122 elementor-widget elementor-widget-text-editor\" data-id=\"556c122\" data-element_type=\"widget\" data-e-type=\"widget\" data-widget_type=\"text-editor.default\">\n\t\t\t\t<div class=\"elementor-widget-container\">\n\t\t\t\t\t\t\t\t\t<p>The agreements signed by the Metropolitan University of Education, Science and Technology are a way of maintaining joint coordination with public or private, international or national institutions, which specify cooperation in those areas of common interest in which both parties can carry out research work. research, extension and teaching. The foregoing through joint actions and joint coordination of human and technical resources.<\/p>\t\t\t\t\t\t\t\t<\/div>\n\t\t\t\t<\/div>\n\t\t\t\t\t<\/div>\n\t\t<\/div>\n\t\t\t\t<div class=\"elementor-column elementor-col-50 elementor-inner-column elementor-element elementor-element-2e443c2 column-style-top\" data-id=\"2e443c2\" data-element_type=\"column\" data-e-type=\"column\">\n\t\t\t<div class=\"elementor-widget-wrap elementor-element-populated\">\n\t\t\t\t\t\t<div class=\"elementor-element elementor-element-f762291 elementor-widget elementor-widget-text-editor\" data-id=\"f762291\" data-element_type=\"widget\" data-e-type=\"widget\" data-widget_type=\"text-editor.default\">\n\t\t\t\t<div class=\"elementor-widget-container\">\n\t\t\t\t\t\t\t\t\t<p>The purpose of the proposed agreements is to promote the development of higher education, scientific and technological research, and the holding of outreach events for the community. Similarly, it seeks to undertake actions in order to exceed the academic level of teaching, professional practice and university social work in a perspective of integration of efforts.<\/p><p>The agreements that are presented below are a benefit for the entire university community, developing national and international mobility through internships.<\/p>\t\t\t\t\t\t\t\t<\/div>\n\t\t\t\t<\/div>\n\t\t\t\t\t<\/div>\n\t\t<\/div>\n\t\t\t\t\t<\/div>\n\t\t<\/section>\n\t\t\t\t\t<\/div>\n\t\t<\/div>\n\t\t\t\t\t<\/div>\n\t\t<\/section>\n\t\t\t\t<section class=\"elementor-section elementor-top-section elementor-element elementor-element-f4ec99b elementor-section-boxed elementor-section-height-default elementor-section-height-default row-top\" data-id=\"f4ec99b\" data-element_type=\"section\" data-e-type=\"section\" id=\"especificos-internacional\">\n\t\t\t\t\t\t<div class=\"elementor-container elementor-column-gap-default\">\n\t\t\t\t\t<div class=\"elementor-column elementor-col-50 elementor-top-column elementor-element elementor-element-9c90b3b column-style-top\" data-id=\"9c90b3b\" data-element_type=\"column\" data-e-type=\"column\">\n\t\t\t<div class=\"elementor-widget-wrap elementor-element-populated\">\n\t\t\t\t\t\t<div class=\"elementor-element elementor-element-f51ff33 elementor-widget elementor-widget-wp-widget-nav_menu\" data-id=\"f51ff33\" data-element_type=\"widget\" data-e-type=\"widget\" data-widget_type=\"wp-widget-nav_menu.default\">\n\t\t\t\t<div class=\"elementor-widget-container\">\n\t\t\t\t\t<div class=\"menu-convenios-container\"><ul id=\"menu-convenios\" class=\"menu\"><li id=\"menu-item-34825\" class=\"menu-item menu-item-type-custom menu-item-object-custom menu-item-34825\"><a href=\"https:\/\/umecit.edu.pa\/en\/admisiones\/convenios-alianza\/#alianza\" onclick=\"return true\">Alliance<\/a><\/li>\n<li id=\"menu-item-34828\" class=\"menu-item menu-item-type-custom menu-item-object-custom menu-item-34828\"><a href=\"https:\/\/umecit.edu.pa\/en\/admisiones\/convenios-alianza-internacional\/#alianza-internacional\" onclick=\"return true\">International Alliance<\/a><\/li>\n<li id=\"menu-item-34824\" class=\"menu-item menu-item-type-custom menu-item-object-custom menu-item-34824\"><a href=\"https:\/\/umecit.edu.pa\/en\/admisiones\/convenios-especificos-internacional\/#especificos\" onclick=\"return true\">Specific International Agreements<\/a><\/li>\n<li id=\"menu-item-34823\" class=\"menu-item menu-item-type-custom menu-item-object-custom menu-item-34823\"><a href=\"https:\/\/umecit.edu.pa\/en\/admisiones\/convenios\/#marco\" onclick=\"return true\">Framework Agreements<\/a><\/li>\n<li id=\"menu-item-34826\" class=\"menu-item menu-item-type-custom menu-item-object-custom menu-item-34826\"><a href=\"https:\/\/umecit.edu.pa\/en\/admisiones\/convenios-marco-internacional\/#marco-internacional\" onclick=\"return true\">International Framework Agreements<\/a><\/li>\n<\/ul><\/div>\t\t\t\t<\/div>\n\t\t\t\t<\/div>\n\t\t\t\t\t<\/div>\n\t\t<\/div>\n\t\t\t\t<div class=\"elementor-column elementor-col-50 elementor-top-column elementor-element elementor-element-6bca2a0 column-style-top\" data-id=\"6bca2a0\" data-element_type=\"column\" data-e-type=\"column\">\n\t\t\t<div class=\"elementor-widget-wrap elementor-element-populated\">\n\t\t\t\t\t\t<div class=\"elementor-element elementor-element-b776fc7 elementor-widget elementor-widget-heading\" data-id=\"b776fc7\" data-element_type=\"widget\" data-e-type=\"widget\" data-widget_type=\"heading.default\">\n\t\t\t\t<div class=\"elementor-widget-container\">\n\t\t\t\t\t<h1 class=\"elementor-heading-title elementor-size-default\">International Specific Agreements<\/h1>\t\t\t\t<\/div>\n\t\t\t\t<\/div>\n\t\t\t\t<div class=\"elementor-element elementor-element-b5ff5c8 elementor-widget elementor-widget-gva-career-block\" data-id=\"b5ff5c8\" data-element_type=\"widget\" data-e-type=\"widget\" data-widget_type=\"gva-career-block.default\">\n\t\t\t\t<div class=\"elementor-widget-container\">\n\t\t\t\t\t<div class=\"gva-element-gva-career-block gva-element\">   <div class=\"gsc-career\">\r\n               <div class=\"image-box\"><img decoding=\"async\" src=\"https:\/\/umecit.edu.pa\/wp-content\/uploads\/2022\/10\/IN13-REIMA.png\" alt=\"REIMA Espec\u00edfico Revista\"\/><\/div>\r\n      \r\n      <div class=\"box-content clearfix\">\r\n                     <span class=\"job-type\">Type of Agreement: International Specific<\/span>\r\n                              <h2 class=\"title\">\r\n              <a href=\"#\">REIMA Specific Magazine<\/a>            <\/h2>\r\n                  <div class=\"box-information clearfix\">\r\n            <ul>\r\n                                 <li class=\"job-company\">\r\n                     <i class=\"icon fa fa-suitcase\"><\/i>\r\n                     Objective: To facilitate academic cooperation based on the exchange and socialization of impact results generated from the scientific work of collaboration networks, universities, research centers and other related institutions, whose themes contribute to sustainability from various areas of knowledge.                  <\/li>\r\n                                                <li class=\"job-address\">\r\n                     <i class=\"icon fas fa-map-marker-alt\"><\/i>\r\n                     Country: Ecuador - Date of Signature: 04\/22\/23                  <\/li>\r\n                           <\/ul>\r\n         <\/div>\r\n      <\/div>   \r\n   <\/div>\r\n<\/div>\t\t\t\t<\/div>\n\t\t\t\t<\/div>\n\t\t\t\t<div class=\"elementor-element elementor-element-1fd5166 elementor-widget elementor-widget-gva-career-block\" data-id=\"1fd5166\" data-element_type=\"widget\" data-e-type=\"widget\" data-widget_type=\"gva-career-block.default\">\n\t\t\t\t<div class=\"elementor-widget-container\">\n\t\t\t\t\t<div class=\"gva-element-gva-career-block gva-element\">   <div class=\"gsc-career\">\r\n               <div class=\"image-box\"><img decoding=\"async\" src=\"https:\/\/umecit.edu.pa\/wp-content\/uploads\/2022\/10\/IN13-REIMA.png\" alt=\"REIMA Especifico Pacisd\"\/><\/div>\r\n      \r\n      <div class=\"box-content clearfix\">\r\n                     <span class=\"job-type\">Type of Agreement: International Specific<\/span>\r\n                              <h2 class=\"title\">\r\n              <a href=\"#\">REIMA Specific PaciSd<\/a>            <\/h2>\r\n                  <div class=\"box-information clearfix\">\r\n            <ul>\r\n                                 <li class=\"job-company\">\r\n                     <i class=\"icon fa fa-suitcase\"><\/i>\r\n                     Objective: To establish the bases for developing and accrediting short continuing education courses to be developed by both institutions REIMA, AC and UMECIT. These courses will be generated by each of the parties and may be shared for delivery in the different areas of their influence and action.                  <\/li>\r\n                                                <li class=\"job-address\">\r\n                     <i class=\"icon fas fa-map-marker-alt\"><\/i>\r\n                     Country: Ecuador - Date of Signature: 04\/23\/23                  <\/li>\r\n                           <\/ul>\r\n         <\/div>\r\n      <\/div>   \r\n   <\/div>\r\n<\/div>\t\t\t\t<\/div>\n\t\t\t\t<\/div>\n\t\t\t\t\t<\/div>\n\t\t<\/div>\n\t\t\t\t\t<\/div>\n\t\t<\/section>\n\t\t\t\t<\/div>","protected":false},"excerpt":{"rendered":"<p>Admisiones Convenios Los convenios suscritos por la Universidad Metropolitana de Educaci\u00f3n, Ciencia y Tecnolog\u00eda son una forma de mantener una coordinaci\u00f3n conjunta con instituciones p\u00fablicas o privadas, internacionales o nacionales, que concretan la cooperaci\u00f3n en aquellas \u00e1reas de inter\u00e9s com\u00fan en las cuales ambas partes pueden realizar trabajos de investigaci\u00f3n, extensi\u00f3n y docencia. Lo anterior [&hellip;]<\/p>\n","protected":false},"author":695,"featured_media":31594,"parent":9041,"menu_order":0,"comment_status":"closed","ping_status":"closed","template":"","meta":{"footnotes":""},"class_list":["post-34963","page","type-page","status-publish","has-post-thumbnail","hentry"],"yoast_head":"<!-- This site is optimized with the Yoast SEO plugin v27.1.1 - https:\/\/yoast.com\/product\/yoast-seo-wordpress\/ -->\n<title>Convenios Espec\u00edficos Internacional UMECIT<\/title>\n<meta name=\"description\" content=\"Convenios Espec\u00edficos Internacional UMECIT, hemos logrado diferentes convenios con distintas organizaciones a nivel local y regional.\" \/>\n<meta name=\"robots\" content=\"index, follow, max-snippet:-1, max-image-preview:large, max-video-preview:-1\" \/>\n<link rel=\"canonical\" href=\"https:\/\/umecit.edu.pa\/en\/admisiones\/convenios-especificos-internacional\/\" \/>\n<meta property=\"og:locale\" content=\"en_US\" \/>\n<meta property=\"og:type\" content=\"article\" \/>\n<meta property=\"og:title\" content=\"Convenios Espec\u00edficos Internacional UMECIT\" \/>\n<meta property=\"og:description\" content=\"Convenios Espec\u00edficos Internacional UMECIT, hemos logrado diferentes convenios con distintas organizaciones a nivel local y regional.\" \/>\n<meta property=\"og:url\" content=\"https:\/\/umecit.edu.pa\/en\/admisiones\/convenios-especificos-internacional\/\" \/>\n<meta property=\"og:site_name\" content=\"Umecit - Universidad en Panam\u00e1\" \/>\n<meta property=\"article:publisher\" content=\"https:\/\/www.facebook.com\/umecitpanama\/\" \/>\n<meta property=\"article:modified_time\" content=\"2024-11-25T16:54:29+00:00\" \/>\n<meta property=\"og:image\" content=\"https:\/\/umecit.edu.pa\/wp-content\/uploads\/2022\/08\/F-Convenios.jpg\" \/>\n\t<meta property=\"og:image:width\" content=\"500\" \/>\n\t<meta property=\"og:image:height\" content=\"370\" \/>\n\t<meta property=\"og:image:type\" content=\"image\/jpeg\" \/>\n<meta name=\"twitter:card\" content=\"summary_large_image\" \/>\n<meta name=\"twitter:site\" content=\"@umecitpanama\" \/>\n<meta name=\"twitter:label1\" content=\"Est. reading time\" \/>\n\t<meta name=\"twitter:data1\" content=\"2 minutes\" \/>\n<script type=\"application\/ld+json\" class=\"yoast-schema-graph\">{\"@context\":\"https:\/\/schema.org\",\"@graph\":[{\"@type\":\"WebPage\",\"@id\":\"https:\/\/umecit.edu.pa\/admisiones\/convenios-especificos-internacional\/\",\"url\":\"https:\/\/umecit.edu.pa\/admisiones\/convenios-especificos-internacional\/\",\"name\":\"Convenios Espec\u00edficos Internacional UMECIT\",\"isPartOf\":{\"@id\":\"https:\/\/umecit.edu.pa\/#website\"},\"primaryImageOfPage\":{\"@id\":\"https:\/\/umecit.edu.pa\/admisiones\/convenios-especificos-internacional\/#primaryimage\"},\"image\":{\"@id\":\"https:\/\/umecit.edu.pa\/admisiones\/convenios-especificos-internacional\/#primaryimage\"},\"thumbnailUrl\":\"https:\/\/umecit.edu.pa\/wp-content\/uploads\/2022\/08\/F-Convenios.jpg\",\"datePublished\":\"2022-10-25T20:26:21+00:00\",\"dateModified\":\"2024-11-25T16:54:29+00:00\",\"description\":\"Convenios Espec\u00edficos Internacional UMECIT, hemos logrado diferentes convenios con distintas organizaciones a nivel local y regional.\",\"breadcrumb\":{\"@id\":\"https:\/\/umecit.edu.pa\/admisiones\/convenios-especificos-internacional\/#breadcrumb\"},\"inLanguage\":\"en-US\",\"potentialAction\":[{\"@type\":\"ReadAction\",\"target\":[\"https:\/\/umecit.edu.pa\/admisiones\/convenios-especificos-internacional\/\"]}]},{\"@type\":\"ImageObject\",\"inLanguage\":\"en-US\",\"@id\":\"https:\/\/umecit.edu.pa\/admisiones\/convenios-especificos-internacional\/#primaryimage\",\"url\":\"https:\/\/umecit.edu.pa\/wp-content\/uploads\/2022\/08\/F-Convenios.jpg\",\"contentUrl\":\"https:\/\/umecit.edu.pa\/wp-content\/uploads\/2022\/08\/F-Convenios.jpg\",\"width\":500,\"height\":370,\"caption\":\"Convenios Marco UMECIT\"},{\"@type\":\"BreadcrumbList\",\"@id\":\"https:\/\/umecit.edu.pa\/admisiones\/convenios-especificos-internacional\/#breadcrumb\",\"itemListElement\":[{\"@type\":\"ListItem\",\"position\":1,\"name\":\"Portada\",\"item\":\"https:\/\/umecit.edu.pa\/\"},{\"@type\":\"ListItem\",\"position\":2,\"name\":\"Admisiones\",\"item\":\"https:\/\/umecit.edu.pa\/admisiones\/\"},{\"@type\":\"ListItem\",\"position\":3,\"name\":\"Convenios Espec\u00edficos Internacional\"}]},{\"@type\":\"WebSite\",\"@id\":\"https:\/\/umecit.edu.pa\/#website\",\"url\":\"https:\/\/umecit.edu.pa\/\",\"name\":\"Umecit - Universidad en Panam\u00e1\",\"description\":\"Universidad Metropolitana de Educaci\u00f3n, Ciencia y Tecnolog\u00eda\",\"publisher\":{\"@id\":\"https:\/\/umecit.edu.pa\/#organization\"},\"potentialAction\":[{\"@type\":\"SearchAction\",\"target\":{\"@type\":\"EntryPoint\",\"urlTemplate\":\"https:\/\/umecit.edu.pa\/?s={search_term_string}\"},\"query-input\":{\"@type\":\"PropertyValueSpecification\",\"valueRequired\":true,\"valueName\":\"search_term_string\"}}],\"inLanguage\":\"en-US\"},{\"@type\":\"Organization\",\"@id\":\"https:\/\/umecit.edu.pa\/#organization\",\"name\":\"Umecit - Universidad en Panam\u00e1\",\"url\":\"https:\/\/umecit.edu.pa\/\",\"logo\":{\"@type\":\"ImageObject\",\"inLanguage\":\"en-US\",\"@id\":\"https:\/\/umecit.edu.pa\/#\/schema\/logo\/image\/\",\"url\":\"https:\/\/umecit.edu.pa\/wp-content\/uploads\/2022\/06\/panama-7.jpg\",\"contentUrl\":\"https:\/\/umecit.edu.pa\/wp-content\/uploads\/2022\/06\/panama-7.jpg\",\"width\":1200,\"height\":800,\"caption\":\"Umecit - Universidad en Panam\u00e1\"},\"image\":{\"@id\":\"https:\/\/umecit.edu.pa\/#\/schema\/logo\/image\/\"},\"sameAs\":[\"https:\/\/www.facebook.com\/umecitpanama\/\",\"https:\/\/x.com\/umecitpanama\",\"https:\/\/www.tiktok.com\/@umecit\",\"https:\/\/www.instagram.com\/umecit\/\",\"https:\/\/www.youtube.com\/channel\/UCP9iXFXi4p_EW_p9p6lprhg\"]}]}<\/script>\n<!-- \/ Yoast SEO plugin. -->","yoast_head_json":{"title":"Specific International Agreements UMECIT","description":"Specific International Agreements UMECIT, we have reached different agreements with different organizations at the local and regional level.","robots":{"index":"index","follow":"follow","max-snippet":"max-snippet:-1","max-image-preview":"max-image-preview:large","max-video-preview":"max-video-preview:-1"},"canonical":"https:\/\/umecit.edu.pa\/en\/admisiones\/convenios-especificos-internacional\/","og_locale":"en_US","og_type":"article","og_title":"Convenios Espec\u00edficos Internacional UMECIT","og_description":"Convenios Espec\u00edficos Internacional UMECIT, hemos logrado diferentes convenios con distintas organizaciones a nivel local y regional.","og_url":"https:\/\/umecit.edu.pa\/en\/admisiones\/convenios-especificos-internacional\/","og_site_name":"Umecit - Universidad en Panam\u00e1","article_publisher":"https:\/\/www.facebook.com\/umecitpanama\/","article_modified_time":"2024-11-25T16:54:29+00:00","og_image":[{"width":500,"height":370,"url":"https:\/\/umecit.edu.pa\/wp-content\/uploads\/2022\/08\/F-Convenios.jpg","type":"image\/jpeg"}],"twitter_card":"summary_large_image","twitter_site":"@umecitpanama","twitter_misc":{"Est. reading time":"2 minutes"},"schema":{"@context":"https:\/\/schema.org","@graph":[{"@type":"WebPage","@id":"https:\/\/umecit.edu.pa\/admisiones\/convenios-especificos-internacional\/","url":"https:\/\/umecit.edu.pa\/admisiones\/convenios-especificos-internacional\/","name":"Specific International Agreements UMECIT","isPartOf":{"@id":"https:\/\/umecit.edu.pa\/#website"},"primaryImageOfPage":{"@id":"https:\/\/umecit.edu.pa\/admisiones\/convenios-especificos-internacional\/#primaryimage"},"image":{"@id":"https:\/\/umecit.edu.pa\/admisiones\/convenios-especificos-internacional\/#primaryimage"},"thumbnailUrl":"https:\/\/umecit.edu.pa\/wp-content\/uploads\/2022\/08\/F-Convenios.jpg","datePublished":"2022-10-25T20:26:21+00:00","dateModified":"2024-11-25T16:54:29+00:00","description":"Specific International Agreements UMECIT, we have reached different agreements with different organizations at the local and regional level.","breadcrumb":{"@id":"https:\/\/umecit.edu.pa\/admisiones\/convenios-especificos-internacional\/#breadcrumb"},"inLanguage":"en-US","potentialAction":[{"@type":"ReadAction","target":["https:\/\/umecit.edu.pa\/admisiones\/convenios-especificos-internacional\/"]}]},{"@type":"ImageObject","inLanguage":"en-US","@id":"https:\/\/umecit.edu.pa\/admisiones\/convenios-especificos-internacional\/#primaryimage","url":"https:\/\/umecit.edu.pa\/wp-content\/uploads\/2022\/08\/F-Convenios.jpg","contentUrl":"https:\/\/umecit.edu.pa\/wp-content\/uploads\/2022\/08\/F-Convenios.jpg","width":500,"height":370,"caption":"Convenios Marco UMECIT"},{"@type":"BreadcrumbList","@id":"https:\/\/umecit.edu.pa\/admisiones\/convenios-especificos-internacional\/#breadcrumb","itemListElement":[{"@type":"ListItem","position":1,"name":"Portada","item":"https:\/\/umecit.edu.pa\/"},{"@type":"ListItem","position":2,"name":"Admisiones","item":"https:\/\/umecit.edu.pa\/admisiones\/"},{"@type":"ListItem","position":3,"name":"Convenios Espec\u00edficos Internacional"}]},{"@type":"WebSite","@id":"https:\/\/umecit.edu.pa\/#website","url":"https:\/\/umecit.edu.pa\/","name":"Umecit - University in Panama","description":"Metropolitan University of Education, Science and Technology","publisher":{"@id":"https:\/\/umecit.edu.pa\/#organization"},"potentialAction":[{"@type":"SearchAction","target":{"@type":"EntryPoint","urlTemplate":"https:\/\/umecit.edu.pa\/?s={search_term_string}"},"query-input":{"@type":"PropertyValueSpecification","valueRequired":true,"valueName":"search_term_string"}}],"inLanguage":"en-US"},{"@type":"Organization","@id":"https:\/\/umecit.edu.pa\/#organization","name":"Umecit - University in Panama","url":"https:\/\/umecit.edu.pa\/","logo":{"@type":"ImageObject","inLanguage":"en-US","@id":"https:\/\/umecit.edu.pa\/#\/schema\/logo\/image\/","url":"https:\/\/umecit.edu.pa\/wp-content\/uploads\/2022\/06\/panama-7.jpg","contentUrl":"https:\/\/umecit.edu.pa\/wp-content\/uploads\/2022\/06\/panama-7.jpg","width":1200,"height":800,"caption":"Umecit - Universidad en Panam\u00e1"},"image":{"@id":"https:\/\/umecit.edu.pa\/#\/schema\/logo\/image\/"},"sameAs":["https:\/\/www.facebook.com\/umecitpanama\/","https:\/\/x.com\/umecitpanama","https:\/\/www.tiktok.com\/@umecit","https:\/\/www.instagram.com\/umecit\/","https:\/\/www.youtube.com\/channel\/UCP9iXFXi4p_EW_p9p6lprhg"]}]}},"_links":{"self":[{"href":"https:\/\/umecit.edu.pa\/en\/wp-json\/wp\/v2\/pages\/34963","targetHints":{"allow":["GET"]}}],"collection":[{"href":"https:\/\/umecit.edu.pa\/en\/wp-json\/wp\/v2\/pages"}],"about":[{"href":"https:\/\/umecit.edu.pa\/en\/wp-json\/wp\/v2\/types\/page"}],"author":[{"embeddable":true,"href":"https:\/\/umecit.edu.pa\/en\/wp-json\/wp\/v2\/users\/695"}],"replies":[{"embeddable":true,"href":"https:\/\/umecit.edu.pa\/en\/wp-json\/wp\/v2\/comments?post=34963"}],"version-history":[{"count":0,"href":"https:\/\/umecit.edu.pa\/en\/wp-json\/wp\/v2\/pages\/34963\/revisions"}],"up":[{"embeddable":true,"href":"https:\/\/umecit.edu.pa\/en\/wp-json\/wp\/v2\/pages\/9041"}],"wp:featuredmedia":[{"embeddable":true,"href":"https:\/\/umecit.edu.pa\/en\/wp-json\/wp\/v2\/media\/31594"}],"wp:attachment":[{"href":"https:\/\/umecit.edu.pa\/en\/wp-json\/wp\/v2\/media?parent=34963"}],"curies":[{"name":"wp","href":"https:\/\/api.w.org\/{rel}","templated":true}]}}