{"id":32211,"date":"2022-08-26T10:18:51","date_gmt":"2022-08-26T15:18:51","guid":{"rendered":"https:\/\/nueva.umecit.edu.pa\/?page_id=32211"},"modified":"2023-06-22T12:16:05","modified_gmt":"2023-06-22T17:16:05","slug":"vicerrectoria-de-proyectos","status":"publish","type":"page","link":"https:\/\/umecit.edu.pa\/en\/vicerrectoria-de-proyectos\/","title":{"rendered":"Vice President for Institutional Projects"},"content":{"rendered":"<div data-elementor-type=\"wp-page\" data-elementor-id=\"32211\" class=\"elementor elementor-32211\" data-elementor-post-type=\"page\">\n\t\t\t\t\t\t<section class=\"elementor-section elementor-top-section elementor-element elementor-element-cd20180 elementor-section-boxed elementor-section-height-default elementor-section-height-default row-top\" data-id=\"cd20180\" data-element_type=\"section\" data-e-type=\"section\">\n\t\t\t\t\t\t<div class=\"elementor-container elementor-column-gap-default\">\n\t\t\t\t\t<div class=\"elementor-column elementor-col-50 elementor-top-column elementor-element elementor-element-112e054 column-style-top\" data-id=\"112e054\" data-element_type=\"column\" data-e-type=\"column\">\n\t\t\t<div class=\"elementor-widget-wrap elementor-element-populated\">\n\t\t\t\t\t\t<div class=\"elementor-element elementor-element-39f19e3 elementor-widget elementor-widget-heading\" data-id=\"39f19e3\" data-element_type=\"widget\" data-e-type=\"widget\" data-widget_type=\"heading.default\">\n\t\t\t\t<div class=\"elementor-widget-container\">\n\t\t\t\t\t<h2 class=\"elementor-heading-title elementor-size-default\">About Us<\/h2>\t\t\t\t<\/div>\n\t\t\t\t<\/div>\n\t\t\t\t<div class=\"elementor-element elementor-element-8adf5e5 elementor-widget elementor-widget-heading\" data-id=\"8adf5e5\" data-element_type=\"widget\" data-e-type=\"widget\" data-widget_type=\"heading.default\">\n\t\t\t\t<div class=\"elementor-widget-container\">\n\t\t\t\t\t<h1 class=\"elementor-heading-title elementor-size-default\">Vice President for Institutional Projects<\/h1>\t\t\t\t<\/div>\n\t\t\t\t<\/div>\n\t\t\t\t<div class=\"elementor-element elementor-element-e3f4ca4 elementor-widget elementor-widget-text-editor\" data-id=\"e3f4ca4\" data-element_type=\"widget\" data-e-type=\"widget\" data-widget_type=\"text-editor.default\">\n\t\t\t\t<div class=\"elementor-widget-container\">\n\t\t\t\t\t\t\t\t\t<p>The Metropolitan University of Education, Science and Technology \"UMECIT\", within the framework of its management philosophy, contemplates the Special Projects Directorate (SPD) as the articulating instance between the strategic intentions formulated by the rectory with the national and international socio-productive sector, in order to establish mechanisms for the realization of their specific projects within the framework of inter-institutional cooperation.<\/p><p>In this way, the SPD, is assumed as the planning, organization, control, and evaluation body of the actions that contribute to the achievement of UMECIT's institutional educational project, in order to strengthen its academic and administrative management, based on the diagnosis of institutional needs, market possibilities, internationalization, and promotion as axes to generate competitive advantage in the university sector both in Panama and in other latitudes of the region.<\/p><p>Therefore, facing the opportunities in a crowded labor market in terms of academic offers is the reason that founds this dependency of the rectory, whose management focuses on the redefinition of the university based on quality processes, the expansion of its coverage and the formulation of proposals that add value to its expansion.<\/p>\t\t\t\t\t\t\t\t<\/div>\n\t\t\t\t<\/div>\n\t\t\t\t\t<\/div>\n\t\t<\/div>\n\t\t\t\t<div class=\"elementor-column elementor-col-50 elementor-top-column elementor-element elementor-element-4be8df2 column-style-top\" data-id=\"4be8df2\" data-element_type=\"column\" data-e-type=\"column\">\n\t\t\t<div class=\"elementor-widget-wrap elementor-element-populated\">\n\t\t\t\t\t\t<div class=\"elementor-element elementor-element-c518b3d elementor-widget elementor-widget-gva-image-content\" data-id=\"c518b3d\" data-element_type=\"widget\" data-e-type=\"widget\" data-widget_type=\"gva-image-content.default\">\n\t\t\t\t<div class=\"elementor-widget-container\">\n\t\t\t\t\t<div class=\"gva-element-gva-image-content gva-element\">\t\t\r\n\t  \r\n\t \r\n\t  \r\n\r\n\t\r\n \r\n\r\n  \r\n\r\n \r\n\r\n  <div class=\"clearfix gsc-image-content skin-v7\">\r\n\t \t\t<div class=\"image\">\r\n\t\t\t <img fetchpriority=\"high\" decoding=\"async\" width=\"800\" height=\"1000\" src=\"https:\/\/umecit.edu.pa\/wp-content\/uploads\/2022\/08\/Santiago-Nieto-Rueda.jpg\" class=\"attachment-full size-full wp-image-32223\" alt=\"\" srcset=\"https:\/\/umecit.edu.pa\/wp-content\/uploads\/2022\/08\/Santiago-Nieto-Rueda.jpg 800w, https:\/\/umecit.edu.pa\/wp-content\/uploads\/2022\/08\/Santiago-Nieto-Rueda-768x960.jpg 768w, https:\/\/umecit.edu.pa\/wp-content\/uploads\/2022\/08\/Santiago-Nieto-Rueda-600x750.jpg 600w\" sizes=\"(max-width: 800px) 100vw, 800px\" \/>\t\t<\/div>\r\n\t \t <div class=\"box-content\">\r\n\t\t\t\t\t<h2 class=\"title\">\r\n\t\t\t\tSantiago Nieto Rueda\t\t\t<\/h2>\r\n\t\t\t\t<div class=\"desc\">Vice Chancellor of Institutional Projects<\/div>\r\n\t\t\t <\/div>  \r\n  <\/div>\r\n <\/div>\t\t\t\t<\/div>\n\t\t\t\t<\/div>\n\t\t\t\t<div class=\"elementor-element elementor-element-95280cf elementor-view-stacked elementor-position-inline-start icon-box-left elementor-mobile-position-inline-start elementor-shape-circle elementor-widget elementor-widget-icon-box\" data-id=\"95280cf\" data-element_type=\"widget\" data-e-type=\"widget\" data-widget_type=\"icon-box.default\">\n\t\t\t\t<div class=\"elementor-widget-container\">\n\t\t\t\t\t\t\t<div class=\"elementor-icon-box-wrapper\">\n\n\t\t\t\t\t\t<div class=\"elementor-icon-box-icon\">\n\t\t\t\t<span  class=\"elementor-icon\">\n\t\t\t\t<i aria-hidden=\"true\" class=\"las la-map-marker\"><\/i>\t\t\t\t<\/span>\n\t\t\t<\/div>\n\t\t\t\n\t\t\t\t\t\t<div class=\"elementor-icon-box-content\">\n\n\t\t\t\t\t\t\t\t\t<h3 class=\"elementor-icon-box-title\">\n\t\t\t\t\t\t<span  >\n\t\t\t\t\t\t\tLocation\t\t\t\t\t\t<\/span>\n\t\t\t\t\t<\/h3>\n\t\t\t\t\n\t\t\t\t\t\t\t\t\t<p class=\"elementor-icon-box-description\">\n\t\t\t\t\t\tFundadores Building, Sim\u00f3n Bol\u00edvar Ave., Bella Vista Township, Panama City\n\t\t\t\t\t<\/p>\n\t\t\t\t\n\t\t\t<\/div>\n\t\t\t\n\t\t<\/div>\n\t\t\t\t\t\t<\/div>\n\t\t\t\t<\/div>\n\t\t\t\t<div class=\"elementor-element elementor-element-f2f8389 elementor-view-stacked elementor-position-inline-start icon-box-left elementor-mobile-position-inline-start elementor-hidden-desktop elementor-hidden-tablet elementor-hidden-mobile elementor-shape-circle elementor-widget elementor-widget-icon-box\" data-id=\"f2f8389\" data-element_type=\"widget\" data-e-type=\"widget\" data-widget_type=\"icon-box.default\">\n\t\t\t\t<div class=\"elementor-widget-container\">\n\t\t\t\t\t\t\t<div class=\"elementor-icon-box-wrapper\">\n\n\t\t\t\t\t\t<div class=\"elementor-icon-box-icon\">\n\t\t\t\t<a href=\"tel:5072649908\" class=\"elementor-icon\" tabindex=\"-1\" aria-label=\"Phone:\">\n\t\t\t\t<i aria-hidden=\"true\" class=\"flaticon-calling\"><\/i>\t\t\t\t<\/a>\n\t\t\t<\/div>\n\t\t\t\n\t\t\t\t\t\t<div class=\"elementor-icon-box-content\">\n\n\t\t\t\t\t\t\t\t\t<h3 class=\"elementor-icon-box-title\">\n\t\t\t\t\t\t<a href=\"tel:5072649908\" >\n\t\t\t\t\t\t\tPhone:\t\t\t\t\t\t<\/a>\n\t\t\t\t\t<\/h3>\n\t\t\t\t\n\t\t\t\t\t\t\t\t\t<p class=\"elementor-icon-box-description\">\n\t\t\t\t\t\t(+507) 264-9908 ext. 2005\n\n\t\t\t\t\t<\/p>\n\t\t\t\t\n\t\t\t<\/div>\n\t\t\t\n\t\t<\/div>\n\t\t\t\t\t\t<\/div>\n\t\t\t\t<\/div>\n\t\t\t\t<div class=\"elementor-element elementor-element-f9dcca9 elementor-view-stacked elementor-position-inline-start icon-box-left elementor-mobile-position-inline-start elementor-shape-circle elementor-widget elementor-widget-icon-box\" data-id=\"f9dcca9\" data-element_type=\"widget\" data-e-type=\"widget\" data-widget_type=\"icon-box.default\">\n\t\t\t\t<div class=\"elementor-widget-container\">\n\t\t\t\t\t\t\t<div class=\"elementor-icon-box-wrapper\">\n\n\t\t\t\t\t\t<div class=\"elementor-icon-box-icon\">\n\t\t\t\t<a href=\"mailto:%20vicerrectoria.proyectos@umecit.edu.pa\" class=\"elementor-icon\" tabindex=\"-1\" aria-label=\"E-mail:\">\n\t\t\t\t<i aria-hidden=\"true\" class=\"flaticon-mail-send\"><\/i>\t\t\t\t<\/a>\n\t\t\t<\/div>\n\t\t\t\n\t\t\t\t\t\t<div class=\"elementor-icon-box-content\">\n\n\t\t\t\t\t\t\t\t\t<h3 class=\"elementor-icon-box-title\">\n\t\t\t\t\t\t<a href=\"mailto:%20vicerrectoria.proyectos@umecit.edu.pa\" >\n\t\t\t\t\t\t\tE-mail:\t\t\t\t\t\t<\/a>\n\t\t\t\t\t<\/h3>\n\t\t\t\t\n\t\t\t\t\t\t\t\t\t<p class=\"elementor-icon-box-description\">\n\t\t\t\t\t\tvicerectoria.proyectos @umecit.edu.pa\n\n\t\t\t\t\t<\/p>\n\t\t\t\t\n\t\t\t<\/div>\n\t\t\t\n\t\t<\/div>\n\t\t\t\t\t\t<\/div>\n\t\t\t\t<\/div>\n\t\t\t\t\t<\/div>\n\t\t<\/div>\n\t\t\t\t\t<\/div>\n\t\t<\/section>\n\t\t\t\t<\/div>","protected":false},"excerpt":{"rendered":"<p>Nosotros Vicerrector\u00eda de Proyectos Institucionales La Universidad Metropolitana de Educaci\u00f3n, Ciencia y Tecnolog\u00eda \u201cUMECIT\u201d, en el marco de su filosof\u00eda de gesti\u00f3n contempla la Direcci\u00f3n de Proyectos Especiales (DPE) como la instancia articuladora entre las intenciones estrat\u00e9gicas formuladas por la rector\u00eda con el sector socioproductivo nacional e internacional, a fin de establecer mecanismos para la [&hellip;]<\/p>\n","protected":false},"author":695,"featured_media":32236,"parent":0,"menu_order":0,"comment_status":"closed","ping_status":"closed","template":"","meta":{"footnotes":""},"class_list":["post-32211","page","type-page","status-publish","has-post-thumbnail","hentry"],"yoast_head":"<!-- This site is optimized with the Yoast SEO plugin v27.1.1 - https:\/\/yoast.com\/product\/yoast-seo-wordpress\/ -->\n<title>Vicerrector\u00eda de Proyectos | UMECIT<\/title>\n<meta name=\"description\" content=\"Vicerrector\u00eda de Proyectos se asume como el \u00f3rgano de planificaci\u00f3n, organizaci\u00f3n, control y evaluaci\u00f3n de las acciones que contribuyen al logro del proyecto educativo institucional de UMECIT\" \/>\n<meta name=\"robots\" content=\"index, follow, max-snippet:-1, max-image-preview:large, max-video-preview:-1\" \/>\n<link rel=\"canonical\" href=\"https:\/\/umecit.edu.pa\/en\/vicerrectoria-de-proyectos\/\" \/>\n<meta property=\"og:locale\" content=\"en_US\" \/>\n<meta property=\"og:type\" content=\"article\" \/>\n<meta property=\"og:title\" content=\"Vicerrector\u00eda de Proyectos | UMECIT\" \/>\n<meta property=\"og:description\" content=\"Vicerrector\u00eda de Proyectos se asume como el \u00f3rgano de planificaci\u00f3n, organizaci\u00f3n, control y evaluaci\u00f3n de las acciones que contribuyen al logro del proyecto educativo institucional de UMECIT\" \/>\n<meta property=\"og:url\" content=\"https:\/\/umecit.edu.pa\/en\/vicerrectoria-de-proyectos\/\" \/>\n<meta property=\"og:site_name\" content=\"Umecit - Universidad en Panam\u00e1\" \/>\n<meta property=\"article:publisher\" content=\"https:\/\/www.facebook.com\/umecitpanama\/\" \/>\n<meta property=\"article:modified_time\" content=\"2023-06-22T17:16:05+00:00\" \/>\n<meta property=\"og:image\" content=\"https:\/\/umecit.edu.pa\/wp-content\/uploads\/2022\/08\/F-Vicerrectoria-de-Proyectos.jpg\" \/>\n\t<meta property=\"og:image:width\" content=\"500\" \/>\n\t<meta property=\"og:image:height\" content=\"370\" \/>\n\t<meta property=\"og:image:type\" content=\"image\/jpeg\" \/>\n<meta name=\"twitter:card\" content=\"summary_large_image\" \/>\n<meta name=\"twitter:site\" content=\"@umecitpanama\" \/>\n<meta name=\"twitter:label1\" content=\"Est. reading time\" \/>\n\t<meta name=\"twitter:data1\" content=\"2 minutes\" \/>\n<script type=\"application\/ld+json\" class=\"yoast-schema-graph\">{\"@context\":\"https:\/\/schema.org\",\"@graph\":[{\"@type\":\"WebPage\",\"@id\":\"https:\/\/umecit.edu.pa\/vicerrectoria-de-proyectos\/\",\"url\":\"https:\/\/umecit.edu.pa\/vicerrectoria-de-proyectos\/\",\"name\":\"Vicerrector\u00eda de Proyectos | UMECIT\",\"isPartOf\":{\"@id\":\"https:\/\/umecit.edu.pa\/#website\"},\"primaryImageOfPage\":{\"@id\":\"https:\/\/umecit.edu.pa\/vicerrectoria-de-proyectos\/#primaryimage\"},\"image\":{\"@id\":\"https:\/\/umecit.edu.pa\/vicerrectoria-de-proyectos\/#primaryimage\"},\"thumbnailUrl\":\"https:\/\/umecit.edu.pa\/wp-content\/uploads\/2022\/08\/F-Vicerrectoria-de-Proyectos.jpg\",\"datePublished\":\"2022-08-26T15:18:51+00:00\",\"dateModified\":\"2023-06-22T17:16:05+00:00\",\"description\":\"Vicerrector\u00eda de Proyectos se asume como el \u00f3rgano de planificaci\u00f3n, organizaci\u00f3n, control y evaluaci\u00f3n de las acciones que contribuyen al logro del proyecto educativo institucional de UMECIT\",\"breadcrumb\":{\"@id\":\"https:\/\/umecit.edu.pa\/vicerrectoria-de-proyectos\/#breadcrumb\"},\"inLanguage\":\"en-US\",\"potentialAction\":[{\"@type\":\"ReadAction\",\"target\":[\"https:\/\/umecit.edu.pa\/vicerrectoria-de-proyectos\/\"]}]},{\"@type\":\"ImageObject\",\"inLanguage\":\"en-US\",\"@id\":\"https:\/\/umecit.edu.pa\/vicerrectoria-de-proyectos\/#primaryimage\",\"url\":\"https:\/\/umecit.edu.pa\/wp-content\/uploads\/2022\/08\/F-Vicerrectoria-de-Proyectos.jpg\",\"contentUrl\":\"https:\/\/umecit.edu.pa\/wp-content\/uploads\/2022\/08\/F-Vicerrectoria-de-Proyectos.jpg\",\"width\":500,\"height\":370,\"caption\":\"Vicerrector\u00eda de Proyectos UMECIT Universidad de Panam\u00e1\"},{\"@type\":\"BreadcrumbList\",\"@id\":\"https:\/\/umecit.edu.pa\/vicerrectoria-de-proyectos\/#breadcrumb\",\"itemListElement\":[{\"@type\":\"ListItem\",\"position\":1,\"name\":\"Portada\",\"item\":\"https:\/\/umecit.edu.pa\/\"},{\"@type\":\"ListItem\",\"position\":2,\"name\":\"Vicerrector\u00eda de Proyectos Institucionales\"}]},{\"@type\":\"WebSite\",\"@id\":\"https:\/\/umecit.edu.pa\/#website\",\"url\":\"https:\/\/umecit.edu.pa\/\",\"name\":\"Umecit - Universidad en Panam\u00e1\",\"description\":\"Universidad Metropolitana de Educaci\u00f3n, Ciencia y Tecnolog\u00eda\",\"publisher\":{\"@id\":\"https:\/\/umecit.edu.pa\/#organization\"},\"potentialAction\":[{\"@type\":\"SearchAction\",\"target\":{\"@type\":\"EntryPoint\",\"urlTemplate\":\"https:\/\/umecit.edu.pa\/?s={search_term_string}\"},\"query-input\":{\"@type\":\"PropertyValueSpecification\",\"valueRequired\":true,\"valueName\":\"search_term_string\"}}],\"inLanguage\":\"en-US\"},{\"@type\":\"Organization\",\"@id\":\"https:\/\/umecit.edu.pa\/#organization\",\"name\":\"Umecit - Universidad en Panam\u00e1\",\"url\":\"https:\/\/umecit.edu.pa\/\",\"logo\":{\"@type\":\"ImageObject\",\"inLanguage\":\"en-US\",\"@id\":\"https:\/\/umecit.edu.pa\/#\/schema\/logo\/image\/\",\"url\":\"https:\/\/umecit.edu.pa\/wp-content\/uploads\/2022\/06\/panama-7.jpg\",\"contentUrl\":\"https:\/\/umecit.edu.pa\/wp-content\/uploads\/2022\/06\/panama-7.jpg\",\"width\":1200,\"height\":800,\"caption\":\"Umecit - Universidad en Panam\u00e1\"},\"image\":{\"@id\":\"https:\/\/umecit.edu.pa\/#\/schema\/logo\/image\/\"},\"sameAs\":[\"https:\/\/www.facebook.com\/umecitpanama\/\",\"https:\/\/x.com\/umecitpanama\",\"https:\/\/www.tiktok.com\/@umecit\",\"https:\/\/www.instagram.com\/umecit\/\",\"https:\/\/www.youtube.com\/channel\/UCP9iXFXi4p_EW_p9p6lprhg\"]}]}<\/script>\n<!-- \/ Yoast SEO plugin. -->","yoast_head_json":{"title":"Vice-Rectorate for Projects | UMECIT","description":"The Vice-Rectorate of Projects assumes the role of planning, organizing, controlling, and evaluating the actions that contribute to achieving UMECIT&#039;s institutional educational project.","robots":{"index":"index","follow":"follow","max-snippet":"max-snippet:-1","max-image-preview":"max-image-preview:large","max-video-preview":"max-video-preview:-1"},"canonical":"https:\/\/umecit.edu.pa\/en\/vicerrectoria-de-proyectos\/","og_locale":"en_US","og_type":"article","og_title":"Vicerrector\u00eda de Proyectos | UMECIT","og_description":"Vicerrector\u00eda de Proyectos se asume como el \u00f3rgano de planificaci\u00f3n, organizaci\u00f3n, control y evaluaci\u00f3n de las acciones que contribuyen al logro del proyecto educativo institucional de UMECIT","og_url":"https:\/\/umecit.edu.pa\/en\/vicerrectoria-de-proyectos\/","og_site_name":"Umecit - Universidad en Panam\u00e1","article_publisher":"https:\/\/www.facebook.com\/umecitpanama\/","article_modified_time":"2023-06-22T17:16:05+00:00","og_image":[{"width":500,"height":370,"url":"https:\/\/umecit.edu.pa\/wp-content\/uploads\/2022\/08\/F-Vicerrectoria-de-Proyectos.jpg","type":"image\/jpeg"}],"twitter_card":"summary_large_image","twitter_site":"@umecitpanama","twitter_misc":{"Est. reading time":"2 minutes"},"schema":{"@context":"https:\/\/schema.org","@graph":[{"@type":"WebPage","@id":"https:\/\/umecit.edu.pa\/vicerrectoria-de-proyectos\/","url":"https:\/\/umecit.edu.pa\/vicerrectoria-de-proyectos\/","name":"Vice-Rectorate for Projects | UMECIT","isPartOf":{"@id":"https:\/\/umecit.edu.pa\/#website"},"primaryImageOfPage":{"@id":"https:\/\/umecit.edu.pa\/vicerrectoria-de-proyectos\/#primaryimage"},"image":{"@id":"https:\/\/umecit.edu.pa\/vicerrectoria-de-proyectos\/#primaryimage"},"thumbnailUrl":"https:\/\/umecit.edu.pa\/wp-content\/uploads\/2022\/08\/F-Vicerrectoria-de-Proyectos.jpg","datePublished":"2022-08-26T15:18:51+00:00","dateModified":"2023-06-22T17:16:05+00:00","description":"The Vice-Rectorate of Projects assumes the role of planning, organizing, controlling, and evaluating the actions that contribute to achieving UMECIT&#039;s institutional educational project.","breadcrumb":{"@id":"https:\/\/umecit.edu.pa\/vicerrectoria-de-proyectos\/#breadcrumb"},"inLanguage":"en-US","potentialAction":[{"@type":"ReadAction","target":["https:\/\/umecit.edu.pa\/vicerrectoria-de-proyectos\/"]}]},{"@type":"ImageObject","inLanguage":"en-US","@id":"https:\/\/umecit.edu.pa\/vicerrectoria-de-proyectos\/#primaryimage","url":"https:\/\/umecit.edu.pa\/wp-content\/uploads\/2022\/08\/F-Vicerrectoria-de-Proyectos.jpg","contentUrl":"https:\/\/umecit.edu.pa\/wp-content\/uploads\/2022\/08\/F-Vicerrectoria-de-Proyectos.jpg","width":500,"height":370,"caption":"Vicerrector\u00eda de Proyectos UMECIT Universidad de Panam\u00e1"},{"@type":"BreadcrumbList","@id":"https:\/\/umecit.edu.pa\/vicerrectoria-de-proyectos\/#breadcrumb","itemListElement":[{"@type":"ListItem","position":1,"name":"Portada","item":"https:\/\/umecit.edu.pa\/"},{"@type":"ListItem","position":2,"name":"Vicerrector\u00eda de Proyectos Institucionales"}]},{"@type":"WebSite","@id":"https:\/\/umecit.edu.pa\/#website","url":"https:\/\/umecit.edu.pa\/","name":"Umecit - University in Panama","description":"Metropolitan University of Education, Science and Technology","publisher":{"@id":"https:\/\/umecit.edu.pa\/#organization"},"potentialAction":[{"@type":"SearchAction","target":{"@type":"EntryPoint","urlTemplate":"https:\/\/umecit.edu.pa\/?s={search_term_string}"},"query-input":{"@type":"PropertyValueSpecification","valueRequired":true,"valueName":"search_term_string"}}],"inLanguage":"en-US"},{"@type":"Organization","@id":"https:\/\/umecit.edu.pa\/#organization","name":"Umecit - University in Panama","url":"https:\/\/umecit.edu.pa\/","logo":{"@type":"ImageObject","inLanguage":"en-US","@id":"https:\/\/umecit.edu.pa\/#\/schema\/logo\/image\/","url":"https:\/\/umecit.edu.pa\/wp-content\/uploads\/2022\/06\/panama-7.jpg","contentUrl":"https:\/\/umecit.edu.pa\/wp-content\/uploads\/2022\/06\/panama-7.jpg","width":1200,"height":800,"caption":"Umecit - Universidad en Panam\u00e1"},"image":{"@id":"https:\/\/umecit.edu.pa\/#\/schema\/logo\/image\/"},"sameAs":["https:\/\/www.facebook.com\/umecitpanama\/","https:\/\/x.com\/umecitpanama","https:\/\/www.tiktok.com\/@umecit","https:\/\/www.instagram.com\/umecit\/","https:\/\/www.youtube.com\/channel\/UCP9iXFXi4p_EW_p9p6lprhg"]}]}},"_links":{"self":[{"href":"https:\/\/umecit.edu.pa\/en\/wp-json\/wp\/v2\/pages\/32211","targetHints":{"allow":["GET"]}}],"collection":[{"href":"https:\/\/umecit.edu.pa\/en\/wp-json\/wp\/v2\/pages"}],"about":[{"href":"https:\/\/umecit.edu.pa\/en\/wp-json\/wp\/v2\/types\/page"}],"author":[{"embeddable":true,"href":"https:\/\/umecit.edu.pa\/en\/wp-json\/wp\/v2\/users\/695"}],"replies":[{"embeddable":true,"href":"https:\/\/umecit.edu.pa\/en\/wp-json\/wp\/v2\/comments?post=32211"}],"version-history":[{"count":0,"href":"https:\/\/umecit.edu.pa\/en\/wp-json\/wp\/v2\/pages\/32211\/revisions"}],"wp:featuredmedia":[{"embeddable":true,"href":"https:\/\/umecit.edu.pa\/en\/wp-json\/wp\/v2\/media\/32236"}],"wp:attachment":[{"href":"https:\/\/umecit.edu.pa\/en\/wp-json\/wp\/v2\/media?parent=32211"}],"curies":[{"name":"wp","href":"https:\/\/api.w.org\/{rel}","templated":true}]}}