{"id":25730,"date":"2022-07-21T12:07:52","date_gmt":"2022-07-21T17:07:52","guid":{"rendered":"https:\/\/nueva.umecit.edu.pa\/?page_id=25730"},"modified":"2022-08-23T15:48:00","modified_gmt":"2022-08-23T20:48:00","slug":"academia-virtual-de-idiomas","status":"publish","type":"page","link":"https:\/\/umecit.edu.pa\/en\/umecit-click\/academia-virtual-de-idiomas\/","title":{"rendered":"Virtual Language Academy"},"content":{"rendered":"<div data-elementor-type=\"wp-page\" data-elementor-id=\"25730\" class=\"elementor elementor-25730\" data-elementor-post-type=\"page\">\n\t\t\t\t\t\t<section class=\"elementor-section elementor-top-section elementor-element elementor-element-576f721 elementor-section-boxed elementor-section-height-default elementor-section-height-default\" data-id=\"576f721\" data-element_type=\"section\" data-e-type=\"section\" data-settings=\"{&quot;background_background&quot;:&quot;classic&quot;}\">\n\t\t\t\t\t\t<div class=\"elementor-container elementor-column-gap-default\">\n\t\t\t\t\t<div class=\"elementor-column elementor-col-50 elementor-top-column elementor-element elementor-element-e4896e8 order-xxl-1 order-xl-1 order-2 column-style-top\" data-id=\"e4896e8\" data-element_type=\"column\" data-e-type=\"column\">\n\t\t\t<div class=\"elementor-widget-wrap elementor-element-populated\">\n\t\t\t\t\t\t<div class=\"elementor-element elementor-element-c9e7e8f elementor-widget elementor-widget-image\" data-id=\"c9e7e8f\" data-element_type=\"widget\" data-e-type=\"widget\" data-widget_type=\"image.default\">\n\t\t\t\t<div class=\"elementor-widget-container\">\n\t\t\t\t\t\t\t\t\t\t\t\t\t\t\t<img decoding=\"async\" src=\"https:\/\/umecit.edu.pa\/wp-content\/uploads\/elementor\/thumbs\/LOGO_ClickUMECIT-4-pp3vclsr5i5l5kzxsm9yx7tbmym21aclimjqpo2wdi.png\" title=\"LOGO_ClickUMECIT-4\" alt=\"LOGO_ClickUMECIT-4\" loading=\"lazy\" \/>\t\t\t\t\t\t\t\t\t\t\t\t\t\t\t<\/div>\n\t\t\t\t<\/div>\n\t\t\t\t\t<\/div>\n\t\t<\/div>\n\t\t\t\t<div class=\"elementor-column elementor-col-50 elementor-top-column elementor-element elementor-element-8197df5 order-xxl-1 order-xl-1 order-2 column-style-top\" data-id=\"8197df5\" data-element_type=\"column\" data-e-type=\"column\">\n\t\t\t<div class=\"elementor-widget-wrap elementor-element-populated\">\n\t\t\t\t\t\t<div class=\"elementor-element elementor-element-d231e73 elementor-widget elementor-widget-image\" data-id=\"d231e73\" data-element_type=\"widget\" data-e-type=\"widget\" data-widget_type=\"image.default\">\n\t\t\t\t<div class=\"elementor-widget-container\">\n\t\t\t\t\t\t\t\t\t\t\t\t\t\t\t<img fetchpriority=\"high\" decoding=\"async\" width=\"800\" height=\"343\" src=\"https:\/\/umecit.edu.pa\/wp-content\/uploads\/2022\/07\/L-Griky.png\" class=\"attachment-large size-large wp-image-25525\" alt=\"\" srcset=\"https:\/\/umecit.edu.pa\/wp-content\/uploads\/2022\/07\/L-Griky.png 800w, https:\/\/umecit.edu.pa\/wp-content\/uploads\/2022\/07\/L-Griky-768x329.png 768w, https:\/\/umecit.edu.pa\/wp-content\/uploads\/2022\/07\/L-Griky-600x257.png 600w\" sizes=\"(max-width: 800px) 100vw, 800px\" \/>\t\t\t\t\t\t\t\t\t\t\t\t\t\t\t<\/div>\n\t\t\t\t<\/div>\n\t\t\t\t<div class=\"elementor-element elementor-element-2ce034f elementor-widget elementor-widget-heading\" data-id=\"2ce034f\" data-element_type=\"widget\" data-e-type=\"widget\" data-widget_type=\"heading.default\">\n\t\t\t\t<div class=\"elementor-widget-container\">\n\t\t\t\t\t<h2 class=\"elementor-heading-title elementor-size-default\">Click UMECIT<\/h2>\t\t\t\t<\/div>\n\t\t\t\t<\/div>\n\t\t\t\t<div class=\"elementor-element elementor-element-234511b elementor-widget elementor-widget-heading\" data-id=\"234511b\" data-element_type=\"widget\" data-e-type=\"widget\" data-widget_type=\"heading.default\">\n\t\t\t\t<div class=\"elementor-widget-container\">\n\t\t\t\t\t<h1 class=\"elementor-heading-title elementor-size-default\">Griky Language Catalog <\/h1>\t\t\t\t<\/div>\n\t\t\t\t<\/div>\n\t\t\t\t\t<\/div>\n\t\t<\/div>\n\t\t\t\t\t<\/div>\n\t\t<\/section>\n\t\t\t\t<section class=\"elementor-section elementor-top-section elementor-element elementor-element-ca5ac71 elementor-section-boxed elementor-section-height-default elementor-section-height-default\" data-id=\"ca5ac71\" data-element_type=\"section\" data-e-type=\"section\" data-settings=\"{&quot;background_background&quot;:&quot;classic&quot;}\">\n\t\t\t\t\t\t<div class=\"elementor-container elementor-column-gap-default\">\n\t\t\t\t\t<div class=\"elementor-column elementor-col-100 elementor-top-column elementor-element elementor-element-179f299 order-xxl-1 order-xl-1 order-2 column-style-top\" data-id=\"179f299\" data-element_type=\"column\" data-e-type=\"column\">\n\t\t\t<div class=\"elementor-widget-wrap elementor-element-populated\">\n\t\t\t\t\t\t<div class=\"elementor-element elementor-element-e0051c7 elementor-widget elementor-widget-htmega-datatable-addons\" data-id=\"e0051c7\" data-element_type=\"widget\" data-e-type=\"widget\" data-widget_type=\"htmega-datatable-addons.default\">\n\t\t\t\t<div class=\"elementor-widget-container\">\n\t\t\t\t\t        <div class=\"htmega-table-style htmega-table-style-2 htb-table-responsive\">\n            <table class=\"htb-table\">\n                                    <thead>\n                        <tr>\n                            <th class='elementor-repeater-item-6148847'>Languages available on platform<\/th>                        <\/tr>\n                    <\/thead>\n                                <tbody>\n                                            <tr>\n                            <td class=\"elementor-repeater-item-ba2aee7\" >English<\/td>                        <\/tr>\n                                            <tr>\n                            <td class=\"elementor-repeater-item-c6f49a0\" >French<\/td>                        <\/tr>\n                                            <tr>\n                            <td class=\"elementor-repeater-item-ae9069a\" >Portuguese<\/td>                        <\/tr>\n                                            <tr>\n                            <td class=\"elementor-repeater-item-680bd40\" >Italian<\/td>                        <\/tr>\n                                            <tr>\n                            <td class=\"elementor-repeater-item-933c28a\" >German<\/td>                        <\/tr>\n                                            <tr>\n                            <td class=\"elementor-repeater-item-9ed724c\" >Japanese<\/td>                        <\/tr>\n                                            <tr>\n                            <td class=\"elementor-repeater-item-8c11510\" >Mandarin Chinese<\/td>                        <\/tr>\n                                            <tr>\n                            <td class=\"elementor-repeater-item-70098ac\" >Spanish for foreigners<\/td>                        <\/tr>\n                                    <\/tbody>\n            <\/table>\n        <\/div>\n        \t\t\t\t<\/div>\n\t\t\t\t<\/div>\n\t\t\t\t\t<\/div>\n\t\t<\/div>\n\t\t\t\t\t<\/div>\n\t\t<\/section>\n\t\t\t\t<\/div>","protected":false},"excerpt":{"rendered":"<p>Click UMECIT Griky Language Catalog Languages available on the platform English French Portuguese Italian German Japanese Chinese Mandarin Spanish for foreigners<\/p>","protected":false},"author":695,"featured_media":31640,"parent":18341,"menu_order":0,"comment_status":"closed","ping_status":"closed","template":"","meta":{"footnotes":""},"class_list":["post-25730","page","type-page","status-publish","has-post-thumbnail","hentry"],"yoast_head":"<!-- This site is optimized with the Yoast SEO plugin v27.1.1 - https:\/\/yoast.com\/product\/yoast-seo-wordpress\/ -->\n<title>Acad\u00e9mia Virtual de Idiomas<\/title>\n<meta name=\"description\" content=\"Acad\u00e9mia Virtual de Idiomas Cat\u00e1logo de Idiomas Griky\" \/>\n<meta name=\"robots\" content=\"index, follow, max-snippet:-1, max-image-preview:large, max-video-preview:-1\" \/>\n<link rel=\"canonical\" href=\"https:\/\/umecit.edu.pa\/en\/umecit-click\/academia-virtual-de-idiomas\/\" \/>\n<meta property=\"og:locale\" content=\"en_US\" \/>\n<meta property=\"og:type\" content=\"article\" \/>\n<meta property=\"og:title\" content=\"Acad\u00e9mia Virtual de Idiomas\" \/>\n<meta property=\"og:description\" content=\"Acad\u00e9mia Virtual de Idiomas Cat\u00e1logo de Idiomas Griky\" \/>\n<meta property=\"og:url\" content=\"https:\/\/umecit.edu.pa\/en\/umecit-click\/academia-virtual-de-idiomas\/\" \/>\n<meta property=\"og:site_name\" content=\"Umecit - Universidad en Panam\u00e1\" \/>\n<meta property=\"article:publisher\" content=\"https:\/\/www.facebook.com\/umecitpanama\/\" \/>\n<meta property=\"article:modified_time\" content=\"2022-08-23T20:48:00+00:00\" \/>\n<meta property=\"og:image\" content=\"https:\/\/umecit.edu.pa\/wp-content\/uploads\/2022\/08\/F-Academia-Virtual-de-Idiomas.jpg\" \/>\n\t<meta property=\"og:image:width\" content=\"500\" \/>\n\t<meta property=\"og:image:height\" content=\"370\" \/>\n\t<meta property=\"og:image:type\" content=\"image\/jpeg\" \/>\n<meta name=\"twitter:card\" content=\"summary_large_image\" \/>\n<meta name=\"twitter:site\" content=\"@umecitpanama\" \/>\n<meta name=\"twitter:label1\" content=\"Est. reading time\" \/>\n\t<meta name=\"twitter:data1\" content=\"1 minute\" \/>\n<script type=\"application\/ld+json\" class=\"yoast-schema-graph\">{\"@context\":\"https:\/\/schema.org\",\"@graph\":[{\"@type\":\"WebPage\",\"@id\":\"https:\/\/umecit.edu.pa\/umecit-click\/academia-virtual-de-idiomas\/\",\"url\":\"https:\/\/umecit.edu.pa\/umecit-click\/academia-virtual-de-idiomas\/\",\"name\":\"Acad\u00e9mia Virtual de Idiomas\",\"isPartOf\":{\"@id\":\"https:\/\/umecit.edu.pa\/#website\"},\"primaryImageOfPage\":{\"@id\":\"https:\/\/umecit.edu.pa\/umecit-click\/academia-virtual-de-idiomas\/#primaryimage\"},\"image\":{\"@id\":\"https:\/\/umecit.edu.pa\/umecit-click\/academia-virtual-de-idiomas\/#primaryimage\"},\"thumbnailUrl\":\"https:\/\/umecit.edu.pa\/wp-content\/uploads\/2022\/08\/F-Academia-Virtual-de-Idiomas.jpg\",\"datePublished\":\"2022-07-21T17:07:52+00:00\",\"dateModified\":\"2022-08-23T20:48:00+00:00\",\"description\":\"Acad\u00e9mia Virtual de Idiomas Cat\u00e1logo de Idiomas Griky\",\"breadcrumb\":{\"@id\":\"https:\/\/umecit.edu.pa\/umecit-click\/academia-virtual-de-idiomas\/#breadcrumb\"},\"inLanguage\":\"en-US\",\"potentialAction\":[{\"@type\":\"ReadAction\",\"target\":[\"https:\/\/umecit.edu.pa\/umecit-click\/academia-virtual-de-idiomas\/\"]}]},{\"@type\":\"ImageObject\",\"inLanguage\":\"en-US\",\"@id\":\"https:\/\/umecit.edu.pa\/umecit-click\/academia-virtual-de-idiomas\/#primaryimage\",\"url\":\"https:\/\/umecit.edu.pa\/wp-content\/uploads\/2022\/08\/F-Academia-Virtual-de-Idiomas.jpg\",\"contentUrl\":\"https:\/\/umecit.edu.pa\/wp-content\/uploads\/2022\/08\/F-Academia-Virtual-de-Idiomas.jpg\",\"width\":500,\"height\":370,\"caption\":\"Acad\u00e9mia Virtual de Idiomas\"},{\"@type\":\"BreadcrumbList\",\"@id\":\"https:\/\/umecit.edu.pa\/umecit-click\/academia-virtual-de-idiomas\/#breadcrumb\",\"itemListElement\":[{\"@type\":\"ListItem\",\"position\":1,\"name\":\"Portada\",\"item\":\"https:\/\/umecit.edu.pa\/\"},{\"@type\":\"ListItem\",\"position\":2,\"name\":\"UMECIT Click\",\"item\":\"https:\/\/umecit.edu.pa\/umecit-click\/\"},{\"@type\":\"ListItem\",\"position\":3,\"name\":\"Acad\u00e9mia Virtual de Idiomas\"}]},{\"@type\":\"WebSite\",\"@id\":\"https:\/\/umecit.edu.pa\/#website\",\"url\":\"https:\/\/umecit.edu.pa\/\",\"name\":\"Umecit - Universidad en Panam\u00e1\",\"description\":\"Universidad Metropolitana de Educaci\u00f3n, Ciencia y Tecnolog\u00eda\",\"publisher\":{\"@id\":\"https:\/\/umecit.edu.pa\/#organization\"},\"potentialAction\":[{\"@type\":\"SearchAction\",\"target\":{\"@type\":\"EntryPoint\",\"urlTemplate\":\"https:\/\/umecit.edu.pa\/?s={search_term_string}\"},\"query-input\":{\"@type\":\"PropertyValueSpecification\",\"valueRequired\":true,\"valueName\":\"search_term_string\"}}],\"inLanguage\":\"en-US\"},{\"@type\":\"Organization\",\"@id\":\"https:\/\/umecit.edu.pa\/#organization\",\"name\":\"Umecit - Universidad en Panam\u00e1\",\"url\":\"https:\/\/umecit.edu.pa\/\",\"logo\":{\"@type\":\"ImageObject\",\"inLanguage\":\"en-US\",\"@id\":\"https:\/\/umecit.edu.pa\/#\/schema\/logo\/image\/\",\"url\":\"https:\/\/umecit.edu.pa\/wp-content\/uploads\/2022\/06\/panama-7.jpg\",\"contentUrl\":\"https:\/\/umecit.edu.pa\/wp-content\/uploads\/2022\/06\/panama-7.jpg\",\"width\":1200,\"height\":800,\"caption\":\"Umecit - Universidad en Panam\u00e1\"},\"image\":{\"@id\":\"https:\/\/umecit.edu.pa\/#\/schema\/logo\/image\/\"},\"sameAs\":[\"https:\/\/www.facebook.com\/umecitpanama\/\",\"https:\/\/x.com\/umecitpanama\",\"https:\/\/www.tiktok.com\/@umecit\",\"https:\/\/www.instagram.com\/umecit\/\",\"https:\/\/www.youtube.com\/channel\/UCP9iXFXi4p_EW_p9p6lprhg\"]}]}<\/script>\n<!-- \/ Yoast SEO plugin. -->","yoast_head_json":{"title":"Virtual Language Academy","description":"Griky Virtual Language Academy Language Catalog","robots":{"index":"index","follow":"follow","max-snippet":"max-snippet:-1","max-image-preview":"max-image-preview:large","max-video-preview":"max-video-preview:-1"},"canonical":"https:\/\/umecit.edu.pa\/en\/umecit-click\/academia-virtual-de-idiomas\/","og_locale":"en_US","og_type":"article","og_title":"Acad\u00e9mia Virtual de Idiomas","og_description":"Acad\u00e9mia Virtual de Idiomas Cat\u00e1logo de Idiomas Griky","og_url":"https:\/\/umecit.edu.pa\/en\/umecit-click\/academia-virtual-de-idiomas\/","og_site_name":"Umecit - Universidad en Panam\u00e1","article_publisher":"https:\/\/www.facebook.com\/umecitpanama\/","article_modified_time":"2022-08-23T20:48:00+00:00","og_image":[{"width":500,"height":370,"url":"https:\/\/umecit.edu.pa\/wp-content\/uploads\/2022\/08\/F-Academia-Virtual-de-Idiomas.jpg","type":"image\/jpeg"}],"twitter_card":"summary_large_image","twitter_site":"@umecitpanama","twitter_misc":{"Est. reading time":"1 minute"},"schema":{"@context":"https:\/\/schema.org","@graph":[{"@type":"WebPage","@id":"https:\/\/umecit.edu.pa\/umecit-click\/academia-virtual-de-idiomas\/","url":"https:\/\/umecit.edu.pa\/umecit-click\/academia-virtual-de-idiomas\/","name":"Virtual Language Academy","isPartOf":{"@id":"https:\/\/umecit.edu.pa\/#website"},"primaryImageOfPage":{"@id":"https:\/\/umecit.edu.pa\/umecit-click\/academia-virtual-de-idiomas\/#primaryimage"},"image":{"@id":"https:\/\/umecit.edu.pa\/umecit-click\/academia-virtual-de-idiomas\/#primaryimage"},"thumbnailUrl":"https:\/\/umecit.edu.pa\/wp-content\/uploads\/2022\/08\/F-Academia-Virtual-de-Idiomas.jpg","datePublished":"2022-07-21T17:07:52+00:00","dateModified":"2022-08-23T20:48:00+00:00","description":"Griky Virtual Language Academy Language Catalog","breadcrumb":{"@id":"https:\/\/umecit.edu.pa\/umecit-click\/academia-virtual-de-idiomas\/#breadcrumb"},"inLanguage":"en-US","potentialAction":[{"@type":"ReadAction","target":["https:\/\/umecit.edu.pa\/umecit-click\/academia-virtual-de-idiomas\/"]}]},{"@type":"ImageObject","inLanguage":"en-US","@id":"https:\/\/umecit.edu.pa\/umecit-click\/academia-virtual-de-idiomas\/#primaryimage","url":"https:\/\/umecit.edu.pa\/wp-content\/uploads\/2022\/08\/F-Academia-Virtual-de-Idiomas.jpg","contentUrl":"https:\/\/umecit.edu.pa\/wp-content\/uploads\/2022\/08\/F-Academia-Virtual-de-Idiomas.jpg","width":500,"height":370,"caption":"Acad\u00e9mia Virtual de Idiomas"},{"@type":"BreadcrumbList","@id":"https:\/\/umecit.edu.pa\/umecit-click\/academia-virtual-de-idiomas\/#breadcrumb","itemListElement":[{"@type":"ListItem","position":1,"name":"Portada","item":"https:\/\/umecit.edu.pa\/"},{"@type":"ListItem","position":2,"name":"UMECIT Click","item":"https:\/\/umecit.edu.pa\/umecit-click\/"},{"@type":"ListItem","position":3,"name":"Acad\u00e9mia Virtual de Idiomas"}]},{"@type":"WebSite","@id":"https:\/\/umecit.edu.pa\/#website","url":"https:\/\/umecit.edu.pa\/","name":"Umecit - University in Panama","description":"Metropolitan University of Education, Science and Technology","publisher":{"@id":"https:\/\/umecit.edu.pa\/#organization"},"potentialAction":[{"@type":"SearchAction","target":{"@type":"EntryPoint","urlTemplate":"https:\/\/umecit.edu.pa\/?s={search_term_string}"},"query-input":{"@type":"PropertyValueSpecification","valueRequired":true,"valueName":"search_term_string"}}],"inLanguage":"en-US"},{"@type":"Organization","@id":"https:\/\/umecit.edu.pa\/#organization","name":"Umecit - University in Panama","url":"https:\/\/umecit.edu.pa\/","logo":{"@type":"ImageObject","inLanguage":"en-US","@id":"https:\/\/umecit.edu.pa\/#\/schema\/logo\/image\/","url":"https:\/\/umecit.edu.pa\/wp-content\/uploads\/2022\/06\/panama-7.jpg","contentUrl":"https:\/\/umecit.edu.pa\/wp-content\/uploads\/2022\/06\/panama-7.jpg","width":1200,"height":800,"caption":"Umecit - Universidad en Panam\u00e1"},"image":{"@id":"https:\/\/umecit.edu.pa\/#\/schema\/logo\/image\/"},"sameAs":["https:\/\/www.facebook.com\/umecitpanama\/","https:\/\/x.com\/umecitpanama","https:\/\/www.tiktok.com\/@umecit","https:\/\/www.instagram.com\/umecit\/","https:\/\/www.youtube.com\/channel\/UCP9iXFXi4p_EW_p9p6lprhg"]}]}},"_links":{"self":[{"href":"https:\/\/umecit.edu.pa\/en\/wp-json\/wp\/v2\/pages\/25730","targetHints":{"allow":["GET"]}}],"collection":[{"href":"https:\/\/umecit.edu.pa\/en\/wp-json\/wp\/v2\/pages"}],"about":[{"href":"https:\/\/umecit.edu.pa\/en\/wp-json\/wp\/v2\/types\/page"}],"author":[{"embeddable":true,"href":"https:\/\/umecit.edu.pa\/en\/wp-json\/wp\/v2\/users\/695"}],"replies":[{"embeddable":true,"href":"https:\/\/umecit.edu.pa\/en\/wp-json\/wp\/v2\/comments?post=25730"}],"version-history":[{"count":0,"href":"https:\/\/umecit.edu.pa\/en\/wp-json\/wp\/v2\/pages\/25730\/revisions"}],"up":[{"embeddable":true,"href":"https:\/\/umecit.edu.pa\/en\/wp-json\/wp\/v2\/pages\/18341"}],"wp:featuredmedia":[{"embeddable":true,"href":"https:\/\/umecit.edu.pa\/en\/wp-json\/wp\/v2\/media\/31640"}],"wp:attachment":[{"href":"https:\/\/umecit.edu.pa\/en\/wp-json\/wp\/v2\/media?parent=25730"}],"curies":[{"name":"wp","href":"https:\/\/api.w.org\/{rel}","templated":true}]}}