{"id":2264,"date":"2022-02-07T12:43:52","date_gmt":"2022-02-07T17:43:52","guid":{"rendered":"https:\/\/nueva.umecit.edu.pa\/?page_id=2264"},"modified":"2022-02-22T11:06:34","modified_gmt":"2022-02-22T16:06:34","slug":"centros-adscritos","status":"publish","type":"page","link":"https:\/\/umecit.edu.pa\/en\/centros-adscritos\/","title":{"rendered":"Affiliated Centers"},"content":{"rendered":"<div data-elementor-type=\"wp-page\" data-elementor-id=\"2264\" class=\"elementor elementor-2264\" data-elementor-post-type=\"page\">\n\t\t\t\t\t\t<section class=\"elementor-section elementor-top-section elementor-element elementor-element-cd20180 elementor-section-boxed elementor-section-height-default elementor-section-height-default row-top\" data-id=\"cd20180\" data-element_type=\"section\" data-e-type=\"section\">\n\t\t\t\t\t\t<div class=\"elementor-container elementor-column-gap-default\">\n\t\t\t\t\t<div class=\"elementor-column elementor-col-100 elementor-top-column elementor-element elementor-element-112e054 column-style-top\" data-id=\"112e054\" data-element_type=\"column\" data-e-type=\"column\">\n\t\t\t<div class=\"elementor-widget-wrap elementor-element-populated\">\n\t\t\t\t\t\t<div class=\"elementor-element elementor-element-00e4c9c elementor-widget elementor-widget-gva-heading-block\" data-id=\"00e4c9c\" data-element_type=\"widget\" data-e-type=\"widget\" data-widget_type=\"gva-heading-block.default\">\n\t\t\t\t<div class=\"elementor-widget-container\">\n\t\t\t\t\t<div class=\"gva-element-gva-heading-block gva-element\">   <div class=\"align-center style-1 widget gsc-heading box-align-left auto-responsive\">\r\n      <div class=\"content-inner\">\r\n         \r\n                  \r\n           \r\n         \r\n                              <div class=\"title-desc\">At UMECIT we have different affiliated centers that always seek continuous improvement, in addition to personal development.<\/div>\r\n         \r\n         \r\n      <\/div>\r\n   <\/div>\r\n<\/div>\t\t\t\t<\/div>\n\t\t\t\t<\/div>\n\t\t\t\t\t<\/div>\n\t\t<\/div>\n\t\t\t\t\t<\/div>\n\t\t<\/section>\n\t\t\t\t<section class=\"elementor-section elementor-top-section elementor-element elementor-element-b789b67 elementor-section-boxed elementor-section-height-default elementor-section-height-default row-top\" data-id=\"b789b67\" data-element_type=\"section\" data-e-type=\"section\">\n\t\t\t\t\t\t<div class=\"elementor-container elementor-column-gap-default\">\n\t\t\t\t\t<div class=\"elementor-column elementor-col-100 elementor-top-column elementor-element elementor-element-3518271 column-style-top\" data-id=\"3518271\" data-element_type=\"column\" data-e-type=\"column\">\n\t\t\t<div class=\"elementor-widget-wrap elementor-element-populated\">\n\t\t\t\t\t\t<section class=\"elementor-section elementor-inner-section elementor-element elementor-element-9a850a3 elementor-section-boxed elementor-section-height-default elementor-section-height-default row-top\" data-id=\"9a850a3\" data-element_type=\"section\" data-e-type=\"section\">\n\t\t\t\t\t\t<div class=\"elementor-container elementor-column-gap-default\">\n\t\t\t\t\t<div class=\"elementor-column elementor-col-33 elementor-inner-column elementor-element elementor-element-f2632eb column-style-top\" data-id=\"f2632eb\" data-element_type=\"column\" data-e-type=\"column\">\n\t\t\t<div class=\"elementor-widget-wrap elementor-element-populated\">\n\t\t\t\t\t\t<div class=\"elementor-element elementor-element-5e5b0a6 elementor-widget elementor-widget-gva-image-content\" data-id=\"5e5b0a6\" data-element_type=\"widget\" data-e-type=\"widget\" data-widget_type=\"gva-image-content.default\">\n\t\t\t\t<div class=\"elementor-widget-container\">\n\t\t\t\t\t<div class=\"gva-element-gva-image-content gva-element\">\t\t\r\n\t  \r\n\t \r\n\t  \r\n\r\n\t\r\n \r\n\r\n  \r\n\r\n \r\n\r\n  <div class=\"clearfix gsc-image-content skin-v7\">\r\n\t \t\t<div class=\"image\">\r\n\t\t\t \t\t  <a href=\"https:\/\/umecit.edu.pa\/en\/centros-adscritos\/centro-de-formacion-maritima\/\">\r\n\t\t\t <img fetchpriority=\"high\" decoding=\"async\" width=\"300\" height=\"209\" src=\"https:\/\/umecit.edu.pa\/wp-content\/uploads\/2022\/02\/centro-de-formacion-maritima-300x209-1.png\" class=\"attachment-full size-full wp-image-2280\" alt=\"Centro de Formaci\u00f3n Mar\u00edtima\" \/>\t\t  <\/a>\r\n\t\t  \t\t<\/div>\r\n\t \t <div class=\"box-content\">\r\n\t\t\t\t\t<h2 class=\"title\">\r\n\t\t\t\t\t\t  <a href=\"https:\/\/umecit.edu.pa\/en\/centros-adscritos\/centro-de-formacion-maritima\/\">\r\n\t\t\t Maritime Training Center\t\t  <\/a>\r\n\t\t  \t\t\t<\/h2>\r\n\t\t\t\t<div class=\"desc\">The Maritime Training Center is a training entity recognized by the Panama Maritime Authority.<\/div>\r\n\t\t\t\t  <div class=\"read-more\">\r\n\t\t\t \t\t  <a href=\"https:\/\/umecit.edu.pa\/en\/centros-adscritos\/centro-de-formacion-maritima\/\" class=\"btn-inline\">\r\n\t\t\t <span>GET IN<\/span>\t\t  <\/a>\r\n\t\t  \t\t  <\/div>\r\n\t\t\t <\/div>  \r\n  <\/div>\r\n <\/div>\t\t\t\t<\/div>\n\t\t\t\t<\/div>\n\t\t\t\t\t<\/div>\n\t\t<\/div>\n\t\t\t\t<div class=\"elementor-column elementor-col-33 elementor-inner-column elementor-element elementor-element-a80a6a0 column-style-top\" data-id=\"a80a6a0\" data-element_type=\"column\" data-e-type=\"column\">\n\t\t\t<div class=\"elementor-widget-wrap elementor-element-populated\">\n\t\t\t\t\t\t<div class=\"elementor-element elementor-element-29030db elementor-widget elementor-widget-gva-image-content\" data-id=\"29030db\" data-element_type=\"widget\" data-e-type=\"widget\" data-widget_type=\"gva-image-content.default\">\n\t\t\t\t<div class=\"elementor-widget-container\">\n\t\t\t\t\t<div class=\"gva-element-gva-image-content gva-element\">\t\t\r\n\t  \r\n\t \r\n\t  \r\n\r\n\t\r\n \r\n\r\n  \r\n\r\n \r\n\r\n  <div class=\"clearfix gsc-image-content skin-v7\">\r\n\t \t\t<div class=\"image\">\r\n\t\t\t \t\t  <a href=\"http:\/\/ibipanama.edu.pa\/index-2.html\" target=\"_blank\">\r\n\t\t\t <img decoding=\"async\" width=\"190\" height=\"190\" src=\"https:\/\/umecit.edu.pa\/wp-content\/uploads\/2022\/02\/umecit-logo-ibi-190x190-1.png\" class=\"attachment-full size-full wp-image-2281\" alt=\"Instituto Biling\u00fce Internacional de Panam\u00e1\" srcset=\"https:\/\/umecit.edu.pa\/wp-content\/uploads\/2022\/02\/umecit-logo-ibi-190x190-1.png 190w, https:\/\/umecit.edu.pa\/wp-content\/uploads\/2022\/02\/umecit-logo-ibi-190x190-1-180x180.png 180w\" sizes=\"(max-width: 190px) 100vw, 190px\" \/>\t\t  <\/a>\r\n\t\t  \t\t<\/div>\r\n\t \t <div class=\"box-content\">\r\n\t\t\t\t\t<h2 class=\"title\">\r\n\t\t\t\t\t\t  <a href=\"http:\/\/ibipanama.edu.pa\/index-2.html\" target=\"_blank\">\r\n\t\t\t International Bilingual Institute of Panama\t\t  <\/a>\r\n\t\t  \t\t\t<\/h2>\r\n\t\t\t\t<div class=\"desc\">The Panamanian Educational System demands a quality education committed to the challenges of the new millennium.<\/div>\r\n\t\t\t\t  <div class=\"read-more\">\r\n\t\t\t \t\t  <a href=\"http:\/\/ibipanama.edu.pa\/index-2.html\" class=\"btn-inline\" target=\"_blank\">\r\n\t\t\t <span>Get in<\/span>\t\t  <\/a>\r\n\t\t  \t\t  <\/div>\r\n\t\t\t <\/div>  \r\n  <\/div>\r\n <\/div>\t\t\t\t<\/div>\n\t\t\t\t<\/div>\n\t\t\t\t\t<\/div>\n\t\t<\/div>\n\t\t\t\t<div class=\"elementor-column elementor-col-33 elementor-inner-column elementor-element elementor-element-6d7c028 column-style-top\" data-id=\"6d7c028\" data-element_type=\"column\" data-e-type=\"column\">\n\t\t\t<div class=\"elementor-widget-wrap elementor-element-populated\">\n\t\t\t\t\t\t<div class=\"elementor-element elementor-element-b6f347a elementor-widget elementor-widget-gva-image-content\" data-id=\"b6f347a\" data-element_type=\"widget\" data-e-type=\"widget\" data-widget_type=\"gva-image-content.default\">\n\t\t\t\t<div class=\"elementor-widget-container\">\n\t\t\t\t\t<div class=\"gva-element-gva-image-content gva-element\">\t\t\r\n\t  \r\n\t \r\n\t  \r\n\r\n\t\r\n \r\n\r\n  \r\n\r\n \r\n\r\n  <div class=\"clearfix gsc-image-content skin-v7\">\r\n\t \t\t<div class=\"image\">\r\n\t\t\t \t\t  <a href=\"https:\/\/umecit.edu.pa\/en\/centros-adscritos\/inspa\/\">\r\n\t\t\t <img decoding=\"async\" width=\"190\" height=\"190\" src=\"https:\/\/umecit.edu.pa\/wp-content\/uploads\/2022\/02\/umecit-logo-2-190x190-1.png\" class=\"attachment-full size-full wp-image-2285\" alt=\"Instituto Superior Polit\u00e9cnico de Am\u00e9rica\" srcset=\"https:\/\/umecit.edu.pa\/wp-content\/uploads\/2022\/02\/umecit-logo-2-190x190-1.png 190w, https:\/\/umecit.edu.pa\/wp-content\/uploads\/2022\/02\/umecit-logo-2-190x190-1-180x180.png 180w\" sizes=\"(max-width: 190px) 100vw, 190px\" \/>\t\t  <\/a>\r\n\t\t  \t\t<\/div>\r\n\t \t <div class=\"box-content\">\r\n\t\t\t\t\t<h2 class=\"title\">\r\n\t\t\t\t\t\t  <a href=\"https:\/\/umecit.edu.pa\/en\/centros-adscritos\/inspa\/\">\r\n\t\t\t Higher Polytechnic Institute of America\t\t  <\/a>\r\n\t\t  \t\t\t<\/h2>\r\n\t\t\t\t<div class=\"desc\">INSPA is a higher education institution that offers higher technical programs duly approved by the Ministry of National Education. <\/div>\r\n\t\t\t\t  <div class=\"read-more\">\r\n\t\t\t \t\t  <a href=\"https:\/\/umecit.edu.pa\/en\/centros-adscritos\/inspa\/\" class=\"btn-inline\">\r\n\t\t\t <span>GET IN<\/span>\t\t  <\/a>\r\n\t\t  \t\t  <\/div>\r\n\t\t\t <\/div>  \r\n  <\/div>\r\n <\/div>\t\t\t\t<\/div>\n\t\t\t\t<\/div>\n\t\t\t\t\t<\/div>\n\t\t<\/div>\n\t\t\t\t\t<\/div>\n\t\t<\/section>\n\t\t\t\t<section class=\"elementor-section elementor-inner-section elementor-element elementor-element-c2be868 elementor-section-boxed elementor-section-height-default elementor-section-height-default row-top\" data-id=\"c2be868\" data-element_type=\"section\" data-e-type=\"section\">\n\t\t\t\t\t\t<div class=\"elementor-container elementor-column-gap-default\">\n\t\t\t\t\t<div class=\"elementor-column elementor-col-50 elementor-inner-column elementor-element elementor-element-a856ec8 column-style-top\" data-id=\"a856ec8\" data-element_type=\"column\" data-e-type=\"column\">\n\t\t\t<div class=\"elementor-widget-wrap elementor-element-populated\">\n\t\t\t\t\t\t<div class=\"elementor-element elementor-element-2a22268 elementor-widget elementor-widget-gva-image-content\" data-id=\"2a22268\" data-element_type=\"widget\" data-e-type=\"widget\" data-widget_type=\"gva-image-content.default\">\n\t\t\t\t<div class=\"elementor-widget-container\">\n\t\t\t\t\t<div class=\"gva-element-gva-image-content gva-element\">\t\t\r\n\t  \r\n\t \r\n\t  \r\n\r\n\t\r\n \r\n\r\n  \r\n\r\n \r\n\r\n  <div class=\"clearfix gsc-image-content skin-v7\">\r\n\t \t\t<div class=\"image\">\r\n\t\t\t \t\t  <a href=\"https:\/\/umecit.edu.pa\/en\/centros-adscritos\/umecit-f-c-panama\/\">\r\n\t\t\t <img loading=\"lazy\" decoding=\"async\" width=\"300\" height=\"207\" src=\"https:\/\/umecit.edu.pa\/wp-content\/uploads\/2022\/02\/umecit-logo-fc-300x207-1.png\" class=\"attachment-full size-full wp-image-2286\" alt=\"\" \/>\t\t  <\/a>\r\n\t\t  \t\t<\/div>\r\n\t \t <div class=\"box-content\">\r\n\t\t\t\t\t<h2 class=\"title\">\r\n\t\t\t\t\t\t  <a href=\"https:\/\/umecit.edu.pa\/en\/centros-adscritos\/umecit-f-c-panama\/\">\r\n\t\t\t UMECIT FC Panama\t\t  <\/a>\r\n\t\t  \t\t\t<\/h2>\r\n\t\t\t\t<div class=\"desc\">Our only motto of LEARNING BY PLAYING forces us to carry out practices for sports and personal development.<\/div>\r\n\t\t\t\t  <div class=\"read-more\">\r\n\t\t\t \t\t  <a href=\"https:\/\/umecit.edu.pa\/en\/centros-adscritos\/umecit-f-c-panama\/\" class=\"btn-inline\">\r\n\t\t\t <span>GET IN<\/span>\t\t  <\/a>\r\n\t\t  \t\t  <\/div>\r\n\t\t\t <\/div>  \r\n  <\/div>\r\n <\/div>\t\t\t\t<\/div>\n\t\t\t\t<\/div>\n\t\t\t\t\t<\/div>\n\t\t<\/div>\n\t\t\t\t<div class=\"elementor-column elementor-col-50 elementor-inner-column elementor-element elementor-element-677fa9c column-style-top\" data-id=\"677fa9c\" data-element_type=\"column\" data-e-type=\"column\">\n\t\t\t<div class=\"elementor-widget-wrap elementor-element-populated\">\n\t\t\t\t\t\t<div class=\"elementor-element elementor-element-2f4b78c elementor-widget elementor-widget-gva-image-content\" data-id=\"2f4b78c\" data-element_type=\"widget\" data-e-type=\"widget\" data-widget_type=\"gva-image-content.default\">\n\t\t\t\t<div class=\"elementor-widget-container\">\n\t\t\t\t\t<div class=\"gva-element-gva-image-content gva-element\">\t\t\r\n\t  \r\n\t \r\n\t  \r\n\r\n\t\r\n \r\n\r\n  \r\n\r\n \r\n\r\n  <div class=\"clearfix gsc-image-content skin-v7\">\r\n\t \t\t<div class=\"image\">\r\n\t\t\t \t\t  <a href=\"https:\/\/umecit.edu.pa\/en\/centros-adscritos\/centro-de-idiomas-de-la-umecit\/\">\r\n\t\t\t <img loading=\"lazy\" decoding=\"async\" width=\"300\" height=\"147\" src=\"https:\/\/umecit.edu.pa\/wp-content\/uploads\/2022\/02\/LOGO-CENTRO-DE-IDIOMA-300x147-1.png\" class=\"attachment-full size-full wp-image-2290\" alt=\"\" \/>\t\t  <\/a>\r\n\t\t  \t\t<\/div>\r\n\t \t <div class=\"box-content\">\r\n\t\t\t\t\t<h2 class=\"title\">\r\n\t\t\t\t\t\t  <a href=\"https:\/\/umecit.edu.pa\/en\/centros-adscritos\/centro-de-idiomas-de-la-umecit\/\">\r\n\t\t\t UMECIT Language Center\t\t  <\/a>\r\n\t\t  \t\t\t<\/h2>\r\n\t\t\t\t<div class=\"desc\">The Language Center seeks to promote the development of communication skills for the effective mastery of the first language and foreign languages within the cyber-humanist framework that governs the educational work of UMECIT.<\/div>\r\n\t\t\t\t  <div class=\"read-more\">\r\n\t\t\t \t\t  <a href=\"https:\/\/umecit.edu.pa\/en\/centros-adscritos\/centro-de-idiomas-de-la-umecit\/\" class=\"btn-inline\">\r\n\t\t\t <span>GET IN<\/span>\t\t  <\/a>\r\n\t\t  \t\t  <\/div>\r\n\t\t\t <\/div>  \r\n  <\/div>\r\n <\/div>\t\t\t\t<\/div>\n\t\t\t\t<\/div>\n\t\t\t\t\t<\/div>\n\t\t<\/div>\n\t\t\t\t\t<\/div>\n\t\t<\/section>\n\t\t\t\t\t<\/div>\n\t\t<\/div>\n\t\t\t\t\t<\/div>\n\t\t<\/section>\n\t\t\t\t<\/div>","protected":false},"excerpt":{"rendered":"<p>En la UMECIT contamos con diferentes centros adscritos que buscan siempre la mejora continua, adem\u00e1s del desarrollo personal. Centro de Formaci\u00f3n Mar\u00edtima El Centro de Formaci\u00f3n Mar\u00edtima es un ente de capacitaci\u00f3n reconocido por la Autoridad Mar\u00edtima de Panam\u00e1. ENTRAR Instituto Biling\u00fce Internacional de Panam\u00e1 El Sistema Educativo Paname\u00f1o reclama una educaci\u00f3n de calidad y [&hellip;]<\/p>\n","protected":false},"author":695,"featured_media":0,"parent":0,"menu_order":0,"comment_status":"closed","ping_status":"closed","template":"","meta":{"footnotes":""},"class_list":["post-2264","page","type-page","status-publish","hentry"],"yoast_head":"<!-- This site is optimized with the Yoast SEO plugin v27.5 - https:\/\/yoast.com\/product\/yoast-seo-wordpress\/ -->\n<title>Centros Adscritos - Umecit - Universidad en Panam\u00e1<\/title>\n<meta name=\"robots\" content=\"index, follow, max-snippet:-1, max-image-preview:large, max-video-preview:-1\" \/>\n<link rel=\"canonical\" href=\"https:\/\/umecit.edu.pa\/en\/centros-adscritos\/\" \/>\n<meta property=\"og:locale\" content=\"en_US\" \/>\n<meta property=\"og:type\" content=\"article\" \/>\n<meta property=\"og:title\" content=\"Centros Adscritos - Umecit - Universidad en Panam\u00e1\" \/>\n<meta property=\"og:description\" content=\"En la UMECIT contamos con diferentes centros adscritos que buscan siempre la mejora continua, adem\u00e1s del desarrollo personal. Centro de Formaci\u00f3n Mar\u00edtima El Centro de Formaci\u00f3n Mar\u00edtima es un ente de capacitaci\u00f3n reconocido por la Autoridad Mar\u00edtima de Panam\u00e1. ENTRAR Instituto Biling\u00fce Internacional de Panam\u00e1 El Sistema Educativo Paname\u00f1o reclama una educaci\u00f3n de calidad y [&hellip;]\" \/>\n<meta property=\"og:url\" content=\"https:\/\/umecit.edu.pa\/en\/centros-adscritos\/\" \/>\n<meta property=\"og:site_name\" content=\"Umecit - Universidad en Panam\u00e1\" \/>\n<meta property=\"article:publisher\" content=\"https:\/\/www.facebook.com\/umecitpanama\/\" \/>\n<meta property=\"article:modified_time\" content=\"2022-02-22T16:06:34+00:00\" \/>\n<meta property=\"og:image\" content=\"https:\/\/nueva.umecit.edu.pa\/wp-content\/uploads\/2022\/02\/centro-de-formacion-maritima-300x209-1.png\" \/>\n<meta name=\"twitter:card\" content=\"summary_large_image\" \/>\n<meta name=\"twitter:site\" content=\"@umecitpanama\" \/>\n<meta name=\"twitter:label1\" content=\"Est. reading time\" \/>\n\t<meta name=\"twitter:data1\" content=\"1 minute\" \/>\n<script type=\"application\/ld+json\" class=\"yoast-schema-graph\">{\"@context\":\"https:\\\/\\\/schema.org\",\"@graph\":[{\"@type\":\"WebPage\",\"@id\":\"https:\\\/\\\/umecit.edu.pa\\\/centros-adscritos\\\/\",\"url\":\"https:\\\/\\\/umecit.edu.pa\\\/centros-adscritos\\\/\",\"name\":\"Centros Adscritos - Umecit - Universidad en Panam\u00e1\",\"isPartOf\":{\"@id\":\"https:\\\/\\\/umecit.edu.pa\\\/en\\\/#website\"},\"primaryImageOfPage\":{\"@id\":\"https:\\\/\\\/umecit.edu.pa\\\/centros-adscritos\\\/#primaryimage\"},\"image\":{\"@id\":\"https:\\\/\\\/umecit.edu.pa\\\/centros-adscritos\\\/#primaryimage\"},\"thumbnailUrl\":\"https:\\\/\\\/nueva.umecit.edu.pa\\\/wp-content\\\/uploads\\\/2022\\\/02\\\/centro-de-formacion-maritima-300x209-1.png\",\"datePublished\":\"2022-02-07T17:43:52+00:00\",\"dateModified\":\"2022-02-22T16:06:34+00:00\",\"breadcrumb\":{\"@id\":\"https:\\\/\\\/umecit.edu.pa\\\/centros-adscritos\\\/#breadcrumb\"},\"inLanguage\":\"en-US\",\"potentialAction\":[{\"@type\":\"ReadAction\",\"target\":[\"https:\\\/\\\/umecit.edu.pa\\\/centros-adscritos\\\/\"]}]},{\"@type\":\"ImageObject\",\"inLanguage\":\"en-US\",\"@id\":\"https:\\\/\\\/umecit.edu.pa\\\/centros-adscritos\\\/#primaryimage\",\"url\":\"https:\\\/\\\/nueva.umecit.edu.pa\\\/wp-content\\\/uploads\\\/2022\\\/02\\\/centro-de-formacion-maritima-300x209-1.png\",\"contentUrl\":\"https:\\\/\\\/nueva.umecit.edu.pa\\\/wp-content\\\/uploads\\\/2022\\\/02\\\/centro-de-formacion-maritima-300x209-1.png\"},{\"@type\":\"BreadcrumbList\",\"@id\":\"https:\\\/\\\/umecit.edu.pa\\\/centros-adscritos\\\/#breadcrumb\",\"itemListElement\":[{\"@type\":\"ListItem\",\"position\":1,\"name\":\"Portada\",\"item\":\"https:\\\/\\\/umecit.edu.pa\\\/en\\\/\"},{\"@type\":\"ListItem\",\"position\":2,\"name\":\"Centros Adscritos\"}]},{\"@type\":\"WebSite\",\"@id\":\"https:\\\/\\\/umecit.edu.pa\\\/en\\\/#website\",\"url\":\"https:\\\/\\\/umecit.edu.pa\\\/en\\\/\",\"name\":\"Umecit - Universidad en Panam\u00e1\",\"description\":\"Universidad Metropolitana de Educaci\u00f3n, Ciencia y Tecnolog\u00eda\",\"publisher\":{\"@id\":\"https:\\\/\\\/umecit.edu.pa\\\/en\\\/#organization\"},\"potentialAction\":[{\"@type\":\"SearchAction\",\"target\":{\"@type\":\"EntryPoint\",\"urlTemplate\":\"https:\\\/\\\/umecit.edu.pa\\\/en\\\/?s={search_term_string}\"},\"query-input\":{\"@type\":\"PropertyValueSpecification\",\"valueRequired\":true,\"valueName\":\"search_term_string\"}}],\"inLanguage\":\"en-US\"},{\"@type\":\"Organization\",\"@id\":\"https:\\\/\\\/umecit.edu.pa\\\/en\\\/#organization\",\"name\":\"Umecit - Universidad en Panam\u00e1\",\"url\":\"https:\\\/\\\/umecit.edu.pa\\\/en\\\/\",\"logo\":{\"@type\":\"ImageObject\",\"inLanguage\":\"en-US\",\"@id\":\"https:\\\/\\\/umecit.edu.pa\\\/en\\\/#\\\/schema\\\/logo\\\/image\\\/\",\"url\":\"https:\\\/\\\/umecit.edu.pa\\\/wp-content\\\/uploads\\\/2022\\\/06\\\/panama-7.jpg\",\"contentUrl\":\"https:\\\/\\\/umecit.edu.pa\\\/wp-content\\\/uploads\\\/2022\\\/06\\\/panama-7.jpg\",\"width\":1200,\"height\":800,\"caption\":\"Umecit - Universidad en Panam\u00e1\"},\"image\":{\"@id\":\"https:\\\/\\\/umecit.edu.pa\\\/en\\\/#\\\/schema\\\/logo\\\/image\\\/\"},\"sameAs\":[\"https:\\\/\\\/www.facebook.com\\\/umecitpanama\\\/\",\"https:\\\/\\\/x.com\\\/umecitpanama\",\"https:\\\/\\\/www.tiktok.com\\\/@umecit\",\"https:\\\/\\\/www.instagram.com\\\/umecit\\\/\",\"https:\\\/\\\/www.youtube.com\\\/channel\\\/UCP9iXFXi4p_EW_p9p6lprhg\"]}]}<\/script>\n<!-- \/ Yoast SEO plugin. -->","yoast_head_json":{"title":"Centros Adscritos - Umecit - Universidad en Panam\u00e1","robots":{"index":"index","follow":"follow","max-snippet":"max-snippet:-1","max-image-preview":"max-image-preview:large","max-video-preview":"max-video-preview:-1"},"canonical":"https:\/\/umecit.edu.pa\/en\/centros-adscritos\/","og_locale":"en_US","og_type":"article","og_title":"Centros Adscritos - Umecit - Universidad en Panam\u00e1","og_description":"En la UMECIT contamos con diferentes centros adscritos que buscan siempre la mejora continua, adem\u00e1s del desarrollo personal. Centro de Formaci\u00f3n Mar\u00edtima El Centro de Formaci\u00f3n Mar\u00edtima es un ente de capacitaci\u00f3n reconocido por la Autoridad Mar\u00edtima de Panam\u00e1. ENTRAR Instituto Biling\u00fce Internacional de Panam\u00e1 El Sistema Educativo Paname\u00f1o reclama una educaci\u00f3n de calidad y [&hellip;]","og_url":"https:\/\/umecit.edu.pa\/en\/centros-adscritos\/","og_site_name":"Umecit - Universidad en Panam\u00e1","article_publisher":"https:\/\/www.facebook.com\/umecitpanama\/","article_modified_time":"2022-02-22T16:06:34+00:00","og_image":[{"url":"https:\/\/nueva.umecit.edu.pa\/wp-content\/uploads\/2022\/02\/centro-de-formacion-maritima-300x209-1.png","type":"","width":"","height":""}],"twitter_card":"summary_large_image","twitter_site":"@umecitpanama","twitter_misc":{"Est. reading time":"1 minute"},"schema":{"@context":"https:\/\/schema.org","@graph":[{"@type":"WebPage","@id":"https:\/\/umecit.edu.pa\/centros-adscritos\/","url":"https:\/\/umecit.edu.pa\/centros-adscritos\/","name":"Centros Adscritos - Umecit - Universidad en Panam\u00e1","isPartOf":{"@id":"https:\/\/umecit.edu.pa\/en\/#website"},"primaryImageOfPage":{"@id":"https:\/\/umecit.edu.pa\/centros-adscritos\/#primaryimage"},"image":{"@id":"https:\/\/umecit.edu.pa\/centros-adscritos\/#primaryimage"},"thumbnailUrl":"https:\/\/nueva.umecit.edu.pa\/wp-content\/uploads\/2022\/02\/centro-de-formacion-maritima-300x209-1.png","datePublished":"2022-02-07T17:43:52+00:00","dateModified":"2022-02-22T16:06:34+00:00","breadcrumb":{"@id":"https:\/\/umecit.edu.pa\/centros-adscritos\/#breadcrumb"},"inLanguage":"en-US","potentialAction":[{"@type":"ReadAction","target":["https:\/\/umecit.edu.pa\/centros-adscritos\/"]}]},{"@type":"ImageObject","inLanguage":"en-US","@id":"https:\/\/umecit.edu.pa\/centros-adscritos\/#primaryimage","url":"https:\/\/nueva.umecit.edu.pa\/wp-content\/uploads\/2022\/02\/centro-de-formacion-maritima-300x209-1.png","contentUrl":"https:\/\/nueva.umecit.edu.pa\/wp-content\/uploads\/2022\/02\/centro-de-formacion-maritima-300x209-1.png"},{"@type":"BreadcrumbList","@id":"https:\/\/umecit.edu.pa\/centros-adscritos\/#breadcrumb","itemListElement":[{"@type":"ListItem","position":1,"name":"Portada","item":"https:\/\/umecit.edu.pa\/en\/"},{"@type":"ListItem","position":2,"name":"Centros Adscritos"}]},{"@type":"WebSite","@id":"https:\/\/umecit.edu.pa\/en\/#website","url":"https:\/\/umecit.edu.pa\/en\/","name":"Umecit - University in Panama","description":"Metropolitan University of Education, Science and Technology","publisher":{"@id":"https:\/\/umecit.edu.pa\/en\/#organization"},"potentialAction":[{"@type":"SearchAction","target":{"@type":"EntryPoint","urlTemplate":"https:\/\/umecit.edu.pa\/en\/?s={search_term_string}"},"query-input":{"@type":"PropertyValueSpecification","valueRequired":true,"valueName":"search_term_string"}}],"inLanguage":"en-US"},{"@type":"Organization","@id":"https:\/\/umecit.edu.pa\/en\/#organization","name":"Umecit - University in Panama","url":"https:\/\/umecit.edu.pa\/en\/","logo":{"@type":"ImageObject","inLanguage":"en-US","@id":"https:\/\/umecit.edu.pa\/en\/#\/schema\/logo\/image\/","url":"https:\/\/umecit.edu.pa\/wp-content\/uploads\/2022\/06\/panama-7.jpg","contentUrl":"https:\/\/umecit.edu.pa\/wp-content\/uploads\/2022\/06\/panama-7.jpg","width":1200,"height":800,"caption":"Umecit - Universidad en Panam\u00e1"},"image":{"@id":"https:\/\/umecit.edu.pa\/en\/#\/schema\/logo\/image\/"},"sameAs":["https:\/\/www.facebook.com\/umecitpanama\/","https:\/\/x.com\/umecitpanama","https:\/\/www.tiktok.com\/@umecit","https:\/\/www.instagram.com\/umecit\/","https:\/\/www.youtube.com\/channel\/UCP9iXFXi4p_EW_p9p6lprhg"]}]}},"_links":{"self":[{"href":"https:\/\/umecit.edu.pa\/en\/wp-json\/wp\/v2\/pages\/2264","targetHints":{"allow":["GET"]}}],"collection":[{"href":"https:\/\/umecit.edu.pa\/en\/wp-json\/wp\/v2\/pages"}],"about":[{"href":"https:\/\/umecit.edu.pa\/en\/wp-json\/wp\/v2\/types\/page"}],"author":[{"embeddable":true,"href":"https:\/\/umecit.edu.pa\/en\/wp-json\/wp\/v2\/users\/695"}],"replies":[{"embeddable":true,"href":"https:\/\/umecit.edu.pa\/en\/wp-json\/wp\/v2\/comments?post=2264"}],"version-history":[{"count":0,"href":"https:\/\/umecit.edu.pa\/en\/wp-json\/wp\/v2\/pages\/2264\/revisions"}],"wp:attachment":[{"href":"https:\/\/umecit.edu.pa\/en\/wp-json\/wp\/v2\/media?parent=2264"}],"curies":[{"name":"wp","href":"https:\/\/api.w.org\/{rel}","templated":true}]}}