{"id":14820,"date":"2022-03-30T17:28:39","date_gmt":"2022-03-30T22:28:39","guid":{"rendered":"https:\/\/nueva.umecit.edu.pa\/?page_id=14820"},"modified":"2022-12-09T15:15:48","modified_gmt":"2022-12-09T20:15:48","slug":"humanidades-y-ciencias-de-la-educacion","status":"publish","type":"page","link":"https:\/\/umecit.edu.pa\/en\/educacion-continua\/humanidades-y-ciencias-de-la-educacion\/","title":{"rendered":"Humanities and Educational Sciences"},"content":{"rendered":"<div data-elementor-type=\"wp-page\" data-elementor-id=\"14820\" class=\"elementor elementor-14820\" data-elementor-post-type=\"page\">\n\t\t\t\t\t\t<section class=\"elementor-section elementor-top-section elementor-element elementor-element-2e0181a elementor-section-boxed elementor-section-height-default elementor-section-height-default row-top\" data-id=\"2e0181a\" data-element_type=\"section\" data-e-type=\"section\">\n\t\t\t\t\t\t<div class=\"elementor-container elementor-column-gap-default\">\n\t\t\t\t\t<div class=\"elementor-column elementor-col-100 elementor-top-column elementor-element elementor-element-4406029 column-style-top\" data-id=\"4406029\" data-element_type=\"column\" data-e-type=\"column\">\n\t\t\t<div class=\"elementor-widget-wrap elementor-element-populated\">\n\t\t\t\t\t\t<section class=\"elementor-section elementor-inner-section elementor-element elementor-element-231cfc8 elementor-section-boxed elementor-section-height-default elementor-section-height-default row-top\" data-id=\"231cfc8\" data-element_type=\"section\" data-e-type=\"section\">\n\t\t\t\t\t\t<div class=\"elementor-container elementor-column-gap-default\">\n\t\t\t\t\t<div class=\"elementor-column elementor-col-50 elementor-inner-column elementor-element elementor-element-4c223a4 column-style-top\" data-id=\"4c223a4\" data-element_type=\"column\" data-e-type=\"column\">\n\t\t\t<div class=\"elementor-widget-wrap elementor-element-populated\">\n\t\t\t\t\t\t<div class=\"elementor-element elementor-element-8fb2f78 elementor-widget elementor-widget-image\" data-id=\"8fb2f78\" data-element_type=\"widget\" data-e-type=\"widget\" data-widget_type=\"image.default\">\n\t\t\t\t<div class=\"elementor-widget-container\">\n\t\t\t\t\t\t\t\t\t\t\t\t\t\t\t<img decoding=\"async\" width=\"353\" height=\"68\" src=\"https:\/\/ec2-44-206-156-148.compute-1.amazonaws.com\/wp-content\/uploads\/2022\/08\/L-Umecit-facultad-humanidades-y-ciencias-de-la-educacion-1.png\" class=\"attachment-large size-large wp-image-29943\" alt=\"\" \/>\t\t\t\t\t\t\t\t\t\t\t\t\t\t\t<\/div>\n\t\t\t\t<\/div>\n\t\t\t\t\t<\/div>\n\t\t<\/div>\n\t\t\t\t<div class=\"elementor-column elementor-col-50 elementor-inner-column elementor-element elementor-element-70b2b21 column-style-top\" data-id=\"70b2b21\" data-element_type=\"column\" data-e-type=\"column\">\n\t\t\t<div class=\"elementor-widget-wrap elementor-element-populated\">\n\t\t\t\t\t\t<div class=\"elementor-element elementor-element-8ffdac6 elementor-widget elementor-widget-heading\" data-id=\"8ffdac6\" data-element_type=\"widget\" data-e-type=\"widget\" data-widget_type=\"heading.default\">\n\t\t\t\t<div class=\"elementor-widget-container\">\n\t\t\t\t\t<h1 class=\"elementor-heading-title elementor-size-default\"><span style=\"color: #06326b;font-weight: normal;font-size: 32px\">Continuing Education<\/span><\/br>Faculty of<\/br>Humanities and Educational Sciences<\/h1>\t\t\t\t<\/div>\n\t\t\t\t<\/div>\n\t\t\t\t<div class=\"elementor-element elementor-element-0d5dfe9 elementor-widget elementor-widget-text-editor\" data-id=\"0d5dfe9\" data-element_type=\"widget\" data-e-type=\"widget\" data-widget_type=\"text-editor.default\">\n\t\t\t\t<div class=\"elementor-widget-container\">\n\t\t\t\t\t\t\t\t\t<p>Diplomas, Seminars and Courses<\/p>\t\t\t\t\t\t\t\t<\/div>\n\t\t\t\t<\/div>\n\t\t\t\t\t<\/div>\n\t\t<\/div>\n\t\t\t\t\t<\/div>\n\t\t<\/section>\n\t\t\t\t<div class=\"elementor-element elementor-element-4cf1161 elementor-widget elementor-widget-gva-course-banner-group\" data-id=\"4cf1161\" data-element_type=\"widget\" data-e-type=\"widget\" data-widget_type=\"gva-course-banner-group.default\">\n\t\t\t\t<div class=\"elementor-widget-container\">\n\t\t\t\t\t<div class=\"gva-element-gva-course-banner-group gva-element\">\r\n<div class=\"gsc-course-banner-group layout-grid style-3\">\r\n   <div class=\"lg-block-grid-3 md-block-grid-3 sm-block-grid-2 xs-block-grid-1 xx-block-grid-1\">\r\n      \r\n<div class=\"item course-banner-item\">\r\n   <div class=\"course-banner-item-content\">\r\n\r\n               <div class=\"banner-image\">\r\n            <img decoding=\"async\" src=\"https:\/\/umecit.edu.pa\/wp-content\/uploads\/2022\/07\/Diplomado-en-mediacion-y-solucion-de-conflictos-1.jpg\" alt=\"Diplomado en Mediaci\u00f3n y Soluci\u00f3n de Conflictos\" \/>\r\n         <\/div>\r\n      \r\n      <div class=\"banner-content\">\r\n                     <h3 class=\"title\">Diploma in Mediation and Conflict Resolution<\/h3>\r\n               <\/div>\r\n\r\n      <div class=\"banner-hover\">\r\n                     <h5 class=\"subtitle\">View more<\/h5>\r\n                        <\/div>\r\n\r\n               <a class=\"link-term-overlay\" href=\"https:\/\/umecit.edu.pa\/en\/educacion-continua\/diplomado-mediacion-solucion-de-conflictos\/\" ><\/a>\r\n                     \r\n   <\/div>\r\n<\/div>\r\n<div class=\"item course-banner-item\">\r\n   <div class=\"course-banner-item-content\">\r\n\r\n               <div class=\"banner-image\">\r\n            <img decoding=\"async\" src=\"https:\/\/umecit.edu.pa\/wp-content\/uploads\/2022\/06\/Deporte-como-estrategia.jpg\" alt=\"El Deporte como Estrategia UMECIT\" \/>\r\n         <\/div>\r\n      \r\n      <div class=\"banner-content\">\r\n                     <h3 class=\"title translation-block\"><b>Sport as a UMECIT Strategy<\/b><\/h3>\r\n               <\/div>\r\n\r\n      <div class=\"banner-hover\">\r\n                     <h5 class=\"subtitle\">View more<\/h5>\r\n                        <\/div>\r\n\r\n               <a class=\"link-term-overlay\" href=\"https:\/\/umecit.edu.pa\/en\/educacion-continua\/humanidades-y-ciencias-de-la-educacion\/el-deporte-como-estrategia-umecit\/\" ><\/a>\r\n                     \r\n   <\/div>\r\n<\/div>\r\n<div class=\"item course-banner-item\">\r\n   <div class=\"course-banner-item-content\">\r\n\r\n               <div class=\"banner-image\">\r\n            <img decoding=\"async\" src=\"https:\/\/umecit.edu.pa\/wp-content\/uploads\/2022\/06\/Diplomado-Internacional-Ana\u0301lisis-y-Planificacio\u0301n-del-Entrenamiento-de-Alto-Rendimiento-Deportivo.jpg\" alt=\"Diplomado Internacional An\u00e1lisis y Planificaci\u00f3n del Entrenamiento de Alto Rendimiento Deportivo\" \/>\r\n         <\/div>\r\n      \r\n      <div class=\"banner-content\">\r\n                     <h3 class=\"title\">International Diploma Analysis and Planning of High Performance Sports Training<\/h3>\r\n               <\/div>\r\n\r\n      <div class=\"banner-hover\">\r\n                     <h5 class=\"subtitle\">View more<\/h5>\r\n                        <\/div>\r\n\r\n               <a class=\"link-term-overlay\" href=\"https:\/\/umecit.edu.pa\/en\/educacion-continua\/humanidades-y-ciencias-de-la-educacion\/diplomado-entrenamiento-deportivo\/\" ><\/a>\r\n                     \r\n   <\/div>\r\n<\/div>\r\n<div class=\"item course-banner-item\">\r\n   <div class=\"course-banner-item-content\">\r\n\r\n               <div class=\"banner-image\">\r\n            <img decoding=\"async\" src=\"https:\/\/umecit.edu.pa\/wp-content\/uploads\/2022\/03\/Diplomado-en-Entornos-Pedago\u0301gicos-Virtuales-y-Uso-de-Herramientas-Digitales-en-el-Proceso-Ensen\u0303anza-\u2013-Aprendizaje.jpg\" alt=\"Diplomado en Entornos Pedag\u00f3gicos Virtuales y Uso de Herramientas Digitales en el Proceso Ense\u00f1anza \u2013 Aprendizaje.\" \/>\r\n         <\/div>\r\n      \r\n      <div class=\"banner-content\">\r\n                     <h3 class=\"title\">Diploma in Virtual Pedagogical Environments and Use of Digital Tools in the Teaching-Learning Process.<\/h3>\r\n               <\/div>\r\n\r\n      <div class=\"banner-hover\">\r\n                     <h5 class=\"subtitle\">View more<\/h5>\r\n                        <\/div>\r\n\r\n               <a class=\"link-term-overlay\" href=\"https:\/\/umecit.edu.pa\/en\/educacion-continua\/humanidades-y-ciencias-de-la-educacion\/diplomado-en-entornos-pedagogicos-virtuales-y-uso-de-herramientas-digitales-en-el-proceso-ensenanza-aprendizaje\/\" ><\/a>\r\n                     \r\n   <\/div>\r\n<\/div>\r\n<div class=\"item course-banner-item\">\r\n   <div class=\"course-banner-item-content\">\r\n\r\n               <div class=\"banner-image\">\r\n            <img decoding=\"async\" src=\"https:\/\/umecit.edu.pa\/wp-content\/uploads\/2022\/03\/Diplomado-en-Violencia-de-Ge\u0301nero-e-Intervencio\u0301n-Multidisciplinaria.jpg\" alt=\"Diplomado en Violencia de G\u00e9nero e Intervenci\u00f3n Multidisciplinaria.\" \/>\r\n         <\/div>\r\n      \r\n      <div class=\"banner-content\">\r\n                     <h3 class=\"title\">Diploma in Gender Violence and Multidisciplinary Intervention.<\/h3>\r\n               <\/div>\r\n\r\n      <div class=\"banner-hover\">\r\n                     <h5 class=\"subtitle\">View more<\/h5>\r\n                        <\/div>\r\n\r\n                     \r\n   <\/div>\r\n<\/div>\r\n<div class=\"item course-banner-item\">\r\n   <div class=\"course-banner-item-content\">\r\n\r\n               <div class=\"banner-image\">\r\n            <img decoding=\"async\" src=\"https:\/\/umecit.edu.pa\/wp-content\/uploads\/2022\/03\/Diplomado-en-Competencias-para-la-Docencia-Innovadora-en-Aulas-Virtuales.jpg\" alt=\"Diplomado en Competencias para la Docencia Innovadora en Aulas Virtuales\" \/>\r\n         <\/div>\r\n      \r\n      <div class=\"banner-content\">\r\n                     <h3 class=\"title\">Diploma in Competencies for Innovative Teaching in Virtual Classrooms<\/h3>\r\n               <\/div>\r\n\r\n      <div class=\"banner-hover\">\r\n                     <h5 class=\"subtitle\">View more<\/h5>\r\n                        <\/div>\r\n\r\n               <a class=\"link-term-overlay\" href=\"https:\/\/umecit.edu.pa\/en\/educacion-continua\/humanidades-y-ciencias-de-la-educacion\/diplomado-en-competencias-para-la-docencia-innovadora-en-aulas-virtuales\/\" ><\/a>\r\n                     \r\n   <\/div>\r\n<\/div>   <\/div>   \r\n<\/div>\r\n<\/div>\t\t\t\t<\/div>\n\t\t\t\t<\/div>\n\t\t\t\t\t<\/div>\n\t\t<\/div>\n\t\t\t\t\t<\/div>\n\t\t<\/section>\n\t\t\t\t<\/div>","protected":false},"excerpt":{"rendered":"<p>Educaci\u00f3n ContinuaFacultad deHumanidades y Ciencias de la Educaci\u00f3n Diplomados, Seminarios y Cursos Diplomado en Mediaci\u00f3n y Soluci\u00f3n de Conflictos Ver m\u00e1s El Deporte como Estrategia UMECIT Ver m\u00e1s Diplomado Internacional An\u00e1lisis y Planificaci\u00f3n del Entrenamiento de Alto Rendimiento Deportivo Ver m\u00e1s Diplomado en Entornos Pedag\u00f3gicos Virtuales y Uso de Herramientas Digitales en el Proceso Ense\u00f1anza [&hellip;]<\/p>\n","protected":false},"author":695,"featured_media":31563,"parent":8803,"menu_order":0,"comment_status":"closed","ping_status":"closed","template":"","meta":{"footnotes":""},"class_list":["post-14820","page","type-page","status-publish","has-post-thumbnail","hentry"],"yoast_head":"<!-- This site is optimized with the Yoast SEO plugin v27.1.1 - https:\/\/yoast.com\/product\/yoast-seo-wordpress\/ -->\n<title>Diplomados Humanidades y Ciencias de la Educaci\u00f3n | UMECIT<\/title>\n<meta name=\"description\" content=\"Humanidades y Ciencias de la Educaci\u00f3n, Diplomados, Seminarios y Cursos en la Universidad de Panam\u00e1 UMECIT\" \/>\n<meta name=\"robots\" content=\"index, follow, max-snippet:-1, max-image-preview:large, max-video-preview:-1\" \/>\n<link rel=\"canonical\" href=\"https:\/\/umecit.edu.pa\/en\/educacion-continua\/humanidades-y-ciencias-de-la-educacion\/\" \/>\n<meta property=\"og:locale\" content=\"en_US\" \/>\n<meta property=\"og:type\" content=\"article\" \/>\n<meta property=\"og:title\" content=\"Diplomados Humanidades y Ciencias de la Educaci\u00f3n | UMECIT\" \/>\n<meta property=\"og:description\" content=\"Humanidades y Ciencias de la Educaci\u00f3n, Diplomados, Seminarios y Cursos en la Universidad de Panam\u00e1 UMECIT\" \/>\n<meta property=\"og:url\" content=\"https:\/\/umecit.edu.pa\/en\/educacion-continua\/humanidades-y-ciencias-de-la-educacion\/\" \/>\n<meta property=\"og:site_name\" content=\"Umecit - Universidad en Panam\u00e1\" \/>\n<meta property=\"article:publisher\" content=\"https:\/\/www.facebook.com\/umecitpanama\/\" \/>\n<meta property=\"article:modified_time\" content=\"2022-12-09T20:15:48+00:00\" \/>\n<meta property=\"og:image\" content=\"https:\/\/umecit.edu.pa\/wp-content\/uploads\/2022\/08\/F-Humanidades-y-Ciencias-de-la-Educacio\u0301n-1.jpg\" \/>\n\t<meta property=\"og:image:width\" content=\"500\" \/>\n\t<meta property=\"og:image:height\" content=\"370\" \/>\n\t<meta property=\"og:image:type\" content=\"image\/jpeg\" \/>\n<meta name=\"twitter:card\" content=\"summary_large_image\" \/>\n<meta name=\"twitter:site\" content=\"@umecitpanama\" \/>\n<meta name=\"twitter:label1\" content=\"Est. reading time\" \/>\n\t<meta name=\"twitter:data1\" content=\"2 minutes\" \/>\n<script type=\"application\/ld+json\" class=\"yoast-schema-graph\">{\"@context\":\"https:\/\/schema.org\",\"@graph\":[{\"@type\":\"WebPage\",\"@id\":\"https:\/\/umecit.edu.pa\/en\/educacion-continua\/humanidades-y-ciencias-de-la-educacion\/\",\"url\":\"https:\/\/umecit.edu.pa\/en\/educacion-continua\/humanidades-y-ciencias-de-la-educacion\/\",\"name\":\"Diplomados Humanidades y Ciencias de la Educaci\u00f3n | UMECIT\",\"isPartOf\":{\"@id\":\"https:\/\/mail.umecit.edu.pa\/en\/#website\"},\"primaryImageOfPage\":{\"@id\":\"https:\/\/umecit.edu.pa\/en\/educacion-continua\/humanidades-y-ciencias-de-la-educacion\/#primaryimage\"},\"image\":{\"@id\":\"https:\/\/umecit.edu.pa\/en\/educacion-continua\/humanidades-y-ciencias-de-la-educacion\/#primaryimage\"},\"thumbnailUrl\":\"https:\/\/umecit.edu.pa\/wp-content\/uploads\/2022\/08\/F-Humanidades-y-Ciencias-de-la-Educacio\u0301n-1.jpg\",\"datePublished\":\"2022-03-30T22:28:39+00:00\",\"dateModified\":\"2022-12-09T20:15:48+00:00\",\"description\":\"Humanidades y Ciencias de la Educaci\u00f3n, Diplomados, Seminarios y Cursos en la Universidad de Panam\u00e1 UMECIT\",\"breadcrumb\":{\"@id\":\"https:\/\/umecit.edu.pa\/en\/educacion-continua\/humanidades-y-ciencias-de-la-educacion\/#breadcrumb\"},\"inLanguage\":\"en-US\",\"potentialAction\":[{\"@type\":\"ReadAction\",\"target\":[\"https:\/\/umecit.edu.pa\/en\/educacion-continua\/humanidades-y-ciencias-de-la-educacion\/\"]}]},{\"@type\":\"ImageObject\",\"inLanguage\":\"en-US\",\"@id\":\"https:\/\/umecit.edu.pa\/en\/educacion-continua\/humanidades-y-ciencias-de-la-educacion\/#primaryimage\",\"url\":\"https:\/\/umecit.edu.pa\/wp-content\/uploads\/2022\/08\/F-Humanidades-y-Ciencias-de-la-Educacio\u0301n-1.jpg\",\"contentUrl\":\"https:\/\/umecit.edu.pa\/wp-content\/uploads\/2022\/08\/F-Humanidades-y-Ciencias-de-la-Educacio\u0301n-1.jpg\",\"width\":500,\"height\":370,\"caption\":\"Diplomados Humanidades y Ciencias de la Educaci\u00f3n\"},{\"@type\":\"BreadcrumbList\",\"@id\":\"https:\/\/umecit.edu.pa\/en\/educacion-continua\/humanidades-y-ciencias-de-la-educacion\/#breadcrumb\",\"itemListElement\":[{\"@type\":\"ListItem\",\"position\":1,\"name\":\"Portada\",\"item\":\"https:\/\/mail.umecit.edu.pa\/en\/\"},{\"@type\":\"ListItem\",\"position\":2,\"name\":\"Educaci\u00f3n Continua\",\"item\":\"https:\/\/umecit.edu.pa\/educacion-continua\/\"},{\"@type\":\"ListItem\",\"position\":3,\"name\":\"Humanidades y Ciencias de la Educaci\u00f3n\"}]},{\"@type\":\"WebSite\",\"@id\":\"https:\/\/mail.umecit.edu.pa\/en\/#website\",\"url\":\"https:\/\/mail.umecit.edu.pa\/en\/\",\"name\":\"Umecit - Universidad en Panam\u00e1\",\"description\":\"Universidad Metropolitana de Educaci\u00f3n, Ciencia y Tecnolog\u00eda\",\"publisher\":{\"@id\":\"https:\/\/mail.umecit.edu.pa\/en\/#organization\"},\"potentialAction\":[{\"@type\":\"SearchAction\",\"target\":{\"@type\":\"EntryPoint\",\"urlTemplate\":\"https:\/\/mail.umecit.edu.pa\/en\/?s={search_term_string}\"},\"query-input\":{\"@type\":\"PropertyValueSpecification\",\"valueRequired\":true,\"valueName\":\"search_term_string\"}}],\"inLanguage\":\"en-US\"},{\"@type\":\"Organization\",\"@id\":\"https:\/\/mail.umecit.edu.pa\/en\/#organization\",\"name\":\"Umecit - Universidad en Panam\u00e1\",\"url\":\"https:\/\/mail.umecit.edu.pa\/en\/\",\"logo\":{\"@type\":\"ImageObject\",\"inLanguage\":\"en-US\",\"@id\":\"https:\/\/mail.umecit.edu.pa\/en\/#\/schema\/logo\/image\/\",\"url\":\"https:\/\/umecit.edu.pa\/wp-content\/uploads\/2022\/06\/panama-7.jpg\",\"contentUrl\":\"https:\/\/umecit.edu.pa\/wp-content\/uploads\/2022\/06\/panama-7.jpg\",\"width\":1200,\"height\":800,\"caption\":\"Umecit - Universidad en Panam\u00e1\"},\"image\":{\"@id\":\"https:\/\/mail.umecit.edu.pa\/en\/#\/schema\/logo\/image\/\"},\"sameAs\":[\"https:\/\/www.facebook.com\/umecitpanama\/\",\"https:\/\/x.com\/umecitpanama\",\"https:\/\/www.tiktok.com\/@umecit\",\"https:\/\/www.instagram.com\/umecit\/\",\"https:\/\/www.youtube.com\/channel\/UCP9iXFXi4p_EW_p9p6lprhg\"]}]}<\/script>\n<!-- \/ Yoast SEO plugin. -->","yoast_head_json":{"title":"Diplomas in Humanities and Educational Sciences | UMECIT","description":"Humanities and Educational Sciences, Diplomas, Seminars and Courses at the University of Panama UMECIT","robots":{"index":"index","follow":"follow","max-snippet":"max-snippet:-1","max-image-preview":"max-image-preview:large","max-video-preview":"max-video-preview:-1"},"canonical":"https:\/\/umecit.edu.pa\/en\/educacion-continua\/humanidades-y-ciencias-de-la-educacion\/","og_locale":"en_US","og_type":"article","og_title":"Diplomados Humanidades y Ciencias de la Educaci\u00f3n | UMECIT","og_description":"Humanidades y Ciencias de la Educaci\u00f3n, Diplomados, Seminarios y Cursos en la Universidad de Panam\u00e1 UMECIT","og_url":"https:\/\/umecit.edu.pa\/en\/educacion-continua\/humanidades-y-ciencias-de-la-educacion\/","og_site_name":"Umecit - Universidad en Panam\u00e1","article_publisher":"https:\/\/www.facebook.com\/umecitpanama\/","article_modified_time":"2022-12-09T20:15:48+00:00","og_image":[{"width":500,"height":370,"url":"https:\/\/umecit.edu.pa\/wp-content\/uploads\/2022\/08\/F-Humanidades-y-Ciencias-de-la-Educacio\u0301n-1.jpg","type":"image\/jpeg"}],"twitter_card":"summary_large_image","twitter_site":"@umecitpanama","twitter_misc":{"Est. reading time":"2 minutes"},"schema":{"@context":"https:\/\/schema.org","@graph":[{"@type":"WebPage","@id":"https:\/\/umecit.edu.pa\/en\/educacion-continua\/humanidades-y-ciencias-de-la-educacion\/","url":"https:\/\/umecit.edu.pa\/en\/educacion-continua\/humanidades-y-ciencias-de-la-educacion\/","name":"Diplomas in Humanities and Educational Sciences | UMECIT","isPartOf":{"@id":"https:\/\/mail.umecit.edu.pa\/en\/#website"},"primaryImageOfPage":{"@id":"https:\/\/umecit.edu.pa\/en\/educacion-continua\/humanidades-y-ciencias-de-la-educacion\/#primaryimage"},"image":{"@id":"https:\/\/umecit.edu.pa\/en\/educacion-continua\/humanidades-y-ciencias-de-la-educacion\/#primaryimage"},"thumbnailUrl":"https:\/\/umecit.edu.pa\/wp-content\/uploads\/2022\/08\/F-Humanidades-y-Ciencias-de-la-Educacio\u0301n-1.jpg","datePublished":"2022-03-30T22:28:39+00:00","dateModified":"2022-12-09T20:15:48+00:00","description":"Humanities and Educational Sciences, Diplomas, Seminars and Courses at the University of Panama UMECIT","breadcrumb":{"@id":"https:\/\/umecit.edu.pa\/en\/educacion-continua\/humanidades-y-ciencias-de-la-educacion\/#breadcrumb"},"inLanguage":"en-US","potentialAction":[{"@type":"ReadAction","target":["https:\/\/umecit.edu.pa\/en\/educacion-continua\/humanidades-y-ciencias-de-la-educacion\/"]}]},{"@type":"ImageObject","inLanguage":"en-US","@id":"https:\/\/umecit.edu.pa\/en\/educacion-continua\/humanidades-y-ciencias-de-la-educacion\/#primaryimage","url":"https:\/\/umecit.edu.pa\/wp-content\/uploads\/2022\/08\/F-Humanidades-y-Ciencias-de-la-Educacio\u0301n-1.jpg","contentUrl":"https:\/\/umecit.edu.pa\/wp-content\/uploads\/2022\/08\/F-Humanidades-y-Ciencias-de-la-Educacio\u0301n-1.jpg","width":500,"height":370,"caption":"Diplomados Humanidades y Ciencias de la Educaci\u00f3n"},{"@type":"BreadcrumbList","@id":"https:\/\/umecit.edu.pa\/en\/educacion-continua\/humanidades-y-ciencias-de-la-educacion\/#breadcrumb","itemListElement":[{"@type":"ListItem","position":1,"name":"Portada","item":"https:\/\/mail.umecit.edu.pa\/en\/"},{"@type":"ListItem","position":2,"name":"Educaci\u00f3n Continua","item":"https:\/\/umecit.edu.pa\/educacion-continua\/"},{"@type":"ListItem","position":3,"name":"Humanidades y Ciencias de la Educaci\u00f3n"}]},{"@type":"WebSite","@id":"https:\/\/mail.umecit.edu.pa\/en\/#website","url":"https:\/\/mail.umecit.edu.pa\/en\/","name":"Umecit - University in Panama","description":"Metropolitan University of Education, Science and Technology","publisher":{"@id":"https:\/\/mail.umecit.edu.pa\/en\/#organization"},"potentialAction":[{"@type":"SearchAction","target":{"@type":"EntryPoint","urlTemplate":"https:\/\/mail.umecit.edu.pa\/en\/?s={search_term_string}"},"query-input":{"@type":"PropertyValueSpecification","valueRequired":true,"valueName":"search_term_string"}}],"inLanguage":"en-US"},{"@type":"Organization","@id":"https:\/\/mail.umecit.edu.pa\/en\/#organization","name":"Umecit - University in Panama","url":"https:\/\/mail.umecit.edu.pa\/en\/","logo":{"@type":"ImageObject","inLanguage":"en-US","@id":"https:\/\/mail.umecit.edu.pa\/en\/#\/schema\/logo\/image\/","url":"https:\/\/umecit.edu.pa\/wp-content\/uploads\/2022\/06\/panama-7.jpg","contentUrl":"https:\/\/umecit.edu.pa\/wp-content\/uploads\/2022\/06\/panama-7.jpg","width":1200,"height":800,"caption":"Umecit - Universidad en Panam\u00e1"},"image":{"@id":"https:\/\/mail.umecit.edu.pa\/en\/#\/schema\/logo\/image\/"},"sameAs":["https:\/\/www.facebook.com\/umecitpanama\/","https:\/\/x.com\/umecitpanama","https:\/\/www.tiktok.com\/@umecit","https:\/\/www.instagram.com\/umecit\/","https:\/\/www.youtube.com\/channel\/UCP9iXFXi4p_EW_p9p6lprhg"]}]}},"_links":{"self":[{"href":"https:\/\/umecit.edu.pa\/en\/wp-json\/wp\/v2\/pages\/14820","targetHints":{"allow":["GET"]}}],"collection":[{"href":"https:\/\/umecit.edu.pa\/en\/wp-json\/wp\/v2\/pages"}],"about":[{"href":"https:\/\/umecit.edu.pa\/en\/wp-json\/wp\/v2\/types\/page"}],"author":[{"embeddable":true,"href":"https:\/\/umecit.edu.pa\/en\/wp-json\/wp\/v2\/users\/695"}],"replies":[{"embeddable":true,"href":"https:\/\/umecit.edu.pa\/en\/wp-json\/wp\/v2\/comments?post=14820"}],"version-history":[{"count":0,"href":"https:\/\/umecit.edu.pa\/en\/wp-json\/wp\/v2\/pages\/14820\/revisions"}],"up":[{"embeddable":true,"href":"https:\/\/umecit.edu.pa\/en\/wp-json\/wp\/v2\/pages\/8803"}],"wp:featuredmedia":[{"embeddable":true,"href":"https:\/\/umecit.edu.pa\/en\/wp-json\/wp\/v2\/media\/31563"}],"wp:attachment":[{"href":"https:\/\/umecit.edu.pa\/en\/wp-json\/wp\/v2\/media?parent=14820"}],"curies":[{"name":"wp","href":"https:\/\/api.w.org\/{rel}","templated":true}]}}