{"id":14778,"date":"2022-03-30T17:05:01","date_gmt":"2022-03-30T22:05:01","guid":{"rendered":"https:\/\/nueva.umecit.edu.pa\/?page_id=14778"},"modified":"2022-12-09T14:17:38","modified_gmt":"2022-12-09T19:17:38","slug":"ciencias-economicas-y-administrativas","status":"publish","type":"page","link":"https:\/\/umecit.edu.pa\/en\/educacion-continua\/ciencias-economicas-y-administrativas\/","title":{"rendered":"Economic and Administrative Sciences"},"content":{"rendered":"<div data-elementor-type=\"wp-page\" data-elementor-id=\"14778\" class=\"elementor elementor-14778\" data-elementor-post-type=\"page\">\n\t\t\t\t\t\t<section class=\"elementor-section elementor-top-section elementor-element elementor-element-2e0181a elementor-section-boxed elementor-section-height-default elementor-section-height-default row-top\" data-id=\"2e0181a\" data-element_type=\"section\" data-e-type=\"section\">\n\t\t\t\t\t\t<div class=\"elementor-container elementor-column-gap-default\">\n\t\t\t\t\t<div class=\"elementor-column elementor-col-100 elementor-top-column elementor-element elementor-element-4406029 column-style-top\" data-id=\"4406029\" data-element_type=\"column\" data-e-type=\"column\">\n\t\t\t<div class=\"elementor-widget-wrap elementor-element-populated\">\n\t\t\t\t\t\t<section class=\"elementor-section elementor-inner-section elementor-element elementor-element-bcf7c2a elementor-section-boxed elementor-section-height-default elementor-section-height-default row-top\" data-id=\"bcf7c2a\" data-element_type=\"section\" data-e-type=\"section\">\n\t\t\t\t\t\t<div class=\"elementor-container elementor-column-gap-default\">\n\t\t\t\t\t<div class=\"elementor-column elementor-col-50 elementor-inner-column elementor-element elementor-element-5d1477b column-style-top\" data-id=\"5d1477b\" data-element_type=\"column\" data-e-type=\"column\">\n\t\t\t<div class=\"elementor-widget-wrap elementor-element-populated\">\n\t\t\t\t\t\t<div class=\"elementor-element elementor-element-fb15e63 elementor-widget elementor-widget-image\" data-id=\"fb15e63\" data-element_type=\"widget\" data-e-type=\"widget\" data-widget_type=\"image.default\">\n\t\t\t\t<div class=\"elementor-widget-container\">\n\t\t\t\t\t\t\t\t\t\t\t\t\t\t\t<img decoding=\"async\" width=\"383\" height=\"68\" src=\"https:\/\/umecit.edu.pa\/wp-content\/uploads\/2022\/08\/L-Umecit-facultad-ciencias-economicas-y-administrativas-1.png\" class=\"attachment-large size-large wp-image-30260\" alt=\"\" \/>\t\t\t\t\t\t\t\t\t\t\t\t\t\t\t<\/div>\n\t\t\t\t<\/div>\n\t\t\t\t\t<\/div>\n\t\t<\/div>\n\t\t\t\t<div class=\"elementor-column elementor-col-50 elementor-inner-column elementor-element elementor-element-81109a4 column-style-top\" data-id=\"81109a4\" data-element_type=\"column\" data-e-type=\"column\">\n\t\t\t<div class=\"elementor-widget-wrap elementor-element-populated\">\n\t\t\t\t\t\t<div class=\"elementor-element elementor-element-7dc9f26 elementor-widget elementor-widget-heading\" data-id=\"7dc9f26\" data-element_type=\"widget\" data-e-type=\"widget\" data-widget_type=\"heading.default\">\n\t\t\t\t<div class=\"elementor-widget-container\">\n\t\t\t\t\t<h1 class=\"elementor-heading-title elementor-size-default\"><span style=\"color: #06326b;font-weight: normal;font-size: 32px\">Continuing Education<\/span><\/br>Faculty of<\/br>Economic and Administrative Sciences<\/h1>\t\t\t\t<\/div>\n\t\t\t\t<\/div>\n\t\t\t\t<div class=\"elementor-element elementor-element-1e2bc75 elementor-widget elementor-widget-text-editor\" data-id=\"1e2bc75\" data-element_type=\"widget\" data-e-type=\"widget\" data-widget_type=\"text-editor.default\">\n\t\t\t\t<div class=\"elementor-widget-container\">\n\t\t\t\t\t\t\t\t\t<p>Diplomas, Seminars and Courses<\/p>\t\t\t\t\t\t\t\t<\/div>\n\t\t\t\t<\/div>\n\t\t\t\t\t<\/div>\n\t\t<\/div>\n\t\t\t\t\t<\/div>\n\t\t<\/section>\n\t\t\t\t<div class=\"elementor-element elementor-element-4cf1161 elementor-widget elementor-widget-gva-course-banner-group\" data-id=\"4cf1161\" data-element_type=\"widget\" data-e-type=\"widget\" data-widget_type=\"gva-course-banner-group.default\">\n\t\t\t\t<div class=\"elementor-widget-container\">\n\t\t\t\t\t<div class=\"gva-element-gva-course-banner-group gva-element\">\r\n<div class=\"gsc-course-banner-group layout-grid style-3\">\r\n   <div class=\"lg-block-grid-3 md-block-grid-3 sm-block-grid-2 xs-block-grid-1 xx-block-grid-1\">\r\n      \r\n<div class=\"item course-banner-item\">\r\n   <div class=\"course-banner-item-content\">\r\n\r\n               <div class=\"banner-image\">\r\n            <img decoding=\"async\" src=\"https:\/\/umecit.edu.pa\/wp-content\/uploads\/2022\/03\/Diplomado-en-Marketing-Digital-y-Ventas-en-Li\u0301nea.jpg\" alt=\"Diplomado en Marketing Digital y Ventas en L\u00ednea\" \/>\r\n         <\/div>\r\n      \r\n      <div class=\"banner-content\">\r\n                     <h3 class=\"title\">Diploma in Digital Marketing and Online Sales<\/h3>\r\n               <\/div>\r\n\r\n      <div class=\"banner-hover\">\r\n                     <h5 class=\"subtitle\">View more<\/h5>\r\n                        <\/div>\r\n\r\n               <a class=\"link-term-overlay\" href=\"https:\/\/umecit.edu.pa\/en\/educacion-continua\/ciencias-economicas-y-administrativas\/diplomado-en-marketing-digital-y-ventas-en-linea\/\" ><\/a>\r\n                     \r\n   <\/div>\r\n<\/div>\r\n<div class=\"item course-banner-item\">\r\n   <div class=\"course-banner-item-content\">\r\n\r\n               <div class=\"banner-image\">\r\n            <img decoding=\"async\" src=\"https:\/\/umecit.edu.pa\/wp-content\/uploads\/2022\/03\/Diplomado-en-Administracio\u0301n-de-Complejos-Habitacionales-bajo-el-Re\u0301gimen-de-Propiedad-Horizontal-En-Alianza-con-PH-Consulting-Legal-Services.jpg\" alt=\"Diplomado en Administraci\u00f3n de Complejos Habitacionales bajo el R\u00e9gimen de Propiedad Horizontal (En Alianza con PH Consulting &amp; Legal Services).\" \/>\r\n         <\/div>\r\n      \r\n      <div class=\"banner-content\">\r\n                     <h3 class=\"title\">Diploma in Administration of Housing Complexes under the Horizontal Property Regime (In Alliance with PH Consulting &amp; Legal Services).<\/h3>\r\n               <\/div>\r\n\r\n      <div class=\"banner-hover\">\r\n                     <h5 class=\"subtitle\">View more<\/h5>\r\n                        <\/div>\r\n\r\n               <a class=\"link-term-overlay\" href=\"https:\/\/umecit.edu.pa\/en\/educacion-continua\/ciencias-economicas-y-administrativas\/diplomado-en-administracion-de-complejos-bajo-el-regimen-de-propiedad-horizontal\/\" ><\/a>\r\n                     \r\n   <\/div>\r\n<\/div>\r\n<div class=\"item course-banner-item\">\r\n   <div class=\"course-banner-item-content\">\r\n\r\n               <div class=\"banner-image\">\r\n            <img decoding=\"async\" src=\"https:\/\/umecit.edu.pa\/wp-content\/uploads\/2022\/03\/Diplomado-en-Finanzas-para-no-Financieros.jpg\" alt=\"Diplomado en Finanzas para no Financieros\" \/>\r\n         <\/div>\r\n      \r\n      <div class=\"banner-content\">\r\n                     <h3 class=\"title\">Diploma in Finance for Non-financial<\/h3>\r\n               <\/div>\r\n\r\n      <div class=\"banner-hover\">\r\n                     <h5 class=\"subtitle\">View more<\/h5>\r\n                        <\/div>\r\n\r\n                     \r\n   <\/div>\r\n<\/div>   <\/div>   \r\n<\/div>\r\n<\/div>\t\t\t\t<\/div>\n\t\t\t\t<\/div>\n\t\t\t\t\t<\/div>\n\t\t<\/div>\n\t\t\t\t\t<\/div>\n\t\t<\/section>\n\t\t\t\t<\/div>","protected":false},"excerpt":{"rendered":"<p>Continuing EducationFaculty of Economic and Administrative Sciences Diplomas, Seminars and Courses Diploma in Digital Marketing and Online Sales See more Diploma in Administration of Housing Complexes under the Horizontal Property Regime (In Alliance with PH Consulting &amp; Legal Services). See more Diploma in Finance for Non-Financials See more<\/p>","protected":false},"author":695,"featured_media":31558,"parent":8803,"menu_order":0,"comment_status":"closed","ping_status":"closed","template":"","meta":{"footnotes":""},"class_list":["post-14778","page","type-page","status-publish","has-post-thumbnail","hentry"],"yoast_head":"<!-- This site is optimized with the Yoast SEO plugin v27.1.1 - https:\/\/yoast.com\/product\/yoast-seo-wordpress\/ -->\n<title>Diplomados Ciencias Econ\u00f3micas y Administrativas<\/title>\n<meta name=\"description\" content=\"Diplomados Ciencias Econ\u00f3micas y Administrativas, Diplomados, Seminarios y Cursos en la Universidad de Panam\u00e1 UMECIT\" \/>\n<meta name=\"robots\" content=\"index, follow, max-snippet:-1, max-image-preview:large, max-video-preview:-1\" \/>\n<link rel=\"canonical\" href=\"https:\/\/umecit.edu.pa\/en\/educacion-continua\/ciencias-economicas-y-administrativas\/\" \/>\n<meta property=\"og:locale\" content=\"en_US\" \/>\n<meta property=\"og:type\" content=\"article\" \/>\n<meta property=\"og:title\" content=\"Diplomados Ciencias Econ\u00f3micas y Administrativas\" \/>\n<meta property=\"og:description\" content=\"Diplomados Ciencias Econ\u00f3micas y Administrativas, Diplomados, Seminarios y Cursos en la Universidad de Panam\u00e1 UMECIT\" \/>\n<meta property=\"og:url\" content=\"https:\/\/umecit.edu.pa\/en\/educacion-continua\/ciencias-economicas-y-administrativas\/\" \/>\n<meta property=\"og:site_name\" content=\"Umecit - Universidad en Panam\u00e1\" \/>\n<meta property=\"article:publisher\" content=\"https:\/\/www.facebook.com\/umecitpanama\/\" \/>\n<meta property=\"article:modified_time\" content=\"2022-12-09T19:17:38+00:00\" \/>\n<meta property=\"og:image\" content=\"https:\/\/umecit.edu.pa\/wp-content\/uploads\/2022\/08\/F-Ciencias-Econo\u0301micas-y-Administrativas-1.jpg\" \/>\n\t<meta property=\"og:image:width\" content=\"500\" \/>\n\t<meta property=\"og:image:height\" content=\"370\" \/>\n\t<meta property=\"og:image:type\" content=\"image\/jpeg\" \/>\n<meta name=\"twitter:card\" content=\"summary_large_image\" \/>\n<meta name=\"twitter:site\" content=\"@umecitpanama\" \/>\n<meta name=\"twitter:label1\" content=\"Est. reading time\" \/>\n\t<meta name=\"twitter:data1\" content=\"2 minutes\" \/>\n<script type=\"application\/ld+json\" class=\"yoast-schema-graph\">{\"@context\":\"https:\/\/schema.org\",\"@graph\":[{\"@type\":\"WebPage\",\"@id\":\"https:\/\/umecit.edu.pa\/educacion-continua\/ciencias-economicas-y-administrativas\/\",\"url\":\"https:\/\/umecit.edu.pa\/educacion-continua\/ciencias-economicas-y-administrativas\/\",\"name\":\"Diplomados Ciencias Econ\u00f3micas y Administrativas\",\"isPartOf\":{\"@id\":\"https:\/\/umecit.edu.pa\/#website\"},\"primaryImageOfPage\":{\"@id\":\"https:\/\/umecit.edu.pa\/educacion-continua\/ciencias-economicas-y-administrativas\/#primaryimage\"},\"image\":{\"@id\":\"https:\/\/umecit.edu.pa\/educacion-continua\/ciencias-economicas-y-administrativas\/#primaryimage\"},\"thumbnailUrl\":\"https:\/\/umecit.edu.pa\/wp-content\/uploads\/2022\/08\/F-Ciencias-Econo\u0301micas-y-Administrativas-1.jpg\",\"datePublished\":\"2022-03-30T22:05:01+00:00\",\"dateModified\":\"2022-12-09T19:17:38+00:00\",\"description\":\"Diplomados Ciencias Econ\u00f3micas y Administrativas, Diplomados, Seminarios y Cursos en la Universidad de Panam\u00e1 UMECIT\",\"breadcrumb\":{\"@id\":\"https:\/\/umecit.edu.pa\/educacion-continua\/ciencias-economicas-y-administrativas\/#breadcrumb\"},\"inLanguage\":\"en-US\",\"potentialAction\":[{\"@type\":\"ReadAction\",\"target\":[\"https:\/\/umecit.edu.pa\/educacion-continua\/ciencias-economicas-y-administrativas\/\"]}]},{\"@type\":\"ImageObject\",\"inLanguage\":\"en-US\",\"@id\":\"https:\/\/umecit.edu.pa\/educacion-continua\/ciencias-economicas-y-administrativas\/#primaryimage\",\"url\":\"https:\/\/umecit.edu.pa\/wp-content\/uploads\/2022\/08\/F-Ciencias-Econo\u0301micas-y-Administrativas-1.jpg\",\"contentUrl\":\"https:\/\/umecit.edu.pa\/wp-content\/uploads\/2022\/08\/F-Ciencias-Econo\u0301micas-y-Administrativas-1.jpg\",\"width\":500,\"height\":370,\"caption\":\"Diplomados Ciencias Econ\u00f3micas y Administrativas\"},{\"@type\":\"BreadcrumbList\",\"@id\":\"https:\/\/umecit.edu.pa\/educacion-continua\/ciencias-economicas-y-administrativas\/#breadcrumb\",\"itemListElement\":[{\"@type\":\"ListItem\",\"position\":1,\"name\":\"Portada\",\"item\":\"https:\/\/umecit.edu.pa\/\"},{\"@type\":\"ListItem\",\"position\":2,\"name\":\"Educaci\u00f3n Continua\",\"item\":\"https:\/\/umecit.edu.pa\/educacion-continua\/\"},{\"@type\":\"ListItem\",\"position\":3,\"name\":\"Ciencias Econ\u00f3micas y Administrativas\"}]},{\"@type\":\"WebSite\",\"@id\":\"https:\/\/umecit.edu.pa\/#website\",\"url\":\"https:\/\/umecit.edu.pa\/\",\"name\":\"Umecit - Universidad en Panam\u00e1\",\"description\":\"Universidad Metropolitana de Educaci\u00f3n, Ciencia y Tecnolog\u00eda\",\"publisher\":{\"@id\":\"https:\/\/umecit.edu.pa\/#organization\"},\"potentialAction\":[{\"@type\":\"SearchAction\",\"target\":{\"@type\":\"EntryPoint\",\"urlTemplate\":\"https:\/\/umecit.edu.pa\/?s={search_term_string}\"},\"query-input\":{\"@type\":\"PropertyValueSpecification\",\"valueRequired\":true,\"valueName\":\"search_term_string\"}}],\"inLanguage\":\"en-US\"},{\"@type\":\"Organization\",\"@id\":\"https:\/\/umecit.edu.pa\/#organization\",\"name\":\"Umecit - Universidad en Panam\u00e1\",\"url\":\"https:\/\/umecit.edu.pa\/\",\"logo\":{\"@type\":\"ImageObject\",\"inLanguage\":\"en-US\",\"@id\":\"https:\/\/umecit.edu.pa\/#\/schema\/logo\/image\/\",\"url\":\"https:\/\/umecit.edu.pa\/wp-content\/uploads\/2022\/06\/panama-7.jpg\",\"contentUrl\":\"https:\/\/umecit.edu.pa\/wp-content\/uploads\/2022\/06\/panama-7.jpg\",\"width\":1200,\"height\":800,\"caption\":\"Umecit - Universidad en Panam\u00e1\"},\"image\":{\"@id\":\"https:\/\/umecit.edu.pa\/#\/schema\/logo\/image\/\"},\"sameAs\":[\"https:\/\/www.facebook.com\/umecitpanama\/\",\"https:\/\/x.com\/umecitpanama\",\"https:\/\/www.tiktok.com\/@umecit\",\"https:\/\/www.instagram.com\/umecit\/\",\"https:\/\/www.youtube.com\/channel\/UCP9iXFXi4p_EW_p9p6lprhg\"]}]}<\/script>\n<!-- \/ Yoast SEO plugin. -->","yoast_head_json":{"title":"Diploma in Economic and Administrative Sciences","description":"Diplomas in Economic and Administrative Sciences, Diplomas, Seminars, and Courses at the University of Panama (UMECIT)","robots":{"index":"index","follow":"follow","max-snippet":"max-snippet:-1","max-image-preview":"max-image-preview:large","max-video-preview":"max-video-preview:-1"},"canonical":"https:\/\/umecit.edu.pa\/en\/educacion-continua\/ciencias-economicas-y-administrativas\/","og_locale":"en_US","og_type":"article","og_title":"Diplomados Ciencias Econ\u00f3micas y Administrativas","og_description":"Diplomados Ciencias Econ\u00f3micas y Administrativas, Diplomados, Seminarios y Cursos en la Universidad de Panam\u00e1 UMECIT","og_url":"https:\/\/umecit.edu.pa\/en\/educacion-continua\/ciencias-economicas-y-administrativas\/","og_site_name":"Umecit - Universidad en Panam\u00e1","article_publisher":"https:\/\/www.facebook.com\/umecitpanama\/","article_modified_time":"2022-12-09T19:17:38+00:00","og_image":[{"width":500,"height":370,"url":"https:\/\/umecit.edu.pa\/wp-content\/uploads\/2022\/08\/F-Ciencias-Econo\u0301micas-y-Administrativas-1.jpg","type":"image\/jpeg"}],"twitter_card":"summary_large_image","twitter_site":"@umecitpanama","twitter_misc":{"Est. reading time":"2 minutes"},"schema":{"@context":"https:\/\/schema.org","@graph":[{"@type":"WebPage","@id":"https:\/\/umecit.edu.pa\/educacion-continua\/ciencias-economicas-y-administrativas\/","url":"https:\/\/umecit.edu.pa\/educacion-continua\/ciencias-economicas-y-administrativas\/","name":"Diploma in Economic and Administrative Sciences","isPartOf":{"@id":"https:\/\/umecit.edu.pa\/#website"},"primaryImageOfPage":{"@id":"https:\/\/umecit.edu.pa\/educacion-continua\/ciencias-economicas-y-administrativas\/#primaryimage"},"image":{"@id":"https:\/\/umecit.edu.pa\/educacion-continua\/ciencias-economicas-y-administrativas\/#primaryimage"},"thumbnailUrl":"https:\/\/umecit.edu.pa\/wp-content\/uploads\/2022\/08\/F-Ciencias-Econo\u0301micas-y-Administrativas-1.jpg","datePublished":"2022-03-30T22:05:01+00:00","dateModified":"2022-12-09T19:17:38+00:00","description":"Diplomas in Economic and Administrative Sciences, Diplomas, Seminars, and Courses at the University of Panama (UMECIT)","breadcrumb":{"@id":"https:\/\/umecit.edu.pa\/educacion-continua\/ciencias-economicas-y-administrativas\/#breadcrumb"},"inLanguage":"en-US","potentialAction":[{"@type":"ReadAction","target":["https:\/\/umecit.edu.pa\/educacion-continua\/ciencias-economicas-y-administrativas\/"]}]},{"@type":"ImageObject","inLanguage":"en-US","@id":"https:\/\/umecit.edu.pa\/educacion-continua\/ciencias-economicas-y-administrativas\/#primaryimage","url":"https:\/\/umecit.edu.pa\/wp-content\/uploads\/2022\/08\/F-Ciencias-Econo\u0301micas-y-Administrativas-1.jpg","contentUrl":"https:\/\/umecit.edu.pa\/wp-content\/uploads\/2022\/08\/F-Ciencias-Econo\u0301micas-y-Administrativas-1.jpg","width":500,"height":370,"caption":"Diplomados Ciencias Econ\u00f3micas y Administrativas"},{"@type":"BreadcrumbList","@id":"https:\/\/umecit.edu.pa\/educacion-continua\/ciencias-economicas-y-administrativas\/#breadcrumb","itemListElement":[{"@type":"ListItem","position":1,"name":"Portada","item":"https:\/\/umecit.edu.pa\/"},{"@type":"ListItem","position":2,"name":"Educaci\u00f3n Continua","item":"https:\/\/umecit.edu.pa\/educacion-continua\/"},{"@type":"ListItem","position":3,"name":"Ciencias Econ\u00f3micas y Administrativas"}]},{"@type":"WebSite","@id":"https:\/\/umecit.edu.pa\/#website","url":"https:\/\/umecit.edu.pa\/","name":"Umecit - University in Panama","description":"Metropolitan University of Education, Science and Technology","publisher":{"@id":"https:\/\/umecit.edu.pa\/#organization"},"potentialAction":[{"@type":"SearchAction","target":{"@type":"EntryPoint","urlTemplate":"https:\/\/umecit.edu.pa\/?s={search_term_string}"},"query-input":{"@type":"PropertyValueSpecification","valueRequired":true,"valueName":"search_term_string"}}],"inLanguage":"en-US"},{"@type":"Organization","@id":"https:\/\/umecit.edu.pa\/#organization","name":"Umecit - University in Panama","url":"https:\/\/umecit.edu.pa\/","logo":{"@type":"ImageObject","inLanguage":"en-US","@id":"https:\/\/umecit.edu.pa\/#\/schema\/logo\/image\/","url":"https:\/\/umecit.edu.pa\/wp-content\/uploads\/2022\/06\/panama-7.jpg","contentUrl":"https:\/\/umecit.edu.pa\/wp-content\/uploads\/2022\/06\/panama-7.jpg","width":1200,"height":800,"caption":"Umecit - Universidad en Panam\u00e1"},"image":{"@id":"https:\/\/umecit.edu.pa\/#\/schema\/logo\/image\/"},"sameAs":["https:\/\/www.facebook.com\/umecitpanama\/","https:\/\/x.com\/umecitpanama","https:\/\/www.tiktok.com\/@umecit","https:\/\/www.instagram.com\/umecit\/","https:\/\/www.youtube.com\/channel\/UCP9iXFXi4p_EW_p9p6lprhg"]}]}},"_links":{"self":[{"href":"https:\/\/umecit.edu.pa\/en\/wp-json\/wp\/v2\/pages\/14778","targetHints":{"allow":["GET"]}}],"collection":[{"href":"https:\/\/umecit.edu.pa\/en\/wp-json\/wp\/v2\/pages"}],"about":[{"href":"https:\/\/umecit.edu.pa\/en\/wp-json\/wp\/v2\/types\/page"}],"author":[{"embeddable":true,"href":"https:\/\/umecit.edu.pa\/en\/wp-json\/wp\/v2\/users\/695"}],"replies":[{"embeddable":true,"href":"https:\/\/umecit.edu.pa\/en\/wp-json\/wp\/v2\/comments?post=14778"}],"version-history":[{"count":0,"href":"https:\/\/umecit.edu.pa\/en\/wp-json\/wp\/v2\/pages\/14778\/revisions"}],"up":[{"embeddable":true,"href":"https:\/\/umecit.edu.pa\/en\/wp-json\/wp\/v2\/pages\/8803"}],"wp:featuredmedia":[{"embeddable":true,"href":"https:\/\/umecit.edu.pa\/en\/wp-json\/wp\/v2\/media\/31558"}],"wp:attachment":[{"href":"https:\/\/umecit.edu.pa\/en\/wp-json\/wp\/v2\/media?parent=14778"}],"curies":[{"name":"wp","href":"https:\/\/api.w.org\/{rel}","templated":true}]}}