{"id":14363,"date":"2022-03-25T09:28:54","date_gmt":"2022-03-25T14:28:54","guid":{"rendered":"https:\/\/nueva.umecit.edu.pa\/?page_id=14363"},"modified":"2022-12-12T11:17:23","modified_gmt":"2022-12-12T16:17:23","slug":"requisitos-de-permanencia","status":"publish","type":"page","link":"https:\/\/umecit.edu.pa\/en\/admisiones\/requisitos-de-permanencia\/","title":{"rendered":"Permanence Requirements"},"content":{"rendered":"<div data-elementor-type=\"wp-page\" data-elementor-id=\"14363\" class=\"elementor elementor-14363\" data-elementor-post-type=\"page\">\n\t\t\t\t\t\t<section class=\"elementor-section elementor-top-section elementor-element elementor-element-d7cbe60 elementor-section-boxed elementor-section-height-default elementor-section-height-default row-top\" data-id=\"d7cbe60\" data-element_type=\"section\" data-e-type=\"section\">\n\t\t\t\t\t\t<div class=\"elementor-container elementor-column-gap-default\">\n\t\t\t\t\t<div class=\"elementor-column elementor-col-100 elementor-top-column elementor-element elementor-element-037449a column-style-top\" data-id=\"037449a\" data-element_type=\"column\" data-e-type=\"column\">\n\t\t\t<div class=\"elementor-widget-wrap elementor-element-populated\">\n\t\t\t\t\t\t<div class=\"elementor-element elementor-element-2621477 elementor-widget elementor-widget-heading\" data-id=\"2621477\" data-element_type=\"widget\" data-e-type=\"widget\" data-widget_type=\"heading.default\">\n\t\t\t\t<div class=\"elementor-widget-container\">\n\t\t\t\t\t<h2 class=\"elementor-heading-title elementor-size-default\">Admissions<\/h2>\t\t\t\t<\/div>\n\t\t\t\t<\/div>\n\t\t\t\t<div class=\"elementor-element elementor-element-3f76ee5 elementor-widget elementor-widget-heading\" data-id=\"3f76ee5\" data-element_type=\"widget\" data-e-type=\"widget\" data-widget_type=\"heading.default\">\n\t\t\t\t<div class=\"elementor-widget-container\">\n\t\t\t\t\t<h1 class=\"elementor-heading-title elementor-size-default\">Permanence Requirements<\/h1>\t\t\t\t<\/div>\n\t\t\t\t<\/div>\n\t\t\t\t<section class=\"elementor-section elementor-inner-section elementor-element elementor-element-8daac0b elementor-section-boxed elementor-section-height-default elementor-section-height-default row-top\" data-id=\"8daac0b\" data-element_type=\"section\" data-e-type=\"section\">\n\t\t\t\t\t\t<div class=\"elementor-container elementor-column-gap-default\">\n\t\t\t\t\t<div class=\"elementor-column elementor-col-50 elementor-inner-column elementor-element elementor-element-605531d column-style-top\" data-id=\"605531d\" data-element_type=\"column\" data-e-type=\"column\">\n\t\t\t<div class=\"elementor-widget-wrap elementor-element-populated\">\n\t\t\t\t\t\t<div class=\"elementor-element elementor-element-8307acc elementor-align-start elementor-icon-list--layout-traditional elementor-list-item-link-full_width elementor-widget elementor-widget-icon-list\" data-id=\"8307acc\" data-element_type=\"widget\" data-e-type=\"widget\" data-widget_type=\"icon-list.default\">\n\t\t\t\t<div class=\"elementor-widget-container\">\n\t\t\t\t\t\t\t<ul class=\"elementor-icon-list-items\">\n\t\t\t\t\t\t\t<li class=\"elementor-icon-list-item\">\n\t\t\t\t\t\t\t\t\t\t\t<span class=\"elementor-icon-list-icon\">\n\t\t\t\t\t\t\t<i aria-hidden=\"true\" class=\"flaticon-confirmation\"><\/i>\t\t\t\t\t\t<\/span>\n\t\t\t\t\t\t\t\t\t\t<span class=\"elementor-icon-list-text\">The permanence in the University will depend solely and exclusively on the student's motivation, capacity and vision to obtain the chosen academic degree.<\/span>\n\t\t\t\t\t\t\t\t\t<\/li>\n\t\t\t\t\t\t\t\t<li class=\"elementor-icon-list-item\">\n\t\t\t\t\t\t\t\t\t\t\t<span class=\"elementor-icon-list-icon\">\n\t\t\t\t\t\t\t<i aria-hidden=\"true\" class=\"flaticon-confirmation\"><\/i>\t\t\t\t\t\t<\/span>\n\t\t\t\t\t\t\t\t\t\t<span class=\"elementor-icon-list-text\">In this same way, the student must take into account that their general average or cumulative index in their career cannot be less than 71, based on a maximum score of 100.<\/span>\n\t\t\t\t\t\t\t\t\t<\/li>\n\t\t\t\t\t\t\t\t<li class=\"elementor-icon-list-item\">\n\t\t\t\t\t\t\t\t\t\t\t<span class=\"elementor-icon-list-icon\">\n\t\t\t\t\t\t\t<i aria-hidden=\"true\" class=\"flaticon-confirmation\"><\/i>\t\t\t\t\t\t<\/span>\n\t\t\t\t\t\t\t\t\t\t<span class=\"elementor-icon-list-text\">Within the evaluation criteria that you will find in each program, it is clearly identified that then every subject must be above 71 for approval. (Scale from 0 to 100).<\/span>\n\t\t\t\t\t\t\t\t\t<\/li>\n\t\t\t\t\t\t<\/ul>\n\t\t\t\t\t\t<\/div>\n\t\t\t\t<\/div>\n\t\t\t\t\t<\/div>\n\t\t<\/div>\n\t\t\t\t<div class=\"elementor-column elementor-col-50 elementor-inner-column elementor-element elementor-element-59c952e column-style-top\" data-id=\"59c952e\" data-element_type=\"column\" data-e-type=\"column\">\n\t\t\t<div class=\"elementor-widget-wrap elementor-element-populated\">\n\t\t\t\t\t\t<div class=\"elementor-element elementor-element-9727361 elementor-align-start elementor-icon-list--layout-traditional elementor-list-item-link-full_width elementor-widget elementor-widget-icon-list\" data-id=\"9727361\" data-element_type=\"widget\" data-e-type=\"widget\" data-widget_type=\"icon-list.default\">\n\t\t\t\t<div class=\"elementor-widget-container\">\n\t\t\t\t\t\t\t<ul class=\"elementor-icon-list-items\">\n\t\t\t\t\t\t\t<li class=\"elementor-icon-list-item\">\n\t\t\t\t\t\t\t\t\t\t\t<span class=\"elementor-icon-list-icon\">\n\t\t\t\t\t\t\t<i aria-hidden=\"true\" class=\"flaticon-confirmation\"><\/i>\t\t\t\t\t\t<\/span>\n\t\t\t\t\t\t\t\t\t\t<span class=\"elementor-icon-list-text\">Within the evaluation criteria explained below, it is clearly identified that all courses must be above 71 for approval (Scale from 0 to 100).\n- In order to pass each subject, the participant must obtain a grade of no less than C. Likewise, he\/she must maintain an academic index of no less than 1.50 (Scale from 0 to 3.00).<\/span>\n\t\t\t\t\t\t\t\t\t<\/li>\n\t\t\t\t\t\t\t\t<li class=\"elementor-icon-list-item\">\n\t\t\t\t\t\t\t\t\t\t\t<span class=\"elementor-icon-list-icon\">\n\t\t\t\t\t\t\t<i aria-hidden=\"true\" class=\"flaticon-confirmation\"><\/i>\t\t\t\t\t\t<\/span>\n\t\t\t\t\t\t\t\t\t\t<span class=\"elementor-icon-list-text\">No student will be able to continue in the course if he\/she has a four-month cumulative index lower than 1.50.<\/span>\n\t\t\t\t\t\t\t\t\t<\/li>\n\t\t\t\t\t\t\t\t<li class=\"elementor-icon-list-item\">\n\t\t\t\t\t\t\t\t\t\t\t<span class=\"elementor-icon-list-icon\">\n\t\t\t\t\t\t\t<i aria-hidden=\"true\" class=\"flaticon-confirmation\"><\/i>\t\t\t\t\t\t<\/span>\n\t\t\t\t\t\t\t\t\t\t<span class=\"elementor-icon-list-text\">Attendance is mandatory for at least 80% of each course.<\/span>\n\t\t\t\t\t\t\t\t\t<\/li>\n\t\t\t\t\t\t<\/ul>\n\t\t\t\t\t\t<\/div>\n\t\t\t\t<\/div>\n\t\t\t\t\t<\/div>\n\t\t<\/div>\n\t\t\t\t\t<\/div>\n\t\t<\/section>\n\t\t\t\t\t<\/div>\n\t\t<\/div>\n\t\t\t\t\t<\/div>\n\t\t<\/section>\n\t\t\t\t<section class=\"elementor-section elementor-top-section elementor-element elementor-element-9f7045b elementor-section-boxed elementor-section-height-default elementor-section-height-default row-top\" data-id=\"9f7045b\" data-element_type=\"section\" data-e-type=\"section\" data-settings=\"{&quot;background_background&quot;:&quot;classic&quot;}\">\n\t\t\t\t\t\t<div class=\"elementor-container elementor-column-gap-default\">\n\t\t\t\t\t<div class=\"elementor-column elementor-col-100 elementor-top-column elementor-element elementor-element-cd791ee column-style-top\" data-id=\"cd791ee\" data-element_type=\"column\" data-e-type=\"column\">\n\t\t\t<div class=\"elementor-widget-wrap elementor-element-populated\">\n\t\t\t\t\t\t<section class=\"elementor-section elementor-inner-section elementor-element elementor-element-a5b71be elementor-section-boxed elementor-section-height-default elementor-section-height-default row-top\" data-id=\"a5b71be\" data-element_type=\"section\" data-e-type=\"section\">\n\t\t\t\t\t\t<div class=\"elementor-container elementor-column-gap-default\">\n\t\t\t\t\t<div class=\"elementor-column elementor-col-100 elementor-inner-column elementor-element elementor-element-4532fc5 column-style-top\" data-id=\"4532fc5\" data-element_type=\"column\" data-e-type=\"column\">\n\t\t\t<div class=\"elementor-widget-wrap elementor-element-populated\">\n\t\t\t\t\t\t<div class=\"elementor-element elementor-element-7813d53 elementor-widget elementor-widget-gva-heading-block\" data-id=\"7813d53\" data-element_type=\"widget\" data-e-type=\"widget\" data-widget_type=\"gva-heading-block.default\">\n\t\t\t\t<div class=\"elementor-widget-container\">\n\t\t\t\t\t<div class=\"gva-element-gva-heading-block gva-element\">   <div class=\"align-left style-1 widget gsc-heading box-align-left auto-responsive\">\r\n      <div class=\"content-inner\">\r\n         \r\n                  \r\n                     <div class=\"sub-title\"><span>UMECIT Admissions<\/span><\/div>\r\n           \r\n         \r\n                     <h2 class=\"title\">\r\n               <span>Our Faculties<\/span>\r\n            <\/h2>\r\n                              <div class=\"title-desc\">Universities accredited by the National Council for University Evaluation and Accreditation of Panama\n<\/div>\r\n         \r\n         \r\n      <\/div>\r\n   <\/div>\r\n<\/div>\t\t\t\t<\/div>\n\t\t\t\t<\/div>\n\t\t\t\t\t<\/div>\n\t\t<\/div>\n\t\t\t\t\t<\/div>\n\t\t<\/section>\n\t\t\t\t<div class=\"elementor-element elementor-element-39ed2f5 elementor-widget elementor-widget-gva-course-banner-group\" data-id=\"39ed2f5\" data-element_type=\"widget\" data-e-type=\"widget\" data-widget_type=\"gva-course-banner-group.default\">\n\t\t\t\t<div class=\"elementor-widget-container\">\n\t\t\t\t\t<div class=\"gva-element-gva-course-banner-group gva-element\">\r\n<div class=\"gsc-course-banner-group layout-carousel style-1\">\r\n   <div class=\"init-carousel-owl owl-carousel\" data-items=\"4\" data-items_lg=\"4\" data-items_md=\"4\" data-items_sm=\"4\" data-items_xs=\"4\" data-items_xx=\"1\" data-loop=\"1\" data-speed=\"800\" data-auto_play=\"1\" data-auto_play_speed=\"800\" data-auto_play_timeout=\"3000\" data-auto_play_hover=\"1\" data-navigation=\"1\" data-pagination=\"0\" data-mouse_drag=\"1\" data-touch_drag=\"1\" >\r\n      \r\n<div class=\"item banner-group-item\">\r\n   <div class=\"banner-item-content\">\r\n      \r\n               <div class=\"banner-image\">\r\n            <img decoding=\"async\" src=\"https:\/\/umecit.edu.pa\/wp-content\/uploads\/2022\/08\/F-Ciencias-de-la-Salud.jpg\" alt=\"Ciencias de la Salud\" \/>\r\n         <\/div>\r\n      \r\n      <div class=\"banner-content\">\r\n                  <div class=\"clearfix\"><\/div>\r\n                     <h3 class=\"title\">Health Sciences<\/h3>\r\n               <\/div>\r\n\r\n      <a class=\"link-term-overlay\" href=\"\/en\/grado-licenciaturas\/facultad-de-ciencias-de-la-salud\/\"><\/a>               \r\n   <\/div>\r\n<\/div>\r\n<div class=\"item banner-group-item\">\r\n   <div class=\"banner-item-content\">\r\n      \r\n               <div class=\"banner-image\">\r\n            <img decoding=\"async\" src=\"https:\/\/umecit.edu.pa\/wp-content\/uploads\/2022\/08\/F-Ciencias-Economicas-y-Administrativas.jpg\" alt=\"Ciencias Econ\u00f3micas y Administrativas\" \/>\r\n         <\/div>\r\n      \r\n      <div class=\"banner-content\">\r\n                  <div class=\"clearfix\"><\/div>\r\n                     <h3 class=\"title\">Economic and Administrative Sciences<\/h3>\r\n               <\/div>\r\n\r\n      <a class=\"link-term-overlay\" href=\"\/en\/grado-licenciaturas\/facultad-de-ciencias-economicas-y-administrativas\/\"><\/a>               \r\n   <\/div>\r\n<\/div>\r\n<div class=\"item banner-group-item\">\r\n   <div class=\"banner-item-content\">\r\n      \r\n               <div class=\"banner-image\">\r\n            <img decoding=\"async\" src=\"https:\/\/umecit.edu.pa\/wp-content\/uploads\/2022\/08\/F-Derecho-y-Ciencias-Forenses.jpg\" alt=\"Derecho y Ciencias Forenses\" \/>\r\n         <\/div>\r\n      \r\n      <div class=\"banner-content\">\r\n                  <div class=\"clearfix\"><\/div>\r\n                     <h3 class=\"title\">Law and Forensic Sciences<\/h3>\r\n               <\/div>\r\n\r\n      <a class=\"link-term-overlay\" href=\"\/en\/grado-licenciaturas\/facultad-de-derecho-y-ciencias-forenses\/\"><\/a>               \r\n   <\/div>\r\n<\/div>\r\n<div class=\"item banner-group-item\">\r\n   <div class=\"banner-item-content\">\r\n      \r\n               <div class=\"banner-image\">\r\n            <img decoding=\"async\" src=\"https:\/\/umecit.edu.pa\/wp-content\/uploads\/2022\/08\/F-Humanidades-y-Ciencias-de-la-Educacion.jpg\" alt=\"Humanidades y Ciencias de la Educaci\u00f3n\" \/>\r\n         <\/div>\r\n      \r\n      <div class=\"banner-content\">\r\n                  <div class=\"clearfix\"><\/div>\r\n                     <h3 class=\"title\">Humanities and Educational Sciences<\/h3>\r\n               <\/div>\r\n\r\n      <a class=\"link-term-overlay\" href=\"\/en\/grado-licenciaturas\/facultad-de-humanidades-y-ciencias-de-la-educacion\/\"><\/a>               \r\n   <\/div>\r\n<\/div>\r\n<div class=\"item banner-group-item\">\r\n   <div class=\"banner-item-content\">\r\n      \r\n               <div class=\"banner-image\">\r\n            <img decoding=\"async\" src=\"https:\/\/umecit.edu.pa\/wp-content\/uploads\/2022\/08\/F-Tecnologia-construccion-y-medioambiente.jpg\" alt=\"Tecnolog\u00eda, Construcci\u00f3n y Medio Ambiente\" \/>\r\n         <\/div>\r\n      \r\n      <div class=\"banner-content\">\r\n                  <div class=\"clearfix\"><\/div>\r\n                     <h3 class=\"title\">Technology, Construction, and Environment<\/h3>\r\n               <\/div>\r\n\r\n      <a class=\"link-term-overlay\" href=\"\/en\/grado-licenciaturas\/facultad-de-tecnologia-construccion-y-medio-ambiente\/\"><\/a>               \r\n   <\/div>\r\n<\/div>\r\n<div class=\"item banner-group-item\">\r\n   <div class=\"banner-item-content\">\r\n      \r\n               <div class=\"banner-image\">\r\n            <img decoding=\"async\" src=\"https:\/\/umecit.edu.pa\/wp-content\/uploads\/2022\/08\/F-Ciencias-Nauticas.jpg\" alt=\"Ciencias N\u00e1uticas\" \/>\r\n         <\/div>\r\n      \r\n      <div class=\"banner-content\">\r\n                  <div class=\"clearfix\"><\/div>\r\n                     <h3 class=\"title\">Nautical Sciences<\/h3>\r\n               <\/div>\r\n\r\n      <a class=\"link-term-overlay\" href=\"\/en\/grado-licenciaturas\/facultad-de-ciencias-nauticas\/\"><\/a>               \r\n   <\/div>\r\n<\/div>   <\/div>\r\n<\/div>\r\n<\/div>\t\t\t\t<\/div>\n\t\t\t\t<\/div>\n\t\t\t\t\t<\/div>\n\t\t<\/div>\n\t\t\t\t\t<\/div>\n\t\t<\/section>\n\t\t\t\t<\/div>","protected":false},"excerpt":{"rendered":"<p>Admisiones Requisitos de Permanencia La permanencia en la Universidad depender\u00e1 \u00fanica y exclusivamente del estudiante, de su motivaci\u00f3n, capacidad y visi\u00f3n para obtener el grado acad\u00e9mico elegido. De este mismo modo el estudiante deber\u00e1 tener en cuenta que su promedio general o \u00edndice acumulativo en su carrera no puede ser inferior a 71, con base [&hellip;]<\/p>\n","protected":false},"author":695,"featured_media":31597,"parent":9041,"menu_order":0,"comment_status":"closed","ping_status":"closed","template":"","meta":{"footnotes":""},"class_list":["post-14363","page","type-page","status-publish","has-post-thumbnail","hentry"],"yoast_head":"<!-- This site is optimized with the Yoast SEO plugin v27.1.1 - https:\/\/yoast.com\/product\/yoast-seo-wordpress\/ -->\n<title>Requisitos de Permanencia | UMECIT Universidad Panam\u00e1<\/title>\n<meta name=\"description\" content=\"Requisitos de Permanencia depender\u00e1 \u00fanica y exclusivamente del estudiante, de su motivaci\u00f3n, capacidad y visi\u00f3n para obtener el grado acad\u00e9mico\" \/>\n<meta name=\"robots\" content=\"index, follow, max-snippet:-1, max-image-preview:large, max-video-preview:-1\" \/>\n<link rel=\"canonical\" href=\"https:\/\/umecit.edu.pa\/en\/admisiones\/requisitos-de-permanencia\/\" \/>\n<meta property=\"og:locale\" content=\"en_US\" \/>\n<meta property=\"og:type\" content=\"article\" \/>\n<meta property=\"og:title\" content=\"Requisitos de Permanencia | UMECIT Universidad Panam\u00e1\" \/>\n<meta property=\"og:description\" content=\"Requisitos de Permanencia depender\u00e1 \u00fanica y exclusivamente del estudiante, de su motivaci\u00f3n, capacidad y visi\u00f3n para obtener el grado acad\u00e9mico\" \/>\n<meta property=\"og:url\" content=\"https:\/\/umecit.edu.pa\/en\/admisiones\/requisitos-de-permanencia\/\" \/>\n<meta property=\"og:site_name\" content=\"Umecit - Universidad en Panam\u00e1\" \/>\n<meta property=\"article:publisher\" content=\"https:\/\/www.facebook.com\/umecitpanama\/\" \/>\n<meta property=\"article:modified_time\" content=\"2022-12-12T16:17:23+00:00\" \/>\n<meta property=\"og:image\" content=\"https:\/\/umecit.edu.pa\/wp-content\/uploads\/2022\/08\/F-Requisitos-de-permanencia.jpg\" \/>\n\t<meta property=\"og:image:width\" content=\"500\" \/>\n\t<meta property=\"og:image:height\" content=\"370\" \/>\n\t<meta property=\"og:image:type\" content=\"image\/jpeg\" \/>\n<meta name=\"twitter:card\" content=\"summary_large_image\" \/>\n<meta name=\"twitter:site\" content=\"@umecitpanama\" \/>\n<meta name=\"twitter:label1\" content=\"Est. reading time\" \/>\n\t<meta name=\"twitter:data1\" content=\"4 minutes\" \/>\n<script type=\"application\/ld+json\" class=\"yoast-schema-graph\">{\"@context\":\"https:\/\/schema.org\",\"@graph\":[{\"@type\":\"WebPage\",\"@id\":\"https:\/\/umecit.edu.pa\/admisiones\/requisitos-de-permanencia\/\",\"url\":\"https:\/\/umecit.edu.pa\/admisiones\/requisitos-de-permanencia\/\",\"name\":\"Requisitos de Permanencia | UMECIT Universidad Panam\u00e1\",\"isPartOf\":{\"@id\":\"https:\/\/umecit.edu.pa\/#website\"},\"primaryImageOfPage\":{\"@id\":\"https:\/\/umecit.edu.pa\/admisiones\/requisitos-de-permanencia\/#primaryimage\"},\"image\":{\"@id\":\"https:\/\/umecit.edu.pa\/admisiones\/requisitos-de-permanencia\/#primaryimage\"},\"thumbnailUrl\":\"https:\/\/umecit.edu.pa\/wp-content\/uploads\/2022\/08\/F-Requisitos-de-permanencia.jpg\",\"datePublished\":\"2022-03-25T14:28:54+00:00\",\"dateModified\":\"2022-12-12T16:17:23+00:00\",\"description\":\"Requisitos de Permanencia depender\u00e1 \u00fanica y exclusivamente del estudiante, de su motivaci\u00f3n, capacidad y visi\u00f3n para obtener el grado acad\u00e9mico\",\"breadcrumb\":{\"@id\":\"https:\/\/umecit.edu.pa\/admisiones\/requisitos-de-permanencia\/#breadcrumb\"},\"inLanguage\":\"en-US\",\"potentialAction\":[{\"@type\":\"ReadAction\",\"target\":[\"https:\/\/umecit.edu.pa\/admisiones\/requisitos-de-permanencia\/\"]}]},{\"@type\":\"ImageObject\",\"inLanguage\":\"en-US\",\"@id\":\"https:\/\/umecit.edu.pa\/admisiones\/requisitos-de-permanencia\/#primaryimage\",\"url\":\"https:\/\/umecit.edu.pa\/wp-content\/uploads\/2022\/08\/F-Requisitos-de-permanencia.jpg\",\"contentUrl\":\"https:\/\/umecit.edu.pa\/wp-content\/uploads\/2022\/08\/F-Requisitos-de-permanencia.jpg\",\"width\":500,\"height\":370,\"caption\":\"Requisitos de Permanencia\"},{\"@type\":\"BreadcrumbList\",\"@id\":\"https:\/\/umecit.edu.pa\/admisiones\/requisitos-de-permanencia\/#breadcrumb\",\"itemListElement\":[{\"@type\":\"ListItem\",\"position\":1,\"name\":\"Portada\",\"item\":\"https:\/\/umecit.edu.pa\/\"},{\"@type\":\"ListItem\",\"position\":2,\"name\":\"Admisiones\",\"item\":\"https:\/\/umecit.edu.pa\/admisiones\/\"},{\"@type\":\"ListItem\",\"position\":3,\"name\":\"Requisitos de Permanencia\"}]},{\"@type\":\"WebSite\",\"@id\":\"https:\/\/umecit.edu.pa\/#website\",\"url\":\"https:\/\/umecit.edu.pa\/\",\"name\":\"Umecit - Universidad en Panam\u00e1\",\"description\":\"Universidad Metropolitana de Educaci\u00f3n, Ciencia y Tecnolog\u00eda\",\"publisher\":{\"@id\":\"https:\/\/umecit.edu.pa\/#organization\"},\"potentialAction\":[{\"@type\":\"SearchAction\",\"target\":{\"@type\":\"EntryPoint\",\"urlTemplate\":\"https:\/\/umecit.edu.pa\/?s={search_term_string}\"},\"query-input\":{\"@type\":\"PropertyValueSpecification\",\"valueRequired\":true,\"valueName\":\"search_term_string\"}}],\"inLanguage\":\"en-US\"},{\"@type\":\"Organization\",\"@id\":\"https:\/\/umecit.edu.pa\/#organization\",\"name\":\"Umecit - Universidad en Panam\u00e1\",\"url\":\"https:\/\/umecit.edu.pa\/\",\"logo\":{\"@type\":\"ImageObject\",\"inLanguage\":\"en-US\",\"@id\":\"https:\/\/umecit.edu.pa\/#\/schema\/logo\/image\/\",\"url\":\"https:\/\/umecit.edu.pa\/wp-content\/uploads\/2022\/06\/panama-7.jpg\",\"contentUrl\":\"https:\/\/umecit.edu.pa\/wp-content\/uploads\/2022\/06\/panama-7.jpg\",\"width\":1200,\"height\":800,\"caption\":\"Umecit - Universidad en Panam\u00e1\"},\"image\":{\"@id\":\"https:\/\/umecit.edu.pa\/#\/schema\/logo\/image\/\"},\"sameAs\":[\"https:\/\/www.facebook.com\/umecitpanama\/\",\"https:\/\/x.com\/umecitpanama\",\"https:\/\/www.tiktok.com\/@umecit\",\"https:\/\/www.instagram.com\/umecit\/\",\"https:\/\/www.youtube.com\/channel\/UCP9iXFXi4p_EW_p9p6lprhg\"]}]}<\/script>\n<!-- \/ Yoast SEO plugin. -->","yoast_head_json":{"title":"Residency Requirements | UMECIT University of Panama","description":"Permanence Requirements will depend solely and exclusively on the student, their motivation, ability and vision to obtain the academic degree","robots":{"index":"index","follow":"follow","max-snippet":"max-snippet:-1","max-image-preview":"max-image-preview:large","max-video-preview":"max-video-preview:-1"},"canonical":"https:\/\/umecit.edu.pa\/en\/admisiones\/requisitos-de-permanencia\/","og_locale":"en_US","og_type":"article","og_title":"Requisitos de Permanencia | UMECIT Universidad Panam\u00e1","og_description":"Requisitos de Permanencia depender\u00e1 \u00fanica y exclusivamente del estudiante, de su motivaci\u00f3n, capacidad y visi\u00f3n para obtener el grado acad\u00e9mico","og_url":"https:\/\/umecit.edu.pa\/en\/admisiones\/requisitos-de-permanencia\/","og_site_name":"Umecit - Universidad en Panam\u00e1","article_publisher":"https:\/\/www.facebook.com\/umecitpanama\/","article_modified_time":"2022-12-12T16:17:23+00:00","og_image":[{"width":500,"height":370,"url":"https:\/\/umecit.edu.pa\/wp-content\/uploads\/2022\/08\/F-Requisitos-de-permanencia.jpg","type":"image\/jpeg"}],"twitter_card":"summary_large_image","twitter_site":"@umecitpanama","twitter_misc":{"Est. reading time":"4 minutes"},"schema":{"@context":"https:\/\/schema.org","@graph":[{"@type":"WebPage","@id":"https:\/\/umecit.edu.pa\/admisiones\/requisitos-de-permanencia\/","url":"https:\/\/umecit.edu.pa\/admisiones\/requisitos-de-permanencia\/","name":"Residency Requirements | UMECIT University of Panama","isPartOf":{"@id":"https:\/\/umecit.edu.pa\/#website"},"primaryImageOfPage":{"@id":"https:\/\/umecit.edu.pa\/admisiones\/requisitos-de-permanencia\/#primaryimage"},"image":{"@id":"https:\/\/umecit.edu.pa\/admisiones\/requisitos-de-permanencia\/#primaryimage"},"thumbnailUrl":"https:\/\/umecit.edu.pa\/wp-content\/uploads\/2022\/08\/F-Requisitos-de-permanencia.jpg","datePublished":"2022-03-25T14:28:54+00:00","dateModified":"2022-12-12T16:17:23+00:00","description":"Permanence Requirements will depend solely and exclusively on the student, their motivation, ability and vision to obtain the academic degree","breadcrumb":{"@id":"https:\/\/umecit.edu.pa\/admisiones\/requisitos-de-permanencia\/#breadcrumb"},"inLanguage":"en-US","potentialAction":[{"@type":"ReadAction","target":["https:\/\/umecit.edu.pa\/admisiones\/requisitos-de-permanencia\/"]}]},{"@type":"ImageObject","inLanguage":"en-US","@id":"https:\/\/umecit.edu.pa\/admisiones\/requisitos-de-permanencia\/#primaryimage","url":"https:\/\/umecit.edu.pa\/wp-content\/uploads\/2022\/08\/F-Requisitos-de-permanencia.jpg","contentUrl":"https:\/\/umecit.edu.pa\/wp-content\/uploads\/2022\/08\/F-Requisitos-de-permanencia.jpg","width":500,"height":370,"caption":"Requisitos de Permanencia"},{"@type":"BreadcrumbList","@id":"https:\/\/umecit.edu.pa\/admisiones\/requisitos-de-permanencia\/#breadcrumb","itemListElement":[{"@type":"ListItem","position":1,"name":"Portada","item":"https:\/\/umecit.edu.pa\/"},{"@type":"ListItem","position":2,"name":"Admisiones","item":"https:\/\/umecit.edu.pa\/admisiones\/"},{"@type":"ListItem","position":3,"name":"Requisitos de Permanencia"}]},{"@type":"WebSite","@id":"https:\/\/umecit.edu.pa\/#website","url":"https:\/\/umecit.edu.pa\/","name":"Umecit - University in Panama","description":"Metropolitan University of Education, Science and Technology","publisher":{"@id":"https:\/\/umecit.edu.pa\/#organization"},"potentialAction":[{"@type":"SearchAction","target":{"@type":"EntryPoint","urlTemplate":"https:\/\/umecit.edu.pa\/?s={search_term_string}"},"query-input":{"@type":"PropertyValueSpecification","valueRequired":true,"valueName":"search_term_string"}}],"inLanguage":"en-US"},{"@type":"Organization","@id":"https:\/\/umecit.edu.pa\/#organization","name":"Umecit - University in Panama","url":"https:\/\/umecit.edu.pa\/","logo":{"@type":"ImageObject","inLanguage":"en-US","@id":"https:\/\/umecit.edu.pa\/#\/schema\/logo\/image\/","url":"https:\/\/umecit.edu.pa\/wp-content\/uploads\/2022\/06\/panama-7.jpg","contentUrl":"https:\/\/umecit.edu.pa\/wp-content\/uploads\/2022\/06\/panama-7.jpg","width":1200,"height":800,"caption":"Umecit - Universidad en Panam\u00e1"},"image":{"@id":"https:\/\/umecit.edu.pa\/#\/schema\/logo\/image\/"},"sameAs":["https:\/\/www.facebook.com\/umecitpanama\/","https:\/\/x.com\/umecitpanama","https:\/\/www.tiktok.com\/@umecit","https:\/\/www.instagram.com\/umecit\/","https:\/\/www.youtube.com\/channel\/UCP9iXFXi4p_EW_p9p6lprhg"]}]}},"_links":{"self":[{"href":"https:\/\/umecit.edu.pa\/en\/wp-json\/wp\/v2\/pages\/14363","targetHints":{"allow":["GET"]}}],"collection":[{"href":"https:\/\/umecit.edu.pa\/en\/wp-json\/wp\/v2\/pages"}],"about":[{"href":"https:\/\/umecit.edu.pa\/en\/wp-json\/wp\/v2\/types\/page"}],"author":[{"embeddable":true,"href":"https:\/\/umecit.edu.pa\/en\/wp-json\/wp\/v2\/users\/695"}],"replies":[{"embeddable":true,"href":"https:\/\/umecit.edu.pa\/en\/wp-json\/wp\/v2\/comments?post=14363"}],"version-history":[{"count":0,"href":"https:\/\/umecit.edu.pa\/en\/wp-json\/wp\/v2\/pages\/14363\/revisions"}],"up":[{"embeddable":true,"href":"https:\/\/umecit.edu.pa\/en\/wp-json\/wp\/v2\/pages\/9041"}],"wp:featuredmedia":[{"embeddable":true,"href":"https:\/\/umecit.edu.pa\/en\/wp-json\/wp\/v2\/media\/31597"}],"wp:attachment":[{"href":"https:\/\/umecit.edu.pa\/en\/wp-json\/wp\/v2\/media?parent=14363"}],"curies":[{"name":"wp","href":"https:\/\/api.w.org\/{rel}","templated":true}]}}