{"id":14350,"date":"2022-03-25T09:24:27","date_gmt":"2022-03-25T14:24:27","guid":{"rendered":"https:\/\/nueva.umecit.edu.pa\/?page_id=14350"},"modified":"2022-12-12T10:39:59","modified_gmt":"2022-12-12T15:39:59","slug":"requisitos-de-admision","status":"publish","type":"page","link":"https:\/\/umecit.edu.pa\/en\/admisiones\/requisitos-de-admision\/","title":{"rendered":"Admission Requirements"},"content":{"rendered":"<div data-elementor-type=\"wp-page\" data-elementor-id=\"14350\" class=\"elementor elementor-14350\" data-elementor-post-type=\"page\">\n\t\t\t\t\t\t<section class=\"elementor-section elementor-top-section elementor-element elementor-element-ef76693 elementor-section-boxed elementor-section-height-default elementor-section-height-default row-top\" data-id=\"ef76693\" data-element_type=\"section\" data-e-type=\"section\">\n\t\t\t\t\t\t<div class=\"elementor-container elementor-column-gap-default\">\n\t\t\t\t\t<div class=\"elementor-column elementor-col-100 elementor-top-column elementor-element elementor-element-6dfba7f column-style-top\" data-id=\"6dfba7f\" data-element_type=\"column\" data-e-type=\"column\">\n\t\t\t<div class=\"elementor-widget-wrap elementor-element-populated\">\n\t\t\t\t\t\t<div class=\"elementor-element elementor-element-5fe7b93 elementor-widget elementor-widget-heading\" data-id=\"5fe7b93\" data-element_type=\"widget\" data-e-type=\"widget\" data-widget_type=\"heading.default\">\n\t\t\t\t<div class=\"elementor-widget-container\">\n\t\t\t\t\t<h2 class=\"elementor-heading-title elementor-size-default\">UMECIT Admissions<\/h2>\t\t\t\t<\/div>\n\t\t\t\t<\/div>\n\t\t\t\t<div class=\"elementor-element elementor-element-9c69ce2 elementor-widget elementor-widget-heading\" data-id=\"9c69ce2\" data-element_type=\"widget\" data-e-type=\"widget\" data-widget_type=\"heading.default\">\n\t\t\t\t<div class=\"elementor-widget-container\">\n\t\t\t\t\t<h1 class=\"elementor-heading-title elementor-size-default\">General Minimum Admission Requirements<\/h1>\t\t\t\t<\/div>\n\t\t\t\t<\/div>\n\t\t\t\t<div class=\"elementor-element elementor-element-b2c12fe elementor-widget elementor-widget-htmega-tab-addons\" data-id=\"b2c12fe\" data-element_type=\"widget\" data-e-type=\"widget\" data-widget_type=\"htmega-tab-addons.default\">\n\t\t\t\t<div class=\"elementor-widget-container\">\n\t\t\t\t\t            <div class=\"htmega-tab-area htmega-tab-style-3\">\n\n                <div class=\"htmega-tab-nav htb-nav htmega-tab-menu-style-3\" role=\"tablist\">\n                    <a class=\"htb-nav-link htb-active htb-show elementor-repeater-item-eb7677d\" href=\"#htmegatab-b2c12fe1\" data-toggle=\"htbtab\" role=\"tab\">Undergraduate applicants:<\/a><a class=\"htb-nav-link  elementor-repeater-item-c203637\" href=\"#htmegatab-b2c12fe2\" data-toggle=\"htbtab\" role=\"tab\">Graduate Applicants:<\/a>                <\/div>\n\n                <div class=\"htmega-tab-content-area htb-tab-content\">\n                    <div class=\"htmega-single-tab htb-tab-pane htb-fade htb-active htb-show elementor-repeater-item-eb7677d\" id=\"htmegatab-b2c12fe1\" role=\"tabpanel\"><div class=\"htmega-tab-content\"><p><strong>Undergraduate applicants:<br \/>General Requirements Degrees<\/strong><br \/>*For the registration process you can send the documents via email, however once you are a student you must legalize them physically.<\/p><p>*Keep in mind that depending on the program, additional documents may be requested.<\/p><p>- Original and copy of the High School Diploma approved by MEDUCA or its equivalent (with an apostilled if you are a foreigner)<\/p><p>- Original and a copy of the baccalaureate credits (with an apostillate in case of being a foreigner)<\/p><p>- A photocopy of the identity card or passport in case of being a foreigner.<\/p><p>- Certificate of good health.<\/p><p>- Two passport size photographs.<\/p><p>\u00a0<\/p><\/div><\/div><div class=\"htmega-single-tab htb-tab-pane htb-fade  elementor-repeater-item-c203637\" id=\"htmegatab-b2c12fe2\" role=\"tabpanel\"><div class=\"htmega-tab-content\"><p><span style=\"font-weight: 400\"><strong> Graduate Applicants:<\/strong><br \/><\/span><\/p><p>- Legible and enlarged photocopy to 150% of the identity document,<br \/>Two recent 3X4 photos with a white background marked on the back with names, surnames and program.<\/p><p>- Certificate of Good Health with an effective date of no more than 30 days<\/p><p>- Copy of credits or degree notes or their equivalent (if you are a foreigner, the documents must be apostilled by the Ministry of Foreign Affairs of your respective country).<\/p><p>- CV<\/p><p>- Applicant Letter<\/p><p>- Apostille placed by the entity in charge in the country of origin*<\/p><p>- Passport, student visa and\/or foreign identity card valid for the academic period to be taken* in the case of face-to-face attendance.<\/p><p><strong>Requirements per program:<\/strong><\/p><p><strong>Note:<\/strong> If you have not graduated, present the transcript containing the possible date of degree and a recent report card.<br \/>Keep in mind that the certification does not exempt you from the delivery of a photocopy of the degree certificate and high school diploma. You must prove your bachelor&#039;s degree for registration, without fulfilling this requirement, your admission is not valid, for which you will be applied a loss of quality of admission and therefore the quota obtained in the chosen program.<\/p><p>UMECIT reserves the right of admission to each of its programs.<\/p><\/div><\/div>                <\/div>\n            <\/div>\n            <script>\n                ;(function($){\n                    $(\".htb-nav a\").on(\"click\", function(){\n                        let activeId = $(this).attr(\"href\");\n                        $(this).siblings('.htb-active').removeClass('htb-active htb-show');\n                        $(this).addClass( 'htb-active htb-show' );\n\n                        let navWrapper = $(this).closest('.htmega-tab-nav');\n                        let contentWrapper = navWrapper.next();\n                        contentWrapper.find( ' > .htb-tab-pane' ).removeClass( 'htb-active htb-show' );\n                        contentWrapper.find( ' > .htb-tab-pane' + activeId ).addClass( 'htb-active htb-show' );\n                    });\n                    })(jQuery);\n                <\/script>\n        \t\t\t\t<\/div>\n\t\t\t\t<\/div>\n\t\t\t\t\t<\/div>\n\t\t<\/div>\n\t\t\t\t\t<\/div>\n\t\t<\/section>\n\t\t\t\t<section class=\"elementor-section elementor-top-section elementor-element elementor-element-1ee9819 elementor-section-boxed elementor-section-height-default elementor-section-height-default row-top\" data-id=\"1ee9819\" data-element_type=\"section\" data-e-type=\"section\" data-settings=\"{&quot;background_background&quot;:&quot;classic&quot;}\">\n\t\t\t\t\t\t<div class=\"elementor-container elementor-column-gap-default\">\n\t\t\t\t\t<div class=\"elementor-column elementor-col-100 elementor-top-column elementor-element elementor-element-0ff6fab column-style-top\" data-id=\"0ff6fab\" data-element_type=\"column\" data-e-type=\"column\">\n\t\t\t<div class=\"elementor-widget-wrap elementor-element-populated\">\n\t\t\t\t\t\t<section class=\"elementor-section elementor-inner-section elementor-element elementor-element-e22233e elementor-section-boxed elementor-section-height-default elementor-section-height-default row-top\" data-id=\"e22233e\" data-element_type=\"section\" data-e-type=\"section\">\n\t\t\t\t\t\t<div class=\"elementor-container elementor-column-gap-default\">\n\t\t\t\t\t<div class=\"elementor-column elementor-col-100 elementor-inner-column elementor-element elementor-element-d188c47 column-style-top\" data-id=\"d188c47\" data-element_type=\"column\" data-e-type=\"column\">\n\t\t\t<div class=\"elementor-widget-wrap elementor-element-populated\">\n\t\t\t\t\t\t<div class=\"elementor-element elementor-element-6e8252b elementor-widget elementor-widget-gva-heading-block\" data-id=\"6e8252b\" data-element_type=\"widget\" data-e-type=\"widget\" data-widget_type=\"gva-heading-block.default\">\n\t\t\t\t<div class=\"elementor-widget-container\">\n\t\t\t\t\t<div class=\"gva-element-gva-heading-block gva-element\">   <div class=\"align-left style-1 widget gsc-heading box-align-left auto-responsive\">\r\n      <div class=\"content-inner\">\r\n         \r\n                  \r\n                     <div class=\"sub-title\"><span>UMECIT Admissions<\/span><\/div>\r\n           \r\n         \r\n                     <h2 class=\"title\">\r\n               <span>Our Faculties<\/span>\r\n            <\/h2>\r\n                              <div class=\"title-desc\">Universities accredited by the National Council for University Evaluation and Accreditation of Panama\n<\/div>\r\n         \r\n         \r\n      <\/div>\r\n   <\/div>\r\n<\/div>\t\t\t\t<\/div>\n\t\t\t\t<\/div>\n\t\t\t\t\t<\/div>\n\t\t<\/div>\n\t\t\t\t\t<\/div>\n\t\t<\/section>\n\t\t\t\t<div class=\"elementor-element elementor-element-ef153e9 elementor-widget elementor-widget-gva-course-banner-group\" data-id=\"ef153e9\" data-element_type=\"widget\" data-e-type=\"widget\" data-widget_type=\"gva-course-banner-group.default\">\n\t\t\t\t<div class=\"elementor-widget-container\">\n\t\t\t\t\t<div class=\"gva-element-gva-course-banner-group gva-element\">\r\n<div class=\"gsc-course-banner-group layout-carousel style-1\">\r\n   <div class=\"init-carousel-owl owl-carousel\" data-items=\"4\" data-items_lg=\"4\" data-items_md=\"4\" data-items_sm=\"4\" data-items_xs=\"4\" data-items_xx=\"1\" data-loop=\"1\" data-speed=\"800\" data-auto_play=\"1\" data-auto_play_speed=\"800\" data-auto_play_timeout=\"3000\" data-auto_play_hover=\"1\" data-navigation=\"1\" data-pagination=\"0\" data-mouse_drag=\"1\" data-touch_drag=\"1\" >\r\n      \r\n<div class=\"item banner-group-item\">\r\n   <div class=\"banner-item-content\">\r\n      \r\n               <div class=\"banner-image\">\r\n            <img decoding=\"async\" src=\"https:\/\/umecit.edu.pa\/wp-content\/uploads\/2022\/08\/F-Ciencias-de-la-Salud.jpg\" alt=\"Ciencias de la Salud\" \/>\r\n         <\/div>\r\n      \r\n      <div class=\"banner-content\">\r\n                  <div class=\"clearfix\"><\/div>\r\n                     <h3 class=\"title\">Health Sciences<\/h3>\r\n               <\/div>\r\n\r\n      <a class=\"link-term-overlay\" href=\"\/en\/grado-licenciaturas\/facultad-de-ciencias-de-la-salud\/\"><\/a>               \r\n   <\/div>\r\n<\/div>\r\n<div class=\"item banner-group-item\">\r\n   <div class=\"banner-item-content\">\r\n      \r\n               <div class=\"banner-image\">\r\n            <img decoding=\"async\" src=\"https:\/\/umecit.edu.pa\/wp-content\/uploads\/2022\/08\/F-Ciencias-Economicas-y-Administrativas.jpg\" alt=\"Ciencias Econ\u00f3micas y Administrativas\" \/>\r\n         <\/div>\r\n      \r\n      <div class=\"banner-content\">\r\n                  <div class=\"clearfix\"><\/div>\r\n                     <h3 class=\"title\">Economic and Administrative Sciences<\/h3>\r\n               <\/div>\r\n\r\n      <a class=\"link-term-overlay\" href=\"\/en\/grado-licenciaturas\/facultad-de-ciencias-economicas-y-administrativas\/\"><\/a>               \r\n   <\/div>\r\n<\/div>\r\n<div class=\"item banner-group-item\">\r\n   <div class=\"banner-item-content\">\r\n      \r\n               <div class=\"banner-image\">\r\n            <img decoding=\"async\" src=\"https:\/\/umecit.edu.pa\/wp-content\/uploads\/2022\/08\/F-Derecho-y-Ciencias-Forenses.jpg\" alt=\"Derecho y Ciencias Forenses\" \/>\r\n         <\/div>\r\n      \r\n      <div class=\"banner-content\">\r\n                  <div class=\"clearfix\"><\/div>\r\n                     <h3 class=\"title\">Law and Forensic Sciences<\/h3>\r\n               <\/div>\r\n\r\n      <a class=\"link-term-overlay\" href=\"\/en\/grado-licenciaturas\/facultad-de-derecho-y-ciencias-forenses\/\"><\/a>               \r\n   <\/div>\r\n<\/div>\r\n<div class=\"item banner-group-item\">\r\n   <div class=\"banner-item-content\">\r\n      \r\n               <div class=\"banner-image\">\r\n            <img decoding=\"async\" src=\"https:\/\/umecit.edu.pa\/wp-content\/uploads\/2022\/08\/F-Humanidades-y-Ciencias-de-la-Educacion.jpg\" alt=\"Humanidades y Ciencias de la Educaci\u00f3n\" \/>\r\n         <\/div>\r\n      \r\n      <div class=\"banner-content\">\r\n                  <div class=\"clearfix\"><\/div>\r\n                     <h3 class=\"title\">Humanities and Educational Sciences<\/h3>\r\n               <\/div>\r\n\r\n      <a class=\"link-term-overlay\" href=\"\/en\/grado-licenciaturas\/facultad-de-humanidades-y-ciencias-de-la-educacion\/\"><\/a>               \r\n   <\/div>\r\n<\/div>\r\n<div class=\"item banner-group-item\">\r\n   <div class=\"banner-item-content\">\r\n      \r\n               <div class=\"banner-image\">\r\n            <img decoding=\"async\" src=\"https:\/\/umecit.edu.pa\/wp-content\/uploads\/2022\/08\/F-Tecnologia-construccion-y-medioambiente.jpg\" alt=\"Tecnolog\u00eda, Construcci\u00f3n y Medio Ambiente\" \/>\r\n         <\/div>\r\n      \r\n      <div class=\"banner-content\">\r\n                  <div class=\"clearfix\"><\/div>\r\n                     <h3 class=\"title\">Technology, Construction, and Environment<\/h3>\r\n               <\/div>\r\n\r\n      <a class=\"link-term-overlay\" href=\"\/en\/grado-licenciaturas\/facultad-de-tecnologia-construccion-y-medio-ambiente\/\"><\/a>               \r\n   <\/div>\r\n<\/div>\r\n<div class=\"item banner-group-item\">\r\n   <div class=\"banner-item-content\">\r\n      \r\n               <div class=\"banner-image\">\r\n            <img decoding=\"async\" src=\"https:\/\/umecit.edu.pa\/wp-content\/uploads\/2022\/08\/F-Ciencias-Nauticas.jpg\" alt=\"Ciencias N\u00e1uticas\" \/>\r\n         <\/div>\r\n      \r\n      <div class=\"banner-content\">\r\n                  <div class=\"clearfix\"><\/div>\r\n                     <h3 class=\"title\">Nautical Sciences<\/h3>\r\n               <\/div>\r\n\r\n      <a class=\"link-term-overlay\" href=\"\/en\/grado-licenciaturas\/facultad-de-ciencias-nauticas\/\"><\/a>               \r\n   <\/div>\r\n<\/div>   <\/div>\r\n<\/div>\r\n<\/div>\t\t\t\t<\/div>\n\t\t\t\t<\/div>\n\t\t\t\t\t<\/div>\n\t\t<\/div>\n\t\t\t\t\t<\/div>\n\t\t<\/section>\n\t\t\t\t<\/div>","protected":false},"excerpt":{"rendered":"<p>Admisiones UMECIT Requisitos M\u00ednimos Generales de Admisi\u00f3n Aspirantes Pregrado:Aspirantes Posgrado: Aspirantes Pregrado:Requisitos\u00a0 Generales Licenciaturas*Para el proceso de inscripci\u00f3n podr\u00e1s enviar los documentos v\u00eda correo electr\u00f3nico, sin embargo una vez seas estudiante deber\u00e1s legalizarlos de manera f\u00edsica. *Ten en cuenta que dependiendo del programa se podr\u00e1n pedir documentos adicionales. &#8211; Original y copia del Diploma de [&hellip;]<\/p>\n","protected":false},"author":695,"featured_media":31586,"parent":9041,"menu_order":0,"comment_status":"closed","ping_status":"closed","template":"","meta":{"footnotes":""},"class_list":["post-14350","page","type-page","status-publish","has-post-thumbnail","hentry"],"yoast_head":"<!-- This site is optimized with the Yoast SEO plugin v27.1.1 - https:\/\/yoast.com\/product\/yoast-seo-wordpress\/ -->\n<title>Requisitos de Admisi\u00f3n<\/title>\n<meta name=\"description\" content=\"Requisitos de Admisi\u00f3n en la UMECIT Universidad de Panam\u00e1\" \/>\n<meta name=\"robots\" content=\"index, follow, max-snippet:-1, max-image-preview:large, max-video-preview:-1\" \/>\n<link rel=\"canonical\" href=\"https:\/\/Umecit.edu.pa\/admisiones\/requisitos-de-admision\/\" \/>\n<meta property=\"og:locale\" content=\"en_US\" \/>\n<meta property=\"og:type\" content=\"article\" \/>\n<meta property=\"og:title\" content=\"Requisitos de Admisi\u00f3n\" \/>\n<meta property=\"og:description\" content=\"Requisitos de Admisi\u00f3n en la UMECIT Universidad de Panam\u00e1\" \/>\n<meta property=\"og:url\" content=\"https:\/\/Umecit.edu.pa\/admisiones\/requisitos-de-admision\/\" \/>\n<meta property=\"og:site_name\" content=\"Umecit - Universidad en Panam\u00e1\" \/>\n<meta property=\"article:publisher\" content=\"https:\/\/www.facebook.com\/umecitpanama\/\" \/>\n<meta property=\"article:modified_time\" content=\"2022-12-12T15:39:59+00:00\" \/>\n<meta property=\"og:image\" content=\"https:\/\/Umecit.edu.pa\/wp-content\/uploads\/2022\/08\/F-Requisitos-admision.jpg\" \/>\n\t<meta property=\"og:image:width\" content=\"500\" \/>\n\t<meta property=\"og:image:height\" content=\"370\" \/>\n\t<meta property=\"og:image:type\" content=\"image\/jpeg\" \/>\n<meta name=\"twitter:card\" content=\"summary_large_image\" \/>\n<meta name=\"twitter:site\" content=\"@umecitpanama\" \/>\n<meta name=\"twitter:label1\" content=\"Est. reading time\" \/>\n\t<meta name=\"twitter:data1\" content=\"4 minutes\" \/>\n<script type=\"application\/ld+json\" class=\"yoast-schema-graph\">{\"@context\":\"https:\/\/schema.org\",\"@graph\":[{\"@type\":\"WebPage\",\"@id\":\"https:\/\/Umecit.edu.pa\/admisiones\/requisitos-de-admision\/\",\"url\":\"https:\/\/Umecit.edu.pa\/admisiones\/requisitos-de-admision\/\",\"name\":\"Requisitos de Admisi\u00f3n\",\"isPartOf\":{\"@id\":\"https:\/\/umecit.edu.pa\/#website\"},\"primaryImageOfPage\":{\"@id\":\"https:\/\/Umecit.edu.pa\/admisiones\/requisitos-de-admision\/#primaryimage\"},\"image\":{\"@id\":\"https:\/\/Umecit.edu.pa\/admisiones\/requisitos-de-admision\/#primaryimage\"},\"thumbnailUrl\":\"https:\/\/umecit.edu.pa\/wp-content\/uploads\/2022\/08\/F-Requisitos-admision.jpg\",\"datePublished\":\"2022-03-25T14:24:27+00:00\",\"dateModified\":\"2022-12-12T15:39:59+00:00\",\"description\":\"Requisitos de Admisi\u00f3n en la UMECIT Universidad de Panam\u00e1\",\"breadcrumb\":{\"@id\":\"https:\/\/Umecit.edu.pa\/admisiones\/requisitos-de-admision\/#breadcrumb\"},\"inLanguage\":\"en-US\",\"potentialAction\":[{\"@type\":\"ReadAction\",\"target\":[\"https:\/\/Umecit.edu.pa\/admisiones\/requisitos-de-admision\/\"]}]},{\"@type\":\"ImageObject\",\"inLanguage\":\"en-US\",\"@id\":\"https:\/\/Umecit.edu.pa\/admisiones\/requisitos-de-admision\/#primaryimage\",\"url\":\"https:\/\/umecit.edu.pa\/wp-content\/uploads\/2022\/08\/F-Requisitos-admision.jpg\",\"contentUrl\":\"https:\/\/umecit.edu.pa\/wp-content\/uploads\/2022\/08\/F-Requisitos-admision.jpg\",\"width\":500,\"height\":370,\"caption\":\"Requisitos de Admisi\u00f3n\"},{\"@type\":\"BreadcrumbList\",\"@id\":\"https:\/\/Umecit.edu.pa\/admisiones\/requisitos-de-admision\/#breadcrumb\",\"itemListElement\":[{\"@type\":\"ListItem\",\"position\":1,\"name\":\"Portada\",\"item\":\"https:\/\/umecit.edu.pa\/\"},{\"@type\":\"ListItem\",\"position\":2,\"name\":\"Admisiones\",\"item\":\"https:\/\/umecit.edu.pa\/admisiones\/\"},{\"@type\":\"ListItem\",\"position\":3,\"name\":\"Requisitos de Admisi\u00f3n\"}]},{\"@type\":\"WebSite\",\"@id\":\"https:\/\/umecit.edu.pa\/#website\",\"url\":\"https:\/\/umecit.edu.pa\/\",\"name\":\"Umecit - Universidad en Panam\u00e1\",\"description\":\"Universidad Metropolitana de Educaci\u00f3n, Ciencia y Tecnolog\u00eda\",\"publisher\":{\"@id\":\"https:\/\/umecit.edu.pa\/#organization\"},\"potentialAction\":[{\"@type\":\"SearchAction\",\"target\":{\"@type\":\"EntryPoint\",\"urlTemplate\":\"https:\/\/umecit.edu.pa\/?s={search_term_string}\"},\"query-input\":{\"@type\":\"PropertyValueSpecification\",\"valueRequired\":true,\"valueName\":\"search_term_string\"}}],\"inLanguage\":\"en-US\"},{\"@type\":\"Organization\",\"@id\":\"https:\/\/umecit.edu.pa\/#organization\",\"name\":\"Umecit - Universidad en Panam\u00e1\",\"url\":\"https:\/\/umecit.edu.pa\/\",\"logo\":{\"@type\":\"ImageObject\",\"inLanguage\":\"en-US\",\"@id\":\"https:\/\/umecit.edu.pa\/#\/schema\/logo\/image\/\",\"url\":\"https:\/\/umecit.edu.pa\/wp-content\/uploads\/2022\/06\/panama-7.jpg\",\"contentUrl\":\"https:\/\/umecit.edu.pa\/wp-content\/uploads\/2022\/06\/panama-7.jpg\",\"width\":1200,\"height\":800,\"caption\":\"Umecit - Universidad en Panam\u00e1\"},\"image\":{\"@id\":\"https:\/\/umecit.edu.pa\/#\/schema\/logo\/image\/\"},\"sameAs\":[\"https:\/\/www.facebook.com\/umecitpanama\/\",\"https:\/\/x.com\/umecitpanama\",\"https:\/\/www.tiktok.com\/@umecit\",\"https:\/\/www.instagram.com\/umecit\/\",\"https:\/\/www.youtube.com\/channel\/UCP9iXFXi4p_EW_p9p6lprhg\"]}]}<\/script>\n<!-- \/ Yoast SEO plugin. -->","yoast_head_json":{"title":"Admission Requirements","description":"Admission Requirements at UMECIT, University of Panama","robots":{"index":"index","follow":"follow","max-snippet":"max-snippet:-1","max-image-preview":"max-image-preview:large","max-video-preview":"max-video-preview:-1"},"canonical":"https:\/\/Umecit.edu.pa\/admisiones\/requisitos-de-admision\/","og_locale":"en_US","og_type":"article","og_title":"Requisitos de Admisi\u00f3n","og_description":"Requisitos de Admisi\u00f3n en la UMECIT Universidad de Panam\u00e1","og_url":"https:\/\/Umecit.edu.pa\/admisiones\/requisitos-de-admision\/","og_site_name":"Umecit - Universidad en Panam\u00e1","article_publisher":"https:\/\/www.facebook.com\/umecitpanama\/","article_modified_time":"2022-12-12T15:39:59+00:00","og_image":[{"width":500,"height":370,"url":"https:\/\/Umecit.edu.pa\/wp-content\/uploads\/2022\/08\/F-Requisitos-admision.jpg","type":"image\/jpeg"}],"twitter_card":"summary_large_image","twitter_site":"@umecitpanama","twitter_misc":{"Est. reading time":"4 minutes"},"schema":{"@context":"https:\/\/schema.org","@graph":[{"@type":"WebPage","@id":"https:\/\/Umecit.edu.pa\/admisiones\/requisitos-de-admision\/","url":"https:\/\/Umecit.edu.pa\/admisiones\/requisitos-de-admision\/","name":"Admission Requirements","isPartOf":{"@id":"https:\/\/umecit.edu.pa\/#website"},"primaryImageOfPage":{"@id":"https:\/\/Umecit.edu.pa\/admisiones\/requisitos-de-admision\/#primaryimage"},"image":{"@id":"https:\/\/Umecit.edu.pa\/admisiones\/requisitos-de-admision\/#primaryimage"},"thumbnailUrl":"https:\/\/umecit.edu.pa\/wp-content\/uploads\/2022\/08\/F-Requisitos-admision.jpg","datePublished":"2022-03-25T14:24:27+00:00","dateModified":"2022-12-12T15:39:59+00:00","description":"Admission Requirements at UMECIT, University of Panama","breadcrumb":{"@id":"https:\/\/Umecit.edu.pa\/admisiones\/requisitos-de-admision\/#breadcrumb"},"inLanguage":"en-US","potentialAction":[{"@type":"ReadAction","target":["https:\/\/Umecit.edu.pa\/admisiones\/requisitos-de-admision\/"]}]},{"@type":"ImageObject","inLanguage":"en-US","@id":"https:\/\/Umecit.edu.pa\/admisiones\/requisitos-de-admision\/#primaryimage","url":"https:\/\/umecit.edu.pa\/wp-content\/uploads\/2022\/08\/F-Requisitos-admision.jpg","contentUrl":"https:\/\/umecit.edu.pa\/wp-content\/uploads\/2022\/08\/F-Requisitos-admision.jpg","width":500,"height":370,"caption":"Requisitos de Admisi\u00f3n"},{"@type":"BreadcrumbList","@id":"https:\/\/Umecit.edu.pa\/admisiones\/requisitos-de-admision\/#breadcrumb","itemListElement":[{"@type":"ListItem","position":1,"name":"Portada","item":"https:\/\/umecit.edu.pa\/"},{"@type":"ListItem","position":2,"name":"Admisiones","item":"https:\/\/umecit.edu.pa\/admisiones\/"},{"@type":"ListItem","position":3,"name":"Requisitos de Admisi\u00f3n"}]},{"@type":"WebSite","@id":"https:\/\/umecit.edu.pa\/#website","url":"https:\/\/umecit.edu.pa\/","name":"Umecit - University in Panama","description":"Metropolitan University of Education, Science and Technology","publisher":{"@id":"https:\/\/umecit.edu.pa\/#organization"},"potentialAction":[{"@type":"SearchAction","target":{"@type":"EntryPoint","urlTemplate":"https:\/\/umecit.edu.pa\/?s={search_term_string}"},"query-input":{"@type":"PropertyValueSpecification","valueRequired":true,"valueName":"search_term_string"}}],"inLanguage":"en-US"},{"@type":"Organization","@id":"https:\/\/umecit.edu.pa\/#organization","name":"Umecit - University in Panama","url":"https:\/\/umecit.edu.pa\/","logo":{"@type":"ImageObject","inLanguage":"en-US","@id":"https:\/\/umecit.edu.pa\/#\/schema\/logo\/image\/","url":"https:\/\/umecit.edu.pa\/wp-content\/uploads\/2022\/06\/panama-7.jpg","contentUrl":"https:\/\/umecit.edu.pa\/wp-content\/uploads\/2022\/06\/panama-7.jpg","width":1200,"height":800,"caption":"Umecit - Universidad en Panam\u00e1"},"image":{"@id":"https:\/\/umecit.edu.pa\/#\/schema\/logo\/image\/"},"sameAs":["https:\/\/www.facebook.com\/umecitpanama\/","https:\/\/x.com\/umecitpanama","https:\/\/www.tiktok.com\/@umecit","https:\/\/www.instagram.com\/umecit\/","https:\/\/www.youtube.com\/channel\/UCP9iXFXi4p_EW_p9p6lprhg"]}]}},"_links":{"self":[{"href":"https:\/\/umecit.edu.pa\/en\/wp-json\/wp\/v2\/pages\/14350","targetHints":{"allow":["GET"]}}],"collection":[{"href":"https:\/\/umecit.edu.pa\/en\/wp-json\/wp\/v2\/pages"}],"about":[{"href":"https:\/\/umecit.edu.pa\/en\/wp-json\/wp\/v2\/types\/page"}],"author":[{"embeddable":true,"href":"https:\/\/umecit.edu.pa\/en\/wp-json\/wp\/v2\/users\/695"}],"replies":[{"embeddable":true,"href":"https:\/\/umecit.edu.pa\/en\/wp-json\/wp\/v2\/comments?post=14350"}],"version-history":[{"count":0,"href":"https:\/\/umecit.edu.pa\/en\/wp-json\/wp\/v2\/pages\/14350\/revisions"}],"up":[{"embeddable":true,"href":"https:\/\/umecit.edu.pa\/en\/wp-json\/wp\/v2\/pages\/9041"}],"wp:featuredmedia":[{"embeddable":true,"href":"https:\/\/umecit.edu.pa\/en\/wp-json\/wp\/v2\/media\/31586"}],"wp:attachment":[{"href":"https:\/\/umecit.edu.pa\/en\/wp-json\/wp\/v2\/media?parent=14350"}],"curies":[{"name":"wp","href":"https:\/\/api.w.org\/{rel}","templated":true}]}}