{"id":14306,"date":"2022-03-25T08:20:50","date_gmt":"2022-03-25T13:20:50","guid":{"rendered":"https:\/\/nueva.umecit.edu.pa\/?page_id=14306"},"modified":"2025-10-05T11:33:04","modified_gmt":"2025-10-05T16:33:04","slug":"tecnologia-construccion-y-medio-ambiente","status":"publish","type":"page","link":"https:\/\/umecit.edu.pa\/en\/maestrias-postgrados\/tecnologia-construccion-y-medio-ambiente\/","title":{"rendered":"Technology, Construction, and Environment"},"content":{"rendered":"<div data-elementor-type=\"wp-page\" data-elementor-id=\"14306\" class=\"elementor elementor-14306\" data-elementor-post-type=\"page\">\n\t\t\t\t\t\t<section class=\"elementor-section elementor-top-section elementor-element elementor-element-2e0181a elementor-section-boxed elementor-section-height-default elementor-section-height-default row-top\" data-id=\"2e0181a\" data-element_type=\"section\" data-e-type=\"section\">\n\t\t\t\t\t\t<div class=\"elementor-container elementor-column-gap-default\">\n\t\t\t\t\t<div class=\"elementor-column elementor-col-100 elementor-top-column elementor-element elementor-element-4406029 column-style-top\" data-id=\"4406029\" data-element_type=\"column\" data-e-type=\"column\">\n\t\t\t<div class=\"elementor-widget-wrap elementor-element-populated\">\n\t\t\t\t\t\t<section class=\"elementor-section elementor-inner-section elementor-element elementor-element-a0e9220 elementor-section-boxed elementor-section-height-default elementor-section-height-default row-top\" data-id=\"a0e9220\" data-element_type=\"section\" data-e-type=\"section\">\n\t\t\t\t\t\t<div class=\"elementor-container elementor-column-gap-default\">\n\t\t\t\t\t<div class=\"elementor-column elementor-col-50 elementor-inner-column elementor-element elementor-element-0d76629 column-style-top\" data-id=\"0d76629\" data-element_type=\"column\" data-e-type=\"column\">\n\t\t\t<div class=\"elementor-widget-wrap elementor-element-populated\">\n\t\t\t\t\t\t<div class=\"elementor-element elementor-element-707457b elementor-widget elementor-widget-image\" data-id=\"707457b\" data-element_type=\"widget\" data-e-type=\"widget\" data-widget_type=\"image.default\">\n\t\t\t\t<div class=\"elementor-widget-container\">\n\t\t\t\t\t\t\t\t\t\t\t\t\t\t\t<img decoding=\"async\" width=\"393\" height=\"68\" src=\"https:\/\/umecit.edu.pa\/wp-content\/uploads\/2022\/08\/L-Umecit-facultad-tecnologia-construccion-y-medioambiente.png\" class=\"attachment-large size-large wp-image-30336\" alt=\"\" \/>\t\t\t\t\t\t\t\t\t\t\t\t\t\t\t<\/div>\n\t\t\t\t<\/div>\n\t\t\t\t\t<\/div>\n\t\t<\/div>\n\t\t\t\t<div class=\"elementor-column elementor-col-50 elementor-inner-column elementor-element elementor-element-fad3159 column-style-top\" data-id=\"fad3159\" data-element_type=\"column\" data-e-type=\"column\">\n\t\t\t<div class=\"elementor-widget-wrap elementor-element-populated\">\n\t\t\t\t\t\t<div class=\"elementor-element elementor-element-f95dcaa elementor-widget elementor-widget-heading\" data-id=\"f95dcaa\" data-element_type=\"widget\" data-e-type=\"widget\" data-widget_type=\"heading.default\">\n\t\t\t\t<div class=\"elementor-widget-container\">\n\t\t\t\t\t<h1 class=\"elementor-heading-title elementor-size-default\"><span style=\"color: #06326b;font-weight: normal;font-size: 32px\">Postgraduate Master's Degree<\/span><\/br>Faculty of<\/br>Technology, Construction, and Environment<\/h1>\t\t\t\t<\/div>\n\t\t\t\t<\/div>\n\t\t\t\t<div class=\"elementor-element elementor-element-ab50940 elementor-widget elementor-widget-text-editor\" data-id=\"ab50940\" data-element_type=\"widget\" data-e-type=\"widget\" data-widget_type=\"text-editor.default\">\n\t\t\t\t<div class=\"elementor-widget-container\">\n\t\t\t\t\t\t\t\t\t<p>We have approved careers, which seek to enhance the intellect and experience of students so that they can exercise senior management in the world of work.<\/p>\t\t\t\t\t\t\t\t<\/div>\n\t\t\t\t<\/div>\n\t\t\t\t\t<\/div>\n\t\t<\/div>\n\t\t\t\t\t<\/div>\n\t\t<\/section>\n\t\t\t\t<div class=\"elementor-element elementor-element-3005211 elementor-widget elementor-widget-gva-course-banner-group\" data-id=\"3005211\" data-element_type=\"widget\" data-e-type=\"widget\" data-widget_type=\"gva-course-banner-group.default\">\n\t\t\t\t<div class=\"elementor-widget-container\">\n\t\t\t\t\t<div class=\"gva-element-gva-course-banner-group gva-element\">\r\n<div class=\"gsc-course-banner-group layout-grid style-3\">\r\n   <div class=\"lg-block-grid-3 md-block-grid-3 sm-block-grid-1 xs-block-grid-1 xx-block-grid-1\">\r\n      \r\n<div class=\"item course-banner-item\">\r\n   <div class=\"course-banner-item-content\">\r\n\r\n               <div class=\"banner-image\">\r\n            <img decoding=\"async\" src=\"https:\/\/umecit.edu.pa\/wp-content\/uploads\/2022\/09\/Maestri\u0301a-en-Innovaciones-Tecnolo\u0301gicas-y-Pedago\u0301gicas-en-Contextos-Digitales-Emergentes.jpg\" alt=\"Maestr\u00eda en Innovaciones Tecnol\u00f3gicas y Pedag\u00f3gicas en Contextos Digitales Emergentes \" \/>\r\n         <\/div>\r\n      \r\n      <div class=\"banner-content\">\r\n                     <h3 class=\"title\">Master's Degree in Technological and Pedagogical Innovations in Emerging Digital Contexts <\/h3>\r\n               <\/div>\r\n\r\n      <div class=\"banner-hover\">\r\n                     <h5 class=\"subtitle\">View more<\/h5>\r\n                        <\/div>\r\n\r\n               <a class=\"link-term-overlay\" href=\"https:\/\/umecit.edu.pa\/en\/maestrias-postgrados\/tecnologia-construccion-y-medio-ambiente\/maestria-en-innovaciones-tecnologicas-y-pedagogicas-en-contextos-digitales-emergentes\/\" ><\/a>\r\n                     \r\n   <\/div>\r\n<\/div>\r\n<div class=\"item course-banner-item\">\r\n   <div class=\"course-banner-item-content\">\r\n\r\n               <div class=\"banner-image\">\r\n            <img decoding=\"async\" src=\"https:\/\/umecit.edu.pa\/wp-content\/uploads\/2022\/03\/Maestri\u0301a-en-Sistemas-Computacionales-con-E\u0301nfasis-en-Redes-y-Comunicaciones.jpg\" alt=\"Maestr\u00eda en Sistemas Computacionales con \u00c9nfasis en Redes y Comunicaciones\" \/>\r\n         <\/div>\r\n      \r\n      <div class=\"banner-content\">\r\n                     <h3 class=\"title\">Master\u2019s Degree in Computer Systems with Emphasis in Networking and Communications<\/h3>\r\n               <\/div>\r\n\r\n      <div class=\"banner-hover\">\r\n                     <h5 class=\"subtitle\">View more<\/h5>\r\n                        <\/div>\r\n\r\n               <a class=\"link-term-overlay\" href=\"https:\/\/umecit.edu.pa\/en\/maestrias-postgrados\/tecnologia-construccion-y-medio-ambiente\/maestria-en-sistemas-computacionales-con-enfasis-en-redes-y-comunicaciones\/\" ><\/a>\r\n                     \r\n   <\/div>\r\n<\/div>\r\n<div class=\"item course-banner-item\">\r\n   <div class=\"course-banner-item-content\">\r\n\r\n               <div class=\"banner-image\">\r\n            <img decoding=\"async\" src=\"https:\/\/umecit.edu.pa\/wp-content\/uploads\/2022\/03\/Maestri\u0301a-en-Direccio\u0301n-de-Sistemas-de-Informacio\u0301n.jpg\" alt=\"Especializaci\u00f3n en Direcci\u00f3n de Sistemas de Informaci\u00f3n &lt;br&gt; &lt;br&gt; Maestr\u00eda en Direcci\u00f3n de Sistemas de Informaci\u00f3n\" \/>\r\n         <\/div>\r\n      \r\n      <div class=\"banner-content\">\r\n                     <h3 class=\"title\">Specialization in Information Systems Management <br> <br> Master&#039;s Degree in Information Systems Management<\/h3>\r\n               <\/div>\r\n\r\n      <div class=\"banner-hover\">\r\n                     <h5 class=\"subtitle\">View more<\/h5>\r\n                        <\/div>\r\n\r\n               <a class=\"link-term-overlay\" href=\"https:\/\/umecit.edu.pa\/en\/maestrias-postgradostecnologia-construccion-y-medio-ambiente\/maestria-en-direccion-de-sistemas-de-informacion\/\" ><\/a>\r\n                     \r\n   <\/div>\r\n<\/div>\r\n<div class=\"item course-banner-item\">\r\n   <div class=\"course-banner-item-content\">\r\n\r\n               <div class=\"banner-image\">\r\n            <img decoding=\"async\" src=\"https:\/\/umecit.edu.pa\/wp-content\/uploads\/2022\/04\/Maestri\u0301a-en-Ciberseguridad.jpg\" alt=\"Especializaci\u00f3n en Seguridad Inform\u00e1tica &lt;\/br&gt;&lt;\/br&gt;Maestr\u00eda en Ciberseguridad\" \/>\r\n         <\/div>\r\n      \r\n      <div class=\"banner-content\">\r\n                     <h3 class=\"title\">Specialization in Computer Security <\/br><\/br>Master\u2019s Degree in Cybersecurity<\/h3>\r\n               <\/div>\r\n\r\n      <div class=\"banner-hover\">\r\n                     <h5 class=\"subtitle\">View more<\/h5>\r\n                        <\/div>\r\n\r\n               <a class=\"link-term-overlay\" href=\"https:\/\/umecit.edu.pa\/en\/maestrias-postgrados\/tecnologia-construccion-y-medio-ambiente\/maestria-en-ciberseguridad\/\" ><\/a>\r\n                     \r\n   <\/div>\r\n<\/div>\r\n<div class=\"item course-banner-item\">\r\n   <div class=\"course-banner-item-content\">\r\n\r\n               <div class=\"banner-image\">\r\n            <img decoding=\"async\" src=\"https:\/\/umecit.edu.pa\/wp-content\/uploads\/2025\/10\/Mastria-en-Gestion-del-Medio-Ambiente.jpg\" alt=\"Maestr\u00eda en Gesti\u00f3n del Medio Ambiente\" \/>\r\n         <\/div>\r\n      \r\n      <div class=\"banner-content\">\r\n                     <h3 class=\"title\">Master's Degree in Environmental Management<\/h3>\r\n               <\/div>\r\n\r\n      <div class=\"banner-hover\">\r\n                     <h5 class=\"subtitle\">View more<\/h5>\r\n                        <\/div>\r\n\r\n               <a class=\"link-term-overlay\" href=\"https:\/\/umecit.edu.pa\/en\/maestrias-postgrados\/tecnologia-construccion-y-medio-ambiente\/maestria-en-gestion-del-medio-ambiente\/\" ><\/a>\r\n                     \r\n   <\/div>\r\n<\/div>   <\/div>   \r\n<\/div>\r\n<\/div>\t\t\t\t<\/div>\n\t\t\t\t<\/div>\n\t\t\t\t\t<\/div>\n\t\t<\/div>\n\t\t\t\t\t<\/div>\n\t\t<\/section>\n\t\t\t\t<\/div>","protected":false},"excerpt":{"rendered":"<p>Maestr\u00edas PostgradosFacultad deTecnolog\u00eda, Construcci\u00f3n y Medio Ambiente Contamos con carreras aprobadas, que buscan potenciar el intelecto y experiencia de los estudiantes para que puedan ejercer altos mandos en el mundo laboral. Maestr\u00eda en Innovaciones Tecnol\u00f3gicas y Pedag\u00f3gicas en Contextos Digitales Emergentes Ver m\u00e1s Maestr\u00eda en Sistemas Computacionales con \u00c9nfasis en Redes y Comunicaciones Ver m\u00e1s [&hellip;]<\/p>\n","protected":false},"author":695,"featured_media":31551,"parent":8647,"menu_order":0,"comment_status":"closed","ping_status":"closed","template":"","meta":{"footnotes":""},"class_list":["post-14306","page","type-page","status-publish","has-post-thumbnail","hentry"],"yoast_head":"<!-- This site is optimized with the Yoast SEO plugin v27.1.1 - https:\/\/yoast.com\/product\/yoast-seo-wordpress\/ -->\n<title>Tecnolog\u00eda Construcci\u00f3n y Medio Ambiente | UMECIT Universidad<\/title>\n<meta name=\"description\" content=\"Tecnolog\u00eda Construcci\u00f3n y Medio Ambiente, carreras aprobadas que buscan potenciar el intelecto y experiencia para ejercer altos mandos en el mundo laboral\" \/>\n<meta name=\"robots\" content=\"index, follow, max-snippet:-1, max-image-preview:large, max-video-preview:-1\" \/>\n<link rel=\"canonical\" href=\"https:\/\/umecit.edu.pa\/en\/maestrias-postgrados\/tecnologia-construccion-y-medio-ambiente\/\" \/>\n<meta property=\"og:locale\" content=\"en_US\" \/>\n<meta property=\"og:type\" content=\"article\" \/>\n<meta property=\"og:title\" content=\"Tecnolog\u00eda Construcci\u00f3n y Medio Ambiente | UMECIT Universidad\" \/>\n<meta property=\"og:description\" content=\"Tecnolog\u00eda Construcci\u00f3n y Medio Ambiente, carreras aprobadas que buscan potenciar el intelecto y experiencia para ejercer altos mandos en el mundo laboral\" \/>\n<meta property=\"og:url\" content=\"https:\/\/umecit.edu.pa\/en\/maestrias-postgrados\/tecnologia-construccion-y-medio-ambiente\/\" \/>\n<meta property=\"og:site_name\" content=\"Umecit - Universidad en Panam\u00e1\" \/>\n<meta property=\"article:publisher\" content=\"https:\/\/www.facebook.com\/umecitpanama\/\" \/>\n<meta property=\"article:modified_time\" content=\"2025-10-05T16:33:04+00:00\" \/>\n<meta property=\"og:image\" content=\"https:\/\/umecit.edu.pa\/wp-content\/uploads\/2022\/08\/F-Tecnologi\u0301a-Construccio\u0301n-y-Medio-Ambiente-1.jpg\" \/>\n\t<meta property=\"og:image:width\" content=\"500\" \/>\n\t<meta property=\"og:image:height\" content=\"370\" \/>\n\t<meta property=\"og:image:type\" content=\"image\/jpeg\" \/>\n<meta name=\"twitter:card\" content=\"summary_large_image\" \/>\n<meta name=\"twitter:site\" content=\"@umecitpanama\" \/>\n<meta name=\"twitter:label1\" content=\"Est. reading time\" \/>\n\t<meta name=\"twitter:data1\" content=\"2 minutes\" \/>\n<script type=\"application\/ld+json\" class=\"yoast-schema-graph\">{\"@context\":\"https:\/\/schema.org\",\"@graph\":[{\"@type\":\"WebPage\",\"@id\":\"https:\/\/umecit.edu.pa\/maestrias-postgrados\/tecnologia-construccion-y-medio-ambiente\/\",\"url\":\"https:\/\/umecit.edu.pa\/maestrias-postgrados\/tecnologia-construccion-y-medio-ambiente\/\",\"name\":\"Tecnolog\u00eda Construcci\u00f3n y Medio Ambiente | UMECIT Universidad\",\"isPartOf\":{\"@id\":\"https:\/\/umecit.edu.pa\/#website\"},\"primaryImageOfPage\":{\"@id\":\"https:\/\/umecit.edu.pa\/maestrias-postgrados\/tecnologia-construccion-y-medio-ambiente\/#primaryimage\"},\"image\":{\"@id\":\"https:\/\/umecit.edu.pa\/maestrias-postgrados\/tecnologia-construccion-y-medio-ambiente\/#primaryimage\"},\"thumbnailUrl\":\"https:\/\/umecit.edu.pa\/wp-content\/uploads\/2022\/08\/F-Tecnologi\u0301a-Construccio\u0301n-y-Medio-Ambiente-1.jpg\",\"datePublished\":\"2022-03-25T13:20:50+00:00\",\"dateModified\":\"2025-10-05T16:33:04+00:00\",\"description\":\"Tecnolog\u00eda Construcci\u00f3n y Medio Ambiente, carreras aprobadas que buscan potenciar el intelecto y experiencia para ejercer altos mandos en el mundo laboral\",\"breadcrumb\":{\"@id\":\"https:\/\/umecit.edu.pa\/maestrias-postgrados\/tecnologia-construccion-y-medio-ambiente\/#breadcrumb\"},\"inLanguage\":\"en-US\",\"potentialAction\":[{\"@type\":\"ReadAction\",\"target\":[\"https:\/\/umecit.edu.pa\/maestrias-postgrados\/tecnologia-construccion-y-medio-ambiente\/\"]}]},{\"@type\":\"ImageObject\",\"inLanguage\":\"en-US\",\"@id\":\"https:\/\/umecit.edu.pa\/maestrias-postgrados\/tecnologia-construccion-y-medio-ambiente\/#primaryimage\",\"url\":\"https:\/\/umecit.edu.pa\/wp-content\/uploads\/2022\/08\/F-Tecnologi\u0301a-Construccio\u0301n-y-Medio-Ambiente-1.jpg\",\"contentUrl\":\"https:\/\/umecit.edu.pa\/wp-content\/uploads\/2022\/08\/F-Tecnologi\u0301a-Construccio\u0301n-y-Medio-Ambiente-1.jpg\",\"width\":500,\"height\":370,\"caption\":\"Tecnolog\u00eda Construcci\u00f3n y Medio Ambiente\"},{\"@type\":\"BreadcrumbList\",\"@id\":\"https:\/\/umecit.edu.pa\/maestrias-postgrados\/tecnologia-construccion-y-medio-ambiente\/#breadcrumb\",\"itemListElement\":[{\"@type\":\"ListItem\",\"position\":1,\"name\":\"Portada\",\"item\":\"https:\/\/umecit.edu.pa\/\"},{\"@type\":\"ListItem\",\"position\":2,\"name\":\"Postgrados\",\"item\":\"https:\/\/umecit.edu.pa\/maestrias-postgrados\/\"},{\"@type\":\"ListItem\",\"position\":3,\"name\":\"Tecnolog\u00eda, Construcci\u00f3n y Medio Ambiente\"}]},{\"@type\":\"WebSite\",\"@id\":\"https:\/\/umecit.edu.pa\/#website\",\"url\":\"https:\/\/umecit.edu.pa\/\",\"name\":\"Umecit - Universidad en Panam\u00e1\",\"description\":\"Universidad Metropolitana de Educaci\u00f3n, Ciencia y Tecnolog\u00eda\",\"publisher\":{\"@id\":\"https:\/\/umecit.edu.pa\/#organization\"},\"potentialAction\":[{\"@type\":\"SearchAction\",\"target\":{\"@type\":\"EntryPoint\",\"urlTemplate\":\"https:\/\/umecit.edu.pa\/?s={search_term_string}\"},\"query-input\":{\"@type\":\"PropertyValueSpecification\",\"valueRequired\":true,\"valueName\":\"search_term_string\"}}],\"inLanguage\":\"en-US\"},{\"@type\":\"Organization\",\"@id\":\"https:\/\/umecit.edu.pa\/#organization\",\"name\":\"Umecit - Universidad en Panam\u00e1\",\"url\":\"https:\/\/umecit.edu.pa\/\",\"logo\":{\"@type\":\"ImageObject\",\"inLanguage\":\"en-US\",\"@id\":\"https:\/\/umecit.edu.pa\/#\/schema\/logo\/image\/\",\"url\":\"https:\/\/umecit.edu.pa\/wp-content\/uploads\/2022\/06\/panama-7.jpg\",\"contentUrl\":\"https:\/\/umecit.edu.pa\/wp-content\/uploads\/2022\/06\/panama-7.jpg\",\"width\":1200,\"height\":800,\"caption\":\"Umecit - Universidad en Panam\u00e1\"},\"image\":{\"@id\":\"https:\/\/umecit.edu.pa\/#\/schema\/logo\/image\/\"},\"sameAs\":[\"https:\/\/www.facebook.com\/umecitpanama\/\",\"https:\/\/x.com\/umecitpanama\",\"https:\/\/www.tiktok.com\/@umecit\",\"https:\/\/www.instagram.com\/umecit\/\",\"https:\/\/www.youtube.com\/channel\/UCP9iXFXi4p_EW_p9p6lprhg\"]}]}<\/script>\n<!-- \/ Yoast SEO plugin. -->","yoast_head_json":{"title":"Technology, Construction and Environment | UMECIT University","description":"Technology, Construction and Environment, approved careers that seek to enhance intellect and experience to hold high-level positions in the working world","robots":{"index":"index","follow":"follow","max-snippet":"max-snippet:-1","max-image-preview":"max-image-preview:large","max-video-preview":"max-video-preview:-1"},"canonical":"https:\/\/umecit.edu.pa\/en\/maestrias-postgrados\/tecnologia-construccion-y-medio-ambiente\/","og_locale":"en_US","og_type":"article","og_title":"Tecnolog\u00eda Construcci\u00f3n y Medio Ambiente | UMECIT Universidad","og_description":"Tecnolog\u00eda Construcci\u00f3n y Medio Ambiente, carreras aprobadas que buscan potenciar el intelecto y experiencia para ejercer altos mandos en el mundo laboral","og_url":"https:\/\/umecit.edu.pa\/en\/maestrias-postgrados\/tecnologia-construccion-y-medio-ambiente\/","og_site_name":"Umecit - Universidad en Panam\u00e1","article_publisher":"https:\/\/www.facebook.com\/umecitpanama\/","article_modified_time":"2025-10-05T16:33:04+00:00","og_image":[{"width":500,"height":370,"url":"https:\/\/umecit.edu.pa\/wp-content\/uploads\/2022\/08\/F-Tecnologi\u0301a-Construccio\u0301n-y-Medio-Ambiente-1.jpg","type":"image\/jpeg"}],"twitter_card":"summary_large_image","twitter_site":"@umecitpanama","twitter_misc":{"Est. reading time":"2 minutes"},"schema":{"@context":"https:\/\/schema.org","@graph":[{"@type":"WebPage","@id":"https:\/\/umecit.edu.pa\/maestrias-postgrados\/tecnologia-construccion-y-medio-ambiente\/","url":"https:\/\/umecit.edu.pa\/maestrias-postgrados\/tecnologia-construccion-y-medio-ambiente\/","name":"Technology, Construction and Environment | UMECIT University","isPartOf":{"@id":"https:\/\/umecit.edu.pa\/#website"},"primaryImageOfPage":{"@id":"https:\/\/umecit.edu.pa\/maestrias-postgrados\/tecnologia-construccion-y-medio-ambiente\/#primaryimage"},"image":{"@id":"https:\/\/umecit.edu.pa\/maestrias-postgrados\/tecnologia-construccion-y-medio-ambiente\/#primaryimage"},"thumbnailUrl":"https:\/\/umecit.edu.pa\/wp-content\/uploads\/2022\/08\/F-Tecnologi\u0301a-Construccio\u0301n-y-Medio-Ambiente-1.jpg","datePublished":"2022-03-25T13:20:50+00:00","dateModified":"2025-10-05T16:33:04+00:00","description":"Technology, Construction and Environment, approved careers that seek to enhance intellect and experience to hold high-level positions in the working world","breadcrumb":{"@id":"https:\/\/umecit.edu.pa\/maestrias-postgrados\/tecnologia-construccion-y-medio-ambiente\/#breadcrumb"},"inLanguage":"en-US","potentialAction":[{"@type":"ReadAction","target":["https:\/\/umecit.edu.pa\/maestrias-postgrados\/tecnologia-construccion-y-medio-ambiente\/"]}]},{"@type":"ImageObject","inLanguage":"en-US","@id":"https:\/\/umecit.edu.pa\/maestrias-postgrados\/tecnologia-construccion-y-medio-ambiente\/#primaryimage","url":"https:\/\/umecit.edu.pa\/wp-content\/uploads\/2022\/08\/F-Tecnologi\u0301a-Construccio\u0301n-y-Medio-Ambiente-1.jpg","contentUrl":"https:\/\/umecit.edu.pa\/wp-content\/uploads\/2022\/08\/F-Tecnologi\u0301a-Construccio\u0301n-y-Medio-Ambiente-1.jpg","width":500,"height":370,"caption":"Tecnolog\u00eda Construcci\u00f3n y Medio Ambiente"},{"@type":"BreadcrumbList","@id":"https:\/\/umecit.edu.pa\/maestrias-postgrados\/tecnologia-construccion-y-medio-ambiente\/#breadcrumb","itemListElement":[{"@type":"ListItem","position":1,"name":"Portada","item":"https:\/\/umecit.edu.pa\/"},{"@type":"ListItem","position":2,"name":"Postgrados","item":"https:\/\/umecit.edu.pa\/maestrias-postgrados\/"},{"@type":"ListItem","position":3,"name":"Tecnolog\u00eda, Construcci\u00f3n y Medio Ambiente"}]},{"@type":"WebSite","@id":"https:\/\/umecit.edu.pa\/#website","url":"https:\/\/umecit.edu.pa\/","name":"Umecit - University in Panama","description":"Metropolitan University of Education, Science and Technology","publisher":{"@id":"https:\/\/umecit.edu.pa\/#organization"},"potentialAction":[{"@type":"SearchAction","target":{"@type":"EntryPoint","urlTemplate":"https:\/\/umecit.edu.pa\/?s={search_term_string}"},"query-input":{"@type":"PropertyValueSpecification","valueRequired":true,"valueName":"search_term_string"}}],"inLanguage":"en-US"},{"@type":"Organization","@id":"https:\/\/umecit.edu.pa\/#organization","name":"Umecit - University in Panama","url":"https:\/\/umecit.edu.pa\/","logo":{"@type":"ImageObject","inLanguage":"en-US","@id":"https:\/\/umecit.edu.pa\/#\/schema\/logo\/image\/","url":"https:\/\/umecit.edu.pa\/wp-content\/uploads\/2022\/06\/panama-7.jpg","contentUrl":"https:\/\/umecit.edu.pa\/wp-content\/uploads\/2022\/06\/panama-7.jpg","width":1200,"height":800,"caption":"Umecit - Universidad en Panam\u00e1"},"image":{"@id":"https:\/\/umecit.edu.pa\/#\/schema\/logo\/image\/"},"sameAs":["https:\/\/www.facebook.com\/umecitpanama\/","https:\/\/x.com\/umecitpanama","https:\/\/www.tiktok.com\/@umecit","https:\/\/www.instagram.com\/umecit\/","https:\/\/www.youtube.com\/channel\/UCP9iXFXi4p_EW_p9p6lprhg"]}]}},"_links":{"self":[{"href":"https:\/\/umecit.edu.pa\/en\/wp-json\/wp\/v2\/pages\/14306","targetHints":{"allow":["GET"]}}],"collection":[{"href":"https:\/\/umecit.edu.pa\/en\/wp-json\/wp\/v2\/pages"}],"about":[{"href":"https:\/\/umecit.edu.pa\/en\/wp-json\/wp\/v2\/types\/page"}],"author":[{"embeddable":true,"href":"https:\/\/umecit.edu.pa\/en\/wp-json\/wp\/v2\/users\/695"}],"replies":[{"embeddable":true,"href":"https:\/\/umecit.edu.pa\/en\/wp-json\/wp\/v2\/comments?post=14306"}],"version-history":[{"count":5,"href":"https:\/\/umecit.edu.pa\/en\/wp-json\/wp\/v2\/pages\/14306\/revisions"}],"predecessor-version":[{"id":129622,"href":"https:\/\/umecit.edu.pa\/en\/wp-json\/wp\/v2\/pages\/14306\/revisions\/129622"}],"up":[{"embeddable":true,"href":"https:\/\/umecit.edu.pa\/en\/wp-json\/wp\/v2\/pages\/8647"}],"wp:featuredmedia":[{"embeddable":true,"href":"https:\/\/umecit.edu.pa\/en\/wp-json\/wp\/v2\/media\/31551"}],"wp:attachment":[{"href":"https:\/\/umecit.edu.pa\/en\/wp-json\/wp\/v2\/media?parent=14306"}],"curies":[{"name":"wp","href":"https:\/\/api.w.org\/{rel}","templated":true}]}}