{"id":13743,"date":"2022-03-24T10:12:32","date_gmt":"2022-03-24T15:12:32","guid":{"rendered":"https:\/\/nueva.umecit.edu.pa\/?page_id=13743"},"modified":"2025-10-05T11:30:45","modified_gmt":"2025-10-05T16:30:45","slug":"ciencias-de-la-salud","status":"publish","type":"page","link":"https:\/\/umecit.edu.pa\/en\/maestrias-postgrados\/ciencias-de-la-salud\/","title":{"rendered":"Health Sciences"},"content":{"rendered":"<div data-elementor-type=\"wp-page\" data-elementor-id=\"13743\" class=\"elementor elementor-13743\" data-elementor-post-type=\"page\">\n\t\t\t\t\t\t<section class=\"elementor-section elementor-top-section elementor-element elementor-element-2e0181a elementor-section-boxed elementor-section-height-default elementor-section-height-default row-top\" data-id=\"2e0181a\" data-element_type=\"section\" data-e-type=\"section\">\n\t\t\t\t\t\t<div class=\"elementor-container elementor-column-gap-default\">\n\t\t\t\t\t<div class=\"elementor-column elementor-col-100 elementor-top-column elementor-element elementor-element-4406029 column-style-top\" data-id=\"4406029\" data-element_type=\"column\" data-e-type=\"column\">\n\t\t\t<div class=\"elementor-widget-wrap elementor-element-populated\">\n\t\t\t\t\t\t<section class=\"elementor-section elementor-inner-section elementor-element elementor-element-4fc1c23 elementor-section-boxed elementor-section-height-default elementor-section-height-default row-top\" data-id=\"4fc1c23\" data-element_type=\"section\" data-e-type=\"section\">\n\t\t\t\t\t\t<div class=\"elementor-container elementor-column-gap-default\">\n\t\t\t\t\t<div class=\"elementor-column elementor-col-50 elementor-inner-column elementor-element elementor-element-b41d9e2 column-style-top\" data-id=\"b41d9e2\" data-element_type=\"column\" data-e-type=\"column\">\n\t\t\t<div class=\"elementor-widget-wrap elementor-element-populated\">\n\t\t\t\t\t\t<div class=\"elementor-element elementor-element-d04503e elementor-widget elementor-widget-image\" data-id=\"d04503e\" data-element_type=\"widget\" data-e-type=\"widget\" data-widget_type=\"image.default\">\n\t\t\t\t<div class=\"elementor-widget-container\">\n\t\t\t\t\t\t\t\t\t\t\t\t\t\t\t<img decoding=\"async\" width=\"353\" height=\"68\" src=\"https:\/\/umecit.edu.pa\/wp-content\/uploads\/2022\/08\/L-Umecit-facultad-ciencias-de-la-salud.png\" class=\"attachment-large size-large wp-image-30105\" alt=\"\" \/>\t\t\t\t\t\t\t\t\t\t\t\t\t\t\t<\/div>\n\t\t\t\t<\/div>\n\t\t\t\t\t<\/div>\n\t\t<\/div>\n\t\t\t\t<div class=\"elementor-column elementor-col-50 elementor-inner-column elementor-element elementor-element-afbd43f column-style-top\" data-id=\"afbd43f\" data-element_type=\"column\" data-e-type=\"column\">\n\t\t\t<div class=\"elementor-widget-wrap elementor-element-populated\">\n\t\t\t\t\t\t<div class=\"elementor-element elementor-element-c4e2152 elementor-widget elementor-widget-heading\" data-id=\"c4e2152\" data-element_type=\"widget\" data-e-type=\"widget\" data-widget_type=\"heading.default\">\n\t\t\t\t<div class=\"elementor-widget-container\">\n\t\t\t\t\t<h1 class=\"elementor-heading-title elementor-size-default\"><span style=\"color: #06326b;font-weight: normal;font-size: 32px\">Postgraduate Master's Degree<\/span><\/br>Faculty of <br>Health Sciences<\/h1>\t\t\t\t<\/div>\n\t\t\t\t<\/div>\n\t\t\t\t<div class=\"elementor-element elementor-element-3afbfc0 elementor-widget elementor-widget-text-editor\" data-id=\"3afbfc0\" data-element_type=\"widget\" data-e-type=\"widget\" data-widget_type=\"text-editor.default\">\n\t\t\t\t<div class=\"elementor-widget-container\">\n\t\t\t\t\t\t\t\t\t<p>The Umecit University in Panama with these postgraduate programs in Health, seeks to train or improve academics and professionals in cognitive, attitudinal and psychomotor aspects.<\/p>\t\t\t\t\t\t\t\t<\/div>\n\t\t\t\t<\/div>\n\t\t\t\t\t<\/div>\n\t\t<\/div>\n\t\t\t\t\t<\/div>\n\t\t<\/section>\n\t\t\t\t<div class=\"elementor-element elementor-element-f0628c6 elementor-widget elementor-widget-gva-course-banner-group\" data-id=\"f0628c6\" data-element_type=\"widget\" data-e-type=\"widget\" data-widget_type=\"gva-course-banner-group.default\">\n\t\t\t\t<div class=\"elementor-widget-container\">\n\t\t\t\t\t<div class=\"gva-element-gva-course-banner-group gva-element\">\r\n<div class=\"gsc-course-banner-group layout-grid style-3\">\r\n   <div class=\"lg-block-grid-3 md-block-grid-3 sm-block-grid-2 xs-block-grid-1 xx-block-grid-1\">\r\n      \r\n<div class=\"item course-banner-item\">\r\n   <div class=\"course-banner-item-content\">\r\n\r\n               <div class=\"banner-image\">\r\n            <img decoding=\"async\" src=\"https:\/\/umecit.edu.pa\/wp-content\/uploads\/2022\/03\/Maestri\u0301a-en-Gerencia-de-Servicios-de-Salud.jpg\" alt=\"Especializaci\u00f3n en Gerencia de Servicios&lt;br&gt;en Salud &lt;\/br&gt;&lt;br&gt;Maestr\u00eda en Gerencia de Servicios de Salud\" \/>\r\n         <\/div>\r\n      \r\n      <div class=\"banner-content\">\r\n                     <h3 class=\"title\">Specialization in Service Management<br>in health <\/br><br>Master\u2019s Degree in Health Services Management<\/h3>\r\n               <\/div>\r\n\r\n      <div class=\"banner-hover\">\r\n                     <h5 class=\"subtitle\">View more<\/h5>\r\n                        <\/div>\r\n\r\n               <a class=\"link-term-overlay\" href=\"https:\/\/umecit.edu.pa\/en\/maestrias-postgrados\/ciencias-de-la-salud\/maestria-en-gerencia-de-servicios-de-salud\/\" ><\/a>\r\n                     \r\n   <\/div>\r\n<\/div>\r\n<div class=\"item course-banner-item\">\r\n   <div class=\"course-banner-item-content\">\r\n\r\n               <div class=\"banner-image\">\r\n            <img decoding=\"async\" src=\"https:\/\/umecit.edu.pa\/wp-content\/uploads\/2022\/03\/Maestri\u0301a-en-Psicologi\u0301a-Juridica-y-Forense.jpg\" alt=\"Especializaci\u00f3n en Psicolog\u00eda Forense &lt;\/br&gt; &lt;br&gt;Maestr\u00eda en Psicolog\u00eda Jur\u00eddica y Forense\" \/>\r\n         <\/div>\r\n      \r\n      <div class=\"banner-content\">\r\n                     <h3 class=\"title\">Specialization in Forensic Psychology <\/br> <br>Master\u2019s Degree in Legal and Forensic Psychology<\/h3>\r\n               <\/div>\r\n\r\n      <div class=\"banner-hover\">\r\n                     <h5 class=\"subtitle\">View more<\/h5>\r\n                        <\/div>\r\n\r\n               <a class=\"link-term-overlay\" href=\"https:\/\/umecit.edu.pa\/en\/maestrias-postgrados\/ciencias-de-la-salud\/psicologia-juridica-y-forense\/\" ><\/a>\r\n                     \r\n   <\/div>\r\n<\/div>\r\n<div class=\"item course-banner-item\">\r\n   <div class=\"course-banner-item-content\">\r\n\r\n               <div class=\"banner-image\">\r\n            <img decoding=\"async\" src=\"https:\/\/umecit.edu.pa\/wp-content\/uploads\/2022\/03\/Maestri\u0301a-en-salud-Ocupacional-y-Seguridad-Industrial.jpg\" alt=\"Especializaci\u00f3n en Salud Ocupacional y Seguridad Industrial &lt;\/br&gt;&lt;br&gt;Maestr\u00eda en Salud Ocupacional y Seguridad Industrial\" \/>\r\n         <\/div>\r\n      \r\n      <div class=\"banner-content\">\r\n                     <h3 class=\"title\">Specialization in Occupational Health and Industrial Safety <\/br><br>Master\u2019s Degree in Occupational Health and Industrial Safety<\/h3>\r\n               <\/div>\r\n\r\n      <div class=\"banner-hover\">\r\n                     <h5 class=\"subtitle\">View more<\/h5>\r\n                        <\/div>\r\n\r\n               <a class=\"link-term-overlay\" href=\"https:\/\/umecit.edu.pa\/en\/maestrias-postgrados\/ciencias-de-la-salud\/maestria-en-salud-ocupacional-y-seguridad-industrial\/\" ><\/a>\r\n                     \r\n   <\/div>\r\n<\/div>   <\/div>   \r\n<\/div>\r\n<\/div>\t\t\t\t<\/div>\n\t\t\t\t<\/div>\n\t\t\t\t<div class=\"elementor-element elementor-element-0f6510d elementor-widget elementor-widget-gva-course-banner-group\" data-id=\"0f6510d\" data-element_type=\"widget\" data-e-type=\"widget\" data-widget_type=\"gva-course-banner-group.default\">\n\t\t\t\t<div class=\"elementor-widget-container\">\n\t\t\t\t\t<div class=\"gva-element-gva-course-banner-group gva-element\">\r\n<div class=\"gsc-course-banner-group layout-grid style-3\">\r\n   <div class=\"lg-block-grid-3 md-block-grid-3 sm-block-grid-2 xs-block-grid-1 xx-block-grid-1\">\r\n      \r\n<div class=\"item course-banner-item\">\r\n   <div class=\"course-banner-item-content\">\r\n\r\n               <div class=\"banner-image\">\r\n            <img decoding=\"async\" src=\"https:\/\/umecit.edu.pa\/wp-content\/uploads\/2024\/08\/Diseno-sin-titulo-2024-08-22T182607.011.jpg\" alt=\"Maestr\u00eda en Psicolog\u00eda Cl\u00ednica \" \/>\r\n         <\/div>\r\n      \r\n      <div class=\"banner-content\">\r\n                     <h3 class=\"title\">Master in Clinical Psychology <\/h3>\r\n               <\/div>\r\n\r\n      <div class=\"banner-hover\">\r\n                     <h5 class=\"subtitle\">View more<\/h5>\r\n                        <\/div>\r\n\r\n               <a class=\"link-term-overlay\" href=\"https:\/\/umecit.edu.pa\/en\/maestrias-postgrados\/ciencias-de-la-salud\/maestria-en-psicologia-clinica\/\" ><\/a>\r\n                     \r\n   <\/div>\r\n<\/div>\r\n<div class=\"item course-banner-item\">\r\n   <div class=\"course-banner-item-content\">\r\n\r\n               <div class=\"banner-image\">\r\n            <img decoding=\"async\" src=\"https:\/\/umecit.edu.pa\/wp-content\/uploads\/2025\/10\/Maestria-en-Bioetica-2.jpg\" alt=\"Maestr\u00eda en Bio\u00e9tica\" \/>\r\n         <\/div>\r\n      \r\n      <div class=\"banner-content\">\r\n                     <h3 class=\"title\">Master&#039;s Degree in Bioethics<\/h3>\r\n               <\/div>\r\n\r\n      <div class=\"banner-hover\">\r\n                     <h5 class=\"subtitle\">View more<\/h5>\r\n                        <\/div>\r\n\r\n               <a class=\"link-term-overlay\" href=\"https:\/\/umecit.edu.pa\/en\/maestrias-postgrados\/ciencias-de-la-salud\/maestria-en-en-bioetica\/\" ><\/a>\r\n                     \r\n   <\/div>\r\n<\/div>\r\n<div class=\"item course-banner-item\">\r\n   <div class=\"course-banner-item-content\">\r\n\r\n               <div class=\"banner-image\">\r\n            <img decoding=\"async\" src=\"https:\/\/umecit.edu.pa\/wp-content\/uploads\/2025\/10\/Especializacion-en-Psicologia-del-Deporte.y-la-Actividad-Fisica.jpg\" alt=\"Especializaci\u00f3n en Psicolog\u00eda del Deporte y la Actividad F\u00edsica\" \/>\r\n         <\/div>\r\n      \r\n      <div class=\"banner-content\">\r\n                     <h3 class=\"title\">Specialization in Sports Psychology and Physical Activity<\/h3>\r\n               <\/div>\r\n\r\n      <div class=\"banner-hover\">\r\n                     <h5 class=\"subtitle\">View more<\/h5>\r\n                        <\/div>\r\n\r\n               <a class=\"link-term-overlay\" href=\"https:\/\/umecit.edu.pa\/en\/maestrias-postgrados\/ciencias-de-la-salud\/especializacion-en-psicologia-del-deporte-y-la-actividad-fisica\/\" ><\/a>\r\n                     \r\n   <\/div>\r\n<\/div>   <\/div>   \r\n<\/div>\r\n<\/div>\t\t\t\t<\/div>\n\t\t\t\t<\/div>\n\t\t\t\t<div class=\"elementor-element elementor-element-65c097a elementor-widget elementor-widget-gva-course-banner-group\" data-id=\"65c097a\" data-element_type=\"widget\" data-e-type=\"widget\" data-widget_type=\"gva-course-banner-group.default\">\n\t\t\t\t<div class=\"elementor-widget-container\">\n\t\t\t\t\t<div class=\"gva-element-gva-course-banner-group gva-element\">\r\n<div class=\"gsc-course-banner-group layout-grid style-3\">\r\n   <div class=\"lg-block-grid-3 md-block-grid-3 sm-block-grid-2 xs-block-grid-1 xx-block-grid-1\">\r\n      \r\n<div class=\"item course-banner-item\">\r\n   <div class=\"course-banner-item-content\">\r\n\r\n               <div class=\"banner-image\">\r\n            <img decoding=\"async\" src=\"https:\/\/umecit.edu.pa\/wp-content\/uploads\/2025\/10\/Maestria-en-Salud-Publica.jpg\" alt=\"Maestr\u00eda en Salud P\u00fablica\" \/>\r\n         <\/div>\r\n      \r\n      <div class=\"banner-content\">\r\n                     <h3 class=\"title\">Master&#039;s Degree in Public Health<\/h3>\r\n               <\/div>\r\n\r\n      <div class=\"banner-hover\">\r\n                     <h5 class=\"subtitle\">View more<\/h5>\r\n                        <\/div>\r\n\r\n               <a class=\"link-term-overlay\" href=\"https:\/\/umecit.edu.pa\/en\/maestrias-postgrados\/ciencias-de-la-salud\/maestria-en-salud-publica\/\" ><\/a>\r\n                     \r\n   <\/div>\r\n<\/div>   <\/div>   \r\n<\/div>\r\n<\/div>\t\t\t\t<\/div>\n\t\t\t\t<\/div>\n\t\t\t\t\t<\/div>\n\t\t<\/div>\n\t\t\t\t\t<\/div>\n\t\t<\/section>\n\t\t\t\t<\/div>","protected":false},"excerpt":{"rendered":"<p>Maestr\u00edas PostgradosFacultad de Ciencias de la Salud La Universiad Umecit en Panam\u00e1 con estos postgrados en Salud, busca capacitar o perfeccionar a los acad\u00e9micos y profesionales en aspectos cognitivos, actitudinales y psicomotores. Especializaci\u00f3n en Gerencia de Servicios en Salud Maestr\u00eda en Gerencia de Servicios de Salud Ver m\u00e1s Especializaci\u00f3n en Psicolog\u00eda Forense Maestr\u00eda en Psicolog\u00eda [&hellip;]<\/p>\n","protected":false},"author":695,"featured_media":31548,"parent":8647,"menu_order":0,"comment_status":"closed","ping_status":"closed","template":"","meta":{"footnotes":""},"class_list":["post-13743","page","type-page","status-publish","has-post-thumbnail","hentry"],"yoast_head":"<!-- This site is optimized with the Yoast SEO plugin v27.1.1 - https:\/\/yoast.com\/product\/yoast-seo-wordpress\/ -->\n<title>Maestr\u00edas Postgrados Ciencias de la Salud | UMECIT<\/title>\n<meta name=\"description\" content=\"Maestr\u00edas Postgrados en Ciencias de la Salud busca capacitar a los acad\u00e9micos y profesionales en aspectos cognitivos, actitudinales y psicomotores\" \/>\n<meta name=\"robots\" content=\"index, follow, max-snippet:-1, max-image-preview:large, max-video-preview:-1\" \/>\n<link rel=\"canonical\" href=\"https:\/\/umecit.edu.pa\/en\/maestrias-postgrados\/ciencias-de-la-salud\/\" \/>\n<meta property=\"og:locale\" content=\"en_US\" \/>\n<meta property=\"og:type\" content=\"article\" \/>\n<meta property=\"og:title\" content=\"Maestr\u00edas Postgrados Ciencias de la Salud | UMECIT\" \/>\n<meta property=\"og:description\" content=\"Maestr\u00edas Postgrados en Ciencias de la Salud busca capacitar a los acad\u00e9micos y profesionales en aspectos cognitivos, actitudinales y psicomotores\" \/>\n<meta property=\"og:url\" content=\"https:\/\/umecit.edu.pa\/en\/maestrias-postgrados\/ciencias-de-la-salud\/\" \/>\n<meta property=\"og:site_name\" content=\"Umecit - Universidad en Panam\u00e1\" \/>\n<meta property=\"article:publisher\" content=\"https:\/\/www.facebook.com\/umecitpanama\/\" \/>\n<meta property=\"article:modified_time\" content=\"2025-10-05T16:30:45+00:00\" \/>\n<meta property=\"og:image\" content=\"https:\/\/umecit.edu.pa\/wp-content\/uploads\/2022\/08\/F-Ciencias-de-la-Salud-2.jpg\" \/>\n\t<meta property=\"og:image:width\" content=\"500\" \/>\n\t<meta property=\"og:image:height\" content=\"370\" \/>\n\t<meta property=\"og:image:type\" content=\"image\/jpeg\" \/>\n<meta name=\"twitter:card\" content=\"summary_large_image\" \/>\n<meta name=\"twitter:site\" content=\"@umecitpanama\" \/>\n<meta name=\"twitter:label1\" content=\"Est. reading time\" \/>\n\t<meta name=\"twitter:data1\" content=\"2 minutes\" \/>\n<script type=\"application\/ld+json\" class=\"yoast-schema-graph\">{\"@context\":\"https:\/\/schema.org\",\"@graph\":[{\"@type\":\"WebPage\",\"@id\":\"https:\/\/umecit.edu.pa\/maestrias-postgrados\/ciencias-de-la-salud\/\",\"url\":\"https:\/\/umecit.edu.pa\/maestrias-postgrados\/ciencias-de-la-salud\/\",\"name\":\"Maestr\u00edas Postgrados Ciencias de la Salud | UMECIT\",\"isPartOf\":{\"@id\":\"https:\/\/umecit.edu.pa\/#website\"},\"primaryImageOfPage\":{\"@id\":\"https:\/\/umecit.edu.pa\/maestrias-postgrados\/ciencias-de-la-salud\/#primaryimage\"},\"image\":{\"@id\":\"https:\/\/umecit.edu.pa\/maestrias-postgrados\/ciencias-de-la-salud\/#primaryimage\"},\"thumbnailUrl\":\"https:\/\/umecit.edu.pa\/wp-content\/uploads\/2022\/08\/F-Ciencias-de-la-Salud-2.jpg\",\"datePublished\":\"2022-03-24T15:12:32+00:00\",\"dateModified\":\"2025-10-05T16:30:45+00:00\",\"description\":\"Maestr\u00edas Postgrados en Ciencias de la Salud busca capacitar a los acad\u00e9micos y profesionales en aspectos cognitivos, actitudinales y psicomotores\",\"breadcrumb\":{\"@id\":\"https:\/\/umecit.edu.pa\/maestrias-postgrados\/ciencias-de-la-salud\/#breadcrumb\"},\"inLanguage\":\"en-US\",\"potentialAction\":[{\"@type\":\"ReadAction\",\"target\":[\"https:\/\/umecit.edu.pa\/maestrias-postgrados\/ciencias-de-la-salud\/\"]}]},{\"@type\":\"ImageObject\",\"inLanguage\":\"en-US\",\"@id\":\"https:\/\/umecit.edu.pa\/maestrias-postgrados\/ciencias-de-la-salud\/#primaryimage\",\"url\":\"https:\/\/umecit.edu.pa\/wp-content\/uploads\/2022\/08\/F-Ciencias-de-la-Salud-2.jpg\",\"contentUrl\":\"https:\/\/umecit.edu.pa\/wp-content\/uploads\/2022\/08\/F-Ciencias-de-la-Salud-2.jpg\",\"width\":500,\"height\":370,\"caption\":\"Maestr\u00edas Postgrados Ciencias de la Salud\"},{\"@type\":\"BreadcrumbList\",\"@id\":\"https:\/\/umecit.edu.pa\/maestrias-postgrados\/ciencias-de-la-salud\/#breadcrumb\",\"itemListElement\":[{\"@type\":\"ListItem\",\"position\":1,\"name\":\"Portada\",\"item\":\"https:\/\/umecit.edu.pa\/\"},{\"@type\":\"ListItem\",\"position\":2,\"name\":\"Postgrados\",\"item\":\"https:\/\/umecit.edu.pa\/maestrias-postgrados\/\"},{\"@type\":\"ListItem\",\"position\":3,\"name\":\"Ciencias de la Salud\"}]},{\"@type\":\"WebSite\",\"@id\":\"https:\/\/umecit.edu.pa\/#website\",\"url\":\"https:\/\/umecit.edu.pa\/\",\"name\":\"Umecit - Universidad en Panam\u00e1\",\"description\":\"Universidad Metropolitana de Educaci\u00f3n, Ciencia y Tecnolog\u00eda\",\"publisher\":{\"@id\":\"https:\/\/umecit.edu.pa\/#organization\"},\"potentialAction\":[{\"@type\":\"SearchAction\",\"target\":{\"@type\":\"EntryPoint\",\"urlTemplate\":\"https:\/\/umecit.edu.pa\/?s={search_term_string}\"},\"query-input\":{\"@type\":\"PropertyValueSpecification\",\"valueRequired\":true,\"valueName\":\"search_term_string\"}}],\"inLanguage\":\"en-US\"},{\"@type\":\"Organization\",\"@id\":\"https:\/\/umecit.edu.pa\/#organization\",\"name\":\"Umecit - Universidad en Panam\u00e1\",\"url\":\"https:\/\/umecit.edu.pa\/\",\"logo\":{\"@type\":\"ImageObject\",\"inLanguage\":\"en-US\",\"@id\":\"https:\/\/umecit.edu.pa\/#\/schema\/logo\/image\/\",\"url\":\"https:\/\/umecit.edu.pa\/wp-content\/uploads\/2022\/06\/panama-7.jpg\",\"contentUrl\":\"https:\/\/umecit.edu.pa\/wp-content\/uploads\/2022\/06\/panama-7.jpg\",\"width\":1200,\"height\":800,\"caption\":\"Umecit - Universidad en Panam\u00e1\"},\"image\":{\"@id\":\"https:\/\/umecit.edu.pa\/#\/schema\/logo\/image\/\"},\"sameAs\":[\"https:\/\/www.facebook.com\/umecitpanama\/\",\"https:\/\/x.com\/umecitpanama\",\"https:\/\/www.tiktok.com\/@umecit\",\"https:\/\/www.instagram.com\/umecit\/\",\"https:\/\/www.youtube.com\/channel\/UCP9iXFXi4p_EW_p9p6lprhg\"]}]}<\/script>\n<!-- \/ Yoast SEO plugin. -->","yoast_head_json":{"title":"Master&#039;s Degrees in Health Sciences | UMECIT","description":"Postgraduate Master&#039;s Degrees in Health Sciences seek to train academics and professionals in cognitive, attitudinal and psychomotor aspects","robots":{"index":"index","follow":"follow","max-snippet":"max-snippet:-1","max-image-preview":"max-image-preview:large","max-video-preview":"max-video-preview:-1"},"canonical":"https:\/\/umecit.edu.pa\/en\/maestrias-postgrados\/ciencias-de-la-salud\/","og_locale":"en_US","og_type":"article","og_title":"Maestr\u00edas Postgrados Ciencias de la Salud | UMECIT","og_description":"Maestr\u00edas Postgrados en Ciencias de la Salud busca capacitar a los acad\u00e9micos y profesionales en aspectos cognitivos, actitudinales y psicomotores","og_url":"https:\/\/umecit.edu.pa\/en\/maestrias-postgrados\/ciencias-de-la-salud\/","og_site_name":"Umecit - Universidad en Panam\u00e1","article_publisher":"https:\/\/www.facebook.com\/umecitpanama\/","article_modified_time":"2025-10-05T16:30:45+00:00","og_image":[{"width":500,"height":370,"url":"https:\/\/umecit.edu.pa\/wp-content\/uploads\/2022\/08\/F-Ciencias-de-la-Salud-2.jpg","type":"image\/jpeg"}],"twitter_card":"summary_large_image","twitter_site":"@umecitpanama","twitter_misc":{"Est. reading time":"2 minutes"},"schema":{"@context":"https:\/\/schema.org","@graph":[{"@type":"WebPage","@id":"https:\/\/umecit.edu.pa\/maestrias-postgrados\/ciencias-de-la-salud\/","url":"https:\/\/umecit.edu.pa\/maestrias-postgrados\/ciencias-de-la-salud\/","name":"Master&#039;s Degrees in Health Sciences | UMECIT","isPartOf":{"@id":"https:\/\/umecit.edu.pa\/#website"},"primaryImageOfPage":{"@id":"https:\/\/umecit.edu.pa\/maestrias-postgrados\/ciencias-de-la-salud\/#primaryimage"},"image":{"@id":"https:\/\/umecit.edu.pa\/maestrias-postgrados\/ciencias-de-la-salud\/#primaryimage"},"thumbnailUrl":"https:\/\/umecit.edu.pa\/wp-content\/uploads\/2022\/08\/F-Ciencias-de-la-Salud-2.jpg","datePublished":"2022-03-24T15:12:32+00:00","dateModified":"2025-10-05T16:30:45+00:00","description":"Postgraduate Master&#039;s Degrees in Health Sciences seek to train academics and professionals in cognitive, attitudinal and psychomotor aspects","breadcrumb":{"@id":"https:\/\/umecit.edu.pa\/maestrias-postgrados\/ciencias-de-la-salud\/#breadcrumb"},"inLanguage":"en-US","potentialAction":[{"@type":"ReadAction","target":["https:\/\/umecit.edu.pa\/maestrias-postgrados\/ciencias-de-la-salud\/"]}]},{"@type":"ImageObject","inLanguage":"en-US","@id":"https:\/\/umecit.edu.pa\/maestrias-postgrados\/ciencias-de-la-salud\/#primaryimage","url":"https:\/\/umecit.edu.pa\/wp-content\/uploads\/2022\/08\/F-Ciencias-de-la-Salud-2.jpg","contentUrl":"https:\/\/umecit.edu.pa\/wp-content\/uploads\/2022\/08\/F-Ciencias-de-la-Salud-2.jpg","width":500,"height":370,"caption":"Maestr\u00edas Postgrados Ciencias de la Salud"},{"@type":"BreadcrumbList","@id":"https:\/\/umecit.edu.pa\/maestrias-postgrados\/ciencias-de-la-salud\/#breadcrumb","itemListElement":[{"@type":"ListItem","position":1,"name":"Portada","item":"https:\/\/umecit.edu.pa\/"},{"@type":"ListItem","position":2,"name":"Postgrados","item":"https:\/\/umecit.edu.pa\/maestrias-postgrados\/"},{"@type":"ListItem","position":3,"name":"Ciencias de la Salud"}]},{"@type":"WebSite","@id":"https:\/\/umecit.edu.pa\/#website","url":"https:\/\/umecit.edu.pa\/","name":"Umecit - University in Panama","description":"Metropolitan University of Education, Science and Technology","publisher":{"@id":"https:\/\/umecit.edu.pa\/#organization"},"potentialAction":[{"@type":"SearchAction","target":{"@type":"EntryPoint","urlTemplate":"https:\/\/umecit.edu.pa\/?s={search_term_string}"},"query-input":{"@type":"PropertyValueSpecification","valueRequired":true,"valueName":"search_term_string"}}],"inLanguage":"en-US"},{"@type":"Organization","@id":"https:\/\/umecit.edu.pa\/#organization","name":"Umecit - University in Panama","url":"https:\/\/umecit.edu.pa\/","logo":{"@type":"ImageObject","inLanguage":"en-US","@id":"https:\/\/umecit.edu.pa\/#\/schema\/logo\/image\/","url":"https:\/\/umecit.edu.pa\/wp-content\/uploads\/2022\/06\/panama-7.jpg","contentUrl":"https:\/\/umecit.edu.pa\/wp-content\/uploads\/2022\/06\/panama-7.jpg","width":1200,"height":800,"caption":"Umecit - Universidad en Panam\u00e1"},"image":{"@id":"https:\/\/umecit.edu.pa\/#\/schema\/logo\/image\/"},"sameAs":["https:\/\/www.facebook.com\/umecitpanama\/","https:\/\/x.com\/umecitpanama","https:\/\/www.tiktok.com\/@umecit","https:\/\/www.instagram.com\/umecit\/","https:\/\/www.youtube.com\/channel\/UCP9iXFXi4p_EW_p9p6lprhg"]}]}},"_links":{"self":[{"href":"https:\/\/umecit.edu.pa\/en\/wp-json\/wp\/v2\/pages\/13743","targetHints":{"allow":["GET"]}}],"collection":[{"href":"https:\/\/umecit.edu.pa\/en\/wp-json\/wp\/v2\/pages"}],"about":[{"href":"https:\/\/umecit.edu.pa\/en\/wp-json\/wp\/v2\/types\/page"}],"author":[{"embeddable":true,"href":"https:\/\/umecit.edu.pa\/en\/wp-json\/wp\/v2\/users\/695"}],"replies":[{"embeddable":true,"href":"https:\/\/umecit.edu.pa\/en\/wp-json\/wp\/v2\/comments?post=13743"}],"version-history":[{"count":7,"href":"https:\/\/umecit.edu.pa\/en\/wp-json\/wp\/v2\/pages\/13743\/revisions"}],"predecessor-version":[{"id":129615,"href":"https:\/\/umecit.edu.pa\/en\/wp-json\/wp\/v2\/pages\/13743\/revisions\/129615"}],"up":[{"embeddable":true,"href":"https:\/\/umecit.edu.pa\/en\/wp-json\/wp\/v2\/pages\/8647"}],"wp:featuredmedia":[{"embeddable":true,"href":"https:\/\/umecit.edu.pa\/en\/wp-json\/wp\/v2\/media\/31548"}],"wp:attachment":[{"href":"https:\/\/umecit.edu.pa\/en\/wp-json\/wp\/v2\/media?parent=13743"}],"curies":[{"name":"wp","href":"https:\/\/api.w.org\/{rel}","templated":true}]}}