{"id":116426,"date":"2024-08-05T15:09:23","date_gmt":"2024-08-05T20:09:23","guid":{"rendered":"https:\/\/umecit.edu.pa\/?page_id=116426"},"modified":"2025-05-05T14:37:45","modified_gmt":"2025-05-05T19:37:45","slug":"facultad-de-tecnologia-construccion-y-medio-ambiente-umecit","status":"publish","type":"page","link":"https:\/\/umecit.edu.pa\/en\/grado-licenciaturas\/facultad-de-tecnologia-construccion-y-medio-ambiente-umecit\/","title":{"rendered":"Faculty of Technology, Construction and Environment UMECIT"},"content":{"rendered":"<div data-elementor-type=\"wp-page\" data-elementor-id=\"116426\" class=\"elementor elementor-116426\" data-elementor-post-type=\"page\">\n\t\t\t\t\t\t<section class=\"elementor-section elementor-top-section elementor-element elementor-element-2e0181a elementor-section-boxed elementor-section-height-default elementor-section-height-default row-top\" data-id=\"2e0181a\" data-element_type=\"section\" data-e-type=\"section\">\n\t\t\t\t\t\t<div class=\"elementor-container elementor-column-gap-default\">\n\t\t\t\t\t<div class=\"elementor-column elementor-col-100 elementor-top-column elementor-element elementor-element-4406029 column-style-top\" data-id=\"4406029\" data-element_type=\"column\" data-e-type=\"column\">\n\t\t\t<div class=\"elementor-widget-wrap elementor-element-populated\">\n\t\t\t\t\t\t<section class=\"elementor-section elementor-inner-section elementor-element elementor-element-a1d2dfa elementor-section-boxed elementor-section-height-default elementor-section-height-default row-top\" data-id=\"a1d2dfa\" data-element_type=\"section\" data-e-type=\"section\">\n\t\t\t\t\t\t<div class=\"elementor-container elementor-column-gap-default\">\n\t\t\t\t\t<div class=\"elementor-column elementor-col-50 elementor-inner-column elementor-element elementor-element-76e0c2d column-style-top\" data-id=\"76e0c2d\" data-element_type=\"column\" data-e-type=\"column\">\n\t\t\t<div class=\"elementor-widget-wrap elementor-element-populated\">\n\t\t\t\t\t\t<div class=\"elementor-element elementor-element-033b16e elementor-widget elementor-widget-image\" data-id=\"033b16e\" data-element_type=\"widget\" data-e-type=\"widget\" data-widget_type=\"image.default\">\n\t\t\t\t<div class=\"elementor-widget-container\">\n\t\t\t\t\t\t\t\t\t\t\t\t\t\t\t<img decoding=\"async\" width=\"393\" height=\"68\" src=\"https:\/\/umecit.edu.pa\/wp-content\/uploads\/2022\/08\/L-Umecit-facultad-tecnologia-construccion-y-medioambiente.png\" class=\"attachment-large size-large wp-image-30336\" alt=\"\" \/>\t\t\t\t\t\t\t\t\t\t\t\t\t\t\t<\/div>\n\t\t\t\t<\/div>\n\t\t\t\t\t<\/div>\n\t\t<\/div>\n\t\t\t\t<div class=\"elementor-column elementor-col-50 elementor-inner-column elementor-element elementor-element-f52c946 column-style-top\" data-id=\"f52c946\" data-element_type=\"column\" data-e-type=\"column\">\n\t\t\t<div class=\"elementor-widget-wrap elementor-element-populated\">\n\t\t\t\t\t\t<div class=\"elementor-element elementor-element-8f2ac79 elementor-widget elementor-widget-heading\" data-id=\"8f2ac79\" data-element_type=\"widget\" data-e-type=\"widget\" data-widget_type=\"heading.default\">\n\t\t\t\t<div class=\"elementor-widget-container\">\n\t\t\t\t\t<h1 class=\"elementor-heading-title elementor-size-default\"><span style=\"color: #06326b;font-weight: normal;font-size: 32px\">Bachelor&#039;s Degree <\/span><\/br>Faculty of<\/br>Technology, Construction, and Environment<\/h1>\t\t\t\t<\/div>\n\t\t\t\t<\/div>\n\t\t\t\t<div class=\"elementor-element elementor-element-7c11c08 elementor-widget elementor-widget-text-editor\" data-id=\"7c11c08\" data-element_type=\"widget\" data-e-type=\"widget\" data-widget_type=\"text-editor.default\">\n\t\t\t\t<div class=\"elementor-widget-container\">\n\t\t\t\t\t\t\t\t\t<p>The Faculty of Technology, Construction and the Environment comprehensively trains future professionals who will have the responsibility and the ability to face the coming changes.<\/p>\t\t\t\t\t\t\t\t<\/div>\n\t\t\t\t<\/div>\n\t\t\t\t\t<\/div>\n\t\t<\/div>\n\t\t\t\t\t<\/div>\n\t\t<\/section>\n\t\t\t\t<div class=\"elementor-element elementor-element-4cf1161 elementor-widget elementor-widget-gva-course-banner-group\" data-id=\"4cf1161\" data-element_type=\"widget\" data-e-type=\"widget\" data-widget_type=\"gva-course-banner-group.default\">\n\t\t\t\t<div class=\"elementor-widget-container\">\n\t\t\t\t\t<div class=\"gva-element-gva-course-banner-group gva-element\">\r\n<div class=\"gsc-course-banner-group layout-grid style-3\">\r\n   <div class=\"lg-block-grid-3 md-block-grid-3 sm-block-grid-2 xs-block-grid-1 xx-block-grid-1\">\r\n      \r\n<div class=\"item course-banner-item\">\r\n   <div class=\"course-banner-item-content\">\r\n\r\n               <div class=\"banner-image\">\r\n            <img decoding=\"async\" src=\"https:\/\/umecit.edu.pa\/wp-content\/uploads\/2022\/03\/Licenciatura-en-Disen\u0303o-Gra\u0301fico.jpg\" alt=\"Licenciatura en Dise\u00f1o Gr\u00e1fico\" \/>\r\n         <\/div>\r\n      \r\n      <div class=\"banner-content\">\r\n                     <h3 class=\"title\">Bachelor's Degree in Graphic Design<\/h3>\r\n               <\/div>\r\n\r\n      <div class=\"banner-hover\">\r\n                     <h5 class=\"subtitle\">View more<\/h5>\r\n                        <\/div>\r\n\r\n               <a class=\"link-term-overlay\" href=\"https:\/\/umecit.edu.pa\/en\/grado-licenciaturas\/facultad-de-tecnologia-construccion-y-medio-ambiente\/licenciatura-en-diseno-grafico\/\" ><\/a>\r\n                     \r\n   <\/div>\r\n<\/div>\r\n<div class=\"item course-banner-item\">\r\n   <div class=\"course-banner-item-content\">\r\n\r\n               <div class=\"banner-image\">\r\n            <img decoding=\"async\" src=\"https:\/\/umecit.edu.pa\/wp-content\/uploads\/2022\/02\/Licenciatura-en-Sistemas-Y-Programacio\u0301n.jpg\" alt=\"Licenciatura en Sistemas y Programaci\u00f3n\" \/>\r\n         <\/div>\r\n      \r\n      <div class=\"banner-content\">\r\n                     <h3 class=\"title\">Bachelor&#039;s Degree in Systems and Programming<\/h3>\r\n               <\/div>\r\n\r\n      <div class=\"banner-hover\">\r\n                     <h5 class=\"subtitle\">View more<\/h5>\r\n                        <\/div>\r\n\r\n               <a class=\"link-term-overlay\" href=\"https:\/\/umecit.edu.pa\/en\/grado-licenciaturas\/facultad-de-tecnologia-construccion-y-medio-ambiente\/licenciatura-en-sistemas-de-programacion\/\" ><\/a>\r\n                     \r\n   <\/div>\r\n<\/div>\r\n<div class=\"item course-banner-item\">\r\n   <div class=\"course-banner-item-content\">\r\n\r\n               <div class=\"banner-image\">\r\n            <img decoding=\"async\" src=\"https:\/\/umecit.edu.pa\/wp-content\/uploads\/2022\/02\/Licenciatura-en-Produccio\u0301n-Audiovisual.jpg\" alt=\"Licenciatura en Producci\u00f3n Audiovisual con \u00c9nfasis en Radio y Televisi\u00f3n\" \/>\r\n         <\/div>\r\n      \r\n      <div class=\"banner-content\">\r\n                     <h3 class=\"title\">Bachelor&#039;s Degree in Audiovisual Production with Emphasis in Radio and Television<\/h3>\r\n               <\/div>\r\n\r\n      <div class=\"banner-hover\">\r\n                     <h5 class=\"subtitle\">View more<\/h5>\r\n                        <\/div>\r\n\r\n               <a class=\"link-term-overlay\" href=\"https:\/\/umecit.edu.pa\/en\/grado-licenciaturas\/facultad-de-tecnologia-construccion-y-medio-ambiente\/licenciatura-en-produccion-audiovisual-con-enfasis-en-radio-y-television\/\" ><\/a>\r\n                     \r\n   <\/div>\r\n<\/div>\r\n<div class=\"item course-banner-item\">\r\n   <div class=\"course-banner-item-content\">\r\n\r\n               <div class=\"banner-image\">\r\n            <img decoding=\"async\" src=\"https:\/\/umecit.edu.pa\/wp-content\/uploads\/2022\/02\/Licenciatura-en-Administracio\u0301n-de-la-gestio\u0301n-Ambiental.jpg\" alt=\"Licenciatura en Administraci\u00f3n de la Gesti\u00f3n Ambiental\" \/>\r\n         <\/div>\r\n      \r\n      <div class=\"banner-content\">\r\n                     <h3 class=\"title\">Bachelor's Degree in Environmental Management Administration<\/h3>\r\n               <\/div>\r\n\r\n      <div class=\"banner-hover\">\r\n                     <h5 class=\"subtitle\">View more<\/h5>\r\n                        <\/div>\r\n\r\n               <a class=\"link-term-overlay\" href=\"https:\/\/umecit.edu.pa\/en\/grado-licenciaturas\/facultad-de-tecnologia-construccion-y-medio-ambiente\/licenciatura-en-administracion-de-la-gestion-ambiental\/\" ><\/a>\r\n                     \r\n   <\/div>\r\n<\/div>\r\n<div class=\"item course-banner-item\">\r\n   <div class=\"course-banner-item-content\">\r\n\r\n               <div class=\"banner-image\">\r\n            <img decoding=\"async\" src=\"https:\/\/umecit.edu.pa\/wp-content\/uploads\/2022\/02\/Te\u0301cnico-en-Ingenieri\u0301a-Ele\u0301ctrica.jpg\" alt=\"T\u00e9cnico en Ingenier\u00eda El\u00e9ctrica\" \/>\r\n         <\/div>\r\n      \r\n      <div class=\"banner-content\">\r\n                     <h3 class=\"title\">Electrical Engineering Technician<\/h3>\r\n               <\/div>\r\n\r\n      <div class=\"banner-hover\">\r\n                     <h5 class=\"subtitle\">View more<\/h5>\r\n                        <\/div>\r\n\r\n               <a class=\"link-term-overlay\" href=\"\/en\/grado-licenciaturas\/facultad-de-tecnologia-construccion-y-medio-ambiente\/tecnico-en-ingenieria-electrica\/\" ><\/a>\r\n                     \r\n   <\/div>\r\n<\/div>\r\n<div class=\"item course-banner-item\">\r\n   <div class=\"course-banner-item-content\">\r\n\r\n               <div class=\"banner-image\">\r\n            <img decoding=\"async\" src=\"https:\/\/umecit.edu.pa\/wp-content\/uploads\/2022\/02\/Te\u0301cnico-en-Ingenieri\u0301a-Electro\u0301nica.jpg\" alt=\"T\u00e9cnico en Ingenier\u00eda Electr\u00f3nica y Telecomunicaciones\" \/>\r\n         <\/div>\r\n      \r\n      <div class=\"banner-content\">\r\n                     <h3 class=\"title\">Electronics and Telecommunications Engineering Technician<\/h3>\r\n               <\/div>\r\n\r\n      <div class=\"banner-hover\">\r\n                     <h5 class=\"subtitle\">View more<\/h5>\r\n                        <\/div>\r\n\r\n               <a class=\"link-term-overlay\" href=\"\/en\/grado-licenciaturas\/facultad-de-tecnologia-construccion-y-medio-ambiente\/tecnico-en-ingenieria-electronica-y-telecomunicaciones\/\" ><\/a>\r\n                     \r\n   <\/div>\r\n<\/div>\r\n<div class=\"item course-banner-item\">\r\n   <div class=\"course-banner-item-content\">\r\n\r\n               <div class=\"banner-image\">\r\n            <img decoding=\"async\" src=\"https:\/\/umecit.edu.pa\/wp-content\/uploads\/2022\/12\/Te\u0301cnico-en-Edificaciones.jpg\" alt=\"T\u00e9cnico en Edificaciones\" \/>\r\n         <\/div>\r\n      \r\n      <div class=\"banner-content\">\r\n                     <h3 class=\"title translation-block\">Building Technician<\/h3>\r\n               <\/div>\r\n\r\n      <div class=\"banner-hover\">\r\n                     <h5 class=\"subtitle\">View more<\/h5>\r\n                        <\/div>\r\n\r\n               <a class=\"link-term-overlay\" href=\"https:\/\/umecit.edu.pa\/en\/grado-licenciaturas\/facultad-de-tecnologia-construccion-y-medio-ambiente\/tecnico-en-edificaciones\/\" ><\/a>\r\n                     \r\n   <\/div>\r\n<\/div>   <\/div>   \r\n<\/div>\r\n<\/div>\t\t\t\t<\/div>\n\t\t\t\t<\/div>\n\t\t\t\t\t<\/div>\n\t\t<\/div>\n\t\t\t\t\t<\/div>\n\t\t<\/section>\n\t\t\t\t<\/div>","protected":false},"excerpt":{"rendered":"<p>Licenciaturas Grado Facultad deTecnolog\u00eda, Construcci\u00f3n y Medio Ambiente La Facultad de Tecnolog\u00eda, Construcci\u00f3n y Medio Ambiente forma de manera integral a futuros profesionales que tendr\u00e1n la responsabilidad y la capacidad de afrontar los cambios venideros. Licenciatura en Dise\u00f1o Gr\u00e1fico Ver m\u00e1s Licenciatura en Sistemas y Programaci\u00f3n Ver m\u00e1s Licenciatura en Producci\u00f3n Audiovisual con \u00c9nfasis en [&hellip;]<\/p>\n","protected":false},"author":695,"featured_media":31529,"parent":2222,"menu_order":0,"comment_status":"closed","ping_status":"closed","template":"","meta":{"footnotes":""},"class_list":["post-116426","page","type-page","status-publish","has-post-thumbnail","hentry"],"yoast_head":"<!-- This site is optimized with the Yoast SEO plugin v27.1.1 - https:\/\/yoast.com\/product\/yoast-seo-wordpress\/ -->\n<title>Facultad de Tecnolog\u00eda Construcci\u00f3n y Medio Ambiente | UMECIT<\/title>\n<meta name=\"description\" content=\"Facultad de Tecnolog\u00eda Construcci\u00f3n y Medio Ambiente forma profesionales que tendr\u00e1n la capacidad de afrontar los cambios venideros.\" \/>\n<meta name=\"robots\" content=\"index, follow, max-snippet:-1, max-image-preview:large, max-video-preview:-1\" \/>\n<link rel=\"canonical\" href=\"https:\/\/umecit.edu.pa\/en\/grado-licenciaturas\/facultad-de-tecnologia-construccion-y-medio-ambiente-umecit\/\" \/>\n<meta property=\"og:locale\" content=\"en_US\" \/>\n<meta property=\"og:type\" content=\"article\" \/>\n<meta property=\"og:title\" content=\"Facultad de Tecnolog\u00eda Construcci\u00f3n y Medio Ambiente | UMECIT\" \/>\n<meta property=\"og:description\" content=\"Facultad de Tecnolog\u00eda Construcci\u00f3n y Medio Ambiente forma profesionales que tendr\u00e1n la capacidad de afrontar los cambios venideros.\" \/>\n<meta property=\"og:url\" content=\"https:\/\/umecit.edu.pa\/en\/grado-licenciaturas\/facultad-de-tecnologia-construccion-y-medio-ambiente-umecit\/\" \/>\n<meta property=\"og:site_name\" content=\"Umecit - Universidad en Panam\u00e1\" \/>\n<meta property=\"article:publisher\" content=\"https:\/\/www.facebook.com\/umecitpanama\/\" \/>\n<meta property=\"article:modified_time\" content=\"2025-05-05T19:37:45+00:00\" \/>\n<meta property=\"og:image\" content=\"https:\/\/umecit.edu.pa\/wp-content\/uploads\/2022\/08\/F-Facultad-de-Tecnologi\u0301a-Construccio\u0301n-y-Medio-Ambiente.jpg\" \/>\n\t<meta property=\"og:image:width\" content=\"500\" \/>\n\t<meta property=\"og:image:height\" content=\"370\" \/>\n\t<meta property=\"og:image:type\" content=\"image\/jpeg\" \/>\n<meta name=\"twitter:card\" content=\"summary_large_image\" \/>\n<meta name=\"twitter:site\" content=\"@umecitpanama\" \/>\n<meta name=\"twitter:label1\" content=\"Est. reading time\" \/>\n\t<meta name=\"twitter:data1\" content=\"3 minutes\" \/>\n<script type=\"application\/ld+json\" class=\"yoast-schema-graph\">{\"@context\":\"https:\/\/schema.org\",\"@graph\":[{\"@type\":\"WebPage\",\"@id\":\"https:\/\/umecit.edu.pa\/grado-licenciaturas\/facultad-de-tecnologia-construccion-y-medio-ambiente-umecit\/\",\"url\":\"https:\/\/umecit.edu.pa\/grado-licenciaturas\/facultad-de-tecnologia-construccion-y-medio-ambiente-umecit\/\",\"name\":\"Facultad de Tecnolog\u00eda Construcci\u00f3n y Medio Ambiente | UMECIT\",\"isPartOf\":{\"@id\":\"https:\/\/Umecit.edu.pa\/#website\"},\"primaryImageOfPage\":{\"@id\":\"https:\/\/umecit.edu.pa\/grado-licenciaturas\/facultad-de-tecnologia-construccion-y-medio-ambiente-umecit\/#primaryimage\"},\"image\":{\"@id\":\"https:\/\/umecit.edu.pa\/grado-licenciaturas\/facultad-de-tecnologia-construccion-y-medio-ambiente-umecit\/#primaryimage\"},\"thumbnailUrl\":\"https:\/\/umecit.edu.pa\/wp-content\/uploads\/2022\/08\/F-Facultad-de-Tecnologi\u0301a-Construccio\u0301n-y-Medio-Ambiente.jpg\",\"datePublished\":\"2024-08-05T20:09:23+00:00\",\"dateModified\":\"2025-05-05T19:37:45+00:00\",\"description\":\"Facultad de Tecnolog\u00eda Construcci\u00f3n y Medio Ambiente forma profesionales que tendr\u00e1n la capacidad de afrontar los cambios venideros.\",\"breadcrumb\":{\"@id\":\"https:\/\/umecit.edu.pa\/grado-licenciaturas\/facultad-de-tecnologia-construccion-y-medio-ambiente-umecit\/#breadcrumb\"},\"inLanguage\":\"en-US\",\"potentialAction\":[{\"@type\":\"ReadAction\",\"target\":[\"https:\/\/umecit.edu.pa\/grado-licenciaturas\/facultad-de-tecnologia-construccion-y-medio-ambiente-umecit\/\"]}]},{\"@type\":\"ImageObject\",\"inLanguage\":\"en-US\",\"@id\":\"https:\/\/umecit.edu.pa\/grado-licenciaturas\/facultad-de-tecnologia-construccion-y-medio-ambiente-umecit\/#primaryimage\",\"url\":\"https:\/\/umecit.edu.pa\/wp-content\/uploads\/2022\/08\/F-Facultad-de-Tecnologi\u0301a-Construccio\u0301n-y-Medio-Ambiente.jpg\",\"contentUrl\":\"https:\/\/umecit.edu.pa\/wp-content\/uploads\/2022\/08\/F-Facultad-de-Tecnologi\u0301a-Construccio\u0301n-y-Medio-Ambiente.jpg\",\"width\":500,\"height\":370,\"caption\":\"Facultad de Tecnolog\u00eda Construcci\u00f3n y Medio Ambiente\"},{\"@type\":\"BreadcrumbList\",\"@id\":\"https:\/\/umecit.edu.pa\/grado-licenciaturas\/facultad-de-tecnologia-construccion-y-medio-ambiente-umecit\/#breadcrumb\",\"itemListElement\":[{\"@type\":\"ListItem\",\"position\":1,\"name\":\"Portada\",\"item\":\"https:\/\/Umecit.edu.pa\/\"},{\"@type\":\"ListItem\",\"position\":2,\"name\":\"Grado\",\"item\":\"https:\/\/umecit.edu.pa\/en\/grado-licenciaturas\/\"},{\"@type\":\"ListItem\",\"position\":3,\"name\":\"Facultad de Tecnolog\u00eda, Construcci\u00f3n y Medio Ambiente UMECIT\"}]},{\"@type\":\"WebSite\",\"@id\":\"https:\/\/Umecit.edu.pa\/#website\",\"url\":\"https:\/\/Umecit.edu.pa\/\",\"name\":\"Umecit - Universidad en Panam\u00e1\",\"description\":\"Universidad Metropolitana de Educaci\u00f3n, Ciencia y Tecnolog\u00eda\",\"publisher\":{\"@id\":\"https:\/\/Umecit.edu.pa\/#organization\"},\"potentialAction\":[{\"@type\":\"SearchAction\",\"target\":{\"@type\":\"EntryPoint\",\"urlTemplate\":\"https:\/\/Umecit.edu.pa\/?s={search_term_string}\"},\"query-input\":{\"@type\":\"PropertyValueSpecification\",\"valueRequired\":true,\"valueName\":\"search_term_string\"}}],\"inLanguage\":\"en-US\"},{\"@type\":\"Organization\",\"@id\":\"https:\/\/Umecit.edu.pa\/#organization\",\"name\":\"Umecit - Universidad en Panam\u00e1\",\"url\":\"https:\/\/Umecit.edu.pa\/\",\"logo\":{\"@type\":\"ImageObject\",\"inLanguage\":\"en-US\",\"@id\":\"https:\/\/Umecit.edu.pa\/#\/schema\/logo\/image\/\",\"url\":\"https:\/\/umecit.edu.pa\/wp-content\/uploads\/2022\/06\/panama-7.jpg\",\"contentUrl\":\"https:\/\/umecit.edu.pa\/wp-content\/uploads\/2022\/06\/panama-7.jpg\",\"width\":1200,\"height\":800,\"caption\":\"Umecit - Universidad en Panam\u00e1\"},\"image\":{\"@id\":\"https:\/\/Umecit.edu.pa\/#\/schema\/logo\/image\/\"},\"sameAs\":[\"https:\/\/www.facebook.com\/umecitpanama\/\",\"https:\/\/x.com\/umecitpanama\",\"https:\/\/www.tiktok.com\/@umecit\",\"https:\/\/www.instagram.com\/umecit\/\",\"https:\/\/www.youtube.com\/channel\/UCP9iXFXi4p_EW_p9p6lprhg\"]}]}<\/script>\n<!-- \/ Yoast SEO plugin. -->","yoast_head_json":{"title":"Faculty of Construction Technology and Environment | UMECIT","description":"The Faculty of Construction and Environmental Technology trains professionals who will be able to face upcoming changes.","robots":{"index":"index","follow":"follow","max-snippet":"max-snippet:-1","max-image-preview":"max-image-preview:large","max-video-preview":"max-video-preview:-1"},"canonical":"https:\/\/umecit.edu.pa\/en\/grado-licenciaturas\/facultad-de-tecnologia-construccion-y-medio-ambiente-umecit\/","og_locale":"en_US","og_type":"article","og_title":"Facultad de Tecnolog\u00eda Construcci\u00f3n y Medio Ambiente | UMECIT","og_description":"Facultad de Tecnolog\u00eda Construcci\u00f3n y Medio Ambiente forma profesionales que tendr\u00e1n la capacidad de afrontar los cambios venideros.","og_url":"https:\/\/umecit.edu.pa\/en\/grado-licenciaturas\/facultad-de-tecnologia-construccion-y-medio-ambiente-umecit\/","og_site_name":"Umecit - Universidad en Panam\u00e1","article_publisher":"https:\/\/www.facebook.com\/umecitpanama\/","article_modified_time":"2025-05-05T19:37:45+00:00","og_image":[{"width":500,"height":370,"url":"https:\/\/umecit.edu.pa\/wp-content\/uploads\/2022\/08\/F-Facultad-de-Tecnologi\u0301a-Construccio\u0301n-y-Medio-Ambiente.jpg","type":"image\/jpeg"}],"twitter_card":"summary_large_image","twitter_site":"@umecitpanama","twitter_misc":{"Est. reading time":"3 minutes"},"schema":{"@context":"https:\/\/schema.org","@graph":[{"@type":"WebPage","@id":"https:\/\/umecit.edu.pa\/grado-licenciaturas\/facultad-de-tecnologia-construccion-y-medio-ambiente-umecit\/","url":"https:\/\/umecit.edu.pa\/grado-licenciaturas\/facultad-de-tecnologia-construccion-y-medio-ambiente-umecit\/","name":"Faculty of Construction Technology and Environment | UMECIT","isPartOf":{"@id":"https:\/\/Umecit.edu.pa\/#website"},"primaryImageOfPage":{"@id":"https:\/\/umecit.edu.pa\/grado-licenciaturas\/facultad-de-tecnologia-construccion-y-medio-ambiente-umecit\/#primaryimage"},"image":{"@id":"https:\/\/umecit.edu.pa\/grado-licenciaturas\/facultad-de-tecnologia-construccion-y-medio-ambiente-umecit\/#primaryimage"},"thumbnailUrl":"https:\/\/umecit.edu.pa\/wp-content\/uploads\/2022\/08\/F-Facultad-de-Tecnologi\u0301a-Construccio\u0301n-y-Medio-Ambiente.jpg","datePublished":"2024-08-05T20:09:23+00:00","dateModified":"2025-05-05T19:37:45+00:00","description":"The Faculty of Construction and Environmental Technology trains professionals who will be able to face upcoming changes.","breadcrumb":{"@id":"https:\/\/umecit.edu.pa\/grado-licenciaturas\/facultad-de-tecnologia-construccion-y-medio-ambiente-umecit\/#breadcrumb"},"inLanguage":"en-US","potentialAction":[{"@type":"ReadAction","target":["https:\/\/umecit.edu.pa\/grado-licenciaturas\/facultad-de-tecnologia-construccion-y-medio-ambiente-umecit\/"]}]},{"@type":"ImageObject","inLanguage":"en-US","@id":"https:\/\/umecit.edu.pa\/grado-licenciaturas\/facultad-de-tecnologia-construccion-y-medio-ambiente-umecit\/#primaryimage","url":"https:\/\/umecit.edu.pa\/wp-content\/uploads\/2022\/08\/F-Facultad-de-Tecnologi\u0301a-Construccio\u0301n-y-Medio-Ambiente.jpg","contentUrl":"https:\/\/umecit.edu.pa\/wp-content\/uploads\/2022\/08\/F-Facultad-de-Tecnologi\u0301a-Construccio\u0301n-y-Medio-Ambiente.jpg","width":500,"height":370,"caption":"Facultad de Tecnolog\u00eda Construcci\u00f3n y Medio Ambiente"},{"@type":"BreadcrumbList","@id":"https:\/\/umecit.edu.pa\/grado-licenciaturas\/facultad-de-tecnologia-construccion-y-medio-ambiente-umecit\/#breadcrumb","itemListElement":[{"@type":"ListItem","position":1,"name":"Portada","item":"https:\/\/Umecit.edu.pa\/"},{"@type":"ListItem","position":2,"name":"Grado","item":"https:\/\/umecit.edu.pa\/en\/grado-licenciaturas\/"},{"@type":"ListItem","position":3,"name":"Facultad de Tecnolog\u00eda, Construcci\u00f3n y Medio Ambiente UMECIT"}]},{"@type":"WebSite","@id":"https:\/\/Umecit.edu.pa\/#website","url":"https:\/\/Umecit.edu.pa\/","name":"Umecit - University in Panama","description":"Metropolitan University of Education, Science and Technology","publisher":{"@id":"https:\/\/Umecit.edu.pa\/#organization"},"potentialAction":[{"@type":"SearchAction","target":{"@type":"EntryPoint","urlTemplate":"https:\/\/Umecit.edu.pa\/?s={search_term_string}"},"query-input":{"@type":"PropertyValueSpecification","valueRequired":true,"valueName":"search_term_string"}}],"inLanguage":"en-US"},{"@type":"Organization","@id":"https:\/\/Umecit.edu.pa\/#organization","name":"Umecit - University in Panama","url":"https:\/\/Umecit.edu.pa\/","logo":{"@type":"ImageObject","inLanguage":"en-US","@id":"https:\/\/Umecit.edu.pa\/#\/schema\/logo\/image\/","url":"https:\/\/umecit.edu.pa\/wp-content\/uploads\/2022\/06\/panama-7.jpg","contentUrl":"https:\/\/umecit.edu.pa\/wp-content\/uploads\/2022\/06\/panama-7.jpg","width":1200,"height":800,"caption":"Umecit - Universidad en Panam\u00e1"},"image":{"@id":"https:\/\/Umecit.edu.pa\/#\/schema\/logo\/image\/"},"sameAs":["https:\/\/www.facebook.com\/umecitpanama\/","https:\/\/x.com\/umecitpanama","https:\/\/www.tiktok.com\/@umecit","https:\/\/www.instagram.com\/umecit\/","https:\/\/www.youtube.com\/channel\/UCP9iXFXi4p_EW_p9p6lprhg"]}]}},"_links":{"self":[{"href":"https:\/\/umecit.edu.pa\/en\/wp-json\/wp\/v2\/pages\/116426","targetHints":{"allow":["GET"]}}],"collection":[{"href":"https:\/\/umecit.edu.pa\/en\/wp-json\/wp\/v2\/pages"}],"about":[{"href":"https:\/\/umecit.edu.pa\/en\/wp-json\/wp\/v2\/types\/page"}],"author":[{"embeddable":true,"href":"https:\/\/umecit.edu.pa\/en\/wp-json\/wp\/v2\/users\/695"}],"replies":[{"embeddable":true,"href":"https:\/\/umecit.edu.pa\/en\/wp-json\/wp\/v2\/comments?post=116426"}],"version-history":[{"count":15,"href":"https:\/\/umecit.edu.pa\/en\/wp-json\/wp\/v2\/pages\/116426\/revisions"}],"predecessor-version":[{"id":124709,"href":"https:\/\/umecit.edu.pa\/en\/wp-json\/wp\/v2\/pages\/116426\/revisions\/124709"}],"up":[{"embeddable":true,"href":"https:\/\/umecit.edu.pa\/en\/wp-json\/wp\/v2\/pages\/2222"}],"wp:featuredmedia":[{"embeddable":true,"href":"https:\/\/umecit.edu.pa\/en\/wp-json\/wp\/v2\/media\/31529"}],"wp:attachment":[{"href":"https:\/\/umecit.edu.pa\/en\/wp-json\/wp\/v2\/media?parent=116426"}],"curies":[{"name":"wp","href":"https:\/\/api.w.org\/{rel}","templated":true}]}}