{"id":116106,"date":"2024-07-22T16:02:14","date_gmt":"2024-07-22T21:02:14","guid":{"rendered":"https:\/\/umecit.edu.pa\/?page_id=116106"},"modified":"2025-05-05T14:27:53","modified_gmt":"2025-05-05T19:27:53","slug":"facultad-de-humanidades-y-ciencias-de-la-educacion-umecit","status":"publish","type":"page","link":"https:\/\/umecit.edu.pa\/en\/grado-licenciaturas\/facultad-de-humanidades-y-ciencias-de-la-educacion-umecit\/","title":{"rendered":"Faculty of Humanities and Educational Sciences UMECIT"},"content":{"rendered":"<div data-elementor-type=\"wp-page\" data-elementor-id=\"116106\" class=\"elementor elementor-116106\" data-elementor-post-type=\"page\">\n\t\t\t\t\t\t<section class=\"elementor-section elementor-top-section elementor-element elementor-element-2e0181a elementor-section-boxed elementor-section-height-default elementor-section-height-default row-top\" data-id=\"2e0181a\" data-element_type=\"section\" data-e-type=\"section\">\n\t\t\t\t\t\t<div class=\"elementor-container elementor-column-gap-default\">\n\t\t\t\t\t<div class=\"elementor-column elementor-col-100 elementor-top-column elementor-element elementor-element-4406029 column-style-top\" data-id=\"4406029\" data-element_type=\"column\" data-e-type=\"column\">\n\t\t\t<div class=\"elementor-widget-wrap elementor-element-populated\">\n\t\t\t\t\t\t<section class=\"elementor-section elementor-inner-section elementor-element elementor-element-aaf5bd6 elementor-section-boxed elementor-section-height-default elementor-section-height-default row-top\" data-id=\"aaf5bd6\" data-element_type=\"section\" data-e-type=\"section\">\n\t\t\t\t\t\t<div class=\"elementor-container elementor-column-gap-default\">\n\t\t\t\t\t<div class=\"elementor-column elementor-col-50 elementor-inner-column elementor-element elementor-element-48bbdf0 column-style-top\" data-id=\"48bbdf0\" data-element_type=\"column\" data-e-type=\"column\">\n\t\t\t<div class=\"elementor-widget-wrap elementor-element-populated\">\n\t\t\t\t\t\t<div class=\"elementor-element elementor-element-ceada77 elementor-widget elementor-widget-image\" data-id=\"ceada77\" data-element_type=\"widget\" data-e-type=\"widget\" data-widget_type=\"image.default\">\n\t\t\t\t<div class=\"elementor-widget-container\">\n\t\t\t\t\t\t\t\t\t\t\t\t\t\t\t<img decoding=\"async\" width=\"353\" height=\"68\" src=\"https:\/\/umecit.edu.pa\/wp-content\/uploads\/2022\/08\/L-Umecit-facultad-humanidades-y-ciencias-de-la-educacion-1.png\" class=\"attachment-large size-large wp-image-29943\" alt=\"\" \/>\t\t\t\t\t\t\t\t\t\t\t\t\t\t\t<\/div>\n\t\t\t\t<\/div>\n\t\t\t\t\t<\/div>\n\t\t<\/div>\n\t\t\t\t<div class=\"elementor-column elementor-col-50 elementor-inner-column elementor-element elementor-element-a68ef48 column-style-top\" data-id=\"a68ef48\" data-element_type=\"column\" data-e-type=\"column\">\n\t\t\t<div class=\"elementor-widget-wrap elementor-element-populated\">\n\t\t\t\t\t\t<div class=\"elementor-element elementor-element-ec27875 elementor-widget elementor-widget-heading\" data-id=\"ec27875\" data-element_type=\"widget\" data-e-type=\"widget\" data-widget_type=\"heading.default\">\n\t\t\t\t<div class=\"elementor-widget-container\">\n\t\t\t\t\t<h1 class=\"elementor-heading-title elementor-size-default\"><span style=\"color: #06326b;font-weight: normal;font-size: 32px\">Bachelor&#039;s Degree <\/span><\/br>Faculty of<\/br>Humanities and Educational Sciences<\/h1>\t\t\t\t<\/div>\n\t\t\t\t<\/div>\n\t\t\t\t<div class=\"elementor-element elementor-element-e17381d elementor-widget elementor-widget-text-editor\" data-id=\"e17381d\" data-element_type=\"widget\" data-e-type=\"widget\" data-widget_type=\"text-editor.default\">\n\t\t\t\t<div class=\"elementor-widget-container\">\n\t\t\t\t\t\t\t\t\t<p>The UMECIT Faculty of Humanities and Educational Sciences prepares highly qualified professionals to face new social and educational challenges.<\/p>\t\t\t\t\t\t\t\t<\/div>\n\t\t\t\t<\/div>\n\t\t\t\t\t<\/div>\n\t\t<\/div>\n\t\t\t\t\t<\/div>\n\t\t<\/section>\n\t\t\t\t<div class=\"elementor-element elementor-element-4cf1161 elementor-widget elementor-widget-gva-course-banner-group\" data-id=\"4cf1161\" data-element_type=\"widget\" data-e-type=\"widget\" data-widget_type=\"gva-course-banner-group.default\">\n\t\t\t\t<div class=\"elementor-widget-container\">\n\t\t\t\t\t<div class=\"gva-element-gva-course-banner-group gva-element\">\r\n<div class=\"gsc-course-banner-group layout-grid style-3\">\r\n   <div class=\"lg-block-grid-3 md-block-grid-3 sm-block-grid-2 xs-block-grid-1 xx-block-grid-1\">\r\n      \r\n<div class=\"item course-banner-item\">\r\n   <div class=\"course-banner-item-content\">\r\n\r\n               <div class=\"banner-image\">\r\n            <img decoding=\"async\" src=\"https:\/\/umecit.edu.pa\/wp-content\/uploads\/2022\/02\/Licenciatura-en-Educacio\u0301n-Fi\u0301sica-y-Entrenamiento-Personal.jpg\" alt=\"Licenciatura en Educaci\u00f3n F\u00edsica y Entrenamiento Personal\" \/>\r\n         <\/div>\r\n      \r\n      <div class=\"banner-content\">\r\n                     <h3 class=\"title\">Bachelor's Degree in Physical Education and Personal Training<\/h3>\r\n               <\/div>\r\n\r\n      <div class=\"banner-hover\">\r\n                     <h5 class=\"subtitle\">View more<\/h5>\r\n                        <\/div>\r\n\r\n               <a class=\"link-term-overlay\" href=\"https:\/\/umecit.edu.pa\/en\/grado-licenciaturas\/facultad-de-humanidades-y-ciencias-de-la-educacion\/licenciatura-en-educacion-fisica-y-entrenamiento-personal\/\" ><\/a>\r\n                     \r\n   <\/div>\r\n<\/div>\r\n<div class=\"item course-banner-item\">\r\n   <div class=\"course-banner-item-content\">\r\n\r\n               <div class=\"banner-image\">\r\n            <img decoding=\"async\" src=\"https:\/\/umecit.edu.pa\/wp-content\/uploads\/2022\/02\/Licenciatura-en-Ingles.jpg\" alt=\"Licenciatura en Ingl\u00e9s\" \/>\r\n         <\/div>\r\n      \r\n      <div class=\"banner-content\">\r\n                     <h3 class=\"title\">Bachelor's Degree in English<\/h3>\r\n               <\/div>\r\n\r\n      <div class=\"banner-hover\">\r\n                     <h5 class=\"subtitle\">View more<\/h5>\r\n                        <\/div>\r\n\r\n               <a class=\"link-term-overlay\" href=\"https:\/\/umecit.edu.pa\/en\/grado-licenciaturas\/facultad-de-humanidades-y-ciencias-de-la-educacion\/licenciatura-en-ingles\/\" ><\/a>\r\n                     \r\n   <\/div>\r\n<\/div>\r\n<div class=\"item course-banner-item\">\r\n   <div class=\"course-banner-item-content\">\r\n\r\n               <div class=\"banner-image\">\r\n            <img decoding=\"async\" src=\"https:\/\/umecit.edu.pa\/wp-content\/uploads\/2022\/02\/Licenciatura-ene-Educacio\u0301n-Preescolar.jpg\" alt=\"Licenciatura en Educaci\u00f3n Preescolar\" \/>\r\n         <\/div>\r\n      \r\n      <div class=\"banner-content\">\r\n                     <h3 class=\"title\">Bachelor's Degree in Preschool Education<\/h3>\r\n               <\/div>\r\n\r\n      <div class=\"banner-hover\">\r\n                     <h5 class=\"subtitle\">View more<\/h5>\r\n                        <\/div>\r\n\r\n               <a class=\"link-term-overlay\" href=\"https:\/\/umecit.edu.pa\/en\/grado-licenciaturas\/facultad-de-humanidades-y-ciencias-de-la-educacion\/licenciatura-en-educacion-preescolar\/\" ><\/a>\r\n                     \r\n   <\/div>\r\n<\/div>\r\n<div class=\"item course-banner-item\">\r\n   <div class=\"course-banner-item-content\">\r\n\r\n               <div class=\"banner-image\">\r\n            <img decoding=\"async\" src=\"https:\/\/umecit.edu.pa\/wp-content\/uploads\/2022\/02\/Licenciatura-en-Trabajo-Social-y-Desarrollo-Humano.jpg\" alt=\"Licenciatura en Trabajo Social y Desarrollo Humano\" \/>\r\n         <\/div>\r\n      \r\n      <div class=\"banner-content\">\r\n                     <h3 class=\"title\">Bachelor's Degree in Social Work and Human Development<\/h3>\r\n               <\/div>\r\n\r\n      <div class=\"banner-hover\">\r\n                     <h5 class=\"subtitle\">View more<\/h5>\r\n                        <\/div>\r\n\r\n               <a class=\"link-term-overlay\" href=\"https:\/\/umecit.edu.pa\/en\/grado-licenciaturas\/facultad-de-humanidades-y-ciencias-de-la-educacion\/licenciatura-en-trabajo-social-y-desarrollo-humano\/\" ><\/a>\r\n                     \r\n   <\/div>\r\n<\/div>\r\n<div class=\"item course-banner-item\">\r\n   <div class=\"course-banner-item-content\">\r\n\r\n               <div class=\"banner-image\">\r\n            <img decoding=\"async\" src=\"https:\/\/umecit.edu.pa\/wp-content\/uploads\/2023\/08\/Licenciatura-en-Comunicacion-Social-Periodismo-y-Medios-Digitales.jpg\" alt=\"Licenciatura en Comunicaci\u00f3n Social, Periodismo y Medios Digitales\" \/>\r\n         <\/div>\r\n      \r\n      <div class=\"banner-content\">\r\n                     <h3 class=\"title\">Bachelor&#039;s Degree in Social Communication, Journalism and Digital Media<\/h3>\r\n               <\/div>\r\n\r\n      <div class=\"banner-hover\">\r\n                     <h5 class=\"subtitle\">View more<\/h5>\r\n                        <\/div>\r\n\r\n               <a class=\"link-term-overlay\" href=\"https:\/\/umecit.edu.pa\/en\/grado-licenciaturas\/facultad-de-humanidades-y-ciencias-de-la-educacion\/licenciatura-en-comunicacion-social-periodismo-y-medios-digitales\/\" ><\/a>\r\n                     \r\n   <\/div>\r\n<\/div>   <\/div>   \r\n<\/div>\r\n<\/div>\t\t\t\t<\/div>\n\t\t\t\t<\/div>\n\t\t\t\t\t<\/div>\n\t\t<\/div>\n\t\t\t\t\t<\/div>\n\t\t<\/section>\n\t\t\t\t<\/div>","protected":false},"excerpt":{"rendered":"<p>Licenciaturas Grado Facultad deHumanidades y Ciencias de la Educaci\u00f3n La Facultad de Humanidades y Ciencias de la Educaci\u00f3n de la UMECIT prepara a profesionales altamente calificados para afrontar los nuevos retos sociales y educativos. Licenciatura en Educaci\u00f3n F\u00edsica y Entrenamiento Personal Ver m\u00e1s Licenciatura en Ingl\u00e9s Ver m\u00e1s Licenciatura en Educaci\u00f3n Preescolar Ver m\u00e1s Licenciatura [&hellip;]<\/p>\n","protected":false},"author":695,"featured_media":31526,"parent":2222,"menu_order":0,"comment_status":"closed","ping_status":"closed","template":"","meta":{"footnotes":""},"class_list":["post-116106","page","type-page","status-publish","has-post-thumbnail","hentry"],"yoast_head":"<!-- This site is optimized with the Yoast SEO plugin v27.1.1 - https:\/\/yoast.com\/product\/yoast-seo-wordpress\/ -->\n<title>Facultad de Humanidades y Ciencias de la Educaci\u00f3n | UMECIT<\/title>\n<meta name=\"description\" content=\"Facultad de Humanidades y Ciencias de la Educaci\u00f3n prepara a profesionales altamente calificados para afrontar los nuevos retos sociales y educativo\" \/>\n<meta name=\"robots\" content=\"index, follow, max-snippet:-1, max-image-preview:large, max-video-preview:-1\" \/>\n<link rel=\"canonical\" href=\"https:\/\/umecit.edu.pa\/en\/grado-licenciaturas\/facultad-de-humanidades-y-ciencias-de-la-educacion-umecit\/\" \/>\n<meta property=\"og:locale\" content=\"en_US\" \/>\n<meta property=\"og:type\" content=\"article\" \/>\n<meta property=\"og:title\" content=\"Facultad de Humanidades y Ciencias de la Educaci\u00f3n | UMECIT\" \/>\n<meta property=\"og:description\" content=\"Facultad de Humanidades y Ciencias de la Educaci\u00f3n prepara a profesionales altamente calificados para afrontar los nuevos retos sociales y educativo\" \/>\n<meta property=\"og:url\" content=\"https:\/\/umecit.edu.pa\/en\/grado-licenciaturas\/facultad-de-humanidades-y-ciencias-de-la-educacion-umecit\/\" \/>\n<meta property=\"og:site_name\" content=\"Umecit - Universidad en Panam\u00e1\" \/>\n<meta property=\"article:publisher\" content=\"https:\/\/www.facebook.com\/umecitpanama\/\" \/>\n<meta property=\"article:modified_time\" content=\"2025-05-05T19:27:53+00:00\" \/>\n<meta property=\"og:image\" content=\"https:\/\/umecit.edu.pa\/wp-content\/uploads\/2022\/08\/F-Facultad-de-Humanidades-y-Ciencias-de-la-Educacio\u0301n.jpg\" \/>\n\t<meta property=\"og:image:width\" content=\"500\" \/>\n\t<meta property=\"og:image:height\" content=\"370\" \/>\n\t<meta property=\"og:image:type\" content=\"image\/jpeg\" \/>\n<meta name=\"twitter:card\" content=\"summary_large_image\" \/>\n<meta name=\"twitter:site\" content=\"@umecitpanama\" \/>\n<meta name=\"twitter:label1\" content=\"Est. reading time\" \/>\n\t<meta name=\"twitter:data1\" content=\"2 minutes\" \/>\n<script type=\"application\/ld+json\" class=\"yoast-schema-graph\">{\"@context\":\"https:\/\/schema.org\",\"@graph\":[{\"@type\":\"WebPage\",\"@id\":\"https:\/\/umecit.edu.pa\/grado-licenciaturas\/facultad-de-humanidades-y-ciencias-de-la-educacion-umecit\/\",\"url\":\"https:\/\/umecit.edu.pa\/grado-licenciaturas\/facultad-de-humanidades-y-ciencias-de-la-educacion-umecit\/\",\"name\":\"Facultad de Humanidades y Ciencias de la Educaci\u00f3n | UMECIT\",\"isPartOf\":{\"@id\":\"https:\/\/umecit.edu.pa\/#website\"},\"primaryImageOfPage\":{\"@id\":\"https:\/\/umecit.edu.pa\/grado-licenciaturas\/facultad-de-humanidades-y-ciencias-de-la-educacion-umecit\/#primaryimage\"},\"image\":{\"@id\":\"https:\/\/umecit.edu.pa\/grado-licenciaturas\/facultad-de-humanidades-y-ciencias-de-la-educacion-umecit\/#primaryimage\"},\"thumbnailUrl\":\"https:\/\/umecit.edu.pa\/wp-content\/uploads\/2022\/08\/F-Facultad-de-Humanidades-y-Ciencias-de-la-Educacio\u0301n.jpg\",\"datePublished\":\"2024-07-22T21:02:14+00:00\",\"dateModified\":\"2025-05-05T19:27:53+00:00\",\"description\":\"Facultad de Humanidades y Ciencias de la Educaci\u00f3n prepara a profesionales altamente calificados para afrontar los nuevos retos sociales y educativo\",\"breadcrumb\":{\"@id\":\"https:\/\/umecit.edu.pa\/grado-licenciaturas\/facultad-de-humanidades-y-ciencias-de-la-educacion-umecit\/#breadcrumb\"},\"inLanguage\":\"en-US\",\"potentialAction\":[{\"@type\":\"ReadAction\",\"target\":[\"https:\/\/umecit.edu.pa\/grado-licenciaturas\/facultad-de-humanidades-y-ciencias-de-la-educacion-umecit\/\"]}]},{\"@type\":\"ImageObject\",\"inLanguage\":\"en-US\",\"@id\":\"https:\/\/umecit.edu.pa\/grado-licenciaturas\/facultad-de-humanidades-y-ciencias-de-la-educacion-umecit\/#primaryimage\",\"url\":\"https:\/\/umecit.edu.pa\/wp-content\/uploads\/2022\/08\/F-Facultad-de-Humanidades-y-Ciencias-de-la-Educacio\u0301n.jpg\",\"contentUrl\":\"https:\/\/umecit.edu.pa\/wp-content\/uploads\/2022\/08\/F-Facultad-de-Humanidades-y-Ciencias-de-la-Educacio\u0301n.jpg\",\"width\":500,\"height\":370,\"caption\":\"Facultad de Humanidades y Ciencias de la Educaci\u00f3n\"},{\"@type\":\"BreadcrumbList\",\"@id\":\"https:\/\/umecit.edu.pa\/grado-licenciaturas\/facultad-de-humanidades-y-ciencias-de-la-educacion-umecit\/#breadcrumb\",\"itemListElement\":[{\"@type\":\"ListItem\",\"position\":1,\"name\":\"Portada\",\"item\":\"https:\/\/umecit.edu.pa\/\"},{\"@type\":\"ListItem\",\"position\":2,\"name\":\"Grado\",\"item\":\"https:\/\/umecit.edu.pa\/grado-licenciaturas\/\"},{\"@type\":\"ListItem\",\"position\":3,\"name\":\"Facultad de Humanidades y Ciencias de la Educaci\u00f3n UMECIT\"}]},{\"@type\":\"WebSite\",\"@id\":\"https:\/\/umecit.edu.pa\/#website\",\"url\":\"https:\/\/umecit.edu.pa\/\",\"name\":\"Umecit - Universidad en Panam\u00e1\",\"description\":\"Universidad Metropolitana de Educaci\u00f3n, Ciencia y Tecnolog\u00eda\",\"publisher\":{\"@id\":\"https:\/\/umecit.edu.pa\/#organization\"},\"potentialAction\":[{\"@type\":\"SearchAction\",\"target\":{\"@type\":\"EntryPoint\",\"urlTemplate\":\"https:\/\/umecit.edu.pa\/?s={search_term_string}\"},\"query-input\":{\"@type\":\"PropertyValueSpecification\",\"valueRequired\":true,\"valueName\":\"search_term_string\"}}],\"inLanguage\":\"en-US\"},{\"@type\":\"Organization\",\"@id\":\"https:\/\/umecit.edu.pa\/#organization\",\"name\":\"Umecit - Universidad en Panam\u00e1\",\"url\":\"https:\/\/umecit.edu.pa\/\",\"logo\":{\"@type\":\"ImageObject\",\"inLanguage\":\"en-US\",\"@id\":\"https:\/\/umecit.edu.pa\/#\/schema\/logo\/image\/\",\"url\":\"https:\/\/umecit.edu.pa\/wp-content\/uploads\/2022\/06\/panama-7.jpg\",\"contentUrl\":\"https:\/\/umecit.edu.pa\/wp-content\/uploads\/2022\/06\/panama-7.jpg\",\"width\":1200,\"height\":800,\"caption\":\"Umecit - Universidad en Panam\u00e1\"},\"image\":{\"@id\":\"https:\/\/umecit.edu.pa\/#\/schema\/logo\/image\/\"},\"sameAs\":[\"https:\/\/www.facebook.com\/umecitpanama\/\",\"https:\/\/x.com\/umecitpanama\",\"https:\/\/www.tiktok.com\/@umecit\",\"https:\/\/www.instagram.com\/umecit\/\",\"https:\/\/www.youtube.com\/channel\/UCP9iXFXi4p_EW_p9p6lprhg\"]}]}<\/script>\n<!-- \/ Yoast SEO plugin. -->","yoast_head_json":{"title":"Faculty of Humanities and Education Sciences | UMECIT","description":"The Faculty of Humanities and Education Sciences prepares highly qualified professionals to face new social and educational challenges.","robots":{"index":"index","follow":"follow","max-snippet":"max-snippet:-1","max-image-preview":"max-image-preview:large","max-video-preview":"max-video-preview:-1"},"canonical":"https:\/\/umecit.edu.pa\/en\/grado-licenciaturas\/facultad-de-humanidades-y-ciencias-de-la-educacion-umecit\/","og_locale":"en_US","og_type":"article","og_title":"Facultad de Humanidades y Ciencias de la Educaci\u00f3n | UMECIT","og_description":"Facultad de Humanidades y Ciencias de la Educaci\u00f3n prepara a profesionales altamente calificados para afrontar los nuevos retos sociales y educativo","og_url":"https:\/\/umecit.edu.pa\/en\/grado-licenciaturas\/facultad-de-humanidades-y-ciencias-de-la-educacion-umecit\/","og_site_name":"Umecit - Universidad en Panam\u00e1","article_publisher":"https:\/\/www.facebook.com\/umecitpanama\/","article_modified_time":"2025-05-05T19:27:53+00:00","og_image":[{"width":500,"height":370,"url":"https:\/\/umecit.edu.pa\/wp-content\/uploads\/2022\/08\/F-Facultad-de-Humanidades-y-Ciencias-de-la-Educacio\u0301n.jpg","type":"image\/jpeg"}],"twitter_card":"summary_large_image","twitter_site":"@umecitpanama","twitter_misc":{"Est. reading time":"2 minutes"},"schema":{"@context":"https:\/\/schema.org","@graph":[{"@type":"WebPage","@id":"https:\/\/umecit.edu.pa\/grado-licenciaturas\/facultad-de-humanidades-y-ciencias-de-la-educacion-umecit\/","url":"https:\/\/umecit.edu.pa\/grado-licenciaturas\/facultad-de-humanidades-y-ciencias-de-la-educacion-umecit\/","name":"Faculty of Humanities and Education Sciences | UMECIT","isPartOf":{"@id":"https:\/\/umecit.edu.pa\/#website"},"primaryImageOfPage":{"@id":"https:\/\/umecit.edu.pa\/grado-licenciaturas\/facultad-de-humanidades-y-ciencias-de-la-educacion-umecit\/#primaryimage"},"image":{"@id":"https:\/\/umecit.edu.pa\/grado-licenciaturas\/facultad-de-humanidades-y-ciencias-de-la-educacion-umecit\/#primaryimage"},"thumbnailUrl":"https:\/\/umecit.edu.pa\/wp-content\/uploads\/2022\/08\/F-Facultad-de-Humanidades-y-Ciencias-de-la-Educacio\u0301n.jpg","datePublished":"2024-07-22T21:02:14+00:00","dateModified":"2025-05-05T19:27:53+00:00","description":"The Faculty of Humanities and Education Sciences prepares highly qualified professionals to face new social and educational challenges.","breadcrumb":{"@id":"https:\/\/umecit.edu.pa\/grado-licenciaturas\/facultad-de-humanidades-y-ciencias-de-la-educacion-umecit\/#breadcrumb"},"inLanguage":"en-US","potentialAction":[{"@type":"ReadAction","target":["https:\/\/umecit.edu.pa\/grado-licenciaturas\/facultad-de-humanidades-y-ciencias-de-la-educacion-umecit\/"]}]},{"@type":"ImageObject","inLanguage":"en-US","@id":"https:\/\/umecit.edu.pa\/grado-licenciaturas\/facultad-de-humanidades-y-ciencias-de-la-educacion-umecit\/#primaryimage","url":"https:\/\/umecit.edu.pa\/wp-content\/uploads\/2022\/08\/F-Facultad-de-Humanidades-y-Ciencias-de-la-Educacio\u0301n.jpg","contentUrl":"https:\/\/umecit.edu.pa\/wp-content\/uploads\/2022\/08\/F-Facultad-de-Humanidades-y-Ciencias-de-la-Educacio\u0301n.jpg","width":500,"height":370,"caption":"Facultad de Humanidades y Ciencias de la Educaci\u00f3n"},{"@type":"BreadcrumbList","@id":"https:\/\/umecit.edu.pa\/grado-licenciaturas\/facultad-de-humanidades-y-ciencias-de-la-educacion-umecit\/#breadcrumb","itemListElement":[{"@type":"ListItem","position":1,"name":"Portada","item":"https:\/\/umecit.edu.pa\/"},{"@type":"ListItem","position":2,"name":"Grado","item":"https:\/\/umecit.edu.pa\/grado-licenciaturas\/"},{"@type":"ListItem","position":3,"name":"Facultad de Humanidades y Ciencias de la Educaci\u00f3n UMECIT"}]},{"@type":"WebSite","@id":"https:\/\/umecit.edu.pa\/#website","url":"https:\/\/umecit.edu.pa\/","name":"Umecit - University in Panama","description":"Metropolitan University of Education, Science and Technology","publisher":{"@id":"https:\/\/umecit.edu.pa\/#organization"},"potentialAction":[{"@type":"SearchAction","target":{"@type":"EntryPoint","urlTemplate":"https:\/\/umecit.edu.pa\/?s={search_term_string}"},"query-input":{"@type":"PropertyValueSpecification","valueRequired":true,"valueName":"search_term_string"}}],"inLanguage":"en-US"},{"@type":"Organization","@id":"https:\/\/umecit.edu.pa\/#organization","name":"Umecit - University in Panama","url":"https:\/\/umecit.edu.pa\/","logo":{"@type":"ImageObject","inLanguage":"en-US","@id":"https:\/\/umecit.edu.pa\/#\/schema\/logo\/image\/","url":"https:\/\/umecit.edu.pa\/wp-content\/uploads\/2022\/06\/panama-7.jpg","contentUrl":"https:\/\/umecit.edu.pa\/wp-content\/uploads\/2022\/06\/panama-7.jpg","width":1200,"height":800,"caption":"Umecit - Universidad en Panam\u00e1"},"image":{"@id":"https:\/\/umecit.edu.pa\/#\/schema\/logo\/image\/"},"sameAs":["https:\/\/www.facebook.com\/umecitpanama\/","https:\/\/x.com\/umecitpanama","https:\/\/www.tiktok.com\/@umecit","https:\/\/www.instagram.com\/umecit\/","https:\/\/www.youtube.com\/channel\/UCP9iXFXi4p_EW_p9p6lprhg"]}]}},"_links":{"self":[{"href":"https:\/\/umecit.edu.pa\/en\/wp-json\/wp\/v2\/pages\/116106","targetHints":{"allow":["GET"]}}],"collection":[{"href":"https:\/\/umecit.edu.pa\/en\/wp-json\/wp\/v2\/pages"}],"about":[{"href":"https:\/\/umecit.edu.pa\/en\/wp-json\/wp\/v2\/types\/page"}],"author":[{"embeddable":true,"href":"https:\/\/umecit.edu.pa\/en\/wp-json\/wp\/v2\/users\/695"}],"replies":[{"embeddable":true,"href":"https:\/\/umecit.edu.pa\/en\/wp-json\/wp\/v2\/comments?post=116106"}],"version-history":[{"count":18,"href":"https:\/\/umecit.edu.pa\/en\/wp-json\/wp\/v2\/pages\/116106\/revisions"}],"predecessor-version":[{"id":124657,"href":"https:\/\/umecit.edu.pa\/en\/wp-json\/wp\/v2\/pages\/116106\/revisions\/124657"}],"up":[{"embeddable":true,"href":"https:\/\/umecit.edu.pa\/en\/wp-json\/wp\/v2\/pages\/2222"}],"wp:featuredmedia":[{"embeddable":true,"href":"https:\/\/umecit.edu.pa\/en\/wp-json\/wp\/v2\/media\/31526"}],"wp:attachment":[{"href":"https:\/\/umecit.edu.pa\/en\/wp-json\/wp\/v2\/media?parent=116106"}],"curies":[{"name":"wp","href":"https:\/\/api.w.org\/{rel}","templated":true}]}}