{"id":115299,"date":"2024-06-27T16:11:17","date_gmt":"2024-06-27T21:11:17","guid":{"rendered":"https:\/\/umecit.edu.pa\/?page_id=115299"},"modified":"2025-05-05T14:12:39","modified_gmt":"2025-05-05T19:12:39","slug":"facultad-de-derecho-y-ciencias-forenses-umecit","status":"publish","type":"page","link":"https:\/\/umecit.edu.pa\/en\/grado-licenciaturas\/facultad-de-derecho-y-ciencias-forenses-umecit\/","title":{"rendered":"Faculty of Law and Forensic Sciences \u2013 UMECIT"},"content":{"rendered":"<div data-elementor-type=\"wp-page\" data-elementor-id=\"115299\" class=\"elementor elementor-115299\" data-elementor-post-type=\"page\">\n\t\t\t\t\t\t<section class=\"elementor-section elementor-top-section elementor-element elementor-element-2e0181a elementor-section-boxed elementor-section-height-default elementor-section-height-default row-top\" data-id=\"2e0181a\" data-element_type=\"section\" data-e-type=\"section\">\n\t\t\t\t\t\t<div class=\"elementor-container elementor-column-gap-default\">\n\t\t\t\t\t<div class=\"elementor-column elementor-col-100 elementor-top-column elementor-element elementor-element-4406029 column-style-top\" data-id=\"4406029\" data-element_type=\"column\" data-e-type=\"column\">\n\t\t\t<div class=\"elementor-widget-wrap elementor-element-populated\">\n\t\t\t\t\t\t<section class=\"elementor-section elementor-inner-section elementor-element elementor-element-e58c79e elementor-section-boxed elementor-section-height-default elementor-section-height-default row-top\" data-id=\"e58c79e\" data-element_type=\"section\" data-e-type=\"section\">\n\t\t\t\t\t\t<div class=\"elementor-container elementor-column-gap-default\">\n\t\t\t\t\t<div class=\"elementor-column elementor-col-50 elementor-inner-column elementor-element elementor-element-68a0a6d column-style-top\" data-id=\"68a0a6d\" data-element_type=\"column\" data-e-type=\"column\">\n\t\t\t<div class=\"elementor-widget-wrap elementor-element-populated\">\n\t\t\t\t\t\t<div class=\"elementor-element elementor-element-2f41c45 elementor-widget elementor-widget-image\" data-id=\"2f41c45\" data-element_type=\"widget\" data-e-type=\"widget\" data-widget_type=\"image.default\">\n\t\t\t\t<div class=\"elementor-widget-container\">\n\t\t\t\t\t\t\t\t\t\t\t\t\t\t\t<img decoding=\"async\" width=\"353\" height=\"68\" src=\"https:\/\/umecit.edu.pa\/wp-content\/uploads\/2022\/08\/L-Umecit-facultad-derecho-y-ciencias-forenses.png\" class=\"attachment-large size-large wp-image-30259\" alt=\"\" \/>\t\t\t\t\t\t\t\t\t\t\t\t\t\t\t<\/div>\n\t\t\t\t<\/div>\n\t\t\t\t\t<\/div>\n\t\t<\/div>\n\t\t\t\t<div class=\"elementor-column elementor-col-50 elementor-inner-column elementor-element elementor-element-15c47d2 column-style-top\" data-id=\"15c47d2\" data-element_type=\"column\" data-e-type=\"column\">\n\t\t\t<div class=\"elementor-widget-wrap elementor-element-populated\">\n\t\t\t\t\t\t<div class=\"elementor-element elementor-element-b33fb98 elementor-widget elementor-widget-heading\" data-id=\"b33fb98\" data-element_type=\"widget\" data-e-type=\"widget\" data-widget_type=\"heading.default\">\n\t\t\t\t<div class=\"elementor-widget-container\">\n\t\t\t\t\t<h1 class=\"elementor-heading-title elementor-size-default\"><span style=\"color: #06326b;font-weight: normal;font-size: 32px\">Bachelor&#039;s Degree <\/span><\/br>Faculty of<\/br>Law and Forensic Sciences<\/h1>\t\t\t\t<\/div>\n\t\t\t\t<\/div>\n\t\t\t\t<div class=\"elementor-element elementor-element-d84ce81 elementor-widget elementor-widget-text-editor\" data-id=\"d84ce81\" data-element_type=\"widget\" data-e-type=\"widget\" data-widget_type=\"text-editor.default\">\n\t\t\t\t<div class=\"elementor-widget-container\">\n\t\t\t\t\t\t\t\t\t<p>The Faculty of Law and Political Sciences of UMECIT has a comprehensive training for a high labor competence.<\/p>\t\t\t\t\t\t\t\t<\/div>\n\t\t\t\t<\/div>\n\t\t\t\t\t<\/div>\n\t\t<\/div>\n\t\t\t\t\t<\/div>\n\t\t<\/section>\n\t\t\t\t<div class=\"elementor-element elementor-element-36932bb elementor-widget elementor-widget-gva-course-banner-group\" data-id=\"36932bb\" data-element_type=\"widget\" data-e-type=\"widget\" data-widget_type=\"gva-course-banner-group.default\">\n\t\t\t\t<div class=\"elementor-widget-container\">\n\t\t\t\t\t<div class=\"gva-element-gva-course-banner-group gva-element\">\r\n<div class=\"gsc-course-banner-group layout-grid style-3\">\r\n   <div class=\"lg-block-grid-2 md-block-grid-2 sm-block-grid-2 xs-block-grid-1 xx-block-grid-1\">\r\n      \r\n<div class=\"item course-banner-item\">\r\n   <div class=\"course-banner-item-content\">\r\n\r\n               <div class=\"banner-image\">\r\n            <img decoding=\"async\" src=\"https:\/\/umecit.edu.pa\/wp-content\/uploads\/2022\/02\/Licenciatura-en-Criminali\u0301stica-y-Ciencias-Forenses.jpg\" alt=\"Licenciatura en Criminal\u00edstica y Ciencias Forenses\" \/>\r\n         <\/div>\r\n      \r\n      <div class=\"banner-content\">\r\n                     <h3 class=\"title\">Bachelor's Degree in Criminalistics and Forensic Sciences<\/h3>\r\n               <\/div>\r\n\r\n      <div class=\"banner-hover\">\r\n                     <h5 class=\"subtitle\">View more<\/h5>\r\n                        <\/div>\r\n\r\n               <a class=\"link-term-overlay\" href=\"https:\/\/umecit.edu.pa\/en\/grado-licenciaturas\/facultad-de-derecho-y-ciencias-forenses\/licenciatura-en-criminalistica-y-ciencias-forenses\/\" ><\/a>\r\n                     \r\n   <\/div>\r\n<\/div>\r\n<div class=\"item course-banner-item\">\r\n   <div class=\"course-banner-item-content\">\r\n\r\n               <div class=\"banner-image\">\r\n            <img decoding=\"async\" src=\"https:\/\/umecit.edu.pa\/wp-content\/uploads\/2022\/02\/Licenciatura-en-Derecho-y-Ciencias-Poli\u0301ticas.jpg\" alt=\"Licenciatura en Derecho y Ciencias Pol\u00edticas\" \/>\r\n         <\/div>\r\n      \r\n      <div class=\"banner-content\">\r\n                     <h3 class=\"title\">Bachelor's Degree in Law and Political Science<\/h3>\r\n               <\/div>\r\n\r\n      <div class=\"banner-hover\">\r\n                     <h5 class=\"subtitle\">View more<\/h5>\r\n                        <\/div>\r\n\r\n               <a class=\"link-term-overlay\" href=\"https:\/\/umecit.edu.pa\/en\/grado-licenciaturas\/facultad-de-derecho-y-ciencias-forenses\/licenciatura-en-derecho-y-ciencias-politicas\/\" ><\/a>\r\n                     \r\n   <\/div>\r\n<\/div>   <\/div>   \r\n<\/div>\r\n<\/div>\t\t\t\t<\/div>\n\t\t\t\t<\/div>\n\t\t\t\t\t<\/div>\n\t\t<\/div>\n\t\t\t\t\t<\/div>\n\t\t<\/section>\n\t\t\t\t<\/div>","protected":false},"excerpt":{"rendered":"<p>Bachelor&#039;s Degree Faculty of Law and Forensic Sciences The Faculty of Law and Political Sciences of the UMECIT has comprehensive training for high work competence. Bachelor&#039;s Degree in Criminalistics and Forensic Sciences See more Bachelor&#039;s Degree in Law and Political Science See more<\/p>","protected":false},"author":695,"featured_media":31523,"parent":2222,"menu_order":0,"comment_status":"closed","ping_status":"closed","template":"","meta":{"footnotes":""},"class_list":["post-115299","page","type-page","status-publish","has-post-thumbnail","hentry"],"yoast_head":"<!-- This site is optimized with the Yoast SEO plugin v27.1.1 - https:\/\/yoast.com\/product\/yoast-seo-wordpress\/ -->\n<title>Facultad de Derecho y Ciencias Forenses | UMECIT<\/title>\n<meta name=\"description\" content=\"La Facultad de Derecho y Ciencias Pol\u00edticas de la Universidad Metropolitana de Educaci\u00f3n, Ciencia y Tecnolog\u00eda, centra su inter\u00e9s en el desarrollo de las competencias b\u00e1sicas y espec\u00edficas fundamentales para el desempe\u00f1o profesional, desde las premisas del modelo ciber-humanista que representa la realidad educativa de la instituci\u00f3n.\" \/>\n<meta name=\"robots\" content=\"index, follow, max-snippet:-1, max-image-preview:large, max-video-preview:-1\" \/>\n<link rel=\"canonical\" href=\"https:\/\/umecit.edu.pa\/en\/grado-licenciaturas\/facultad-de-derecho-y-ciencias-forenses-umecit\/\" \/>\n<meta property=\"og:locale\" content=\"en_US\" \/>\n<meta property=\"og:type\" content=\"article\" \/>\n<meta property=\"og:title\" content=\"Facultad de Derecho y Ciencias Forenses | UMECIT\" \/>\n<meta property=\"og:description\" content=\"La Facultad de Derecho y Ciencias Pol\u00edticas de la Universidad Metropolitana de Educaci\u00f3n, Ciencia y Tecnolog\u00eda, centra su inter\u00e9s en el desarrollo de las competencias b\u00e1sicas y espec\u00edficas fundamentales para el desempe\u00f1o profesional, desde las premisas del modelo ciber-humanista que representa la realidad educativa de la instituci\u00f3n.\" \/>\n<meta property=\"og:url\" content=\"https:\/\/umecit.edu.pa\/en\/grado-licenciaturas\/facultad-de-derecho-y-ciencias-forenses-umecit\/\" \/>\n<meta property=\"og:site_name\" content=\"Umecit - Universidad en Panam\u00e1\" \/>\n<meta property=\"article:publisher\" content=\"https:\/\/www.facebook.com\/umecitpanama\/\" \/>\n<meta property=\"article:modified_time\" content=\"2025-05-05T19:12:39+00:00\" \/>\n<meta property=\"og:image\" content=\"https:\/\/umecit.edu.pa\/wp-content\/uploads\/2022\/08\/F-Facultad-de-Derecho-y-Ciencias-Forenses.jpg\" \/>\n\t<meta property=\"og:image:width\" content=\"500\" \/>\n\t<meta property=\"og:image:height\" content=\"370\" \/>\n\t<meta property=\"og:image:type\" content=\"image\/jpeg\" \/>\n<meta name=\"twitter:card\" content=\"summary_large_image\" \/>\n<meta name=\"twitter:site\" content=\"@umecitpanama\" \/>\n<meta name=\"twitter:label1\" content=\"Est. reading time\" \/>\n\t<meta name=\"twitter:data1\" content=\"1 minute\" \/>\n<script type=\"application\/ld+json\" class=\"yoast-schema-graph\">{\"@context\":\"https:\/\/schema.org\",\"@graph\":[{\"@type\":\"WebPage\",\"@id\":\"https:\/\/umecit.edu.pa\/grado-licenciaturas\/facultad-de-derecho-y-ciencias-forenses-umecit\/\",\"url\":\"https:\/\/umecit.edu.pa\/grado-licenciaturas\/facultad-de-derecho-y-ciencias-forenses-umecit\/\",\"name\":\"Facultad de Derecho y Ciencias Forenses | UMECIT\",\"isPartOf\":{\"@id\":\"https:\/\/umecit.edu.pa\/#website\"},\"primaryImageOfPage\":{\"@id\":\"https:\/\/umecit.edu.pa\/grado-licenciaturas\/facultad-de-derecho-y-ciencias-forenses-umecit\/#primaryimage\"},\"image\":{\"@id\":\"https:\/\/umecit.edu.pa\/grado-licenciaturas\/facultad-de-derecho-y-ciencias-forenses-umecit\/#primaryimage\"},\"thumbnailUrl\":\"https:\/\/umecit.edu.pa\/wp-content\/uploads\/2022\/08\/F-Facultad-de-Derecho-y-Ciencias-Forenses.jpg\",\"datePublished\":\"2024-06-27T21:11:17+00:00\",\"dateModified\":\"2025-05-05T19:12:39+00:00\",\"description\":\"La Facultad de Derecho y Ciencias Pol\u00edticas de la Universidad Metropolitana de Educaci\u00f3n, Ciencia y Tecnolog\u00eda, centra su inter\u00e9s en el desarrollo de las competencias b\u00e1sicas y espec\u00edficas fundamentales para el desempe\u00f1o profesional, desde las premisas del modelo ciber-humanista que representa la realidad educativa de la instituci\u00f3n.\",\"breadcrumb\":{\"@id\":\"https:\/\/umecit.edu.pa\/grado-licenciaturas\/facultad-de-derecho-y-ciencias-forenses-umecit\/#breadcrumb\"},\"inLanguage\":\"en-US\",\"potentialAction\":[{\"@type\":\"ReadAction\",\"target\":[\"https:\/\/umecit.edu.pa\/grado-licenciaturas\/facultad-de-derecho-y-ciencias-forenses-umecit\/\"]}]},{\"@type\":\"ImageObject\",\"inLanguage\":\"en-US\",\"@id\":\"https:\/\/umecit.edu.pa\/grado-licenciaturas\/facultad-de-derecho-y-ciencias-forenses-umecit\/#primaryimage\",\"url\":\"https:\/\/umecit.edu.pa\/wp-content\/uploads\/2022\/08\/F-Facultad-de-Derecho-y-Ciencias-Forenses.jpg\",\"contentUrl\":\"https:\/\/umecit.edu.pa\/wp-content\/uploads\/2022\/08\/F-Facultad-de-Derecho-y-Ciencias-Forenses.jpg\",\"width\":500,\"height\":370,\"caption\":\"Facultad de Derecho y Ciencias Forenses\"},{\"@type\":\"BreadcrumbList\",\"@id\":\"https:\/\/umecit.edu.pa\/grado-licenciaturas\/facultad-de-derecho-y-ciencias-forenses-umecit\/#breadcrumb\",\"itemListElement\":[{\"@type\":\"ListItem\",\"position\":1,\"name\":\"Portada\",\"item\":\"https:\/\/umecit.edu.pa\/\"},{\"@type\":\"ListItem\",\"position\":2,\"name\":\"Grado\",\"item\":\"https:\/\/umecit.edu.pa\/en\/grado-licenciaturas\/\"},{\"@type\":\"ListItem\",\"position\":3,\"name\":\"Facultad de Derecho y Ciencias Forenses &#8211; UMECIT\"}]},{\"@type\":\"WebSite\",\"@id\":\"https:\/\/umecit.edu.pa\/#website\",\"url\":\"https:\/\/umecit.edu.pa\/\",\"name\":\"Umecit - Universidad en Panam\u00e1\",\"description\":\"Universidad Metropolitana de Educaci\u00f3n, Ciencia y Tecnolog\u00eda\",\"publisher\":{\"@id\":\"https:\/\/umecit.edu.pa\/#organization\"},\"potentialAction\":[{\"@type\":\"SearchAction\",\"target\":{\"@type\":\"EntryPoint\",\"urlTemplate\":\"https:\/\/umecit.edu.pa\/?s={search_term_string}\"},\"query-input\":{\"@type\":\"PropertyValueSpecification\",\"valueRequired\":true,\"valueName\":\"search_term_string\"}}],\"inLanguage\":\"en-US\"},{\"@type\":\"Organization\",\"@id\":\"https:\/\/umecit.edu.pa\/#organization\",\"name\":\"Umecit - Universidad en Panam\u00e1\",\"url\":\"https:\/\/umecit.edu.pa\/\",\"logo\":{\"@type\":\"ImageObject\",\"inLanguage\":\"en-US\",\"@id\":\"https:\/\/umecit.edu.pa\/#\/schema\/logo\/image\/\",\"url\":\"https:\/\/umecit.edu.pa\/wp-content\/uploads\/2022\/06\/panama-7.jpg\",\"contentUrl\":\"https:\/\/umecit.edu.pa\/wp-content\/uploads\/2022\/06\/panama-7.jpg\",\"width\":1200,\"height\":800,\"caption\":\"Umecit - Universidad en Panam\u00e1\"},\"image\":{\"@id\":\"https:\/\/umecit.edu.pa\/#\/schema\/logo\/image\/\"},\"sameAs\":[\"https:\/\/www.facebook.com\/umecitpanama\/\",\"https:\/\/x.com\/umecitpanama\",\"https:\/\/www.tiktok.com\/@umecit\",\"https:\/\/www.instagram.com\/umecit\/\",\"https:\/\/www.youtube.com\/channel\/UCP9iXFXi4p_EW_p9p6lprhg\"]}]}<\/script>\n<!-- \/ Yoast SEO plugin. -->","yoast_head_json":{"title":"Faculty of Law and Forensic Sciences | UMECIT","description":"The Faculty of Law and Political Science at the Metropolitan University of Education, Science and Technology focuses on developing the basic and specific competencies essential for professional performance, based on the premises of the cyber-humanist model that represents the institution&#039;s educational reality.","robots":{"index":"index","follow":"follow","max-snippet":"max-snippet:-1","max-image-preview":"max-image-preview:large","max-video-preview":"max-video-preview:-1"},"canonical":"https:\/\/umecit.edu.pa\/en\/grado-licenciaturas\/facultad-de-derecho-y-ciencias-forenses-umecit\/","og_locale":"en_US","og_type":"article","og_title":"Facultad de Derecho y Ciencias Forenses | UMECIT","og_description":"La Facultad de Derecho y Ciencias Pol\u00edticas de la Universidad Metropolitana de Educaci\u00f3n, Ciencia y Tecnolog\u00eda, centra su inter\u00e9s en el desarrollo de las competencias b\u00e1sicas y espec\u00edficas fundamentales para el desempe\u00f1o profesional, desde las premisas del modelo ciber-humanista que representa la realidad educativa de la instituci\u00f3n.","og_url":"https:\/\/umecit.edu.pa\/en\/grado-licenciaturas\/facultad-de-derecho-y-ciencias-forenses-umecit\/","og_site_name":"Umecit - Universidad en Panam\u00e1","article_publisher":"https:\/\/www.facebook.com\/umecitpanama\/","article_modified_time":"2025-05-05T19:12:39+00:00","og_image":[{"width":500,"height":370,"url":"https:\/\/umecit.edu.pa\/wp-content\/uploads\/2022\/08\/F-Facultad-de-Derecho-y-Ciencias-Forenses.jpg","type":"image\/jpeg"}],"twitter_card":"summary_large_image","twitter_site":"@umecitpanama","twitter_misc":{"Est. reading time":"1 minute"},"schema":{"@context":"https:\/\/schema.org","@graph":[{"@type":"WebPage","@id":"https:\/\/umecit.edu.pa\/grado-licenciaturas\/facultad-de-derecho-y-ciencias-forenses-umecit\/","url":"https:\/\/umecit.edu.pa\/grado-licenciaturas\/facultad-de-derecho-y-ciencias-forenses-umecit\/","name":"Faculty of Law and Forensic Sciences | UMECIT","isPartOf":{"@id":"https:\/\/umecit.edu.pa\/#website"},"primaryImageOfPage":{"@id":"https:\/\/umecit.edu.pa\/grado-licenciaturas\/facultad-de-derecho-y-ciencias-forenses-umecit\/#primaryimage"},"image":{"@id":"https:\/\/umecit.edu.pa\/grado-licenciaturas\/facultad-de-derecho-y-ciencias-forenses-umecit\/#primaryimage"},"thumbnailUrl":"https:\/\/umecit.edu.pa\/wp-content\/uploads\/2022\/08\/F-Facultad-de-Derecho-y-Ciencias-Forenses.jpg","datePublished":"2024-06-27T21:11:17+00:00","dateModified":"2025-05-05T19:12:39+00:00","description":"The Faculty of Law and Political Science at the Metropolitan University of Education, Science and Technology focuses on developing the basic and specific competencies essential for professional performance, based on the premises of the cyber-humanist model that represents the institution&#039;s educational reality.","breadcrumb":{"@id":"https:\/\/umecit.edu.pa\/grado-licenciaturas\/facultad-de-derecho-y-ciencias-forenses-umecit\/#breadcrumb"},"inLanguage":"en-US","potentialAction":[{"@type":"ReadAction","target":["https:\/\/umecit.edu.pa\/grado-licenciaturas\/facultad-de-derecho-y-ciencias-forenses-umecit\/"]}]},{"@type":"ImageObject","inLanguage":"en-US","@id":"https:\/\/umecit.edu.pa\/grado-licenciaturas\/facultad-de-derecho-y-ciencias-forenses-umecit\/#primaryimage","url":"https:\/\/umecit.edu.pa\/wp-content\/uploads\/2022\/08\/F-Facultad-de-Derecho-y-Ciencias-Forenses.jpg","contentUrl":"https:\/\/umecit.edu.pa\/wp-content\/uploads\/2022\/08\/F-Facultad-de-Derecho-y-Ciencias-Forenses.jpg","width":500,"height":370,"caption":"Facultad de Derecho y Ciencias Forenses"},{"@type":"BreadcrumbList","@id":"https:\/\/umecit.edu.pa\/grado-licenciaturas\/facultad-de-derecho-y-ciencias-forenses-umecit\/#breadcrumb","itemListElement":[{"@type":"ListItem","position":1,"name":"Portada","item":"https:\/\/umecit.edu.pa\/"},{"@type":"ListItem","position":2,"name":"Grado","item":"https:\/\/umecit.edu.pa\/en\/grado-licenciaturas\/"},{"@type":"ListItem","position":3,"name":"Facultad de Derecho y Ciencias Forenses &#8211; UMECIT"}]},{"@type":"WebSite","@id":"https:\/\/umecit.edu.pa\/#website","url":"https:\/\/umecit.edu.pa\/","name":"Umecit - University in Panama","description":"Metropolitan University of Education, Science and Technology","publisher":{"@id":"https:\/\/umecit.edu.pa\/#organization"},"potentialAction":[{"@type":"SearchAction","target":{"@type":"EntryPoint","urlTemplate":"https:\/\/umecit.edu.pa\/?s={search_term_string}"},"query-input":{"@type":"PropertyValueSpecification","valueRequired":true,"valueName":"search_term_string"}}],"inLanguage":"en-US"},{"@type":"Organization","@id":"https:\/\/umecit.edu.pa\/#organization","name":"Umecit - University in Panama","url":"https:\/\/umecit.edu.pa\/","logo":{"@type":"ImageObject","inLanguage":"en-US","@id":"https:\/\/umecit.edu.pa\/#\/schema\/logo\/image\/","url":"https:\/\/umecit.edu.pa\/wp-content\/uploads\/2022\/06\/panama-7.jpg","contentUrl":"https:\/\/umecit.edu.pa\/wp-content\/uploads\/2022\/06\/panama-7.jpg","width":1200,"height":800,"caption":"Umecit - Universidad en Panam\u00e1"},"image":{"@id":"https:\/\/umecit.edu.pa\/#\/schema\/logo\/image\/"},"sameAs":["https:\/\/www.facebook.com\/umecitpanama\/","https:\/\/x.com\/umecitpanama","https:\/\/www.tiktok.com\/@umecit","https:\/\/www.instagram.com\/umecit\/","https:\/\/www.youtube.com\/channel\/UCP9iXFXi4p_EW_p9p6lprhg"]}]}},"_links":{"self":[{"href":"https:\/\/umecit.edu.pa\/en\/wp-json\/wp\/v2\/pages\/115299","targetHints":{"allow":["GET"]}}],"collection":[{"href":"https:\/\/umecit.edu.pa\/en\/wp-json\/wp\/v2\/pages"}],"about":[{"href":"https:\/\/umecit.edu.pa\/en\/wp-json\/wp\/v2\/types\/page"}],"author":[{"embeddable":true,"href":"https:\/\/umecit.edu.pa\/en\/wp-json\/wp\/v2\/users\/695"}],"replies":[{"embeddable":true,"href":"https:\/\/umecit.edu.pa\/en\/wp-json\/wp\/v2\/comments?post=115299"}],"version-history":[{"count":6,"href":"https:\/\/umecit.edu.pa\/en\/wp-json\/wp\/v2\/pages\/115299\/revisions"}],"predecessor-version":[{"id":124601,"href":"https:\/\/umecit.edu.pa\/en\/wp-json\/wp\/v2\/pages\/115299\/revisions\/124601"}],"up":[{"embeddable":true,"href":"https:\/\/umecit.edu.pa\/en\/wp-json\/wp\/v2\/pages\/2222"}],"wp:featuredmedia":[{"embeddable":true,"href":"https:\/\/umecit.edu.pa\/en\/wp-json\/wp\/v2\/media\/31523"}],"wp:attachment":[{"href":"https:\/\/umecit.edu.pa\/en\/wp-json\/wp\/v2\/media?parent=115299"}],"curies":[{"name":"wp","href":"https:\/\/api.w.org\/{rel}","templated":true}]}}