{"id":115164,"date":"2024-06-26T12:02:36","date_gmt":"2024-06-26T17:02:36","guid":{"rendered":"https:\/\/umecit.edu.pa\/?page_id=115164"},"modified":"2025-05-05T14:04:10","modified_gmt":"2025-05-05T19:04:10","slug":"facultad-de-ciencias-economicas-y-administrativas-umecit","status":"publish","type":"page","link":"https:\/\/umecit.edu.pa\/en\/grado-licenciaturas\/facultad-de-ciencias-economicas-y-administrativas-umecit\/","title":{"rendered":"Faculty of Economic and Administrative Sciences \u2013 UMECIT"},"content":{"rendered":"<div data-elementor-type=\"wp-page\" data-elementor-id=\"115164\" class=\"elementor elementor-115164\" data-elementor-post-type=\"page\">\n\t\t\t\t\t\t<section class=\"elementor-section elementor-top-section elementor-element elementor-element-58d453b4 elementor-section-boxed elementor-section-height-default elementor-section-height-default row-top\" data-id=\"58d453b4\" data-element_type=\"section\" data-e-type=\"section\">\n\t\t\t\t\t\t<div class=\"elementor-container elementor-column-gap-default\">\n\t\t\t\t\t<div class=\"elementor-column elementor-col-100 elementor-top-column elementor-element elementor-element-23b5a623 column-style-top\" data-id=\"23b5a623\" data-element_type=\"column\" data-e-type=\"column\">\n\t\t\t<div class=\"elementor-widget-wrap elementor-element-populated\">\n\t\t\t\t\t\t<section class=\"elementor-section elementor-inner-section elementor-element elementor-element-35fc9b98 elementor-section-boxed elementor-section-height-default elementor-section-height-default row-top\" data-id=\"35fc9b98\" data-element_type=\"section\" data-e-type=\"section\">\n\t\t\t\t\t\t<div class=\"elementor-container elementor-column-gap-default\">\n\t\t\t\t\t<div class=\"elementor-column elementor-col-50 elementor-inner-column elementor-element elementor-element-72c8a6b6 column-style-top\" data-id=\"72c8a6b6\" data-element_type=\"column\" data-e-type=\"column\">\n\t\t\t<div class=\"elementor-widget-wrap elementor-element-populated\">\n\t\t\t\t\t\t<div class=\"elementor-element elementor-element-6bccd122 elementor-widget elementor-widget-image\" data-id=\"6bccd122\" data-element_type=\"widget\" data-e-type=\"widget\" data-widget_type=\"image.default\">\n\t\t\t\t<div class=\"elementor-widget-container\">\n\t\t\t\t\t\t\t\t\t\t\t\t\t\t\t<img decoding=\"async\" width=\"383\" height=\"68\" src=\"https:\/\/umecit.edu.pa\/wp-content\/uploads\/2022\/08\/L-Umecit-facultad-ciencias-economicas-y-administrativas-1.png\" class=\"attachment-large size-large wp-image-30260\" alt=\"\" \/>\t\t\t\t\t\t\t\t\t\t\t\t\t\t\t<\/div>\n\t\t\t\t<\/div>\n\t\t\t\t\t<\/div>\n\t\t<\/div>\n\t\t\t\t<div class=\"elementor-column elementor-col-50 elementor-inner-column elementor-element elementor-element-4c613743 column-style-top\" data-id=\"4c613743\" data-element_type=\"column\" data-e-type=\"column\">\n\t\t\t<div class=\"elementor-widget-wrap elementor-element-populated\">\n\t\t\t\t\t\t<div class=\"elementor-element elementor-element-5671ccea elementor-widget elementor-widget-heading\" data-id=\"5671ccea\" data-element_type=\"widget\" data-e-type=\"widget\" data-widget_type=\"heading.default\">\n\t\t\t\t<div class=\"elementor-widget-container\">\n\t\t\t\t\t<h1 class=\"elementor-heading-title elementor-size-default\"><span style=\"color: #06326b;font-weight: normal;font-size: 32px\">Bachelor&#039;s Degree <\/span><\/br>Faculty of<\/br>Economic and Administrative Sciences<\/h1>\t\t\t\t<\/div>\n\t\t\t\t<\/div>\n\t\t\t\t<div class=\"elementor-element elementor-element-6517d24e elementor-widget elementor-widget-text-editor\" data-id=\"6517d24e\" data-element_type=\"widget\" data-e-type=\"widget\" data-widget_type=\"text-editor.default\">\n\t\t\t\t<div class=\"elementor-widget-container\">\n\t\t\t\t\t\t\t\t\t<p>The UMECIT Faculty of Economic and Administrative Sciences is committed to training highly-trained professionals to face a changing world.<\/p>\t\t\t\t\t\t\t\t<\/div>\n\t\t\t\t<\/div>\n\t\t\t\t\t<\/div>\n\t\t<\/div>\n\t\t\t\t\t<\/div>\n\t\t<\/section>\n\t\t\t\t<div class=\"elementor-element elementor-element-18689016 elementor-widget elementor-widget-gva-course-banner-group\" data-id=\"18689016\" data-element_type=\"widget\" data-e-type=\"widget\" data-widget_type=\"gva-course-banner-group.default\">\n\t\t\t\t<div class=\"elementor-widget-container\">\n\t\t\t\t\t<div class=\"gva-element-gva-course-banner-group gva-element\">\r\n<div class=\"gsc-course-banner-group layout-grid style-3\">\r\n   <div class=\"lg-block-grid-3 md-block-grid-3 sm-block-grid-2 xs-block-grid-1 xx-block-grid-1\">\r\n      \r\n<div class=\"item course-banner-item\">\r\n   <div class=\"course-banner-item-content\">\r\n\r\n               <div class=\"banner-image\">\r\n            <img decoding=\"async\" src=\"https:\/\/umecit.edu.pa\/wp-content\/uploads\/2022\/02\/Licenciatura-en-Administracio\u0301n-de-Negocios-con-E\u0301nfasis-en-Exportacio\u0301n-de-Bienes-y-Servicios.jpg\" alt=\"Licenciatura en Administraci\u00f3n de Negocios con \u00c9nfasis en Exportaci\u00f3n de Bienes y Servicios\" \/>\r\n         <\/div>\r\n      \r\n      <div class=\"banner-content\">\r\n                     <h3 class=\"title\">Bachelor's Degree in Business Administration with an Emphasis on Export of Goods and Services<\/h3>\r\n               <\/div>\r\n\r\n      <div class=\"banner-hover\">\r\n                     <h5 class=\"subtitle\">View more<\/h5>\r\n                        <\/div>\r\n\r\n               <a class=\"link-term-overlay\" href=\"https:\/\/umecit.edu.pa\/en\/grado-licenciaturas\/facultad-de-ciencias-economicas-y-administrativas\/licenciatura-en-administracion-de-negocios\/\" ><\/a>\r\n                     \r\n   <\/div>\r\n<\/div>\r\n<div class=\"item course-banner-item\">\r\n   <div class=\"course-banner-item-content\">\r\n\r\n               <div class=\"banner-image\">\r\n            <img decoding=\"async\" src=\"https:\/\/umecit.edu.pa\/wp-content\/uploads\/2022\/02\/Licenciatura-en-Banca-y-Finanzas.jpg\" alt=\"Licenciatura en Banca y Finanzas\" \/>\r\n         <\/div>\r\n      \r\n      <div class=\"banner-content\">\r\n                     <h3 class=\"title\">Bachelor\u00b4s Degree in Banking and Finance<\/h3>\r\n               <\/div>\r\n\r\n      <div class=\"banner-hover\">\r\n                     <h5 class=\"subtitle\">View more<\/h5>\r\n                        <\/div>\r\n\r\n               <a class=\"link-term-overlay\" href=\"https:\/\/umecit.edu.pa\/en\/grado-licenciaturas\/facultad-de-ciencias-economicas-y-administrativas\/licenciatura-en-banca-y-finanzas-2\/\" ><\/a>\r\n                     \r\n   <\/div>\r\n<\/div>\r\n<div class=\"item course-banner-item\">\r\n   <div class=\"course-banner-item-content\">\r\n\r\n               <div class=\"banner-image\">\r\n            <img decoding=\"async\" src=\"https:\/\/umecit.edu.pa\/wp-content\/uploads\/2022\/02\/Licenciatura-en-Contabilidad.jpg\" alt=\"Licenciatura en Contabilidad\" \/>\r\n         <\/div>\r\n      \r\n      <div class=\"banner-content\">\r\n                     <h3 class=\"title\">Bachelor's Degree in Accounting<\/h3>\r\n               <\/div>\r\n\r\n      <div class=\"banner-hover\">\r\n                     <h5 class=\"subtitle\">View more<\/h5>\r\n                        <\/div>\r\n\r\n               <a class=\"link-term-overlay\" href=\"https:\/\/umecit.edu.pa\/en\/grado-licenciaturas\/facultad-de-ciencias-economicas-y-administrativas\/licenciatura-en-contabilidad\/\" ><\/a>\r\n                     \r\n   <\/div>\r\n<\/div>\r\n<div class=\"item course-banner-item\">\r\n   <div class=\"course-banner-item-content\">\r\n\r\n               <div class=\"banner-image\">\r\n            <img decoding=\"async\" src=\"https:\/\/umecit.edu.pa\/wp-content\/uploads\/2022\/11\/icenciatura-en-Mercadeo-y-Publicidad-1.jpg\" alt=\"Licenciatura en Mercadeo y Publicidad\" \/>\r\n         <\/div>\r\n      \r\n      <div class=\"banner-content\">\r\n                     <h3 class=\"title\">Bachelor's Degree in Marketing and Advertising<\/h3>\r\n               <\/div>\r\n\r\n      <div class=\"banner-hover\">\r\n                     <h5 class=\"subtitle\">View more<\/h5>\r\n                        <\/div>\r\n\r\n               <a class=\"link-term-overlay\" href=\"https:\/\/umecit.edu.pa\/en\/grado-licenciaturas\/facultad-de-ciencias-economicas-y-administrativas\/licenciatura-en-mercadeo-y-publicidad\/\" ><\/a>\r\n                     \r\n   <\/div>\r\n<\/div>\r\n<div class=\"item course-banner-item\">\r\n   <div class=\"course-banner-item-content\">\r\n\r\n               <div class=\"banner-image\">\r\n            <img decoding=\"async\" src=\"https:\/\/umecit.edu.pa\/wp-content\/uploads\/2022\/02\/Licenciatura-en-Turismo-Bilingu\u0308e.jpg\" alt=\"Licenciatura en Turismo Biling\u00fce\" \/>\r\n         <\/div>\r\n      \r\n      <div class=\"banner-content\">\r\n                     <h3 class=\"title\">Bachelor's Degree in Bilingual Tourism<\/h3>\r\n               <\/div>\r\n\r\n      <div class=\"banner-hover\">\r\n                     <h5 class=\"subtitle\">View more<\/h5>\r\n                        <\/div>\r\n\r\n               <a class=\"link-term-overlay\" href=\"https:\/\/umecit.edu.pa\/en\/grado-licenciaturas\/facultad-de-ciencias-economicas-y-administrativas\/licenciatura-en-turismo-bilingue\/\" ><\/a>\r\n                     \r\n   <\/div>\r\n<\/div>   <\/div>   \r\n<\/div>\r\n<\/div>\t\t\t\t<\/div>\n\t\t\t\t<\/div>\n\t\t\t\t\t<\/div>\n\t\t<\/div>\n\t\t\t\t\t<\/div>\n\t\t<\/section>\n\t\t\t\t<\/div>","protected":false},"excerpt":{"rendered":"<p>Licenciaturas Grado Facultad deCiencias Econ\u00f3micas y Administrativas La Facultad de Ciencias Econ\u00f3micas y Administrativas de la UMECIT se plantea el compromiso de formar profesionales altamente capacitados para afrontar un mundo cambiante. Licenciatura en Administraci\u00f3n de Negocios con \u00c9nfasis en Exportaci\u00f3n de Bienes y Servicios Ver m\u00e1s Licenciatura en Banca y Finanzas Ver m\u00e1s Licenciatura en [&hellip;]<\/p>\n","protected":false},"author":695,"featured_media":115174,"parent":2222,"menu_order":0,"comment_status":"closed","ping_status":"closed","template":"","meta":{"footnotes":""},"class_list":["post-115164","page","type-page","status-publish","has-post-thumbnail","hentry"],"yoast_head":"<!-- This site is optimized with the Yoast SEO plugin v27.1.1 - https:\/\/yoast.com\/product\/yoast-seo-wordpress\/ -->\n<title>Facultad de Ciencias Econ\u00f3micas y Administrativas - UMECIT<\/title>\n<meta name=\"description\" content=\"La Facultad de Ciencias Econ\u00f3micas y Administrativas es la pionera de la Universidad Metropolitana de Educaci\u00f3n, Ciencia y Tecnolog\u00eda. Cuenta con programas como Administraci\u00f3n de Negocios con \u00e9nfasis en Exportaci\u00f3n de Bienes y Servicios, Turismo Biling\u00fce, Mercadeo y Publicidad, Contabilidad y por \u00faltimo Banca y Finanzas. Sus planes de estudios est\u00e1n pensados para implementar el emprendimiento como forma transversal, en consonancia con la visi\u00f3n institucional.\" \/>\n<meta name=\"robots\" content=\"index, nofollow, max-snippet:-1, max-image-preview:large, max-video-preview:-1\" \/>\n<link rel=\"canonical\" href=\"https:\/\/umecit.edu.pa\/en\/grado-licenciaturas\/facultad-de-ciencias-economicas-y-administrativas-umecit\/\" \/>\n<meta property=\"og:locale\" content=\"en_US\" \/>\n<meta property=\"og:type\" content=\"article\" \/>\n<meta property=\"og:title\" content=\"Facultad de Ciencias Econ\u00f3micas y Administrativas - UMECIT\" \/>\n<meta property=\"og:description\" content=\"La Facultad de Ciencias Econ\u00f3micas y Administrativas es la pionera de la Universidad Metropolitana de Educaci\u00f3n, Ciencia y Tecnolog\u00eda. Cuenta con programas como Administraci\u00f3n de Negocios con \u00e9nfasis en Exportaci\u00f3n de Bienes y Servicios, Turismo Biling\u00fce, Mercadeo y Publicidad, Contabilidad y por \u00faltimo Banca y Finanzas. Sus planes de estudios est\u00e1n pensados para implementar el emprendimiento como forma transversal, en consonancia con la visi\u00f3n institucional.\" \/>\n<meta property=\"og:url\" content=\"https:\/\/umecit.edu.pa\/en\/grado-licenciaturas\/facultad-de-ciencias-economicas-y-administrativas-umecit\/\" \/>\n<meta property=\"og:site_name\" content=\"Umecit - Universidad en Panam\u00e1\" \/>\n<meta property=\"article:publisher\" content=\"https:\/\/www.facebook.com\/umecitpanama\/\" \/>\n<meta property=\"article:modified_time\" content=\"2025-05-05T19:04:10+00:00\" \/>\n<meta property=\"og:image\" content=\"https:\/\/umecit.edu.pa\/wp-content\/uploads\/2024\/06\/Diseno-sin-titulo-2024-06-26T122702.537.jpg\" \/>\n\t<meta property=\"og:image:width\" content=\"1920\" \/>\n\t<meta property=\"og:image:height\" content=\"720\" \/>\n\t<meta property=\"og:image:type\" content=\"image\/jpeg\" \/>\n<meta name=\"twitter:card\" content=\"summary_large_image\" \/>\n<meta name=\"twitter:site\" content=\"@umecitpanama\" \/>\n<meta name=\"twitter:label1\" content=\"Est. reading time\" \/>\n\t<meta name=\"twitter:data1\" content=\"2 minutes\" \/>\n<script type=\"application\/ld+json\" class=\"yoast-schema-graph\">{\"@context\":\"https:\/\/schema.org\",\"@graph\":[{\"@type\":\"WebPage\",\"@id\":\"https:\/\/umecit.edu.pa\/grado-licenciaturas\/facultad-de-ciencias-economicas-y-administrativas-umecit\/\",\"url\":\"https:\/\/umecit.edu.pa\/grado-licenciaturas\/facultad-de-ciencias-economicas-y-administrativas-umecit\/\",\"name\":\"Facultad de Ciencias Econ\u00f3micas y Administrativas - UMECIT\",\"isPartOf\":{\"@id\":\"https:\/\/umecit.edu.pa\/#website\"},\"primaryImageOfPage\":{\"@id\":\"https:\/\/umecit.edu.pa\/grado-licenciaturas\/facultad-de-ciencias-economicas-y-administrativas-umecit\/#primaryimage\"},\"image\":{\"@id\":\"https:\/\/umecit.edu.pa\/grado-licenciaturas\/facultad-de-ciencias-economicas-y-administrativas-umecit\/#primaryimage\"},\"thumbnailUrl\":\"https:\/\/umecit.edu.pa\/wp-content\/uploads\/2024\/06\/Diseno-sin-titulo-2024-06-26T122702.537.jpg\",\"datePublished\":\"2024-06-26T17:02:36+00:00\",\"dateModified\":\"2025-05-05T19:04:10+00:00\",\"description\":\"La Facultad de Ciencias Econ\u00f3micas y Administrativas es la pionera de la Universidad Metropolitana de Educaci\u00f3n, Ciencia y Tecnolog\u00eda. Cuenta con programas como Administraci\u00f3n de Negocios con \u00e9nfasis en Exportaci\u00f3n de Bienes y Servicios, Turismo Biling\u00fce, Mercadeo y Publicidad, Contabilidad y por \u00faltimo Banca y Finanzas. Sus planes de estudios est\u00e1n pensados para implementar el emprendimiento como forma transversal, en consonancia con la visi\u00f3n institucional.\",\"breadcrumb\":{\"@id\":\"https:\/\/umecit.edu.pa\/grado-licenciaturas\/facultad-de-ciencias-economicas-y-administrativas-umecit\/#breadcrumb\"},\"inLanguage\":\"en-US\",\"potentialAction\":[{\"@type\":\"ReadAction\",\"target\":[\"https:\/\/umecit.edu.pa\/grado-licenciaturas\/facultad-de-ciencias-economicas-y-administrativas-umecit\/\"]}]},{\"@type\":\"ImageObject\",\"inLanguage\":\"en-US\",\"@id\":\"https:\/\/umecit.edu.pa\/grado-licenciaturas\/facultad-de-ciencias-economicas-y-administrativas-umecit\/#primaryimage\",\"url\":\"https:\/\/umecit.edu.pa\/wp-content\/uploads\/2024\/06\/Diseno-sin-titulo-2024-06-26T122702.537.jpg\",\"contentUrl\":\"https:\/\/umecit.edu.pa\/wp-content\/uploads\/2024\/06\/Diseno-sin-titulo-2024-06-26T122702.537.jpg\",\"width\":1920,\"height\":720,\"caption\":\"Facultad-de-ciencias-economicas-y-administrativas-umecit\"},{\"@type\":\"BreadcrumbList\",\"@id\":\"https:\/\/umecit.edu.pa\/grado-licenciaturas\/facultad-de-ciencias-economicas-y-administrativas-umecit\/#breadcrumb\",\"itemListElement\":[{\"@type\":\"ListItem\",\"position\":1,\"name\":\"Portada\",\"item\":\"https:\/\/umecit.edu.pa\/\"},{\"@type\":\"ListItem\",\"position\":2,\"name\":\"Grado\",\"item\":\"https:\/\/umecit.edu.pa\/en\/grado-licenciaturas\/\"},{\"@type\":\"ListItem\",\"position\":3,\"name\":\"Facultad de Ciencias Econ\u00f3micas y Administrativas &#8211; UMECIT\"}]},{\"@type\":\"WebSite\",\"@id\":\"https:\/\/umecit.edu.pa\/#website\",\"url\":\"https:\/\/umecit.edu.pa\/\",\"name\":\"Umecit - Universidad en Panam\u00e1\",\"description\":\"Universidad Metropolitana de Educaci\u00f3n, Ciencia y Tecnolog\u00eda\",\"publisher\":{\"@id\":\"https:\/\/umecit.edu.pa\/#organization\"},\"potentialAction\":[{\"@type\":\"SearchAction\",\"target\":{\"@type\":\"EntryPoint\",\"urlTemplate\":\"https:\/\/umecit.edu.pa\/?s={search_term_string}\"},\"query-input\":{\"@type\":\"PropertyValueSpecification\",\"valueRequired\":true,\"valueName\":\"search_term_string\"}}],\"inLanguage\":\"en-US\"},{\"@type\":\"Organization\",\"@id\":\"https:\/\/umecit.edu.pa\/#organization\",\"name\":\"Umecit - Universidad en Panam\u00e1\",\"url\":\"https:\/\/umecit.edu.pa\/\",\"logo\":{\"@type\":\"ImageObject\",\"inLanguage\":\"en-US\",\"@id\":\"https:\/\/umecit.edu.pa\/#\/schema\/logo\/image\/\",\"url\":\"https:\/\/umecit.edu.pa\/wp-content\/uploads\/2022\/06\/panama-7.jpg\",\"contentUrl\":\"https:\/\/umecit.edu.pa\/wp-content\/uploads\/2022\/06\/panama-7.jpg\",\"width\":1200,\"height\":800,\"caption\":\"Umecit - Universidad en Panam\u00e1\"},\"image\":{\"@id\":\"https:\/\/umecit.edu.pa\/#\/schema\/logo\/image\/\"},\"sameAs\":[\"https:\/\/www.facebook.com\/umecitpanama\/\",\"https:\/\/x.com\/umecitpanama\",\"https:\/\/www.tiktok.com\/@umecit\",\"https:\/\/www.instagram.com\/umecit\/\",\"https:\/\/www.youtube.com\/channel\/UCP9iXFXi4p_EW_p9p6lprhg\"]}]}<\/script>\n<!-- \/ Yoast SEO plugin. -->","yoast_head_json":{"title":"Faculty of Economic and Administrative Sciences - UMECIT","description":"The Faculty of Economics and Administration is the pioneer of the Metropolitan University of Education, Science, and Technology. It offers programs such as Business Administration with an emphasis on Exportation of Goods and Services, Bilingual Tourism, Marketing and Advertising, Accounting, and finally, Banking and Finance. Its curricula are designed to implement entrepreneurship as a cross-curricular activity, in line with the institutional vision.","robots":{"index":"index","follow":"nofollow","max-snippet":"max-snippet:-1","max-image-preview":"max-image-preview:large","max-video-preview":"max-video-preview:-1"},"canonical":"https:\/\/umecit.edu.pa\/en\/grado-licenciaturas\/facultad-de-ciencias-economicas-y-administrativas-umecit\/","og_locale":"en_US","og_type":"article","og_title":"Facultad de Ciencias Econ\u00f3micas y Administrativas - UMECIT","og_description":"La Facultad de Ciencias Econ\u00f3micas y Administrativas es la pionera de la Universidad Metropolitana de Educaci\u00f3n, Ciencia y Tecnolog\u00eda. Cuenta con programas como Administraci\u00f3n de Negocios con \u00e9nfasis en Exportaci\u00f3n de Bienes y Servicios, Turismo Biling\u00fce, Mercadeo y Publicidad, Contabilidad y por \u00faltimo Banca y Finanzas. Sus planes de estudios est\u00e1n pensados para implementar el emprendimiento como forma transversal, en consonancia con la visi\u00f3n institucional.","og_url":"https:\/\/umecit.edu.pa\/en\/grado-licenciaturas\/facultad-de-ciencias-economicas-y-administrativas-umecit\/","og_site_name":"Umecit - Universidad en Panam\u00e1","article_publisher":"https:\/\/www.facebook.com\/umecitpanama\/","article_modified_time":"2025-05-05T19:04:10+00:00","og_image":[{"width":1920,"height":720,"url":"https:\/\/umecit.edu.pa\/wp-content\/uploads\/2024\/06\/Diseno-sin-titulo-2024-06-26T122702.537.jpg","type":"image\/jpeg"}],"twitter_card":"summary_large_image","twitter_site":"@umecitpanama","twitter_misc":{"Est. reading time":"2 minutes"},"schema":{"@context":"https:\/\/schema.org","@graph":[{"@type":"WebPage","@id":"https:\/\/umecit.edu.pa\/grado-licenciaturas\/facultad-de-ciencias-economicas-y-administrativas-umecit\/","url":"https:\/\/umecit.edu.pa\/grado-licenciaturas\/facultad-de-ciencias-economicas-y-administrativas-umecit\/","name":"Faculty of Economic and Administrative Sciences - UMECIT","isPartOf":{"@id":"https:\/\/umecit.edu.pa\/#website"},"primaryImageOfPage":{"@id":"https:\/\/umecit.edu.pa\/grado-licenciaturas\/facultad-de-ciencias-economicas-y-administrativas-umecit\/#primaryimage"},"image":{"@id":"https:\/\/umecit.edu.pa\/grado-licenciaturas\/facultad-de-ciencias-economicas-y-administrativas-umecit\/#primaryimage"},"thumbnailUrl":"https:\/\/umecit.edu.pa\/wp-content\/uploads\/2024\/06\/Diseno-sin-titulo-2024-06-26T122702.537.jpg","datePublished":"2024-06-26T17:02:36+00:00","dateModified":"2025-05-05T19:04:10+00:00","description":"The Faculty of Economics and Administration is the pioneer of the Metropolitan University of Education, Science, and Technology. It offers programs such as Business Administration with an emphasis on Exportation of Goods and Services, Bilingual Tourism, Marketing and Advertising, Accounting, and finally, Banking and Finance. Its curricula are designed to implement entrepreneurship as a cross-curricular activity, in line with the institutional vision.","breadcrumb":{"@id":"https:\/\/umecit.edu.pa\/grado-licenciaturas\/facultad-de-ciencias-economicas-y-administrativas-umecit\/#breadcrumb"},"inLanguage":"en-US","potentialAction":[{"@type":"ReadAction","target":["https:\/\/umecit.edu.pa\/grado-licenciaturas\/facultad-de-ciencias-economicas-y-administrativas-umecit\/"]}]},{"@type":"ImageObject","inLanguage":"en-US","@id":"https:\/\/umecit.edu.pa\/grado-licenciaturas\/facultad-de-ciencias-economicas-y-administrativas-umecit\/#primaryimage","url":"https:\/\/umecit.edu.pa\/wp-content\/uploads\/2024\/06\/Diseno-sin-titulo-2024-06-26T122702.537.jpg","contentUrl":"https:\/\/umecit.edu.pa\/wp-content\/uploads\/2024\/06\/Diseno-sin-titulo-2024-06-26T122702.537.jpg","width":1920,"height":720,"caption":"Facultad-de-ciencias-economicas-y-administrativas-umecit"},{"@type":"BreadcrumbList","@id":"https:\/\/umecit.edu.pa\/grado-licenciaturas\/facultad-de-ciencias-economicas-y-administrativas-umecit\/#breadcrumb","itemListElement":[{"@type":"ListItem","position":1,"name":"Portada","item":"https:\/\/umecit.edu.pa\/"},{"@type":"ListItem","position":2,"name":"Grado","item":"https:\/\/umecit.edu.pa\/en\/grado-licenciaturas\/"},{"@type":"ListItem","position":3,"name":"Facultad de Ciencias Econ\u00f3micas y Administrativas &#8211; UMECIT"}]},{"@type":"WebSite","@id":"https:\/\/umecit.edu.pa\/#website","url":"https:\/\/umecit.edu.pa\/","name":"Umecit - University in Panama","description":"Metropolitan University of Education, Science and Technology","publisher":{"@id":"https:\/\/umecit.edu.pa\/#organization"},"potentialAction":[{"@type":"SearchAction","target":{"@type":"EntryPoint","urlTemplate":"https:\/\/umecit.edu.pa\/?s={search_term_string}"},"query-input":{"@type":"PropertyValueSpecification","valueRequired":true,"valueName":"search_term_string"}}],"inLanguage":"en-US"},{"@type":"Organization","@id":"https:\/\/umecit.edu.pa\/#organization","name":"Umecit - University in Panama","url":"https:\/\/umecit.edu.pa\/","logo":{"@type":"ImageObject","inLanguage":"en-US","@id":"https:\/\/umecit.edu.pa\/#\/schema\/logo\/image\/","url":"https:\/\/umecit.edu.pa\/wp-content\/uploads\/2022\/06\/panama-7.jpg","contentUrl":"https:\/\/umecit.edu.pa\/wp-content\/uploads\/2022\/06\/panama-7.jpg","width":1200,"height":800,"caption":"Umecit - Universidad en Panam\u00e1"},"image":{"@id":"https:\/\/umecit.edu.pa\/#\/schema\/logo\/image\/"},"sameAs":["https:\/\/www.facebook.com\/umecitpanama\/","https:\/\/x.com\/umecitpanama","https:\/\/www.tiktok.com\/@umecit","https:\/\/www.instagram.com\/umecit\/","https:\/\/www.youtube.com\/channel\/UCP9iXFXi4p_EW_p9p6lprhg"]}]}},"_links":{"self":[{"href":"https:\/\/umecit.edu.pa\/en\/wp-json\/wp\/v2\/pages\/115164","targetHints":{"allow":["GET"]}}],"collection":[{"href":"https:\/\/umecit.edu.pa\/en\/wp-json\/wp\/v2\/pages"}],"about":[{"href":"https:\/\/umecit.edu.pa\/en\/wp-json\/wp\/v2\/types\/page"}],"author":[{"embeddable":true,"href":"https:\/\/umecit.edu.pa\/en\/wp-json\/wp\/v2\/users\/695"}],"replies":[{"embeddable":true,"href":"https:\/\/umecit.edu.pa\/en\/wp-json\/wp\/v2\/comments?post=115164"}],"version-history":[{"count":18,"href":"https:\/\/umecit.edu.pa\/en\/wp-json\/wp\/v2\/pages\/115164\/revisions"}],"predecessor-version":[{"id":124574,"href":"https:\/\/umecit.edu.pa\/en\/wp-json\/wp\/v2\/pages\/115164\/revisions\/124574"}],"up":[{"embeddable":true,"href":"https:\/\/umecit.edu.pa\/en\/wp-json\/wp\/v2\/pages\/2222"}],"wp:featuredmedia":[{"embeddable":true,"href":"https:\/\/umecit.edu.pa\/en\/wp-json\/wp\/v2\/media\/115174"}],"wp:attachment":[{"href":"https:\/\/umecit.edu.pa\/en\/wp-json\/wp\/v2\/media?parent=115164"}],"curies":[{"name":"wp","href":"https:\/\/api.w.org\/{rel}","templated":true}]}}