{"id":114609,"date":"2024-06-19T09:11:16","date_gmt":"2024-06-19T14:11:16","guid":{"rendered":"https:\/\/umecit.edu.pa\/?page_id=114609"},"modified":"2025-05-05T11:37:20","modified_gmt":"2025-05-05T16:37:20","slug":"facultad-de-ciencias-de-la-salud-umecit-programas","status":"publish","type":"page","link":"https:\/\/umecit.edu.pa\/en\/grado-licenciaturas\/facultad-de-ciencias-de-la-salud-umecit-programas\/","title":{"rendered":"Faculty of Health Sciences \u2013 UMECIT"},"content":{"rendered":"<div data-elementor-type=\"wp-page\" data-elementor-id=\"114609\" class=\"elementor elementor-114609\" data-elementor-post-type=\"page\">\n\t\t\t\t\t\t<section class=\"elementor-section elementor-top-section elementor-element elementor-element-7cfc84f elementor-section-boxed elementor-section-height-default elementor-section-height-default row-top\" data-id=\"7cfc84f\" data-element_type=\"section\" data-e-type=\"section\">\n\t\t\t\t\t\t<div class=\"elementor-container elementor-column-gap-default\">\n\t\t\t\t\t<div class=\"elementor-column elementor-col-100 elementor-top-column elementor-element elementor-element-36907fd column-style-top\" data-id=\"36907fd\" data-element_type=\"column\" data-e-type=\"column\">\n\t\t\t<div class=\"elementor-widget-wrap elementor-element-populated\">\n\t\t\t\t\t\t<section class=\"elementor-section elementor-inner-section elementor-element elementor-element-b382af3 elementor-section-boxed elementor-section-height-default elementor-section-height-default row-top\" data-id=\"b382af3\" data-element_type=\"section\" data-e-type=\"section\">\n\t\t\t\t\t\t<div class=\"elementor-container elementor-column-gap-default\">\n\t\t\t\t\t<div class=\"elementor-column elementor-col-50 elementor-inner-column elementor-element elementor-element-978aace column-style-top\" data-id=\"978aace\" data-element_type=\"column\" data-e-type=\"column\">\n\t\t\t<div class=\"elementor-widget-wrap elementor-element-populated\">\n\t\t\t\t\t\t<div class=\"elementor-element elementor-element-edbf96b elementor-widget elementor-widget-image\" data-id=\"edbf96b\" data-element_type=\"widget\" data-e-type=\"widget\" data-widget_type=\"image.default\">\n\t\t\t\t<div class=\"elementor-widget-container\">\n\t\t\t\t\t\t\t\t\t\t\t\t\t\t\t<img decoding=\"async\" width=\"353\" height=\"68\" src=\"https:\/\/umecit.edu.pa\/wp-content\/uploads\/2022\/08\/L-Umecit-facultad-ciencias-de-la-salud.png\" class=\"attachment-large size-large wp-image-30105\" alt=\"\" \/>\t\t\t\t\t\t\t\t\t\t\t\t\t\t\t<\/div>\n\t\t\t\t<\/div>\n\t\t\t\t\t<\/div>\n\t\t<\/div>\n\t\t\t\t<div class=\"elementor-column elementor-col-50 elementor-inner-column elementor-element elementor-element-912114e column-style-top\" data-id=\"912114e\" data-element_type=\"column\" data-e-type=\"column\">\n\t\t\t<div class=\"elementor-widget-wrap elementor-element-populated\">\n\t\t\t\t\t\t<div class=\"elementor-element elementor-element-a2a71e8 elementor-widget elementor-widget-heading\" data-id=\"a2a71e8\" data-element_type=\"widget\" data-e-type=\"widget\" data-widget_type=\"heading.default\">\n\t\t\t\t<div class=\"elementor-widget-container\">\n\t\t\t\t\t<h1 class=\"elementor-heading-title elementor-size-default\"><span style=\"color: #06326b;font-weight: normal;font-size: 32px\">Bachelor&#039;s Degree <\/span><br>Faculty of<br>Health Sciences<\/h1>\t\t\t\t<\/div>\n\t\t\t\t<\/div>\n\t\t\t\t<div class=\"elementor-element elementor-element-a58b612 elementor-widget elementor-widget-text-editor\" data-id=\"a58b612\" data-element_type=\"widget\" data-e-type=\"widget\" data-widget_type=\"text-editor.default\">\n\t\t\t\t<div class=\"elementor-widget-container\">\n\t\t\t\t\t\t\t\t\t<p>At our Faculty, we train future health professionals who provide effective and safe solutions.\u00a0<\/p>\t\t\t\t\t\t\t\t<\/div>\n\t\t\t\t<\/div>\n\t\t\t\t\t<\/div>\n\t\t<\/div>\n\t\t\t\t\t<\/div>\n\t\t<\/section>\n\t\t\t\t<div class=\"elementor-element elementor-element-5f1da9a elementor-widget elementor-widget-gva-course-banner-group\" data-id=\"5f1da9a\" data-element_type=\"widget\" data-e-type=\"widget\" data-widget_type=\"gva-course-banner-group.default\">\n\t\t\t\t<div class=\"elementor-widget-container\">\n\t\t\t\t\t<div class=\"gva-element-gva-course-banner-group gva-element\">\r\n<div class=\"gsc-course-banner-group layout-grid style-3\">\r\n   <div class=\"lg-block-grid-3 md-block-grid-3 sm-block-grid-2 xs-block-grid-1 xx-block-grid-1\">\r\n      \r\n<div class=\"item course-banner-item\">\r\n   <div class=\"course-banner-item-content\">\r\n\r\n               <div class=\"banner-image\">\r\n            <img decoding=\"async\" src=\"https:\/\/umecit.edu.pa\/wp-content\/uploads\/2024\/06\/Diseno-sin-titulo-73.png\" alt=\"Licenciatura en Educaci\u00f3n para la Salud\" \/>\r\n         <\/div>\r\n      \r\n      <div class=\"banner-content\">\r\n                     <h3 class=\"title\">Bachelor's Degree in Health Education<\/h3>\r\n               <\/div>\r\n\r\n      <div class=\"banner-hover\">\r\n                     <h5 class=\"subtitle\">View more<\/h5>\r\n                        <\/div>\r\n\r\n               <a class=\"link-term-overlay\" href=\"https:\/\/umecit.edu.pa\/en\/grado-licenciaturas\/facultad-de-ciencias-de-la-salud\/educacion-para-la-salud\/\" ><\/a>\r\n                     \r\n   <\/div>\r\n<\/div>\r\n<div class=\"item course-banner-item\">\r\n   <div class=\"course-banner-item-content\">\r\n\r\n               <div class=\"banner-image\">\r\n            <img decoding=\"async\" src=\"https:\/\/umecit.edu.pa\/wp-content\/uploads\/2024\/08\/Diseno-sin-titulo-2024-08-27T182204.200.jpg\" alt=\"Licenciatura en Enfemer\u00eda\" \/>\r\n         <\/div>\r\n      \r\n      <div class=\"banner-content\">\r\n                     <h3 class=\"title\">Bachelor of Nursing<\/h3>\r\n               <\/div>\r\n\r\n      <div class=\"banner-hover\">\r\n                     <h5 class=\"subtitle\">View more<\/h5>\r\n                        <\/div>\r\n\r\n               <a class=\"link-term-overlay\" href=\"https:\/\/umecit.edu.pa\/en\/grado-licenciaturas\/facultad-de-ciencias-de-la-salud\/licenciatura-en-enfermeria\/\" ><\/a>\r\n                     \r\n   <\/div>\r\n<\/div>\r\n<div class=\"item course-banner-item\">\r\n   <div class=\"course-banner-item-content\">\r\n\r\n               <div class=\"banner-image\">\r\n            <img decoding=\"async\" src=\"https:\/\/umecit.edu.pa\/wp-content\/uploads\/2024\/06\/Diseno-sin-titulo-74.png\" alt=\"Licenciatura en Fisioterapia\" \/>\r\n         <\/div>\r\n      \r\n      <div class=\"banner-content\">\r\n                     <h3 class=\"title\">Bachelor's Degree in Physiotherapy<\/h3>\r\n               <\/div>\r\n\r\n      <div class=\"banner-hover\">\r\n                     <h5 class=\"subtitle\">View more<\/h5>\r\n                        <\/div>\r\n\r\n               <a class=\"link-term-overlay\" href=\"https:\/\/umecit.edu.pa\/en\/grado-licenciaturas\/facultad-de-ciencias-de-la-salud\/licenciatura-en-fisioterapia\/\" ><\/a>\r\n                     \r\n   <\/div>\r\n<\/div>\r\n<div class=\"item course-banner-item\">\r\n   <div class=\"course-banner-item-content\">\r\n\r\n               <div class=\"banner-image\">\r\n            <img decoding=\"async\" src=\"https:\/\/umecit.edu.pa\/wp-content\/uploads\/2024\/06\/Diseno-sin-titulo-75.png\" alt=\"Licenciatura en Psicolog\u00eda General\" \/>\r\n         <\/div>\r\n      \r\n      <div class=\"banner-content\">\r\n                     <h3 class=\"title\">Bachelor's Degree in General Psychology<\/h3>\r\n               <\/div>\r\n\r\n      <div class=\"banner-hover\">\r\n                     <h5 class=\"subtitle\">View more<\/h5>\r\n                        <\/div>\r\n\r\n               <a class=\"link-term-overlay\" href=\"https:\/\/umecit.edu.pa\/en\/grado-licenciaturas\/facultad-de-ciencias-de-la-salud\/licenciatura-en-psicologia-general\/\" ><\/a>\r\n                     \r\n   <\/div>\r\n<\/div>\r\n<div class=\"item course-banner-item\">\r\n   <div class=\"course-banner-item-content\">\r\n\r\n               <div class=\"banner-image\">\r\n            <img decoding=\"async\" src=\"https:\/\/umecit.edu.pa\/wp-content\/uploads\/2024\/06\/Diseno-sin-titulo-76.png\" alt=\"Licenciatura en Radiolog\u00eda e Im\u00e1genes M\u00e9dicas\" \/>\r\n         <\/div>\r\n      \r\n      <div class=\"banner-content\">\r\n                     <h3 class=\"title\">Bachelor of Radiology and Medical Imaging<\/h3>\r\n               <\/div>\r\n\r\n      <div class=\"banner-hover\">\r\n                     <h5 class=\"subtitle\">View more<\/h5>\r\n                        <\/div>\r\n\r\n               <a class=\"link-term-overlay\" href=\"https:\/\/umecit.edu.pa\/en\/grado-licenciaturas\/facultad-de-ciencias-de-la-salud\/licenciatura-en-radiologia-e-imagenes-medicas\/\" ><\/a>\r\n                     \r\n   <\/div>\r\n<\/div>\r\n<div class=\"item course-banner-item\">\r\n   <div class=\"course-banner-item-content\">\r\n\r\n               <div class=\"banner-image\">\r\n            <img decoding=\"async\" src=\"https:\/\/umecit.edu.pa\/wp-content\/uploads\/2024\/06\/Diseno-sin-titulo-77.png\" alt=\"Licenciatura en Registros M\u00e9dicos y Estad\u00edsticas de Salud\" \/>\r\n         <\/div>\r\n      \r\n      <div class=\"banner-content\">\r\n                     <h3 class=\"title\">Bachelor's Degree in Medical Records and Health Statistics<\/h3>\r\n               <\/div>\r\n\r\n      <div class=\"banner-hover\">\r\n                     <h5 class=\"subtitle\">View more<\/h5>\r\n                        <\/div>\r\n\r\n               <a class=\"link-term-overlay\" href=\"https:\/\/umecit.edu.pa\/en\/grado-licenciaturas\/facultad-de-ciencias-de-la-salud\/licenciatura-en-registros-medicos-y-estadisticas-de-salud\/\" ><\/a>\r\n                     \r\n   <\/div>\r\n<\/div>\r\n<div class=\"item course-banner-item\">\r\n   <div class=\"course-banner-item-content\">\r\n\r\n               <div class=\"banner-image\">\r\n            <img decoding=\"async\" src=\"https:\/\/umecit.edu.pa\/wp-content\/uploads\/2024\/06\/Diseno-sin-titulo-78.png\" alt=\"Licenciatura en Seguridad y Salud Ocupacional\" \/>\r\n         <\/div>\r\n      \r\n      <div class=\"banner-content\">\r\n                     <h3 class=\"title\">Bachelor's Degree in Occupational Safety and Health<\/h3>\r\n               <\/div>\r\n\r\n      <div class=\"banner-hover\">\r\n                     <h5 class=\"subtitle\">View more<\/h5>\r\n                        <\/div>\r\n\r\n               <a class=\"link-term-overlay\" href=\"https:\/\/umecit.edu.pa\/en\/grado-licenciaturas\/facultad-de-ciencias-de-la-salud\/licenciatura-en-seguridad-y-salud-ocupacional\/\" ><\/a>\r\n                     \r\n   <\/div>\r\n<\/div>   <\/div>   \r\n<\/div>\r\n<\/div>\t\t\t\t<\/div>\n\t\t\t\t<\/div>\n\t\t\t\t\t<\/div>\n\t\t<\/div>\n\t\t\t\t\t<\/div>\n\t\t<\/section>\n\t\t\t\t<\/div>","protected":false},"excerpt":{"rendered":"<p>Licenciaturas Grado Facultad deCiencias de la Salud En nuestra Facultad, formamos futuros profesionales de la salud que brinden soluciones efectivas y seguras.\u00a0 Licenciatura en Educaci\u00f3n para la Salud Ver m\u00e1s Licenciatura en Enfemer\u00eda Ver m\u00e1s Licenciatura en Fisioterapia Ver m\u00e1s Licenciatura en Psicolog\u00eda General Ver m\u00e1s Licenciatura en Radiolog\u00eda e Im\u00e1genes M\u00e9dicas Ver m\u00e1s Licenciatura [&hellip;]<\/p>\n","protected":false},"author":695,"featured_media":31518,"parent":2222,"menu_order":0,"comment_status":"closed","ping_status":"closed","template":"","meta":{"footnotes":""},"class_list":["post-114609","page","type-page","status-publish","has-post-thumbnail","hentry"],"yoast_head":"<!-- This site is optimized with the Yoast SEO plugin v27.1.1 - https:\/\/yoast.com\/product\/yoast-seo-wordpress\/ -->\n<title>Facultad de Ciencias de la Salud | UMECIT Universidad Panam\u00e1<\/title>\n<meta name=\"description\" content=\"Facultad de Ciencias de la Salud. Formamos futuros profesionales de la salud que brinden soluciones efectivas y seguras.\" \/>\n<meta name=\"robots\" content=\"index, nofollow, max-snippet:-1, max-image-preview:large, max-video-preview:-1\" \/>\n<link rel=\"canonical\" href=\"https:\/\/umecit.edu.pa\/en\/grado-licenciaturas\/facultad-de-ciencias-de-la-salud-umecit-programas\/\" \/>\n<meta property=\"og:locale\" content=\"en_US\" \/>\n<meta property=\"og:type\" content=\"article\" \/>\n<meta property=\"og:title\" content=\"Facultad de Ciencias de la Salud | UMECIT Universidad Panam\u00e1\" \/>\n<meta property=\"og:description\" content=\"Facultad de Ciencias de la Salud. Formamos futuros profesionales de la salud que brinden soluciones efectivas y seguras.\" \/>\n<meta property=\"og:url\" content=\"https:\/\/umecit.edu.pa\/en\/grado-licenciaturas\/facultad-de-ciencias-de-la-salud-umecit-programas\/\" \/>\n<meta property=\"og:site_name\" content=\"Umecit - Universidad en Panam\u00e1\" \/>\n<meta property=\"article:publisher\" content=\"https:\/\/www.facebook.com\/umecitpanama\/\" \/>\n<meta property=\"article:modified_time\" content=\"2025-05-05T16:37:20+00:00\" \/>\n<meta property=\"og:image\" content=\"https:\/\/umecit.edu.pa\/wp-content\/uploads\/2022\/08\/F-Ciencias-de-la-Salud-1.jpg\" \/>\n\t<meta property=\"og:image:width\" content=\"500\" \/>\n\t<meta property=\"og:image:height\" content=\"370\" \/>\n\t<meta property=\"og:image:type\" content=\"image\/jpeg\" \/>\n<meta name=\"twitter:card\" content=\"summary_large_image\" \/>\n<meta name=\"twitter:site\" content=\"@umecitpanama\" \/>\n<meta name=\"twitter:label1\" content=\"Est. reading time\" \/>\n\t<meta name=\"twitter:data1\" content=\"2 minutes\" \/>\n<script type=\"application\/ld+json\" class=\"yoast-schema-graph\">{\"@context\":\"https:\/\/schema.org\",\"@graph\":[{\"@type\":\"WebPage\",\"@id\":\"https:\/\/umecit.edu.pa\/grado-licenciaturas\/facultad-de-ciencias-de-la-salud-umecit-programas\/\",\"url\":\"https:\/\/umecit.edu.pa\/grado-licenciaturas\/facultad-de-ciencias-de-la-salud-umecit-programas\/\",\"name\":\"Facultad de Ciencias de la Salud | UMECIT Universidad Panam\u00e1\",\"isPartOf\":{\"@id\":\"https:\/\/umecit.edu.pa\/#website\"},\"primaryImageOfPage\":{\"@id\":\"https:\/\/umecit.edu.pa\/grado-licenciaturas\/facultad-de-ciencias-de-la-salud-umecit-programas\/#primaryimage\"},\"image\":{\"@id\":\"https:\/\/umecit.edu.pa\/grado-licenciaturas\/facultad-de-ciencias-de-la-salud-umecit-programas\/#primaryimage\"},\"thumbnailUrl\":\"https:\/\/umecit.edu.pa\/wp-content\/uploads\/2022\/08\/F-Ciencias-de-la-Salud-1.jpg\",\"datePublished\":\"2024-06-19T14:11:16+00:00\",\"dateModified\":\"2025-05-05T16:37:20+00:00\",\"description\":\"Facultad de Ciencias de la Salud. Formamos futuros profesionales de la salud que brinden soluciones efectivas y seguras.\",\"breadcrumb\":{\"@id\":\"https:\/\/umecit.edu.pa\/grado-licenciaturas\/facultad-de-ciencias-de-la-salud-umecit-programas\/#breadcrumb\"},\"inLanguage\":\"en-US\",\"potentialAction\":[{\"@type\":\"ReadAction\",\"target\":[\"https:\/\/umecit.edu.pa\/grado-licenciaturas\/facultad-de-ciencias-de-la-salud-umecit-programas\/\"]}]},{\"@type\":\"ImageObject\",\"inLanguage\":\"en-US\",\"@id\":\"https:\/\/umecit.edu.pa\/grado-licenciaturas\/facultad-de-ciencias-de-la-salud-umecit-programas\/#primaryimage\",\"url\":\"https:\/\/umecit.edu.pa\/wp-content\/uploads\/2022\/08\/F-Ciencias-de-la-Salud-1.jpg\",\"contentUrl\":\"https:\/\/umecit.edu.pa\/wp-content\/uploads\/2022\/08\/F-Ciencias-de-la-Salud-1.jpg\",\"width\":500,\"height\":370,\"caption\":\"Facultad de Ciencias de la Salud\"},{\"@type\":\"BreadcrumbList\",\"@id\":\"https:\/\/umecit.edu.pa\/grado-licenciaturas\/facultad-de-ciencias-de-la-salud-umecit-programas\/#breadcrumb\",\"itemListElement\":[{\"@type\":\"ListItem\",\"position\":1,\"name\":\"Portada\",\"item\":\"https:\/\/umecit.edu.pa\/\"},{\"@type\":\"ListItem\",\"position\":2,\"name\":\"Grado\",\"item\":\"https:\/\/umecit.edu.pa\/grado-licenciaturas\/\"},{\"@type\":\"ListItem\",\"position\":3,\"name\":\"Facultad de Ciencias de la Salud &#8211; UMECIT\"}]},{\"@type\":\"WebSite\",\"@id\":\"https:\/\/umecit.edu.pa\/#website\",\"url\":\"https:\/\/umecit.edu.pa\/\",\"name\":\"Umecit - Universidad en Panam\u00e1\",\"description\":\"Universidad Metropolitana de Educaci\u00f3n, Ciencia y Tecnolog\u00eda\",\"publisher\":{\"@id\":\"https:\/\/umecit.edu.pa\/#organization\"},\"potentialAction\":[{\"@type\":\"SearchAction\",\"target\":{\"@type\":\"EntryPoint\",\"urlTemplate\":\"https:\/\/umecit.edu.pa\/?s={search_term_string}\"},\"query-input\":{\"@type\":\"PropertyValueSpecification\",\"valueRequired\":true,\"valueName\":\"search_term_string\"}}],\"inLanguage\":\"en-US\"},{\"@type\":\"Organization\",\"@id\":\"https:\/\/umecit.edu.pa\/#organization\",\"name\":\"Umecit - Universidad en Panam\u00e1\",\"url\":\"https:\/\/umecit.edu.pa\/\",\"logo\":{\"@type\":\"ImageObject\",\"inLanguage\":\"en-US\",\"@id\":\"https:\/\/umecit.edu.pa\/#\/schema\/logo\/image\/\",\"url\":\"https:\/\/umecit.edu.pa\/wp-content\/uploads\/2022\/06\/panama-7.jpg\",\"contentUrl\":\"https:\/\/umecit.edu.pa\/wp-content\/uploads\/2022\/06\/panama-7.jpg\",\"width\":1200,\"height\":800,\"caption\":\"Umecit - Universidad en Panam\u00e1\"},\"image\":{\"@id\":\"https:\/\/umecit.edu.pa\/#\/schema\/logo\/image\/\"},\"sameAs\":[\"https:\/\/www.facebook.com\/umecitpanama\/\",\"https:\/\/x.com\/umecitpanama\",\"https:\/\/www.tiktok.com\/@umecit\",\"https:\/\/www.instagram.com\/umecit\/\",\"https:\/\/www.youtube.com\/channel\/UCP9iXFXi4p_EW_p9p6lprhg\"]}]}<\/script>\n<!-- \/ Yoast SEO plugin. -->","yoast_head_json":{"title":"Faculty of Health Sciences | UMECIT University of Panama","description":"Faculty of Health Sciences. We train future healthcare professionals who provide effective and safe solutions.","robots":{"index":"index","follow":"nofollow","max-snippet":"max-snippet:-1","max-image-preview":"max-image-preview:large","max-video-preview":"max-video-preview:-1"},"canonical":"https:\/\/umecit.edu.pa\/en\/grado-licenciaturas\/facultad-de-ciencias-de-la-salud-umecit-programas\/","og_locale":"en_US","og_type":"article","og_title":"Facultad de Ciencias de la Salud | UMECIT Universidad Panam\u00e1","og_description":"Facultad de Ciencias de la Salud. Formamos futuros profesionales de la salud que brinden soluciones efectivas y seguras.","og_url":"https:\/\/umecit.edu.pa\/en\/grado-licenciaturas\/facultad-de-ciencias-de-la-salud-umecit-programas\/","og_site_name":"Umecit - Universidad en Panam\u00e1","article_publisher":"https:\/\/www.facebook.com\/umecitpanama\/","article_modified_time":"2025-05-05T16:37:20+00:00","og_image":[{"width":500,"height":370,"url":"https:\/\/umecit.edu.pa\/wp-content\/uploads\/2022\/08\/F-Ciencias-de-la-Salud-1.jpg","type":"image\/jpeg"}],"twitter_card":"summary_large_image","twitter_site":"@umecitpanama","twitter_misc":{"Est. reading time":"2 minutes"},"schema":{"@context":"https:\/\/schema.org","@graph":[{"@type":"WebPage","@id":"https:\/\/umecit.edu.pa\/grado-licenciaturas\/facultad-de-ciencias-de-la-salud-umecit-programas\/","url":"https:\/\/umecit.edu.pa\/grado-licenciaturas\/facultad-de-ciencias-de-la-salud-umecit-programas\/","name":"Faculty of Health Sciences | UMECIT University of Panama","isPartOf":{"@id":"https:\/\/umecit.edu.pa\/#website"},"primaryImageOfPage":{"@id":"https:\/\/umecit.edu.pa\/grado-licenciaturas\/facultad-de-ciencias-de-la-salud-umecit-programas\/#primaryimage"},"image":{"@id":"https:\/\/umecit.edu.pa\/grado-licenciaturas\/facultad-de-ciencias-de-la-salud-umecit-programas\/#primaryimage"},"thumbnailUrl":"https:\/\/umecit.edu.pa\/wp-content\/uploads\/2022\/08\/F-Ciencias-de-la-Salud-1.jpg","datePublished":"2024-06-19T14:11:16+00:00","dateModified":"2025-05-05T16:37:20+00:00","description":"Faculty of Health Sciences. We train future healthcare professionals who provide effective and safe solutions.","breadcrumb":{"@id":"https:\/\/umecit.edu.pa\/grado-licenciaturas\/facultad-de-ciencias-de-la-salud-umecit-programas\/#breadcrumb"},"inLanguage":"en-US","potentialAction":[{"@type":"ReadAction","target":["https:\/\/umecit.edu.pa\/grado-licenciaturas\/facultad-de-ciencias-de-la-salud-umecit-programas\/"]}]},{"@type":"ImageObject","inLanguage":"en-US","@id":"https:\/\/umecit.edu.pa\/grado-licenciaturas\/facultad-de-ciencias-de-la-salud-umecit-programas\/#primaryimage","url":"https:\/\/umecit.edu.pa\/wp-content\/uploads\/2022\/08\/F-Ciencias-de-la-Salud-1.jpg","contentUrl":"https:\/\/umecit.edu.pa\/wp-content\/uploads\/2022\/08\/F-Ciencias-de-la-Salud-1.jpg","width":500,"height":370,"caption":"Facultad de Ciencias de la Salud"},{"@type":"BreadcrumbList","@id":"https:\/\/umecit.edu.pa\/grado-licenciaturas\/facultad-de-ciencias-de-la-salud-umecit-programas\/#breadcrumb","itemListElement":[{"@type":"ListItem","position":1,"name":"Portada","item":"https:\/\/umecit.edu.pa\/"},{"@type":"ListItem","position":2,"name":"Grado","item":"https:\/\/umecit.edu.pa\/grado-licenciaturas\/"},{"@type":"ListItem","position":3,"name":"Facultad de Ciencias de la Salud &#8211; UMECIT"}]},{"@type":"WebSite","@id":"https:\/\/umecit.edu.pa\/#website","url":"https:\/\/umecit.edu.pa\/","name":"Umecit - University in Panama","description":"Metropolitan University of Education, Science and Technology","publisher":{"@id":"https:\/\/umecit.edu.pa\/#organization"},"potentialAction":[{"@type":"SearchAction","target":{"@type":"EntryPoint","urlTemplate":"https:\/\/umecit.edu.pa\/?s={search_term_string}"},"query-input":{"@type":"PropertyValueSpecification","valueRequired":true,"valueName":"search_term_string"}}],"inLanguage":"en-US"},{"@type":"Organization","@id":"https:\/\/umecit.edu.pa\/#organization","name":"Umecit - University in Panama","url":"https:\/\/umecit.edu.pa\/","logo":{"@type":"ImageObject","inLanguage":"en-US","@id":"https:\/\/umecit.edu.pa\/#\/schema\/logo\/image\/","url":"https:\/\/umecit.edu.pa\/wp-content\/uploads\/2022\/06\/panama-7.jpg","contentUrl":"https:\/\/umecit.edu.pa\/wp-content\/uploads\/2022\/06\/panama-7.jpg","width":1200,"height":800,"caption":"Umecit - Universidad en Panam\u00e1"},"image":{"@id":"https:\/\/umecit.edu.pa\/#\/schema\/logo\/image\/"},"sameAs":["https:\/\/www.facebook.com\/umecitpanama\/","https:\/\/x.com\/umecitpanama","https:\/\/www.tiktok.com\/@umecit","https:\/\/www.instagram.com\/umecit\/","https:\/\/www.youtube.com\/channel\/UCP9iXFXi4p_EW_p9p6lprhg"]}]}},"_links":{"self":[{"href":"https:\/\/umecit.edu.pa\/en\/wp-json\/wp\/v2\/pages\/114609","targetHints":{"allow":["GET"]}}],"collection":[{"href":"https:\/\/umecit.edu.pa\/en\/wp-json\/wp\/v2\/pages"}],"about":[{"href":"https:\/\/umecit.edu.pa\/en\/wp-json\/wp\/v2\/types\/page"}],"author":[{"embeddable":true,"href":"https:\/\/umecit.edu.pa\/en\/wp-json\/wp\/v2\/users\/695"}],"replies":[{"embeddable":true,"href":"https:\/\/umecit.edu.pa\/en\/wp-json\/wp\/v2\/comments?post=114609"}],"version-history":[{"count":21,"href":"https:\/\/umecit.edu.pa\/en\/wp-json\/wp\/v2\/pages\/114609\/revisions"}],"predecessor-version":[{"id":124515,"href":"https:\/\/umecit.edu.pa\/en\/wp-json\/wp\/v2\/pages\/114609\/revisions\/124515"}],"up":[{"embeddable":true,"href":"https:\/\/umecit.edu.pa\/en\/wp-json\/wp\/v2\/pages\/2222"}],"wp:featuredmedia":[{"embeddable":true,"href":"https:\/\/umecit.edu.pa\/en\/wp-json\/wp\/v2\/media\/31518"}],"wp:attachment":[{"href":"https:\/\/umecit.edu.pa\/en\/wp-json\/wp\/v2\/media?parent=114609"}],"curies":[{"name":"wp","href":"https:\/\/api.w.org\/{rel}","templated":true}]}}