{"id":112729,"date":"2024-04-25T16:44:09","date_gmt":"2024-04-25T21:44:09","guid":{"rendered":"https:\/\/umecit.edu.pa\/?page_id=112729"},"modified":"2024-05-28T14:04:03","modified_gmt":"2024-05-28T19:04:03","slug":"encuesta-umecit-qs-ee","status":"publish","type":"page","link":"https:\/\/umecit.edu.pa\/en\/encuesta-umecit-qs-ee\/","title":{"rendered":"UMECIT \u2013 QS \u2013 EE survey"},"content":{"rendered":"<div data-elementor-type=\"wp-page\" data-elementor-id=\"112729\" class=\"elementor elementor-112729\" data-elementor-post-type=\"page\">\n\t\t\t\t\t\t<section class=\"elementor-section elementor-top-section elementor-element elementor-element-a466de3 elementor-section-boxed elementor-section-height-default elementor-section-height-default row-top\" data-id=\"a466de3\" data-element_type=\"section\" data-e-type=\"section\" data-settings=\"{&quot;background_background&quot;:&quot;classic&quot;}\">\n\t\t\t\t\t\t<div class=\"elementor-container elementor-column-gap-default\">\n\t\t\t\t\t<div class=\"elementor-column elementor-col-33 elementor-top-column elementor-element elementor-element-256f62f column-style-top\" data-id=\"256f62f\" data-element_type=\"column\" data-e-type=\"column\">\n\t\t\t<div class=\"elementor-widget-wrap elementor-element-populated\">\n\t\t\t\t\t\t<div class=\"elementor-element elementor-element-5341eaa elementor-widget elementor-widget-image\" data-id=\"5341eaa\" data-element_type=\"widget\" data-e-type=\"widget\" data-widget_type=\"image.default\">\n\t\t\t\t<div class=\"elementor-widget-container\">\n\t\t\t\t\t\t\t\t\t\t\t\t\t\t\t<img fetchpriority=\"high\" decoding=\"async\" width=\"709\" height=\"158\" src=\"https:\/\/Umecit.edu.pa\/wp-content\/uploads\/2022\/06\/logo-umecit-b-1.png\" class=\"attachment-large size-large wp-image-25977\" alt=\"\" \/>\t\t\t\t\t\t\t\t\t\t\t\t\t\t\t<\/div>\n\t\t\t\t<\/div>\n\t\t\t\t\t<\/div>\n\t\t<\/div>\n\t\t\t\t<div class=\"elementor-column elementor-col-66 elementor-top-column elementor-element elementor-element-4cb1957 column-style-top\" data-id=\"4cb1957\" data-element_type=\"column\" data-e-type=\"column\">\n\t\t\t<div class=\"elementor-widget-wrap elementor-element-populated\">\n\t\t\t\t\t\t<div class=\"elementor-element elementor-element-9558f31 elementor-widget elementor-widget-image\" data-id=\"9558f31\" data-element_type=\"widget\" data-e-type=\"widget\" data-widget_type=\"image.default\">\n\t\t\t\t<div class=\"elementor-widget-container\">\n\t\t\t\t\t\t\t\t\t\t\t\t\t\t\t<img decoding=\"async\" width=\"358\" height=\"358\" src=\"https:\/\/Umecit.edu.pa\/wp-content\/uploads\/2024\/04\/Screenshot-2024-04-25-at-2.58.24\u202fPM.png\" class=\"attachment-large size-large wp-image-112641\" alt=\"\" srcset=\"https:\/\/Umecit.edu.pa\/wp-content\/uploads\/2024\/04\/Screenshot-2024-04-25-at-2.58.24\u202fPM.png 358w, https:\/\/Umecit.edu.pa\/wp-content\/uploads\/2024\/04\/Screenshot-2024-04-25-at-2.58.24\u202fPM-180x180.png 180w, https:\/\/Umecit.edu.pa\/wp-content\/uploads\/2024\/04\/Screenshot-2024-04-25-at-2.58.24\u202fPM-12x12.png 12w\" sizes=\"(max-width: 358px) 100vw, 358px\" \/>\t\t\t\t\t\t\t\t\t\t\t\t\t\t\t<\/div>\n\t\t\t\t<\/div>\n\t\t\t\t\t<\/div>\n\t\t<\/div>\n\t\t\t\t\t<\/div>\n\t\t<\/section>\n\t\t\t\t<section class=\"elementor-section elementor-top-section elementor-element elementor-element-995dbfe elementor-section-boxed elementor-section-height-default elementor-section-height-default row-top\" data-id=\"995dbfe\" data-element_type=\"section\" data-e-type=\"section\" data-settings=\"{&quot;background_background&quot;:&quot;classic&quot;}\">\n\t\t\t\t\t\t\t<div class=\"elementor-background-overlay\"><\/div>\n\t\t\t\t\t\t\t<div class=\"elementor-container elementor-column-gap-default\">\n\t\t\t\t\t<div class=\"elementor-column elementor-col-100 elementor-top-column elementor-element elementor-element-d2e2920 column-style-top\" data-id=\"d2e2920\" data-element_type=\"column\" data-e-type=\"column\">\n\t\t\t<div class=\"elementor-widget-wrap elementor-element-populated\">\n\t\t\t\t\t\t<div class=\"elementor-element elementor-element-be4dc86 elementor-widget elementor-widget-heading\" data-id=\"be4dc86\" data-element_type=\"widget\" data-e-type=\"widget\" data-widget_type=\"heading.default\">\n\t\t\t\t<div class=\"elementor-widget-container\">\n\t\t\t\t\t<h2 class=\"elementor-heading-title elementor-size-default\"><p><font color=\"#06326b\">By filling out this survey <\/font><span>Rating QS Stars, <font color=\"#06326b\">You will help UMECIT measure the employability rate of its graduates. Your collaboration will strengthen our <\/font><span>continuous improvement process.<\/span><\/span><\/p><\/h2>\t\t\t\t<\/div>\n\t\t\t\t<\/div>\n\t\t\t\t<div class=\"elementor-element elementor-element-8348f1c elementor-widget elementor-widget-heading\" data-id=\"8348f1c\" data-element_type=\"widget\" data-e-type=\"widget\" data-widget_type=\"heading.default\">\n\t\t\t\t<div class=\"elementor-widget-container\">\n\t\t\t\t\t<h2 class=\"elementor-heading-title elementor-size-default\">The development of this survey will take you <b>only 3 minutes.  <\/b>To get started, please click this button:<\/h2>\t\t\t\t<\/div>\n\t\t\t\t<\/div>\n\t\t\t\t\t<\/div>\n\t\t<\/div>\n\t\t\t\t\t<\/div>\n\t\t<\/section>\n\t\t\t\t<section class=\"elementor-section elementor-top-section elementor-element elementor-element-f355eac elementor-section-boxed elementor-section-height-default elementor-section-height-default row-top\" data-id=\"f355eac\" data-element_type=\"section\" data-e-type=\"section\" data-settings=\"{&quot;background_background&quot;:&quot;classic&quot;}\">\n\t\t\t\t\t\t<div class=\"elementor-container elementor-column-gap-default\">\n\t\t\t\t\t<div class=\"elementor-column elementor-col-100 elementor-top-column elementor-element elementor-element-9e53a02 column-style-top\" data-id=\"9e53a02\" data-element_type=\"column\" data-e-type=\"column\">\n\t\t\t<div class=\"elementor-widget-wrap elementor-element-populated\">\n\t\t\t\t\t\t<div class=\"elementor-element elementor-element-b784a7a elementor-align-center elementor-widget elementor-widget-button\" data-id=\"b784a7a\" data-element_type=\"widget\" data-e-type=\"widget\" data-widget_type=\"button.default\">\n\t\t\t\t<div class=\"elementor-widget-container\">\n\t\t\t\t\t\t\t\t\t<div class=\"elementor-button-wrapper\">\n\t\t\t\t\t<a class=\"elementor-button elementor-button-link elementor-size-lg\" href=\"https:\/\/f9og.short.gy\/encuestaegresados\">\n\t\t\t\t\t\t<span class=\"elementor-button-content-wrapper\">\n\t\t\t\t\t\t\t\t\t<span class=\"elementor-button-text\">FILL OUT SURVEY<\/span>\n\t\t\t\t\t<\/span>\n\t\t\t\t\t<\/a>\n\t\t\t\t<\/div>\n\t\t\t\t\t\t\t\t<\/div>\n\t\t\t\t<\/div>\n\t\t\t\t\t<\/div>\n\t\t<\/div>\n\t\t\t\t\t<\/div>\n\t\t<\/section>\n\t\t\t\t<section class=\"elementor-section elementor-top-section elementor-element elementor-element-7e1113c elementor-section-boxed elementor-section-height-default elementor-section-height-default row-top\" data-id=\"7e1113c\" data-element_type=\"section\" data-e-type=\"section\" data-settings=\"{&quot;background_background&quot;:&quot;classic&quot;}\">\n\t\t\t\t\t\t<div class=\"elementor-container elementor-column-gap-default\">\n\t\t\t\t\t<div class=\"elementor-column elementor-col-100 elementor-top-column elementor-element elementor-element-9a86425 column-style-top\" data-id=\"9a86425\" data-element_type=\"column\" data-e-type=\"column\">\n\t\t\t<div class=\"elementor-widget-wrap elementor-element-populated\">\n\t\t\t\t\t\t<div class=\"elementor-element elementor-element-4b68d35 elementor-widget elementor-widget-image\" data-id=\"4b68d35\" data-element_type=\"widget\" data-e-type=\"widget\" data-widget_type=\"image.default\">\n\t\t\t\t<div class=\"elementor-widget-container\">\n\t\t\t\t\t\t\t\t\t\t\t\t\t\t\t<img fetchpriority=\"high\" decoding=\"async\" width=\"709\" height=\"158\" src=\"https:\/\/Umecit.edu.pa\/wp-content\/uploads\/2022\/06\/logo-umecit-b-1.png\" class=\"attachment-large size-large wp-image-25977\" alt=\"\" \/>\t\t\t\t\t\t\t\t\t\t\t\t\t\t\t<\/div>\n\t\t\t\t<\/div>\n\t\t\t\t<div class=\"elementor-element elementor-element-fc312e2 elementor-widget elementor-widget-heading\" data-id=\"fc312e2\" data-element_type=\"widget\" data-e-type=\"widget\" data-widget_type=\"heading.default\">\n\t\t\t\t<div class=\"elementor-widget-container\">\n\t\t\t\t\t<h2 class=\"elementor-heading-title elementor-size-default\">@2024 Metropolitan University of Education, Science and Technology - All Rights Reserved<\/h2>\t\t\t\t<\/div>\n\t\t\t\t<\/div>\n\t\t\t\t\t<\/div>\n\t\t<\/div>\n\t\t\t\t\t<\/div>\n\t\t<\/section>\n\t\t\t\t<\/div>","protected":false},"excerpt":{"rendered":"<p>Al llenar esta encuesta del Rating QS Stars, le ayudar\u00e1s a UMECIT a medir la tasa de empleabilidad de sus graduados. Tu colaboraci\u00f3n fortalecer\u00e1 nuestro proceso de mejora continua. El desarrollo de esta encuesta te tomar\u00e1 solo 3 minutos. Para iniciar, por favor haz clic en este bot\u00f3n: LLENAR ENCUESTA @2024 Universidad Metropolitana de Educaci\u00f3n, [&hellip;]<\/p>\n","protected":false},"author":695,"featured_media":112660,"parent":0,"menu_order":0,"comment_status":"closed","ping_status":"closed","template":"elementor_canvas","meta":{"footnotes":""},"class_list":["post-112729","page","type-page","status-publish","has-post-thumbnail","hentry"],"yoast_head":"<!-- This site is optimized with the Yoast SEO plugin v27.1.1 - https:\/\/yoast.com\/product\/yoast-seo-wordpress\/ -->\n<title>Encuesta UMECIT - QS - EE<\/title>\n<meta name=\"robots\" content=\"index, follow, max-snippet:-1, max-image-preview:large, max-video-preview:-1\" \/>\n<link rel=\"canonical\" href=\"https:\/\/Umecit.edu.pa\/encuesta-umecit-qs-ee\/\" \/>\n<meta property=\"og:locale\" content=\"en_US\" \/>\n<meta property=\"og:type\" content=\"article\" \/>\n<meta property=\"og:title\" content=\"Encuesta UMECIT - QS - EE\" \/>\n<meta property=\"og:description\" content=\"Al llenar esta encuesta del Rating QS Stars, le ayudar\u00e1s a UMECIT a medir la tasa de empleabilidad de sus graduados. Tu colaboraci\u00f3n fortalecer\u00e1 nuestro proceso de mejora continua. El desarrollo de esta encuesta te tomar\u00e1 solo 3 minutos. Para iniciar, por favor haz clic en este bot\u00f3n: LLENAR ENCUESTA @2024 Universidad Metropolitana de Educaci\u00f3n, [&hellip;]\" \/>\n<meta property=\"og:url\" content=\"https:\/\/Umecit.edu.pa\/encuesta-umecit-qs-ee\/\" \/>\n<meta property=\"og:site_name\" content=\"Umecit - Universidad en Panam\u00e1\" \/>\n<meta property=\"article:publisher\" content=\"https:\/\/www.facebook.com\/umecitpanama\/\" \/>\n<meta property=\"article:modified_time\" content=\"2024-05-28T19:04:03+00:00\" \/>\n<meta property=\"og:image\" content=\"https:\/\/Umecit.edu.pa\/wp-content\/uploads\/2024\/04\/FONDOS-1920-x-900-px-15.jpg\" \/>\n\t<meta property=\"og:image:width\" content=\"1920\" \/>\n\t<meta property=\"og:image:height\" content=\"900\" \/>\n\t<meta property=\"og:image:type\" content=\"image\/jpeg\" \/>\n<meta name=\"twitter:card\" content=\"summary_large_image\" \/>\n<meta name=\"twitter:site\" content=\"@umecitpanama\" \/>\n<meta name=\"twitter:label1\" content=\"Est. reading time\" \/>\n\t<meta name=\"twitter:data1\" content=\"1 minute\" \/>\n<script type=\"application\/ld+json\" class=\"yoast-schema-graph\">{\"@context\":\"https:\/\/schema.org\",\"@graph\":[{\"@type\":\"WebPage\",\"@id\":\"https:\/\/Umecit.edu.pa\/encuesta-umecit-qs-ee\/\",\"url\":\"https:\/\/Umecit.edu.pa\/encuesta-umecit-qs-ee\/\",\"name\":\"Encuesta UMECIT - QS - EE\",\"isPartOf\":{\"@id\":\"https:\/\/mail.umecit.edu.pa\/en\/#website\"},\"primaryImageOfPage\":{\"@id\":\"https:\/\/Umecit.edu.pa\/encuesta-umecit-qs-ee\/#primaryimage\"},\"image\":{\"@id\":\"https:\/\/Umecit.edu.pa\/encuesta-umecit-qs-ee\/#primaryimage\"},\"thumbnailUrl\":\"https:\/\/umecit.edu.pa\/wp-content\/uploads\/2024\/04\/FONDOS-1920-x-900-px-15.jpg\",\"datePublished\":\"2024-04-25T21:44:09+00:00\",\"dateModified\":\"2024-05-28T19:04:03+00:00\",\"breadcrumb\":{\"@id\":\"https:\/\/Umecit.edu.pa\/encuesta-umecit-qs-ee\/#breadcrumb\"},\"inLanguage\":\"en-US\",\"potentialAction\":[{\"@type\":\"ReadAction\",\"target\":[\"https:\/\/Umecit.edu.pa\/encuesta-umecit-qs-ee\/\"]}]},{\"@type\":\"ImageObject\",\"inLanguage\":\"en-US\",\"@id\":\"https:\/\/Umecit.edu.pa\/encuesta-umecit-qs-ee\/#primaryimage\",\"url\":\"https:\/\/umecit.edu.pa\/wp-content\/uploads\/2024\/04\/FONDOS-1920-x-900-px-15.jpg\",\"contentUrl\":\"https:\/\/umecit.edu.pa\/wp-content\/uploads\/2024\/04\/FONDOS-1920-x-900-px-15.jpg\",\"width\":1920,\"height\":900},{\"@type\":\"BreadcrumbList\",\"@id\":\"https:\/\/Umecit.edu.pa\/encuesta-umecit-qs-ee\/#breadcrumb\",\"itemListElement\":[{\"@type\":\"ListItem\",\"position\":1,\"name\":\"Portada\",\"item\":\"https:\/\/mail.umecit.edu.pa\/en\/\"},{\"@type\":\"ListItem\",\"position\":2,\"name\":\"Encuesta UMECIT &#8211; QS &#8211; EE\"}]},{\"@type\":\"WebSite\",\"@id\":\"https:\/\/mail.umecit.edu.pa\/en\/#website\",\"url\":\"https:\/\/mail.umecit.edu.pa\/en\/\",\"name\":\"Umecit - Universidad en Panam\u00e1\",\"description\":\"Universidad Metropolitana de Educaci\u00f3n, Ciencia y Tecnolog\u00eda\",\"publisher\":{\"@id\":\"https:\/\/mail.umecit.edu.pa\/en\/#organization\"},\"potentialAction\":[{\"@type\":\"SearchAction\",\"target\":{\"@type\":\"EntryPoint\",\"urlTemplate\":\"https:\/\/mail.umecit.edu.pa\/en\/?s={search_term_string}\"},\"query-input\":{\"@type\":\"PropertyValueSpecification\",\"valueRequired\":true,\"valueName\":\"search_term_string\"}}],\"inLanguage\":\"en-US\"},{\"@type\":\"Organization\",\"@id\":\"https:\/\/mail.umecit.edu.pa\/en\/#organization\",\"name\":\"Umecit - Universidad en Panam\u00e1\",\"url\":\"https:\/\/mail.umecit.edu.pa\/en\/\",\"logo\":{\"@type\":\"ImageObject\",\"inLanguage\":\"en-US\",\"@id\":\"https:\/\/mail.umecit.edu.pa\/en\/#\/schema\/logo\/image\/\",\"url\":\"https:\/\/umecit.edu.pa\/wp-content\/uploads\/2022\/06\/panama-7.jpg\",\"contentUrl\":\"https:\/\/umecit.edu.pa\/wp-content\/uploads\/2022\/06\/panama-7.jpg\",\"width\":1200,\"height\":800,\"caption\":\"Umecit - Universidad en Panam\u00e1\"},\"image\":{\"@id\":\"https:\/\/mail.umecit.edu.pa\/en\/#\/schema\/logo\/image\/\"},\"sameAs\":[\"https:\/\/www.facebook.com\/umecitpanama\/\",\"https:\/\/x.com\/umecitpanama\",\"https:\/\/www.tiktok.com\/@umecit\",\"https:\/\/www.instagram.com\/umecit\/\",\"https:\/\/www.youtube.com\/channel\/UCP9iXFXi4p_EW_p9p6lprhg\"]}]}<\/script>\n<!-- \/ Yoast SEO plugin. -->","yoast_head_json":{"title":"UMECIT - QS - EE Survey","robots":{"index":"index","follow":"follow","max-snippet":"max-snippet:-1","max-image-preview":"max-image-preview:large","max-video-preview":"max-video-preview:-1"},"canonical":"https:\/\/Umecit.edu.pa\/encuesta-umecit-qs-ee\/","og_locale":"en_US","og_type":"article","og_title":"Encuesta UMECIT - QS - EE","og_description":"Al llenar esta encuesta del Rating QS Stars, le ayudar\u00e1s a UMECIT a medir la tasa de empleabilidad de sus graduados. Tu colaboraci\u00f3n fortalecer\u00e1 nuestro proceso de mejora continua. El desarrollo de esta encuesta te tomar\u00e1 solo 3 minutos. Para iniciar, por favor haz clic en este bot\u00f3n: LLENAR ENCUESTA @2024 Universidad Metropolitana de Educaci\u00f3n, [&hellip;]","og_url":"https:\/\/Umecit.edu.pa\/encuesta-umecit-qs-ee\/","og_site_name":"Umecit - Universidad en Panam\u00e1","article_publisher":"https:\/\/www.facebook.com\/umecitpanama\/","article_modified_time":"2024-05-28T19:04:03+00:00","og_image":[{"width":1920,"height":900,"url":"https:\/\/Umecit.edu.pa\/wp-content\/uploads\/2024\/04\/FONDOS-1920-x-900-px-15.jpg","type":"image\/jpeg"}],"twitter_card":"summary_large_image","twitter_site":"@umecitpanama","twitter_misc":{"Est. reading time":"1 minute"},"schema":{"@context":"https:\/\/schema.org","@graph":[{"@type":"WebPage","@id":"https:\/\/Umecit.edu.pa\/encuesta-umecit-qs-ee\/","url":"https:\/\/Umecit.edu.pa\/encuesta-umecit-qs-ee\/","name":"UMECIT - QS - EE Survey","isPartOf":{"@id":"https:\/\/mail.umecit.edu.pa\/en\/#website"},"primaryImageOfPage":{"@id":"https:\/\/Umecit.edu.pa\/encuesta-umecit-qs-ee\/#primaryimage"},"image":{"@id":"https:\/\/Umecit.edu.pa\/encuesta-umecit-qs-ee\/#primaryimage"},"thumbnailUrl":"https:\/\/umecit.edu.pa\/wp-content\/uploads\/2024\/04\/FONDOS-1920-x-900-px-15.jpg","datePublished":"2024-04-25T21:44:09+00:00","dateModified":"2024-05-28T19:04:03+00:00","breadcrumb":{"@id":"https:\/\/Umecit.edu.pa\/encuesta-umecit-qs-ee\/#breadcrumb"},"inLanguage":"en-US","potentialAction":[{"@type":"ReadAction","target":["https:\/\/Umecit.edu.pa\/encuesta-umecit-qs-ee\/"]}]},{"@type":"ImageObject","inLanguage":"en-US","@id":"https:\/\/Umecit.edu.pa\/encuesta-umecit-qs-ee\/#primaryimage","url":"https:\/\/umecit.edu.pa\/wp-content\/uploads\/2024\/04\/FONDOS-1920-x-900-px-15.jpg","contentUrl":"https:\/\/umecit.edu.pa\/wp-content\/uploads\/2024\/04\/FONDOS-1920-x-900-px-15.jpg","width":1920,"height":900},{"@type":"BreadcrumbList","@id":"https:\/\/Umecit.edu.pa\/encuesta-umecit-qs-ee\/#breadcrumb","itemListElement":[{"@type":"ListItem","position":1,"name":"Portada","item":"https:\/\/mail.umecit.edu.pa\/en\/"},{"@type":"ListItem","position":2,"name":"Encuesta UMECIT &#8211; QS &#8211; EE"}]},{"@type":"WebSite","@id":"https:\/\/mail.umecit.edu.pa\/en\/#website","url":"https:\/\/mail.umecit.edu.pa\/en\/","name":"Umecit - University in Panama","description":"Metropolitan University of Education, Science and Technology","publisher":{"@id":"https:\/\/mail.umecit.edu.pa\/en\/#organization"},"potentialAction":[{"@type":"SearchAction","target":{"@type":"EntryPoint","urlTemplate":"https:\/\/mail.umecit.edu.pa\/en\/?s={search_term_string}"},"query-input":{"@type":"PropertyValueSpecification","valueRequired":true,"valueName":"search_term_string"}}],"inLanguage":"en-US"},{"@type":"Organization","@id":"https:\/\/mail.umecit.edu.pa\/en\/#organization","name":"Umecit - University in Panama","url":"https:\/\/mail.umecit.edu.pa\/en\/","logo":{"@type":"ImageObject","inLanguage":"en-US","@id":"https:\/\/mail.umecit.edu.pa\/en\/#\/schema\/logo\/image\/","url":"https:\/\/umecit.edu.pa\/wp-content\/uploads\/2022\/06\/panama-7.jpg","contentUrl":"https:\/\/umecit.edu.pa\/wp-content\/uploads\/2022\/06\/panama-7.jpg","width":1200,"height":800,"caption":"Umecit - Universidad en Panam\u00e1"},"image":{"@id":"https:\/\/mail.umecit.edu.pa\/en\/#\/schema\/logo\/image\/"},"sameAs":["https:\/\/www.facebook.com\/umecitpanama\/","https:\/\/x.com\/umecitpanama","https:\/\/www.tiktok.com\/@umecit","https:\/\/www.instagram.com\/umecit\/","https:\/\/www.youtube.com\/channel\/UCP9iXFXi4p_EW_p9p6lprhg"]}]}},"_links":{"self":[{"href":"https:\/\/umecit.edu.pa\/en\/wp-json\/wp\/v2\/pages\/112729","targetHints":{"allow":["GET"]}}],"collection":[{"href":"https:\/\/umecit.edu.pa\/en\/wp-json\/wp\/v2\/pages"}],"about":[{"href":"https:\/\/umecit.edu.pa\/en\/wp-json\/wp\/v2\/types\/page"}],"author":[{"embeddable":true,"href":"https:\/\/umecit.edu.pa\/en\/wp-json\/wp\/v2\/users\/695"}],"replies":[{"embeddable":true,"href":"https:\/\/umecit.edu.pa\/en\/wp-json\/wp\/v2\/comments?post=112729"}],"version-history":[{"count":0,"href":"https:\/\/umecit.edu.pa\/en\/wp-json\/wp\/v2\/pages\/112729\/revisions"}],"wp:featuredmedia":[{"embeddable":true,"href":"https:\/\/umecit.edu.pa\/en\/wp-json\/wp\/v2\/media\/112660"}],"wp:attachment":[{"href":"https:\/\/umecit.edu.pa\/en\/wp-json\/wp\/v2\/media?parent=112729"}],"curies":[{"name":"wp","href":"https:\/\/api.w.org\/{rel}","templated":true}]}}