{"id":110681,"date":"2024-02-05T18:56:20","date_gmt":"2024-02-05T23:56:20","guid":{"rendered":"https:\/\/umecit.edu.pa\/?page_id=110681"},"modified":"2024-02-05T19:00:36","modified_gmt":"2024-02-06T00:00:36","slug":"publicaciones-cientificas-area-de-tecnologia-construccion-y-medio-ambiente","status":"publish","type":"page","link":"https:\/\/umecit.edu.pa\/en\/direccion-de-investigacion-innovacion-y-postgrado\/publicaciones-cientificas-area-de-tecnologia-construccion-y-medio-ambiente\/","title":{"rendered":"Scientific Publications Area of Technology, Construction and Environment"},"content":{"rendered":"<div data-elementor-type=\"wp-page\" data-elementor-id=\"110681\" class=\"elementor elementor-110681\" data-elementor-post-type=\"page\">\n\t\t\t\t\t\t<section class=\"elementor-section elementor-top-section elementor-element elementor-element-a655c75 elementor-section-boxed elementor-section-height-default elementor-section-height-default row-top\" data-id=\"a655c75\" data-element_type=\"section\" data-e-type=\"section\">\n\t\t\t\t\t\t<div class=\"elementor-container elementor-column-gap-default\">\n\t\t\t\t\t<div class=\"elementor-column elementor-col-100 elementor-top-column elementor-element elementor-element-5ace31c column-style-top\" data-id=\"5ace31c\" data-element_type=\"column\" data-e-type=\"column\">\n\t\t\t<div class=\"elementor-widget-wrap elementor-element-populated\">\n\t\t\t\t\t\t<div class=\"elementor-element elementor-element-e895dd4 elementor-widget elementor-widget-gva-heading-block\" data-id=\"e895dd4\" data-element_type=\"widget\" data-e-type=\"widget\" data-widget_type=\"gva-heading-block.default\">\n\t\t\t\t<div class=\"elementor-widget-container\">\n\t\t\t\t\t<div class=\"gva-element-gva-heading-block gva-element\">   <div class=\"align-left style-1 widget gsc-heading box-align-left auto-responsive\">\r\n      <div class=\"content-inner\">\r\n         \r\n                  \r\n           \r\n         \r\n                     <h2 class=\"title\">\r\n               <span>Scientific Publications Area of Technology, Construction and Environment<\/span>\r\n            <\/h2>\r\n                  \r\n         \r\n      <\/div>\r\n   <\/div>\r\n<\/div>\t\t\t\t<\/div>\n\t\t\t\t<\/div>\n\t\t\t\t<div class=\"elementor-element elementor-element-e14f8dc elementor-widget__width-initial elementor-widget elementor-widget-htmega-tablepress-addons\" data-id=\"e14f8dc\" data-element_type=\"widget\" data-e-type=\"widget\" data-widget_type=\"htmega-tablepress-addons.default\">\n\t\t\t\t<div class=\"elementor-widget-container\">\n\t\t\t\t\t<div class=\"htmega-tablepress htb-table-responsive\">\n<table id=\"tablepress-7\" class=\"tablepress tablepress-id-7\">\n<thead>\n<tr class=\"row-1\">\n\t<th class=\"column-1\">AUTHOR (ES)<\/th><th class=\"column-2\">PROGRAM<\/th><th class=\"column-3\">PUBLICATION TITLE<\/th><th class=\"column-4\">NAME OF THE MAGAZINE<\/th><th class=\"column-5\">AVAILABLE IN<\/th><th class=\"column-6\">COUNTRY OF PUBLICATION<\/th>\n<\/tr>\n<\/thead>\n<tbody class=\"row-striping row-hover\">\n<tr class=\"row-2\">\n\t<td class=\"column-1\">Alexis Fernando G\u00f3mez Canto<\/td><td class=\"column-2\">Professor Faculty of Technology, Construction and Environment<\/td><td class=\"column-3\">Performance of Efficient Microorganisms in Tilapia Farming<\/td><td class=\"column-4\">Agricultural Science Magazine, Scientific Magazine N\u00b037<\/td><td class=\"column-5\"><a href=\"http:\/\/www.revistacienciaagropecuaria.ac.pa\/index.php\/ciencia-agropecuaria\/article\/view\/617\/508\">SEE PUBLICATION<\/a><\/td><td class=\"column-6\">Panama<\/td>\n<\/tr>\n<tr class=\"row-3\">\n\t<td class=\"column-1\"><br \/>\nOsvaldo Alberto Solis Atencio<\/td><td class=\"column-2\">Professor Faculty of Technology, Construction and Environment<\/td><td class=\"column-3\">Study for the Establishment of a Recovery and Treatment Plant for Urban Solid Waste in the Municipality of Chitr\u00e9, Province of Herrera, Republic of Panama<br \/>\n<\/td><td class=\"column-4\">Oratores Magazine<\/td><td class=\"column-5\"><a href=\"https:\/\/revistas.umecit.edu.pa\/index.php\/oratores\/article\/view\/286\/508\">SEE PUBLICATION<\/a><\/td><td class=\"column-6\">Panama<\/td>\n<\/tr>\n<tr class=\"row-4\">\n\t<td class=\"column-1\">Betsy Miranda\/Maria Lenoyr<\/td><td class=\"column-2\">Professor Faculty of Technology, Construction and Environment<\/td><td class=\"column-3\">Indicators in the teaching-learning of programming languages at the university level<\/td><td class=\"column-4\">Dialogue Magazine<\/td><td class=\"column-5\"><a href=\"https:\/\/revistas.umecit.edu.pa\/index.php\/dialogus\/article\/view\/515\/1056\">SEE PUBLICATION<\/a><\/td><td class=\"column-6\">Panama<\/td>\n<\/tr>\n<tr class=\"row-5\">\n\t<td class=\"column-1\">Alexis Fernando G\u00f3mez Canto<\/td><td class=\"column-2\">Professor Faculty of Technology, Construction and Environment<\/td><td class=\"column-3\">Use of efficient microorganisms with biofloc technology in tilapia production<\/td><td class=\"column-4\">Oratores Magazine<\/td><td class=\"column-5\"><a href=\"https:\/\/revistas.umecit.edu.pa\/index.php\/oratores\/article\/view\/507\/1232\">SEE PUBLICATION<\/a><\/td><td class=\"column-6\">Panama<\/td>\n<\/tr>\n<\/tbody>\n<\/table>\n<!-- #tablepress-7 from cache --><\/div>\t\t\t\t<\/div>\n\t\t\t\t<\/div>\n\t\t\t\t\t<\/div>\n\t\t<\/div>\n\t\t\t\t\t<\/div>\n\t\t<\/section>\n\t\t\t\t<\/div>","protected":false},"excerpt":{"rendered":"<p>Publicaciones Cient\u00edficas \u00c1rea de Tecnolog\u00eda, Construcci\u00f3n y Medio Ambiente Editar AUTOR (ES) PROGRAMA T\u00cdTULO DE LA PUBLICACI\u00d3N NOMBRE DE LA REVISTA DISPONIBLE EN PAIS DE LA PUBLICACI\u00d3N Alexis Fernando G\u00f3mez Canto Docente Facultad de Tecnolog\u00eda, Construcci\u00f3n y Medio Ambiente Desempe\u00f1o de los Microorganismos Eficientes en el Cultivo de Tilapias Revista Ciencia Agropecuaria, Revista Cientifica N\u00b037 [&hellip;]<\/p>\n","protected":false},"author":695,"featured_media":110487,"parent":2003,"menu_order":0,"comment_status":"closed","ping_status":"closed","template":"","meta":{"footnotes":""},"class_list":["post-110681","page","type-page","status-publish","has-post-thumbnail","hentry"],"yoast_head":"<!-- This site is optimized with the Yoast SEO plugin v27.1.1 - https:\/\/yoast.com\/product\/yoast-seo-wordpress\/ -->\n<title>Publicaciones Cient\u00edficas \u00c1rea de Tecnolog\u00eda, Construcci\u00f3n y Medio Ambiente - Umecit - Universidad en Panam\u00e1<\/title>\n<meta name=\"robots\" content=\"index, follow, max-snippet:-1, max-image-preview:large, max-video-preview:-1\" \/>\n<link rel=\"canonical\" href=\"https:\/\/umecit.edu.pa\/en\/direccion-de-investigacion-innovacion-y-postgrado\/publicaciones-cientificas-area-de-tecnologia-construccion-y-medio-ambiente\/\" \/>\n<meta property=\"og:locale\" content=\"en_US\" \/>\n<meta property=\"og:type\" content=\"article\" \/>\n<meta property=\"og:title\" content=\"Publicaciones Cient\u00edficas \u00c1rea de Tecnolog\u00eda, Construcci\u00f3n y Medio Ambiente - Umecit - Universidad en Panam\u00e1\" \/>\n<meta property=\"og:description\" content=\"Publicaciones Cient\u00edficas \u00c1rea de Tecnolog\u00eda, Construcci\u00f3n y Medio Ambiente Editar AUTOR (ES) PROGRAMA T\u00cdTULO DE LA PUBLICACI\u00d3N NOMBRE DE LA REVISTA DISPONIBLE EN PAIS DE LA PUBLICACI\u00d3N Alexis Fernando G\u00f3mez Canto Docente Facultad de Tecnolog\u00eda, Construcci\u00f3n y Medio Ambiente Desempe\u00f1o de los Microorganismos Eficientes en el Cultivo de Tilapias Revista Ciencia Agropecuaria, Revista Cientifica N\u00b037 [&hellip;]\" \/>\n<meta property=\"og:url\" content=\"https:\/\/umecit.edu.pa\/en\/direccion-de-investigacion-innovacion-y-postgrado\/publicaciones-cientificas-area-de-tecnologia-construccion-y-medio-ambiente\/\" \/>\n<meta property=\"og:site_name\" content=\"Umecit - Universidad en Panam\u00e1\" \/>\n<meta property=\"article:publisher\" content=\"https:\/\/www.facebook.com\/umecitpanama\/\" \/>\n<meta property=\"article:modified_time\" content=\"2024-02-06T00:00:36+00:00\" \/>\n<meta property=\"og:image\" content=\"https:\/\/umecit.edu.pa\/wp-content\/uploads\/2024\/02\/Sin-titulo-1920-x-612-px-3.jpg\" \/>\n\t<meta property=\"og:image:width\" content=\"1920\" \/>\n\t<meta property=\"og:image:height\" content=\"612\" \/>\n\t<meta property=\"og:image:type\" content=\"image\/jpeg\" \/>\n<meta name=\"twitter:card\" content=\"summary_large_image\" \/>\n<meta name=\"twitter:site\" content=\"@umecitpanama\" \/>\n<meta name=\"twitter:label1\" content=\"Est. reading time\" \/>\n\t<meta name=\"twitter:data1\" content=\"1 minute\" \/>\n<script type=\"application\/ld+json\" class=\"yoast-schema-graph\">{\"@context\":\"https:\/\/schema.org\",\"@graph\":[{\"@type\":\"WebPage\",\"@id\":\"https:\/\/umecit.edu.pa\/direccion-de-investigacion-innovacion-y-postgrado\/publicaciones-cientificas-area-de-tecnologia-construccion-y-medio-ambiente\/\",\"url\":\"https:\/\/umecit.edu.pa\/direccion-de-investigacion-innovacion-y-postgrado\/publicaciones-cientificas-area-de-tecnologia-construccion-y-medio-ambiente\/\",\"name\":\"Publicaciones Cient\u00edficas \u00c1rea de Tecnolog\u00eda, Construcci\u00f3n y Medio Ambiente - Umecit - Universidad en Panam\u00e1\",\"isPartOf\":{\"@id\":\"https:\/\/umecit.edu.pa\/#website\"},\"primaryImageOfPage\":{\"@id\":\"https:\/\/umecit.edu.pa\/direccion-de-investigacion-innovacion-y-postgrado\/publicaciones-cientificas-area-de-tecnologia-construccion-y-medio-ambiente\/#primaryimage\"},\"image\":{\"@id\":\"https:\/\/umecit.edu.pa\/direccion-de-investigacion-innovacion-y-postgrado\/publicaciones-cientificas-area-de-tecnologia-construccion-y-medio-ambiente\/#primaryimage\"},\"thumbnailUrl\":\"https:\/\/umecit.edu.pa\/wp-content\/uploads\/2024\/02\/Sin-titulo-1920-x-612-px-3.jpg\",\"datePublished\":\"2024-02-05T23:56:20+00:00\",\"dateModified\":\"2024-02-06T00:00:36+00:00\",\"breadcrumb\":{\"@id\":\"https:\/\/umecit.edu.pa\/direccion-de-investigacion-innovacion-y-postgrado\/publicaciones-cientificas-area-de-tecnologia-construccion-y-medio-ambiente\/#breadcrumb\"},\"inLanguage\":\"en-US\",\"potentialAction\":[{\"@type\":\"ReadAction\",\"target\":[\"https:\/\/umecit.edu.pa\/direccion-de-investigacion-innovacion-y-postgrado\/publicaciones-cientificas-area-de-tecnologia-construccion-y-medio-ambiente\/\"]}]},{\"@type\":\"ImageObject\",\"inLanguage\":\"en-US\",\"@id\":\"https:\/\/umecit.edu.pa\/direccion-de-investigacion-innovacion-y-postgrado\/publicaciones-cientificas-area-de-tecnologia-construccion-y-medio-ambiente\/#primaryimage\",\"url\":\"https:\/\/umecit.edu.pa\/wp-content\/uploads\/2024\/02\/Sin-titulo-1920-x-612-px-3.jpg\",\"contentUrl\":\"https:\/\/umecit.edu.pa\/wp-content\/uploads\/2024\/02\/Sin-titulo-1920-x-612-px-3.jpg\",\"width\":1920,\"height\":612,\"caption\":\"publicaciones-cientificas-umecit\"},{\"@type\":\"BreadcrumbList\",\"@id\":\"https:\/\/umecit.edu.pa\/direccion-de-investigacion-innovacion-y-postgrado\/publicaciones-cientificas-area-de-tecnologia-construccion-y-medio-ambiente\/#breadcrumb\",\"itemListElement\":[{\"@type\":\"ListItem\",\"position\":1,\"name\":\"Portada\",\"item\":\"https:\/\/umecit.edu.pa\/\"},{\"@type\":\"ListItem\",\"position\":2,\"name\":\"Direcci\u00f3n de Investigaci\u00f3n, Innovaci\u00f3n y Postgrado\",\"item\":\"https:\/\/44.206.156.148\/en\/direccion-de-investigacion-innovacion-y-postgrado\/\"},{\"@type\":\"ListItem\",\"position\":3,\"name\":\"Publicaciones Cient\u00edficas \u00c1rea de Tecnolog\u00eda, Construcci\u00f3n y Medio Ambiente\"}]},{\"@type\":\"WebSite\",\"@id\":\"https:\/\/umecit.edu.pa\/#website\",\"url\":\"https:\/\/umecit.edu.pa\/\",\"name\":\"Umecit - Universidad en Panam\u00e1\",\"description\":\"Universidad Metropolitana de Educaci\u00f3n, Ciencia y Tecnolog\u00eda\",\"publisher\":{\"@id\":\"https:\/\/umecit.edu.pa\/#organization\"},\"potentialAction\":[{\"@type\":\"SearchAction\",\"target\":{\"@type\":\"EntryPoint\",\"urlTemplate\":\"https:\/\/umecit.edu.pa\/?s={search_term_string}\"},\"query-input\":{\"@type\":\"PropertyValueSpecification\",\"valueRequired\":true,\"valueName\":\"search_term_string\"}}],\"inLanguage\":\"en-US\"},{\"@type\":\"Organization\",\"@id\":\"https:\/\/umecit.edu.pa\/#organization\",\"name\":\"Umecit - Universidad en Panam\u00e1\",\"url\":\"https:\/\/umecit.edu.pa\/\",\"logo\":{\"@type\":\"ImageObject\",\"inLanguage\":\"en-US\",\"@id\":\"https:\/\/umecit.edu.pa\/#\/schema\/logo\/image\/\",\"url\":\"https:\/\/umecit.edu.pa\/wp-content\/uploads\/2022\/06\/panama-7.jpg\",\"contentUrl\":\"https:\/\/umecit.edu.pa\/wp-content\/uploads\/2022\/06\/panama-7.jpg\",\"width\":1200,\"height\":800,\"caption\":\"Umecit - Universidad en Panam\u00e1\"},\"image\":{\"@id\":\"https:\/\/umecit.edu.pa\/#\/schema\/logo\/image\/\"},\"sameAs\":[\"https:\/\/www.facebook.com\/umecitpanama\/\",\"https:\/\/x.com\/umecitpanama\",\"https:\/\/www.tiktok.com\/@umecit\",\"https:\/\/www.instagram.com\/umecit\/\",\"https:\/\/www.youtube.com\/channel\/UCP9iXFXi4p_EW_p9p6lprhg\"]}]}<\/script>\n<!-- \/ Yoast SEO plugin. -->","yoast_head_json":{"title":"Scientific Publications Area of Technology, Construction and Environment - Umecit - University in Panama","robots":{"index":"index","follow":"follow","max-snippet":"max-snippet:-1","max-image-preview":"max-image-preview:large","max-video-preview":"max-video-preview:-1"},"canonical":"https:\/\/umecit.edu.pa\/en\/direccion-de-investigacion-innovacion-y-postgrado\/publicaciones-cientificas-area-de-tecnologia-construccion-y-medio-ambiente\/","og_locale":"en_US","og_type":"article","og_title":"Publicaciones Cient\u00edficas \u00c1rea de Tecnolog\u00eda, Construcci\u00f3n y Medio Ambiente - Umecit - Universidad en Panam\u00e1","og_description":"Publicaciones Cient\u00edficas \u00c1rea de Tecnolog\u00eda, Construcci\u00f3n y Medio Ambiente Editar AUTOR (ES) PROGRAMA T\u00cdTULO DE LA PUBLICACI\u00d3N NOMBRE DE LA REVISTA DISPONIBLE EN PAIS DE LA PUBLICACI\u00d3N Alexis Fernando G\u00f3mez Canto Docente Facultad de Tecnolog\u00eda, Construcci\u00f3n y Medio Ambiente Desempe\u00f1o de los Microorganismos Eficientes en el Cultivo de Tilapias Revista Ciencia Agropecuaria, Revista Cientifica N\u00b037 [&hellip;]","og_url":"https:\/\/umecit.edu.pa\/en\/direccion-de-investigacion-innovacion-y-postgrado\/publicaciones-cientificas-area-de-tecnologia-construccion-y-medio-ambiente\/","og_site_name":"Umecit - Universidad en Panam\u00e1","article_publisher":"https:\/\/www.facebook.com\/umecitpanama\/","article_modified_time":"2024-02-06T00:00:36+00:00","og_image":[{"width":1920,"height":612,"url":"https:\/\/umecit.edu.pa\/wp-content\/uploads\/2024\/02\/Sin-titulo-1920-x-612-px-3.jpg","type":"image\/jpeg"}],"twitter_card":"summary_large_image","twitter_site":"@umecitpanama","twitter_misc":{"Est. reading time":"1 minute"},"schema":{"@context":"https:\/\/schema.org","@graph":[{"@type":"WebPage","@id":"https:\/\/umecit.edu.pa\/direccion-de-investigacion-innovacion-y-postgrado\/publicaciones-cientificas-area-de-tecnologia-construccion-y-medio-ambiente\/","url":"https:\/\/umecit.edu.pa\/direccion-de-investigacion-innovacion-y-postgrado\/publicaciones-cientificas-area-de-tecnologia-construccion-y-medio-ambiente\/","name":"Scientific Publications Area of Technology, Construction and Environment - Umecit - University in Panama","isPartOf":{"@id":"https:\/\/umecit.edu.pa\/#website"},"primaryImageOfPage":{"@id":"https:\/\/umecit.edu.pa\/direccion-de-investigacion-innovacion-y-postgrado\/publicaciones-cientificas-area-de-tecnologia-construccion-y-medio-ambiente\/#primaryimage"},"image":{"@id":"https:\/\/umecit.edu.pa\/direccion-de-investigacion-innovacion-y-postgrado\/publicaciones-cientificas-area-de-tecnologia-construccion-y-medio-ambiente\/#primaryimage"},"thumbnailUrl":"https:\/\/umecit.edu.pa\/wp-content\/uploads\/2024\/02\/Sin-titulo-1920-x-612-px-3.jpg","datePublished":"2024-02-05T23:56:20+00:00","dateModified":"2024-02-06T00:00:36+00:00","breadcrumb":{"@id":"https:\/\/umecit.edu.pa\/direccion-de-investigacion-innovacion-y-postgrado\/publicaciones-cientificas-area-de-tecnologia-construccion-y-medio-ambiente\/#breadcrumb"},"inLanguage":"en-US","potentialAction":[{"@type":"ReadAction","target":["https:\/\/umecit.edu.pa\/direccion-de-investigacion-innovacion-y-postgrado\/publicaciones-cientificas-area-de-tecnologia-construccion-y-medio-ambiente\/"]}]},{"@type":"ImageObject","inLanguage":"en-US","@id":"https:\/\/umecit.edu.pa\/direccion-de-investigacion-innovacion-y-postgrado\/publicaciones-cientificas-area-de-tecnologia-construccion-y-medio-ambiente\/#primaryimage","url":"https:\/\/umecit.edu.pa\/wp-content\/uploads\/2024\/02\/Sin-titulo-1920-x-612-px-3.jpg","contentUrl":"https:\/\/umecit.edu.pa\/wp-content\/uploads\/2024\/02\/Sin-titulo-1920-x-612-px-3.jpg","width":1920,"height":612,"caption":"publicaciones-cientificas-umecit"},{"@type":"BreadcrumbList","@id":"https:\/\/umecit.edu.pa\/direccion-de-investigacion-innovacion-y-postgrado\/publicaciones-cientificas-area-de-tecnologia-construccion-y-medio-ambiente\/#breadcrumb","itemListElement":[{"@type":"ListItem","position":1,"name":"Portada","item":"https:\/\/umecit.edu.pa\/"},{"@type":"ListItem","position":2,"name":"Direcci\u00f3n de Investigaci\u00f3n, Innovaci\u00f3n y Postgrado","item":"https:\/\/44.206.156.148\/en\/direccion-de-investigacion-innovacion-y-postgrado\/"},{"@type":"ListItem","position":3,"name":"Publicaciones Cient\u00edficas \u00c1rea de Tecnolog\u00eda, Construcci\u00f3n y Medio Ambiente"}]},{"@type":"WebSite","@id":"https:\/\/umecit.edu.pa\/#website","url":"https:\/\/umecit.edu.pa\/","name":"Umecit - University in Panama","description":"Metropolitan University of Education, Science and Technology","publisher":{"@id":"https:\/\/umecit.edu.pa\/#organization"},"potentialAction":[{"@type":"SearchAction","target":{"@type":"EntryPoint","urlTemplate":"https:\/\/umecit.edu.pa\/?s={search_term_string}"},"query-input":{"@type":"PropertyValueSpecification","valueRequired":true,"valueName":"search_term_string"}}],"inLanguage":"en-US"},{"@type":"Organization","@id":"https:\/\/umecit.edu.pa\/#organization","name":"Umecit - University in Panama","url":"https:\/\/umecit.edu.pa\/","logo":{"@type":"ImageObject","inLanguage":"en-US","@id":"https:\/\/umecit.edu.pa\/#\/schema\/logo\/image\/","url":"https:\/\/umecit.edu.pa\/wp-content\/uploads\/2022\/06\/panama-7.jpg","contentUrl":"https:\/\/umecit.edu.pa\/wp-content\/uploads\/2022\/06\/panama-7.jpg","width":1200,"height":800,"caption":"Umecit - Universidad en Panam\u00e1"},"image":{"@id":"https:\/\/umecit.edu.pa\/#\/schema\/logo\/image\/"},"sameAs":["https:\/\/www.facebook.com\/umecitpanama\/","https:\/\/x.com\/umecitpanama","https:\/\/www.tiktok.com\/@umecit","https:\/\/www.instagram.com\/umecit\/","https:\/\/www.youtube.com\/channel\/UCP9iXFXi4p_EW_p9p6lprhg"]}]}},"_links":{"self":[{"href":"https:\/\/umecit.edu.pa\/en\/wp-json\/wp\/v2\/pages\/110681","targetHints":{"allow":["GET"]}}],"collection":[{"href":"https:\/\/umecit.edu.pa\/en\/wp-json\/wp\/v2\/pages"}],"about":[{"href":"https:\/\/umecit.edu.pa\/en\/wp-json\/wp\/v2\/types\/page"}],"author":[{"embeddable":true,"href":"https:\/\/umecit.edu.pa\/en\/wp-json\/wp\/v2\/users\/695"}],"replies":[{"embeddable":true,"href":"https:\/\/umecit.edu.pa\/en\/wp-json\/wp\/v2\/comments?post=110681"}],"version-history":[{"count":0,"href":"https:\/\/umecit.edu.pa\/en\/wp-json\/wp\/v2\/pages\/110681\/revisions"}],"up":[{"embeddable":true,"href":"https:\/\/umecit.edu.pa\/en\/wp-json\/wp\/v2\/pages\/2003"}],"wp:featuredmedia":[{"embeddable":true,"href":"https:\/\/umecit.edu.pa\/en\/wp-json\/wp\/v2\/media\/110487"}],"wp:attachment":[{"href":"https:\/\/umecit.edu.pa\/en\/wp-json\/wp\/v2\/media?parent=110681"}],"curies":[{"name":"wp","href":"https:\/\/api.w.org\/{rel}","templated":true}]}}