{"id":110670,"date":"2024-02-05T18:52:57","date_gmt":"2024-02-05T23:52:57","guid":{"rendered":"https:\/\/umecit.edu.pa\/?page_id=110670"},"modified":"2024-02-05T19:02:02","modified_gmt":"2024-02-06T00:02:02","slug":"publicaciones-cientificas-area-de-ciencias-economicas-y-administrativas","status":"publish","type":"page","link":"https:\/\/umecit.edu.pa\/en\/direccion-de-investigacion-innovacion-y-postgrado\/publicaciones-cientificas-area-de-ciencias-economicas-y-administrativas\/","title":{"rendered":"Scientific Publications Area of Economic and Administrative Sciences"},"content":{"rendered":"<div data-elementor-type=\"wp-page\" data-elementor-id=\"110670\" class=\"elementor elementor-110670\" data-elementor-post-type=\"page\">\n\t\t\t\t\t\t<section class=\"elementor-section elementor-top-section elementor-element elementor-element-a655c75 elementor-section-boxed elementor-section-height-default elementor-section-height-default row-top\" data-id=\"a655c75\" data-element_type=\"section\" data-e-type=\"section\">\n\t\t\t\t\t\t<div class=\"elementor-container elementor-column-gap-default\">\n\t\t\t\t\t<div class=\"elementor-column elementor-col-100 elementor-top-column elementor-element elementor-element-5ace31c column-style-top\" data-id=\"5ace31c\" data-element_type=\"column\" data-e-type=\"column\">\n\t\t\t<div class=\"elementor-widget-wrap elementor-element-populated\">\n\t\t\t\t\t\t<div class=\"elementor-element elementor-element-e895dd4 elementor-widget elementor-widget-gva-heading-block\" data-id=\"e895dd4\" data-element_type=\"widget\" data-e-type=\"widget\" data-widget_type=\"gva-heading-block.default\">\n\t\t\t\t<div class=\"elementor-widget-container\">\n\t\t\t\t\t<div class=\"gva-element-gva-heading-block gva-element\">   <div class=\"align-left style-1 widget gsc-heading box-align-left auto-responsive\">\r\n      <div class=\"content-inner\">\r\n         \r\n                  \r\n           \r\n         \r\n                     <h2 class=\"title\">\r\n               <span><h2 data-elementor-setting-key=\"title_text\" data-elementor-inline-editing-toolbar=\"none\" data-pen-placeholder=\"Teclea aqu\u00ed...\" style=\"font-family: &quot;Kumbh Sans&quot;, sans-serif;\">Scientific Publications Area of Economic and Administrative Sciences<\/h2><\/span>\r\n            <\/h2>\r\n                  \r\n         \r\n      <\/div>\r\n   <\/div>\r\n<\/div>\t\t\t\t<\/div>\n\t\t\t\t<\/div>\n\t\t\t\t<div class=\"elementor-element elementor-element-e14f8dc elementor-widget__width-initial elementor-widget elementor-widget-htmega-tablepress-addons\" data-id=\"e14f8dc\" data-element_type=\"widget\" data-e-type=\"widget\" data-widget_type=\"htmega-tablepress-addons.default\">\n\t\t\t\t<div class=\"elementor-widget-container\">\n\t\t\t\t\t<div class=\"htmega-tablepress htb-table-responsive\">\n<table id=\"tablepress-6\" class=\"tablepress tablepress-id-6\">\n<thead>\n<tr class=\"row-1\">\n\t<th class=\"column-1\">AUTHOR (ES)<\/th><th class=\"column-2\">PROGRAM<\/th><th class=\"column-3\">PUBLICATION TITLE<\/th><th class=\"column-4\">NAME OF THE MAGAZINE<\/th><th class=\"column-5\">AVAILABLE IN<\/th><th class=\"column-6\">COUNTRY OF PUBLICATION<\/th>\n<\/tr>\n<\/thead>\n<tbody class=\"row-striping row-hover\">\n<tr class=\"row-2\">\n\t<td class=\"column-1\">Yadira Bonilla Caballero<\/td><td class=\"column-2\">Professor Faculty of Economics and Administrative Sciences<\/td><td class=\"column-3\">Forensic audit as judicial evidence<\/td><td class=\"column-4\">Cathedra Magazine<\/td><td class=\"column-5\"><a href=\"https:\/\/revistas.umecit.edu.pa\/index.php\/cathedra\/article\/view\/176\/325\">SEE PUBLICATION<\/a><\/td><td class=\"column-6\">Panama<\/td>\n<\/tr>\n<tr class=\"row-3\">\n\t<td class=\"column-1\">Yovany Edgar Ch\u00e1vez Rodr\u00edguez<\/td><td class=\"column-2\">Professor Faculty of Nautical Sciences \/ Doctorate in Educational Sciences with Emphasis on Research, Evaluation and Formulation of Educational Projects<\/td><td class=\"column-3\">The moderating effect of sovereign credit rating between GDP and sovereign debt<\/td><td class=\"column-4\">Faeco Sapiens Magazine<\/td><td class=\"column-5\"><a href=\"https:\/\/revistas.up.ac.pa\/index.php\/faeco_sapiens\/article\/view\/3397\/2996\">SEE PUBLICATION<\/a><\/td><td class=\"column-6\">Panama<\/td>\n<\/tr>\n<\/tbody>\n<\/table>\n<!-- #tablepress-6 from cache --><\/div>\t\t\t\t<\/div>\n\t\t\t\t<\/div>\n\t\t\t\t\t<\/div>\n\t\t<\/div>\n\t\t\t\t\t<\/div>\n\t\t<\/section>\n\t\t\t\t<\/div>","protected":false},"excerpt":{"rendered":"<p>Publicaciones Cient\u00edficas \u00c1rea de Ciencias Econ\u00f3micas y Administrativas Editar AUTOR (ES) PROGRAMA T\u00cdTULO DE LA PUBLICACI\u00d3N NOMBRE DE LA REVISTA DISPONIBLE EN PAIS DE LA PUBLICACI\u00d3N Yadira Bonilla Caballero Docente Facultad de Ciencias Econ\u00f3micas y Administrativas La auditor\u00eda forense como prueba judicial Revista Cathedra VER PUBLICACI\u00d3N Panam\u00e1 Yovany Edgar Ch\u00e1vez Rodr\u00edguez Docente Facultad de Ciencias [&hellip;]<\/p>\n","protected":false},"author":695,"featured_media":110487,"parent":2003,"menu_order":0,"comment_status":"closed","ping_status":"closed","template":"","meta":{"footnotes":""},"class_list":["post-110670","page","type-page","status-publish","has-post-thumbnail","hentry"],"yoast_head":"<!-- This site is optimized with the Yoast SEO plugin v27.1.1 - https:\/\/yoast.com\/product\/yoast-seo-wordpress\/ -->\n<title>Publicaciones Cient\u00edficas \u00c1rea de Ciencias Econ\u00f3micas y Administrativas - Umecit - Universidad en Panam\u00e1<\/title>\n<meta name=\"robots\" content=\"index, follow, max-snippet:-1, max-image-preview:large, max-video-preview:-1\" \/>\n<link rel=\"canonical\" href=\"https:\/\/umecit.edu.pa\/en\/direccion-de-investigacion-innovacion-y-postgrado\/publicaciones-cientificas-area-de-ciencias-economicas-y-administrativas\/\" \/>\n<meta property=\"og:locale\" content=\"en_US\" \/>\n<meta property=\"og:type\" content=\"article\" \/>\n<meta property=\"og:title\" content=\"Publicaciones Cient\u00edficas \u00c1rea de Ciencias Econ\u00f3micas y Administrativas - Umecit - Universidad en Panam\u00e1\" \/>\n<meta property=\"og:description\" content=\"Publicaciones Cient\u00edficas \u00c1rea de Ciencias Econ\u00f3micas y Administrativas Editar AUTOR (ES) PROGRAMA T\u00cdTULO DE LA PUBLICACI\u00d3N NOMBRE DE LA REVISTA DISPONIBLE EN PAIS DE LA PUBLICACI\u00d3N Yadira Bonilla Caballero Docente Facultad de Ciencias Econ\u00f3micas y Administrativas La auditor\u00eda forense como prueba judicial Revista Cathedra VER PUBLICACI\u00d3N Panam\u00e1 Yovany Edgar Ch\u00e1vez Rodr\u00edguez Docente Facultad de Ciencias [&hellip;]\" \/>\n<meta property=\"og:url\" content=\"https:\/\/umecit.edu.pa\/en\/direccion-de-investigacion-innovacion-y-postgrado\/publicaciones-cientificas-area-de-ciencias-economicas-y-administrativas\/\" \/>\n<meta property=\"og:site_name\" content=\"Umecit - Universidad en Panam\u00e1\" \/>\n<meta property=\"article:publisher\" content=\"https:\/\/www.facebook.com\/umecitpanama\/\" \/>\n<meta property=\"article:modified_time\" content=\"2024-02-06T00:02:02+00:00\" \/>\n<meta property=\"og:image\" content=\"https:\/\/umecit.edu.pa\/wp-content\/uploads\/2024\/02\/Sin-titulo-1920-x-612-px-3.jpg\" \/>\n\t<meta property=\"og:image:width\" content=\"1920\" \/>\n\t<meta property=\"og:image:height\" content=\"612\" \/>\n\t<meta property=\"og:image:type\" content=\"image\/jpeg\" \/>\n<meta name=\"twitter:card\" content=\"summary_large_image\" \/>\n<meta name=\"twitter:site\" content=\"@umecitpanama\" \/>\n<meta name=\"twitter:label1\" content=\"Est. reading time\" \/>\n\t<meta name=\"twitter:data1\" content=\"1 minute\" \/>\n<script type=\"application\/ld+json\" class=\"yoast-schema-graph\">{\"@context\":\"https:\/\/schema.org\",\"@graph\":[{\"@type\":\"WebPage\",\"@id\":\"https:\/\/umecit.edu.pa\/direccion-de-investigacion-innovacion-y-postgrado\/publicaciones-cientificas-area-de-ciencias-economicas-y-administrativas\/\",\"url\":\"https:\/\/umecit.edu.pa\/direccion-de-investigacion-innovacion-y-postgrado\/publicaciones-cientificas-area-de-ciencias-economicas-y-administrativas\/\",\"name\":\"Publicaciones Cient\u00edficas \u00c1rea de Ciencias Econ\u00f3micas y Administrativas - Umecit - Universidad en Panam\u00e1\",\"isPartOf\":{\"@id\":\"https:\/\/umecit.edu.pa\/#website\"},\"primaryImageOfPage\":{\"@id\":\"https:\/\/umecit.edu.pa\/direccion-de-investigacion-innovacion-y-postgrado\/publicaciones-cientificas-area-de-ciencias-economicas-y-administrativas\/#primaryimage\"},\"image\":{\"@id\":\"https:\/\/umecit.edu.pa\/direccion-de-investigacion-innovacion-y-postgrado\/publicaciones-cientificas-area-de-ciencias-economicas-y-administrativas\/#primaryimage\"},\"thumbnailUrl\":\"https:\/\/umecit.edu.pa\/wp-content\/uploads\/2024\/02\/Sin-titulo-1920-x-612-px-3.jpg\",\"datePublished\":\"2024-02-05T23:52:57+00:00\",\"dateModified\":\"2024-02-06T00:02:02+00:00\",\"breadcrumb\":{\"@id\":\"https:\/\/umecit.edu.pa\/direccion-de-investigacion-innovacion-y-postgrado\/publicaciones-cientificas-area-de-ciencias-economicas-y-administrativas\/#breadcrumb\"},\"inLanguage\":\"en-US\",\"potentialAction\":[{\"@type\":\"ReadAction\",\"target\":[\"https:\/\/umecit.edu.pa\/direccion-de-investigacion-innovacion-y-postgrado\/publicaciones-cientificas-area-de-ciencias-economicas-y-administrativas\/\"]}]},{\"@type\":\"ImageObject\",\"inLanguage\":\"en-US\",\"@id\":\"https:\/\/umecit.edu.pa\/direccion-de-investigacion-innovacion-y-postgrado\/publicaciones-cientificas-area-de-ciencias-economicas-y-administrativas\/#primaryimage\",\"url\":\"https:\/\/umecit.edu.pa\/wp-content\/uploads\/2024\/02\/Sin-titulo-1920-x-612-px-3.jpg\",\"contentUrl\":\"https:\/\/umecit.edu.pa\/wp-content\/uploads\/2024\/02\/Sin-titulo-1920-x-612-px-3.jpg\",\"width\":1920,\"height\":612,\"caption\":\"publicaciones-cientificas-umecit\"},{\"@type\":\"BreadcrumbList\",\"@id\":\"https:\/\/umecit.edu.pa\/direccion-de-investigacion-innovacion-y-postgrado\/publicaciones-cientificas-area-de-ciencias-economicas-y-administrativas\/#breadcrumb\",\"itemListElement\":[{\"@type\":\"ListItem\",\"position\":1,\"name\":\"Portada\",\"item\":\"https:\/\/umecit.edu.pa\/\"},{\"@type\":\"ListItem\",\"position\":2,\"name\":\"Direcci\u00f3n de Investigaci\u00f3n, Innovaci\u00f3n y Postgrado\",\"item\":\"https:\/\/44.206.156.148\/en\/direccion-de-investigacion-innovacion-y-postgrado\/\"},{\"@type\":\"ListItem\",\"position\":3,\"name\":\"Publicaciones Cient\u00edficas \u00c1rea de Ciencias Econ\u00f3micas y Administrativas\"}]},{\"@type\":\"WebSite\",\"@id\":\"https:\/\/umecit.edu.pa\/#website\",\"url\":\"https:\/\/umecit.edu.pa\/\",\"name\":\"Umecit - Universidad en Panam\u00e1\",\"description\":\"Universidad Metropolitana de Educaci\u00f3n, Ciencia y Tecnolog\u00eda\",\"publisher\":{\"@id\":\"https:\/\/umecit.edu.pa\/#organization\"},\"potentialAction\":[{\"@type\":\"SearchAction\",\"target\":{\"@type\":\"EntryPoint\",\"urlTemplate\":\"https:\/\/umecit.edu.pa\/?s={search_term_string}\"},\"query-input\":{\"@type\":\"PropertyValueSpecification\",\"valueRequired\":true,\"valueName\":\"search_term_string\"}}],\"inLanguage\":\"en-US\"},{\"@type\":\"Organization\",\"@id\":\"https:\/\/umecit.edu.pa\/#organization\",\"name\":\"Umecit - Universidad en Panam\u00e1\",\"url\":\"https:\/\/umecit.edu.pa\/\",\"logo\":{\"@type\":\"ImageObject\",\"inLanguage\":\"en-US\",\"@id\":\"https:\/\/umecit.edu.pa\/#\/schema\/logo\/image\/\",\"url\":\"https:\/\/umecit.edu.pa\/wp-content\/uploads\/2022\/06\/panama-7.jpg\",\"contentUrl\":\"https:\/\/umecit.edu.pa\/wp-content\/uploads\/2022\/06\/panama-7.jpg\",\"width\":1200,\"height\":800,\"caption\":\"Umecit - Universidad en Panam\u00e1\"},\"image\":{\"@id\":\"https:\/\/umecit.edu.pa\/#\/schema\/logo\/image\/\"},\"sameAs\":[\"https:\/\/www.facebook.com\/umecitpanama\/\",\"https:\/\/x.com\/umecitpanama\",\"https:\/\/www.tiktok.com\/@umecit\",\"https:\/\/www.instagram.com\/umecit\/\",\"https:\/\/www.youtube.com\/channel\/UCP9iXFXi4p_EW_p9p6lprhg\"]}]}<\/script>\n<!-- \/ Yoast SEO plugin. -->","yoast_head_json":{"title":"Scientific Publications Area of Economic and Administrative Sciences - Umecit - University in Panama","robots":{"index":"index","follow":"follow","max-snippet":"max-snippet:-1","max-image-preview":"max-image-preview:large","max-video-preview":"max-video-preview:-1"},"canonical":"https:\/\/umecit.edu.pa\/en\/direccion-de-investigacion-innovacion-y-postgrado\/publicaciones-cientificas-area-de-ciencias-economicas-y-administrativas\/","og_locale":"en_US","og_type":"article","og_title":"Publicaciones Cient\u00edficas \u00c1rea de Ciencias Econ\u00f3micas y Administrativas - Umecit - Universidad en Panam\u00e1","og_description":"Publicaciones Cient\u00edficas \u00c1rea de Ciencias Econ\u00f3micas y Administrativas Editar AUTOR (ES) PROGRAMA T\u00cdTULO DE LA PUBLICACI\u00d3N NOMBRE DE LA REVISTA DISPONIBLE EN PAIS DE LA PUBLICACI\u00d3N Yadira Bonilla Caballero Docente Facultad de Ciencias Econ\u00f3micas y Administrativas La auditor\u00eda forense como prueba judicial Revista Cathedra VER PUBLICACI\u00d3N Panam\u00e1 Yovany Edgar Ch\u00e1vez Rodr\u00edguez Docente Facultad de Ciencias [&hellip;]","og_url":"https:\/\/umecit.edu.pa\/en\/direccion-de-investigacion-innovacion-y-postgrado\/publicaciones-cientificas-area-de-ciencias-economicas-y-administrativas\/","og_site_name":"Umecit - Universidad en Panam\u00e1","article_publisher":"https:\/\/www.facebook.com\/umecitpanama\/","article_modified_time":"2024-02-06T00:02:02+00:00","og_image":[{"width":1920,"height":612,"url":"https:\/\/umecit.edu.pa\/wp-content\/uploads\/2024\/02\/Sin-titulo-1920-x-612-px-3.jpg","type":"image\/jpeg"}],"twitter_card":"summary_large_image","twitter_site":"@umecitpanama","twitter_misc":{"Est. reading time":"1 minute"},"schema":{"@context":"https:\/\/schema.org","@graph":[{"@type":"WebPage","@id":"https:\/\/umecit.edu.pa\/direccion-de-investigacion-innovacion-y-postgrado\/publicaciones-cientificas-area-de-ciencias-economicas-y-administrativas\/","url":"https:\/\/umecit.edu.pa\/direccion-de-investigacion-innovacion-y-postgrado\/publicaciones-cientificas-area-de-ciencias-economicas-y-administrativas\/","name":"Scientific Publications Area of Economic and Administrative Sciences - Umecit - University in Panama","isPartOf":{"@id":"https:\/\/umecit.edu.pa\/#website"},"primaryImageOfPage":{"@id":"https:\/\/umecit.edu.pa\/direccion-de-investigacion-innovacion-y-postgrado\/publicaciones-cientificas-area-de-ciencias-economicas-y-administrativas\/#primaryimage"},"image":{"@id":"https:\/\/umecit.edu.pa\/direccion-de-investigacion-innovacion-y-postgrado\/publicaciones-cientificas-area-de-ciencias-economicas-y-administrativas\/#primaryimage"},"thumbnailUrl":"https:\/\/umecit.edu.pa\/wp-content\/uploads\/2024\/02\/Sin-titulo-1920-x-612-px-3.jpg","datePublished":"2024-02-05T23:52:57+00:00","dateModified":"2024-02-06T00:02:02+00:00","breadcrumb":{"@id":"https:\/\/umecit.edu.pa\/direccion-de-investigacion-innovacion-y-postgrado\/publicaciones-cientificas-area-de-ciencias-economicas-y-administrativas\/#breadcrumb"},"inLanguage":"en-US","potentialAction":[{"@type":"ReadAction","target":["https:\/\/umecit.edu.pa\/direccion-de-investigacion-innovacion-y-postgrado\/publicaciones-cientificas-area-de-ciencias-economicas-y-administrativas\/"]}]},{"@type":"ImageObject","inLanguage":"en-US","@id":"https:\/\/umecit.edu.pa\/direccion-de-investigacion-innovacion-y-postgrado\/publicaciones-cientificas-area-de-ciencias-economicas-y-administrativas\/#primaryimage","url":"https:\/\/umecit.edu.pa\/wp-content\/uploads\/2024\/02\/Sin-titulo-1920-x-612-px-3.jpg","contentUrl":"https:\/\/umecit.edu.pa\/wp-content\/uploads\/2024\/02\/Sin-titulo-1920-x-612-px-3.jpg","width":1920,"height":612,"caption":"publicaciones-cientificas-umecit"},{"@type":"BreadcrumbList","@id":"https:\/\/umecit.edu.pa\/direccion-de-investigacion-innovacion-y-postgrado\/publicaciones-cientificas-area-de-ciencias-economicas-y-administrativas\/#breadcrumb","itemListElement":[{"@type":"ListItem","position":1,"name":"Portada","item":"https:\/\/umecit.edu.pa\/"},{"@type":"ListItem","position":2,"name":"Direcci\u00f3n de Investigaci\u00f3n, Innovaci\u00f3n y Postgrado","item":"https:\/\/44.206.156.148\/en\/direccion-de-investigacion-innovacion-y-postgrado\/"},{"@type":"ListItem","position":3,"name":"Publicaciones Cient\u00edficas \u00c1rea de Ciencias Econ\u00f3micas y Administrativas"}]},{"@type":"WebSite","@id":"https:\/\/umecit.edu.pa\/#website","url":"https:\/\/umecit.edu.pa\/","name":"Umecit - University in Panama","description":"Metropolitan University of Education, Science and Technology","publisher":{"@id":"https:\/\/umecit.edu.pa\/#organization"},"potentialAction":[{"@type":"SearchAction","target":{"@type":"EntryPoint","urlTemplate":"https:\/\/umecit.edu.pa\/?s={search_term_string}"},"query-input":{"@type":"PropertyValueSpecification","valueRequired":true,"valueName":"search_term_string"}}],"inLanguage":"en-US"},{"@type":"Organization","@id":"https:\/\/umecit.edu.pa\/#organization","name":"Umecit - University in Panama","url":"https:\/\/umecit.edu.pa\/","logo":{"@type":"ImageObject","inLanguage":"en-US","@id":"https:\/\/umecit.edu.pa\/#\/schema\/logo\/image\/","url":"https:\/\/umecit.edu.pa\/wp-content\/uploads\/2022\/06\/panama-7.jpg","contentUrl":"https:\/\/umecit.edu.pa\/wp-content\/uploads\/2022\/06\/panama-7.jpg","width":1200,"height":800,"caption":"Umecit - Universidad en Panam\u00e1"},"image":{"@id":"https:\/\/umecit.edu.pa\/#\/schema\/logo\/image\/"},"sameAs":["https:\/\/www.facebook.com\/umecitpanama\/","https:\/\/x.com\/umecitpanama","https:\/\/www.tiktok.com\/@umecit","https:\/\/www.instagram.com\/umecit\/","https:\/\/www.youtube.com\/channel\/UCP9iXFXi4p_EW_p9p6lprhg"]}]}},"_links":{"self":[{"href":"https:\/\/umecit.edu.pa\/en\/wp-json\/wp\/v2\/pages\/110670","targetHints":{"allow":["GET"]}}],"collection":[{"href":"https:\/\/umecit.edu.pa\/en\/wp-json\/wp\/v2\/pages"}],"about":[{"href":"https:\/\/umecit.edu.pa\/en\/wp-json\/wp\/v2\/types\/page"}],"author":[{"embeddable":true,"href":"https:\/\/umecit.edu.pa\/en\/wp-json\/wp\/v2\/users\/695"}],"replies":[{"embeddable":true,"href":"https:\/\/umecit.edu.pa\/en\/wp-json\/wp\/v2\/comments?post=110670"}],"version-history":[{"count":0,"href":"https:\/\/umecit.edu.pa\/en\/wp-json\/wp\/v2\/pages\/110670\/revisions"}],"up":[{"embeddable":true,"href":"https:\/\/umecit.edu.pa\/en\/wp-json\/wp\/v2\/pages\/2003"}],"wp:featuredmedia":[{"embeddable":true,"href":"https:\/\/umecit.edu.pa\/en\/wp-json\/wp\/v2\/media\/110487"}],"wp:attachment":[{"href":"https:\/\/umecit.edu.pa\/en\/wp-json\/wp\/v2\/media?parent=110670"}],"curies":[{"name":"wp","href":"https:\/\/api.w.org\/{rel}","templated":true}]}}