{"id":110660,"date":"2024-02-05T18:45:14","date_gmt":"2024-02-05T23:45:14","guid":{"rendered":"https:\/\/umecit.edu.pa\/?page_id=110660"},"modified":"2024-02-05T18:51:08","modified_gmt":"2024-02-05T23:51:08","slug":"publicaciones-cientificas-area-de-derecho-y-ciencias-forenses","status":"publish","type":"page","link":"https:\/\/umecit.edu.pa\/en\/direccion-de-investigacion-innovacion-y-postgrado\/publicaciones-cientificas-area-de-derecho-y-ciencias-forenses\/","title":{"rendered":"Scientific Publications Area of Law and Forensic Sciences"},"content":{"rendered":"<div data-elementor-type=\"wp-page\" data-elementor-id=\"110660\" class=\"elementor elementor-110660\" data-elementor-post-type=\"page\">\n\t\t\t\t\t\t<section class=\"elementor-section elementor-top-section elementor-element elementor-element-a655c75 elementor-section-boxed elementor-section-height-default elementor-section-height-default row-top\" data-id=\"a655c75\" data-element_type=\"section\" data-e-type=\"section\">\n\t\t\t\t\t\t<div class=\"elementor-container elementor-column-gap-default\">\n\t\t\t\t\t<div class=\"elementor-column elementor-col-100 elementor-top-column elementor-element elementor-element-5ace31c column-style-top\" data-id=\"5ace31c\" data-element_type=\"column\" data-e-type=\"column\">\n\t\t\t<div class=\"elementor-widget-wrap elementor-element-populated\">\n\t\t\t\t\t\t<div class=\"elementor-element elementor-element-e895dd4 elementor-widget elementor-widget-gva-heading-block\" data-id=\"e895dd4\" data-element_type=\"widget\" data-e-type=\"widget\" data-widget_type=\"gva-heading-block.default\">\n\t\t\t\t<div class=\"elementor-widget-container\">\n\t\t\t\t\t<div class=\"gva-element-gva-heading-block gva-element\">   <div class=\"align-left style-1 widget gsc-heading box-align-left auto-responsive\">\r\n      <div class=\"content-inner\">\r\n         \r\n                  \r\n           \r\n         \r\n                     <h2 class=\"title\">\r\n               <span>Scientific Publications Area of Law and Forensic Sciences<\/span>\r\n            <\/h2>\r\n                  \r\n         \r\n      <\/div>\r\n   <\/div>\r\n<\/div>\t\t\t\t<\/div>\n\t\t\t\t<\/div>\n\t\t\t\t<div class=\"elementor-element elementor-element-e14f8dc elementor-widget__width-initial elementor-widget elementor-widget-htmega-tablepress-addons\" data-id=\"e14f8dc\" data-element_type=\"widget\" data-e-type=\"widget\" data-widget_type=\"htmega-tablepress-addons.default\">\n\t\t\t\t<div class=\"elementor-widget-container\">\n\t\t\t\t\t<div class=\"htmega-tablepress htb-table-responsive\">\n<table id=\"tablepress-5\" class=\"tablepress tablepress-id-5\">\n<thead>\n<tr class=\"row-1\">\n\t<th class=\"column-1\">AUTHOR (ES)<\/th><th class=\"column-2\">PROGRAM<\/th><th class=\"column-3\">PUBLICATION TITLE<\/th><th class=\"column-4\">NAME OF THE MAGAZINE<\/th><th class=\"column-5\">AVAILABLE IN<\/th><th class=\"column-6\">COUNTRY OF PUBLICATION<\/th>\n<\/tr>\n<\/thead>\n<tbody class=\"row-striping row-hover\">\n<tr class=\"row-2\">\n\t<td class=\"column-1\">Cynthia Gonzalez<\/td><td class=\"column-2\">Student of Bachelor&#039;s Degree in Law and Political Sciences and Doctorate in Educational Sciences with Emphasis on Research, Evaluation and Formulation of Educational Projects<\/td><td class=\"column-3\">Evolution of lawyer training in Panama and Colombia<\/td><td class=\"column-4\">Cathedra Magazine<\/td><td class=\"column-5\"><a href=\"https:\/\/revistas.umecit.edu.pa\/index.php\/cathedra\/article\/view\/762\">SEE PUBLICATION<\/a><\/td><td class=\"column-6\">Panama<\/td>\n<\/tr>\n<tr class=\"row-3\">\n\t<td class=\"column-1\">Ruben Collantes<\/td><td class=\"column-2\">Professor Faculty of Law and Forensic Sciences \/ Doctorate in Educational Sciences with Emphasis on Research, Evaluation and Formulation of Educational Projects<\/td><td class=\"column-3\">Review on forensic entomology in Panama<\/td><td class=\"column-4\">Cathedra Magazine<\/td><td class=\"column-5\"><a href=\"https:\/\/revistas.umecit.edu.pa\/index.php\/cathedra\/article\/view\/761\">SEE PUBLICATION<\/a><\/td><td class=\"column-6\">Panama<\/td>\n<\/tr>\n<tr class=\"row-4\">\n\t<td class=\"column-1\">Stella Maria Escala<\/td><td class=\"column-2\">Professor Faculty of Law and Forensic Sciences<\/td><td class=\"column-3\">Administrative law, its principles and its relationship with public administration within the framework of the division of powers<\/td><td class=\"column-4\">Cathedra Magazine<\/td><td class=\"column-5\"><a href=\"https:\/\/revistas.umecit.edu.pa\/index.php\/cathedra\/article\/view\/405\/823\">SEE PUBLICATION<\/a><\/td><td class=\"column-6\">Panama<\/td>\n<\/tr>\n<tr class=\"row-5\">\n\t<td class=\"column-1\">Ivan Javier Estribi<\/td><td class=\"column-2\">Professor Faculty of Law and Forensic Sciences<\/td><td class=\"column-3\">The minor offender facing the accusatory criminal system<\/td><td class=\"column-4\">Cathedra Magazine<\/td><td class=\"column-5\"><a href=\"https:\/\/revistas.umecit.edu.pa\/index.php\/cathedra\/article\/view\/123\/115\">SEE PUBLICATION<\/a><\/td><td class=\"column-6\">Panama<\/td>\n<\/tr>\n<tr class=\"row-6\">\n\t<td class=\"column-1\">Rodrigo Antonio G\u00f3mez Rodr\u00edguez<\/td><td class=\"column-2\">Professor Faculty of Law and Forensic Sciences<\/td><td class=\"column-3\">Consequences of lack of conformity: the responsibility of the seller and the rights of consumers<\/td><td class=\"column-4\">Cathedra Magazine<\/td><td class=\"column-5\"><a href=\"https:\/\/revistas.umecit.edu.pa\/index.php\/cathedra\/article\/view\/10\/10\">SEE PUBLICATION<\/a><\/td><td class=\"column-6\">Panama<\/td>\n<\/tr>\n<tr class=\"row-7\">\n\t<td class=\"column-1\">Amaryllis Diaz<\/td><td class=\"column-2\">Bachelor's Degree in Law and Political Science<\/td><td class=\"column-3\">The inclusion of the figure of mobbing, harassment or psychological harassment in Panamanian labor legislation<\/td><td class=\"column-4\">Cathedra Magazine<\/td><td class=\"column-5\"><a href=\"https:\/\/revistas.umecit.edu.pa\/index.php\/cathedra\/article\/view\/251\/418\">SEE PUBLICATION<\/a><\/td><td class=\"column-6\">Panama<\/td>\n<\/tr>\n<tr class=\"row-8\">\n\t<td class=\"column-1\"><br \/>\nGino Pietro Osellame Rosillo <\/td><td class=\"column-2\">Professor Faculty of Law and Forensic Sciences<\/td><td class=\"column-3\">Legality of the actions of liquidators within the cooperative regime of Panama<\/td><td class=\"column-4\">Oratores Magazine<\/td><td class=\"column-5\"><a href=\"https:\/\/revistas.umecit.edu.pa\/index.php\/oratores\/article\/view\/219\/353\">SEE PUBLICATION<\/a><\/td><td class=\"column-6\">Panama<\/td>\n<\/tr>\n<tr class=\"row-9\">\n\t<td class=\"column-1\"><br \/>\nGino Pietro Osellame Rosillo <\/td><td class=\"column-2\">Professor Faculty of Law and Forensic Sciences<\/td><td class=\"column-3\">The Crisis of the Individual, the Crisis of Society Is the Law in Crisis?<\/td><td class=\"column-4\">Cathedra Magazine<\/td><td class=\"column-5\"><a href=\"https:\/\/revistas.umecit.edu.pa\/index.php\/cathedra\/article\/view\/662\/1434\">SEE PUBLICATION<\/a><\/td><td class=\"column-6\">Panama<\/td>\n<\/tr>\n<tr class=\"row-10\">\n\t<td class=\"column-1\">Ogami Rivera Cano<\/td><td class=\"column-2\">Professor Faculty of Law and Forensic Sciences<\/td><td class=\"column-3\">Financial supervision agencies and their impact on the prevention of criminal activity<\/td><td class=\"column-4\">Cathedra Magazine<\/td><td class=\"column-5\"><a href=\"https:\/\/revistas.umecit.edu.pa\/index.php\/cathedra\/article\/view\/174\/320\">SEE PUBLICATION<\/a><\/td><td class=\"column-6\">Panama<\/td>\n<\/tr>\n<tr class=\"row-11\">\n\t<td class=\"column-1\">Ogami Rivera Cano<\/td><td class=\"column-2\">Professor Faculty of Law and Forensic Sciences<\/td><td class=\"column-3\">Practical analysis of \u201cInsider Trading\u201d in the criminal legislation of Panama<\/td><td class=\"column-4\">Cathedra Magazine<\/td><td class=\"column-5\"><a href=\"https:\/\/revistas.umecit.edu.pa\/index.php\/cathedra\/article\/view\/375\/772\">SEE PUBLICATION<\/a><\/td><td class=\"column-6\">Panama<\/td>\n<\/tr>\n<tr class=\"row-12\">\n\t<td class=\"column-1\">Rosa Maria Aguirre<\/td><td class=\"column-2\">Professor Faculty of Law and Forensic Sciences<\/td><td class=\"column-3\">Civil liability derived from construction contract, unfinished works<\/td><td class=\"column-4\">Cathedra Magazine<\/td><td class=\"column-5\"><a href=\"https:\/\/revistas.umecit.edu.pa\/index.php\/cathedra\/article\/view\/351\/731\">SEE PUBLICATION<\/a><\/td><td class=\"column-6\">Panama<\/td>\n<\/tr>\n<tr class=\"row-13\">\n\t<td class=\"column-1\">Lizbeth Ruth Gonz\u00e1lez Fuentes<\/td><td class=\"column-2\">Professor Faculty of Law and Forensic Sciences<\/td><td class=\"column-3\">Ghoul flies of forensic interest in Panama<\/td><td class=\"column-4\">Oratores Magazine<\/td><td class=\"column-5\"><a href=\"https:\/\/revistas.umecit.edu.pa\/index.php\/oratores\/article\/view\/98\/91\">SEE PUBLICATION<\/a><\/td><td class=\"column-6\">Panama<\/td>\n<\/tr>\n<tr class=\"row-14\">\n\t<td class=\"column-1\">Lizbeth Ruth Gonz\u00e1lez Fuentes<\/td><td class=\"column-2\">Professor Faculty of Law and Forensic Sciences<\/td><td class=\"column-3\">Identification of Semen Traces in Sexual Crime Cases and its Importance in Forensic Investigation in Panama<br \/>\n<\/td><td class=\"column-4\">Cathedra Magazine<\/td><td class=\"column-5\"><a href=\"https:\/\/revistas.umecit.edu.pa\/index.php\/cathedra\/article\/view\/666\/1440\">SEE PUBLICATION<\/a><\/td><td class=\"column-6\">Panama<\/td>\n<\/tr>\n<tr class=\"row-15\">\n\t<td class=\"column-1\">Cintia Linares Ruiz<\/td><td class=\"column-2\">Professor Faculty of Law and Forensic Sciences<\/td><td class=\"column-3\">Contribution of the Various Disciplines of Geomatics to the Forensic Area<\/td><td class=\"column-4\">Cathedra Magazine<\/td><td class=\"column-5\"><a href=\"https:\/\/revistas.umecit.edu.pa\/index.php\/cathedra\/article\/view\/546\/1036\">SEE PUBLICATION<\/a><\/td><td class=\"column-6\">Panama<\/td>\n<\/tr>\n<tr class=\"row-16\">\n\t<td class=\"column-1\">Leidy Esmeralda Herrera Jara<\/td><td class=\"column-2\">Professor Faculty of Law and Forensic Sciences \/ Faculty of Humanities and Educational Sciences<\/td><td class=\"column-3\">Research methodology applied to criminal law and forensic sciences<\/td><td class=\"column-4\">Cathedra Magazine<\/td><td class=\"column-5\"><a href=\"https:\/\/revistas.umecit.edu.pa\/index.php\/cathedra\/article\/view\/379\/781\">SEE PUBLICATION<\/a><\/td><td class=\"column-6\">Panama<\/td>\n<\/tr>\n<tr class=\"row-17\">\n\t<td class=\"column-1\">Leidy Esmeralda Herrera Jara<\/td><td class=\"column-2\">Professor Faculty of Law and Forensic Sciences \/ Faculty of Humanities and Educational Sciences<\/td><td class=\"column-3\">Human couriers: victims or participants<\/td><td class=\"column-4\">Cathedra Magazine<\/td><td class=\"column-5\"><a href=\"https:\/\/revistas.umecit.edu.pa\/index.php\/cathedra\/article\/view\/470\/909\">SEE PUBLICATION<\/a><\/td><td class=\"column-6\">Panama<\/td>\n<\/tr>\n<tr class=\"row-18\">\n\t<td class=\"column-1\">Irvin Castro Moreno<\/td><td class=\"column-2\">Professor Faculty of Law and Forensic Sciences<\/td><td class=\"column-3\">Scientific evidence in the investigation of crimes<\/td><td class=\"column-4\">Cathedra Magazine<\/td><td class=\"column-5\"><a href=\"https:\/\/revistas.umecit.edu.pa\/index.php\/cathedra\/article\/view\/472\/914\">SEE PUBLICATION<\/a><\/td><td class=\"column-6\">Panama<\/td>\n<\/tr>\n<tr class=\"row-19\">\n\t<td class=\"column-1\">Stella Maria Escala<\/td><td class=\"column-2\">Professor Faculty of Law and Forensic Sciences<\/td><td class=\"column-3\">Energy and its legal approach in Panama<\/td><td class=\"column-4\">Cathedra Magazine<\/td><td class=\"column-5\"><a href=\"https:\/\/revistas.umecit.edu.pa\/index.php\/cathedra\/article\/view\/129\/189\">SEE PUBLICATION<\/a><\/td><td class=\"column-6\">Panama<\/td>\n<\/tr>\n<tr class=\"row-20\">\n\t<td class=\"column-1\">Stella Maria Escala<\/td><td class=\"column-2\">Professor Faculty of Law and Forensic Sciences<\/td><td class=\"column-3\">Energy law: between challenges and opportunities for legal professionals<\/td><td class=\"column-4\">Cathedra Magazine<\/td><td class=\"column-5\"><a href=\"https:\/\/revistas.umecit.edu.pa\/index.php\/cathedra\/article\/view\/667\/1443\">SEE PUBLICATION<\/a><\/td><td class=\"column-6\">Panama<\/td>\n<\/tr>\n<\/tbody>\n<\/table>\n<!-- #tablepress-5 from cache --><\/div>\t\t\t\t<\/div>\n\t\t\t\t<\/div>\n\t\t\t\t\t<\/div>\n\t\t<\/div>\n\t\t\t\t\t<\/div>\n\t\t<\/section>\n\t\t\t\t<\/div>","protected":false},"excerpt":{"rendered":"<p>Publicaciones Cient\u00edficas \u00c1rea de Derecho y Ciencias Forenses Editar AUTOR (ES) PROGRAMA T\u00cdTULO DE LA PUBLICACI\u00d3N NOMBRE DE LA REVISTA DISPONIBLE EN PAIS DE LA PUBLICACI\u00d3N Cynthia Gonz\u00e1lez Estudiante de Licenciatura en Derecho y ciencias pol\u00edticas y de Doctorado en Ciencias de la Educaci\u00f3n con \u00c9nfasis en Investigaci\u00f3n, Evaluaci\u00f3n y Formulaci\u00f3n de Proyectos Educativos Evoluci\u00f3n [&hellip;]<\/p>\n","protected":false},"author":695,"featured_media":110487,"parent":2003,"menu_order":0,"comment_status":"closed","ping_status":"closed","template":"","meta":{"footnotes":""},"class_list":["post-110660","page","type-page","status-publish","has-post-thumbnail","hentry"],"yoast_head":"<!-- This site is optimized with the Yoast SEO plugin v27.1.1 - https:\/\/yoast.com\/product\/yoast-seo-wordpress\/ -->\n<title>Publicaciones Cient\u00edficas \u00c1rea de Derecho y Ciencias Forenses - Umecit - Universidad en Panam\u00e1<\/title>\n<meta name=\"robots\" content=\"index, follow, max-snippet:-1, max-image-preview:large, max-video-preview:-1\" \/>\n<link rel=\"canonical\" href=\"https:\/\/umecit.edu.pa\/en\/direccion-de-investigacion-innovacion-y-postgrado\/publicaciones-cientificas-area-de-derecho-y-ciencias-forenses\/\" \/>\n<meta property=\"og:locale\" content=\"en_US\" \/>\n<meta property=\"og:type\" content=\"article\" \/>\n<meta property=\"og:title\" content=\"Publicaciones Cient\u00edficas \u00c1rea de Derecho y Ciencias Forenses - Umecit - Universidad en Panam\u00e1\" \/>\n<meta property=\"og:description\" content=\"Publicaciones Cient\u00edficas \u00c1rea de Derecho y Ciencias Forenses Editar AUTOR (ES) PROGRAMA T\u00cdTULO DE LA PUBLICACI\u00d3N NOMBRE DE LA REVISTA DISPONIBLE EN PAIS DE LA PUBLICACI\u00d3N Cynthia Gonz\u00e1lez Estudiante de Licenciatura en Derecho y ciencias pol\u00edticas y de Doctorado en Ciencias de la Educaci\u00f3n con \u00c9nfasis en Investigaci\u00f3n, Evaluaci\u00f3n y Formulaci\u00f3n de Proyectos Educativos Evoluci\u00f3n [&hellip;]\" \/>\n<meta property=\"og:url\" content=\"https:\/\/umecit.edu.pa\/en\/direccion-de-investigacion-innovacion-y-postgrado\/publicaciones-cientificas-area-de-derecho-y-ciencias-forenses\/\" \/>\n<meta property=\"og:site_name\" content=\"Umecit - Universidad en Panam\u00e1\" \/>\n<meta property=\"article:publisher\" content=\"https:\/\/www.facebook.com\/umecitpanama\/\" \/>\n<meta property=\"article:modified_time\" content=\"2024-02-05T23:51:08+00:00\" \/>\n<meta property=\"og:image\" content=\"https:\/\/umecit.edu.pa\/wp-content\/uploads\/2024\/02\/Sin-titulo-1920-x-612-px-3.jpg\" \/>\n\t<meta property=\"og:image:width\" content=\"1920\" \/>\n\t<meta property=\"og:image:height\" content=\"612\" \/>\n\t<meta property=\"og:image:type\" content=\"image\/jpeg\" \/>\n<meta name=\"twitter:card\" content=\"summary_large_image\" \/>\n<meta name=\"twitter:site\" content=\"@umecitpanama\" \/>\n<meta name=\"twitter:label1\" content=\"Est. reading time\" \/>\n\t<meta name=\"twitter:data1\" content=\"1 minute\" \/>\n<script type=\"application\/ld+json\" class=\"yoast-schema-graph\">{\"@context\":\"https:\/\/schema.org\",\"@graph\":[{\"@type\":\"WebPage\",\"@id\":\"https:\/\/umecit.edu.pa\/direccion-de-investigacion-innovacion-y-postgrado\/publicaciones-cientificas-area-de-derecho-y-ciencias-forenses\/\",\"url\":\"https:\/\/umecit.edu.pa\/direccion-de-investigacion-innovacion-y-postgrado\/publicaciones-cientificas-area-de-derecho-y-ciencias-forenses\/\",\"name\":\"Publicaciones Cient\u00edficas \u00c1rea de Derecho y Ciencias Forenses - Umecit - Universidad en Panam\u00e1\",\"isPartOf\":{\"@id\":\"https:\/\/umecit.edu.pa\/#website\"},\"primaryImageOfPage\":{\"@id\":\"https:\/\/umecit.edu.pa\/direccion-de-investigacion-innovacion-y-postgrado\/publicaciones-cientificas-area-de-derecho-y-ciencias-forenses\/#primaryimage\"},\"image\":{\"@id\":\"https:\/\/umecit.edu.pa\/direccion-de-investigacion-innovacion-y-postgrado\/publicaciones-cientificas-area-de-derecho-y-ciencias-forenses\/#primaryimage\"},\"thumbnailUrl\":\"https:\/\/umecit.edu.pa\/wp-content\/uploads\/2024\/02\/Sin-titulo-1920-x-612-px-3.jpg\",\"datePublished\":\"2024-02-05T23:45:14+00:00\",\"dateModified\":\"2024-02-05T23:51:08+00:00\",\"breadcrumb\":{\"@id\":\"https:\/\/umecit.edu.pa\/direccion-de-investigacion-innovacion-y-postgrado\/publicaciones-cientificas-area-de-derecho-y-ciencias-forenses\/#breadcrumb\"},\"inLanguage\":\"en-US\",\"potentialAction\":[{\"@type\":\"ReadAction\",\"target\":[\"https:\/\/umecit.edu.pa\/direccion-de-investigacion-innovacion-y-postgrado\/publicaciones-cientificas-area-de-derecho-y-ciencias-forenses\/\"]}]},{\"@type\":\"ImageObject\",\"inLanguage\":\"en-US\",\"@id\":\"https:\/\/umecit.edu.pa\/direccion-de-investigacion-innovacion-y-postgrado\/publicaciones-cientificas-area-de-derecho-y-ciencias-forenses\/#primaryimage\",\"url\":\"https:\/\/umecit.edu.pa\/wp-content\/uploads\/2024\/02\/Sin-titulo-1920-x-612-px-3.jpg\",\"contentUrl\":\"https:\/\/umecit.edu.pa\/wp-content\/uploads\/2024\/02\/Sin-titulo-1920-x-612-px-3.jpg\",\"width\":1920,\"height\":612,\"caption\":\"publicaciones-cientificas-umecit\"},{\"@type\":\"BreadcrumbList\",\"@id\":\"https:\/\/umecit.edu.pa\/direccion-de-investigacion-innovacion-y-postgrado\/publicaciones-cientificas-area-de-derecho-y-ciencias-forenses\/#breadcrumb\",\"itemListElement\":[{\"@type\":\"ListItem\",\"position\":1,\"name\":\"Portada\",\"item\":\"https:\/\/umecit.edu.pa\/\"},{\"@type\":\"ListItem\",\"position\":2,\"name\":\"Direcci\u00f3n de Investigaci\u00f3n, Innovaci\u00f3n y Postgrado\",\"item\":\"https:\/\/44.206.156.148\/en\/direccion-de-investigacion-innovacion-y-postgrado\/\"},{\"@type\":\"ListItem\",\"position\":3,\"name\":\"Publicaciones Cient\u00edficas \u00c1rea de Derecho y Ciencias Forenses\"}]},{\"@type\":\"WebSite\",\"@id\":\"https:\/\/umecit.edu.pa\/#website\",\"url\":\"https:\/\/umecit.edu.pa\/\",\"name\":\"Umecit - Universidad en Panam\u00e1\",\"description\":\"Universidad Metropolitana de Educaci\u00f3n, Ciencia y Tecnolog\u00eda\",\"publisher\":{\"@id\":\"https:\/\/umecit.edu.pa\/#organization\"},\"potentialAction\":[{\"@type\":\"SearchAction\",\"target\":{\"@type\":\"EntryPoint\",\"urlTemplate\":\"https:\/\/umecit.edu.pa\/?s={search_term_string}\"},\"query-input\":{\"@type\":\"PropertyValueSpecification\",\"valueRequired\":true,\"valueName\":\"search_term_string\"}}],\"inLanguage\":\"en-US\"},{\"@type\":\"Organization\",\"@id\":\"https:\/\/umecit.edu.pa\/#organization\",\"name\":\"Umecit - Universidad en Panam\u00e1\",\"url\":\"https:\/\/umecit.edu.pa\/\",\"logo\":{\"@type\":\"ImageObject\",\"inLanguage\":\"en-US\",\"@id\":\"https:\/\/umecit.edu.pa\/#\/schema\/logo\/image\/\",\"url\":\"https:\/\/umecit.edu.pa\/wp-content\/uploads\/2022\/06\/panama-7.jpg\",\"contentUrl\":\"https:\/\/umecit.edu.pa\/wp-content\/uploads\/2022\/06\/panama-7.jpg\",\"width\":1200,\"height\":800,\"caption\":\"Umecit - Universidad en Panam\u00e1\"},\"image\":{\"@id\":\"https:\/\/umecit.edu.pa\/#\/schema\/logo\/image\/\"},\"sameAs\":[\"https:\/\/www.facebook.com\/umecitpanama\/\",\"https:\/\/x.com\/umecitpanama\",\"https:\/\/www.tiktok.com\/@umecit\",\"https:\/\/www.instagram.com\/umecit\/\",\"https:\/\/www.youtube.com\/channel\/UCP9iXFXi4p_EW_p9p6lprhg\"]}]}<\/script>\n<!-- \/ Yoast SEO plugin. -->","yoast_head_json":{"title":"Scientific Publications Area of Law and Forensic Sciences - Umecit - University in Panama","robots":{"index":"index","follow":"follow","max-snippet":"max-snippet:-1","max-image-preview":"max-image-preview:large","max-video-preview":"max-video-preview:-1"},"canonical":"https:\/\/umecit.edu.pa\/en\/direccion-de-investigacion-innovacion-y-postgrado\/publicaciones-cientificas-area-de-derecho-y-ciencias-forenses\/","og_locale":"en_US","og_type":"article","og_title":"Publicaciones Cient\u00edficas \u00c1rea de Derecho y Ciencias Forenses - Umecit - Universidad en Panam\u00e1","og_description":"Publicaciones Cient\u00edficas \u00c1rea de Derecho y Ciencias Forenses Editar AUTOR (ES) PROGRAMA T\u00cdTULO DE LA PUBLICACI\u00d3N NOMBRE DE LA REVISTA DISPONIBLE EN PAIS DE LA PUBLICACI\u00d3N Cynthia Gonz\u00e1lez Estudiante de Licenciatura en Derecho y ciencias pol\u00edticas y de Doctorado en Ciencias de la Educaci\u00f3n con \u00c9nfasis en Investigaci\u00f3n, Evaluaci\u00f3n y Formulaci\u00f3n de Proyectos Educativos Evoluci\u00f3n [&hellip;]","og_url":"https:\/\/umecit.edu.pa\/en\/direccion-de-investigacion-innovacion-y-postgrado\/publicaciones-cientificas-area-de-derecho-y-ciencias-forenses\/","og_site_name":"Umecit - Universidad en Panam\u00e1","article_publisher":"https:\/\/www.facebook.com\/umecitpanama\/","article_modified_time":"2024-02-05T23:51:08+00:00","og_image":[{"width":1920,"height":612,"url":"https:\/\/umecit.edu.pa\/wp-content\/uploads\/2024\/02\/Sin-titulo-1920-x-612-px-3.jpg","type":"image\/jpeg"}],"twitter_card":"summary_large_image","twitter_site":"@umecitpanama","twitter_misc":{"Est. reading time":"1 minute"},"schema":{"@context":"https:\/\/schema.org","@graph":[{"@type":"WebPage","@id":"https:\/\/umecit.edu.pa\/direccion-de-investigacion-innovacion-y-postgrado\/publicaciones-cientificas-area-de-derecho-y-ciencias-forenses\/","url":"https:\/\/umecit.edu.pa\/direccion-de-investigacion-innovacion-y-postgrado\/publicaciones-cientificas-area-de-derecho-y-ciencias-forenses\/","name":"Scientific Publications Area of Law and Forensic Sciences - Umecit - University in Panama","isPartOf":{"@id":"https:\/\/umecit.edu.pa\/#website"},"primaryImageOfPage":{"@id":"https:\/\/umecit.edu.pa\/direccion-de-investigacion-innovacion-y-postgrado\/publicaciones-cientificas-area-de-derecho-y-ciencias-forenses\/#primaryimage"},"image":{"@id":"https:\/\/umecit.edu.pa\/direccion-de-investigacion-innovacion-y-postgrado\/publicaciones-cientificas-area-de-derecho-y-ciencias-forenses\/#primaryimage"},"thumbnailUrl":"https:\/\/umecit.edu.pa\/wp-content\/uploads\/2024\/02\/Sin-titulo-1920-x-612-px-3.jpg","datePublished":"2024-02-05T23:45:14+00:00","dateModified":"2024-02-05T23:51:08+00:00","breadcrumb":{"@id":"https:\/\/umecit.edu.pa\/direccion-de-investigacion-innovacion-y-postgrado\/publicaciones-cientificas-area-de-derecho-y-ciencias-forenses\/#breadcrumb"},"inLanguage":"en-US","potentialAction":[{"@type":"ReadAction","target":["https:\/\/umecit.edu.pa\/direccion-de-investigacion-innovacion-y-postgrado\/publicaciones-cientificas-area-de-derecho-y-ciencias-forenses\/"]}]},{"@type":"ImageObject","inLanguage":"en-US","@id":"https:\/\/umecit.edu.pa\/direccion-de-investigacion-innovacion-y-postgrado\/publicaciones-cientificas-area-de-derecho-y-ciencias-forenses\/#primaryimage","url":"https:\/\/umecit.edu.pa\/wp-content\/uploads\/2024\/02\/Sin-titulo-1920-x-612-px-3.jpg","contentUrl":"https:\/\/umecit.edu.pa\/wp-content\/uploads\/2024\/02\/Sin-titulo-1920-x-612-px-3.jpg","width":1920,"height":612,"caption":"publicaciones-cientificas-umecit"},{"@type":"BreadcrumbList","@id":"https:\/\/umecit.edu.pa\/direccion-de-investigacion-innovacion-y-postgrado\/publicaciones-cientificas-area-de-derecho-y-ciencias-forenses\/#breadcrumb","itemListElement":[{"@type":"ListItem","position":1,"name":"Portada","item":"https:\/\/umecit.edu.pa\/"},{"@type":"ListItem","position":2,"name":"Direcci\u00f3n de Investigaci\u00f3n, Innovaci\u00f3n y Postgrado","item":"https:\/\/44.206.156.148\/en\/direccion-de-investigacion-innovacion-y-postgrado\/"},{"@type":"ListItem","position":3,"name":"Publicaciones Cient\u00edficas \u00c1rea de Derecho y Ciencias Forenses"}]},{"@type":"WebSite","@id":"https:\/\/umecit.edu.pa\/#website","url":"https:\/\/umecit.edu.pa\/","name":"Umecit - University in Panama","description":"Metropolitan University of Education, Science and Technology","publisher":{"@id":"https:\/\/umecit.edu.pa\/#organization"},"potentialAction":[{"@type":"SearchAction","target":{"@type":"EntryPoint","urlTemplate":"https:\/\/umecit.edu.pa\/?s={search_term_string}"},"query-input":{"@type":"PropertyValueSpecification","valueRequired":true,"valueName":"search_term_string"}}],"inLanguage":"en-US"},{"@type":"Organization","@id":"https:\/\/umecit.edu.pa\/#organization","name":"Umecit - University in Panama","url":"https:\/\/umecit.edu.pa\/","logo":{"@type":"ImageObject","inLanguage":"en-US","@id":"https:\/\/umecit.edu.pa\/#\/schema\/logo\/image\/","url":"https:\/\/umecit.edu.pa\/wp-content\/uploads\/2022\/06\/panama-7.jpg","contentUrl":"https:\/\/umecit.edu.pa\/wp-content\/uploads\/2022\/06\/panama-7.jpg","width":1200,"height":800,"caption":"Umecit - Universidad en Panam\u00e1"},"image":{"@id":"https:\/\/umecit.edu.pa\/#\/schema\/logo\/image\/"},"sameAs":["https:\/\/www.facebook.com\/umecitpanama\/","https:\/\/x.com\/umecitpanama","https:\/\/www.tiktok.com\/@umecit","https:\/\/www.instagram.com\/umecit\/","https:\/\/www.youtube.com\/channel\/UCP9iXFXi4p_EW_p9p6lprhg"]}]}},"_links":{"self":[{"href":"https:\/\/umecit.edu.pa\/en\/wp-json\/wp\/v2\/pages\/110660","targetHints":{"allow":["GET"]}}],"collection":[{"href":"https:\/\/umecit.edu.pa\/en\/wp-json\/wp\/v2\/pages"}],"about":[{"href":"https:\/\/umecit.edu.pa\/en\/wp-json\/wp\/v2\/types\/page"}],"author":[{"embeddable":true,"href":"https:\/\/umecit.edu.pa\/en\/wp-json\/wp\/v2\/users\/695"}],"replies":[{"embeddable":true,"href":"https:\/\/umecit.edu.pa\/en\/wp-json\/wp\/v2\/comments?post=110660"}],"version-history":[{"count":0,"href":"https:\/\/umecit.edu.pa\/en\/wp-json\/wp\/v2\/pages\/110660\/revisions"}],"up":[{"embeddable":true,"href":"https:\/\/umecit.edu.pa\/en\/wp-json\/wp\/v2\/pages\/2003"}],"wp:featuredmedia":[{"embeddable":true,"href":"https:\/\/umecit.edu.pa\/en\/wp-json\/wp\/v2\/media\/110487"}],"wp:attachment":[{"href":"https:\/\/umecit.edu.pa\/en\/wp-json\/wp\/v2\/media?parent=110660"}],"curies":[{"name":"wp","href":"https:\/\/api.w.org\/{rel}","templated":true}]}}