{"id":110650,"date":"2024-02-05T18:41:18","date_gmt":"2024-02-05T23:41:18","guid":{"rendered":"https:\/\/umecit.edu.pa\/?page_id=110650"},"modified":"2024-02-05T18:44:06","modified_gmt":"2024-02-05T23:44:06","slug":"publicaciones-cientificas-area-de-ciencias-nauticas","status":"publish","type":"page","link":"https:\/\/umecit.edu.pa\/en\/direccion-de-investigacion-innovacion-y-postgrado\/publicaciones-cientificas-area-de-ciencias-nauticas\/","title":{"rendered":"Scientific Publications Nautical Science Area"},"content":{"rendered":"<div data-elementor-type=\"wp-page\" data-elementor-id=\"110650\" class=\"elementor elementor-110650\" data-elementor-post-type=\"page\">\n\t\t\t\t\t\t<section class=\"elementor-section elementor-top-section elementor-element elementor-element-a655c75 elementor-section-boxed elementor-section-height-default elementor-section-height-default row-top\" data-id=\"a655c75\" data-element_type=\"section\" data-e-type=\"section\">\n\t\t\t\t\t\t<div class=\"elementor-container elementor-column-gap-default\">\n\t\t\t\t\t<div class=\"elementor-column elementor-col-100 elementor-top-column elementor-element elementor-element-5ace31c column-style-top\" data-id=\"5ace31c\" data-element_type=\"column\" data-e-type=\"column\">\n\t\t\t<div class=\"elementor-widget-wrap elementor-element-populated\">\n\t\t\t\t\t\t<div class=\"elementor-element elementor-element-e895dd4 elementor-widget elementor-widget-gva-heading-block\" data-id=\"e895dd4\" data-element_type=\"widget\" data-e-type=\"widget\" data-widget_type=\"gva-heading-block.default\">\n\t\t\t\t<div class=\"elementor-widget-container\">\n\t\t\t\t\t<div class=\"gva-element-gva-heading-block gva-element\">   <div class=\"align-left style-1 widget gsc-heading box-align-left auto-responsive\">\r\n      <div class=\"content-inner\">\r\n         \r\n                  \r\n           \r\n         \r\n                     <h2 class=\"title\">\r\n               <span>Scientific Publications Nautical Sciences Area<\/span>\r\n            <\/h2>\r\n                  \r\n         \r\n      <\/div>\r\n   <\/div>\r\n<\/div>\t\t\t\t<\/div>\n\t\t\t\t<\/div>\n\t\t\t\t<div class=\"elementor-element elementor-element-e14f8dc elementor-widget__width-initial elementor-widget elementor-widget-htmega-tablepress-addons\" data-id=\"e14f8dc\" data-element_type=\"widget\" data-e-type=\"widget\" data-widget_type=\"htmega-tablepress-addons.default\">\n\t\t\t\t<div class=\"elementor-widget-container\">\n\t\t\t\t\t<div class=\"htmega-tablepress htb-table-responsive\">\n<table id=\"tablepress-4\" class=\"tablepress tablepress-id-4\">\n<thead>\n<tr class=\"row-1\">\n\t<th class=\"column-1\">AUTHOR (ES)<\/th><th class=\"column-2\">PROGRAM<\/th><th class=\"column-3\">PUBLICATION TITLE<\/th><th class=\"column-4\">NAME OF THE MAGAZINE<\/th><th class=\"column-5\">AVAILABLE IN<\/th><th class=\"column-6\">COUNTRY OF PUBLICATION<\/th>\n<\/tr>\n<\/thead>\n<tbody class=\"row-striping row-hover\">\n<tr class=\"row-2\">\n\t<td class=\"column-1\">Yovany Edgar Ch\u00e1vez Rodr\u00edguez<\/td><td class=\"column-2\">Professor Faculty of Nautical Sciences \/ Doctorate in Educational Sciences with Emphasis on Research, Evaluation and Formulation of Educational Projects<\/td><td class=\"column-3\">The path to abolish the everlasting Uribe-Vargas Ozores treaty<\/td><td class=\"column-4\">IUS Humani Magazine. Law Magazine<\/td><td class=\"column-5\"><a href=\"http:\/\/scielo.senescyt.gob.ec\/scielo.php?script=sci_arttext&amp;pid=S1390-77942022000200030\">SEE PUBLICATION<\/a><\/td><td class=\"column-6\">Ecuador<\/td>\n<\/tr>\n<tr class=\"row-3\">\n\t<td class=\"column-1\">Yovany Edgar Ch\u00e1vez Rodr\u00edguez<\/td><td class=\"column-2\">Professor Faculty of Nautical Sciences \/ Doctorate in Educational Sciences with Emphasis on Research, Evaluation and Formulation of Educational Projects<\/td><td class=\"column-3\">The Panama Canal. China&#039;s illusive chess piece: What China&#039;s presence in the Panama Canal may mean for regional and global security<\/td><td class=\"column-4\">Comparative Strategy Magazine<\/td><td class=\"column-5\"><a href=\"https:\/\/www.tandfonline.com\/doi\/abs\/10.1080\/01495933.2023.2219190\">SEE PUBLICATION<\/a><\/td><td class=\"column-6\">United Kingdom<\/td>\n<\/tr>\n<tr class=\"row-4\">\n\t<td class=\"column-1\">Yovany Edgar Ch\u00e1vez Rodr\u00edguez<\/td><td class=\"column-2\">Professor Faculty of Nautical Sciences \/ Doctorate in Educational Sciences with Emphasis on Research, Evaluation and Formulation of Educational Projects<\/td><td class=\"column-3\">The expansion of the Panama Canal: <br \/>\nA failed game changer for port traffic at transshipment ports<\/td><td class=\"column-4\">Colombian magazine of military and strategic studies<\/td><td class=\"column-5\"><a href=\"https:\/\/revistacientificaesmic.com\/index.php\/esmic\/article\/view\/1016\">SEE PUBLICATION<\/a><\/td><td class=\"column-6\">Colombia<\/td>\n<\/tr>\n<\/tbody>\n<\/table>\n<!-- #tablepress-4 from cache --><\/div>\t\t\t\t<\/div>\n\t\t\t\t<\/div>\n\t\t\t\t\t<\/div>\n\t\t<\/div>\n\t\t\t\t\t<\/div>\n\t\t<\/section>\n\t\t\t\t<\/div>","protected":false},"excerpt":{"rendered":"<p>Publicaciones Cient\u00edficas \u00c1rea de Ciencias Na\u00faticas Editar AUTOR (ES) PROGRAMA T\u00cdTULO DE LA PUBLICACI\u00d3N NOMBRE DE LA REVISTA DISPONIBLE EN PAIS DE LA PUBLICACI\u00d3N Yovany Edgar Ch\u00e1vez Rodr\u00edguez Docente Facultad de Ciencias N\u00e1uticas \/ Doctorado en Ciencias de la Educaci\u00f3n con \u00c9nfasis en Investigaci\u00f3n, Evaluaci\u00f3n y Formulaci\u00f3n de Proyectos Educativos El camino para abolir el [&hellip;]<\/p>\n","protected":false},"author":695,"featured_media":110487,"parent":2003,"menu_order":0,"comment_status":"closed","ping_status":"closed","template":"","meta":{"footnotes":""},"class_list":["post-110650","page","type-page","status-publish","has-post-thumbnail","hentry"],"yoast_head":"<!-- This site is optimized with the Yoast SEO plugin v27.1.1 - https:\/\/yoast.com\/product\/yoast-seo-wordpress\/ -->\n<title>Publicaciones Cient\u00edficas \u00c1rea de Ciencia Na\u00faticas - Umecit - Universidad en Panam\u00e1<\/title>\n<meta name=\"robots\" content=\"index, follow, max-snippet:-1, max-image-preview:large, max-video-preview:-1\" \/>\n<link rel=\"canonical\" href=\"https:\/\/umecit.edu.pa\/en\/direccion-de-investigacion-innovacion-y-postgrado\/publicaciones-cientificas-area-de-ciencias-nauticas\/\" \/>\n<meta property=\"og:locale\" content=\"en_US\" \/>\n<meta property=\"og:type\" content=\"article\" \/>\n<meta property=\"og:title\" content=\"Publicaciones Cient\u00edficas \u00c1rea de Ciencia Na\u00faticas - Umecit - Universidad en Panam\u00e1\" \/>\n<meta property=\"og:description\" content=\"Publicaciones Cient\u00edficas \u00c1rea de Ciencias Na\u00faticas Editar AUTOR (ES) PROGRAMA T\u00cdTULO DE LA PUBLICACI\u00d3N NOMBRE DE LA REVISTA DISPONIBLE EN PAIS DE LA PUBLICACI\u00d3N Yovany Edgar Ch\u00e1vez Rodr\u00edguez Docente Facultad de Ciencias N\u00e1uticas \/ Doctorado en Ciencias de la Educaci\u00f3n con \u00c9nfasis en Investigaci\u00f3n, Evaluaci\u00f3n y Formulaci\u00f3n de Proyectos Educativos El camino para abolir el [&hellip;]\" \/>\n<meta property=\"og:url\" content=\"https:\/\/umecit.edu.pa\/en\/direccion-de-investigacion-innovacion-y-postgrado\/publicaciones-cientificas-area-de-ciencias-nauticas\/\" \/>\n<meta property=\"og:site_name\" content=\"Umecit - Universidad en Panam\u00e1\" \/>\n<meta property=\"article:publisher\" content=\"https:\/\/www.facebook.com\/umecitpanama\/\" \/>\n<meta property=\"article:modified_time\" content=\"2024-02-05T23:44:06+00:00\" \/>\n<meta property=\"og:image\" content=\"https:\/\/umecit.edu.pa\/wp-content\/uploads\/2024\/02\/Sin-titulo-1920-x-612-px-3.jpg\" \/>\n\t<meta property=\"og:image:width\" content=\"1920\" \/>\n\t<meta property=\"og:image:height\" content=\"612\" \/>\n\t<meta property=\"og:image:type\" content=\"image\/jpeg\" \/>\n<meta name=\"twitter:card\" content=\"summary_large_image\" \/>\n<meta name=\"twitter:site\" content=\"@umecitpanama\" \/>\n<meta name=\"twitter:label1\" content=\"Est. reading time\" \/>\n\t<meta name=\"twitter:data1\" content=\"1 minute\" \/>\n<script type=\"application\/ld+json\" class=\"yoast-schema-graph\">{\"@context\":\"https:\/\/schema.org\",\"@graph\":[{\"@type\":\"WebPage\",\"@id\":\"https:\/\/umecit.edu.pa\/direccion-de-investigacion-innovacion-y-postgrado\/publicaciones-cientificas-area-de-ciencias-nauticas\/\",\"url\":\"https:\/\/umecit.edu.pa\/direccion-de-investigacion-innovacion-y-postgrado\/publicaciones-cientificas-area-de-ciencias-nauticas\/\",\"name\":\"Publicaciones Cient\u00edficas \u00c1rea de Ciencia Na\u00faticas - Umecit - Universidad en Panam\u00e1\",\"isPartOf\":{\"@id\":\"https:\/\/umecit.edu.pa\/#website\"},\"primaryImageOfPage\":{\"@id\":\"https:\/\/umecit.edu.pa\/direccion-de-investigacion-innovacion-y-postgrado\/publicaciones-cientificas-area-de-ciencias-nauticas\/#primaryimage\"},\"image\":{\"@id\":\"https:\/\/umecit.edu.pa\/direccion-de-investigacion-innovacion-y-postgrado\/publicaciones-cientificas-area-de-ciencias-nauticas\/#primaryimage\"},\"thumbnailUrl\":\"https:\/\/umecit.edu.pa\/wp-content\/uploads\/2024\/02\/Sin-titulo-1920-x-612-px-3.jpg\",\"datePublished\":\"2024-02-05T23:41:18+00:00\",\"dateModified\":\"2024-02-05T23:44:06+00:00\",\"breadcrumb\":{\"@id\":\"https:\/\/umecit.edu.pa\/direccion-de-investigacion-innovacion-y-postgrado\/publicaciones-cientificas-area-de-ciencias-nauticas\/#breadcrumb\"},\"inLanguage\":\"en-US\",\"potentialAction\":[{\"@type\":\"ReadAction\",\"target\":[\"https:\/\/umecit.edu.pa\/direccion-de-investigacion-innovacion-y-postgrado\/publicaciones-cientificas-area-de-ciencias-nauticas\/\"]}]},{\"@type\":\"ImageObject\",\"inLanguage\":\"en-US\",\"@id\":\"https:\/\/umecit.edu.pa\/direccion-de-investigacion-innovacion-y-postgrado\/publicaciones-cientificas-area-de-ciencias-nauticas\/#primaryimage\",\"url\":\"https:\/\/umecit.edu.pa\/wp-content\/uploads\/2024\/02\/Sin-titulo-1920-x-612-px-3.jpg\",\"contentUrl\":\"https:\/\/umecit.edu.pa\/wp-content\/uploads\/2024\/02\/Sin-titulo-1920-x-612-px-3.jpg\",\"width\":1920,\"height\":612,\"caption\":\"publicaciones-cientificas-umecit\"},{\"@type\":\"BreadcrumbList\",\"@id\":\"https:\/\/umecit.edu.pa\/direccion-de-investigacion-innovacion-y-postgrado\/publicaciones-cientificas-area-de-ciencias-nauticas\/#breadcrumb\",\"itemListElement\":[{\"@type\":\"ListItem\",\"position\":1,\"name\":\"Portada\",\"item\":\"https:\/\/umecit.edu.pa\/\"},{\"@type\":\"ListItem\",\"position\":2,\"name\":\"Direcci\u00f3n de Investigaci\u00f3n, Innovaci\u00f3n y Postgrado\",\"item\":\"https:\/\/44.206.156.148\/en\/direccion-de-investigacion-innovacion-y-postgrado\/\"},{\"@type\":\"ListItem\",\"position\":3,\"name\":\"Publicaciones Cient\u00edficas \u00c1rea de Ciencia Na\u00faticas\"}]},{\"@type\":\"WebSite\",\"@id\":\"https:\/\/umecit.edu.pa\/#website\",\"url\":\"https:\/\/umecit.edu.pa\/\",\"name\":\"Umecit - Universidad en Panam\u00e1\",\"description\":\"Universidad Metropolitana de Educaci\u00f3n, Ciencia y Tecnolog\u00eda\",\"publisher\":{\"@id\":\"https:\/\/umecit.edu.pa\/#organization\"},\"potentialAction\":[{\"@type\":\"SearchAction\",\"target\":{\"@type\":\"EntryPoint\",\"urlTemplate\":\"https:\/\/umecit.edu.pa\/?s={search_term_string}\"},\"query-input\":{\"@type\":\"PropertyValueSpecification\",\"valueRequired\":true,\"valueName\":\"search_term_string\"}}],\"inLanguage\":\"en-US\"},{\"@type\":\"Organization\",\"@id\":\"https:\/\/umecit.edu.pa\/#organization\",\"name\":\"Umecit - Universidad en Panam\u00e1\",\"url\":\"https:\/\/umecit.edu.pa\/\",\"logo\":{\"@type\":\"ImageObject\",\"inLanguage\":\"en-US\",\"@id\":\"https:\/\/umecit.edu.pa\/#\/schema\/logo\/image\/\",\"url\":\"https:\/\/umecit.edu.pa\/wp-content\/uploads\/2022\/06\/panama-7.jpg\",\"contentUrl\":\"https:\/\/umecit.edu.pa\/wp-content\/uploads\/2022\/06\/panama-7.jpg\",\"width\":1200,\"height\":800,\"caption\":\"Umecit - Universidad en Panam\u00e1\"},\"image\":{\"@id\":\"https:\/\/umecit.edu.pa\/#\/schema\/logo\/image\/\"},\"sameAs\":[\"https:\/\/www.facebook.com\/umecitpanama\/\",\"https:\/\/x.com\/umecitpanama\",\"https:\/\/www.tiktok.com\/@umecit\",\"https:\/\/www.instagram.com\/umecit\/\",\"https:\/\/www.youtube.com\/channel\/UCP9iXFXi4p_EW_p9p6lprhg\"]}]}<\/script>\n<!-- \/ Yoast SEO plugin. -->","yoast_head_json":{"title":"Scientific Publications Area of Nautical Sciences - Umecit - University in Panama","robots":{"index":"index","follow":"follow","max-snippet":"max-snippet:-1","max-image-preview":"max-image-preview:large","max-video-preview":"max-video-preview:-1"},"canonical":"https:\/\/umecit.edu.pa\/en\/direccion-de-investigacion-innovacion-y-postgrado\/publicaciones-cientificas-area-de-ciencias-nauticas\/","og_locale":"en_US","og_type":"article","og_title":"Publicaciones Cient\u00edficas \u00c1rea de Ciencia Na\u00faticas - Umecit - Universidad en Panam\u00e1","og_description":"Publicaciones Cient\u00edficas \u00c1rea de Ciencias Na\u00faticas Editar AUTOR (ES) PROGRAMA T\u00cdTULO DE LA PUBLICACI\u00d3N NOMBRE DE LA REVISTA DISPONIBLE EN PAIS DE LA PUBLICACI\u00d3N Yovany Edgar Ch\u00e1vez Rodr\u00edguez Docente Facultad de Ciencias N\u00e1uticas \/ Doctorado en Ciencias de la Educaci\u00f3n con \u00c9nfasis en Investigaci\u00f3n, Evaluaci\u00f3n y Formulaci\u00f3n de Proyectos Educativos El camino para abolir el [&hellip;]","og_url":"https:\/\/umecit.edu.pa\/en\/direccion-de-investigacion-innovacion-y-postgrado\/publicaciones-cientificas-area-de-ciencias-nauticas\/","og_site_name":"Umecit - Universidad en Panam\u00e1","article_publisher":"https:\/\/www.facebook.com\/umecitpanama\/","article_modified_time":"2024-02-05T23:44:06+00:00","og_image":[{"width":1920,"height":612,"url":"https:\/\/umecit.edu.pa\/wp-content\/uploads\/2024\/02\/Sin-titulo-1920-x-612-px-3.jpg","type":"image\/jpeg"}],"twitter_card":"summary_large_image","twitter_site":"@umecitpanama","twitter_misc":{"Est. reading time":"1 minute"},"schema":{"@context":"https:\/\/schema.org","@graph":[{"@type":"WebPage","@id":"https:\/\/umecit.edu.pa\/direccion-de-investigacion-innovacion-y-postgrado\/publicaciones-cientificas-area-de-ciencias-nauticas\/","url":"https:\/\/umecit.edu.pa\/direccion-de-investigacion-innovacion-y-postgrado\/publicaciones-cientificas-area-de-ciencias-nauticas\/","name":"Scientific Publications Area of Nautical Sciences - Umecit - University in Panama","isPartOf":{"@id":"https:\/\/umecit.edu.pa\/#website"},"primaryImageOfPage":{"@id":"https:\/\/umecit.edu.pa\/direccion-de-investigacion-innovacion-y-postgrado\/publicaciones-cientificas-area-de-ciencias-nauticas\/#primaryimage"},"image":{"@id":"https:\/\/umecit.edu.pa\/direccion-de-investigacion-innovacion-y-postgrado\/publicaciones-cientificas-area-de-ciencias-nauticas\/#primaryimage"},"thumbnailUrl":"https:\/\/umecit.edu.pa\/wp-content\/uploads\/2024\/02\/Sin-titulo-1920-x-612-px-3.jpg","datePublished":"2024-02-05T23:41:18+00:00","dateModified":"2024-02-05T23:44:06+00:00","breadcrumb":{"@id":"https:\/\/umecit.edu.pa\/direccion-de-investigacion-innovacion-y-postgrado\/publicaciones-cientificas-area-de-ciencias-nauticas\/#breadcrumb"},"inLanguage":"en-US","potentialAction":[{"@type":"ReadAction","target":["https:\/\/umecit.edu.pa\/direccion-de-investigacion-innovacion-y-postgrado\/publicaciones-cientificas-area-de-ciencias-nauticas\/"]}]},{"@type":"ImageObject","inLanguage":"en-US","@id":"https:\/\/umecit.edu.pa\/direccion-de-investigacion-innovacion-y-postgrado\/publicaciones-cientificas-area-de-ciencias-nauticas\/#primaryimage","url":"https:\/\/umecit.edu.pa\/wp-content\/uploads\/2024\/02\/Sin-titulo-1920-x-612-px-3.jpg","contentUrl":"https:\/\/umecit.edu.pa\/wp-content\/uploads\/2024\/02\/Sin-titulo-1920-x-612-px-3.jpg","width":1920,"height":612,"caption":"publicaciones-cientificas-umecit"},{"@type":"BreadcrumbList","@id":"https:\/\/umecit.edu.pa\/direccion-de-investigacion-innovacion-y-postgrado\/publicaciones-cientificas-area-de-ciencias-nauticas\/#breadcrumb","itemListElement":[{"@type":"ListItem","position":1,"name":"Portada","item":"https:\/\/umecit.edu.pa\/"},{"@type":"ListItem","position":2,"name":"Direcci\u00f3n de Investigaci\u00f3n, Innovaci\u00f3n y Postgrado","item":"https:\/\/44.206.156.148\/en\/direccion-de-investigacion-innovacion-y-postgrado\/"},{"@type":"ListItem","position":3,"name":"Publicaciones Cient\u00edficas \u00c1rea de Ciencia Na\u00faticas"}]},{"@type":"WebSite","@id":"https:\/\/umecit.edu.pa\/#website","url":"https:\/\/umecit.edu.pa\/","name":"Umecit - University in Panama","description":"Metropolitan University of Education, Science and Technology","publisher":{"@id":"https:\/\/umecit.edu.pa\/#organization"},"potentialAction":[{"@type":"SearchAction","target":{"@type":"EntryPoint","urlTemplate":"https:\/\/umecit.edu.pa\/?s={search_term_string}"},"query-input":{"@type":"PropertyValueSpecification","valueRequired":true,"valueName":"search_term_string"}}],"inLanguage":"en-US"},{"@type":"Organization","@id":"https:\/\/umecit.edu.pa\/#organization","name":"Umecit - University in Panama","url":"https:\/\/umecit.edu.pa\/","logo":{"@type":"ImageObject","inLanguage":"en-US","@id":"https:\/\/umecit.edu.pa\/#\/schema\/logo\/image\/","url":"https:\/\/umecit.edu.pa\/wp-content\/uploads\/2022\/06\/panama-7.jpg","contentUrl":"https:\/\/umecit.edu.pa\/wp-content\/uploads\/2022\/06\/panama-7.jpg","width":1200,"height":800,"caption":"Umecit - Universidad en Panam\u00e1"},"image":{"@id":"https:\/\/umecit.edu.pa\/#\/schema\/logo\/image\/"},"sameAs":["https:\/\/www.facebook.com\/umecitpanama\/","https:\/\/x.com\/umecitpanama","https:\/\/www.tiktok.com\/@umecit","https:\/\/www.instagram.com\/umecit\/","https:\/\/www.youtube.com\/channel\/UCP9iXFXi4p_EW_p9p6lprhg"]}]}},"_links":{"self":[{"href":"https:\/\/umecit.edu.pa\/en\/wp-json\/wp\/v2\/pages\/110650","targetHints":{"allow":["GET"]}}],"collection":[{"href":"https:\/\/umecit.edu.pa\/en\/wp-json\/wp\/v2\/pages"}],"about":[{"href":"https:\/\/umecit.edu.pa\/en\/wp-json\/wp\/v2\/types\/page"}],"author":[{"embeddable":true,"href":"https:\/\/umecit.edu.pa\/en\/wp-json\/wp\/v2\/users\/695"}],"replies":[{"embeddable":true,"href":"https:\/\/umecit.edu.pa\/en\/wp-json\/wp\/v2\/comments?post=110650"}],"version-history":[{"count":0,"href":"https:\/\/umecit.edu.pa\/en\/wp-json\/wp\/v2\/pages\/110650\/revisions"}],"up":[{"embeddable":true,"href":"https:\/\/umecit.edu.pa\/en\/wp-json\/wp\/v2\/pages\/2003"}],"wp:featuredmedia":[{"embeddable":true,"href":"https:\/\/umecit.edu.pa\/en\/wp-json\/wp\/v2\/media\/110487"}],"wp:attachment":[{"href":"https:\/\/umecit.edu.pa\/en\/wp-json\/wp\/v2\/media?parent=110650"}],"curies":[{"name":"wp","href":"https:\/\/api.w.org\/{rel}","templated":true}]}}