{"id":110305,"date":"2024-01-30T15:30:55","date_gmt":"2024-01-30T20:30:55","guid":{"rendered":"https:\/\/umecit.edu.pa\/?page_id=110305"},"modified":"2024-10-18T10:52:12","modified_gmt":"2024-10-18T15:52:12","slug":"centro-de-investigacion-umecit","status":"publish","type":"page","link":"https:\/\/umecit.edu.pa\/en\/centro-de-investigacion-umecit\/","title":{"rendered":"Research Center"},"content":{"rendered":"<div data-elementor-type=\"wp-page\" data-elementor-id=\"110305\" class=\"elementor elementor-110305\" data-elementor-post-type=\"page\">\n\t\t\t\t\t\t<section class=\"elementor-section elementor-top-section elementor-element elementor-element-cd20180 elementor-section-boxed elementor-section-height-default elementor-section-height-default row-top\" data-id=\"cd20180\" data-element_type=\"section\" data-e-type=\"section\">\n\t\t\t\t\t\t<div class=\"elementor-container elementor-column-gap-default\">\n\t\t\t\t\t<div class=\"elementor-column elementor-col-50 elementor-top-column elementor-element elementor-element-112e054 column-style-top\" data-id=\"112e054\" data-element_type=\"column\" data-e-type=\"column\">\n\t\t\t<div class=\"elementor-widget-wrap elementor-element-populated\">\n\t\t\t\t\t\t<div class=\"elementor-element elementor-element-023e730 elementor-widget elementor-widget-image\" data-id=\"023e730\" data-element_type=\"widget\" data-e-type=\"widget\" data-widget_type=\"image.default\">\n\t\t\t\t<div class=\"elementor-widget-container\">\n\t\t\t\t\t\t\t\t\t\t\t\t\t\t\t<img fetchpriority=\"high\" decoding=\"async\" width=\"740\" height=\"369\" src=\"https:\/\/44.206.156.148\/wp-content\/uploads\/2024\/10\/Diseno-sin-titulo-96.png\" class=\"attachment-large size-large wp-image-119554\" alt=\"LOGO UCYT\" srcset=\"https:\/\/44.206.156.148\/wp-content\/uploads\/2024\/10\/Diseno-sin-titulo-96.png 740w, https:\/\/44.206.156.148\/wp-content\/uploads\/2024\/10\/Diseno-sin-titulo-96-18x9.png 18w\" sizes=\"(max-width: 740px) 100vw, 740px\" \/>\t\t\t\t\t\t\t\t\t\t\t\t\t\t\t<\/div>\n\t\t\t\t<\/div>\n\t\t\t\t<div class=\"elementor-element elementor-element-39f19e3 elementor-widget elementor-widget-heading\" data-id=\"39f19e3\" data-element_type=\"widget\" data-e-type=\"widget\" data-widget_type=\"heading.default\">\n\t\t\t\t<div class=\"elementor-widget-container\">\n\t\t\t\t\t<h2 class=\"elementor-heading-title elementor-size-default\">Center<\/h2>\t\t\t\t<\/div>\n\t\t\t\t<\/div>\n\t\t\t\t<div class=\"elementor-element elementor-element-8adf5e5 elementor-widget elementor-widget-heading\" data-id=\"8adf5e5\" data-element_type=\"widget\" data-e-type=\"widget\" data-widget_type=\"heading.default\">\n\t\t\t\t<div class=\"elementor-widget-container\">\n\t\t\t\t\t<h1 class=\"elementor-heading-title elementor-size-default\">Research<\/h1>\t\t\t\t<\/div>\n\t\t\t\t<\/div>\n\t\t\t\t<div class=\"elementor-element elementor-element-e3f4ca4 elementor-widget elementor-widget-text-editor\" data-id=\"e3f4ca4\" data-element_type=\"widget\" data-e-type=\"widget\" data-widget_type=\"text-editor.default\">\n\t\t\t\t<div class=\"elementor-widget-container\">\n\t\t\t\t\t\t\t\t\t<p>It is the entity responsible for coordinating the generation of new knowledge and contributions to the solution of problems in the intra- and extra-university environment. Its function is advisory, planning, coordination, and development of scientific products from institutional research groups. To achieve these goals, the Research Center will operate based on the multi- and transdisciplinary understanding of the meaning of intellectual work.<\/p>\t\t\t\t\t\t\t\t<\/div>\n\t\t\t\t<\/div>\n\t\t\t\t<div class=\"elementor-element elementor-element-3950b75 elementor-widget elementor-widget-accordion\" data-id=\"3950b75\" data-element_type=\"widget\" data-e-type=\"widget\" data-widget_type=\"accordion.default\">\n\t\t\t\t<div class=\"elementor-widget-container\">\n\t\t\t\t\t\t\t<div class=\"elementor-accordion\">\n\t\t\t\t\t\t\t<div class=\"elementor-accordion-item\">\n\t\t\t\t\t<div id=\"elementor-tab-title-6001\" class=\"elementor-tab-title\" data-tab=\"1\" role=\"button\" aria-controls=\"elementor-tab-content-6001\" aria-expanded=\"false\">\n\t\t\t\t\t\t\t\t\t\t\t\t\t<span class=\"elementor-accordion-icon elementor-accordion-icon-left\" aria-hidden=\"true\">\n\t\t\t\t\t\t\t\t\t\t\t\t\t\t\t<span class=\"elementor-accordion-icon-closed\"><i class=\"fas fa-plus\"><\/i><\/span>\n\t\t\t\t\t\t\t\t<span class=\"elementor-accordion-icon-opened\"><i class=\"fas fa-minus\"><\/i><\/span>\n\t\t\t\t\t\t\t\t\t\t\t\t\t\t<\/span>\n\t\t\t\t\t\t\t\t\t\t\t\t<a class=\"elementor-accordion-title\" tabindex=\"0\">Science and Technology Unit - UCYT<\/a>\n\t\t\t\t\t<\/div>\n\t\t\t\t\t<div id=\"elementor-tab-content-6001\" class=\"elementor-tab-content elementor-clearfix\" data-tab=\"1\" role=\"region\" aria-labelledby=\"elementor-tab-title-6001\"><p><span style=\"color: #474747;\">At the forefront of academic and technical support<\/span><span style=\"color: #474747;\">unique, the Science and Technology Unit -UCYT- stands as an essential pillar in the path of researchers who seek excellence in their projects. Committed to promoting quality research, we offer a range of services designed to overcome the challenges inherent to the scientific process.<\/span><\/p><p><span style=\"color: #474747;\">The\u00a0<strong>UCYT<\/strong>, as an appendix of the Research and Innovation Center, operates with qualified specialists and technicians to offer you solid support in your research journey. Join us and take the next step towards academic and scientific success.<\/span><\/p><p><span style=\"color: #474747;\"><strong>Our Commitment:<\/strong><\/span><\/p><p><span style=\"color: #474747;\">In the demanding world of research, we know that methodological soundness and expert use of tools are crucial. The UCYT is committed to providing the necessary support to guarantee that your research reaches optimal levels of depth, coherence and adequate methodological development, in the following aspects:<\/span><\/p><p><span style=\"color: #474747;\"><strong>OUR SERVICES<\/strong><\/span><\/p><p><span style=\"color: #474747;\"><strong>Data processing<\/strong>: We provide advice on the processing of statistical and qualitative data, using cutting-edge technological tools and software.<\/span><\/p><p><span style=\"color: #474747;\"><strong>Methodological Guidance<\/strong>: We specialize in guiding researchers on methodological aspects, ensuring that sample calculations align with the specificities of each investigation.<\/span><\/p><p><span style=\"color: #474747;\"><strong>Instrument Design:\u00a0<\/strong>We offer advice for the definition of techniques and construction of data collection instruments, guaranteeing correspondence with the categorization and\/or operationalization processes of study variables.<\/span><\/p><p><span style=\"color: #474747;\"><strong>Reliability and Validation<\/strong>: We provide advice for the calculation of reliability\/reliability and validation of instruments, ensuring the robustness of your results.<\/span><\/p><p><span style=\"color: #474747;\"><strong>Generation of scientific products<\/strong>: We offer technical advice and review for the generation of scientific products derived from research, with the potential for publication.<\/span><\/p><p><span style=\"color: #474747;\"><strong>Samples<\/strong>: We provide guidance in calculating samples, ensuring the necessary representativeness for your research.<\/span><\/p><p><span style=\"color: #474747;\"><strong>Scientific writing advice:<\/strong>\u00a0We support the writing of scientific articles, book chapters and other derivatives, so that your research reaches the audience it deserves.<\/span><\/p><p><span style=\"color: #474747;\">For more information contact email\u00a0<a style=\"color: #474747;\" href=\"mailto:ucyt@umecit.edu.pa\"><strong>ucyt@umecit.edu.pa<\/strong><\/a><\/span><\/p><\/div>\n\t\t\t\t<\/div>\n\t\t\t\t\t\t\t\t<\/div>\n\t\t\t\t\t\t<\/div>\n\t\t\t\t<\/div>\n\t\t\t\t\t<\/div>\n\t\t<\/div>\n\t\t\t\t<div class=\"elementor-column elementor-col-50 elementor-top-column elementor-element elementor-element-4be8df2 column-style-top\" data-id=\"4be8df2\" data-element_type=\"column\" data-e-type=\"column\">\n\t\t\t<div class=\"elementor-widget-wrap elementor-element-populated\">\n\t\t\t\t\t\t<div class=\"elementor-element elementor-element-c518b3d elementor-widget elementor-widget-gva-image-content\" data-id=\"c518b3d\" data-element_type=\"widget\" data-e-type=\"widget\" data-widget_type=\"gva-image-content.default\">\n\t\t\t\t<div class=\"elementor-widget-container\">\n\t\t\t\t\t<div class=\"gva-element-gva-image-content gva-element\">\t\t\r\n\t  \r\n\t \r\n\t  \r\n\r\n\t\r\n \r\n\r\n  \r\n\r\n \r\n\r\n  <div class=\"clearfix gsc-image-content skin-v7\">\r\n\t \t\t<div class=\"image\">\r\n\t\t\t <img decoding=\"async\" width=\"1707\" height=\"2560\" src=\"https:\/\/umecit.edu.pa\/wp-content\/uploads\/2024\/02\/Abilio-scaled.jpg\" class=\"attachment-full size-full wp-image-110475\" alt=\"Abilio-Moreno\" srcset=\"https:\/\/umecit.edu.pa\/wp-content\/uploads\/2024\/02\/Abilio-scaled.jpg 1707w, https:\/\/umecit.edu.pa\/wp-content\/uploads\/2024\/02\/Abilio-683x1024.jpg 683w, https:\/\/umecit.edu.pa\/wp-content\/uploads\/2024\/02\/Abilio-768x1152.jpg 768w, https:\/\/umecit.edu.pa\/wp-content\/uploads\/2024\/02\/Abilio-8x12.jpg 8w\" sizes=\"(max-width: 1707px) 100vw, 1707px\" \/>\t\t<\/div>\r\n\t \t <div class=\"box-content\">\r\n\t\t\t\t\t<h2 class=\"title\">\r\n\t\t\t\tMag. Abilio Moreno\t\t\t<\/h2>\r\n\t\t\t\t<div class=\"desc\">Research Center Coordinator<\/div>\r\n\t\t\t <\/div>  \r\n  <\/div>\r\n <\/div>\t\t\t\t<\/div>\n\t\t\t\t<\/div>\n\t\t\t\t<div class=\"elementor-element elementor-element-95280cf elementor-view-stacked elementor-position-inline-start icon-box-left elementor-mobile-position-inline-start elementor-shape-circle elementor-widget elementor-widget-icon-box\" data-id=\"95280cf\" data-element_type=\"widget\" data-e-type=\"widget\" data-widget_type=\"icon-box.default\">\n\t\t\t\t<div class=\"elementor-widget-container\">\n\t\t\t\t\t\t\t<div class=\"elementor-icon-box-wrapper\">\n\n\t\t\t\t\t\t<div class=\"elementor-icon-box-icon\">\n\t\t\t\t<span  class=\"elementor-icon\">\n\t\t\t\t<i aria-hidden=\"true\" class=\"las la-map-marker\"><\/i>\t\t\t\t<\/span>\n\t\t\t<\/div>\n\t\t\t\n\t\t\t\t\t\t<div class=\"elementor-icon-box-content\">\n\n\t\t\t\t\t\t\t\t\t<h3 class=\"elementor-icon-box-title\">\n\t\t\t\t\t\t<span  >\n\t\t\t\t\t\t\tLocation\t\t\t\t\t\t<\/span>\n\t\t\t\t\t<\/h3>\n\t\t\t\t\n\t\t\t\t\t\t\t\t\t<p class=\"elementor-icon-box-description\">\n\t\t\t\t\t\tEusebio A. Morales street, in front of the Martin Fierro Restaurant\n\n\t\t\t\t\t<\/p>\n\t\t\t\t\n\t\t\t<\/div>\n\t\t\t\n\t\t<\/div>\n\t\t\t\t\t\t<\/div>\n\t\t\t\t<\/div>\n\t\t\t\t<div class=\"elementor-element elementor-element-f9dcca9 elementor-view-stacked elementor-position-inline-start icon-box-left elementor-mobile-position-inline-start elementor-shape-circle elementor-widget elementor-widget-icon-box\" data-id=\"f9dcca9\" data-element_type=\"widget\" data-e-type=\"widget\" data-widget_type=\"icon-box.default\">\n\t\t\t\t<div class=\"elementor-widget-container\">\n\t\t\t\t\t\t\t<div class=\"elementor-icon-box-wrapper\">\n\n\t\t\t\t\t\t<div class=\"elementor-icon-box-icon\">\n\t\t\t\t<a href=\"mailto:%20direccioninvestigacion@umecit.edu.pa\" class=\"elementor-icon\" tabindex=\"-1\" aria-label=\"E-mail:\">\n\t\t\t\t<i aria-hidden=\"true\" class=\"flaticon-mail-send\"><\/i>\t\t\t\t<\/a>\n\t\t\t<\/div>\n\t\t\t\n\t\t\t\t\t\t<div class=\"elementor-icon-box-content\">\n\n\t\t\t\t\t\t\t\t\t<h3 class=\"elementor-icon-box-title\">\n\t\t\t\t\t\t<a href=\"mailto:%20direccioninvestigacion@umecit.edu.pa\" >\n\t\t\t\t\t\t\tE-mail:\t\t\t\t\t\t<\/a>\n\t\t\t\t\t<\/h3>\n\t\t\t\t\n\t\t\t\t\t\t\t\t\t<p class=\"elementor-icon-box-description\">\n\t\t\t\t\t\tcentrodeinvestigacion@umecit.edu.pa\t\t\t\t\t<\/p>\n\t\t\t\t\n\t\t\t<\/div>\n\t\t\t\n\t\t<\/div>\n\t\t\t\t\t\t<\/div>\n\t\t\t\t<\/div>\n\t\t\t\t\t<\/div>\n\t\t<\/div>\n\t\t\t\t\t<\/div>\n\t\t<\/section>\n\t\t\t\t<\/div>","protected":false},"excerpt":{"rendered":"<p>Centro de Investigaci\u00f3n Es el ente responsable de coordinar la generaci\u00f3n de nuevos conocimientos y aportes a la soluci\u00f3n de problemas del entorno intra y extra universitario. Su funci\u00f3n es de asesor\u00eda, planificaci\u00f3n, coordinaci\u00f3n, desarrollo de productos cient\u00edficos desde los grupos de investigaci\u00f3n institucional. Para dar cumplimiento a estas metas, el Centro de Investigaci\u00f3n funcionar\u00e1 [&hellip;]<\/p>\n","protected":false},"author":695,"featured_media":0,"parent":0,"menu_order":0,"comment_status":"closed","ping_status":"closed","template":"","meta":{"footnotes":""},"class_list":["post-110305","page","type-page","status-publish","hentry"],"yoast_head":"<!-- This site is optimized with the Yoast SEO plugin v27.1.1 - https:\/\/yoast.com\/product\/yoast-seo-wordpress\/ -->\n<title>Centro de Investigaci\u00f3n | UMECIT<\/title>\n<meta name=\"description\" content=\"Es el ente responsable de coordinar la generaci\u00f3n de nuevos conocimientos y aportes a la soluci\u00f3n de problemas del entorno intra y extra universitario. Su funci\u00f3n es de asesor\u00eda, planificaci\u00f3n, coordinaci\u00f3n, desarrollo de productos cient\u00edficos desde los grupos de investigaci\u00f3n institucional.\" \/>\n<meta name=\"robots\" content=\"index, follow, max-snippet:-1, max-image-preview:large, max-video-preview:-1\" \/>\n<link rel=\"canonical\" href=\"https:\/\/umecit.edu.pa\/en\/centro-de-investigacion-umecit\/\" \/>\n<meta property=\"og:locale\" content=\"en_US\" \/>\n<meta property=\"og:type\" content=\"article\" \/>\n<meta property=\"og:title\" content=\"Centro de Investigaci\u00f3n | UMECIT\" \/>\n<meta property=\"og:description\" content=\"Es el ente responsable de coordinar la generaci\u00f3n de nuevos conocimientos y aportes a la soluci\u00f3n de problemas del entorno intra y extra universitario. Su funci\u00f3n es de asesor\u00eda, planificaci\u00f3n, coordinaci\u00f3n, desarrollo de productos cient\u00edficos desde los grupos de investigaci\u00f3n institucional.\" \/>\n<meta property=\"og:url\" content=\"https:\/\/umecit.edu.pa\/en\/centro-de-investigacion-umecit\/\" \/>\n<meta property=\"og:site_name\" content=\"Umecit - Universidad en Panam\u00e1\" \/>\n<meta property=\"article:publisher\" content=\"https:\/\/www.facebook.com\/umecitpanama\/\" \/>\n<meta property=\"article:modified_time\" content=\"2024-10-18T15:52:12+00:00\" \/>\n<meta property=\"og:image\" content=\"https:\/\/umecit.edu.pa\/wp-content\/uploads\/2024\/10\/Diseno-sin-titulo-96.png\" \/>\n<meta name=\"twitter:card\" content=\"summary_large_image\" \/>\n<meta name=\"twitter:site\" content=\"@umecitpanama\" \/>\n<meta name=\"twitter:label1\" content=\"Est. reading time\" \/>\n\t<meta name=\"twitter:data1\" content=\"3 minutes\" \/>\n<script type=\"application\/ld+json\" class=\"yoast-schema-graph\">{\"@context\":\"https:\/\/schema.org\",\"@graph\":[{\"@type\":\"WebPage\",\"@id\":\"https:\/\/umecit.edu.pa\/en\/centro-de-investigacion-umecit\/\",\"url\":\"https:\/\/umecit.edu.pa\/en\/centro-de-investigacion-umecit\/\",\"name\":\"Centro de Investigaci\u00f3n | UMECIT\",\"isPartOf\":{\"@id\":\"https:\/\/umecit.edu.pa\/#website\"},\"primaryImageOfPage\":{\"@id\":\"https:\/\/umecit.edu.pa\/en\/centro-de-investigacion-umecit\/#primaryimage\"},\"image\":{\"@id\":\"https:\/\/umecit.edu.pa\/en\/centro-de-investigacion-umecit\/#primaryimage\"},\"thumbnailUrl\":\"https:\/\/umecit.edu.pa\/wp-content\/uploads\/2024\/10\/Diseno-sin-titulo-96.png\",\"datePublished\":\"2024-01-30T20:30:55+00:00\",\"dateModified\":\"2024-10-18T15:52:12+00:00\",\"description\":\"Es el ente responsable de coordinar la generaci\u00f3n de nuevos conocimientos y aportes a la soluci\u00f3n de problemas del entorno intra y extra universitario. Su funci\u00f3n es de asesor\u00eda, planificaci\u00f3n, coordinaci\u00f3n, desarrollo de productos cient\u00edficos desde los grupos de investigaci\u00f3n institucional.\",\"breadcrumb\":{\"@id\":\"https:\/\/umecit.edu.pa\/en\/centro-de-investigacion-umecit\/#breadcrumb\"},\"inLanguage\":\"en-US\",\"potentialAction\":[{\"@type\":\"ReadAction\",\"target\":[\"https:\/\/umecit.edu.pa\/en\/centro-de-investigacion-umecit\/\"]}]},{\"@type\":\"ImageObject\",\"inLanguage\":\"en-US\",\"@id\":\"https:\/\/umecit.edu.pa\/en\/centro-de-investigacion-umecit\/#primaryimage\",\"url\":\"https:\/\/umecit.edu.pa\/wp-content\/uploads\/2024\/10\/Diseno-sin-titulo-96.png\",\"contentUrl\":\"https:\/\/umecit.edu.pa\/wp-content\/uploads\/2024\/10\/Diseno-sin-titulo-96.png\"},{\"@type\":\"BreadcrumbList\",\"@id\":\"https:\/\/umecit.edu.pa\/en\/centro-de-investigacion-umecit\/#breadcrumb\",\"itemListElement\":[{\"@type\":\"ListItem\",\"position\":1,\"name\":\"Portada\",\"item\":\"https:\/\/umecit.edu.pa\/\"},{\"@type\":\"ListItem\",\"position\":2,\"name\":\"Centro de Investigaci\u00f3n\"}]},{\"@type\":\"WebSite\",\"@id\":\"https:\/\/umecit.edu.pa\/#website\",\"url\":\"https:\/\/umecit.edu.pa\/\",\"name\":\"Umecit - Universidad en Panam\u00e1\",\"description\":\"Universidad Metropolitana de Educaci\u00f3n, Ciencia y Tecnolog\u00eda\",\"publisher\":{\"@id\":\"https:\/\/umecit.edu.pa\/#organization\"},\"potentialAction\":[{\"@type\":\"SearchAction\",\"target\":{\"@type\":\"EntryPoint\",\"urlTemplate\":\"https:\/\/umecit.edu.pa\/?s={search_term_string}\"},\"query-input\":{\"@type\":\"PropertyValueSpecification\",\"valueRequired\":true,\"valueName\":\"search_term_string\"}}],\"inLanguage\":\"en-US\"},{\"@type\":\"Organization\",\"@id\":\"https:\/\/umecit.edu.pa\/#organization\",\"name\":\"Umecit - Universidad en Panam\u00e1\",\"url\":\"https:\/\/umecit.edu.pa\/\",\"logo\":{\"@type\":\"ImageObject\",\"inLanguage\":\"en-US\",\"@id\":\"https:\/\/umecit.edu.pa\/#\/schema\/logo\/image\/\",\"url\":\"https:\/\/umecit.edu.pa\/wp-content\/uploads\/2022\/06\/panama-7.jpg\",\"contentUrl\":\"https:\/\/umecit.edu.pa\/wp-content\/uploads\/2022\/06\/panama-7.jpg\",\"width\":1200,\"height\":800,\"caption\":\"Umecit - Universidad en Panam\u00e1\"},\"image\":{\"@id\":\"https:\/\/umecit.edu.pa\/#\/schema\/logo\/image\/\"},\"sameAs\":[\"https:\/\/www.facebook.com\/umecitpanama\/\",\"https:\/\/x.com\/umecitpanama\",\"https:\/\/www.tiktok.com\/@umecit\",\"https:\/\/www.instagram.com\/umecit\/\",\"https:\/\/www.youtube.com\/channel\/UCP9iXFXi4p_EW_p9p6lprhg\"]}]}<\/script>\n<!-- \/ Yoast SEO plugin. -->","yoast_head_json":{"title":"Research Center | UMECIT","description":"It is the entity responsible for coordinating the generation of new knowledge and contributions to problem-solving within and outside the university. Its function is to provide advice, planning, coordination, and development of scientific products from institutional research groups.","robots":{"index":"index","follow":"follow","max-snippet":"max-snippet:-1","max-image-preview":"max-image-preview:large","max-video-preview":"max-video-preview:-1"},"canonical":"https:\/\/umecit.edu.pa\/en\/centro-de-investigacion-umecit\/","og_locale":"en_US","og_type":"article","og_title":"Centro de Investigaci\u00f3n | UMECIT","og_description":"Es el ente responsable de coordinar la generaci\u00f3n de nuevos conocimientos y aportes a la soluci\u00f3n de problemas del entorno intra y extra universitario. Su funci\u00f3n es de asesor\u00eda, planificaci\u00f3n, coordinaci\u00f3n, desarrollo de productos cient\u00edficos desde los grupos de investigaci\u00f3n institucional.","og_url":"https:\/\/umecit.edu.pa\/en\/centro-de-investigacion-umecit\/","og_site_name":"Umecit - Universidad en Panam\u00e1","article_publisher":"https:\/\/www.facebook.com\/umecitpanama\/","article_modified_time":"2024-10-18T15:52:12+00:00","og_image":[{"url":"https:\/\/umecit.edu.pa\/wp-content\/uploads\/2024\/10\/Diseno-sin-titulo-96.png","type":"","width":"","height":""}],"twitter_card":"summary_large_image","twitter_site":"@umecitpanama","twitter_misc":{"Est. reading time":"3 minutes"},"schema":{"@context":"https:\/\/schema.org","@graph":[{"@type":"WebPage","@id":"https:\/\/umecit.edu.pa\/en\/centro-de-investigacion-umecit\/","url":"https:\/\/umecit.edu.pa\/en\/centro-de-investigacion-umecit\/","name":"Research Center | UMECIT","isPartOf":{"@id":"https:\/\/umecit.edu.pa\/#website"},"primaryImageOfPage":{"@id":"https:\/\/umecit.edu.pa\/en\/centro-de-investigacion-umecit\/#primaryimage"},"image":{"@id":"https:\/\/umecit.edu.pa\/en\/centro-de-investigacion-umecit\/#primaryimage"},"thumbnailUrl":"https:\/\/umecit.edu.pa\/wp-content\/uploads\/2024\/10\/Diseno-sin-titulo-96.png","datePublished":"2024-01-30T20:30:55+00:00","dateModified":"2024-10-18T15:52:12+00:00","description":"It is the entity responsible for coordinating the generation of new knowledge and contributions to problem-solving within and outside the university. Its function is to provide advice, planning, coordination, and development of scientific products from institutional research groups.","breadcrumb":{"@id":"https:\/\/umecit.edu.pa\/en\/centro-de-investigacion-umecit\/#breadcrumb"},"inLanguage":"en-US","potentialAction":[{"@type":"ReadAction","target":["https:\/\/umecit.edu.pa\/en\/centro-de-investigacion-umecit\/"]}]},{"@type":"ImageObject","inLanguage":"en-US","@id":"https:\/\/umecit.edu.pa\/en\/centro-de-investigacion-umecit\/#primaryimage","url":"https:\/\/umecit.edu.pa\/wp-content\/uploads\/2024\/10\/Diseno-sin-titulo-96.png","contentUrl":"https:\/\/umecit.edu.pa\/wp-content\/uploads\/2024\/10\/Diseno-sin-titulo-96.png"},{"@type":"BreadcrumbList","@id":"https:\/\/umecit.edu.pa\/en\/centro-de-investigacion-umecit\/#breadcrumb","itemListElement":[{"@type":"ListItem","position":1,"name":"Portada","item":"https:\/\/umecit.edu.pa\/"},{"@type":"ListItem","position":2,"name":"Centro de Investigaci\u00f3n"}]},{"@type":"WebSite","@id":"https:\/\/umecit.edu.pa\/#website","url":"https:\/\/umecit.edu.pa\/","name":"Umecit - University in Panama","description":"Metropolitan University of Education, Science and Technology","publisher":{"@id":"https:\/\/umecit.edu.pa\/#organization"},"potentialAction":[{"@type":"SearchAction","target":{"@type":"EntryPoint","urlTemplate":"https:\/\/umecit.edu.pa\/?s={search_term_string}"},"query-input":{"@type":"PropertyValueSpecification","valueRequired":true,"valueName":"search_term_string"}}],"inLanguage":"en-US"},{"@type":"Organization","@id":"https:\/\/umecit.edu.pa\/#organization","name":"Umecit - University in Panama","url":"https:\/\/umecit.edu.pa\/","logo":{"@type":"ImageObject","inLanguage":"en-US","@id":"https:\/\/umecit.edu.pa\/#\/schema\/logo\/image\/","url":"https:\/\/umecit.edu.pa\/wp-content\/uploads\/2022\/06\/panama-7.jpg","contentUrl":"https:\/\/umecit.edu.pa\/wp-content\/uploads\/2022\/06\/panama-7.jpg","width":1200,"height":800,"caption":"Umecit - Universidad en Panam\u00e1"},"image":{"@id":"https:\/\/umecit.edu.pa\/#\/schema\/logo\/image\/"},"sameAs":["https:\/\/www.facebook.com\/umecitpanama\/","https:\/\/x.com\/umecitpanama","https:\/\/www.tiktok.com\/@umecit","https:\/\/www.instagram.com\/umecit\/","https:\/\/www.youtube.com\/channel\/UCP9iXFXi4p_EW_p9p6lprhg"]}]}},"_links":{"self":[{"href":"https:\/\/umecit.edu.pa\/en\/wp-json\/wp\/v2\/pages\/110305","targetHints":{"allow":["GET"]}}],"collection":[{"href":"https:\/\/umecit.edu.pa\/en\/wp-json\/wp\/v2\/pages"}],"about":[{"href":"https:\/\/umecit.edu.pa\/en\/wp-json\/wp\/v2\/types\/page"}],"author":[{"embeddable":true,"href":"https:\/\/umecit.edu.pa\/en\/wp-json\/wp\/v2\/users\/695"}],"replies":[{"embeddable":true,"href":"https:\/\/umecit.edu.pa\/en\/wp-json\/wp\/v2\/comments?post=110305"}],"version-history":[{"count":0,"href":"https:\/\/umecit.edu.pa\/en\/wp-json\/wp\/v2\/pages\/110305\/revisions"}],"wp:attachment":[{"href":"https:\/\/umecit.edu.pa\/en\/wp-json\/wp\/v2\/media?parent=110305"}],"curies":[{"name":"wp","href":"https:\/\/api.w.org\/{rel}","templated":true}]}}