{"id":10947,"date":"2022-02-24T11:21:08","date_gmt":"2022-02-24T16:21:08","guid":{"rendered":"https:\/\/nueva.umecit.edu.pa\/?page_id=10947"},"modified":"2022-12-12T11:19:09","modified_gmt":"2022-12-12T16:19:09","slug":"uteid","status":"publish","type":"page","link":"https:\/\/umecit.edu.pa\/en\/uteid\/","title":{"rendered":"ETTIU"},"content":{"rendered":"<div data-elementor-type=\"wp-page\" data-elementor-id=\"10947\" class=\"elementor elementor-10947\" data-elementor-post-type=\"page\">\n\t\t\t\t\t\t<section class=\"elementor-section elementor-top-section elementor-element elementor-element-8a4d777 elementor-section-boxed elementor-section-height-default elementor-section-height-default row-top\" data-id=\"8a4d777\" data-element_type=\"section\" data-e-type=\"section\" data-settings=\"{&quot;background_background&quot;:&quot;classic&quot;}\">\n\t\t\t\t\t\t<div class=\"elementor-container elementor-column-gap-default\">\n\t\t\t\t\t<div class=\"elementor-column elementor-col-50 elementor-top-column elementor-element elementor-element-1177529 order-xxl-1 order-xl-1 order-2 column-style-top\" data-id=\"1177529\" data-element_type=\"column\" data-e-type=\"column\">\n\t\t\t<div class=\"elementor-widget-wrap elementor-element-populated\">\n\t\t\t\t\t\t<div class=\"elementor-element elementor-element-148f5a7 elementor-widget elementor-widget-heading\" data-id=\"148f5a7\" data-element_type=\"widget\" data-e-type=\"widget\" data-widget_type=\"heading.default\">\n\t\t\t\t<div class=\"elementor-widget-container\">\n\t\t\t\t\t<h2 class=\"elementor-heading-title elementor-size-default\">Virtual Community<\/h2>\t\t\t\t<\/div>\n\t\t\t\t<\/div>\n\t\t\t\t<div class=\"elementor-element elementor-element-ea6b8c5 elementor-widget elementor-widget-heading\" data-id=\"ea6b8c5\" data-element_type=\"widget\" data-e-type=\"widget\" data-widget_type=\"heading.default\">\n\t\t\t\t<div class=\"elementor-widget-container\">\n\t\t\t\t\t<h1 class=\"elementor-heading-title elementor-size-default\">ETTIU<\/h1>\t\t\t\t<\/div>\n\t\t\t\t<\/div>\n\t\t\t\t<div class=\"elementor-element elementor-element-814ac80 elementor-widget elementor-widget-text-editor\" data-id=\"814ac80\" data-element_type=\"widget\" data-e-type=\"widget\" data-widget_type=\"text-editor.default\">\n\t\t\t\t<div class=\"elementor-widget-container\">\n\t\t\t\t\t\t\t\t\tAt UMECIT we have created the Educational Technology and Teaching Innovation Unit in order to promote innovative methodologies based on new technologies.\t\t\t\t\t\t\t\t<\/div>\n\t\t\t\t<\/div>\n\t\t\t\t<div class=\"elementor-element elementor-element-e76628f elementor-widget elementor-widget-gva-heading-block\" data-id=\"e76628f\" data-element_type=\"widget\" data-e-type=\"widget\" data-widget_type=\"gva-heading-block.default\">\n\t\t\t\t<div class=\"elementor-widget-container\">\n\t\t\t\t\t<div class=\"gva-element-gva-heading-block gva-element\">   <div class=\"align-left style-1 widget gsc-heading box-align-left auto-responsive\">\r\n      <div class=\"content-inner\">\r\n         \r\n                  \r\n           \r\n         \r\n                     <h2 class=\"title\">\r\n               <span>Educational Technology and Teaching Innovation Unit<\/span>\r\n            <\/h2>\r\n                  \r\n         \r\n      <\/div>\r\n   <\/div>\r\n<\/div>\t\t\t\t<\/div>\n\t\t\t\t<\/div>\n\t\t\t\t<div class=\"elementor-element elementor-element-2e8af71 elementor-widget elementor-widget-text-editor\" data-id=\"2e8af71\" data-element_type=\"widget\" data-e-type=\"widget\" data-widget_type=\"text-editor.default\">\n\t\t\t\t<div class=\"elementor-widget-container\">\n\t\t\t\t\t\t\t\t\t<p>The Educational Technology and Teaching Innovation Unit (ETTIU) has been created to support the Academic Vice-Rectorate and the Research, Extension and Academic Departments, in order to promote innovative methodologies based on new technologies and promote the quality of the training process offered.<\/p>\n\n<p>This unit is in charge of the design and development of educational resources in Scorm, and educational audiovisual productions that are disseminated through the E-learning Platforms, Web Radio Channel, Radio TV Channel, social networks; in the process of consolidation of the Cyberhumanist Educational Model inserting Information and Communication Technologies in favor of the teaching-learning processes in the semi-face-to-face and virtual modality.<\/p>\t\t\t\t\t\t\t\t<\/div>\n\t\t\t\t<\/div>\n\t\t\t\t\t<\/div>\n\t\t<\/div>\n\t\t\t\t<div class=\"elementor-column elementor-col-50 elementor-top-column elementor-element elementor-element-cf5060a order-xxl-2 order-xl-2 order-1 column-style-top\" data-id=\"cf5060a\" data-element_type=\"column\" data-e-type=\"column\">\n\t\t\t<div class=\"elementor-widget-wrap elementor-element-populated\">\n\t\t\t\t\t\t<div class=\"elementor-element elementor-element-5f06a9b elementor-widget elementor-widget-gva-image-content\" data-id=\"5f06a9b\" data-element_type=\"widget\" data-e-type=\"widget\" data-widget_type=\"gva-image-content.default\">\n\t\t\t\t<div class=\"elementor-widget-container\">\n\t\t\t\t\t<div class=\"gva-element-gva-image-content gva-element\">\t\t\r\n\t  \r\n\t \r\n\t  \r\n\r\n\t\r\n\t<div class=\"clearfix gsc-image-content skin-v4\">\r\n\t  \r\n\t  \t\t <div class=\"image\">\r\n\t\t \t<div class=\"image-inner\">\r\n\t\t\t\t\t\t  <a href=\"#\">\r\n\t\t\t <img decoding=\"async\" src=\"http:\/\/umecit.edu.pa\/wp-content\/uploads\/2022\/02\/Foto-1-2.jpg\" alt=\"\" \/>\t\t  <\/a>\r\n\t\t    \r\n\t\t\t<\/div>\r\n\t\t\t<div class=\"line-color\"><\/div>\r\n\t\t <\/div>\r\n\t  \r\n\t  \t\t <div class=\"image-second\">\r\n\t\t\t<div class=\"image-second-inner\">\r\n\t\t\t  \t\t  <a href=\"#\">\r\n\t\t\t <img decoding=\"async\" src=\"http:\/\/umecit.edu.pa\/wp-content\/uploads\/2022\/02\/Foto-2-3.jpg\" alt=\"\" \/>\t\t  <\/a>\r\n\t\t    \r\n\t\t\t<\/div>  \r\n\t\t <\/div>\r\n\t  \r\n\t<\/div>\r\n \r\n\r\n  \r\n\r\n \r\n\r\n <\/div>\t\t\t\t<\/div>\n\t\t\t\t<\/div>\n\t\t\t\t\t<\/div>\n\t\t<\/div>\n\t\t\t\t\t<\/div>\n\t\t<\/section>\n\t\t\t\t<section class=\"elementor-section elementor-top-section elementor-element elementor-element-5cdd8ac elementor-section-boxed elementor-section-height-default elementor-section-height-default row-top\" data-id=\"5cdd8ac\" data-element_type=\"section\" data-e-type=\"section\" data-settings=\"{&quot;background_background&quot;:&quot;classic&quot;}\">\n\t\t\t\t\t\t<div class=\"elementor-container elementor-column-gap-default\">\n\t\t\t\t\t<div class=\"elementor-column elementor-col-100 elementor-top-column elementor-element elementor-element-0a70617 column-style-top\" data-id=\"0a70617\" data-element_type=\"column\" data-e-type=\"column\">\n\t\t\t<div class=\"elementor-widget-wrap elementor-element-populated\">\n\t\t\t\t\t\t<section class=\"elementor-section elementor-inner-section elementor-element elementor-element-fadfb95 elementor-section-boxed elementor-section-height-default elementor-section-height-default row-top\" data-id=\"fadfb95\" data-element_type=\"section\" data-e-type=\"section\">\n\t\t\t\t\t\t<div class=\"elementor-container elementor-column-gap-default\">\n\t\t\t\t\t<div class=\"elementor-column elementor-col-100 elementor-inner-column elementor-element elementor-element-18cab9d column-style-top\" data-id=\"18cab9d\" data-element_type=\"column\" data-e-type=\"column\">\n\t\t\t<div class=\"elementor-widget-wrap elementor-element-populated\">\n\t\t\t\t\t\t<div class=\"elementor-element elementor-element-3fd3e7b elementor-widget elementor-widget-gva-heading-block\" data-id=\"3fd3e7b\" data-element_type=\"widget\" data-e-type=\"widget\" data-widget_type=\"gva-heading-block.default\">\n\t\t\t\t<div class=\"elementor-widget-container\">\n\t\t\t\t\t<div class=\"gva-element-gva-heading-block gva-element\">   <div class=\"align-left style-1 widget gsc-heading box-align-left auto-responsive\">\r\n      <div class=\"content-inner\">\r\n         \r\n                  \r\n                     <div class=\"sub-title\"><span>UMECIT Admissions<\/span><\/div>\r\n           \r\n         \r\n                     <h2 class=\"title\">\r\n               <span>Our Faculties<\/span>\r\n            <\/h2>\r\n                              <div class=\"title-desc\">Universities accredited by the National Council for University Evaluation and Accreditation of Panama\n<\/div>\r\n         \r\n         \r\n      <\/div>\r\n   <\/div>\r\n<\/div>\t\t\t\t<\/div>\n\t\t\t\t<\/div>\n\t\t\t\t\t<\/div>\n\t\t<\/div>\n\t\t\t\t\t<\/div>\n\t\t<\/section>\n\t\t\t\t<div class=\"elementor-element elementor-element-79c804b elementor-widget elementor-widget-gva-course-banner-group\" data-id=\"79c804b\" data-element_type=\"widget\" data-e-type=\"widget\" data-widget_type=\"gva-course-banner-group.default\">\n\t\t\t\t<div class=\"elementor-widget-container\">\n\t\t\t\t\t<div class=\"gva-element-gva-course-banner-group gva-element\">\r\n<div class=\"gsc-course-banner-group layout-carousel style-1\">\r\n   <div class=\"init-carousel-owl owl-carousel\" data-items=\"4\" data-items_lg=\"4\" data-items_md=\"3\" data-items_sm=\"2\" data-items_xs=\"2\" data-items_xx=\"1\" data-loop=\"1\" data-speed=\"800\" data-auto_play=\"1\" data-auto_play_speed=\"800\" data-auto_play_timeout=\"3000\" data-auto_play_hover=\"1\" data-navigation=\"1\" data-pagination=\"0\" data-mouse_drag=\"1\" data-touch_drag=\"1\" >\r\n      \r\n<div class=\"item banner-group-item\">\r\n   <div class=\"banner-item-content\">\r\n      \r\n               <div class=\"banner-image\">\r\n            <img decoding=\"async\" src=\"https:\/\/umecit.edu.pa\/wp-content\/uploads\/2022\/07\/F-Ciencias-de-la-Salud.jpg\" alt=\"Ciencias de la Salud\" \/>\r\n         <\/div>\r\n      \r\n      <div class=\"banner-content\">\r\n                  <div class=\"clearfix\"><\/div>\r\n                     <h3 class=\"title\">Health Sciences<\/h3>\r\n               <\/div>\r\n\r\n      <a class=\"link-term-overlay\" href=\"\/en\/postgrados\/facultad-de-ciencias-de-la-salud\/\"><\/a>               \r\n   <\/div>\r\n<\/div>\r\n<div class=\"item banner-group-item\">\r\n   <div class=\"banner-item-content\">\r\n      \r\n               <div class=\"banner-image\">\r\n            <img decoding=\"async\" src=\"https:\/\/umecit.edu.pa\/wp-content\/uploads\/2022\/07\/F-Ciencias-Economicas-y-Administrativas.jpg\" alt=\"Ciencias Econ\u00f3micas y Administrativas\" \/>\r\n         <\/div>\r\n      \r\n      <div class=\"banner-content\">\r\n                  <div class=\"clearfix\"><\/div>\r\n                     <h3 class=\"title\">Economic and Administrative Sciences<\/h3>\r\n               <\/div>\r\n\r\n      <a class=\"link-term-overlay\" href=\"\/en\/grado\/facultad-de-ciencias-economicas-y-administrativas\/\"><\/a>               \r\n   <\/div>\r\n<\/div>\r\n<div class=\"item banner-group-item\">\r\n   <div class=\"banner-item-content\">\r\n      \r\n               <div class=\"banner-image\">\r\n            <img decoding=\"async\" src=\"https:\/\/umecit.edu.pa\/wp-content\/uploads\/2022\/07\/F-Derecho-y-Ciencias-Forenses.jpg\" alt=\"Derecho y Ciencias Forenses\" \/>\r\n         <\/div>\r\n      \r\n      <div class=\"banner-content\">\r\n                  <div class=\"clearfix\"><\/div>\r\n                     <h3 class=\"title\">Law and Forensic Sciences<\/h3>\r\n               <\/div>\r\n\r\n      <a class=\"link-term-overlay\" href=\"\/en\/grado\/facultad-de-derecho-y-ciencias-forenses\/\"><\/a>               \r\n   <\/div>\r\n<\/div>\r\n<div class=\"item banner-group-item\">\r\n   <div class=\"banner-item-content\">\r\n      \r\n               <div class=\"banner-image\">\r\n            <img decoding=\"async\" src=\"https:\/\/umecit.edu.pa\/wp-content\/uploads\/2022\/07\/F-Humanidades-y-Ciencias-de-la-Educacion.jpg\" alt=\"Humanidades y Ciencias de la Educaci\u00f3n\" \/>\r\n         <\/div>\r\n      \r\n      <div class=\"banner-content\">\r\n                  <div class=\"clearfix\"><\/div>\r\n                     <h3 class=\"title\">Humanities and Educational Sciences<\/h3>\r\n               <\/div>\r\n\r\n      <a class=\"link-term-overlay\" href=\"\/en\/grado\/facultad-de-humanidades-y-ciencias-de-la-educacion\/\"><\/a>               \r\n   <\/div>\r\n<\/div>\r\n<div class=\"item banner-group-item\">\r\n   <div class=\"banner-item-content\">\r\n      \r\n               <div class=\"banner-image\">\r\n            <img decoding=\"async\" src=\"https:\/\/umecit.edu.pa\/wp-content\/uploads\/2022\/07\/F-Tecnologia-construccion-y-medioambiente.jpg\" alt=\"Tecnolog\u00eda, Construcci\u00f3n y Medio Ambiente\" \/>\r\n         <\/div>\r\n      \r\n      <div class=\"banner-content\">\r\n                  <div class=\"clearfix\"><\/div>\r\n                     <h3 class=\"title\">Technology, Construction, and Environment<\/h3>\r\n               <\/div>\r\n\r\n      <a class=\"link-term-overlay\" href=\"\/en\/grado\/facultad-de-tecnologia-construccion-y-medio-ambiente\/\"><\/a>               \r\n   <\/div>\r\n<\/div>\r\n<div class=\"item banner-group-item\">\r\n   <div class=\"banner-item-content\">\r\n      \r\n               <div class=\"banner-image\">\r\n            <img decoding=\"async\" src=\"https:\/\/umecit.edu.pa\/wp-content\/uploads\/2022\/07\/F-Ciencias-Nauticas.jpg\" alt=\"Ciencias N\u00e1uticas\" \/>\r\n         <\/div>\r\n      \r\n      <div class=\"banner-content\">\r\n                  <div class=\"clearfix\"><\/div>\r\n                     <h3 class=\"title\">Nautical Sciences<\/h3>\r\n               <\/div>\r\n\r\n      <a class=\"link-term-overlay\" href=\"\/en\/grado\/facultad-de-ciencias-nauticas\/\"><\/a>               \r\n   <\/div>\r\n<\/div>   <\/div>\r\n<\/div>\r\n<\/div>\t\t\t\t<\/div>\n\t\t\t\t<\/div>\n\t\t\t\t\t<\/div>\n\t\t<\/div>\n\t\t\t\t\t<\/div>\n\t\t<\/section>\n\t\t\t\t<\/div>","protected":false},"excerpt":{"rendered":"<p>Comunidad Virtual UTEID En la UMECIT hemos creado la Unidad de Tecnolog\u00eda Educativa e Innovaci\u00f3n Docente con el fin de impulsar metodolog\u00edas innovadoras basadas en las nuevas tecnolog\u00edas. Unidad de Tecnolog\u00eda Educativa e Innovaci\u00f3n Docente La Unidad de Tecnolog\u00eda Educativa e Innovaci\u00f3n Docente (UTEID), ha sido creada para apoyar la Vicerrector\u00eda acad\u00e9mica y las direcciones [&hellip;]<\/p>\n","protected":false},"author":695,"featured_media":31600,"parent":0,"menu_order":0,"comment_status":"closed","ping_status":"closed","template":"","meta":{"footnotes":""},"class_list":["post-10947","page","type-page","status-publish","has-post-thumbnail","hentry"],"yoast_head":"<!-- This site is optimized with the Yoast SEO plugin v27.1.1 - https:\/\/yoast.com\/product\/yoast-seo-wordpress\/ -->\n<title>UTEID | UMECIT Universidad Panam\u00e1<\/title>\n<meta name=\"description\" content=\"UTEID Unidad de Tecnolog\u00eda Educativa e Innovaci\u00f3n Docente con el fin de impulsar metodolog\u00edas innovadoras basadas en las nuevas tecnolog\u00edas.\" \/>\n<meta name=\"robots\" content=\"index, follow, max-snippet:-1, max-image-preview:large, max-video-preview:-1\" \/>\n<link rel=\"canonical\" href=\"https:\/\/umecit.edu.pa\/en\/uteid\/\" \/>\n<meta property=\"og:locale\" content=\"en_US\" \/>\n<meta property=\"og:type\" content=\"article\" \/>\n<meta property=\"og:title\" content=\"UTEID | UMECIT Universidad Panam\u00e1\" \/>\n<meta property=\"og:description\" content=\"UTEID Unidad de Tecnolog\u00eda Educativa e Innovaci\u00f3n Docente con el fin de impulsar metodolog\u00edas innovadoras basadas en las nuevas tecnolog\u00edas.\" \/>\n<meta property=\"og:url\" content=\"https:\/\/umecit.edu.pa\/en\/uteid\/\" \/>\n<meta property=\"og:site_name\" content=\"Umecit - Universidad en Panam\u00e1\" \/>\n<meta property=\"article:publisher\" content=\"https:\/\/www.facebook.com\/umecitpanama\/\" \/>\n<meta property=\"article:modified_time\" content=\"2022-12-12T16:19:09+00:00\" \/>\n<meta property=\"og:image\" content=\"https:\/\/umecit.edu.pa\/wp-content\/uploads\/2022\/08\/F-uteid.jpg\" \/>\n\t<meta property=\"og:image:width\" content=\"500\" \/>\n\t<meta property=\"og:image:height\" content=\"370\" \/>\n\t<meta property=\"og:image:type\" content=\"image\/jpeg\" \/>\n<meta name=\"twitter:card\" content=\"summary_large_image\" \/>\n<meta name=\"twitter:site\" content=\"@umecitpanama\" \/>\n<meta name=\"twitter:label1\" content=\"Est. reading time\" \/>\n\t<meta name=\"twitter:data1\" content=\"4 minutes\" \/>\n<script type=\"application\/ld+json\" class=\"yoast-schema-graph\">{\"@context\":\"https:\/\/schema.org\",\"@graph\":[{\"@type\":\"WebPage\",\"@id\":\"https:\/\/umecit.edu.pa\/uteid\/\",\"url\":\"https:\/\/umecit.edu.pa\/uteid\/\",\"name\":\"UTEID | UMECIT Universidad Panam\u00e1\",\"isPartOf\":{\"@id\":\"https:\/\/umecit.edu.pa\/#website\"},\"primaryImageOfPage\":{\"@id\":\"https:\/\/umecit.edu.pa\/uteid\/#primaryimage\"},\"image\":{\"@id\":\"https:\/\/umecit.edu.pa\/uteid\/#primaryimage\"},\"thumbnailUrl\":\"https:\/\/umecit.edu.pa\/wp-content\/uploads\/2022\/08\/F-uteid.jpg\",\"datePublished\":\"2022-02-24T16:21:08+00:00\",\"dateModified\":\"2022-12-12T16:19:09+00:00\",\"description\":\"UTEID Unidad de Tecnolog\u00eda Educativa e Innovaci\u00f3n Docente con el fin de impulsar metodolog\u00edas innovadoras basadas en las nuevas tecnolog\u00edas.\",\"breadcrumb\":{\"@id\":\"https:\/\/umecit.edu.pa\/uteid\/#breadcrumb\"},\"inLanguage\":\"en-US\",\"potentialAction\":[{\"@type\":\"ReadAction\",\"target\":[\"https:\/\/umecit.edu.pa\/uteid\/\"]}]},{\"@type\":\"ImageObject\",\"inLanguage\":\"en-US\",\"@id\":\"https:\/\/umecit.edu.pa\/uteid\/#primaryimage\",\"url\":\"https:\/\/umecit.edu.pa\/wp-content\/uploads\/2022\/08\/F-uteid.jpg\",\"contentUrl\":\"https:\/\/umecit.edu.pa\/wp-content\/uploads\/2022\/08\/F-uteid.jpg\",\"width\":500,\"height\":370,\"caption\":\"UTEID\"},{\"@type\":\"BreadcrumbList\",\"@id\":\"https:\/\/umecit.edu.pa\/uteid\/#breadcrumb\",\"itemListElement\":[{\"@type\":\"ListItem\",\"position\":1,\"name\":\"Portada\",\"item\":\"https:\/\/umecit.edu.pa\/\"},{\"@type\":\"ListItem\",\"position\":2,\"name\":\"UTEID\"}]},{\"@type\":\"WebSite\",\"@id\":\"https:\/\/umecit.edu.pa\/#website\",\"url\":\"https:\/\/umecit.edu.pa\/\",\"name\":\"Umecit - Universidad en Panam\u00e1\",\"description\":\"Universidad Metropolitana de Educaci\u00f3n, Ciencia y Tecnolog\u00eda\",\"publisher\":{\"@id\":\"https:\/\/umecit.edu.pa\/#organization\"},\"potentialAction\":[{\"@type\":\"SearchAction\",\"target\":{\"@type\":\"EntryPoint\",\"urlTemplate\":\"https:\/\/umecit.edu.pa\/?s={search_term_string}\"},\"query-input\":{\"@type\":\"PropertyValueSpecification\",\"valueRequired\":true,\"valueName\":\"search_term_string\"}}],\"inLanguage\":\"en-US\"},{\"@type\":\"Organization\",\"@id\":\"https:\/\/umecit.edu.pa\/#organization\",\"name\":\"Umecit - Universidad en Panam\u00e1\",\"url\":\"https:\/\/umecit.edu.pa\/\",\"logo\":{\"@type\":\"ImageObject\",\"inLanguage\":\"en-US\",\"@id\":\"https:\/\/umecit.edu.pa\/#\/schema\/logo\/image\/\",\"url\":\"https:\/\/umecit.edu.pa\/wp-content\/uploads\/2022\/06\/panama-7.jpg\",\"contentUrl\":\"https:\/\/umecit.edu.pa\/wp-content\/uploads\/2022\/06\/panama-7.jpg\",\"width\":1200,\"height\":800,\"caption\":\"Umecit - Universidad en Panam\u00e1\"},\"image\":{\"@id\":\"https:\/\/umecit.edu.pa\/#\/schema\/logo\/image\/\"},\"sameAs\":[\"https:\/\/www.facebook.com\/umecitpanama\/\",\"https:\/\/x.com\/umecitpanama\",\"https:\/\/www.tiktok.com\/@umecit\",\"https:\/\/www.instagram.com\/umecit\/\",\"https:\/\/www.youtube.com\/channel\/UCP9iXFXi4p_EW_p9p6lprhg\"]}]}<\/script>\n<!-- \/ Yoast SEO plugin. -->","yoast_head_json":{"title":"UTEID | UMECIT University of Panama","description":"UTEID Educational Technology and Teaching Innovation Unit, with the aim of promoting innovative methodologies based on new technologies.","robots":{"index":"index","follow":"follow","max-snippet":"max-snippet:-1","max-image-preview":"max-image-preview:large","max-video-preview":"max-video-preview:-1"},"canonical":"https:\/\/umecit.edu.pa\/en\/uteid\/","og_locale":"en_US","og_type":"article","og_title":"UTEID | UMECIT Universidad Panam\u00e1","og_description":"UTEID Unidad de Tecnolog\u00eda Educativa e Innovaci\u00f3n Docente con el fin de impulsar metodolog\u00edas innovadoras basadas en las nuevas tecnolog\u00edas.","og_url":"https:\/\/umecit.edu.pa\/en\/uteid\/","og_site_name":"Umecit - Universidad en Panam\u00e1","article_publisher":"https:\/\/www.facebook.com\/umecitpanama\/","article_modified_time":"2022-12-12T16:19:09+00:00","og_image":[{"width":500,"height":370,"url":"https:\/\/umecit.edu.pa\/wp-content\/uploads\/2022\/08\/F-uteid.jpg","type":"image\/jpeg"}],"twitter_card":"summary_large_image","twitter_site":"@umecitpanama","twitter_misc":{"Est. reading time":"4 minutes"},"schema":{"@context":"https:\/\/schema.org","@graph":[{"@type":"WebPage","@id":"https:\/\/umecit.edu.pa\/uteid\/","url":"https:\/\/umecit.edu.pa\/uteid\/","name":"UTEID | UMECIT University of Panama","isPartOf":{"@id":"https:\/\/umecit.edu.pa\/#website"},"primaryImageOfPage":{"@id":"https:\/\/umecit.edu.pa\/uteid\/#primaryimage"},"image":{"@id":"https:\/\/umecit.edu.pa\/uteid\/#primaryimage"},"thumbnailUrl":"https:\/\/umecit.edu.pa\/wp-content\/uploads\/2022\/08\/F-uteid.jpg","datePublished":"2022-02-24T16:21:08+00:00","dateModified":"2022-12-12T16:19:09+00:00","description":"UTEID Educational Technology and Teaching Innovation Unit, with the aim of promoting innovative methodologies based on new technologies.","breadcrumb":{"@id":"https:\/\/umecit.edu.pa\/uteid\/#breadcrumb"},"inLanguage":"en-US","potentialAction":[{"@type":"ReadAction","target":["https:\/\/umecit.edu.pa\/uteid\/"]}]},{"@type":"ImageObject","inLanguage":"en-US","@id":"https:\/\/umecit.edu.pa\/uteid\/#primaryimage","url":"https:\/\/umecit.edu.pa\/wp-content\/uploads\/2022\/08\/F-uteid.jpg","contentUrl":"https:\/\/umecit.edu.pa\/wp-content\/uploads\/2022\/08\/F-uteid.jpg","width":500,"height":370,"caption":"UTEID"},{"@type":"BreadcrumbList","@id":"https:\/\/umecit.edu.pa\/uteid\/#breadcrumb","itemListElement":[{"@type":"ListItem","position":1,"name":"Portada","item":"https:\/\/umecit.edu.pa\/"},{"@type":"ListItem","position":2,"name":"UTEID"}]},{"@type":"WebSite","@id":"https:\/\/umecit.edu.pa\/#website","url":"https:\/\/umecit.edu.pa\/","name":"Umecit - University in Panama","description":"Metropolitan University of Education, Science and Technology","publisher":{"@id":"https:\/\/umecit.edu.pa\/#organization"},"potentialAction":[{"@type":"SearchAction","target":{"@type":"EntryPoint","urlTemplate":"https:\/\/umecit.edu.pa\/?s={search_term_string}"},"query-input":{"@type":"PropertyValueSpecification","valueRequired":true,"valueName":"search_term_string"}}],"inLanguage":"en-US"},{"@type":"Organization","@id":"https:\/\/umecit.edu.pa\/#organization","name":"Umecit - University in Panama","url":"https:\/\/umecit.edu.pa\/","logo":{"@type":"ImageObject","inLanguage":"en-US","@id":"https:\/\/umecit.edu.pa\/#\/schema\/logo\/image\/","url":"https:\/\/umecit.edu.pa\/wp-content\/uploads\/2022\/06\/panama-7.jpg","contentUrl":"https:\/\/umecit.edu.pa\/wp-content\/uploads\/2022\/06\/panama-7.jpg","width":1200,"height":800,"caption":"Umecit - Universidad en Panam\u00e1"},"image":{"@id":"https:\/\/umecit.edu.pa\/#\/schema\/logo\/image\/"},"sameAs":["https:\/\/www.facebook.com\/umecitpanama\/","https:\/\/x.com\/umecitpanama","https:\/\/www.tiktok.com\/@umecit","https:\/\/www.instagram.com\/umecit\/","https:\/\/www.youtube.com\/channel\/UCP9iXFXi4p_EW_p9p6lprhg"]}]}},"_links":{"self":[{"href":"https:\/\/umecit.edu.pa\/en\/wp-json\/wp\/v2\/pages\/10947","targetHints":{"allow":["GET"]}}],"collection":[{"href":"https:\/\/umecit.edu.pa\/en\/wp-json\/wp\/v2\/pages"}],"about":[{"href":"https:\/\/umecit.edu.pa\/en\/wp-json\/wp\/v2\/types\/page"}],"author":[{"embeddable":true,"href":"https:\/\/umecit.edu.pa\/en\/wp-json\/wp\/v2\/users\/695"}],"replies":[{"embeddable":true,"href":"https:\/\/umecit.edu.pa\/en\/wp-json\/wp\/v2\/comments?post=10947"}],"version-history":[{"count":0,"href":"https:\/\/umecit.edu.pa\/en\/wp-json\/wp\/v2\/pages\/10947\/revisions"}],"wp:featuredmedia":[{"embeddable":true,"href":"https:\/\/umecit.edu.pa\/en\/wp-json\/wp\/v2\/media\/31600"}],"wp:attachment":[{"href":"https:\/\/umecit.edu.pa\/en\/wp-json\/wp\/v2\/media?parent=10947"}],"curies":[{"name":"wp","href":"https:\/\/api.w.org\/{rel}","templated":true}]}}