{"id":108373,"date":"2024-01-17T10:32:30","date_gmt":"2024-01-17T15:32:30","guid":{"rendered":"https:\/\/umecit.edu.pa\/?page_id=108373"},"modified":"2024-01-17T12:09:26","modified_gmt":"2024-01-17T17:09:26","slug":"programas-de-licenciatura-y-tecnicos-umecit-general","status":"publish","type":"page","link":"https:\/\/umecit.edu.pa\/en\/programas-de-licenciatura-y-tecnicos-umecit-general\/","title":{"rendered":"Bachelor and Technical Programs \u2013 UMECIT \u2013 General"},"content":{"rendered":"<div data-elementor-type=\"wp-page\" data-elementor-id=\"108373\" class=\"elementor elementor-108373\" data-elementor-post-type=\"page\">\n\t\t\t\t\t\t<section class=\"elementor-section elementor-top-section elementor-element elementor-element-a466de3 elementor-section-boxed elementor-section-height-default elementor-section-height-default row-top\" data-id=\"a466de3\" data-element_type=\"section\" data-e-type=\"section\" data-settings=\"{&quot;background_background&quot;:&quot;classic&quot;}\">\n\t\t\t\t\t\t<div class=\"elementor-container elementor-column-gap-default\">\n\t\t\t\t\t<div class=\"elementor-column elementor-col-33 elementor-top-column elementor-element elementor-element-256f62f column-style-top\" data-id=\"256f62f\" data-element_type=\"column\" data-e-type=\"column\">\n\t\t\t<div class=\"elementor-widget-wrap elementor-element-populated\">\n\t\t\t\t\t\t<div class=\"elementor-element elementor-element-5341eaa elementor-widget elementor-widget-image\" data-id=\"5341eaa\" data-element_type=\"widget\" data-e-type=\"widget\" data-widget_type=\"image.default\">\n\t\t\t\t<div class=\"elementor-widget-container\">\n\t\t\t\t\t\t\t\t\t\t\t\t\t\t\t<img fetchpriority=\"high\" decoding=\"async\" width=\"709\" height=\"158\" src=\"https:\/\/umecit.edu.pa\/wp-content\/uploads\/2022\/06\/logo-umecit-b-1.png\" class=\"attachment-large size-large wp-image-25977\" alt=\"\" \/>\t\t\t\t\t\t\t\t\t\t\t\t\t\t\t<\/div>\n\t\t\t\t<\/div>\n\t\t\t\t\t<\/div>\n\t\t<\/div>\n\t\t\t\t<div class=\"elementor-column elementor-col-66 elementor-top-column elementor-element elementor-element-4cb1957 column-style-top\" data-id=\"4cb1957\" data-element_type=\"column\" data-e-type=\"column\">\n\t\t\t<div class=\"elementor-widget-wrap elementor-element-populated\">\n\t\t\t\t\t\t<div class=\"elementor-element elementor-element-d0d7d33 elementor-align-right elementor-mobile-align-center elementor-widget elementor-widget-button\" data-id=\"d0d7d33\" data-element_type=\"widget\" data-e-type=\"widget\" data-widget_type=\"button.default\">\n\t\t\t\t<div class=\"elementor-widget-container\">\n\t\t\t\t\t\t\t\t\t<div class=\"elementor-button-wrapper\">\n\t\t\t\t\t<a class=\"elementor-button elementor-button-link elementor-size-lg\" href=\"#sede\">\n\t\t\t\t\t\t<span class=\"elementor-button-content-wrapper\">\n\t\t\t\t\t\t\t\t\t<span class=\"elementor-button-text\">REQUEST MORE INFORMATION<\/span>\n\t\t\t\t\t<\/span>\n\t\t\t\t\t<\/a>\n\t\t\t\t<\/div>\n\t\t\t\t\t\t\t\t<\/div>\n\t\t\t\t<\/div>\n\t\t\t\t\t<\/div>\n\t\t<\/div>\n\t\t\t\t\t<\/div>\n\t\t<\/section>\n\t\t\t\t<section class=\"elementor-section elementor-top-section elementor-element elementor-element-72eeb7b elementor-section-height-min-height elementor-section-content-middle elementor-section-boxed elementor-section-height-default elementor-section-items-middle row-top\" data-id=\"72eeb7b\" data-element_type=\"section\" data-e-type=\"section\" data-settings=\"{&quot;background_background&quot;:&quot;classic&quot;,&quot;shape_divider_bottom&quot;:&quot;tilt&quot;}\">\n\t\t\t\t\t\t\t<div class=\"elementor-background-overlay\"><\/div>\n\t\t\t\t\t\t<div class=\"elementor-shape elementor-shape-bottom\" aria-hidden=\"true\" data-negative=\"false\">\n\t\t\t<svg xmlns=\"http:\/\/www.w3.org\/2000\/svg\" viewbox=\"0 0 1000 100\" preserveaspectratio=\"none\">\n\t<path class=\"elementor-shape-fill\" d=\"M0,6V0h1000v100L0,6z\"\/>\n<\/svg>\t\t<\/div>\n\t\t\t\t\t<div class=\"elementor-container elementor-column-gap-no\">\n\t\t\t\t\t<div class=\"elementor-column elementor-col-100 elementor-top-column elementor-element elementor-element-95d71a1 column-style-top\" data-id=\"95d71a1\" data-element_type=\"column\" data-e-type=\"column\">\n\t\t\t<div class=\"elementor-widget-wrap elementor-element-populated\">\n\t\t\t\t\t\t<div class=\"elementor-element elementor-element-f74213d elementor-widget elementor-widget-heading\" data-id=\"f74213d\" data-element_type=\"widget\" data-e-type=\"widget\" data-widget_type=\"heading.default\">\n\t\t\t\t<div class=\"elementor-widget-container\">\n\t\t\t\t\t<h2 class=\"elementor-heading-title elementor-size-default\">Do you want to study a Bachelor&#039;s or Technical program?<\/h2>\t\t\t\t<\/div>\n\t\t\t\t<\/div>\n\t\t\t\t<div class=\"elementor-element elementor-element-4a7e7c7 elementor-widget elementor-widget-heading\" data-id=\"4a7e7c7\" data-element_type=\"widget\" data-e-type=\"widget\" data-widget_type=\"heading.default\">\n\t\t\t\t<div class=\"elementor-widget-container\">\n\t\t\t\t\t<h2 class=\"elementor-heading-title elementor-size-default\">Register at the location of your interest and take advantage of a special discount on the first monthly payment. <\/h2>\t\t\t\t<\/div>\n\t\t\t\t<\/div>\n\t\t\t\t<div class=\"elementor-element elementor-element-4ba0044 elementor-widget elementor-widget-heading\" data-id=\"4ba0044\" data-element_type=\"widget\" data-e-type=\"widget\" data-widget_type=\"heading.default\">\n\t\t\t\t<div class=\"elementor-widget-container\">\n\t\t\t\t\t<h2 class=\"elementor-heading-title elementor-size-default\">We have enabled a limited number of discounted places for 60% in the first monthly payment for first-time students of our Bachelor&#039;s and Technician programs. This benefit is valid from January 8 to 31, 2024.<\/h2>\t\t\t\t<\/div>\n\t\t\t\t<\/div>\n\t\t\t\t\t<\/div>\n\t\t<\/div>\n\t\t\t\t\t<\/div>\n\t\t<\/section>\n\t\t\t\t<section class=\"elementor-section elementor-top-section elementor-element elementor-element-fa466ee elementor-section-boxed elementor-section-height-default elementor-section-height-default row-top\" data-id=\"fa466ee\" data-element_type=\"section\" data-e-type=\"section\" id=\"sede\">\n\t\t\t\t\t\t<div class=\"elementor-container elementor-column-gap-default\">\n\t\t\t\t\t<div class=\"elementor-column elementor-col-100 elementor-top-column elementor-element elementor-element-df7c1bf column-style-top\" data-id=\"df7c1bf\" data-element_type=\"column\" data-e-type=\"column\">\n\t\t\t<div class=\"elementor-widget-wrap elementor-element-populated\">\n\t\t\t\t\t\t<div class=\"elementor-element elementor-element-fc18162 elementor-widget elementor-widget-heading\" data-id=\"fc18162\" data-element_type=\"widget\" data-e-type=\"widget\" data-widget_type=\"heading.default\">\n\t\t\t\t<div class=\"elementor-widget-container\">\n\t\t\t\t\t<h2 class=\"elementor-heading-title elementor-size-default\">Select the location of your interest<\/h2>\t\t\t\t<\/div>\n\t\t\t\t<\/div>\n\t\t\t\t<div class=\"elementor-element elementor-element-5ff9024 elementor-widget elementor-widget-gva-course-banner-group\" data-id=\"5ff9024\" data-element_type=\"widget\" data-e-type=\"widget\" data-settings=\"{&quot;_animation&quot;:&quot;none&quot;}\" data-widget_type=\"gva-course-banner-group.default\">\n\t\t\t\t<div class=\"elementor-widget-container\">\n\t\t\t\t\t<div class=\"gva-element-gva-course-banner-group gva-element\">\r\n<div class=\"gsc-course-banner-group layout-grid style-1\">\r\n   <div class=\"lg-block-grid-3 md-block-grid-5 sm-block-grid-3 xs-block-grid-1 xx-block-grid-1\">\r\n      \r\n<div class=\"item banner-group-item\">\r\n   <div class=\"banner-item-content\">\r\n      \r\n               <div class=\"banner-image\">\r\n            <img decoding=\"async\" src=\"https:\/\/umecit.edu.pa\/wp-content\/uploads\/2024\/01\/SEDE.jpg\" alt=\"&lt;span style= &quot;font-size: 16px; font-weight: 500;&quot;&gt;Solicita aqu\u00ed&lt;\/span&gt; &lt;\/br&gt;m\u00e1s informaci\u00f3n\" \/>\r\n         <\/div>\r\n      \r\n      <div class=\"banner-content\">\r\n                  <div class=\"clearfix\"><\/div>\r\n                     <h3 class=\"title\"><span style= \"font-size: 16px; font-weight: 500;\">Apply here<\/span> <\/br>more information<\/h3>\r\n               <\/div>\r\n\r\n      <a class=\"link-term-overlay\" href=\"https:\/\/umecit.edu.pa\/en\/programas-de-licencuatura-y-tecnicos-umecit\/\"><\/a>               \r\n   <\/div>\r\n<\/div>\r\n<div class=\"item banner-group-item\">\r\n   <div class=\"banner-item-content\">\r\n      \r\n               <div class=\"banner-image\">\r\n            <img decoding=\"async\" src=\"https:\/\/umecit.edu.pa\/wp-content\/uploads\/2024\/01\/SEDE-1.jpg\" alt=\"&lt;span style= &quot;font-size: 16px; font-weight: 500;&quot;&gt;Solicita aqu\u00ed&lt;\/span&gt; &lt;\/br&gt;m\u00e1s informaci\u00f3n\" \/>\r\n         <\/div>\r\n      \r\n      <div class=\"banner-content\">\r\n                  <div class=\"clearfix\"><\/div>\r\n                     <h3 class=\"title\"><span style= \"font-size: 16px; font-weight: 500;\">Apply here<\/span> <\/br>more information<\/h3>\r\n               <\/div>\r\n\r\n      <a class=\"link-term-overlay\" href=\"https:\/\/umecit.edu.pa\/en\/programas-de-licenciatura-y-tecnicos-umecit-megamall\/\"><\/a>               \r\n   <\/div>\r\n<\/div>\r\n<div class=\"item banner-group-item\">\r\n   <div class=\"banner-item-content\">\r\n      \r\n               <div class=\"banner-image\">\r\n            <img decoding=\"async\" src=\"https:\/\/umecit.edu.pa\/wp-content\/uploads\/2024\/01\/3-1.jpg\" alt=\"&lt;span style= &quot;font-size: 16px; font-weight: 500;&quot;&gt;Solicita aqu\u00ed&lt;\/span&gt; &lt;\/br&gt;m\u00e1s informaci\u00f3n\" \/>\r\n         <\/div>\r\n      \r\n      <div class=\"banner-content\">\r\n                  <div class=\"clearfix\"><\/div>\r\n                     <h3 class=\"title\"><span style= \"font-size: 16px; font-weight: 500;\">Apply here<\/span> <\/br>more information<\/h3>\r\n               <\/div>\r\n\r\n      <a class=\"link-term-overlay\" href=\"https:\/\/umecit.edu.pa\/en\/programas-de-licenciatura-y-tecnicos-umecit-la-chorrera\/\"><\/a>               \r\n   <\/div>\r\n<\/div>   <\/div>   \r\n<\/div>\r\n<\/div>\t\t\t\t<\/div>\n\t\t\t\t<\/div>\n\t\t\t\t<div class=\"elementor-element elementor-element-3c1a43c elementor-widget elementor-widget-gva-course-banner-group\" data-id=\"3c1a43c\" data-element_type=\"widget\" data-e-type=\"widget\" data-settings=\"{&quot;_animation&quot;:&quot;none&quot;}\" data-widget_type=\"gva-course-banner-group.default\">\n\t\t\t\t<div class=\"elementor-widget-container\">\n\t\t\t\t\t<div class=\"gva-element-gva-course-banner-group gva-element\">\r\n<div class=\"gsc-course-banner-group layout-grid style-1\">\r\n   <div class=\"lg-block-grid-3 md-block-grid-5 sm-block-grid-3 xs-block-grid-1 xx-block-grid-1\">\r\n      \r\n<div class=\"item banner-group-item\">\r\n   <div class=\"banner-item-content\">\r\n      \r\n               <div class=\"banner-image\">\r\n            <img decoding=\"async\" src=\"https:\/\/umecit.edu.pa\/wp-content\/uploads\/2024\/01\/4-1.jpg\" alt=\"&lt;span style= &quot;font-size: 16px; font-weight: 500;&quot;&gt;Solicita aqu\u00ed&lt;\/span&gt; &lt;\/br&gt;m\u00e1s informaci\u00f3n\" \/>\r\n         <\/div>\r\n      \r\n      <div class=\"banner-content\">\r\n                  <div class=\"clearfix\"><\/div>\r\n                     <h3 class=\"title\"><span style= \"font-size: 16px; font-weight: 500;\">Apply here<\/span> <\/br>more information<\/h3>\r\n               <\/div>\r\n\r\n      <a class=\"link-term-overlay\" href=\"https:\/\/umecit.edu.pa\/en\/programas-de-licenciatura-y-tecnicos-umecit-santiago\/\"><\/a>               \r\n   <\/div>\r\n<\/div>\r\n<div class=\"item banner-group-item\">\r\n   <div class=\"banner-item-content\">\r\n      \r\n               <div class=\"banner-image\">\r\n            <img decoding=\"async\" src=\"https:\/\/umecit.edu.pa\/wp-content\/uploads\/2024\/01\/5-1.jpg\" alt=\"&lt;span style= &quot;font-size: 16px; font-weight: 500;&quot;&gt;Solicita aqu\u00ed&lt;\/span&gt; &lt;\/br&gt;m\u00e1s informaci\u00f3n\" \/>\r\n         <\/div>\r\n      \r\n      <div class=\"banner-content\">\r\n                  <div class=\"clearfix\"><\/div>\r\n                     <h3 class=\"title\"><span style= \"font-size: 16px; font-weight: 500;\">Apply here<\/span> <\/br>more information<\/h3>\r\n               <\/div>\r\n\r\n      <a class=\"link-term-overlay\" href=\"https:\/\/umecit.edu.pa\/en\/programas-de-licenciatura-y-tecnicos-umecit-chitre\/\"><\/a>               \r\n   <\/div>\r\n<\/div>\r\n<div class=\"item banner-group-item\">\r\n   <div class=\"banner-item-content\">\r\n      \r\n               <div class=\"banner-image\">\r\n            <img decoding=\"async\" src=\"https:\/\/umecit.edu.pa\/wp-content\/uploads\/2024\/01\/6-1.jpg\" alt=\"&lt;span style= &quot;font-size: 16px; font-weight: 500;&quot;&gt;Solicita aqu\u00ed&lt;\/span&gt; &lt;\/br&gt;m\u00e1s informaci\u00f3n\" \/>\r\n         <\/div>\r\n      \r\n      <div class=\"banner-content\">\r\n                  <div class=\"clearfix\"><\/div>\r\n                     <h3 class=\"title\"><span style= \"font-size: 16px; font-weight: 500;\">Apply here<\/span> <\/br>more information<\/h3>\r\n               <\/div>\r\n\r\n      <a class=\"link-term-overlay\" href=\"https:\/\/umecit.edu.pa\/en\/programas-de-licenciatura-y-tecnicos-umecit-david\/\"><\/a>               \r\n   <\/div>\r\n<\/div>   <\/div>   \r\n<\/div>\r\n<\/div>\t\t\t\t<\/div>\n\t\t\t\t<\/div>\n\t\t\t\t\t<\/div>\n\t\t<\/div>\n\t\t\t\t\t<\/div>\n\t\t<\/section>\n\t\t\t\t<section class=\"elementor-section elementor-top-section elementor-element elementor-element-7e1113c elementor-section-boxed elementor-section-height-default elementor-section-height-default row-top\" data-id=\"7e1113c\" data-element_type=\"section\" data-e-type=\"section\" data-settings=\"{&quot;background_background&quot;:&quot;classic&quot;}\">\n\t\t\t\t\t\t<div class=\"elementor-container elementor-column-gap-default\">\n\t\t\t\t\t<div class=\"elementor-column elementor-col-100 elementor-top-column elementor-element elementor-element-9a86425 column-style-top\" data-id=\"9a86425\" data-element_type=\"column\" data-e-type=\"column\">\n\t\t\t<div class=\"elementor-widget-wrap elementor-element-populated\">\n\t\t\t\t\t\t<div class=\"elementor-element elementor-element-4b68d35 elementor-widget elementor-widget-image\" data-id=\"4b68d35\" data-element_type=\"widget\" data-e-type=\"widget\" data-widget_type=\"image.default\">\n\t\t\t\t<div class=\"elementor-widget-container\">\n\t\t\t\t\t\t\t\t\t\t\t\t\t\t\t<img fetchpriority=\"high\" decoding=\"async\" width=\"709\" height=\"158\" src=\"https:\/\/umecit.edu.pa\/wp-content\/uploads\/2022\/06\/logo-umecit-b-1.png\" class=\"attachment-large size-large wp-image-25977\" alt=\"\" \/>\t\t\t\t\t\t\t\t\t\t\t\t\t\t\t<\/div>\n\t\t\t\t<\/div>\n\t\t\t\t<div class=\"elementor-element elementor-element-fc312e2 elementor-widget elementor-widget-heading\" data-id=\"fc312e2\" data-element_type=\"widget\" data-e-type=\"widget\" data-widget_type=\"heading.default\">\n\t\t\t\t<div class=\"elementor-widget-container\">\n\t\t\t\t\t<h2 class=\"elementor-heading-title elementor-size-default\">@2023 Metropolitan University of Education, Science and Technology - All Rights Reserved<\/h2>\t\t\t\t<\/div>\n\t\t\t\t<\/div>\n\t\t\t\t\t<\/div>\n\t\t<\/div>\n\t\t\t\t\t<\/div>\n\t\t<\/section>\n\t\t\t\t<\/div>","protected":false},"excerpt":{"rendered":"<p>SOLICITA M\u00c1S INFORMACI\u00d3N \u00bfQuieres estudiar una Licenciatura o un programa T\u00e9cnico? Reg\u00edstrate en la sede de tu inter\u00e9s y aprovecha un descuento especial en la primera mensualidad. Hemos habilitado una cantidad limitada de cupos con descuento del 60% en la primera mensualidad para estudiantes de primer ingreso de nuestros programas de Licenciatura y T\u00e9cnicos. Este [&hellip;]<\/p>\n","protected":false},"author":695,"featured_media":100449,"parent":0,"menu_order":0,"comment_status":"closed","ping_status":"closed","template":"elementor_canvas","meta":{"footnotes":""},"class_list":["post-108373","page","type-page","status-publish","has-post-thumbnail","hentry"],"yoast_head":"<!-- This site is optimized with the Yoast SEO plugin v27.1.1 - https:\/\/yoast.com\/product\/yoast-seo-wordpress\/ -->\n<title>Programas de Licenciatura y T\u00e9cnicos - UMECIT - General<\/title>\n<meta name=\"description\" content=\"En UMECIT, contamos con una amplia oferta acad\u00e9mica de programas de licenciatura y t\u00e9cnicos enfocados en desarrollar habilidades pr\u00e1cticas.\" \/>\n<meta name=\"robots\" content=\"index, follow, max-snippet:-1, max-image-preview:large, max-video-preview:-1\" \/>\n<link rel=\"canonical\" href=\"https:\/\/umecit.edu.pa\/en\/programas-de-licenciatura-y-tecnicos-umecit-general\/\" \/>\n<meta property=\"og:locale\" content=\"en_US\" \/>\n<meta property=\"og:type\" content=\"article\" \/>\n<meta property=\"og:title\" content=\"Programas de Licenciatura y T\u00e9cnicos - UMECIT - General\" \/>\n<meta property=\"og:description\" content=\"En UMECIT, contamos con una amplia oferta acad\u00e9mica de programas de licenciatura y t\u00e9cnicos enfocados en desarrollar habilidades pr\u00e1cticas.\" \/>\n<meta property=\"og:url\" content=\"https:\/\/umecit.edu.pa\/en\/programas-de-licenciatura-y-tecnicos-umecit-general\/\" \/>\n<meta property=\"og:site_name\" content=\"Umecit - Universidad en Panam\u00e1\" \/>\n<meta property=\"article:publisher\" content=\"https:\/\/www.facebook.com\/umecitpanama\/\" \/>\n<meta property=\"article:modified_time\" content=\"2024-01-17T17:09:26+00:00\" \/>\n<meta property=\"og:image\" content=\"https:\/\/umecit.edu.pa\/wp-content\/uploads\/2023\/11\/Diseno-sin-titulo-4.jpg\" \/>\n\t<meta property=\"og:image:width\" content=\"1920\" \/>\n\t<meta property=\"og:image:height\" content=\"1080\" \/>\n\t<meta property=\"og:image:type\" content=\"image\/jpeg\" \/>\n<meta name=\"twitter:card\" content=\"summary_large_image\" \/>\n<meta name=\"twitter:site\" content=\"@umecitpanama\" \/>\n<meta name=\"twitter:label1\" content=\"Est. reading time\" \/>\n\t<meta name=\"twitter:data1\" content=\"3 minutes\" \/>\n<script type=\"application\/ld+json\" class=\"yoast-schema-graph\">{\"@context\":\"https:\/\/schema.org\",\"@graph\":[{\"@type\":\"WebPage\",\"@id\":\"https:\/\/umecit.edu.pa\/programas-de-licenciatura-y-tecnicos-umecit-general\/\",\"url\":\"https:\/\/umecit.edu.pa\/programas-de-licenciatura-y-tecnicos-umecit-general\/\",\"name\":\"Programas de Licenciatura y T\u00e9cnicos - UMECIT - General\",\"isPartOf\":{\"@id\":\"https:\/\/umecit.edu.pa\/#website\"},\"primaryImageOfPage\":{\"@id\":\"https:\/\/umecit.edu.pa\/programas-de-licenciatura-y-tecnicos-umecit-general\/#primaryimage\"},\"image\":{\"@id\":\"https:\/\/umecit.edu.pa\/programas-de-licenciatura-y-tecnicos-umecit-general\/#primaryimage\"},\"thumbnailUrl\":\"https:\/\/umecit.edu.pa\/wp-content\/uploads\/2023\/11\/Diseno-sin-titulo-4.jpg\",\"datePublished\":\"2024-01-17T15:32:30+00:00\",\"dateModified\":\"2024-01-17T17:09:26+00:00\",\"description\":\"En UMECIT, contamos con una amplia oferta acad\u00e9mica de programas de licenciatura y t\u00e9cnicos enfocados en desarrollar habilidades pr\u00e1cticas.\",\"breadcrumb\":{\"@id\":\"https:\/\/umecit.edu.pa\/programas-de-licenciatura-y-tecnicos-umecit-general\/#breadcrumb\"},\"inLanguage\":\"en-US\",\"potentialAction\":[{\"@type\":\"ReadAction\",\"target\":[\"https:\/\/umecit.edu.pa\/programas-de-licenciatura-y-tecnicos-umecit-general\/\"]}]},{\"@type\":\"ImageObject\",\"inLanguage\":\"en-US\",\"@id\":\"https:\/\/umecit.edu.pa\/programas-de-licenciatura-y-tecnicos-umecit-general\/#primaryimage\",\"url\":\"https:\/\/umecit.edu.pa\/wp-content\/uploads\/2023\/11\/Diseno-sin-titulo-4.jpg\",\"contentUrl\":\"https:\/\/umecit.edu.pa\/wp-content\/uploads\/2023\/11\/Diseno-sin-titulo-4.jpg\",\"width\":1920,\"height\":1080,\"caption\":\"programas-de-licenciatura-y-tecnicos-umecit\/\"},{\"@type\":\"BreadcrumbList\",\"@id\":\"https:\/\/umecit.edu.pa\/programas-de-licenciatura-y-tecnicos-umecit-general\/#breadcrumb\",\"itemListElement\":[{\"@type\":\"ListItem\",\"position\":1,\"name\":\"Portada\",\"item\":\"https:\/\/umecit.edu.pa\/\"},{\"@type\":\"ListItem\",\"position\":2,\"name\":\"Programas de Licenciatura y T\u00e9cnicos &#8211; UMECIT &#8211; General\"}]},{\"@type\":\"WebSite\",\"@id\":\"https:\/\/umecit.edu.pa\/#website\",\"url\":\"https:\/\/umecit.edu.pa\/\",\"name\":\"Umecit - Universidad en Panam\u00e1\",\"description\":\"Universidad Metropolitana de Educaci\u00f3n, Ciencia y Tecnolog\u00eda\",\"publisher\":{\"@id\":\"https:\/\/umecit.edu.pa\/#organization\"},\"potentialAction\":[{\"@type\":\"SearchAction\",\"target\":{\"@type\":\"EntryPoint\",\"urlTemplate\":\"https:\/\/umecit.edu.pa\/?s={search_term_string}\"},\"query-input\":{\"@type\":\"PropertyValueSpecification\",\"valueRequired\":true,\"valueName\":\"search_term_string\"}}],\"inLanguage\":\"en-US\"},{\"@type\":\"Organization\",\"@id\":\"https:\/\/umecit.edu.pa\/#organization\",\"name\":\"Umecit - Universidad en Panam\u00e1\",\"url\":\"https:\/\/umecit.edu.pa\/\",\"logo\":{\"@type\":\"ImageObject\",\"inLanguage\":\"en-US\",\"@id\":\"https:\/\/umecit.edu.pa\/#\/schema\/logo\/image\/\",\"url\":\"https:\/\/umecit.edu.pa\/wp-content\/uploads\/2022\/06\/panama-7.jpg\",\"contentUrl\":\"https:\/\/umecit.edu.pa\/wp-content\/uploads\/2022\/06\/panama-7.jpg\",\"width\":1200,\"height\":800,\"caption\":\"Umecit - Universidad en Panam\u00e1\"},\"image\":{\"@id\":\"https:\/\/umecit.edu.pa\/#\/schema\/logo\/image\/\"},\"sameAs\":[\"https:\/\/www.facebook.com\/umecitpanama\/\",\"https:\/\/x.com\/umecitpanama\",\"https:\/\/www.tiktok.com\/@umecit\",\"https:\/\/www.instagram.com\/umecit\/\",\"https:\/\/www.youtube.com\/channel\/UCP9iXFXi4p_EW_p9p6lprhg\"]}]}<\/script>\n<!-- \/ Yoast SEO plugin. -->","yoast_head_json":{"title":"Bachelor&#039;s and Technical Programs - UMECIT - General","description":"At UMECIT, we offer a wide range of undergraduate and technical programs focused on developing practical skills.","robots":{"index":"index","follow":"follow","max-snippet":"max-snippet:-1","max-image-preview":"max-image-preview:large","max-video-preview":"max-video-preview:-1"},"canonical":"https:\/\/umecit.edu.pa\/en\/programas-de-licenciatura-y-tecnicos-umecit-general\/","og_locale":"en_US","og_type":"article","og_title":"Programas de Licenciatura y T\u00e9cnicos - UMECIT - General","og_description":"En UMECIT, contamos con una amplia oferta acad\u00e9mica de programas de licenciatura y t\u00e9cnicos enfocados en desarrollar habilidades pr\u00e1cticas.","og_url":"https:\/\/umecit.edu.pa\/en\/programas-de-licenciatura-y-tecnicos-umecit-general\/","og_site_name":"Umecit - Universidad en Panam\u00e1","article_publisher":"https:\/\/www.facebook.com\/umecitpanama\/","article_modified_time":"2024-01-17T17:09:26+00:00","og_image":[{"width":1920,"height":1080,"url":"https:\/\/umecit.edu.pa\/wp-content\/uploads\/2023\/11\/Diseno-sin-titulo-4.jpg","type":"image\/jpeg"}],"twitter_card":"summary_large_image","twitter_site":"@umecitpanama","twitter_misc":{"Est. reading time":"3 minutes"},"schema":{"@context":"https:\/\/schema.org","@graph":[{"@type":"WebPage","@id":"https:\/\/umecit.edu.pa\/programas-de-licenciatura-y-tecnicos-umecit-general\/","url":"https:\/\/umecit.edu.pa\/programas-de-licenciatura-y-tecnicos-umecit-general\/","name":"Bachelor&#039;s and Technical Programs - UMECIT - General","isPartOf":{"@id":"https:\/\/umecit.edu.pa\/#website"},"primaryImageOfPage":{"@id":"https:\/\/umecit.edu.pa\/programas-de-licenciatura-y-tecnicos-umecit-general\/#primaryimage"},"image":{"@id":"https:\/\/umecit.edu.pa\/programas-de-licenciatura-y-tecnicos-umecit-general\/#primaryimage"},"thumbnailUrl":"https:\/\/umecit.edu.pa\/wp-content\/uploads\/2023\/11\/Diseno-sin-titulo-4.jpg","datePublished":"2024-01-17T15:32:30+00:00","dateModified":"2024-01-17T17:09:26+00:00","description":"At UMECIT, we offer a wide range of undergraduate and technical programs focused on developing practical skills.","breadcrumb":{"@id":"https:\/\/umecit.edu.pa\/programas-de-licenciatura-y-tecnicos-umecit-general\/#breadcrumb"},"inLanguage":"en-US","potentialAction":[{"@type":"ReadAction","target":["https:\/\/umecit.edu.pa\/programas-de-licenciatura-y-tecnicos-umecit-general\/"]}]},{"@type":"ImageObject","inLanguage":"en-US","@id":"https:\/\/umecit.edu.pa\/programas-de-licenciatura-y-tecnicos-umecit-general\/#primaryimage","url":"https:\/\/umecit.edu.pa\/wp-content\/uploads\/2023\/11\/Diseno-sin-titulo-4.jpg","contentUrl":"https:\/\/umecit.edu.pa\/wp-content\/uploads\/2023\/11\/Diseno-sin-titulo-4.jpg","width":1920,"height":1080,"caption":"programas-de-licenciatura-y-tecnicos-umecit\/"},{"@type":"BreadcrumbList","@id":"https:\/\/umecit.edu.pa\/programas-de-licenciatura-y-tecnicos-umecit-general\/#breadcrumb","itemListElement":[{"@type":"ListItem","position":1,"name":"Portada","item":"https:\/\/umecit.edu.pa\/"},{"@type":"ListItem","position":2,"name":"Programas de Licenciatura y T\u00e9cnicos &#8211; UMECIT &#8211; General"}]},{"@type":"WebSite","@id":"https:\/\/umecit.edu.pa\/#website","url":"https:\/\/umecit.edu.pa\/","name":"Umecit - University in Panama","description":"Metropolitan University of Education, Science and Technology","publisher":{"@id":"https:\/\/umecit.edu.pa\/#organization"},"potentialAction":[{"@type":"SearchAction","target":{"@type":"EntryPoint","urlTemplate":"https:\/\/umecit.edu.pa\/?s={search_term_string}"},"query-input":{"@type":"PropertyValueSpecification","valueRequired":true,"valueName":"search_term_string"}}],"inLanguage":"en-US"},{"@type":"Organization","@id":"https:\/\/umecit.edu.pa\/#organization","name":"Umecit - University in Panama","url":"https:\/\/umecit.edu.pa\/","logo":{"@type":"ImageObject","inLanguage":"en-US","@id":"https:\/\/umecit.edu.pa\/#\/schema\/logo\/image\/","url":"https:\/\/umecit.edu.pa\/wp-content\/uploads\/2022\/06\/panama-7.jpg","contentUrl":"https:\/\/umecit.edu.pa\/wp-content\/uploads\/2022\/06\/panama-7.jpg","width":1200,"height":800,"caption":"Umecit - Universidad en Panam\u00e1"},"image":{"@id":"https:\/\/umecit.edu.pa\/#\/schema\/logo\/image\/"},"sameAs":["https:\/\/www.facebook.com\/umecitpanama\/","https:\/\/x.com\/umecitpanama","https:\/\/www.tiktok.com\/@umecit","https:\/\/www.instagram.com\/umecit\/","https:\/\/www.youtube.com\/channel\/UCP9iXFXi4p_EW_p9p6lprhg"]}]}},"_links":{"self":[{"href":"https:\/\/umecit.edu.pa\/en\/wp-json\/wp\/v2\/pages\/108373","targetHints":{"allow":["GET"]}}],"collection":[{"href":"https:\/\/umecit.edu.pa\/en\/wp-json\/wp\/v2\/pages"}],"about":[{"href":"https:\/\/umecit.edu.pa\/en\/wp-json\/wp\/v2\/types\/page"}],"author":[{"embeddable":true,"href":"https:\/\/umecit.edu.pa\/en\/wp-json\/wp\/v2\/users\/695"}],"replies":[{"embeddable":true,"href":"https:\/\/umecit.edu.pa\/en\/wp-json\/wp\/v2\/comments?post=108373"}],"version-history":[{"count":0,"href":"https:\/\/umecit.edu.pa\/en\/wp-json\/wp\/v2\/pages\/108373\/revisions"}],"wp:featuredmedia":[{"embeddable":true,"href":"https:\/\/umecit.edu.pa\/en\/wp-json\/wp\/v2\/media\/100449"}],"wp:attachment":[{"href":"https:\/\/umecit.edu.pa\/en\/wp-json\/wp\/v2\/media?parent=108373"}],"curies":[{"name":"wp","href":"https:\/\/api.w.org\/{rel}","templated":true}]}}